{"id":2143,"date":"2025-02-05T18:56:13","date_gmt":"2025-02-05T15:56:13","guid":{"rendered":"https:\/\/tgrupcam.com\/index.php\/ornamentales-glas\/"},"modified":"2025-04-24T16:38:44","modified_gmt":"2025-04-24T13:38:44","slug":"ornamentales-glas","status":"publish","type":"page","link":"https:\/\/tgrupcam.com\/index.php\/marktangebot\/verglaste-einheiten\/ornamentales-glas\/?lang=de","title":{"rendered":"Ornamentales Glas"},"content":{"rendered":"\t\t<div data-elementor-type=\"wp-page\" data-elementor-id=\"2143\" class=\"elementor elementor-2143 elementor-156\" data-elementor-post-type=\"page\">\n\t\t\t\t<div class=\"elementor-element elementor-element-38900bd7 e-con-full e-flex e-con e-parent\" data-id=\"38900bd7\" data-element_type=\"container\" data-e-type=\"container\" data-settings=\"{&quot;background_background&quot;:&quot;classic&quot;,&quot;shape_divider_bottom&quot;:&quot;opacity-fan&quot;}\">\n\t\t\t\t<div class=\"elementor-shape elementor-shape-bottom\" aria-hidden=\"true\" data-negative=\"false\">\n\t\t\t<svg xmlns=\"http:\/\/www.w3.org\/2000\/svg\" viewBox=\"0 0 283.5 19.6\" preserveAspectRatio=\"none\">\n\t<path class=\"elementor-shape-fill\" style=\"opacity:0.33\" d=\"M0 0L0 18.8 141.8 4.1 283.5 18.8 283.5 0z\"\/>\n\t<path class=\"elementor-shape-fill\" style=\"opacity:0.33\" d=\"M0 0L0 12.6 141.8 4 283.5 12.6 283.5 0z\"\/>\n\t<path class=\"elementor-shape-fill\" style=\"opacity:0.33\" d=\"M0 0L0 6.4 141.8 4 283.5 6.4 283.5 0z\"\/>\n\t<path class=\"elementor-shape-fill\" d=\"M0 0L0 1.2 141.8 4 283.5 1.2 283.5 0z\"\/>\n<\/svg>\t\t<\/div>\n\t\t\t\t<div class=\"elementor-element elementor-element-543b96b2 elementor-widget elementor-widget-heading\" data-id=\"543b96b2\" data-element_type=\"widget\" data-e-type=\"widget\" data-widget_type=\"heading.default\">\n\t\t\t\t<div class=\"elementor-widget-container\">\n\t\t\t\t\t<h2 class=\"elementor-heading-title elementor-size-default\">ORNAMENTGLAS<\/h2>\t\t\t\t<\/div>\n\t\t\t\t<\/div>\n\t\t\t\t<\/div>\n\t\t<div class=\"elementor-element elementor-element-12a16514 e-flex e-con-boxed e-con e-parent\" data-id=\"12a16514\" data-element_type=\"container\" data-e-type=\"container\">\n\t\t\t\t\t<div class=\"e-con-inner\">\n\t\t\t\t<div class=\"elementor-element elementor-element-3e16245f elementor-widget elementor-widget-heading\" data-id=\"3e16245f\" data-element_type=\"widget\" data-e-type=\"widget\" data-widget_type=\"heading.default\">\n\t\t\t\t<div class=\"elementor-widget-container\">\n\t\t\t\t\t<h2 class=\"elementor-heading-title elementor-size-default\">\u00dcBER ORNAMENTALES GLAS<\/h2>\t\t\t\t<\/div>\n\t\t\t\t<\/div>\n\t\t\t\t<div class=\"elementor-element elementor-element-3cda195a elementor-widget elementor-widget-text-editor\" data-id=\"3cda195a\" data-element_type=\"widget\" data-e-type=\"widget\" data-widget_type=\"text-editor.default\">\n\t\t\t\t<div class=\"elementor-widget-container\">\n\t\t\t\t\t\t\t\t\t<p>Unser <strong>Ornamentglas<\/strong> von <strong>T Grup Cam<\/strong> verbindet <strong>\u00c4sthetik mit Funktionalit\u00e4t<\/strong>. Es bietet <strong>Sichtschutz, Lichtstreuung und dekorativen Reiz<\/strong> bei gleichzeitiger Haltbarkeit und St\u00e4rke. Unsere f\u00fcr <strong>Innen- und Au\u00dfenanwendungen<\/strong> konzipierten Ornamentgl\u00e4ser sind in einer Vielzahl von <strong>Strukturen, Mustern und Oberfl\u00e4chen<\/strong> erh\u00e4ltlich und eignen sich somit perfekt f\u00fcr <strong>moderne Architektur- und Designprojekte<\/strong>. <\/p><p><strong>Vorteile:<\/strong><\/p><p>\u2705 <strong>Elegante \u00c4sthetik<\/strong> &#8211; wertet Innenr\u00e4ume mit einzigartigen Mustern und Texturen auf.<br>\u2705 <strong>Sichtschutz und Lichtdiffusion<\/strong> &#8211; Bewahrt das nat\u00fcrliche Licht und reduziert die Sichtbarkeit.<br>\u2705 <strong>Vielseitige Anwendungen<\/strong> &#8211; Geeignet f\u00fcr Fenster, T\u00fcren, Trennw\u00e4nde und dekorative Elemente.<br>\u2705 <strong>Langlebigkeit &amp; Sicherheit<\/strong> &#8211; Erh\u00e4ltlich in <strong>geh\u00e4rteter oder laminierter Ausf\u00fchrung<\/strong> f\u00fcr zus\u00e4tzliche St\u00e4rke.<br>\u2705 <strong>Anpassungsm\u00f6glichkeiten<\/strong> &#8211; Gro\u00dfe Auswahl an Designs, Farben und Oberfl\u00e4chenbehandlungen.<\/p><p><strong>Anwendungen:<\/strong><\/p><ul><li><strong>Innentrennw\u00e4nde &amp; B\u00fcrotrennw\u00e4nde<\/strong><\/li><li><strong>T\u00fcren &amp; Fenster<\/strong><\/li><li><strong>Duschabtrennungen &amp; Badpaneele<\/strong><\/li><li><strong>Einzelhandel &amp; Gastgewerbe Design<\/strong><\/li><li><strong>M\u00f6bel &amp; Dekorative Elemente<\/strong><\/li><\/ul><p>Unsere <strong>Ornamentglasl\u00f6sungen<\/strong> bieten <strong>ein perfektes Gleichgewicht aus Sch\u00f6nheit, Sichtschutz und Funktionalit\u00e4t<\/strong> und sind daher eine ausgezeichnete Wahl f\u00fcr <strong>gewerbliche und private Projekte<\/strong>.<\/p>\t\t\t\t\t\t\t\t<\/div>\n\t\t\t\t<\/div>\n\t\t\t\t\t<\/div>\n\t\t\t\t<\/div>\n\t\t<div class=\"elementor-element elementor-element-191638a7 e-flex e-con-boxed e-con e-parent\" data-id=\"191638a7\" data-element_type=\"container\" data-e-type=\"container\" data-settings=\"{&quot;background_background&quot;:&quot;classic&quot;,&quot;background_motion_fx_motion_fx_scrolling&quot;:&quot;yes&quot;,&quot;background_motion_fx_translateY_effect&quot;:&quot;yes&quot;,&quot;background_motion_fx_translateY_speed&quot;:{&quot;unit&quot;:&quot;px&quot;,&quot;size&quot;:4,&quot;sizes&quot;:[]},&quot;background_motion_fx_translateY_affectedRange&quot;:{&quot;unit&quot;:&quot;%&quot;,&quot;size&quot;:&quot;&quot;,&quot;sizes&quot;:{&quot;start&quot;:0,&quot;end&quot;:100}},&quot;background_motion_fx_devices&quot;:[&quot;desktop&quot;,&quot;tablet&quot;,&quot;mobile&quot;]}\">\n\t\t\t\t\t<div class=\"e-con-inner\">\n\t\t\t\t<div class=\"elementor-element elementor-element-3696577e elementor-widget elementor-widget-heading\" data-id=\"3696577e\" data-element_type=\"widget\" data-e-type=\"widget\" data-widget_type=\"heading.default\">\n\t\t\t\t<div class=\"elementor-widget-container\">\n\t\t\t\t\t<h2 class=\"elementor-heading-title elementor-size-default\">Bei der Gestaltung von Trennw\u00e4nden stehen die Bauherren oft vor der Notwendigkeit, f\u00fcr eine gute Beleuchtung im Geb\u00e4ude zu sorgen und gleichzeitig die Privatsph\u00e4re der Nutzer zu sch\u00fctzen.<\/h2>\t\t\t\t<\/div>\n\t\t\t\t<\/div>\n\t\t\t\t\t<\/div>\n\t\t\t\t<\/div>\n\t\t<div class=\"elementor-element elementor-element-121228e3 e-flex e-con-boxed e-con e-parent\" data-id=\"121228e3\" data-element_type=\"container\" data-e-type=\"container\" data-settings=\"{&quot;background_background&quot;:&quot;classic&quot;,&quot;background_motion_fx_motion_fx_scrolling&quot;:&quot;yes&quot;,&quot;background_motion_fx_translateY_effect&quot;:&quot;yes&quot;,&quot;background_motion_fx_translateY_speed&quot;:{&quot;unit&quot;:&quot;px&quot;,&quot;size&quot;:4,&quot;sizes&quot;:[]},&quot;background_motion_fx_translateY_affectedRange&quot;:{&quot;unit&quot;:&quot;%&quot;,&quot;size&quot;:&quot;&quot;,&quot;sizes&quot;:{&quot;start&quot;:0,&quot;end&quot;:100}},&quot;background_motion_fx_devices&quot;:[&quot;desktop&quot;,&quot;tablet&quot;,&quot;mobile&quot;]}\">\n\t\t\t\t\t<div class=\"e-con-inner\">\n\t\t\t\t<div class=\"elementor-element elementor-element-369d7dbc elementor-widget elementor-widget-heading\" data-id=\"369d7dbc\" data-element_type=\"widget\" data-e-type=\"widget\" data-widget_type=\"heading.default\">\n\t\t\t\t<div class=\"elementor-widget-container\">\n\t\t\t\t\t<h2 class=\"elementor-heading-title elementor-size-default\">Wir modifizieren st\u00e4ndig unsere Herstellungsprozesse und \u00e4ndern unsere Gewohnheiten, um die negativen Auswirkungen auf die Umwelt zu begrenzen.<\/h2>\t\t\t\t<\/div>\n\t\t\t\t<\/div>\n\t\t\t\t<div class=\"elementor-element elementor-element-46e618c2 elementor-widget elementor-widget-text-editor\" data-id=\"46e618c2\" data-element_type=\"widget\" data-e-type=\"widget\" data-widget_type=\"text-editor.default\">\n\t\t\t\t<div class=\"elementor-widget-container\">\n\t\t\t\t\t\t\t\t\t<p>Um die Ver\u00e4nderungen zu erleichtern, haben wir ISO 14001, das weltweite Managementsystem f\u00fcr den Umweltschutz, eingef\u00fchrt.<\/p>\t\t\t\t\t\t\t\t<\/div>\n\t\t\t\t<\/div>\n\t\t\t\t<div class=\"elementor-element elementor-element-1836e317 elementor-align-center elementor-widget elementor-widget-button\" data-id=\"1836e317\" data-element_type=\"widget\" data-e-type=\"widget\" data-widget_type=\"button.default\">\n\t\t\t\t<div class=\"elementor-widget-container\">\n\t\t\t\t\t\t\t\t\t<div class=\"elementor-button-wrapper\">\n\t\t\t\t\t<a class=\"elementor-button elementor-button-link elementor-size-sm\" href=\"https:\/\/tgrupcam.com\/index.php\/contact\/\">\n\t\t\t\t\t\t<span class=\"elementor-button-content-wrapper\">\n\t\t\t\t\t\t\t\t\t<span class=\"elementor-button-text\">Kontaktieren Sie uns<\/span>\n\t\t\t\t\t<\/span>\n\t\t\t\t\t<\/a>\n\t\t\t\t<\/div>\n\t\t\t\t\t\t\t\t<\/div>\n\t\t\t\t<\/div>\n\t\t\t\t\t<\/div>\n\t\t\t\t<\/div>\n\t\t\t\t<\/div>\n\t\t","protected":false},"excerpt":{"rendered":"<p>ORNAMENTGLAS \u00dcBER ORNAMENTALES GLAS Unser Ornamentglas von T Grup Cam verbindet \u00c4sthetik mit Funktionalit\u00e4t. Es bietet Sichtschutz, Lichtstreuung und dekorativen Reiz bei gleichzeitiger Haltbarkeit und St\u00e4rke. Unsere f\u00fcr Innen- und Au\u00dfenanwendungen konzipierten Ornamentgl\u00e4ser sind in einer Vielzahl von Strukturen, Mustern und Oberfl\u00e4chen erh\u00e4ltlich und eignen sich somit perfekt f\u00fcr moderne Architektur- und Designprojekte. Vorteile: \u2705 [&hellip;]<\/p>\n","protected":false},"author":1,"featured_media":0,"parent":2472,"menu_order":0,"comment_status":"closed","ping_status":"closed","template":"elementor_header_footer","meta":{"footnotes":""},"class_list":["post-2143","page","type-page","status-publish","hentry"],"_links":{"self":[{"href":"https:\/\/tgrupcam.com\/index.php\/wp-json\/wp\/v2\/pages\/2143","targetHints":{"allow":["GET"]}}],"collection":[{"href":"https:\/\/tgrupcam.com\/index.php\/wp-json\/wp\/v2\/pages"}],"about":[{"href":"https:\/\/tgrupcam.com\/index.php\/wp-json\/wp\/v2\/types\/page"}],"author":[{"embeddable":true,"href":"https:\/\/tgrupcam.com\/index.php\/wp-json\/wp\/v2\/users\/1"}],"replies":[{"embeddable":true,"href":"https:\/\/tgrupcam.com\/index.php\/wp-json\/wp\/v2\/comments?post=2143"}],"version-history":[{"count":0,"href":"https:\/\/tgrupcam.com\/index.php\/wp-json\/wp\/v2\/pages\/2143\/revisions"}],"up":[{"embeddable":true,"href":"https:\/\/tgrupcam.com\/index.php\/wp-json\/wp\/v2\/pages\/2472"}],"wp:attachment":[{"href":"https:\/\/tgrupcam.com\/index.php\/wp-json\/wp\/v2\/media?parent=2143"}],"curies":[{"name":"wp","href":"https:\/\/api.w.org\/{rel}","templated":true}]}}