{"id":2146,"date":"2025-02-05T18:56:13","date_gmt":"2025-02-05T15:56:13","guid":{"rendered":"https:\/\/tgrupcam.com\/index.php\/verre-ornemental\/"},"modified":"2025-04-24T16:39:03","modified_gmt":"2025-04-24T13:39:03","slug":"verre-ornemental","status":"publish","type":"page","link":"https:\/\/tgrupcam.com\/index.php\/offre-de-marche\/unites-vitrees\/verre-ornemental\/?lang=fr","title":{"rendered":"Verre ornemental"},"content":{"rendered":"\t\t<div data-elementor-type=\"wp-page\" data-elementor-id=\"2146\" class=\"elementor elementor-2146 elementor-156\" data-elementor-post-type=\"page\">\n\t\t\t\t<div class=\"elementor-element elementor-element-38900bd7 e-con-full e-flex e-con e-parent\" data-id=\"38900bd7\" data-element_type=\"container\" data-e-type=\"container\" data-settings=\"{&quot;background_background&quot;:&quot;classic&quot;,&quot;shape_divider_bottom&quot;:&quot;opacity-fan&quot;}\">\n\t\t\t\t<div class=\"elementor-shape elementor-shape-bottom\" aria-hidden=\"true\" data-negative=\"false\">\n\t\t\t<svg xmlns=\"http:\/\/www.w3.org\/2000\/svg\" viewBox=\"0 0 283.5 19.6\" preserveAspectRatio=\"none\">\n\t<path class=\"elementor-shape-fill\" style=\"opacity:0.33\" d=\"M0 0L0 18.8 141.8 4.1 283.5 18.8 283.5 0z\"\/>\n\t<path class=\"elementor-shape-fill\" style=\"opacity:0.33\" d=\"M0 0L0 12.6 141.8 4 283.5 12.6 283.5 0z\"\/>\n\t<path class=\"elementor-shape-fill\" style=\"opacity:0.33\" d=\"M0 0L0 6.4 141.8 4 283.5 6.4 283.5 0z\"\/>\n\t<path class=\"elementor-shape-fill\" d=\"M0 0L0 1.2 141.8 4 283.5 1.2 283.5 0z\"\/>\n<\/svg>\t\t<\/div>\n\t\t\t\t<div class=\"elementor-element elementor-element-543b96b2 elementor-widget elementor-widget-heading\" data-id=\"543b96b2\" data-element_type=\"widget\" data-e-type=\"widget\" data-widget_type=\"heading.default\">\n\t\t\t\t<div class=\"elementor-widget-container\">\n\t\t\t\t\t<h2 class=\"elementor-heading-title elementor-size-default\">VERRE ORNEMENTAL<\/h2>\t\t\t\t<\/div>\n\t\t\t\t<\/div>\n\t\t\t\t<\/div>\n\t\t<div class=\"elementor-element elementor-element-12a16514 e-flex e-con-boxed e-con e-parent\" data-id=\"12a16514\" data-element_type=\"container\" data-e-type=\"container\">\n\t\t\t\t\t<div class=\"e-con-inner\">\n\t\t\t\t<div class=\"elementor-element elementor-element-3e16245f elementor-widget elementor-widget-heading\" data-id=\"3e16245f\" data-element_type=\"widget\" data-e-type=\"widget\" data-widget_type=\"heading.default\">\n\t\t\t\t<div class=\"elementor-widget-container\">\n\t\t\t\t\t<h2 class=\"elementor-heading-title elementor-size-default\">SUR LE VERRE ORNEMENTAL<\/h2>\t\t\t\t<\/div>\n\t\t\t\t<\/div>\n\t\t\t\t<div class=\"elementor-element elementor-element-3cda195a elementor-widget elementor-widget-text-editor\" data-id=\"3cda195a\" data-element_type=\"widget\" data-e-type=\"widget\" data-widget_type=\"text-editor.default\">\n\t\t\t\t<div class=\"elementor-widget-container\">\n\t\t\t\t\t\t\t\t\t<p>Chez <strong>T Grup Cam<\/strong>, notre <strong>verre ornemental<\/strong> allie <strong>esth\u00e9tique et fonctionnalit\u00e9<\/strong>, offrant <strong>intimit\u00e9, diffusion de la lumi\u00e8re et attrait d\u00e9coratif<\/strong> tout en conservant durabilit\u00e9 et solidit\u00e9. Con\u00e7ues pour des <strong>applications int\u00e9rieures et ext\u00e9rieures<\/strong>, nos solutions de verre ornemental sont disponibles dans une vari\u00e9t\u00e9 de <strong>textures, de motifs et de finitions<\/strong>, ce qui les rend parfaites pour les <strong>projets d&#8217;architecture et de design modernes<\/strong>. <\/p><p><strong>Avantages :<\/strong><\/p><p>\u2705 <strong>Esth\u00e9tique \u00e9l\u00e9gante<\/strong> &#8211; Am\u00e9liore les int\u00e9rieurs gr\u00e2ce \u00e0 des motifs et des textures uniques.<br>\u2705 <strong>Intimit\u00e9 et diffusion de la lumi\u00e8re<\/strong> &#8211; Maintient la lumi\u00e8re naturelle tout en r\u00e9duisant la visibilit\u00e9.<br>\u2705 <strong>Applications polyvalentes<\/strong> &#8211; Convient pour les fen\u00eatres, les portes, les cloisons et les \u00e9l\u00e9ments d\u00e9coratifs.<br>\u2705 <strong>Durabilit\u00e9 et s\u00e9curit\u00e9<\/strong> &#8211; Disponible en <strong>version tremp\u00e9e ou stratifi\u00e9e<\/strong> pour une r\u00e9sistance accrue.<br>\u2705 <strong>Options de personnalisation<\/strong> &#8211; Large gamme de designs, de couleurs et de traitements de surface.<\/p><p><strong>Applications :<\/strong><\/p><ul><li><strong>Cloisons int\u00e9rieures et s\u00e9parations de bureaux<\/strong><\/li><li><strong>Portes et fen\u00eatres<\/strong><\/li><li><strong>Parois de douche et panneaux de salle de bains<\/strong><\/li><li><strong>Design pour le commerce de d\u00e9tail et l&#8217;h\u00f4tellerie<\/strong><\/li><li><strong>Meubles et \u00e9l\u00e9ments d\u00e9coratifs<\/strong><\/li><\/ul><p>Nos solutions de <strong>verre ornemental<\/strong> offrent <strong>un \u00e9quilibre parfait entre beaut\u00e9, intimit\u00e9 et fonctionnalit\u00e9<\/strong>, ce qui en fait un excellent choix pour les <strong>projets commerciaux et r\u00e9sidentiels<\/strong>.<\/p>\t\t\t\t\t\t\t\t<\/div>\n\t\t\t\t<\/div>\n\t\t\t\t\t<\/div>\n\t\t\t\t<\/div>\n\t\t<div class=\"elementor-element elementor-element-191638a7 e-flex e-con-boxed e-con e-parent\" data-id=\"191638a7\" data-element_type=\"container\" data-e-type=\"container\" data-settings=\"{&quot;background_background&quot;:&quot;classic&quot;,&quot;background_motion_fx_motion_fx_scrolling&quot;:&quot;yes&quot;,&quot;background_motion_fx_translateY_effect&quot;:&quot;yes&quot;,&quot;background_motion_fx_translateY_speed&quot;:{&quot;unit&quot;:&quot;px&quot;,&quot;size&quot;:4,&quot;sizes&quot;:[]},&quot;background_motion_fx_translateY_affectedRange&quot;:{&quot;unit&quot;:&quot;%&quot;,&quot;size&quot;:&quot;&quot;,&quot;sizes&quot;:{&quot;start&quot;:0,&quot;end&quot;:100}},&quot;background_motion_fx_devices&quot;:[&quot;desktop&quot;,&quot;tablet&quot;,&quot;mobile&quot;]}\">\n\t\t\t\t\t<div class=\"e-con-inner\">\n\t\t\t\t<div class=\"elementor-element elementor-element-3696577e elementor-widget elementor-widget-heading\" data-id=\"3696577e\" data-element_type=\"widget\" data-e-type=\"widget\" data-widget_type=\"heading.default\">\n\t\t\t\t<div class=\"elementor-widget-container\">\n\t\t\t\t\t<h2 class=\"elementor-heading-title elementor-size-default\">Lors de la conception des cloisons, les constructeurs sont souvent confront\u00e9s \u00e0 la n\u00e9cessit\u00e9 d'assurer un bon \u00e9clairage dans le b\u00e2timent, tout en prot\u00e9geant l'intimit\u00e9 de ses utilisateurs.<\/h2>\t\t\t\t<\/div>\n\t\t\t\t<\/div>\n\t\t\t\t\t<\/div>\n\t\t\t\t<\/div>\n\t\t<div class=\"elementor-element elementor-element-121228e3 e-flex e-con-boxed e-con e-parent\" data-id=\"121228e3\" data-element_type=\"container\" data-e-type=\"container\" data-settings=\"{&quot;background_background&quot;:&quot;classic&quot;,&quot;background_motion_fx_motion_fx_scrolling&quot;:&quot;yes&quot;,&quot;background_motion_fx_translateY_effect&quot;:&quot;yes&quot;,&quot;background_motion_fx_translateY_speed&quot;:{&quot;unit&quot;:&quot;px&quot;,&quot;size&quot;:4,&quot;sizes&quot;:[]},&quot;background_motion_fx_translateY_affectedRange&quot;:{&quot;unit&quot;:&quot;%&quot;,&quot;size&quot;:&quot;&quot;,&quot;sizes&quot;:{&quot;start&quot;:0,&quot;end&quot;:100}},&quot;background_motion_fx_devices&quot;:[&quot;desktop&quot;,&quot;tablet&quot;,&quot;mobile&quot;]}\">\n\t\t\t\t\t<div class=\"e-con-inner\">\n\t\t\t\t<div class=\"elementor-element elementor-element-369d7dbc elementor-widget elementor-widget-heading\" data-id=\"369d7dbc\" data-element_type=\"widget\" data-e-type=\"widget\" data-widget_type=\"heading.default\">\n\t\t\t\t<div class=\"elementor-widget-container\">\n\t\t\t\t\t<h2 class=\"elementor-heading-title elementor-size-default\">Nous modifions constamment nos processus de fabrication et changeons nos habitudes pour limiter les effets n\u00e9gatifs sur l'environnement.<\/h2>\t\t\t\t<\/div>\n\t\t\t\t<\/div>\n\t\t\t\t<div class=\"elementor-element elementor-element-46e618c2 elementor-widget elementor-widget-text-editor\" data-id=\"46e618c2\" data-element_type=\"widget\" data-e-type=\"widget\" data-widget_type=\"text-editor.default\">\n\t\t\t\t<div class=\"elementor-widget-container\">\n\t\t\t\t\t\t\t\t\t<p>Afin de faciliter les changements, nous avons adopt\u00e9 la norme ISO 14001, le syst\u00e8me mondial de gestion pour la protection de l&#8217;environnement.<\/p>\t\t\t\t\t\t\t\t<\/div>\n\t\t\t\t<\/div>\n\t\t\t\t<div class=\"elementor-element elementor-element-1836e317 elementor-align-center elementor-widget elementor-widget-button\" data-id=\"1836e317\" data-element_type=\"widget\" data-e-type=\"widget\" data-widget_type=\"button.default\">\n\t\t\t\t<div class=\"elementor-widget-container\">\n\t\t\t\t\t\t\t\t\t<div class=\"elementor-button-wrapper\">\n\t\t\t\t\t<a class=\"elementor-button elementor-button-link elementor-size-sm\" href=\"https:\/\/tgrupcam.com\/index.php\/contact\/\">\n\t\t\t\t\t\t<span class=\"elementor-button-content-wrapper\">\n\t\t\t\t\t\t\t\t\t<span class=\"elementor-button-text\">Contactez nous<\/span>\n\t\t\t\t\t<\/span>\n\t\t\t\t\t<\/a>\n\t\t\t\t<\/div>\n\t\t\t\t\t\t\t\t<\/div>\n\t\t\t\t<\/div>\n\t\t\t\t\t<\/div>\n\t\t\t\t<\/div>\n\t\t\t\t<\/div>\n\t\t","protected":false},"excerpt":{"rendered":"<p>VERRE ORNEMENTAL SUR LE VERRE ORNEMENTAL Chez T Grup Cam, notre verre ornemental allie esth\u00e9tique et fonctionnalit\u00e9, offrant intimit\u00e9, diffusion de la lumi\u00e8re et attrait d\u00e9coratif tout en conservant durabilit\u00e9 et solidit\u00e9. Con\u00e7ues pour des applications int\u00e9rieures et ext\u00e9rieures, nos solutions de verre ornemental sont disponibles dans une vari\u00e9t\u00e9 de textures, de motifs et de [&hellip;]<\/p>\n","protected":false},"author":1,"featured_media":0,"parent":2491,"menu_order":0,"comment_status":"closed","ping_status":"closed","template":"elementor_header_footer","meta":{"footnotes":""},"class_list":["post-2146","page","type-page","status-publish","hentry"],"_links":{"self":[{"href":"https:\/\/tgrupcam.com\/index.php\/wp-json\/wp\/v2\/pages\/2146","targetHints":{"allow":["GET"]}}],"collection":[{"href":"https:\/\/tgrupcam.com\/index.php\/wp-json\/wp\/v2\/pages"}],"about":[{"href":"https:\/\/tgrupcam.com\/index.php\/wp-json\/wp\/v2\/types\/page"}],"author":[{"embeddable":true,"href":"https:\/\/tgrupcam.com\/index.php\/wp-json\/wp\/v2\/users\/1"}],"replies":[{"embeddable":true,"href":"https:\/\/tgrupcam.com\/index.php\/wp-json\/wp\/v2\/comments?post=2146"}],"version-history":[{"count":0,"href":"https:\/\/tgrupcam.com\/index.php\/wp-json\/wp\/v2\/pages\/2146\/revisions"}],"up":[{"embeddable":true,"href":"https:\/\/tgrupcam.com\/index.php\/wp-json\/wp\/v2\/pages\/2491"}],"wp:attachment":[{"href":"https:\/\/tgrupcam.com\/index.php\/wp-json\/wp\/v2\/media?parent=2146"}],"curies":[{"name":"wp","href":"https:\/\/api.w.org\/{rel}","templated":true}]}}