{"id":2155,"date":"2025-02-05T18:56:13","date_gmt":"2025-02-05T15:56:13","guid":{"rendered":"https:\/\/tgrupcam.com\/index.php\/sticla-ornamentala\/"},"modified":"2025-04-24T16:38:39","modified_gmt":"2025-04-24T13:38:39","slug":"sticla-ornamentala","status":"publish","type":"page","link":"https:\/\/tgrupcam.com\/index.php\/oferta-de-piata\/unitati-vitrate\/sticla-ornamentala\/?lang=ro","title":{"rendered":"Sticl\u0103 ornamental\u0103"},"content":{"rendered":"\t\t<div data-elementor-type=\"wp-page\" data-elementor-id=\"2155\" class=\"elementor elementor-2155 elementor-156\" data-elementor-post-type=\"page\">\n\t\t\t\t<div class=\"elementor-element elementor-element-38900bd7 e-con-full e-flex e-con e-parent\" data-id=\"38900bd7\" data-element_type=\"container\" data-e-type=\"container\" data-settings=\"{&quot;background_background&quot;:&quot;classic&quot;,&quot;shape_divider_bottom&quot;:&quot;opacity-fan&quot;}\">\n\t\t\t\t<div class=\"elementor-shape elementor-shape-bottom\" aria-hidden=\"true\" data-negative=\"false\">\n\t\t\t<svg xmlns=\"http:\/\/www.w3.org\/2000\/svg\" viewBox=\"0 0 283.5 19.6\" preserveAspectRatio=\"none\">\n\t<path class=\"elementor-shape-fill\" style=\"opacity:0.33\" d=\"M0 0L0 18.8 141.8 4.1 283.5 18.8 283.5 0z\"\/>\n\t<path class=\"elementor-shape-fill\" style=\"opacity:0.33\" d=\"M0 0L0 12.6 141.8 4 283.5 12.6 283.5 0z\"\/>\n\t<path class=\"elementor-shape-fill\" style=\"opacity:0.33\" d=\"M0 0L0 6.4 141.8 4 283.5 6.4 283.5 0z\"\/>\n\t<path class=\"elementor-shape-fill\" d=\"M0 0L0 1.2 141.8 4 283.5 1.2 283.5 0z\"\/>\n<\/svg>\t\t<\/div>\n\t\t\t\t<div class=\"elementor-element elementor-element-543b96b2 elementor-widget elementor-widget-heading\" data-id=\"543b96b2\" data-element_type=\"widget\" data-e-type=\"widget\" data-widget_type=\"heading.default\">\n\t\t\t\t<div class=\"elementor-widget-container\">\n\t\t\t\t\t<h2 class=\"elementor-heading-title elementor-size-default\">STICL\u0102 ORNAMENTAL\u0102<\/h2>\t\t\t\t<\/div>\n\t\t\t\t<\/div>\n\t\t\t\t<\/div>\n\t\t<div class=\"elementor-element elementor-element-12a16514 e-flex e-con-boxed e-con e-parent\" data-id=\"12a16514\" data-element_type=\"container\" data-e-type=\"container\">\n\t\t\t\t\t<div class=\"e-con-inner\">\n\t\t\t\t<div class=\"elementor-element elementor-element-3e16245f elementor-widget elementor-widget-heading\" data-id=\"3e16245f\" data-element_type=\"widget\" data-e-type=\"widget\" data-widget_type=\"heading.default\">\n\t\t\t\t<div class=\"elementor-widget-container\">\n\t\t\t\t\t<h2 class=\"elementor-heading-title elementor-size-default\">DESPRE STICLA ORNAMENTALA<\/h2>\t\t\t\t<\/div>\n\t\t\t\t<\/div>\n\t\t\t\t<div class=\"elementor-element elementor-element-3cda195a elementor-widget elementor-widget-text-editor\" data-id=\"3cda195a\" data-element_type=\"widget\" data-e-type=\"widget\" data-widget_type=\"text-editor.default\">\n\t\t\t\t<div class=\"elementor-widget-container\">\n\t\t\t\t\t\t\t\t\t<p>La <strong>T Grup Cam<\/strong>, <strong>sticla<\/strong> noastr\u0103 <strong>ornamental\u0103<\/strong> combin\u0103 <strong>estetica cu func\u021bionalitatea<\/strong>, oferind <strong>intimitate, difuzie a luminii \u0219i aspect decorativ<\/strong>, men\u021bin\u00e2nd \u00een acela\u0219i timp durabilitatea \u0219i rezisten\u021ba. Concepute pentru <strong>aplica\u021bii interioare \u0219i exterioare<\/strong>, solu\u021biile noastre de sticl\u0103 ornamental\u0103 sunt disponibile \u00eentr-o varietate de <strong>texturi, modele \u0219i finisaje<\/strong>, ceea ce le face perfecte pentru <strong>proiectele moderne de arhitectur\u0103 \u0219i design<\/strong>. <\/p><p><strong>Beneficii:<\/strong><\/p><p>\u2705 <strong>Atrac\u021bie estetic\u0103 elegant\u0103<\/strong> &#8211; \u00cembun\u0103t\u0103\u021be\u0219te interioarele cu modele \u0219i texturi unice.<br>\u2705 <strong>Intimitate \u0219i difuzie a luminii<\/strong> &#8211; Men\u021bine lumina natural\u0103, reduc\u00e2nd \u00een acela\u0219i timp vizibilitatea.<br>\u2705 <strong>Aplica\u021bii versatile<\/strong> &#8211; Potrivit pentru ferestre, u\u0219i, pere\u021bi desp\u0103r\u021bitori \u0219i elemente decorative.<br>\u2705 <strong>Durabilitate \u0219i siguran\u021b\u0103<\/strong> &#8211; Disponibile \u00een <strong>versiuni \u00eent\u0103rite sau laminate<\/strong> pentru un plus de rezisten\u021b\u0103.<br>\u2705 <strong>Op\u021biuni de personalizare<\/strong> &#8211; Gam\u0103 larg\u0103 de modele, culori \u0219i tratamente de suprafa\u021b\u0103.<\/p><p><strong>Aplica\u021bii:<\/strong><\/p><ul><li><strong>Parti\u021bii interioare \u0219i separatoare de birouri<\/strong><\/li><li><strong>U\u0219i \u0219i ferestre<\/strong><\/li><li><strong>Corpuri de du\u0219 \u0219i panouri de baie<\/strong><\/li><li><strong>Design pentru retail \u0219i ospitalitate<\/strong><\/li><li><strong>Mobilier \u0219i elemente decorative<\/strong><\/li><\/ul><p>Solu\u021biile noastre de <strong>sticl\u0103 ornamental\u0103<\/strong> ofer\u0103 <strong>un echilibru perfect \u00eentre frumuse\u021be, intimitate \u0219i func\u021bionalitate<\/strong>, ceea ce le face o alegere excelent\u0103 <strong>at\u00e2t<\/strong> pentru <strong>proiectele comerciale, c\u00e2t \u0219i pentru cele reziden\u021biale<\/strong>.<\/p>\t\t\t\t\t\t\t\t<\/div>\n\t\t\t\t<\/div>\n\t\t\t\t\t<\/div>\n\t\t\t\t<\/div>\n\t\t<div class=\"elementor-element elementor-element-191638a7 e-flex e-con-boxed e-con e-parent\" data-id=\"191638a7\" data-element_type=\"container\" data-e-type=\"container\" data-settings=\"{&quot;background_background&quot;:&quot;classic&quot;,&quot;background_motion_fx_motion_fx_scrolling&quot;:&quot;yes&quot;,&quot;background_motion_fx_translateY_effect&quot;:&quot;yes&quot;,&quot;background_motion_fx_translateY_speed&quot;:{&quot;unit&quot;:&quot;px&quot;,&quot;size&quot;:4,&quot;sizes&quot;:[]},&quot;background_motion_fx_translateY_affectedRange&quot;:{&quot;unit&quot;:&quot;%&quot;,&quot;size&quot;:&quot;&quot;,&quot;sizes&quot;:{&quot;start&quot;:0,&quot;end&quot;:100}},&quot;background_motion_fx_devices&quot;:[&quot;desktop&quot;,&quot;tablet&quot;,&quot;mobile&quot;]}\">\n\t\t\t\t\t<div class=\"e-con-inner\">\n\t\t\t\t<div class=\"elementor-element elementor-element-3696577e elementor-widget elementor-widget-heading\" data-id=\"3696577e\" data-element_type=\"widget\" data-e-type=\"widget\" data-widget_type=\"heading.default\">\n\t\t\t\t<div class=\"elementor-widget-container\">\n\t\t\t\t\t<h2 class=\"elementor-heading-title elementor-size-default\">\u00cen practica de proiectare a pere\u021bilor desp\u0103r\u021bitori, constructorii se confrunt\u0103 adesea cu necesitatea de a se asigura c\u0103 exist\u0103 o iluminare bun\u0103 \u00een cl\u0103dire, protej\u00e2nd \u00een acela\u0219i timp intimitatea utilizatorilor acesteia.<\/h2>\t\t\t\t<\/div>\n\t\t\t\t<\/div>\n\t\t\t\t\t<\/div>\n\t\t\t\t<\/div>\n\t\t<div class=\"elementor-element elementor-element-121228e3 e-flex e-con-boxed e-con e-parent\" data-id=\"121228e3\" data-element_type=\"container\" data-e-type=\"container\" data-settings=\"{&quot;background_background&quot;:&quot;classic&quot;,&quot;background_motion_fx_motion_fx_scrolling&quot;:&quot;yes&quot;,&quot;background_motion_fx_translateY_effect&quot;:&quot;yes&quot;,&quot;background_motion_fx_translateY_speed&quot;:{&quot;unit&quot;:&quot;px&quot;,&quot;size&quot;:4,&quot;sizes&quot;:[]},&quot;background_motion_fx_translateY_affectedRange&quot;:{&quot;unit&quot;:&quot;%&quot;,&quot;size&quot;:&quot;&quot;,&quot;sizes&quot;:{&quot;start&quot;:0,&quot;end&quot;:100}},&quot;background_motion_fx_devices&quot;:[&quot;desktop&quot;,&quot;tablet&quot;,&quot;mobile&quot;]}\">\n\t\t\t\t\t<div class=\"e-con-inner\">\n\t\t\t\t<div class=\"elementor-element elementor-element-369d7dbc elementor-widget elementor-widget-heading\" data-id=\"369d7dbc\" data-element_type=\"widget\" data-e-type=\"widget\" data-widget_type=\"heading.default\">\n\t\t\t\t<div class=\"elementor-widget-container\">\n\t\t\t\t\t<h2 class=\"elementor-heading-title elementor-size-default\">Ne modific\u0103m constant procesele de produc\u021bie \u0219i ne schimb\u0103m obiceiurile pentru a limita efectul negativ asupra mediului.<\/h2>\t\t\t\t<\/div>\n\t\t\t\t<\/div>\n\t\t\t\t<div class=\"elementor-element elementor-element-46e618c2 elementor-widget elementor-widget-text-editor\" data-id=\"46e618c2\" data-element_type=\"widget\" data-e-type=\"widget\" data-widget_type=\"text-editor.default\">\n\t\t\t\t<div class=\"elementor-widget-container\">\n\t\t\t\t\t\t\t\t\t<p>Pentru a facilita schimb\u0103rile, am adoptat ISO 14001, sistemul mondial de management pentru protec\u021bia mediului.<\/p>\t\t\t\t\t\t\t\t<\/div>\n\t\t\t\t<\/div>\n\t\t\t\t<div class=\"elementor-element elementor-element-1836e317 elementor-align-center elementor-widget elementor-widget-button\" data-id=\"1836e317\" data-element_type=\"widget\" data-e-type=\"widget\" data-widget_type=\"button.default\">\n\t\t\t\t<div class=\"elementor-widget-container\">\n\t\t\t\t\t\t\t\t\t<div class=\"elementor-button-wrapper\">\n\t\t\t\t\t<a class=\"elementor-button elementor-button-link elementor-size-sm\" href=\"https:\/\/tgrupcam.com\/index.php\/contact\/\">\n\t\t\t\t\t\t<span class=\"elementor-button-content-wrapper\">\n\t\t\t\t\t\t\t\t\t<span class=\"elementor-button-text\">Contacta\u021bi-ne<\/span>\n\t\t\t\t\t<\/span>\n\t\t\t\t\t<\/a>\n\t\t\t\t<\/div>\n\t\t\t\t\t\t\t\t<\/div>\n\t\t\t\t<\/div>\n\t\t\t\t\t<\/div>\n\t\t\t\t<\/div>\n\t\t\t\t<\/div>\n\t\t","protected":false},"excerpt":{"rendered":"<p>STICL\u0102 ORNAMENTAL\u0102 DESPRE STICLA ORNAMENTALA La T Grup Cam, sticla noastr\u0103 ornamental\u0103 combin\u0103 estetica cu func\u021bionalitatea, oferind intimitate, difuzie a luminii \u0219i aspect decorativ, men\u021bin\u00e2nd \u00een acela\u0219i timp durabilitatea \u0219i rezisten\u021ba. Concepute pentru aplica\u021bii interioare \u0219i exterioare, solu\u021biile noastre de sticl\u0103 ornamental\u0103 sunt disponibile \u00eentr-o varietate de texturi, modele \u0219i finisaje, ceea ce le face [&hellip;]<\/p>\n","protected":false},"author":1,"featured_media":0,"parent":2457,"menu_order":0,"comment_status":"closed","ping_status":"closed","template":"elementor_header_footer","meta":{"footnotes":""},"class_list":["post-2155","page","type-page","status-publish","hentry"],"_links":{"self":[{"href":"https:\/\/tgrupcam.com\/index.php\/wp-json\/wp\/v2\/pages\/2155","targetHints":{"allow":["GET"]}}],"collection":[{"href":"https:\/\/tgrupcam.com\/index.php\/wp-json\/wp\/v2\/pages"}],"about":[{"href":"https:\/\/tgrupcam.com\/index.php\/wp-json\/wp\/v2\/types\/page"}],"author":[{"embeddable":true,"href":"https:\/\/tgrupcam.com\/index.php\/wp-json\/wp\/v2\/users\/1"}],"replies":[{"embeddable":true,"href":"https:\/\/tgrupcam.com\/index.php\/wp-json\/wp\/v2\/comments?post=2155"}],"version-history":[{"count":0,"href":"https:\/\/tgrupcam.com\/index.php\/wp-json\/wp\/v2\/pages\/2155\/revisions"}],"up":[{"embeddable":true,"href":"https:\/\/tgrupcam.com\/index.php\/wp-json\/wp\/v2\/pages\/2457"}],"wp:attachment":[{"href":"https:\/\/tgrupcam.com\/index.php\/wp-json\/wp\/v2\/media?parent=2155"}],"curies":[{"name":"wp","href":"https:\/\/api.w.org\/{rel}","templated":true}]}}