{"id":2157,"date":"2025-02-05T18:56:13","date_gmt":"2025-02-05T15:56:13","guid":{"rendered":"https:\/\/tgrupcam.com\/index.php\/diszuveg\/"},"modified":"2025-04-24T16:38:40","modified_gmt":"2025-04-24T13:38:40","slug":"diszuveg","status":"publish","type":"page","link":"https:\/\/tgrupcam.com\/index.php\/piaci-ajanlat\/uvegezett-egysegek\/diszuveg\/?lang=hu","title":{"rendered":"D\u00edsz\u00fcveg"},"content":{"rendered":"\t\t<div data-elementor-type=\"wp-page\" data-elementor-id=\"2157\" class=\"elementor elementor-2157 elementor-156\" data-elementor-post-type=\"page\">\n\t\t\t\t<div class=\"elementor-element elementor-element-38900bd7 e-con-full e-flex e-con e-parent\" data-id=\"38900bd7\" data-element_type=\"container\" data-e-type=\"container\" data-settings=\"{&quot;background_background&quot;:&quot;classic&quot;,&quot;shape_divider_bottom&quot;:&quot;opacity-fan&quot;}\">\n\t\t\t\t<div class=\"elementor-shape elementor-shape-bottom\" aria-hidden=\"true\" data-negative=\"false\">\n\t\t\t<svg xmlns=\"http:\/\/www.w3.org\/2000\/svg\" viewBox=\"0 0 283.5 19.6\" preserveAspectRatio=\"none\">\n\t<path class=\"elementor-shape-fill\" style=\"opacity:0.33\" d=\"M0 0L0 18.8 141.8 4.1 283.5 18.8 283.5 0z\"\/>\n\t<path class=\"elementor-shape-fill\" style=\"opacity:0.33\" d=\"M0 0L0 12.6 141.8 4 283.5 12.6 283.5 0z\"\/>\n\t<path class=\"elementor-shape-fill\" style=\"opacity:0.33\" d=\"M0 0L0 6.4 141.8 4 283.5 6.4 283.5 0z\"\/>\n\t<path class=\"elementor-shape-fill\" d=\"M0 0L0 1.2 141.8 4 283.5 1.2 283.5 0z\"\/>\n<\/svg>\t\t<\/div>\n\t\t\t\t<div class=\"elementor-element elementor-element-543b96b2 elementor-widget elementor-widget-heading\" data-id=\"543b96b2\" data-element_type=\"widget\" data-e-type=\"widget\" data-widget_type=\"heading.default\">\n\t\t\t\t<div class=\"elementor-widget-container\">\n\t\t\t\t\t<h2 class=\"elementor-heading-title elementor-size-default\">D\u00cdSZ\u00dcVEG<\/h2>\t\t\t\t<\/div>\n\t\t\t\t<\/div>\n\t\t\t\t<\/div>\n\t\t<div class=\"elementor-element elementor-element-12a16514 e-flex e-con-boxed e-con e-parent\" data-id=\"12a16514\" data-element_type=\"container\" data-e-type=\"container\">\n\t\t\t\t\t<div class=\"e-con-inner\">\n\t\t\t\t<div class=\"elementor-element elementor-element-3e16245f elementor-widget elementor-widget-heading\" data-id=\"3e16245f\" data-element_type=\"widget\" data-e-type=\"widget\" data-widget_type=\"heading.default\">\n\t\t\t\t<div class=\"elementor-widget-container\">\n\t\t\t\t\t<h2 class=\"elementor-heading-title elementor-size-default\">A D\u00cdSZ\u00dcVEGR\u0150L<\/h2>\t\t\t\t<\/div>\n\t\t\t\t<\/div>\n\t\t\t\t<div class=\"elementor-element elementor-element-3cda195a elementor-widget elementor-widget-text-editor\" data-id=\"3cda195a\" data-element_type=\"widget\" data-e-type=\"widget\" data-widget_type=\"text-editor.default\">\n\t\t\t\t<div class=\"elementor-widget-container\">\n\t\t\t\t\t\t\t\t\t<p>A <strong>T Grup Cam-n\u00e1l<\/strong> a <strong>d\u00edsz\u00fcveg\u00fcnk<\/strong> \u00f6tv\u00f6zi <strong>az eszt\u00e9tik\u00e1t a funkcionalit\u00e1ssal<\/strong>, <strong>mag\u00e1n\u00e9letet, f\u00e9nysz\u00f3r\u00e1st \u00e9s dekorat\u00edv vonzer\u0151t<\/strong> k\u00edn\u00e1l, mik\u00f6zben fenntartja a tart\u00f3ss\u00e1got \u00e9s az er\u0151ss\u00e9get. A <strong>bels\u0151 \u00e9s k\u00fcls\u0151 alkalmaz\u00e1sokhoz<\/strong> tervezett d\u00edsz\u00fcveg megold\u00e1saink sz\u00e1mos <strong>text\u00far\u00e1ban, mint\u00e1zatban \u00e9s kivitelben<\/strong> kaphat\u00f3k, \u00edgy t\u00f6k\u00e9letesen illeszkednek a <strong>modern \u00e9p\u00edt\u00e9szeti \u00e9s tervez\u00e9si projektekhez<\/strong>. <\/p><p><strong>El\u0151ny\u00f6k:<\/strong><\/p><p>\u2705 <strong>Eleg\u00e1ns eszt\u00e9tikai vonzer\u0151<\/strong> &#8211; egyedi mint\u00e1kkal \u00e9s text\u00far\u00e1kkal gazdag\u00edtja a bels\u0151 tereket.<br>\u2705 <strong>Mag\u00e1n\u00e9let \u00e9s f\u00e9nysz\u00f3r\u00e1s<\/strong> &#8211; Fenntartja a term\u00e9szetes f\u00e9nyt, mik\u00f6zben cs\u00f6kkenti a l\u00e1that\u00f3s\u00e1got.<br>\u2705 <strong>Sokoldal\u00fa alkalmaz\u00e1sok<\/strong> &#8211; Alkalmas ablakokhoz, ajt\u00f3khoz, v\u00e1laszfalakhoz \u00e9s dekor\u00e1ci\u00f3s elemekhez.<br>\u2705 <strong>Tart\u00f3ss\u00e1g \u00e9s biztons\u00e1g<\/strong> &#8211; <strong>Szil\u00e1rd\u00edtott vagy lamin\u00e1lt v\u00e1ltozatban<\/strong> kaphat\u00f3 a nagyobb szil\u00e1rds\u00e1g \u00e9rdek\u00e9ben.<br>\u2705 <strong>Testreszab\u00e1si lehet\u0151s\u00e9gek<\/strong> &#8211; A mint\u00e1k, sz\u00ednek \u00e9s fel\u00fcletkezel\u00e9sek sz\u00e9les v\u00e1laszt\u00e9ka.<\/p><p><strong>Alkalmaz\u00e1sok:<\/strong><\/p><ul><li><strong>Bels\u0151 v\u00e1laszfalak \u00e9s irodai v\u00e1laszfalak<\/strong><\/li><li><strong>Ajt\u00f3k \u00e9s ablakok<\/strong><\/li><li><strong>Zuhanykabinok \u00e9s f\u00fcrd\u0151szobai panelek<\/strong><\/li><li><strong>Kiskereskedelmi \u00e9s vend\u00e9gl\u00e1t\u00f3ipari tervez\u00e9s<\/strong><\/li><li><strong>B\u00fatorok \u00e9s dekor\u00e1ci\u00f3s elemek<\/strong><\/li><\/ul><p><strong>D\u00edsz\u00fcveg<\/strong> megold\u00e1saink <strong>a sz\u00e9ps\u00e9g, a mag\u00e1n\u00e9let \u00e9s a funkcionalit\u00e1s t\u00f6k\u00e9letes egyens\u00faly\u00e1t<\/strong> k\u00edn\u00e1lj\u00e1k, \u00edgy kiv\u00e1l\u00f3 v\u00e1laszt\u00e1s <strong>mind kereskedelmi, mind lakoss\u00e1gi projektekhez<\/strong>.<\/p>\t\t\t\t\t\t\t\t<\/div>\n\t\t\t\t<\/div>\n\t\t\t\t\t<\/div>\n\t\t\t\t<\/div>\n\t\t<div class=\"elementor-element elementor-element-191638a7 e-flex e-con-boxed e-con e-parent\" data-id=\"191638a7\" data-element_type=\"container\" data-e-type=\"container\" data-settings=\"{&quot;background_background&quot;:&quot;classic&quot;,&quot;background_motion_fx_motion_fx_scrolling&quot;:&quot;yes&quot;,&quot;background_motion_fx_translateY_effect&quot;:&quot;yes&quot;,&quot;background_motion_fx_translateY_speed&quot;:{&quot;unit&quot;:&quot;px&quot;,&quot;size&quot;:4,&quot;sizes&quot;:[]},&quot;background_motion_fx_translateY_affectedRange&quot;:{&quot;unit&quot;:&quot;%&quot;,&quot;size&quot;:&quot;&quot;,&quot;sizes&quot;:{&quot;start&quot;:0,&quot;end&quot;:100}},&quot;background_motion_fx_devices&quot;:[&quot;desktop&quot;,&quot;tablet&quot;,&quot;mobile&quot;]}\">\n\t\t\t\t\t<div class=\"e-con-inner\">\n\t\t\t\t<div class=\"elementor-element elementor-element-3696577e elementor-widget elementor-widget-heading\" data-id=\"3696577e\" data-element_type=\"widget\" data-e-type=\"widget\" data-widget_type=\"heading.default\">\n\t\t\t\t<div class=\"elementor-widget-container\">\n\t\t\t\t\t<h2 class=\"elementor-heading-title elementor-size-default\">A v\u00e1laszfalak tervez\u00e9se sor\u00e1n az \u00e9p\u00edt\u0151k gyakran szembes\u00fclnek azzal a k\u00f6vetelm\u00e9nnyel, hogy biztos\u00edtaniuk kell a megfelel\u0151 megvil\u00e1g\u00edt\u00e1st az \u00e9p\u00fcletben, ugyanakkor meg kell v\u00e9deni\u00fck a felhaszn\u00e1l\u00f3k mag\u00e1n\u00e9let\u00e9t.<\/h2>\t\t\t\t<\/div>\n\t\t\t\t<\/div>\n\t\t\t\t\t<\/div>\n\t\t\t\t<\/div>\n\t\t<div class=\"elementor-element elementor-element-121228e3 e-flex e-con-boxed e-con e-parent\" data-id=\"121228e3\" data-element_type=\"container\" data-e-type=\"container\" data-settings=\"{&quot;background_background&quot;:&quot;classic&quot;,&quot;background_motion_fx_motion_fx_scrolling&quot;:&quot;yes&quot;,&quot;background_motion_fx_translateY_effect&quot;:&quot;yes&quot;,&quot;background_motion_fx_translateY_speed&quot;:{&quot;unit&quot;:&quot;px&quot;,&quot;size&quot;:4,&quot;sizes&quot;:[]},&quot;background_motion_fx_translateY_affectedRange&quot;:{&quot;unit&quot;:&quot;%&quot;,&quot;size&quot;:&quot;&quot;,&quot;sizes&quot;:{&quot;start&quot;:0,&quot;end&quot;:100}},&quot;background_motion_fx_devices&quot;:[&quot;desktop&quot;,&quot;tablet&quot;,&quot;mobile&quot;]}\">\n\t\t\t\t\t<div class=\"e-con-inner\">\n\t\t\t\t<div class=\"elementor-element elementor-element-369d7dbc elementor-widget elementor-widget-heading\" data-id=\"369d7dbc\" data-element_type=\"widget\" data-e-type=\"widget\" data-widget_type=\"heading.default\">\n\t\t\t\t<div class=\"elementor-widget-container\">\n\t\t\t\t\t<h2 class=\"elementor-heading-title elementor-size-default\">Folyamatosan m\u00f3dos\u00edtjuk gy\u00e1rt\u00e1si folyamatainkat \u00e9s szok\u00e1sainkat, hogy korl\u00e1tozzuk a k\u00f6rnyezetre gyakorolt negat\u00edv hat\u00e1sokat.<\/h2>\t\t\t\t<\/div>\n\t\t\t\t<\/div>\n\t\t\t\t<div class=\"elementor-element elementor-element-46e618c2 elementor-widget elementor-widget-text-editor\" data-id=\"46e618c2\" data-element_type=\"widget\" data-e-type=\"widget\" data-widget_type=\"text-editor.default\">\n\t\t\t\t<div class=\"elementor-widget-container\">\n\t\t\t\t\t\t\t\t\t<p>A v\u00e1ltoz\u00e1sok megk\u00f6nny\u00edt\u00e9se \u00e9rdek\u00e9ben elfogadtuk az ISO 14001 szabv\u00e1nyt, a k\u00f6rnyezetv\u00e9delem vil\u00e1gszint\u0171 ir\u00e1ny\u00edt\u00e1si rendszer\u00e9t.<\/p>\t\t\t\t\t\t\t\t<\/div>\n\t\t\t\t<\/div>\n\t\t\t\t<div class=\"elementor-element elementor-element-1836e317 elementor-align-center elementor-widget elementor-widget-button\" data-id=\"1836e317\" data-element_type=\"widget\" data-e-type=\"widget\" data-widget_type=\"button.default\">\n\t\t\t\t<div class=\"elementor-widget-container\">\n\t\t\t\t\t\t\t\t\t<div class=\"elementor-button-wrapper\">\n\t\t\t\t\t<a class=\"elementor-button elementor-button-link elementor-size-sm\" href=\"https:\/\/tgrupcam.com\/index.php\/contact\/\">\n\t\t\t\t\t\t<span class=\"elementor-button-content-wrapper\">\n\t\t\t\t\t\t\t\t\t<span class=\"elementor-button-text\">Kapcsolatfelv\u00e9tel<\/span>\n\t\t\t\t\t<\/span>\n\t\t\t\t\t<\/a>\n\t\t\t\t<\/div>\n\t\t\t\t\t\t\t\t<\/div>\n\t\t\t\t<\/div>\n\t\t\t\t\t<\/div>\n\t\t\t\t<\/div>\n\t\t\t\t<\/div>\n\t\t","protected":false},"excerpt":{"rendered":"<p>D\u00cdSZ\u00dcVEG A D\u00cdSZ\u00dcVEGR\u0150L A T Grup Cam-n\u00e1l a d\u00edsz\u00fcveg\u00fcnk \u00f6tv\u00f6zi az eszt\u00e9tik\u00e1t a funkcionalit\u00e1ssal, mag\u00e1n\u00e9letet, f\u00e9nysz\u00f3r\u00e1st \u00e9s dekorat\u00edv vonzer\u0151t k\u00edn\u00e1l, mik\u00f6zben fenntartja a tart\u00f3ss\u00e1got \u00e9s az er\u0151ss\u00e9get. A bels\u0151 \u00e9s k\u00fcls\u0151 alkalmaz\u00e1sokhoz tervezett d\u00edsz\u00fcveg megold\u00e1saink sz\u00e1mos text\u00far\u00e1ban, mint\u00e1zatban \u00e9s kivitelben kaphat\u00f3k, \u00edgy t\u00f6k\u00e9letesen illeszkednek a modern \u00e9p\u00edt\u00e9szeti \u00e9s tervez\u00e9si projektekhez. El\u0151ny\u00f6k: \u2705 Eleg\u00e1ns eszt\u00e9tikai vonzer\u0151 [&hellip;]<\/p>\n","protected":false},"author":1,"featured_media":0,"parent":2459,"menu_order":0,"comment_status":"closed","ping_status":"closed","template":"elementor_header_footer","meta":{"footnotes":""},"class_list":["post-2157","page","type-page","status-publish","hentry"],"_links":{"self":[{"href":"https:\/\/tgrupcam.com\/index.php\/wp-json\/wp\/v2\/pages\/2157","targetHints":{"allow":["GET"]}}],"collection":[{"href":"https:\/\/tgrupcam.com\/index.php\/wp-json\/wp\/v2\/pages"}],"about":[{"href":"https:\/\/tgrupcam.com\/index.php\/wp-json\/wp\/v2\/types\/page"}],"author":[{"embeddable":true,"href":"https:\/\/tgrupcam.com\/index.php\/wp-json\/wp\/v2\/users\/1"}],"replies":[{"embeddable":true,"href":"https:\/\/tgrupcam.com\/index.php\/wp-json\/wp\/v2\/comments?post=2157"}],"version-history":[{"count":0,"href":"https:\/\/tgrupcam.com\/index.php\/wp-json\/wp\/v2\/pages\/2157\/revisions"}],"up":[{"embeddable":true,"href":"https:\/\/tgrupcam.com\/index.php\/wp-json\/wp\/v2\/pages\/2459"}],"wp:attachment":[{"href":"https:\/\/tgrupcam.com\/index.php\/wp-json\/wp\/v2\/media?parent=2157"}],"curies":[{"name":"wp","href":"https:\/\/api.w.org\/{rel}","templated":true}]}}