{"id":2165,"date":"2025-02-05T11:56:06","date_gmt":"2025-02-05T08:56:06","guid":{"rendered":"https:\/\/tgrupcam.com\/index.php\/verre-bird-friendly\/"},"modified":"2025-06-03T18:34:34","modified_gmt":"2025-06-03T15:34:34","slug":"verre-bird-friendly","status":"publish","type":"page","link":"https:\/\/tgrupcam.com\/index.php\/offre-de-marche\/verre-special\/verre-bird-friendly\/?lang=fr","title":{"rendered":"Verre Bird Friendly"},"content":{"rendered":"\t\t<div data-elementor-type=\"wp-page\" data-elementor-id=\"2165\" class=\"elementor elementor-2165 elementor-62\" data-elementor-post-type=\"page\">\n\t\t\t\t<div class=\"elementor-element elementor-element-3aa35b0a e-con-full e-flex e-con e-parent\" data-id=\"3aa35b0a\" data-element_type=\"container\" data-e-type=\"container\" data-settings=\"{&quot;background_background&quot;:&quot;classic&quot;,&quot;shape_divider_bottom&quot;:&quot;opacity-fan&quot;}\">\n\t\t\t\t<div class=\"elementor-shape elementor-shape-bottom\" aria-hidden=\"true\" data-negative=\"false\">\n\t\t\t<svg xmlns=\"http:\/\/www.w3.org\/2000\/svg\" viewBox=\"0 0 283.5 19.6\" preserveAspectRatio=\"none\">\n\t<path class=\"elementor-shape-fill\" style=\"opacity:0.33\" d=\"M0 0L0 18.8 141.8 4.1 283.5 18.8 283.5 0z\"\/>\n\t<path class=\"elementor-shape-fill\" style=\"opacity:0.33\" d=\"M0 0L0 12.6 141.8 4 283.5 12.6 283.5 0z\"\/>\n\t<path class=\"elementor-shape-fill\" style=\"opacity:0.33\" d=\"M0 0L0 6.4 141.8 4 283.5 6.4 283.5 0z\"\/>\n\t<path class=\"elementor-shape-fill\" d=\"M0 0L0 1.2 141.8 4 283.5 1.2 283.5 0z\"\/>\n<\/svg>\t\t<\/div>\n\t\t\t\t<div class=\"elementor-element elementor-element-20cc2774 elementor-widget elementor-widget-heading\" data-id=\"20cc2774\" data-element_type=\"widget\" data-e-type=\"widget\" data-widget_type=\"heading.default\">\n\t\t\t\t<div class=\"elementor-widget-container\">\n\t\t\t\t\t<h2 class=\"elementor-heading-title elementor-size-default\">VERRE ANTI-OISEAUX<\/h2>\t\t\t\t<\/div>\n\t\t\t\t<\/div>\n\t\t\t\t<\/div>\n\t\t<div class=\"elementor-element elementor-element-2d423620 e-flex e-con-boxed e-con e-parent\" data-id=\"2d423620\" data-element_type=\"container\" data-e-type=\"container\">\n\t\t\t\t\t<div class=\"e-con-inner\">\n\t\t\t\t<div class=\"elementor-element elementor-element-79c2d13a elementor-widget elementor-widget-heading\" data-id=\"79c2d13a\" data-element_type=\"widget\" data-e-type=\"widget\" data-widget_type=\"heading.default\">\n\t\t\t\t<div class=\"elementor-widget-container\">\n\t\t\t\t\t<h2 class=\"elementor-heading-title elementor-size-default\">\u00c0 PROPOS DU VERRE SANS DANGER POUR LES OISEAUX<\/h2>\t\t\t\t<\/div>\n\t\t\t\t<\/div>\n\t\t\t\t<div class=\"elementor-element elementor-element-e92c8e5 elementor-widget elementor-widget-text-editor\" data-id=\"e92c8e5\" data-element_type=\"widget\" data-e-type=\"widget\" data-widget_type=\"text-editor.default\">\n\t\t\t\t<div class=\"elementor-widget-container\">\n\t\t\t\t\t\t\t\t\t<p>Chez <strong>T Grup Cam<\/strong>, nous proposons le <strong>verre Bird Friendly<\/strong>, sp\u00e9cialement con\u00e7u pour <strong>r\u00e9duire les collisions avec les oiseaux<\/strong> tout en pr\u00e9servant la <strong>clart\u00e9, l&#8217;esth\u00e9tique et l&#8217;efficacit\u00e9 \u00e9nerg\u00e9tique<\/strong>. Des millions d&#8217;oiseaux sont bless\u00e9s ou perdus chaque ann\u00e9e \u00e0 la suite de collisions avec des fa\u00e7ades et des fen\u00eatres en verre. Nos <strong>solutions de verre avanc\u00e9es<\/strong> int\u00e8grent des <strong>motifs sp\u00e9ciaux, des rev\u00eatements et des conceptions r\u00e9fl\u00e9chissant les UV<\/strong> afin d&#8217;am\u00e9liorer la <strong>visibilit\u00e9 pour les oiseaux tout en restant discr\u00e8tes pour les occupants humains<\/strong>.  <\/p>\n<p><strong>Avantages :<\/strong><\/p>\n<p>\u2705 <strong>Pr\u00e9vient les collisions avec les<\/strong> oiseaux &#8211; Des motifs et des rev\u00eatements sp\u00e9cialement con\u00e7us rendent le verre visible pour les oiseaux.<br \/>\u2705 <strong>Maintient l&#8217;attrait esth\u00e9tique<\/strong> &#8211; Conception transparente et \u00e9l\u00e9gante sans obstruer la vue.<br \/>\u2705 <strong>Efficacit\u00e9 \u00e9nerg\u00e9tique<\/strong> &#8211; Disponible avec des <strong>rev\u00eatements \u00e0 faible \u00e9mission et \u00e0 contr\u00f4le solaire<\/strong> pour une meilleure performance.<br \/>\u2705 <strong>Motifs personnalisables<\/strong> &#8211; Diff\u00e9rents <strong>motifs de points, de rayures ou de gravures<\/strong> pour s&#8217;adapter \u00e0 diff\u00e9rents styles architecturaux.<br \/>\u2705 <strong>Respect de l&#8217;environnement<\/strong> &#8211; Aide \u00e0 pr\u00e9server les populations d&#8217;oiseaux tout en contribuant \u00e0 des pratiques de construction durables.<\/p>\n<p><strong>Applications :<\/strong><\/p>\n<ul>\n<li><strong>Fen\u00eatres commerciales et r\u00e9sidentielles<\/strong><\/li>\n<li><strong>Fa\u00e7ades et murs-rideaux en verre<\/strong><\/li>\n<li><strong>Balcons et rampes<\/strong><\/li>\n<li><strong>B\u00e2timents publics et gratte-ciel<\/strong><\/li>\n<li><strong>A\u00e9roports et plateformes de transport<\/strong><\/li>\n<\/ul>\n<p>Notre <strong>verre Bird Friendly<\/strong> est un <strong>choix intelligent et durable<\/strong> pour les architectes, les concepteurs et les d\u00e9veloppeurs qui cherchent \u00e0 <strong>\u00e9quilibrer l&#8217;esth\u00e9tique, la s\u00e9curit\u00e9 et la responsabilit\u00e9 environnementale.<\/strong><\/p>\n\t\t\t\t\t\t\t\t<\/div>\n\t\t\t\t<\/div>\n\t\t\t\t<div class=\"elementor-element elementor-element-444a06be elementor-widget elementor-widget-heading\" data-id=\"444a06be\" data-element_type=\"widget\" data-e-type=\"widget\" data-widget_type=\"heading.default\">\n\t\t\t\t<div class=\"elementor-widget-container\">\n\t\t\t\t\t<h2 class=\"elementor-heading-title elementor-size-default\">GR\u00c2CE \u00c0 LA LARGE GAMME DE PRODUITS ADAPT\u00c9S AUX OISEAUX, NOUS POUVONS OBTENIR UN R\u00c9SULTAT CRUCIAL DANS LA PROTECTION DES OISEAUX.<\/h2>\t\t\t\t<\/div>\n\t\t\t\t<\/div>\n\t\t\t\t\t<\/div>\n\t\t\t\t<\/div>\n\t\t<div class=\"elementor-element elementor-element-2dd3b4fc e-flex e-con-boxed e-con e-parent\" data-id=\"2dd3b4fc\" data-element_type=\"container\" data-e-type=\"container\" data-settings=\"{&quot;background_background&quot;:&quot;classic&quot;,&quot;background_motion_fx_motion_fx_scrolling&quot;:&quot;yes&quot;,&quot;background_motion_fx_translateY_effect&quot;:&quot;yes&quot;,&quot;background_motion_fx_translateY_speed&quot;:{&quot;unit&quot;:&quot;px&quot;,&quot;size&quot;:4,&quot;sizes&quot;:[]},&quot;background_motion_fx_translateY_affectedRange&quot;:{&quot;unit&quot;:&quot;%&quot;,&quot;size&quot;:&quot;&quot;,&quot;sizes&quot;:{&quot;start&quot;:0,&quot;end&quot;:100}},&quot;background_motion_fx_devices&quot;:[&quot;desktop&quot;,&quot;tablet&quot;,&quot;mobile&quot;]}\">\n\t\t\t\t\t<div class=\"e-con-inner\">\n\t\t\t\t\t<\/div>\n\t\t\t\t<\/div>\n\t\t<div class=\"elementor-element elementor-element-72648d03 e-flex e-con-boxed e-con e-parent\" data-id=\"72648d03\" data-element_type=\"container\" data-e-type=\"container\" data-settings=\"{&quot;background_background&quot;:&quot;classic&quot;}\">\n\t\t\t\t\t<div class=\"e-con-inner\">\n\t\t\t\t<div class=\"elementor-element elementor-element-84b04b4 elementor-widget elementor-widget-heading\" data-id=\"84b04b4\" data-element_type=\"widget\" data-e-type=\"widget\" data-widget_type=\"heading.default\">\n\t\t\t\t<div class=\"elementor-widget-container\">\n\t\t\t\t\t<h2 class=\"elementor-heading-title elementor-size-default\">CE QUE NOUS POUVONS OFFRIR<\/h2>\t\t\t\t<\/div>\n\t\t\t\t<\/div>\n\t\t\t\t<div class=\"elementor-element elementor-element-56d01616 elementor-widget elementor-widget-text-editor\" data-id=\"56d01616\" data-element_type=\"widget\" data-e-type=\"widget\" data-widget_type=\"text-editor.default\">\n\t\t\t\t<div class=\"elementor-widget-container\">\n\t\t\t\t\t\t\t\t\t<div class=\"flex_column av-4uxy79x-7268dfc118482086aedf440d2deaabac av_three_fifth avia-builder-el-40 el_after_av_one_fifth el_before_av_one_fifth flex_column_div av-zero-column-padding \">\n<div id=\"submenu\" class=\"av-special-heading av-lptovpwv-7413c2b34668db7024a73fcd83fd5bdb av-special-heading-h2 custom-color-heading blockquote modern-quote modern-centered avia-builder-el-44 el_after_av_hr avia-builder-el-last heading-semi-cons av-inherit-size\">\u00a0<\/div>\n<\/div>\n<div class=\"flex_column av-53xw5it-92ab71d08640d3148cc755906337ed69 av_one_fifth avia-builder-el-45 el_after_av_three_fifth el_before_av_one_full flex_column_div \">\u00a0<\/div>\n<div class=\"flex_column av-l16cx6sv-824537a4f03b21aac7a6f2a34b34c4cf av_one_full avia-builder-el-46 el_after_av_one_fifth el_before_av_section avia-builder-el-last first flex_column_div av-zero-column-padding column-top-margin\">\n<section id=\"table-responsvie\" class=\"av_textblock_section av-l168nw7v-5dd7e9564d4585f2c8f9184a52d82018 \">\n<div class=\"avia_textblock text-30years-gray\">\n<table border=\"1\" width=\"390\" cellspacing=\"0\" cellpadding=\"0\">\n<tbody>\n<tr>\n<td><strong>Nom<\/strong><\/td>\n<td><strong>Friture d&#8217;oiseau<\/strong><\/td>\n<td><strong>Saflex<sup>TM<\/sup>\u00a0FlySafe<sup>TM<\/sup>\u00a03D<\/strong><\/td>\n<td>\n<p class=\"page-title\"><strong>ORNILUX\u00ae<\/strong><\/p>\n<\/td>\n<\/tr>\n<tr>\n<td>\n<p>Technologie<\/p>\n<\/td>\n<td>\n<ul>\n<li>impression num\u00e9rique*<\/li>\n<li>s\u00e9rigraphie impression*<\/li>\n<\/ul>\n<\/td>\n<td>Feuille PVB<\/td>\n<td>Verre \u00e0 rev\u00eatement UV<\/td>\n<\/tr>\n<tr>\n<td>Position dans le vitrage isolant<\/td>\n<td>1er vitrage (ext\u00e9rieur)<\/td>\n<td>En tant que vitrage feuillet\u00e9 ext\u00e9rieur<\/td>\n<td>1re, 2e et 3e positions<\/td>\n<\/tr>\n<tr>\n<td>Capacit\u00e9s de production<\/td>\n<td>\n<ul>\n<li>verre simple<\/li>\n<li>assemblage<\/li>\n<li>feuilletage<\/li>\n<li>trempe<\/li>\n<\/ul>\n<\/td>\n<td>\n<ul>\n<li>verre simple \u2013 VSG<\/li>\n<li>assemblage<\/li>\n<li>feuilletage<\/li>\n<li>trempe<\/li>\n<\/ul>\n<\/td>\n<td>\n<ul>\n<li>non applicable au verre simple Verre<\/li>\n<li>Assemblage<\/li>\n<li>Laminage<\/li>\n<li>Trempage<\/li>\n<\/ul>\n<\/td>\n<\/tr>\n<\/tbody>\n<\/table>\n<p>La gamme de verre Bird-Friendly est disponible sur commande. La disponibilit\u00e9 des produits et les capacit\u00e9s de production doivent \u00eatre confirm\u00e9es aupr\u00e8s du service commercial avant de commander.<\/p>\n<p>* Le motif doit \u00eatre fourni par le client.<\/p>\n<\/div>\n<\/section>\n<\/div>\n\t\t\t\t\t\t\t\t<\/div>\n\t\t\t\t<\/div>\n\t\t\t\t\t<\/div>\n\t\t\t\t<\/div>\n\t\t<div class=\"elementor-element elementor-element-14e5e673 e-flex e-con-boxed e-con e-parent\" data-id=\"14e5e673\" data-element_type=\"container\" data-e-type=\"container\" data-settings=\"{&quot;background_background&quot;:&quot;classic&quot;,&quot;background_motion_fx_motion_fx_scrolling&quot;:&quot;yes&quot;,&quot;background_motion_fx_translateY_effect&quot;:&quot;yes&quot;,&quot;background_motion_fx_translateY_speed&quot;:{&quot;unit&quot;:&quot;px&quot;,&quot;size&quot;:4,&quot;sizes&quot;:[]},&quot;background_motion_fx_translateY_affectedRange&quot;:{&quot;unit&quot;:&quot;%&quot;,&quot;size&quot;:&quot;&quot;,&quot;sizes&quot;:{&quot;start&quot;:0,&quot;end&quot;:100}},&quot;background_motion_fx_devices&quot;:[&quot;desktop&quot;,&quot;tablet&quot;,&quot;mobile&quot;]}\">\n\t\t\t\t\t<div class=\"e-con-inner\">\n\t\t\t\t<div class=\"elementor-element elementor-element-3fa20928 elementor-widget elementor-widget-heading\" data-id=\"3fa20928\" data-element_type=\"widget\" data-e-type=\"widget\" data-widget_type=\"heading.default\">\n\t\t\t\t<div class=\"elementor-widget-container\">\n\t\t\t\t\t<h2 class=\"elementor-heading-title elementor-size-default\">Nous modifions constamment nos processus de fabrication et changeons nos habitudes pour limiter les effets n\u00e9gatifs sur l'environnement.<\/h2>\t\t\t\t<\/div>\n\t\t\t\t<\/div>\n\t\t\t\t<div class=\"elementor-element elementor-element-1e30ddc2 elementor-widget elementor-widget-text-editor\" data-id=\"1e30ddc2\" data-element_type=\"widget\" data-e-type=\"widget\" data-widget_type=\"text-editor.default\">\n\t\t\t\t<div class=\"elementor-widget-container\">\n\t\t\t\t\t\t\t\t\t<p>Afin de faciliter les changements, nous avons adopt\u00e9 la norme ISO 14001, le syst\u00e8me mondial de gestion pour la protection de l&#8217;environnement.<\/p>\n\t\t\t\t\t\t\t\t<\/div>\n\t\t\t\t<\/div>\n\t\t\t\t<div class=\"elementor-element elementor-element-db4c820 elementor-align-center elementor-widget elementor-widget-button\" data-id=\"db4c820\" data-element_type=\"widget\" data-e-type=\"widget\" data-widget_type=\"button.default\">\n\t\t\t\t<div class=\"elementor-widget-container\">\n\t\t\t\t\t\t\t\t\t<div class=\"elementor-button-wrapper\">\n\t\t\t\t\t<a class=\"elementor-button elementor-button-link elementor-size-sm\" href=\"https:\/\/tgrupcam.com\/index.php\/contact\/?lang=fr\">\n\t\t\t\t\t\t<span class=\"elementor-button-content-wrapper\">\n\t\t\t\t\t\t\t\t\t<span class=\"elementor-button-text\">Contactez nous<\/span>\n\t\t\t\t\t<\/span>\n\t\t\t\t\t<\/a>\n\t\t\t\t<\/div>\n\t\t\t\t\t\t\t\t<\/div>\n\t\t\t\t<\/div>\n\t\t\t\t\t<\/div>\n\t\t\t\t<\/div>\n\t\t\t\t<\/div>\n\t\t","protected":false},"excerpt":{"rendered":"<p>VERRE ANTI-OISEAUX \u00c0 PROPOS DU VERRE SANS DANGER POUR LES OISEAUX Chez T Grup Cam, nous proposons le verre Bird Friendly, sp\u00e9cialement con\u00e7u pour r\u00e9duire les collisions avec les oiseaux tout en pr\u00e9servant la clart\u00e9, l&#8217;esth\u00e9tique et l&#8217;efficacit\u00e9 \u00e9nerg\u00e9tique. Des millions d&#8217;oiseaux sont bless\u00e9s ou perdus chaque ann\u00e9e \u00e0 la suite de collisions avec des [&hellip;]<\/p>\n","protected":false},"author":1,"featured_media":0,"parent":2498,"menu_order":0,"comment_status":"closed","ping_status":"closed","template":"elementor_header_footer","meta":{"footnotes":""},"class_list":["post-2165","page","type-page","status-publish","hentry"],"_links":{"self":[{"href":"https:\/\/tgrupcam.com\/index.php\/wp-json\/wp\/v2\/pages\/2165","targetHints":{"allow":["GET"]}}],"collection":[{"href":"https:\/\/tgrupcam.com\/index.php\/wp-json\/wp\/v2\/pages"}],"about":[{"href":"https:\/\/tgrupcam.com\/index.php\/wp-json\/wp\/v2\/types\/page"}],"author":[{"embeddable":true,"href":"https:\/\/tgrupcam.com\/index.php\/wp-json\/wp\/v2\/users\/1"}],"replies":[{"embeddable":true,"href":"https:\/\/tgrupcam.com\/index.php\/wp-json\/wp\/v2\/comments?post=2165"}],"version-history":[{"count":0,"href":"https:\/\/tgrupcam.com\/index.php\/wp-json\/wp\/v2\/pages\/2165\/revisions"}],"up":[{"embeddable":true,"href":"https:\/\/tgrupcam.com\/index.php\/wp-json\/wp\/v2\/pages\/2498"}],"wp:attachment":[{"href":"https:\/\/tgrupcam.com\/index.php\/wp-json\/wp\/v2\/media?parent=2165"}],"curies":[{"name":"wp","href":"https:\/\/api.w.org\/{rel}","templated":true}]}}