{"id":2167,"date":"2025-02-05T11:56:06","date_gmt":"2025-02-05T08:56:06","guid":{"rendered":"https:\/\/tgrupcam.com\/index.php\/vogelfreundliches-glas\/"},"modified":"2025-06-03T18:34:10","modified_gmt":"2025-06-03T15:34:10","slug":"vogelfreundliches-glas","status":"publish","type":"page","link":"https:\/\/tgrupcam.com\/index.php\/marktangebot\/spezialglas\/vogelfreundliches-glas\/?lang=de","title":{"rendered":"Vogelfreundliches Glas"},"content":{"rendered":"\t\t<div data-elementor-type=\"wp-page\" data-elementor-id=\"2167\" class=\"elementor elementor-2167 elementor-62\" data-elementor-post-type=\"page\">\n\t\t\t\t<div class=\"elementor-element elementor-element-3aa35b0a e-con-full e-flex e-con e-parent\" data-id=\"3aa35b0a\" data-element_type=\"container\" data-e-type=\"container\" data-settings=\"{&quot;background_background&quot;:&quot;classic&quot;,&quot;shape_divider_bottom&quot;:&quot;opacity-fan&quot;}\">\n\t\t\t\t<div class=\"elementor-shape elementor-shape-bottom\" aria-hidden=\"true\" data-negative=\"false\">\n\t\t\t<svg xmlns=\"http:\/\/www.w3.org\/2000\/svg\" viewBox=\"0 0 283.5 19.6\" preserveAspectRatio=\"none\">\n\t<path class=\"elementor-shape-fill\" style=\"opacity:0.33\" d=\"M0 0L0 18.8 141.8 4.1 283.5 18.8 283.5 0z\"\/>\n\t<path class=\"elementor-shape-fill\" style=\"opacity:0.33\" d=\"M0 0L0 12.6 141.8 4 283.5 12.6 283.5 0z\"\/>\n\t<path class=\"elementor-shape-fill\" style=\"opacity:0.33\" d=\"M0 0L0 6.4 141.8 4 283.5 6.4 283.5 0z\"\/>\n\t<path class=\"elementor-shape-fill\" d=\"M0 0L0 1.2 141.8 4 283.5 1.2 283.5 0z\"\/>\n<\/svg>\t\t<\/div>\n\t\t\t\t<div class=\"elementor-element elementor-element-20cc2774 elementor-widget elementor-widget-heading\" data-id=\"20cc2774\" data-element_type=\"widget\" data-e-type=\"widget\" data-widget_type=\"heading.default\">\n\t\t\t\t<div class=\"elementor-widget-container\">\n\t\t\t\t\t<h2 class=\"elementor-heading-title elementor-size-default\">VOGELFREUNDLICHES GLAS<\/h2>\t\t\t\t<\/div>\n\t\t\t\t<\/div>\n\t\t\t\t<\/div>\n\t\t<div class=\"elementor-element elementor-element-2d423620 e-flex e-con-boxed e-con e-parent\" data-id=\"2d423620\" data-element_type=\"container\" data-e-type=\"container\">\n\t\t\t\t\t<div class=\"e-con-inner\">\n\t\t\t\t<div class=\"elementor-element elementor-element-79c2d13a elementor-widget elementor-widget-heading\" data-id=\"79c2d13a\" data-element_type=\"widget\" data-e-type=\"widget\" data-widget_type=\"heading.default\">\n\t\t\t\t<div class=\"elementor-widget-container\">\n\t\t\t\t\t<h2 class=\"elementor-heading-title elementor-size-default\">\u00dcBER VOGELFREUNDLICHES GLAS<\/h2>\t\t\t\t<\/div>\n\t\t\t\t<\/div>\n\t\t\t\t<div class=\"elementor-element elementor-element-e92c8e5 elementor-widget elementor-widget-text-editor\" data-id=\"e92c8e5\" data-element_type=\"widget\" data-e-type=\"widget\" data-widget_type=\"text-editor.default\">\n\t\t\t\t<div class=\"elementor-widget-container\">\n\t\t\t\t\t\t\t\t\t<p>Bei <strong>T Grup Cam<\/strong> bieten wir <strong>vogelfreundliches Glas<\/strong> an, das speziell entwickelt wurde, um <strong>Kollisionen mit V\u00f6geln zu reduzieren<\/strong> und gleichzeitig <strong>Klarheit, \u00c4sthetik und Energieeffizienz<\/strong> zu gew\u00e4hrleisten. Millionen von V\u00f6geln werden jedes Jahr durch Kollisionen mit Glasfassaden und Fenstern verletzt oder gehen verloren. Unsere <strong>fortschrittlichen Glasl\u00f6sungen<\/strong> enthalten <strong>spezielle Muster, Beschichtungen und UV-reflektierende Designs<\/strong>, um die <strong>Sichtbarkeit f\u00fcr V\u00f6gel<\/strong> zu verbessern <strong>und gleichzeitig f\u00fcr die menschlichen Bewohner unauff\u00e4llig zu bleiben<\/strong>.  <\/p>\n<p><strong>Vorteile:<\/strong><\/p>\n<p>\u2705 <strong>Verhindert Kollisionen mit V\u00f6geln<\/strong> &#8211; Speziell entwickelte Muster und Beschichtungen machen das Glas f\u00fcr V\u00f6gel sichtbar.<br \/>\u2705 <strong>Beh\u00e4lt die \u00c4sthetik bei<\/strong> &#8211; Transparentes und elegantes Design, ohne die Sicht zu behindern.<br \/>\u2705 <strong>Energieeffizient<\/strong> &#8211; Erh\u00e4ltlich mit <strong>emissionsarmen Beschichtungen und Sonnenschutzbeschichtungen<\/strong> f\u00fcr verbesserte Leistung.<br \/>\u2705 <strong>Anpassbare Muster<\/strong> &#8211; Verschiedene <strong>Punkt-, Streifen- oder ge\u00e4tzte Designs<\/strong>, die zu verschiedenen architektonischen Stilen passen.<br \/>\u2705 <strong>Umweltfreundlich<\/strong> &#8211; Hilft bei der Erhaltung von Vogelpopulationen und tr\u00e4gt gleichzeitig zu nachhaltigen Baupraktiken bei.<\/p>\n<p><strong>Anwendungen:<\/strong><\/p>\n<ul>\n<li><strong>Kommerzielle und private Fenster<\/strong><\/li>\n<li><strong>Glasfassaden &amp; Vorhangfassaden<\/strong><\/li>\n<li><strong>Balkone &amp; Gel\u00e4nder<\/strong><\/li>\n<li><strong>\u00d6ffentliche Geb\u00e4ude &amp; Wolkenkratzer<\/strong><\/li>\n<li><strong>Flughafen &amp; Verkehrsknotenpunkte<\/strong><\/li>\n<\/ul>\n<p>Unser <strong>vogelfreundliches Glas<\/strong> ist eine <strong>intelligente und nachhaltige Wahl<\/strong> f\u00fcr Architekten, Designer und Bauherren, die <strong>ein Gleichgewicht zwischen \u00c4sthetik, Sicherheit und Umweltverantwortung<\/strong> suchen.<\/p>\n\t\t\t\t\t\t\t\t<\/div>\n\t\t\t\t<\/div>\n\t\t\t\t<div class=\"elementor-element elementor-element-444a06be elementor-widget elementor-widget-heading\" data-id=\"444a06be\" data-element_type=\"widget\" data-e-type=\"widget\" data-widget_type=\"heading.default\">\n\t\t\t\t<div class=\"elementor-widget-container\">\n\t\t\t\t\t<h2 class=\"elementor-heading-title elementor-size-default\">DANK DER BREITEN PALETTE AN VOGELFREUNDLICHEN PRODUKTEN K\u00d6NNEN WIR EIN ENTSCHEIDENDES ERGEBNIS BEIM VOGELSCHUTZ ERZIELEN<\/h2>\t\t\t\t<\/div>\n\t\t\t\t<\/div>\n\t\t\t\t\t<\/div>\n\t\t\t\t<\/div>\n\t\t<div class=\"elementor-element elementor-element-2dd3b4fc e-flex e-con-boxed e-con e-parent\" data-id=\"2dd3b4fc\" data-element_type=\"container\" data-e-type=\"container\" data-settings=\"{&quot;background_background&quot;:&quot;classic&quot;,&quot;background_motion_fx_motion_fx_scrolling&quot;:&quot;yes&quot;,&quot;background_motion_fx_translateY_effect&quot;:&quot;yes&quot;,&quot;background_motion_fx_translateY_speed&quot;:{&quot;unit&quot;:&quot;px&quot;,&quot;size&quot;:4,&quot;sizes&quot;:[]},&quot;background_motion_fx_translateY_affectedRange&quot;:{&quot;unit&quot;:&quot;%&quot;,&quot;size&quot;:&quot;&quot;,&quot;sizes&quot;:{&quot;start&quot;:0,&quot;end&quot;:100}},&quot;background_motion_fx_devices&quot;:[&quot;desktop&quot;,&quot;tablet&quot;,&quot;mobile&quot;]}\">\n\t\t\t\t\t<div class=\"e-con-inner\">\n\t\t\t\t\t<\/div>\n\t\t\t\t<\/div>\n\t\t<div class=\"elementor-element elementor-element-72648d03 e-flex e-con-boxed e-con e-parent\" data-id=\"72648d03\" data-element_type=\"container\" data-e-type=\"container\" data-settings=\"{&quot;background_background&quot;:&quot;classic&quot;}\">\n\t\t\t\t\t<div class=\"e-con-inner\">\n\t\t\t\t<div class=\"elementor-element elementor-element-84b04b4 elementor-widget elementor-widget-heading\" data-id=\"84b04b4\" data-element_type=\"widget\" data-e-type=\"widget\" data-widget_type=\"heading.default\">\n\t\t\t\t<div class=\"elementor-widget-container\">\n\t\t\t\t\t<h2 class=\"elementor-heading-title elementor-size-default\">WAS WIR ANBIETEN K\u00d6NNEN<\/h2>\t\t\t\t<\/div>\n\t\t\t\t<\/div>\n\t\t\t\t<div class=\"elementor-element elementor-element-56d01616 elementor-widget elementor-widget-text-editor\" data-id=\"56d01616\" data-element_type=\"widget\" data-e-type=\"widget\" data-widget_type=\"text-editor.default\">\n\t\t\t\t<div class=\"elementor-widget-container\">\n\t\t\t\t\t\t\t\t\t<div class=\"flex_column av-4uxy79x-7268dfc118482086aedf440d2deaabac av_three_fifth avia-builder-el-40 el_after_av_one_fifth el_before_av_one_fifth flex_column_div av-zero-column-padding \">\n<div id=\"submenu\" class=\"av-special-heading av-lptovpwv-7413c2b34668db7024a73fcd83fd5bdb av-special-heading-h2 benutzerdefinierte Farbe f\u00fcr \u00dcberschriften Blockzitat modernes Zitat modern zentriert avia-builder-el-44 el_after_av_hr avia-builder-el-last \u00dcberschriften-Halbleiter av-inherit-size\">\u00a0<\/div>\n<\/div>\n<div Klasse=\"flex_column av-53xw5it-92ab71d08640d3148cc755906337ed69 av_ein_F\u00fcnftel avia-builder-el-45 el_nach_av_drei_F\u00fcnftel el_vor_av_eins_voll flex_column_div \">\u00a0<\/div>\n<div Klasse=\"flex_column av-l16cx6sv-824537a4f03b21aac7a6f2a34b34c4cf av_eins_voll avia-builder-el-46 el_nach_av_eins_F\u00fcnftel el_vor_av_abschnitt avia-builder-el-letzter erster flex_column_div av-Null-Spaltenauff\u00fcllung oberer Spaltenrand\"><Abschnitt id=\"table-responsvie\" class=\"av_textblock_section av-l168nw7v-5dd7e9564d4585f2c8f9184a52d82018 \"><\/p>\n<div class=\"avia_textblock text-30years-gray\">\n<table border=\"1\" width=\"390\" cellspacing=\"0\" cellpadding=\"0\">\n<tbody>\n<tr>\n<td><strong>Name<\/strong><\/td>\n<td><strong>Vogelfritte<\/strong><\/td>\n<td><strong>Saflex<sup>TM<\/sup>\u00a0FlySafe<sup>TM<\/sup>\u00a03D<\/strong><\/td>\n<td>\n<p class=\"page-title\"><strong>ORNILUX\u00ae<\/strong><\/p>\n<\/td>\n<\/tr>\n<tr>\n<td>\n<p>Technologie<\/p>\n<\/td>\n<td>\n<ul>\n<li>Digitaldruck*<\/li>\n<li>Siebdruck Druck*<\/li>\n<\/ul>\n<\/td>\n<td>PVB-Folie<\/td>\n<td>UV-beschichtetes Glas<\/td>\n<\/tr>\n<tr>\n<td>Position in der IGU<\/td>\n<td>1. Scheibe (au\u00dfen)<\/td>\n<td>Als au\u00dfenliegende Verbundscheibe<\/td>\n<td>1.- 2. &#8211; 3. Position<\/td>\n<\/tr>\n<tr>\n<td>Produktionsm\u00f6glichkeiten<\/td>\n<td>\n<ul>\n<li>Einzelglas<\/li>\n<li>Montage<\/li>\n<li>Laminierung<\/li>\n<li>Vorspannen<\/li>\n<\/ul>\n<\/td>\n<td>\n<ul>\n<li>Einzelglas \u2013 VSG<\/li>\n<li>Montage<\/li>\n<li>Laminierung<\/li>\n<li>Vorspannen<\/li>\n<\/ul>\n<\/td>\n<td>\n<ul>\n<li>Nicht anwendbar auf Einzelglas Glas<\/li>\n<li>Montage<\/li>\n<li>Laminierung<\/li>\n<li>H\u00e4rtung<\/li>\n<\/ul>\n<\/td>\n<\/tr>\n<\/tbody>\n<\/table>\n<p>Die vogelfreundliche Glasserie ist bestellbar. Produktverf\u00fcgbarkeit und Produktionskapazit\u00e4ten m\u00fcssen vor der Bestellung mit der Verkaufsabteilung abgesprochen werden.<\/p>\n<p>* Musterdesign ist vom Kunden bereitzustellen.<\/p>\n<\/div>\n<\/section>\n<\/div>\n\t\t\t\t\t\t\t\t<\/div>\n\t\t\t\t<\/div>\n\t\t\t\t\t<\/div>\n\t\t\t\t<\/div>\n\t\t<div class=\"elementor-element elementor-element-14e5e673 e-flex e-con-boxed e-con e-parent\" data-id=\"14e5e673\" data-element_type=\"container\" data-e-type=\"container\" data-settings=\"{&quot;background_background&quot;:&quot;classic&quot;,&quot;background_motion_fx_motion_fx_scrolling&quot;:&quot;yes&quot;,&quot;background_motion_fx_translateY_effect&quot;:&quot;yes&quot;,&quot;background_motion_fx_translateY_speed&quot;:{&quot;unit&quot;:&quot;px&quot;,&quot;size&quot;:4,&quot;sizes&quot;:[]},&quot;background_motion_fx_translateY_affectedRange&quot;:{&quot;unit&quot;:&quot;%&quot;,&quot;size&quot;:&quot;&quot;,&quot;sizes&quot;:{&quot;start&quot;:0,&quot;end&quot;:100}},&quot;background_motion_fx_devices&quot;:[&quot;desktop&quot;,&quot;tablet&quot;,&quot;mobile&quot;]}\">\n\t\t\t\t\t<div class=\"e-con-inner\">\n\t\t\t\t<div class=\"elementor-element elementor-element-3fa20928 elementor-widget elementor-widget-heading\" data-id=\"3fa20928\" data-element_type=\"widget\" data-e-type=\"widget\" data-widget_type=\"heading.default\">\n\t\t\t\t<div class=\"elementor-widget-container\">\n\t\t\t\t\t<h2 class=\"elementor-heading-title elementor-size-default\">Wir modifizieren st\u00e4ndig unsere Herstellungsprozesse und \u00e4ndern unsere Gewohnheiten, um die negativen Auswirkungen auf die Umwelt zu begrenzen.<\/h2>\t\t\t\t<\/div>\n\t\t\t\t<\/div>\n\t\t\t\t<div class=\"elementor-element elementor-element-1e30ddc2 elementor-widget elementor-widget-text-editor\" data-id=\"1e30ddc2\" data-element_type=\"widget\" data-e-type=\"widget\" data-widget_type=\"text-editor.default\">\n\t\t\t\t<div class=\"elementor-widget-container\">\n\t\t\t\t\t\t\t\t\t<p>Um die Ver\u00e4nderungen zu erleichtern, haben wir ISO 14001, das weltweite Managementsystem f\u00fcr den Umweltschutz, eingef\u00fchrt.<\/p>\n\t\t\t\t\t\t\t\t<\/div>\n\t\t\t\t<\/div>\n\t\t\t\t<div class=\"elementor-element elementor-element-db4c820 elementor-align-center elementor-widget elementor-widget-button\" data-id=\"db4c820\" data-element_type=\"widget\" data-e-type=\"widget\" data-widget_type=\"button.default\">\n\t\t\t\t<div class=\"elementor-widget-container\">\n\t\t\t\t\t\t\t\t\t<div class=\"elementor-button-wrapper\">\n\t\t\t\t\t<a class=\"elementor-button elementor-button-link elementor-size-sm\" href=\"https:\/\/tgrupcam.com\/index.php\/kontakt\/?lang=de\">\n\t\t\t\t\t\t<span class=\"elementor-button-content-wrapper\">\n\t\t\t\t\t\t\t\t\t<span class=\"elementor-button-text\">Kontaktieren Sie uns<\/span>\n\t\t\t\t\t<\/span>\n\t\t\t\t\t<\/a>\n\t\t\t\t<\/div>\n\t\t\t\t\t\t\t\t<\/div>\n\t\t\t\t<\/div>\n\t\t\t\t\t<\/div>\n\t\t\t\t<\/div>\n\t\t\t\t<\/div>\n\t\t","protected":false},"excerpt":{"rendered":"<p>VOGELFREUNDLICHES GLAS \u00dcBER VOGELFREUNDLICHES GLAS Bei T Grup Cam bieten wir vogelfreundliches Glas an, das speziell entwickelt wurde, um Kollisionen mit V\u00f6geln zu reduzieren und gleichzeitig Klarheit, \u00c4sthetik und Energieeffizienz zu gew\u00e4hrleisten. Millionen von V\u00f6geln werden jedes Jahr durch Kollisionen mit Glasfassaden und Fenstern verletzt oder gehen verloren. Unsere fortschrittlichen Glasl\u00f6sungen enthalten spezielle Muster, Beschichtungen [&hellip;]<\/p>\n","protected":false},"author":1,"featured_media":0,"parent":2470,"menu_order":0,"comment_status":"closed","ping_status":"closed","template":"elementor_header_footer","meta":{"footnotes":""},"class_list":["post-2167","page","type-page","status-publish","hentry"],"_links":{"self":[{"href":"https:\/\/tgrupcam.com\/index.php\/wp-json\/wp\/v2\/pages\/2167","targetHints":{"allow":["GET"]}}],"collection":[{"href":"https:\/\/tgrupcam.com\/index.php\/wp-json\/wp\/v2\/pages"}],"about":[{"href":"https:\/\/tgrupcam.com\/index.php\/wp-json\/wp\/v2\/types\/page"}],"author":[{"embeddable":true,"href":"https:\/\/tgrupcam.com\/index.php\/wp-json\/wp\/v2\/users\/1"}],"replies":[{"embeddable":true,"href":"https:\/\/tgrupcam.com\/index.php\/wp-json\/wp\/v2\/comments?post=2167"}],"version-history":[{"count":0,"href":"https:\/\/tgrupcam.com\/index.php\/wp-json\/wp\/v2\/pages\/2167\/revisions"}],"up":[{"embeddable":true,"href":"https:\/\/tgrupcam.com\/index.php\/wp-json\/wp\/v2\/pages\/2470"}],"wp:attachment":[{"href":"https:\/\/tgrupcam.com\/index.php\/wp-json\/wp\/v2\/media?parent=2167"}],"curies":[{"name":"wp","href":"https:\/\/api.w.org\/{rel}","templated":true}]}}