{"id":2173,"date":"2025-02-05T11:56:06","date_gmt":"2025-02-05T08:56:06","guid":{"rendered":"https:\/\/tgrupcam.com\/index.php\/vetro-amico-degli-uccelli\/"},"modified":"2025-06-03T18:29:50","modified_gmt":"2025-06-03T15:29:50","slug":"vetro-amico-degli-uccelli","status":"publish","type":"page","link":"https:\/\/tgrupcam.com\/index.php\/offerta-di-mercato\/vetro-speciale\/vetro-amico-degli-uccelli\/?lang=it","title":{"rendered":"Vetro amico degli uccelli"},"content":{"rendered":"\t\t<div data-elementor-type=\"wp-page\" data-elementor-id=\"2173\" class=\"elementor elementor-2173 elementor-62\" data-elementor-post-type=\"page\">\n\t\t\t\t<div class=\"elementor-element elementor-element-3aa35b0a e-con-full e-flex e-con e-parent\" data-id=\"3aa35b0a\" data-element_type=\"container\" data-e-type=\"container\" data-settings=\"{&quot;background_background&quot;:&quot;classic&quot;,&quot;shape_divider_bottom&quot;:&quot;opacity-fan&quot;}\">\n\t\t\t\t<div class=\"elementor-shape elementor-shape-bottom\" aria-hidden=\"true\" data-negative=\"false\">\n\t\t\t<svg xmlns=\"http:\/\/www.w3.org\/2000\/svg\" viewBox=\"0 0 283.5 19.6\" preserveAspectRatio=\"none\">\n\t<path class=\"elementor-shape-fill\" style=\"opacity:0.33\" d=\"M0 0L0 18.8 141.8 4.1 283.5 18.8 283.5 0z\"\/>\n\t<path class=\"elementor-shape-fill\" style=\"opacity:0.33\" d=\"M0 0L0 12.6 141.8 4 283.5 12.6 283.5 0z\"\/>\n\t<path class=\"elementor-shape-fill\" style=\"opacity:0.33\" d=\"M0 0L0 6.4 141.8 4 283.5 6.4 283.5 0z\"\/>\n\t<path class=\"elementor-shape-fill\" d=\"M0 0L0 1.2 141.8 4 283.5 1.2 283.5 0z\"\/>\n<\/svg>\t\t<\/div>\n\t\t\t\t<div class=\"elementor-element elementor-element-20cc2774 elementor-widget elementor-widget-heading\" data-id=\"20cc2774\" data-element_type=\"widget\" data-e-type=\"widget\" data-widget_type=\"heading.default\">\n\t\t\t\t<div class=\"elementor-widget-container\">\n\t\t\t\t\t<h2 class=\"elementor-heading-title elementor-size-default\">VETRO AMICO DEGLI UCCELLI<\/h2>\t\t\t\t<\/div>\n\t\t\t\t<\/div>\n\t\t\t\t<\/div>\n\t\t<div class=\"elementor-element elementor-element-2d423620 e-flex e-con-boxed e-con e-parent\" data-id=\"2d423620\" data-element_type=\"container\" data-e-type=\"container\">\n\t\t\t\t\t<div class=\"e-con-inner\">\n\t\t\t\t<div class=\"elementor-element elementor-element-79c2d13a elementor-widget elementor-widget-heading\" data-id=\"79c2d13a\" data-element_type=\"widget\" data-e-type=\"widget\" data-widget_type=\"heading.default\">\n\t\t\t\t<div class=\"elementor-widget-container\">\n\t\t\t\t\t<h2 class=\"elementor-heading-title elementor-size-default\">SUL VETRO AMICO DEGLI UCCELLI<\/h2>\t\t\t\t<\/div>\n\t\t\t\t<\/div>\n\t\t\t\t<div class=\"elementor-element elementor-element-e92c8e5 elementor-widget elementor-widget-text-editor\" data-id=\"e92c8e5\" data-element_type=\"widget\" data-e-type=\"widget\" data-widget_type=\"text-editor.default\">\n\t\t\t\t<div class=\"elementor-widget-container\">\n\t\t\t\t\t\t\t\t\t<p>Noi di <strong>T Grup Cam<\/strong> offriamo <strong>vetri Bird Friendly Glass<\/strong>, appositamente progettati per <strong>ridurre le collisioni con gli uccelli<\/strong> mantenendo <strong>chiarezza, estetica ed efficienza energetica<\/strong>. Ogni anno milioni di uccelli vengono feriti o persi a causa di collisioni con facciate e finestre in vetro. Le nostre <strong>soluzioni di vetro avanzate<\/strong> incorporano <strong>modelli speciali, rivestimenti e design a riflessione UV<\/strong> per migliorare la <strong>visibilit\u00e0 degli uccelli e rimanere discreti per gli occupanti<\/strong>.  <\/p>\n<p><strong>Vantaggi:<\/strong><\/p>\n<p>\u2705 <strong>Previene le collisioni con gli uccelli<\/strong> &#8211; I motivi e i rivestimenti appositamente studiati rendono il vetro visibile agli uccelli.<br \/>\u2705 <strong>Mantiene l&#8217;estetica<\/strong> &#8211; Design trasparente ed elegante senza ostruire la vista.<br \/>\u2705 <strong>Efficiente dal punto di vista energetico<\/strong> &#8211; Disponibile con <strong>rivestimenti a bassa emissione e a controllo solare<\/strong> per migliorare le prestazioni.<br \/>\u2705 <strong>Modelli personalizzabili<\/strong> &#8211; Diversi <strong>disegni a punti, a strisce o incisi<\/strong> per adattarsi a vari stili architettonici.<br \/>\u2705 <strong>Rispettoso dell&#8217;ambiente<\/strong> &#8211; Aiuta a preservare le popolazioni di uccelli e contribuisce alle pratiche edilizie sostenibili.<\/p>\n<p><strong>Applicazioni:<\/strong><\/p>\n<ul>\n<li><strong>Finestre commerciali e residenziali<\/strong><\/li>\n<li><strong>Facciate in vetro e facciate continue<\/strong><\/li>\n<li><strong>Balconi e ringhiere<\/strong><\/li>\n<li><strong>Edifici pubblici e grattacieli<\/strong><\/li>\n<li><strong>Aeroporti e centri di trasporto<\/strong><\/li>\n<\/ul>\n<p>Il nostro <strong>vetro Bird Friendly<\/strong> \u00e8 una <strong>scelta intelligente e sostenibile<\/strong> per gli architetti, i progettisti e gli sviluppatori che vogliono trovare <strong>un equilibrio tra estetica, sicurezza e responsabilit\u00e0 ambientale<\/strong>.<\/p>\n\t\t\t\t\t\t\t\t<\/div>\n\t\t\t\t<\/div>\n\t\t\t\t<div class=\"elementor-element elementor-element-444a06be elementor-widget elementor-widget-heading\" data-id=\"444a06be\" data-element_type=\"widget\" data-e-type=\"widget\" data-widget_type=\"heading.default\">\n\t\t\t\t<div class=\"elementor-widget-container\">\n\t\t\t\t\t<h2 class=\"elementor-heading-title elementor-size-default\">GRAZIE ALL'AMPIA GAMMA DI PRODOTTI BIRD-FRIENDLY, POSSIAMO OTTENERE UN RISULTATO FONDAMENTALE NELLA PROTEZIONE DEGLI UCCELLI.<\/h2>\t\t\t\t<\/div>\n\t\t\t\t<\/div>\n\t\t\t\t\t<\/div>\n\t\t\t\t<\/div>\n\t\t<div class=\"elementor-element elementor-element-2dd3b4fc e-flex e-con-boxed e-con e-parent\" data-id=\"2dd3b4fc\" data-element_type=\"container\" data-e-type=\"container\" data-settings=\"{&quot;background_background&quot;:&quot;classic&quot;,&quot;background_motion_fx_motion_fx_scrolling&quot;:&quot;yes&quot;,&quot;background_motion_fx_translateY_effect&quot;:&quot;yes&quot;,&quot;background_motion_fx_translateY_speed&quot;:{&quot;unit&quot;:&quot;px&quot;,&quot;size&quot;:4,&quot;sizes&quot;:[]},&quot;background_motion_fx_translateY_affectedRange&quot;:{&quot;unit&quot;:&quot;%&quot;,&quot;size&quot;:&quot;&quot;,&quot;sizes&quot;:{&quot;start&quot;:0,&quot;end&quot;:100}},&quot;background_motion_fx_devices&quot;:[&quot;desktop&quot;,&quot;tablet&quot;,&quot;mobile&quot;]}\">\n\t\t\t\t\t<div class=\"e-con-inner\">\n\t\t\t\t\t<\/div>\n\t\t\t\t<\/div>\n\t\t<div class=\"elementor-element elementor-element-72648d03 e-flex e-con-boxed e-con e-parent\" data-id=\"72648d03\" data-element_type=\"container\" data-e-type=\"container\" data-settings=\"{&quot;background_background&quot;:&quot;classic&quot;}\">\n\t\t\t\t\t<div class=\"e-con-inner\">\n\t\t\t\t<div class=\"elementor-element elementor-element-84b04b4 elementor-widget elementor-widget-heading\" data-id=\"84b04b4\" data-element_type=\"widget\" data-e-type=\"widget\" data-widget_type=\"heading.default\">\n\t\t\t\t<div class=\"elementor-widget-container\">\n\t\t\t\t\t<h2 class=\"elementor-heading-title elementor-size-default\">COSA POSSIAMO OFFRIRE<\/h2>\t\t\t\t<\/div>\n\t\t\t\t<\/div>\n\t\t\t\t<div class=\"elementor-element elementor-element-56d01616 elementor-widget elementor-widget-text-editor\" data-id=\"56d01616\" data-element_type=\"widget\" data-e-type=\"widget\" data-widget_type=\"text-editor.default\">\n\t\t\t\t<div class=\"elementor-widget-container\">\n\t\t\t\t\t\t\t\t\t<div class=\"flex_column av-4uxy79x-7268dfc118482086aedf440d2deaabac av_three_fifth avia-builder-el-40 el_after_av_one_fifth el_before_av_one_fifth flex_column_div av-zero-column-padding \">\n<div id=\"submenu\" class=\"av-special-heading av-lptovpwv-7413c2b34668db7024a73fcd83fd5bdb av-special-heading-h2 custom-color-heading blockquote modern-quote modern-centered avia-builder-el-44 el_after_av_hr avia-builder-el-last heading-semi-cons av-inherit-size\">\u00a0<\/div>\n<\/div>\n<div class=\"flex_column av-53xw5it-92ab71d08640d3148cc755906337ed69 av_one_fifth avia-builder-el-45 el_after_av_three_fifth el_before_av_one_full flex_column_div \">\u00a0<\/div>\n<div class=\"flex_column av-l16cx6sv-824537a4f03b21aac7a6f2a34b34c4cf av_one_full avia-builder-el-46 el_after_av_one_fifth el_before_av_section avia-builder-el-last first flex_column_div av-zero-column-padding column-top-margin\">\n<section id=\"table-responsvie\" class=\"av_textblock_section av-l168nw7v-5dd7e9564d4585f2c8f9184a52d82018 \">\n<div class=\"avia_textblock text-30years-gray\">\n<table border=\"1\" width=\"390\" cellspacing=\"0\" cellpadding=\"0\">\n<tbody>\n<tr>\n<td><strong>Nome<\/strong><\/td>\n<td><strong>Frittura per uccelli<\/strong><\/td>\n<td><strong>Saflex<sup>TM<\/sup>\u00a0FlySafe<sup>TM<\/sup>\u00a03D<\/strong><\/td>\n<td>\n<p class=\"page-title\"><strong>ORNILUX\u00ae<\/strong><\/p>\n<\/td>\n<\/tr>\n<tr>\n<td>\n<p>Tecnologia<\/p>\n<\/td>\n<td>\n<ul>\n<li>digitale stampa*<\/li>\n<li>serigrafia*<\/li>\n<\/ul>\n<\/td>\n<td>lamina PVB<\/td>\n<td>vetro rivestito UV<\/td>\n<\/tr>\n<tr>\n<td>Posizione nella vetrata isolante<\/td>\n<td>1\u00b0 pannello (esterno)<\/td>\n<td>Come pannello laminato esterno<\/td>\n<td>1\u00b0- 2\u00b0-3\u00b0 posizione<\/td>\n<\/tr>\n<tr>\n<td>Capacit\u00e0 di produzione<\/td>\n<td>\n<ul>\n<li>vetro singolo<\/li>\n<li>assemblaggio<\/li>\n<li>laminazione<\/li>\n<li>tempra<\/li>\n<\/ul>\n<\/td>\n<td>\n<ul>\n<li>vetro singolo \u2013 VSG<\/li>\n<li>assemblaggio<\/li>\n<li>laminazione<\/li>\n<li>tempra<\/li>\n<\/ul>\n<\/td>\n<td>\n<ul>\n<li>non applicabile al vetro singolo vetro<\/li>\n<li>assemblaggio<\/li>\n<li>laminazione<\/li>\n<li>tempra<\/li>\n<\/ul>\n<\/td>\n<\/tr>\n<\/tbody>\n<\/table>\n<p>La gamma di vetri Bird-Friendly \u00e8 disponibile su ordinazione. La disponibilit\u00e0 del prodotto e le capacit\u00e0 produttive devono essere confermate con l&#8217;ufficio vendite prima dell&#8217;ordine.<\/p>\n<p>* Il design del modello deve essere fornito dal cliente.<\/p>\n<\/div>\n<\/section>\n<\/div>\n\t\t\t\t\t\t\t\t<\/div>\n\t\t\t\t<\/div>\n\t\t\t\t\t<\/div>\n\t\t\t\t<\/div>\n\t\t<div class=\"elementor-element elementor-element-14e5e673 e-flex e-con-boxed e-con e-parent\" data-id=\"14e5e673\" data-element_type=\"container\" data-e-type=\"container\" data-settings=\"{&quot;background_background&quot;:&quot;classic&quot;,&quot;background_motion_fx_motion_fx_scrolling&quot;:&quot;yes&quot;,&quot;background_motion_fx_translateY_effect&quot;:&quot;yes&quot;,&quot;background_motion_fx_translateY_speed&quot;:{&quot;unit&quot;:&quot;px&quot;,&quot;size&quot;:4,&quot;sizes&quot;:[]},&quot;background_motion_fx_translateY_affectedRange&quot;:{&quot;unit&quot;:&quot;%&quot;,&quot;size&quot;:&quot;&quot;,&quot;sizes&quot;:{&quot;start&quot;:0,&quot;end&quot;:100}},&quot;background_motion_fx_devices&quot;:[&quot;desktop&quot;,&quot;tablet&quot;,&quot;mobile&quot;]}\">\n\t\t\t\t\t<div class=\"e-con-inner\">\n\t\t\t\t<div class=\"elementor-element elementor-element-3fa20928 elementor-widget elementor-widget-heading\" data-id=\"3fa20928\" data-element_type=\"widget\" data-e-type=\"widget\" data-widget_type=\"heading.default\">\n\t\t\t\t<div class=\"elementor-widget-container\">\n\t\t\t\t\t<h2 class=\"elementor-heading-title elementor-size-default\">Modifichiamo costantemente i nostri processi produttivi e cambiamo le nostre abitudini per limitare gli effetti negativi sull'ambiente.<\/h2>\t\t\t\t<\/div>\n\t\t\t\t<\/div>\n\t\t\t\t<div class=\"elementor-element elementor-element-1e30ddc2 elementor-widget elementor-widget-text-editor\" data-id=\"1e30ddc2\" data-element_type=\"widget\" data-e-type=\"widget\" data-widget_type=\"text-editor.default\">\n\t\t\t\t<div class=\"elementor-widget-container\">\n\t\t\t\t\t\t\t\t\t<p>Per facilitare i cambiamenti, abbiamo adottato la norma ISO 14001, il sistema di gestione mondiale per la tutela dell&#8217;ambiente.<\/p>\n\t\t\t\t\t\t\t\t<\/div>\n\t\t\t\t<\/div>\n\t\t\t\t<div class=\"elementor-element elementor-element-db4c820 elementor-align-center elementor-widget elementor-widget-button\" data-id=\"db4c820\" data-element_type=\"widget\" data-e-type=\"widget\" data-widget_type=\"button.default\">\n\t\t\t\t<div class=\"elementor-widget-container\">\n\t\t\t\t\t\t\t\t\t<div class=\"elementor-button-wrapper\">\n\t\t\t\t\t<a class=\"elementor-button elementor-button-link elementor-size-sm\" href=\"https:\/\/tgrupcam.com\/index.php\/contatto\/?lang=it\">\n\t\t\t\t\t\t<span class=\"elementor-button-content-wrapper\">\n\t\t\t\t\t\t\t\t\t<span class=\"elementor-button-text\">Contattaci<\/span>\n\t\t\t\t\t<\/span>\n\t\t\t\t\t<\/a>\n\t\t\t\t<\/div>\n\t\t\t\t\t\t\t\t<\/div>\n\t\t\t\t<\/div>\n\t\t\t\t\t<\/div>\n\t\t\t\t<\/div>\n\t\t\t\t<\/div>\n\t\t","protected":false},"excerpt":{"rendered":"<p>VETRO AMICO DEGLI UCCELLI SUL VETRO AMICO DEGLI UCCELLI Noi di T Grup Cam offriamo vetri Bird Friendly Glass, appositamente progettati per ridurre le collisioni con gli uccelli mantenendo chiarezza, estetica ed efficienza energetica. Ogni anno milioni di uccelli vengono feriti o persi a causa di collisioni con facciate e finestre in vetro. Le nostre [&hellip;]<\/p>\n","protected":false},"author":1,"featured_media":0,"parent":2504,"menu_order":0,"comment_status":"closed","ping_status":"closed","template":"elementor_header_footer","meta":{"footnotes":""},"class_list":["post-2173","page","type-page","status-publish","hentry"],"_links":{"self":[{"href":"https:\/\/tgrupcam.com\/index.php\/wp-json\/wp\/v2\/pages\/2173","targetHints":{"allow":["GET"]}}],"collection":[{"href":"https:\/\/tgrupcam.com\/index.php\/wp-json\/wp\/v2\/pages"}],"about":[{"href":"https:\/\/tgrupcam.com\/index.php\/wp-json\/wp\/v2\/types\/page"}],"author":[{"embeddable":true,"href":"https:\/\/tgrupcam.com\/index.php\/wp-json\/wp\/v2\/users\/1"}],"replies":[{"embeddable":true,"href":"https:\/\/tgrupcam.com\/index.php\/wp-json\/wp\/v2\/comments?post=2173"}],"version-history":[{"count":0,"href":"https:\/\/tgrupcam.com\/index.php\/wp-json\/wp\/v2\/pages\/2173\/revisions"}],"up":[{"embeddable":true,"href":"https:\/\/tgrupcam.com\/index.php\/wp-json\/wp\/v2\/pages\/2504"}],"wp:attachment":[{"href":"https:\/\/tgrupcam.com\/index.php\/wp-json\/wp\/v2\/media?parent=2173"}],"curies":[{"name":"wp","href":"https:\/\/api.w.org\/{rel}","templated":true}]}}