{"id":2177,"date":"2025-02-05T11:56:06","date_gmt":"2025-02-05T08:56:06","guid":{"rendered":"https:\/\/tgrupcam.com\/index.php\/sticla-prietenoasa-cu-pasarile\/"},"modified":"2025-06-03T18:28:52","modified_gmt":"2025-06-03T15:28:52","slug":"sticla-prietenoasa-cu-pasarile","status":"publish","type":"page","link":"https:\/\/tgrupcam.com\/index.php\/oferta-de-piata\/sticla-speciala\/sticla-prietenoasa-cu-pasarile\/?lang=ro","title":{"rendered":"Sticl\u0103 prietenoas\u0103 cu p\u0103s\u0103rile"},"content":{"rendered":"\t\t<div data-elementor-type=\"wp-page\" data-elementor-id=\"2177\" class=\"elementor elementor-2177 elementor-62\" data-elementor-post-type=\"page\">\n\t\t\t\t<div class=\"elementor-element elementor-element-3aa35b0a e-con-full e-flex e-con e-parent\" data-id=\"3aa35b0a\" data-element_type=\"container\" data-e-type=\"container\" data-settings=\"{&quot;background_background&quot;:&quot;classic&quot;,&quot;shape_divider_bottom&quot;:&quot;opacity-fan&quot;}\">\n\t\t\t\t<div class=\"elementor-shape elementor-shape-bottom\" aria-hidden=\"true\" data-negative=\"false\">\n\t\t\t<svg xmlns=\"http:\/\/www.w3.org\/2000\/svg\" viewBox=\"0 0 283.5 19.6\" preserveAspectRatio=\"none\">\n\t<path class=\"elementor-shape-fill\" style=\"opacity:0.33\" d=\"M0 0L0 18.8 141.8 4.1 283.5 18.8 283.5 0z\"\/>\n\t<path class=\"elementor-shape-fill\" style=\"opacity:0.33\" d=\"M0 0L0 12.6 141.8 4 283.5 12.6 283.5 0z\"\/>\n\t<path class=\"elementor-shape-fill\" style=\"opacity:0.33\" d=\"M0 0L0 6.4 141.8 4 283.5 6.4 283.5 0z\"\/>\n\t<path class=\"elementor-shape-fill\" d=\"M0 0L0 1.2 141.8 4 283.5 1.2 283.5 0z\"\/>\n<\/svg>\t\t<\/div>\n\t\t\t\t<div class=\"elementor-element elementor-element-20cc2774 elementor-widget elementor-widget-heading\" data-id=\"20cc2774\" data-element_type=\"widget\" data-e-type=\"widget\" data-widget_type=\"heading.default\">\n\t\t\t\t<div class=\"elementor-widget-container\">\n\t\t\t\t\t<h2 class=\"elementor-heading-title elementor-size-default\">STICL\u0102 PRIETENOAS\u0102 CU P\u0102S\u0102RILE<\/h2>\t\t\t\t<\/div>\n\t\t\t\t<\/div>\n\t\t\t\t<\/div>\n\t\t<div class=\"elementor-element elementor-element-2d423620 e-flex e-con-boxed e-con e-parent\" data-id=\"2d423620\" data-element_type=\"container\" data-e-type=\"container\">\n\t\t\t\t\t<div class=\"e-con-inner\">\n\t\t\t\t<div class=\"elementor-element elementor-element-79c2d13a elementor-widget elementor-widget-heading\" data-id=\"79c2d13a\" data-element_type=\"widget\" data-e-type=\"widget\" data-widget_type=\"heading.default\">\n\t\t\t\t<div class=\"elementor-widget-container\">\n\t\t\t\t\t<h2 class=\"elementor-heading-title elementor-size-default\">DESPRE STICLA PRIETENOAS\u0102 CU P\u0102S\u0102RILE<\/h2>\t\t\t\t<\/div>\n\t\t\t\t<\/div>\n\t\t\t\t<div class=\"elementor-element elementor-element-e92c8e5 elementor-widget elementor-widget-text-editor\" data-id=\"e92c8e5\" data-element_type=\"widget\" data-e-type=\"widget\" data-widget_type=\"text-editor.default\">\n\t\t\t\t<div class=\"elementor-widget-container\">\n\t\t\t\t\t\t\t\t\t<p>La <strong>T Grup Cam<\/strong>, oferim <strong>sticl\u0103 Bird Friendly<\/strong>, special conceput\u0103 pentru a <strong>reduce coliziunile cu p\u0103s\u0103rile<\/strong>, men\u021bin\u00e2nd \u00een acela\u0219i timp <strong>claritatea, estetica \u0219i eficien\u021ba energetic\u0103<\/strong>. Milioane de p\u0103s\u0103ri sunt r\u0103nite sau pierdute \u00een fiecare an din cauza coliziunilor cu fa\u021badele \u0219i ferestrele din sticl\u0103. <strong>Solu\u021biile<\/strong> noastre <strong>avansate de sticl\u0103<\/strong> \u00eencorporeaz\u0103 <strong>modele speciale, acoperiri \u0219i modele reflectorizante UV<\/strong> pentru a spori <strong>vizibilitatea pentru p\u0103s\u0103ri, r\u0103m\u00e2n\u00e2nd \u00een acela\u0219i timp discrete pentru ocupan\u021bii umani<\/strong>.  <\/p>\n<p><strong>Beneficii:<\/strong><\/p>\n<p>\u2705 <strong>Previne ciocnirile cu p\u0103s\u0103rile<\/strong> &#8211; Modelele \u0219i straturile special concepute fac sticla vizibil\u0103 pentru p\u0103s\u0103ri.<br \/>\u2705 <strong>Men\u021bine farmecul estetic<\/strong> &#8211; Design transparent \u0219i elegant, f\u0103r\u0103 a obstruc\u021biona vederile.<br \/>\u2705 <strong>Eficient energetic<\/strong> &#8211; Disponibil cu <strong>acoperiri cu emisii reduse \u0219i control solar<\/strong> pentru performan\u021be sporite.<br \/>\u2705 <strong>Modele personalizabile<\/strong> &#8211; Diferite <strong>modele cu puncte, dungi sau gravate<\/strong> pentru a se potrivi diferitelor stiluri arhitecturale.<br \/>\u2705 <strong>Ecologic<\/strong> &#8211; Ajut\u0103 la conservarea popula\u021biilor de p\u0103s\u0103ri, contribuind \u00een acela\u0219i timp la practicile de construc\u021bie durabile.<\/p>\n<p><strong>Aplica\u021bii:<\/strong><\/p>\n<ul>\n<li><strong>Ferestre comerciale \u0219i reziden\u021biale<\/strong><\/li>\n<li><strong>Fa\u021bade din sticl\u0103 \u0219i pere\u021bi cortin\u0103<\/strong><\/li>\n<li><strong>Balcoane \u0219i balustrade<\/strong><\/li>\n<li><strong>Cl\u0103diri publice \u0219i zg\u00e2rie-nori<\/strong><\/li>\n<li><strong>Aeroporturi \u0219i centre de transport<\/strong><\/li>\n<\/ul>\n<p><strong>Sticla<\/strong> noastr\u0103 <strong>Bird Friendly<\/strong> este o <strong>alegere inteligent\u0103 \u0219i durabil\u0103<\/strong> pentru arhitec\u021bi, designeri \u0219i dezvoltatori care doresc s\u0103 <strong>echilibreze estetica, siguran\u021ba \u0219i responsabilitatea fa\u021b\u0103 de mediu<\/strong>.<\/p>\n\t\t\t\t\t\t\t\t<\/div>\n\t\t\t\t<\/div>\n\t\t\t\t<div class=\"elementor-element elementor-element-444a06be elementor-widget elementor-widget-heading\" data-id=\"444a06be\" data-element_type=\"widget\" data-e-type=\"widget\" data-widget_type=\"heading.default\">\n\t\t\t\t<div class=\"elementor-widget-container\">\n\t\t\t\t\t<h2 class=\"elementor-heading-title elementor-size-default\">DATORIT\u0102 GAMEI LARGI DE PRODUSE PRIETENOASE CU P\u0102S\u0102RILE, PUTEM OB\u021aINE UN REZULTAT CRUCIAL \u00ceN PROTEC\u021aIA P\u0102S\u0102RILOR<\/h2>\t\t\t\t<\/div>\n\t\t\t\t<\/div>\n\t\t\t\t\t<\/div>\n\t\t\t\t<\/div>\n\t\t<div class=\"elementor-element elementor-element-2dd3b4fc e-flex e-con-boxed e-con e-parent\" data-id=\"2dd3b4fc\" data-element_type=\"container\" data-e-type=\"container\" data-settings=\"{&quot;background_background&quot;:&quot;classic&quot;,&quot;background_motion_fx_motion_fx_scrolling&quot;:&quot;yes&quot;,&quot;background_motion_fx_translateY_effect&quot;:&quot;yes&quot;,&quot;background_motion_fx_translateY_speed&quot;:{&quot;unit&quot;:&quot;px&quot;,&quot;size&quot;:4,&quot;sizes&quot;:[]},&quot;background_motion_fx_translateY_affectedRange&quot;:{&quot;unit&quot;:&quot;%&quot;,&quot;size&quot;:&quot;&quot;,&quot;sizes&quot;:{&quot;start&quot;:0,&quot;end&quot;:100}},&quot;background_motion_fx_devices&quot;:[&quot;desktop&quot;,&quot;tablet&quot;,&quot;mobile&quot;]}\">\n\t\t\t\t\t<div class=\"e-con-inner\">\n\t\t\t\t\t<\/div>\n\t\t\t\t<\/div>\n\t\t<div class=\"elementor-element elementor-element-72648d03 e-flex e-con-boxed e-con e-parent\" data-id=\"72648d03\" data-element_type=\"container\" data-e-type=\"container\" data-settings=\"{&quot;background_background&quot;:&quot;classic&quot;}\">\n\t\t\t\t\t<div class=\"e-con-inner\">\n\t\t\t\t<div class=\"elementor-element elementor-element-84b04b4 elementor-widget elementor-widget-heading\" data-id=\"84b04b4\" data-element_type=\"widget\" data-e-type=\"widget\" data-widget_type=\"heading.default\">\n\t\t\t\t<div class=\"elementor-widget-container\">\n\t\t\t\t\t<h2 class=\"elementor-heading-title elementor-size-default\">SO SHAJ TE OFERAS<\/h2>\t\t\t\t<\/div>\n\t\t\t\t<\/div>\n\t\t\t\t<div class=\"elementor-element elementor-element-56d01616 elementor-widget elementor-widget-text-editor\" data-id=\"56d01616\" data-element_type=\"widget\" data-e-type=\"widget\" data-widget_type=\"text-editor.default\">\n\t\t\t\t<div class=\"elementor-widget-container\">\n\t\t\t\t\t\t\t\t\t<div class=\"flex_column av-4uxy79x-7268dfc118482086aedf440d2deaabac av_three_fifth avia-builder-el-40 el_after_av_one_fifth el_before_av_one_fifth flex_column av_column_v-di-v-di-v-di-di-di-dilo id=\"submenu\" class=\"av-special-heading av-lptovpwv-7413c2b34668db7024a73fcd83fd5bdb av-special-heading-h2 custom-color-heading blockquote modern-quote modern-centred avia-builder-avel_after_44 avia-builder-el-last heading-semi-cons av-inherit-size\">\u00a0<\/div>\n<\/div>\n<div class=\"flex_column av-53xw5it-92ab71d08640d3148cc755906337ed69 av_one_fifth avia-builder-45 el_after_av_three_fifth el_before_av_one_full flex_column_div \">\u00a0<\/div>\n<div class=\"flex_column av-l16cx6sv-824537a4f03b21aac7a6f2a34b34c4cf av_one a_builder-via-46 el_after_av_one_fifth el_before_av_section avia-builder-el-last first flex_column_div av-zero-column-padding column-top-margin\">\n<section id=\"table-responsvie\" class=\"av_textblock_section av-l168nw7v-5dd7e9564d4585f2c8f9184a52d82018 \">\n<div class=\"avia_textblock text-30years-gray\">\n<table border=\"1\" width=\"390\" cellspacing=\"0\" cellpadding=\"0\">\n<tbody>\n<tr>\n<td><strong>Name<\/strong><\/td>\n<td><strong>Bird frit<\/strong><\/td>\n<td><strong>Saflex<sup>TM<\/sup>\u00a0FlySafe<sup>TM<\/sup>\u00a03D<\/strong><\/td>\n<td>\n<p class=\"page-title\"><strong>ORNILUX\u00ae<\/strong><\/p>\n<\/td>\n<\/tr>\n<tr>\n<td>\n<p>Tehnologia<\/p>\n<\/td>\n<td>\n<ul>\n<li>digitalno print*<\/li>\n<li>silk-screen printing*<\/li>\n<\/ul>\n<\/td>\n<td>PVB foil<\/i><\/UVt staklo<\/td>\n<\/tr>\n<tr>\n<td>Pozicia an\u03b8-o IGU<\/td>\n<td>1-to \u015bero (avrutno)<\/td>\n<td>Sar jekh avruno lamin\u00e0to \u015bero<\/td>\n<td>1-to- 2-to -3-to Pozicia<\/td>\n<\/tr>\n<tr>\n<td>Produkciaqe \u015bajutnimata<\/t><d><\/p>\n<li>single staklo<\/li>\n<li>motiripe<\/li>\n<li>laminacia<\/li>\n<li>temperipe<\/li>\n<\/ul>\n<\/td>\n<td>\n<ul>\n<li>jekh staklo \u2013 VSG<\/li>\n<li>motiripe<\/li>\n<li>laminacia<\/li>\n<li>temperiripe<\/li>\n<\/ul>\n<\/td>\n<td>\n<ul>\n<li>na aplikabilno pe jekh staklo<\/li>\n<li>motiripe<\/li>\n<li>laminacia<\/li>\n<li>temperipe<\/li>\n<\/ul>\n<\/td>\n<\/tr>\n<\/tbody>\n<p><\/mesa><\/p>\n<p>I staklo Bird-Friendly si disponibilo te manges. I produkciaqi disponibilit\u00e8ta thaj e produkciaqe \u015bajutnimata trebal te aven konfirmime e Departamento\u00e7a va\u015b e Bikinimata anglal o \u00f2rdino.<\/p>\n<p>* O dizajno e modelosqo trebal te avel dino katar o Kusto.<\/p>\n<\/div>\n<\/section>\n<\/div>\n\t\t\t\t\t\t\t\t<\/div>\n\t\t\t\t<\/div>\n\t\t\t\t\t<\/div>\n\t\t\t\t<\/div>\n\t\t<div class=\"elementor-element elementor-element-14e5e673 e-flex e-con-boxed e-con e-parent\" data-id=\"14e5e673\" data-element_type=\"container\" data-e-type=\"container\" data-settings=\"{&quot;background_background&quot;:&quot;classic&quot;,&quot;background_motion_fx_motion_fx_scrolling&quot;:&quot;yes&quot;,&quot;background_motion_fx_translateY_effect&quot;:&quot;yes&quot;,&quot;background_motion_fx_translateY_speed&quot;:{&quot;unit&quot;:&quot;px&quot;,&quot;size&quot;:4,&quot;sizes&quot;:[]},&quot;background_motion_fx_translateY_affectedRange&quot;:{&quot;unit&quot;:&quot;%&quot;,&quot;size&quot;:&quot;&quot;,&quot;sizes&quot;:{&quot;start&quot;:0,&quot;end&quot;:100}},&quot;background_motion_fx_devices&quot;:[&quot;desktop&quot;,&quot;tablet&quot;,&quot;mobile&quot;]}\">\n\t\t\t\t\t<div class=\"e-con-inner\">\n\t\t\t\t<div class=\"elementor-element elementor-element-3fa20928 elementor-widget elementor-widget-heading\" data-id=\"3fa20928\" data-element_type=\"widget\" data-e-type=\"widget\" data-widget_type=\"heading.default\">\n\t\t\t\t<div class=\"elementor-widget-container\">\n\t\t\t\t\t<h2 class=\"elementor-heading-title elementor-size-default\">Ne modific\u0103m constant procesele de produc\u021bie \u0219i ne schimb\u0103m obiceiurile pentru a limita efectul negativ asupra mediului.<\/h2>\t\t\t\t<\/div>\n\t\t\t\t<\/div>\n\t\t\t\t<div class=\"elementor-element elementor-element-1e30ddc2 elementor-widget elementor-widget-text-editor\" data-id=\"1e30ddc2\" data-element_type=\"widget\" data-e-type=\"widget\" data-widget_type=\"text-editor.default\">\n\t\t\t\t<div class=\"elementor-widget-container\">\n\t\t\t\t\t\t\t\t\t<p>Pentru a facilita schimb\u0103rile, am adoptat ISO 14001, sistemul mondial de management pentru protec\u021bia mediului.<\/p>\n\t\t\t\t\t\t\t\t<\/div>\n\t\t\t\t<\/div>\n\t\t\t\t<div class=\"elementor-element elementor-element-db4c820 elementor-align-center elementor-widget elementor-widget-button\" data-id=\"db4c820\" data-element_type=\"widget\" data-e-type=\"widget\" data-widget_type=\"button.default\">\n\t\t\t\t<div class=\"elementor-widget-container\">\n\t\t\t\t\t\t\t\t\t<div class=\"elementor-button-wrapper\">\n\t\t\t\t\t<a class=\"elementor-button elementor-button-link elementor-size-sm\" href=\"https:\/\/tgrupcam.com\/index.php\/kontakto\/?lang=ro\">\n\t\t\t\t\t\t<span class=\"elementor-button-content-wrapper\">\n\t\t\t\t\t\t\t\t\t<span class=\"elementor-button-text\">Contacta\u021bi-ne<\/span>\n\t\t\t\t\t<\/span>\n\t\t\t\t\t<\/a>\n\t\t\t\t<\/div>\n\t\t\t\t\t\t\t\t<\/div>\n\t\t\t\t<\/div>\n\t\t\t\t\t<\/div>\n\t\t\t\t<\/div>\n\t\t\t\t<\/div>\n\t\t","protected":false},"excerpt":{"rendered":"<p>STICL\u0102 PRIETENOAS\u0102 CU P\u0102S\u0102RILE DESPRE STICLA PRIETENOAS\u0102 CU P\u0102S\u0102RILE La T Grup Cam, oferim sticl\u0103 Bird Friendly, special conceput\u0103 pentru a reduce coliziunile cu p\u0103s\u0103rile, men\u021bin\u00e2nd \u00een acela\u0219i timp claritatea, estetica \u0219i eficien\u021ba energetic\u0103. Milioane de p\u0103s\u0103ri sunt r\u0103nite sau pierdute \u00een fiecare an din cauza coliziunilor cu fa\u021badele \u0219i ferestrele din sticl\u0103. Solu\u021biile noastre [&hellip;]<\/p>\n","protected":false},"author":1,"featured_media":0,"parent":2505,"menu_order":0,"comment_status":"closed","ping_status":"closed","template":"elementor_header_footer","meta":{"footnotes":""},"class_list":["post-2177","page","type-page","status-publish","hentry"],"_links":{"self":[{"href":"https:\/\/tgrupcam.com\/index.php\/wp-json\/wp\/v2\/pages\/2177","targetHints":{"allow":["GET"]}}],"collection":[{"href":"https:\/\/tgrupcam.com\/index.php\/wp-json\/wp\/v2\/pages"}],"about":[{"href":"https:\/\/tgrupcam.com\/index.php\/wp-json\/wp\/v2\/types\/page"}],"author":[{"embeddable":true,"href":"https:\/\/tgrupcam.com\/index.php\/wp-json\/wp\/v2\/users\/1"}],"replies":[{"embeddable":true,"href":"https:\/\/tgrupcam.com\/index.php\/wp-json\/wp\/v2\/comments?post=2177"}],"version-history":[{"count":0,"href":"https:\/\/tgrupcam.com\/index.php\/wp-json\/wp\/v2\/pages\/2177\/revisions"}],"up":[{"embeddable":true,"href":"https:\/\/tgrupcam.com\/index.php\/wp-json\/wp\/v2\/pages\/2505"}],"wp:attachment":[{"href":"https:\/\/tgrupcam.com\/index.php\/wp-json\/wp\/v2\/media?parent=2177"}],"curies":[{"name":"wp","href":"https:\/\/api.w.org\/{rel}","templated":true}]}}