{"id":2184,"date":"2025-02-05T11:56:06","date_gmt":"2025-02-05T08:56:06","guid":{"rendered":"https:\/\/tgrupcam.com\/index.php\/madarbarat-uveg\/"},"modified":"2025-06-03T18:30:18","modified_gmt":"2025-06-03T15:30:18","slug":"madarbarat-uveg","status":"publish","type":"page","link":"https:\/\/tgrupcam.com\/index.php\/piaci-ajanlat\/specialis-uveg\/madarbarat-uveg\/?lang=hu","title":{"rendered":"Mad\u00e1rbar\u00e1t \u00fcveg"},"content":{"rendered":"\t\t<div data-elementor-type=\"wp-page\" data-elementor-id=\"2184\" class=\"elementor elementor-2184 elementor-62\" data-elementor-post-type=\"page\">\n\t\t\t\t<div class=\"elementor-element elementor-element-3aa35b0a e-con-full e-flex e-con e-parent\" data-id=\"3aa35b0a\" data-element_type=\"container\" data-e-type=\"container\" data-settings=\"{&quot;background_background&quot;:&quot;classic&quot;,&quot;shape_divider_bottom&quot;:&quot;opacity-fan&quot;}\">\n\t\t\t\t<div class=\"elementor-shape elementor-shape-bottom\" aria-hidden=\"true\" data-negative=\"false\">\n\t\t\t<svg xmlns=\"http:\/\/www.w3.org\/2000\/svg\" viewBox=\"0 0 283.5 19.6\" preserveAspectRatio=\"none\">\n\t<path class=\"elementor-shape-fill\" style=\"opacity:0.33\" d=\"M0 0L0 18.8 141.8 4.1 283.5 18.8 283.5 0z\"\/>\n\t<path class=\"elementor-shape-fill\" style=\"opacity:0.33\" d=\"M0 0L0 12.6 141.8 4 283.5 12.6 283.5 0z\"\/>\n\t<path class=\"elementor-shape-fill\" style=\"opacity:0.33\" d=\"M0 0L0 6.4 141.8 4 283.5 6.4 283.5 0z\"\/>\n\t<path class=\"elementor-shape-fill\" d=\"M0 0L0 1.2 141.8 4 283.5 1.2 283.5 0z\"\/>\n<\/svg>\t\t<\/div>\n\t\t\t\t<div class=\"elementor-element elementor-element-20cc2774 elementor-widget elementor-widget-heading\" data-id=\"20cc2774\" data-element_type=\"widget\" data-e-type=\"widget\" data-widget_type=\"heading.default\">\n\t\t\t\t<div class=\"elementor-widget-container\">\n\t\t\t\t\t<h2 class=\"elementor-heading-title elementor-size-default\">MAD\u00c1RBAR\u00c1T \u00dcVEG<\/h2>\t\t\t\t<\/div>\n\t\t\t\t<\/div>\n\t\t\t\t<\/div>\n\t\t<div class=\"elementor-element elementor-element-2d423620 e-flex e-con-boxed e-con e-parent\" data-id=\"2d423620\" data-element_type=\"container\" data-e-type=\"container\">\n\t\t\t\t\t<div class=\"e-con-inner\">\n\t\t\t\t<div class=\"elementor-element elementor-element-79c2d13a elementor-widget elementor-widget-heading\" data-id=\"79c2d13a\" data-element_type=\"widget\" data-e-type=\"widget\" data-widget_type=\"heading.default\">\n\t\t\t\t<div class=\"elementor-widget-container\">\n\t\t\t\t\t<h2 class=\"elementor-heading-title elementor-size-default\">A MAD\u00c1RBAR\u00c1T \u00dcVEGR\u0150L<\/h2>\t\t\t\t<\/div>\n\t\t\t\t<\/div>\n\t\t\t\t<div class=\"elementor-element elementor-element-e92c8e5 elementor-widget elementor-widget-text-editor\" data-id=\"e92c8e5\" data-element_type=\"widget\" data-e-type=\"widget\" data-widget_type=\"text-editor.default\">\n\t\t\t\t<div class=\"elementor-widget-container\">\n\t\t\t\t\t\t\t\t\t<p>A <strong>T Grup Cam-n\u00e9l<\/strong> <strong>mad\u00e1rbar\u00e1t \u00fcveget<\/strong> k\u00edn\u00e1lunk, amelyet kifejezetten \u00fagy terveztek, hogy <strong>cs\u00f6kkentse a madarak \u00fctk\u00f6z\u00e9s\u00e9t<\/strong>, ugyanakkor meg\u0151rizze <strong>a tisztas\u00e1got, az eszt\u00e9tik\u00e1t \u00e9s az energiahat\u00e9konys\u00e1got<\/strong>. \u00c9vente t\u00f6bb milli\u00f3 mad\u00e1r s\u00e9r\u00fcl meg vagy v\u00e9sz el az \u00fcveghomlokzatokkal \u00e9s ablakokkal val\u00f3 \u00fctk\u00f6z\u00e9sek miatt. <strong>Fejlett \u00fcvegmegold\u00e1saink<\/strong> <strong>speci\u00e1lis mint\u00e1kat, bevonatokat \u00e9s UV-reflektoros kialak\u00edt\u00e1sokat<\/strong> tartalmaznak, amelyek jav\u00edtj\u00e1k <strong>a madarak l\u00e1that\u00f3s\u00e1g\u00e1t, mik\u00f6zben az emberi lak\u00f3k sz\u00e1m\u00e1ra diszkr\u00e9tek maradnak<\/strong>.  <\/p>\n<p><strong>El\u0151ny\u00f6k:<\/strong><\/p>\n<p>\u2705 <strong>Megakad\u00e1lyozza a madarak \u00fctk\u00f6z\u00e9s\u00e9t<\/strong> &#8211; A speci\u00e1lisan tervezett mint\u00e1k \u00e9s bevonatok l\u00e1that\u00f3v\u00e1 teszik az \u00fcveget a madarak sz\u00e1m\u00e1ra.<br \/>\u2705 <strong>Fenntartja az eszt\u00e9tikai vonzer\u0151t<\/strong> &#8211; \u00c1tl\u00e1tsz\u00f3 \u00e9s st\u00edlusos kialak\u00edt\u00e1s a kil\u00e1t\u00e1s akad\u00e1lyoz\u00e1sa n\u00e9lk\u00fcl.<br \/>\u2705 <strong>Energiahat\u00e9kony<\/strong> &#8211; <strong>Alacsony kibocs\u00e1t\u00e1s\u00fa \u00e9s napv\u00e9d\u0151 bevonatokkal<\/strong> kaphat\u00f3 a fokozott teljes\u00edtm\u00e9ny \u00e9rdek\u00e9ben.<br \/>\u2705 <strong>Testreszabhat\u00f3 mint\u00e1k<\/strong> &#8211; K\u00fcl\u00f6nb\u00f6z\u0151 <strong>pont-, cs\u00edkos vagy maratott mint\u00e1k<\/strong> a k\u00fcl\u00f6nb\u00f6z\u0151 \u00e9p\u00edt\u00e9szeti st\u00edlusokhoz.<br \/>\u2705 <strong>K\u00f6rnyezetbar\u00e1t<\/strong> &#8211; Seg\u00edt meg\u0151rizni a mad\u00e1rpopul\u00e1ci\u00f3kat, mik\u00f6zben hozz\u00e1j\u00e1rul a fenntarthat\u00f3 \u00e9p\u00edt\u00e9si gyakorlatokhoz.<\/p>\n<p><strong>Alkalmaz\u00e1sok:<\/strong><\/p>\n<ul>\n<li><strong>Kereskedelmi \u00e9s lakoss\u00e1gi ablakok<\/strong><\/li>\n<li><strong>\u00dcveghomlokzatok \u00e9s f\u00fcgg\u00f6nyfalak<\/strong><\/li>\n<li><strong>Erk\u00e9lyek \u00e9s korl\u00e1tok<\/strong><\/li>\n<li><strong>K\u00f6z\u00e9p\u00fcletek \u00e9s felh\u0151karcol\u00f3k<\/strong><\/li>\n<li><strong>Rep\u00fcl\u0151t\u00e9r \u00e9s k\u00f6zleked\u00e9si csom\u00f3pontok<\/strong><\/li>\n<\/ul>\n<p><strong>Mad\u00e1rbar\u00e1t \u00fcveg\u00fcnk<\/strong> <strong>okos \u00e9s fenntarthat\u00f3 v\u00e1laszt\u00e1s<\/strong> \u00e9p\u00edt\u00e9szek, tervez\u0151k \u00e9s fejleszt\u0151k sz\u00e1m\u00e1ra, akik <strong>az eszt\u00e9tika, a biztons\u00e1g \u00e9s a k\u00f6rnyezeti felel\u0151ss\u00e9gv\u00e1llal\u00e1s egyens\u00faly\u00e1t<\/strong> keresik.<\/p>\n\t\t\t\t\t\t\t\t<\/div>\n\t\t\t\t<\/div>\n\t\t\t\t<div class=\"elementor-element elementor-element-444a06be elementor-widget elementor-widget-heading\" data-id=\"444a06be\" data-element_type=\"widget\" data-e-type=\"widget\" data-widget_type=\"heading.default\">\n\t\t\t\t<div class=\"elementor-widget-container\">\n\t\t\t\t\t<h2 class=\"elementor-heading-title elementor-size-default\">A MAD\u00c1RBAR\u00c1T TERM\u00c9KEK SZ\u00c9LES V\u00c1LASZT\u00c9K\u00c1NAK K\u00d6SZ\u00d6NHET\u0150EN D\u00d6NT\u0150 EREDM\u00c9NYT \u00c9RHET\u00dcNK EL A MAD\u00c1RV\u00c9DELEMBEN.<\/h2>\t\t\t\t<\/div>\n\t\t\t\t<\/div>\n\t\t\t\t\t<\/div>\n\t\t\t\t<\/div>\n\t\t<div class=\"elementor-element elementor-element-2dd3b4fc e-flex e-con-boxed e-con e-parent\" data-id=\"2dd3b4fc\" data-element_type=\"container\" data-e-type=\"container\" data-settings=\"{&quot;background_background&quot;:&quot;classic&quot;,&quot;background_motion_fx_motion_fx_scrolling&quot;:&quot;yes&quot;,&quot;background_motion_fx_translateY_effect&quot;:&quot;yes&quot;,&quot;background_motion_fx_translateY_speed&quot;:{&quot;unit&quot;:&quot;px&quot;,&quot;size&quot;:4,&quot;sizes&quot;:[]},&quot;background_motion_fx_translateY_affectedRange&quot;:{&quot;unit&quot;:&quot;%&quot;,&quot;size&quot;:&quot;&quot;,&quot;sizes&quot;:{&quot;start&quot;:0,&quot;end&quot;:100}},&quot;background_motion_fx_devices&quot;:[&quot;desktop&quot;,&quot;tablet&quot;,&quot;mobile&quot;]}\">\n\t\t\t\t\t<div class=\"e-con-inner\">\n\t\t\t\t\t<\/div>\n\t\t\t\t<\/div>\n\t\t<div class=\"elementor-element elementor-element-72648d03 e-flex e-con-boxed e-con e-parent\" data-id=\"72648d03\" data-element_type=\"container\" data-e-type=\"container\" data-settings=\"{&quot;background_background&quot;:&quot;classic&quot;}\">\n\t\t\t\t\t<div class=\"e-con-inner\">\n\t\t\t\t<div class=\"elementor-element elementor-element-84b04b4 elementor-widget elementor-widget-heading\" data-id=\"84b04b4\" data-element_type=\"widget\" data-e-type=\"widget\" data-widget_type=\"heading.default\">\n\t\t\t\t<div class=\"elementor-widget-container\">\n\t\t\t\t\t<h2 class=\"elementor-heading-title elementor-size-default\">Amit k\u00edn\u00e1lunk<\/h2>\t\t\t\t<\/div>\n\t\t\t\t<\/div>\n\t\t\t\t<div class=\"elementor-element elementor-element-56d01616 elementor-widget elementor-widget-text-editor\" data-id=\"56d01616\" data-element_type=\"widget\" data-e-type=\"widget\" data-widget_type=\"text-editor.default\">\n\t\t\t\t<div class=\"elementor-widget-container\">\n\t\t\t\t\t\t\t\t\t<div class=\"flex_column av-4uxy79x-7268dfc118482086aedf440d2deaabac av_three_fifth avia-builder-el-40 el_after_av_one_fifth el_before_av_one_fifth flex_column_div av-zero-column-padding \">\n<div id=\"submenu\" class=\"av-special-heading av-lptovpwv-7413c2b34668db7024a73fcd83fd5bdb av-special-heading-h2 custom-color-heading blockquote modern-quote modern-centered avia-builder-el-44 el_after_av_hr avia-builder-el-last heading-semi-cons av-inherit-size\"><\/div>\n<div class=\"flex_column\" av-53xw5it-92ab71d08640d3148cc755906337ed69 av_one_fifth avia-builder-el-45 el_after_av_three_fifth el_before_av_one_full flex_column_div \">\u00a0<\/div>\n<div class=\"flex_column av-l16cx6sv-824537a4f03b21aac7a6f2a34b34c4cf av_one_full avia-builder-el-46 el_after_av_one_fifth el_before_av_section avia-builder-el-last first flex_column_div av-zero-column-padding column-top-margin\">\n<section id=\"table-responsvie\" class=\"av_textblock_section\" av-l168nw7v-5dd7e9564d4585f2c8f9184a52d82018 \">\n<div class=\"avia_textblock text-30years-gray\">\n<table border=\"1\" width=\"390\" cellspacing=\"0\" cellpadding=\"0\">\n<tbody>\n<tr>\n<td><strong>N\u00e9v<\/strong><\/td>\n<td><strong>Mad\u00e1rv\u00e9d\u0151<\/strong><\/td>\n<td><strong>Saflex<sup>TM<\/sup>\u00a0FlySafe<sup>TM<\/sup>\u00a03D<\/strong><\/td>\n<td>\n<p class=\"page-title\"><strong>ORNILUX\u00ae<\/strong><\/p>\n<\/td>\n<\/tr>\n<tr>\n<td>\n<p>Technol\u00f3gia<\/p>\n<\/td>\n<td>\n<ul>\n<li>digit\u00e1lis nyomtat\u00e1s*<\/li>\n<li>szitanyom\u00e1s*<\/li>\n<\/ul>\n<\/td>\n<td>PVB f\u00f3lia<\/td>\n<td>UV-bevonat\u00fa \u00fcveg<\/td>\n<\/tr>\n<tr>\n<td>Hely az \u00fcvegt\u00e1bl\u00e1ban<\/td>\n<td>1. \u00fcvegt\u00e1bla (k\u00fcls\u0151)<\/td>\n<td>K\u00fcls\u0151 lamin\u00e1lt \u00fcvegt\u00e1blak\u00e9nt<\/td>\n<td>1.-2.-3. poz\u00edci\u00f3<\/td>\n<\/tr>\n<tr>\n<td>Gy\u00e1rt\u00e1si kapacit\u00e1sok<\/td>\n<td>\n<ul>\n<li>egyetlen \u00fcvegez\u00e9s<\/li>\n<li>\u00f6sszeszerel\u00e9s<\/li>\n<li>lamin\u00e1l\u00e1s<\/li>\n<li>edz\u00e9s<\/li>\n<\/ul>\n<\/td>\n<td>\n<ul>\n<li>egyetlen \u00fcvegez\u00e9s \u2013 VSG<\/li>\n<li>\u00f6sszeszerel\u00e9s<\/li>\n<li>lamin\u00e1l\u00e1s<\/li>\n<li>edz\u00e9s<\/li>\n<\/ul>\n<\/td>\n<td>\n<ul>\n<li>nem vonatkozik az egyr\u00e9teg\u0171 \u00fcvegez\u00e9sre<\/li>\n<li>\u00f6sszeszerel\u00e9s<\/li>\n<li>lamin\u00e1l\u00e1s<\/li>\n<li>edz\u00e9s<\/li>\n<\/ul>\n<\/td>\n<\/tr>\n<\/tbody>\n<\/table>\n<p>A mad\u00e1rbar\u00e1t \u00fcvegcsal\u00e1d rendelhet\u0151. A term\u00e9k el\u00e9rhet\u0151s\u00e9g\u00e9t \u00e9s gy\u00e1rt\u00e1si k\u00e9pess\u00e9geit megrendel\u00e9s el\u0151tt meg kell er\u0151s\u00edteni az \u00e9rt\u00e9kes\u00edt\u00e9si oszt\u00e1llyal.<\/p>\n<p>* A szab\u00e1smint\u00e1t a Vev\u0151nek kell biztos\u00edtania.<\/p>\n<\/div>\n<\/section>\n<\/div>\n\t\t\t\t\t\t\t\t<\/div>\n\t\t\t\t<\/div>\n\t\t\t\t\t<\/div>\n\t\t\t\t<\/div>\n\t\t<div class=\"elementor-element elementor-element-14e5e673 e-flex e-con-boxed e-con e-parent\" data-id=\"14e5e673\" data-element_type=\"container\" data-e-type=\"container\" data-settings=\"{&quot;background_background&quot;:&quot;classic&quot;,&quot;background_motion_fx_motion_fx_scrolling&quot;:&quot;yes&quot;,&quot;background_motion_fx_translateY_effect&quot;:&quot;yes&quot;,&quot;background_motion_fx_translateY_speed&quot;:{&quot;unit&quot;:&quot;px&quot;,&quot;size&quot;:4,&quot;sizes&quot;:[]},&quot;background_motion_fx_translateY_affectedRange&quot;:{&quot;unit&quot;:&quot;%&quot;,&quot;size&quot;:&quot;&quot;,&quot;sizes&quot;:{&quot;start&quot;:0,&quot;end&quot;:100}},&quot;background_motion_fx_devices&quot;:[&quot;desktop&quot;,&quot;tablet&quot;,&quot;mobile&quot;]}\">\n\t\t\t\t\t<div class=\"e-con-inner\">\n\t\t\t\t<div class=\"elementor-element elementor-element-3fa20928 elementor-widget elementor-widget-heading\" data-id=\"3fa20928\" data-element_type=\"widget\" data-e-type=\"widget\" data-widget_type=\"heading.default\">\n\t\t\t\t<div class=\"elementor-widget-container\">\n\t\t\t\t\t<h2 class=\"elementor-heading-title elementor-size-default\">Folyamatosan m\u00f3dos\u00edtjuk gy\u00e1rt\u00e1si folyamatainkat \u00e9s szok\u00e1sainkat, hogy korl\u00e1tozzuk a k\u00f6rnyezetre gyakorolt negat\u00edv hat\u00e1sokat.<\/h2>\t\t\t\t<\/div>\n\t\t\t\t<\/div>\n\t\t\t\t<div class=\"elementor-element elementor-element-1e30ddc2 elementor-widget elementor-widget-text-editor\" data-id=\"1e30ddc2\" data-element_type=\"widget\" data-e-type=\"widget\" data-widget_type=\"text-editor.default\">\n\t\t\t\t<div class=\"elementor-widget-container\">\n\t\t\t\t\t\t\t\t\t<p>A v\u00e1ltoz\u00e1sok megk\u00f6nny\u00edt\u00e9se \u00e9rdek\u00e9ben elfogadtuk az ISO 14001 szabv\u00e1nyt, a k\u00f6rnyezetv\u00e9delem vil\u00e1gszint\u0171 ir\u00e1ny\u00edt\u00e1si rendszer\u00e9t.<\/p>\n\t\t\t\t\t\t\t\t<\/div>\n\t\t\t\t<\/div>\n\t\t\t\t<div class=\"elementor-element elementor-element-db4c820 elementor-align-center elementor-widget elementor-widget-button\" data-id=\"db4c820\" data-element_type=\"widget\" data-e-type=\"widget\" data-widget_type=\"button.default\">\n\t\t\t\t<div class=\"elementor-widget-container\">\n\t\t\t\t\t\t\t\t\t<div class=\"elementor-button-wrapper\">\n\t\t\t\t\t<a class=\"elementor-button elementor-button-link elementor-size-sm\" href=\"https:\/\/tgrupcam.com\/index.php\/kapcsolat\/?lang=hu\">\n\t\t\t\t\t\t<span class=\"elementor-button-content-wrapper\">\n\t\t\t\t\t\t\t\t\t<span class=\"elementor-button-text\">Kapcsolatfelv\u00e9tel<\/span>\n\t\t\t\t\t<\/span>\n\t\t\t\t\t<\/a>\n\t\t\t\t<\/div>\n\t\t\t\t\t\t\t\t<\/div>\n\t\t\t\t<\/div>\n\t\t\t\t\t<\/div>\n\t\t\t\t<\/div>\n\t\t\t\t<\/div>\n\t\t","protected":false},"excerpt":{"rendered":"<p>MAD\u00c1RBAR\u00c1T \u00dcVEG A MAD\u00c1RBAR\u00c1T \u00dcVEGR\u0150L A T Grup Cam-n\u00e9l mad\u00e1rbar\u00e1t \u00fcveget k\u00edn\u00e1lunk, amelyet kifejezetten \u00fagy terveztek, hogy cs\u00f6kkentse a madarak \u00fctk\u00f6z\u00e9s\u00e9t, ugyanakkor meg\u0151rizze a tisztas\u00e1got, az eszt\u00e9tik\u00e1t \u00e9s az energiahat\u00e9konys\u00e1got. \u00c9vente t\u00f6bb milli\u00f3 mad\u00e1r s\u00e9r\u00fcl meg vagy v\u00e9sz el az \u00fcveghomlokzatokkal \u00e9s ablakokkal val\u00f3 \u00fctk\u00f6z\u00e9sek miatt. Fejlett \u00fcvegmegold\u00e1saink speci\u00e1lis mint\u00e1kat, bevonatokat \u00e9s UV-reflektoros kialak\u00edt\u00e1sokat tartalmaznak, [&hellip;]<\/p>\n","protected":false},"author":1,"featured_media":0,"parent":2460,"menu_order":0,"comment_status":"closed","ping_status":"closed","template":"elementor_header_footer","meta":{"footnotes":""},"class_list":["post-2184","page","type-page","status-publish","hentry"],"_links":{"self":[{"href":"https:\/\/tgrupcam.com\/index.php\/wp-json\/wp\/v2\/pages\/2184","targetHints":{"allow":["GET"]}}],"collection":[{"href":"https:\/\/tgrupcam.com\/index.php\/wp-json\/wp\/v2\/pages"}],"about":[{"href":"https:\/\/tgrupcam.com\/index.php\/wp-json\/wp\/v2\/types\/page"}],"author":[{"embeddable":true,"href":"https:\/\/tgrupcam.com\/index.php\/wp-json\/wp\/v2\/users\/1"}],"replies":[{"embeddable":true,"href":"https:\/\/tgrupcam.com\/index.php\/wp-json\/wp\/v2\/comments?post=2184"}],"version-history":[{"count":0,"href":"https:\/\/tgrupcam.com\/index.php\/wp-json\/wp\/v2\/pages\/2184\/revisions"}],"up":[{"embeddable":true,"href":"https:\/\/tgrupcam.com\/index.php\/wp-json\/wp\/v2\/pages\/2460"}],"wp:attachment":[{"href":"https:\/\/tgrupcam.com\/index.php\/wp-json\/wp\/v2\/media?parent=2184"}],"curies":[{"name":"wp","href":"https:\/\/api.w.org\/{rel}","templated":true}]}}