{"id":2187,"date":"2025-02-05T11:55:59","date_gmt":"2025-02-05T08:55:59","guid":{"rendered":"https:\/\/tgrupcam.com\/index.php\/sticla-laminata\/"},"modified":"2025-06-04T12:14:52","modified_gmt":"2025-06-04T09:14:52","slug":"sticla-laminata","status":"publish","type":"page","link":"https:\/\/tgrupcam.com\/index.php\/oferta-de-piata\/sticla-speciala\/sticla-laminata\/?lang=ro","title":{"rendered":"Sticl\u0103 laminat\u0103"},"content":{"rendered":"\t\t<div data-elementor-type=\"wp-page\" data-elementor-id=\"2187\" class=\"elementor elementor-2187 elementor-60\" data-elementor-post-type=\"page\">\n\t\t\t\t<div class=\"elementor-element elementor-element-227c0b21 e-con-full e-flex e-con e-parent\" data-id=\"227c0b21\" data-element_type=\"container\" data-e-type=\"container\" data-settings=\"{&quot;background_background&quot;:&quot;classic&quot;,&quot;shape_divider_bottom&quot;:&quot;opacity-fan&quot;}\">\n\t\t\t\t<div class=\"elementor-shape elementor-shape-bottom\" aria-hidden=\"true\" data-negative=\"false\">\n\t\t\t<svg xmlns=\"http:\/\/www.w3.org\/2000\/svg\" viewBox=\"0 0 283.5 19.6\" preserveAspectRatio=\"none\">\n\t<path class=\"elementor-shape-fill\" style=\"opacity:0.33\" d=\"M0 0L0 18.8 141.8 4.1 283.5 18.8 283.5 0z\"\/>\n\t<path class=\"elementor-shape-fill\" style=\"opacity:0.33\" d=\"M0 0L0 12.6 141.8 4 283.5 12.6 283.5 0z\"\/>\n\t<path class=\"elementor-shape-fill\" style=\"opacity:0.33\" d=\"M0 0L0 6.4 141.8 4 283.5 6.4 283.5 0z\"\/>\n\t<path class=\"elementor-shape-fill\" d=\"M0 0L0 1.2 141.8 4 283.5 1.2 283.5 0z\"\/>\n<\/svg>\t\t<\/div>\n\t\t\t\t<div class=\"elementor-element elementor-element-34c3d966 elementor-widget elementor-widget-heading\" data-id=\"34c3d966\" data-element_type=\"widget\" data-e-type=\"widget\" data-widget_type=\"heading.default\">\n\t\t\t\t<div class=\"elementor-widget-container\">\n\t\t\t\t\t<h2 class=\"elementor-heading-title elementor-size-default\">STICL\u0102 LAMINAT\u0102<\/h2>\t\t\t\t<\/div>\n\t\t\t\t<\/div>\n\t\t\t\t<\/div>\n\t\t<div class=\"elementor-element elementor-element-45d0cfb e-flex e-con-boxed e-con e-parent\" data-id=\"45d0cfb\" data-element_type=\"container\" data-e-type=\"container\">\n\t\t\t\t\t<div class=\"e-con-inner\">\n\t\t\t\t<div class=\"elementor-element elementor-element-52e8a1e elementor-widget elementor-widget-heading\" data-id=\"52e8a1e\" data-element_type=\"widget\" data-e-type=\"widget\" data-widget_type=\"heading.default\">\n\t\t\t\t<div class=\"elementor-widget-container\">\n\t\t\t\t\t<h2 class=\"elementor-heading-title elementor-size-default\">DESPRE STICLA LAMINAT\u0102<\/h2>\t\t\t\t<\/div>\n\t\t\t\t<\/div>\n\t\t\t\t<div class=\"elementor-element elementor-element-10956881 elementor-widget elementor-widget-text-editor\" data-id=\"10956881\" data-element_type=\"widget\" data-e-type=\"widget\" data-widget_type=\"text-editor.default\">\n\t\t\t\t<div class=\"elementor-widget-container\">\n\t\t\t\t\t\t\t\t\t<p>La <strong>T Grup Cam<\/strong>, oferim <strong>sticl\u0103 laminat\u0103 de \u00eenalt\u0103 performan\u021b\u0103<\/strong>, conceput\u0103 pentru <strong>siguran\u021b\u0103 sporit\u0103, durabilitate \u0219i izolare fonic\u0103<\/strong>. Sticla laminat\u0103 const\u0103 din <strong>dou\u0103 sau mai multe straturi de sticl\u0103 lipite \u00eempreun\u0103 cu un strat intermediar (PVB, EVA sau ionoplast)<\/strong>, asigur\u00e2nd <strong>rezisten\u021b\u0103 la spargere \u0219i protec\u021bie la impact<\/strong>, men\u021bin\u00e2nd \u00een acela\u0219i timp <strong>claritatea optic\u0103<\/strong>. <\/p>\n<p><strong>Beneficii:<\/strong><\/p>\n<p>\u2705 <strong>Siguran\u021b\u0103 \u0219i securitate ridicate<\/strong> &#8211; R\u0103m\u00e2ne unit la impact, reduc\u00e2nd riscul de r\u0103nire \u0219i oferind <strong>rezisten\u021b\u0103 la spargere<\/strong>.<br \/>\u2705 <strong>Izolare fonic\u0103<\/strong> &#8211; Reduce eficient <strong>zgomotul exterior<\/strong>, asigur\u00e2nd un <strong>mediu interior mai lini\u0219tit<\/strong>.<br \/>\u2705 <strong>Protec\u021bie UV<\/strong> &#8211; Blocheaz\u0103 p\u00e2n\u0103 la <strong>99% din razele UV d\u0103un\u0103toare<\/strong>, protej\u00e2nd interioarele de decolorare.<br \/>\u2705 <strong>Personalizare versatil\u0103<\/strong> &#8211; Disponibil \u00een <strong>diferite grosimi, culori \u0219i tipuri de straturi intermediare<\/strong>.<br \/>\u2705 <strong>Integritate structural\u0103 \u00eembun\u0103t\u0103\u021bit\u0103<\/strong> &#8211; Poate fi combinat cu <strong>sticl\u0103 \u00eent\u0103rit\u0103<\/strong> pentru un plus de rezisten\u021b\u0103.<\/p>\n<p><strong>Aplica\u021bii:<\/strong><\/p>\n<ul>\n<li><strong>Fa\u021bade \u0219i pere\u021bi cortin\u0103<\/strong><\/li>\n<li><strong>Ferestre \u0219i luminatoare<\/strong><\/li>\n<li><strong>Balustrade \u0219i balustrade<\/strong><\/li>\n<li><strong>Geamuri de securitate \u0219i antiglon\u021b<\/strong><\/li>\n<li><strong>Podele \u0219i sc\u0103ri din sticl\u0103<\/strong><\/li>\n<li><strong>Vitrine de v\u00e2nzare cu am\u0103nuntul \u0219i vitrine<\/strong><\/li>\n<\/ul>\n<p><strong>Solu\u021biile<\/strong> noastre <strong>de sticl\u0103 laminat\u0103<\/strong> ofer\u0103 <strong>un echilibru perfect \u00eentre siguran\u021b\u0103, performan\u021b\u0103 \u0219i estetic\u0103<\/strong>, respect\u00e2nd <strong>standardele interna\u021bionale<\/strong> pentru <strong>aplica\u021bii reziden\u021biale, comerciale \u0219i industriale<\/strong>.<\/p>\n\t\t\t\t\t\t\t\t<\/div>\n\t\t\t\t<\/div>\n\t\t\t\t<div class=\"elementor-element elementor-element-5bf7ceea elementor-widget elementor-widget-heading\" data-id=\"5bf7ceea\" data-element_type=\"widget\" data-e-type=\"widget\" data-widget_type=\"heading.default\">\n\t\t\t\t<div class=\"elementor-widget-container\">\n\t\t\t\t\t<h2 class=\"elementor-heading-title elementor-size-default\">TIPURI DE PRODUSE OFERITE<\/h2>\t\t\t\t<\/div>\n\t\t\t\t<\/div>\n\t\t\t\t<div class=\"elementor-element elementor-element-447a658 elementor-widget elementor-widget-text-editor\" data-id=\"447a658\" data-element_type=\"widget\" data-e-type=\"widget\" data-widget_type=\"text-editor.default\">\n\t\t\t\t<div class=\"elementor-widget-container\">\n\t\t\t\t\t\t\t\t\t<div class=\"flex_column av-ss1pqfe-5e03b6b21cca7f21635dfd4e736081da av_two_fifth avia-builder-el-12 el_after_av_hr el_before_av_three_fifth first flex_column_div \">\n<section class=\"av_textblock_section av-rmw8tuy-a48e1a66ce47d5d438d9e8fa82ff77e5 \">\n<div class=\"avia_textblock\">\n<p>&#8211; geamuri <strong>laminate<\/strong><br \/><strong>&#8211;<\/strong> geamuri de siguran\u021b\u0103 laminate<br \/><strong>&#8211;<\/strong> geamuri de protec\u021bie laminate<\/p>\n<\/div>\n<\/section>\n<\/div>\n<div class=\"flex_column av-rjwyine-458a87aa5bce7d2ece7345fb0aaa3e07 av_three_fifth avia-builder-el-15 el_after_av_two_fifth el_before_av_hr flex_column_div av-zero-column-padding \">\n<section class=\"av_textblock_section av-r2j3nje-c6bd179c23be6110aefa1b4229cd7d67 \">\n<div class=\"avia_textblock\">\n<p>Panourile stratificate sunt executate \u00een toate combina\u021biile permise de posibilit\u0103\u021bile procesului de produc\u021bie. Panourile de siguran\u021b\u0103 stratificate sunt panourile din toate combina\u021biile posibile, care \u00eendeplinesc cerin\u021bele uneia dintre clasele prev\u0103zute \u00een standardul EN 12600. <\/p>\n<p>\u00cen mod corespunz\u0103tor, construc\u021bia de panouri de protec\u021bie stratificate \u00eendepline\u0219te cerin\u021bele standardului EN 356.<\/p>\n<\/div>\n<\/section>\n<\/div>\n\t\t\t\t\t\t\t\t<\/div>\n\t\t\t\t<\/div>\n\t\t\t\t\t<\/div>\n\t\t\t\t<\/div>\n\t\t<div class=\"elementor-element elementor-element-2040eabc e-flex e-con-boxed e-con e-parent\" data-id=\"2040eabc\" data-element_type=\"container\" data-e-type=\"container\" data-settings=\"{&quot;background_background&quot;:&quot;classic&quot;,&quot;background_motion_fx_motion_fx_scrolling&quot;:&quot;yes&quot;,&quot;background_motion_fx_translateY_effect&quot;:&quot;yes&quot;,&quot;background_motion_fx_translateY_speed&quot;:{&quot;unit&quot;:&quot;px&quot;,&quot;size&quot;:4,&quot;sizes&quot;:[]},&quot;background_motion_fx_translateY_affectedRange&quot;:{&quot;unit&quot;:&quot;%&quot;,&quot;size&quot;:&quot;&quot;,&quot;sizes&quot;:{&quot;start&quot;:0,&quot;end&quot;:100}},&quot;background_motion_fx_devices&quot;:[&quot;desktop&quot;,&quot;tablet&quot;,&quot;mobile&quot;]}\">\n\t\t\t\t\t<div class=\"e-con-inner\">\n\t\t\t\t\t<\/div>\n\t\t\t\t<\/div>\n\t\t<div class=\"elementor-element elementor-element-c2180f9 e-flex e-con-boxed e-con e-parent\" data-id=\"c2180f9\" data-element_type=\"container\" data-e-type=\"container\">\n\t\t\t\t\t<div class=\"e-con-inner\">\n\t\t<div class=\"elementor-element elementor-element-48cff9c9 e-con-full e-flex e-con e-child\" data-id=\"48cff9c9\" data-element_type=\"container\" data-e-type=\"container\">\n\t\t\t\t<div class=\"elementor-element elementor-element-1291df3d elementor-widget elementor-widget-heading\" data-id=\"1291df3d\" data-element_type=\"widget\" data-e-type=\"widget\" data-widget_type=\"heading.default\">\n\t\t\t\t<div class=\"elementor-widget-container\">\n\t\t\t\t\t<h2 class=\"elementor-heading-title elementor-size-default\">CONSTRUC\u021aII DE PANOURI STRATIFICATE DE SIGURAN\u021a\u0102 \u0218I PROTEC\u021aIE OFERITE<\/h2>\t\t\t\t<\/div>\n\t\t\t\t<\/div>\n\t\t\t\t<div class=\"elementor-element elementor-element-23f5e688 elementor-widget elementor-widget-text-editor\" data-id=\"23f5e688\" data-element_type=\"widget\" data-e-type=\"widget\" data-widget_type=\"text-editor.default\">\n\t\t\t\t<div class=\"elementor-widget-container\">\n\t\t\t\t\t\t\t\t\t<table>\n<tbody>\n<tr>\n<td colspan=\"4\">\n<p><strong>Construc\u021bie cu geamuri laminate \u00een dou\u0103 straturi<\/strong><\/p>\n<\/td>\n<\/tr>\n<tr>\n<td>Grosimea minim\u0103 a sticlei din partea de ac\u021biune a factorului distructiv dat<\/td>\n<td>Cantitatea minim\u0103 de straturi de folii exprimat\u0103 \u00een folii cu grosimea de 0,38 mm<\/td>\n<td>Grosimea minim\u0103 a sticlei din partea liber\u0103 de ac\u021biunea factorului distructiv dat<\/td>\n<td>Clasa EN 12600<\/td>\n<\/tr>\n<tr>\n<td>3<\/td>\n<td>1<\/td>\n<td>3<\/td>\n<td>2B2<\/td>\n<\/tr>\n<tr>\n<td>3<\/td>\n<td>2<\/td>\n<td>3<\/td>\n<td>1B1<\/td>\n<\/tr>\n<\/tbody>\n<\/table>\n\t\t\t\t\t\t\t\t<\/div>\n\t\t\t\t<\/div>\n\t\t\t\t<\/div>\n\t\t\t\t\t<\/div>\n\t\t\t\t<\/div>\n\t\t<div class=\"elementor-element elementor-element-4f5659 e-flex e-con-boxed e-con e-parent\" data-id=\"4f5659\" data-element_type=\"container\" data-e-type=\"container\" data-settings=\"{&quot;background_background&quot;:&quot;classic&quot;}\">\n\t\t\t\t\t<div class=\"e-con-inner\">\n\t\t\t\t<div class=\"elementor-element elementor-element-8578653 elementor-widget elementor-widget-heading\" data-id=\"8578653\" data-element_type=\"widget\" data-e-type=\"widget\" data-widget_type=\"heading.default\">\n\t\t\t\t<div class=\"elementor-widget-container\">\n\t\t\t\t\t<h2 class=\"elementor-heading-title elementor-size-default\">MODELE DE FERESTRE PREV\u0102ZUTE CU STRAT PROTECTOR<\/h2>\t\t\t\t<\/div>\n\t\t\t\t<\/div>\n\t\t\t\t<div class=\"elementor-element elementor-element-19c65727 elementor-widget elementor-widget-text-editor\" data-id=\"19c65727\" data-element_type=\"widget\" data-e-type=\"widget\" data-widget_type=\"text-editor.default\">\n\t\t\t\t<div class=\"elementor-widget-container\">\n\t\t\t\t\t\t\t\t\t<table>\n<tbody>\n<tr>\n<td colspan=\"5\"><strong>Construc\u021bie cu geamuri laminate \u00een dou\u0103 straturi<\/strong><\/td>\n<\/tr>\n<tr>\n<td>Grosimea nominal\u0103 [mm]<\/td>\n<td>Grosimea minim\u0103 a sticlei din partea de ac\u021biune a factorului distructiv dat<\/td>\n<td>Cantitatea minim\u0103 de straturi de folii exprimat\u0103 \u00een folii cu grosimea de 0,38 mm<\/td>\n<td>Grosimea minim\u0103 a sticlei din partea liber\u0103 de ac\u021biunea factorului distructiv dat<\/td>\n<td>Clasa EN 356<\/td>\n<\/tr>\n<tr>\n<td>&#8211;<\/td>\n<td>3<\/td>\n<td>2<\/td>\n<td>3<\/td>\n<td>P1A<\/td>\n<\/tr>\n<tr>\n<td>&#8211;<\/td>\n<td>4<\/td>\n<td>2<\/td>\n<td>4<\/td>\n<td>P2A<\/td>\n<\/tr>\n<tr>\n<td>&#8211;<\/td>\n<td>4<\/td>\n<td>4<\/td>\n<td>4<\/td>\n<td>P3A<\/td>\n<\/tr>\n<tr>\n<td>&#8211;<\/td>\n<td>4<\/td>\n<td>4<\/td>\n<td>4<\/td>\n<td>P4A<\/td>\n<\/tr>\n<tr>\n<td>&#8211;<\/td>\n<td>4<\/td>\n<td>6<\/td>\n<td>4<\/td>\n<td>P5A<\/td>\n<\/tr>\n<tr>\n<td colspan=\"5\"><strong>Construc\u021bie cu geamuri laminate multistrat<\/strong><\/td>\n<\/tr>\n<tr>\n<td>15,04<\/td>\n<td>&#8211;<\/td>\n<td>&#8211;<\/td>\n<td>&#8211;<\/td>\n<td>P6B<\/td>\n<\/tr>\n<tr>\n<td>23,04<\/td>\n<td>&#8211;<\/td>\n<td>&#8211;<\/td>\n<td>&#8211;<\/td>\n<td>P7B<\/td>\n<\/tr>\n<tr>\n<td>27,80<\/td>\n<td>&#8211;<\/td>\n<td>&#8211;<\/td>\n<td>&#8211;<\/td>\n<td>P8B<\/td>\n<\/tr>\n<\/tbody>\n<\/table>\n\t\t\t\t\t\t\t\t<\/div>\n\t\t\t\t<\/div>\n\t\t\t\t\t<\/div>\n\t\t\t\t<\/div>\n\t\t<div class=\"elementor-element elementor-element-239b5845 e-flex e-con-boxed e-con e-parent\" data-id=\"239b5845\" data-element_type=\"container\" data-e-type=\"container\">\n\t\t\t\t\t<div class=\"e-con-inner\">\n\t\t\t\t<div class=\"elementor-element elementor-element-3cd82414 elementor-widget elementor-widget-heading\" data-id=\"3cd82414\" data-element_type=\"widget\" data-e-type=\"widget\" data-widget_type=\"heading.default\">\n\t\t\t\t<div class=\"elementor-widget-container\">\n\t\t\t\t\t<h2 class=\"elementor-heading-title elementor-size-default\">POTEN\u021aIALUL LINIEI DE PRODUC\u021aIE DE STICL\u0102 PRESAT\u0102<\/h2>\t\t\t\t<\/div>\n\t\t\t\t<\/div>\n\t\t\t\t<div class=\"elementor-element elementor-element-f9d1067 elementor-widget elementor-widget-text-editor\" data-id=\"f9d1067\" data-element_type=\"widget\" data-e-type=\"widget\" data-widget_type=\"text-editor.default\">\n\t\t\t\t<div class=\"elementor-widget-container\">\n\t\t\t\t\t\t\t\t\t<div class=\"flex_column av-gwkyj9m-cacd860486c1e6cbc571e2dbb01dadb8 av_one_full avia-builder-el-38 el_after_av_one_full el_before_av_one_half angluno flex_column_div><-margin-section column\" class=\"av_textblock_section av-fqb2aq2-2163ff54cc9fc616140491b3f478989d \"><\/p>\n<div class=\"avia_textblock\">\n<table>\n<tbody>\n<tr>\n<td>Max. thulipe e paketosqo [mm]<\/td>\n<td colspan=\"6\">100<\/td>\n<\/tr>\n<tr>\n<td>Max. formato mesura [mm]<\/td>\n<td colspan=\"6\">3210 x 8000<\/td>\n<\/tr>\n<tr>\n<td>Min. formato mesura [mm]<\/td>\n<td colspan=\"6\">250 x 500<\/td>\n<\/tr>\n<tr>\n<td>\n<p>Max. pharipe [kg]<\/p>\n<p>\u2013 e paketosqo<\/p>\n<p>\u2013 komponentosqe panelur\u0103<\/p>\n<\/td>\n<td colspan=\"6\">\n<p>\u2013<\/p>\n<p>2000<\/p>\n<p>500<\/p>\n<\/td>\n<\/tr>\n<\/tbody>\n<\/table>\n<\/div>\n<\/section>\n<\/div>\n<p><=div><\/p>\n<p>divcolum_flex_class av-1k5uqzu-8755b8a9379946ce78b523d240f1bdd4 av_one_half avia-builder-el-41 el_after_av_one_full el_before_av_one_half first flex_column_div column-top-margin&#8221;><div-special class\" av-1hed7t6-706636e3c2b94156a56113e50f96be6f av-special-heading-h3 blockquote modern-quote avia-builder-el-42 el_before_av_textblock avia-builder-el-first \"><p-special-heading-LASS\" AVALIABLE VA\u015a O LAMIN\u00c0CIA<\/p>\n<\/div>\n<section class=\"av_textblock_section av-ebcu28a-a66046c76fa9d015e1a5f4cd19ccbb4f \">\n<div class=\"avia_textblock\">\n<p><strong><strong>\u2013\u00a0bi<strong>kolorime thaj<b \/><strong>\u2013<\/strong>\u00a0sa tikne emisie anti solarno thaj selektivno kovlimata<br \/><strong>\u2013<\/strong>\u00a0alosarde ornamentura dekoracia<\/p>\n<\/div>\n<\/section>\n<\/div>\n<div class=\"flex_column av-dyfhnt6-2e4f7a2880df1a94780301947a_dfhnt6 avia-builder-el-44 el_after_av_one_half el_before_av_section avia-builder-el-last flex_column_div av-zero-column-padding column-top-margin\">\n<div class=\"av-special-heading av-dpg9fhm-82a0afa8daad5870b5112a223d4fadaf av-special-heading-h3 blockquote modern-quote avia-builder-el-45 el_before_av_textblock avia-builder-el-first \">\n<p class=-special-heading-EL-AP-LIP> TYPES<\/p>\n<\/div>\n<section class=\"av_textblock_section av-1bpwyoa-40620bbc9571bb58e38a5ff535850325 \">\n<div class=\"avia_textblock\">\n<p><strong>\u2013<\/strong>\u00a0bi-kolor<br<\/strong>t<\/strong><br \/><strong>\u2013<\/strong>\u00a0acoustic<br \/><strong>\u2013<\/strong>\u00a0colour<\/p>\n<\/div>\n<\/section>\n<\/div>\n\t\t\t\t\t\t\t\t<\/div>\n\t\t\t\t<\/div>\n\t\t\t\t\t<\/div>\n\t\t\t\t<\/div>\n\t\t<div class=\"elementor-element elementor-element-b4491cf e-flex e-con-boxed e-con e-parent\" data-id=\"b4491cf\" data-element_type=\"container\" data-e-type=\"container\" data-settings=\"{&quot;background_background&quot;:&quot;classic&quot;}\">\n\t\t\t\t\t<div class=\"e-con-inner\">\n\t\t\t\t<div class=\"elementor-element elementor-element-22a2d43 elementor-widget elementor-widget-heading\" data-id=\"22a2d43\" data-element_type=\"widget\" data-e-type=\"widget\" data-widget_type=\"heading.default\">\n\t\t\t\t<div class=\"elementor-widget-container\">\n\t\t\t\t\t<h2 class=\"elementor-heading-title elementor-size-default\">COMPARA\u021aIA PROPRIET\u0102\u021aILOR ACOUSTICE ALE unor panouri monolitice selectate\u0219i ale unor panouri stratificate cu grosimi SIMILARE, pe baza EN 12758 \u0219i 12354-3<\/h2>\t\t\t\t<\/div>\n\t\t\t\t<\/div>\n\t\t\t\t<div class=\"elementor-element elementor-element-c385fca elementor-widget elementor-widget-text-editor\" data-id=\"c385fca\" data-element_type=\"widget\" data-e-type=\"widget\" data-widget_type=\"text-editor.default\">\n\t\t\t\t<div class=\"elementor-widget-container\">\n\t\t\t\t\t\t\t\t\t<table>\n<tbody>\n<tr>\n<td colspan=\"2\"><strong>Structura [mm]<\/strong><\/td>\n<td colspan=\"3\"><strong>Indicator de izolare acustic\u0103<br \/>\u0219i indicatori adaptivi [dB]<\/strong><\/td>\n<\/tr>\n<tr>\n<td colspan=\"2\"> <\/td>\n<td><sub>Rw<\/sub><\/td>\n<td><sub>Ctr<\/sub><\/td>\n<td>C<\/td>\n<\/tr>\n<tr>\n<td colspan=\"2\">6<\/td>\n<td>31<\/td>\n<td>-3<\/td>\n<td>-2<\/td>\n<\/tr>\n<tr>\n<td colspan=\"2\">6,4 (VSG 33.1)<\/td>\n<td>32<\/td>\n<td>-3<\/td>\n<td>-1<\/td>\n<\/tr>\n<tr>\n<td colspan=\"2\">8<\/td>\n<td>32<\/td>\n<td>-3<\/td>\n<td>-2<\/td>\n<\/tr>\n<tr>\n<td colspan=\"2\">9,5 (VSG 44.4)<\/td>\n<td>34<\/td>\n<td>-3<\/td>\n<td>-1<\/td>\n<\/tr>\n<\/tbody>\n<\/table>\n\t\t\t\t\t\t\t\t<\/div>\n\t\t\t\t<\/div>\n\t\t\t\t\t<\/div>\n\t\t\t\t<\/div>\n\t\t<div class=\"elementor-element elementor-element-1f9e8efe e-flex e-con-boxed e-con e-parent\" data-id=\"1f9e8efe\" data-element_type=\"container\" data-e-type=\"container\" data-settings=\"{&quot;background_background&quot;:&quot;classic&quot;,&quot;background_motion_fx_motion_fx_scrolling&quot;:&quot;yes&quot;,&quot;background_motion_fx_translateY_effect&quot;:&quot;yes&quot;,&quot;background_motion_fx_translateY_speed&quot;:{&quot;unit&quot;:&quot;px&quot;,&quot;size&quot;:4,&quot;sizes&quot;:[]},&quot;background_motion_fx_translateY_affectedRange&quot;:{&quot;unit&quot;:&quot;%&quot;,&quot;size&quot;:&quot;&quot;,&quot;sizes&quot;:{&quot;start&quot;:0,&quot;end&quot;:100}},&quot;background_motion_fx_devices&quot;:[&quot;desktop&quot;,&quot;tablet&quot;,&quot;mobile&quot;]}\">\n\t\t\t\t\t<div class=\"e-con-inner\">\n\t\t\t\t<div class=\"elementor-element elementor-element-703c37b8 elementor-widget elementor-widget-heading\" data-id=\"703c37b8\" data-element_type=\"widget\" data-e-type=\"widget\" data-widget_type=\"heading.default\">\n\t\t\t\t<div class=\"elementor-widget-container\">\n\t\t\t\t\t<h2 class=\"elementor-heading-title elementor-size-default\">Ne modific\u0103m constant procesele de produc\u021bie \u0219i ne schimb\u0103m obiceiurile pentru a limita efectul negativ asupra mediului.<\/h2>\t\t\t\t<\/div>\n\t\t\t\t<\/div>\n\t\t\t\t<div class=\"elementor-element elementor-element-47cb4f elementor-widget elementor-widget-text-editor\" data-id=\"47cb4f\" data-element_type=\"widget\" data-e-type=\"widget\" data-widget_type=\"text-editor.default\">\n\t\t\t\t<div class=\"elementor-widget-container\">\n\t\t\t\t\t\t\t\t\t<p>Pentru a facilita schimb\u0103rile, am adoptat ISO 14001, sistemul mondial de management pentru protec\u021bia mediului.<\/p>\n\t\t\t\t\t\t\t\t<\/div>\n\t\t\t\t<\/div>\n\t\t\t\t<div class=\"elementor-element elementor-element-17b862ea elementor-align-center elementor-widget elementor-widget-button\" data-id=\"17b862ea\" data-element_type=\"widget\" data-e-type=\"widget\" data-widget_type=\"button.default\">\n\t\t\t\t<div class=\"elementor-widget-container\">\n\t\t\t\t\t\t\t\t\t<div class=\"elementor-button-wrapper\">\n\t\t\t\t\t<a class=\"elementor-button elementor-button-link elementor-size-sm\" href=\"https:\/\/tgrupcam.com\/index.php\/kontakto\/?lang=ro\">\n\t\t\t\t\t\t<span class=\"elementor-button-content-wrapper\">\n\t\t\t\t\t\t\t\t\t<span class=\"elementor-button-text\">Contacta\u021bi-ne<\/span>\n\t\t\t\t\t<\/span>\n\t\t\t\t\t<\/a>\n\t\t\t\t<\/div>\n\t\t\t\t\t\t\t\t<\/div>\n\t\t\t\t<\/div>\n\t\t\t\t\t<\/div>\n\t\t\t\t<\/div>\n\t\t\t\t<\/div>\n\t\t","protected":false},"excerpt":{"rendered":"<p>STICL\u0102 LAMINAT\u0102 DESPRE STICLA LAMINAT\u0102 La T Grup Cam, oferim sticl\u0103 laminat\u0103 de \u00eenalt\u0103 performan\u021b\u0103, conceput\u0103 pentru siguran\u021b\u0103 sporit\u0103, durabilitate \u0219i izolare fonic\u0103. Sticla laminat\u0103 const\u0103 din dou\u0103 sau mai multe straturi de sticl\u0103 lipite \u00eempreun\u0103 cu un strat intermediar (PVB, EVA sau ionoplast), asigur\u00e2nd rezisten\u021b\u0103 la spargere \u0219i protec\u021bie la impact, men\u021bin\u00e2nd \u00een acela\u0219i [&hellip;]<\/p>\n","protected":false},"author":1,"featured_media":0,"parent":2505,"menu_order":0,"comment_status":"closed","ping_status":"closed","template":"elementor_header_footer","meta":{"footnotes":""},"class_list":["post-2187","page","type-page","status-publish","hentry"],"_links":{"self":[{"href":"https:\/\/tgrupcam.com\/index.php\/wp-json\/wp\/v2\/pages\/2187","targetHints":{"allow":["GET"]}}],"collection":[{"href":"https:\/\/tgrupcam.com\/index.php\/wp-json\/wp\/v2\/pages"}],"about":[{"href":"https:\/\/tgrupcam.com\/index.php\/wp-json\/wp\/v2\/types\/page"}],"author":[{"embeddable":true,"href":"https:\/\/tgrupcam.com\/index.php\/wp-json\/wp\/v2\/users\/1"}],"replies":[{"embeddable":true,"href":"https:\/\/tgrupcam.com\/index.php\/wp-json\/wp\/v2\/comments?post=2187"}],"version-history":[{"count":0,"href":"https:\/\/tgrupcam.com\/index.php\/wp-json\/wp\/v2\/pages\/2187\/revisions"}],"up":[{"embeddable":true,"href":"https:\/\/tgrupcam.com\/index.php\/wp-json\/wp\/v2\/pages\/2505"}],"wp:attachment":[{"href":"https:\/\/tgrupcam.com\/index.php\/wp-json\/wp\/v2\/media?parent=2187"}],"curies":[{"name":"wp","href":"https:\/\/api.w.org\/{rel}","templated":true}]}}