{"id":2191,"date":"2025-02-05T11:55:59","date_gmt":"2025-02-05T08:55:59","guid":{"rendered":"https:\/\/tgrupcam.com\/index.php\/laminalt-uveg\/"},"modified":"2025-06-04T12:48:46","modified_gmt":"2025-06-04T09:48:46","slug":"laminalt-uveg","status":"publish","type":"page","link":"https:\/\/tgrupcam.com\/index.php\/piaci-ajanlat\/specialis-uveg\/laminalt-uveg\/?lang=hu","title":{"rendered":"Lamin\u00e1lt \u00fcveg"},"content":{"rendered":"\t\t<div data-elementor-type=\"wp-page\" data-elementor-id=\"2191\" class=\"elementor elementor-2191 elementor-60\" data-elementor-post-type=\"page\">\n\t\t\t\t<div class=\"elementor-element elementor-element-227c0b21 e-con-full e-flex e-con e-parent\" data-id=\"227c0b21\" data-element_type=\"container\" data-e-type=\"container\" data-settings=\"{&quot;background_background&quot;:&quot;classic&quot;,&quot;shape_divider_bottom&quot;:&quot;opacity-fan&quot;}\">\n\t\t\t\t<div class=\"elementor-shape elementor-shape-bottom\" aria-hidden=\"true\" data-negative=\"false\">\n\t\t\t<svg xmlns=\"http:\/\/www.w3.org\/2000\/svg\" viewBox=\"0 0 283.5 19.6\" preserveAspectRatio=\"none\">\n\t<path class=\"elementor-shape-fill\" style=\"opacity:0.33\" d=\"M0 0L0 18.8 141.8 4.1 283.5 18.8 283.5 0z\"\/>\n\t<path class=\"elementor-shape-fill\" style=\"opacity:0.33\" d=\"M0 0L0 12.6 141.8 4 283.5 12.6 283.5 0z\"\/>\n\t<path class=\"elementor-shape-fill\" style=\"opacity:0.33\" d=\"M0 0L0 6.4 141.8 4 283.5 6.4 283.5 0z\"\/>\n\t<path class=\"elementor-shape-fill\" d=\"M0 0L0 1.2 141.8 4 283.5 1.2 283.5 0z\"\/>\n<\/svg>\t\t<\/div>\n\t\t\t\t<div class=\"elementor-element elementor-element-34c3d966 elementor-widget elementor-widget-heading\" data-id=\"34c3d966\" data-element_type=\"widget\" data-e-type=\"widget\" data-widget_type=\"heading.default\">\n\t\t\t\t<div class=\"elementor-widget-container\">\n\t\t\t\t\t<h2 class=\"elementor-heading-title elementor-size-default\">LAMIN\u00c1LT \u00dcVEG<\/h2>\t\t\t\t<\/div>\n\t\t\t\t<\/div>\n\t\t\t\t<\/div>\n\t\t<div class=\"elementor-element elementor-element-45d0cfb e-flex e-con-boxed e-con e-parent\" data-id=\"45d0cfb\" data-element_type=\"container\" data-e-type=\"container\">\n\t\t\t\t\t<div class=\"e-con-inner\">\n\t\t\t\t<div class=\"elementor-element elementor-element-52e8a1e elementor-widget elementor-widget-heading\" data-id=\"52e8a1e\" data-element_type=\"widget\" data-e-type=\"widget\" data-widget_type=\"heading.default\">\n\t\t\t\t<div class=\"elementor-widget-container\">\n\t\t\t\t\t<h2 class=\"elementor-heading-title elementor-size-default\">A LAMIN\u00c1LT \u00dcVEGR\u0150L<\/h2>\t\t\t\t<\/div>\n\t\t\t\t<\/div>\n\t\t\t\t<div class=\"elementor-element elementor-element-10956881 elementor-widget elementor-widget-text-editor\" data-id=\"10956881\" data-element_type=\"widget\" data-e-type=\"widget\" data-widget_type=\"text-editor.default\">\n\t\t\t\t<div class=\"elementor-widget-container\">\n\t\t\t\t\t\t\t\t\t<p>A <strong>T Grup Cam<\/strong> <strong>nagy teljes\u00edtm\u00e9ny\u0171 lamin\u00e1lt \u00fcveget<\/strong> k\u00edn\u00e1l, amelyet <strong>fokozott biztons\u00e1gra, tart\u00f3ss\u00e1gra \u00e9s hangszigetel\u00e9sre<\/strong> terveztek. A lamin\u00e1lt \u00fcveg <strong>k\u00e9t vagy t\u00f6bb \u00fcvegr\u00e9tegb\u0151l \u00e1ll, amelyeket egy k\u00f6zb\u00fcls\u0151 r\u00e9teggel (PVB, EVA vagy ionoplaszt) ragasztanak \u00f6ssze<\/strong>, biztos\u00edtva <strong>a t\u00f6r\u00e9s\u00e1ll\u00f3s\u00e1got \u00e9s az \u00fct\u00e9sv\u00e9delmet<\/strong>, mik\u00f6zben az <strong>optikai tisztas\u00e1got<\/strong> is meg\u0151rzi. <\/p>\n<p><strong>El\u0151ny\u00f6k:<\/strong><\/p>\n<p>\u2705 <strong>Nagyfok\u00fa biztons\u00e1g \u00e9s v\u00e9delem<\/strong> &#8211; \u00fctk\u00f6z\u00e9skor \u00f6sszetart, cs\u00f6kkenti a s\u00e9r\u00fcl\u00e9svesz\u00e9lyt \u00e9s <strong>bet\u00f6r\u00e9s\u00e1ll\u00f3s\u00e1got<\/strong> biztos\u00edt.<br \/>\u2705 <strong>Hangszigetel\u00e9s<\/strong> &#8211; Hat\u00e9konyan cs\u00f6kkenti <strong>a k\u00fcls\u0151 zajokat<\/strong>, <strong>csendesebb belt\u00e9ri k\u00f6rnyezetet<\/strong> biztos\u00edtva.<br \/>\u2705 <strong>UV-v\u00e9delem<\/strong> &#8211; A <strong>k\u00e1ros UV-sugarak ak\u00e1r 99%-\u00e1t<\/strong> is blokkolja, megv\u00e9dve a bels\u0151 tereket a kifakul\u00e1st\u00f3l.<br \/>\u2705 <strong>Sokoldal\u00fa testreszabhat\u00f3s\u00e1g<\/strong> &#8211; <strong>K\u00fcl\u00f6nb\u00f6z\u0151 vastags\u00e1gokban, sz\u00ednekben \u00e9s r\u00e9tegk\u00f6zi t\u00edpusokban<\/strong> kaphat\u00f3.<br \/>\u2705 <strong>Jav\u00edtott szerkezeti integrit\u00e1s<\/strong> &#8211; A nagyobb szil\u00e1rds\u00e1g \u00e9rdek\u00e9ben <strong>edzett \u00fcveggel<\/strong> kombin\u00e1lhat\u00f3.<\/p>\n<p><strong>Alkalmaz\u00e1sok:<\/strong><\/p>\n<ul>\n<li><strong>Homlokzatok \u00e9s f\u00fcgg\u00f6nyfalak<\/strong><\/li>\n<li><strong>Ablakok \u00e9s tet\u0151ablakok<\/strong><\/li>\n<li><strong>Balusztr\u00e1dok \u00e9s korl\u00e1tok<\/strong><\/li>\n<li><strong>Biztons\u00e1gi \u00e9s goly\u00f3\u00e1ll\u00f3 \u00fcvegez\u00e9s<\/strong><\/li>\n<li><strong>\u00dcvegpadl\u00f3k \u00e9s l\u00e9pcs\u0151k<\/strong><\/li>\n<li><strong>Kiskereskedelmi kirakatok \u00e9s kirakatok<\/strong><\/li>\n<\/ul>\n<p><strong>Lamin\u00e1lt \u00fcveg megold\u00e1saink<\/strong> <strong>a biztons\u00e1g, a teljes\u00edtm\u00e9ny \u00e9s az eszt\u00e9tika t\u00f6k\u00e9letes egyens\u00faly\u00e1t<\/strong> k\u00edn\u00e1lj\u00e1k, \u00e9s megfelelnek a <strong>nemzetk\u00f6zi szabv\u00e1nyoknak<\/strong> a <strong>lakoss\u00e1gi, kereskedelmi \u00e9s ipari alkalmaz\u00e1sokban<\/strong>.<\/p>\n\t\t\t\t\t\t\t\t<\/div>\n\t\t\t\t<\/div>\n\t\t\t\t<div class=\"elementor-element elementor-element-5bf7ceea elementor-widget elementor-widget-heading\" data-id=\"5bf7ceea\" data-element_type=\"widget\" data-e-type=\"widget\" data-widget_type=\"heading.default\">\n\t\t\t\t<div class=\"elementor-widget-container\">\n\t\t\t\t\t<h2 class=\"elementor-heading-title elementor-size-default\">K\u00cdN\u00c1LT TERM\u00c9KT\u00cdPUSOK<\/h2>\t\t\t\t<\/div>\n\t\t\t\t<\/div>\n\t\t\t\t<div class=\"elementor-element elementor-element-447a658 elementor-widget elementor-widget-text-editor\" data-id=\"447a658\" data-element_type=\"widget\" data-e-type=\"widget\" data-widget_type=\"text-editor.default\">\n\t\t\t\t<div class=\"elementor-widget-container\">\n\t\t\t\t\t\t\t\t\t<div class=\"flex_column av-ss1pqfe-5e03b6b21cca7f21635dfd4e736081da av_two_fifth avia-builder-el-12 el_after_av_hr el_before_av_three_fifth first flex_column_div \">\n<section class=\"av_textblock_section av-rmw8tuy-a48e1a66ce47d5d438d9e8fa82ff77e5 \">\n<div class=\"avia_textblock\">\n<p>&#8211; <strong>lamin\u00e1lt<\/strong> \u00fcvegek<br \/><strong>&#8211;<\/strong> lamin\u00e1lt biztons\u00e1gi \u00fcvegek<br \/><strong>&#8211;<\/strong> lamin\u00e1lt v\u00e9d\u0151\u00fcvegek<\/p>\n<\/div>\n<\/section>\n<\/div>\n<div class=\"flex_column av-rjwyine-458a87aa5bce7d2ece7345fb0aaa3e07 av_three_fifth avia-builder-el-15 el_after_av_two_fifth el_before_av_hr flex_column_div av-zero-column-padding \">\n<section class=\"av_textblock_section av-r2j3nje-c6bd179c23be6110aefa1b4229cd7d67 \">\n<div class=\"avia_textblock\">\n<p>A t\u00f6bbr\u00e9teg\u0171 \u00fcvegek a gy\u00e1rt\u00e1si folyamat lehet\u0151s\u00e9gei \u00e1ltal megengedett \u00f6sszes kombin\u00e1ci\u00f3ban k\u00e9sz\u00fclnek. A t\u00f6bbr\u00e9teg\u0171 biztons\u00e1gi \u00fcvegek az \u00f6sszes lehets\u00e9ges kombin\u00e1ci\u00f3 k\u00f6z\u00fcl azok az \u00fcvegek, amelyek megfelelnek az EN 12600 szabv\u00e1nyban megadott oszt\u00e1lyok valamelyik\u00e9nek k\u00f6vetelm\u00e9nyeinek. <\/p>\n<p>Ennek megfelel\u0151en a r\u00e9teges v\u00e9d\u0151\u00fcvegek fel\u00e9p\u00edt\u00e9se megfelel az EN 356 szabv\u00e1ny k\u00f6vetelm\u00e9nyeinek.<\/p>\n<\/div>\n<\/section>\n<\/div>\n\t\t\t\t\t\t\t\t<\/div>\n\t\t\t\t<\/div>\n\t\t\t\t\t<\/div>\n\t\t\t\t<\/div>\n\t\t<div class=\"elementor-element elementor-element-2040eabc e-flex e-con-boxed e-con e-parent\" data-id=\"2040eabc\" data-element_type=\"container\" data-e-type=\"container\" data-settings=\"{&quot;background_background&quot;:&quot;classic&quot;,&quot;background_motion_fx_motion_fx_scrolling&quot;:&quot;yes&quot;,&quot;background_motion_fx_translateY_effect&quot;:&quot;yes&quot;,&quot;background_motion_fx_translateY_speed&quot;:{&quot;unit&quot;:&quot;px&quot;,&quot;size&quot;:4,&quot;sizes&quot;:[]},&quot;background_motion_fx_translateY_affectedRange&quot;:{&quot;unit&quot;:&quot;%&quot;,&quot;size&quot;:&quot;&quot;,&quot;sizes&quot;:{&quot;start&quot;:0,&quot;end&quot;:100}},&quot;background_motion_fx_devices&quot;:[&quot;desktop&quot;,&quot;tablet&quot;,&quot;mobile&quot;]}\">\n\t\t\t\t\t<div class=\"e-con-inner\">\n\t\t\t\t\t<\/div>\n\t\t\t\t<\/div>\n\t\t<div class=\"elementor-element elementor-element-c2180f9 e-flex e-con-boxed e-con e-parent\" data-id=\"c2180f9\" data-element_type=\"container\" data-e-type=\"container\">\n\t\t\t\t\t<div class=\"e-con-inner\">\n\t\t<div class=\"elementor-element elementor-element-48cff9c9 e-con-full e-flex e-con e-child\" data-id=\"48cff9c9\" data-element_type=\"container\" data-e-type=\"container\">\n\t\t\t\t<div class=\"elementor-element elementor-element-1291df3d elementor-widget elementor-widget-heading\" data-id=\"1291df3d\" data-element_type=\"widget\" data-e-type=\"widget\" data-widget_type=\"heading.default\">\n\t\t\t\t<div class=\"elementor-widget-container\">\n\t\t\t\t\t<h2 class=\"elementor-heading-title elementor-size-default\">BIZTONS\u00c1GI \u00c9S V\u00c9D\u0150 R\u00c9TEGELT PANELSZERKEZETEK<\/h2>\t\t\t\t<\/div>\n\t\t\t\t<\/div>\n\t\t\t\t<div class=\"elementor-element elementor-element-23f5e688 elementor-widget elementor-widget-text-editor\" data-id=\"23f5e688\" data-element_type=\"widget\" data-e-type=\"widget\" data-widget_type=\"text-editor.default\">\n\t\t\t\t<div class=\"elementor-widget-container\">\n\t\t\t\t\t\t\t\t\t<table>\n<tbody>\n<tr>\n<td colspan=\"4\">\n<p><strong>K\u00e9tr\u00e9teg\u0171 lamin\u00e1lt \u00fcvegszerkezet<\/strong><\/p>\n<\/td>\n<\/tr>\n<tr>\n<td>Minim\u00e1lis \u00fcvegvastags\u00e1g az adott rombol\u00f3 t\u00e9nyez\u0151 hat\u00e1s\u00e1nak oldal\u00e1r\u00f3l<\/td>\n<td>A f\u00f3liar\u00e9tegek minim\u00e1lis mennyis\u00e9ge 0,38 mm vastags\u00e1g\u00fa f\u00f3li\u00e1ban kifejezve.<\/td>\n<td>Minim\u00e1lis \u00fcvegvastags\u00e1g az adott roncsol\u00f3 t\u00e9nyez\u0151t\u0151l mentes oldalr\u00f3l<\/td>\n<td>EN 12600 oszt\u00e1ly<\/td>\n<\/tr>\n<tr>\n<td>3<\/td>\n<td>1<\/td>\n<td>3<\/td>\n<td>2B2<\/td>\n<\/tr>\n<tr>\n<td>3<\/td>\n<td>2<\/td>\n<td>3<\/td>\n<td>1B1<\/td>\n<\/tr>\n<\/tbody>\n<\/table>\n\t\t\t\t\t\t\t\t<\/div>\n\t\t\t\t<\/div>\n\t\t\t\t<\/div>\n\t\t\t\t\t<\/div>\n\t\t\t\t<\/div>\n\t\t<div class=\"elementor-element elementor-element-4f5659 e-flex e-con-boxed e-con e-parent\" data-id=\"4f5659\" data-element_type=\"container\" data-e-type=\"container\" data-settings=\"{&quot;background_background&quot;:&quot;classic&quot;}\">\n\t\t\t\t\t<div class=\"e-con-inner\">\n\t\t\t\t<div class=\"elementor-element elementor-element-8578653 elementor-widget elementor-widget-heading\" data-id=\"8578653\" data-element_type=\"widget\" data-e-type=\"widget\" data-widget_type=\"heading.default\">\n\t\t\t\t<div class=\"elementor-widget-container\">\n\t\t\t\t\t<h2 class=\"elementor-heading-title elementor-size-default\">ABLAK MINT\u00c1K BIZTOS\u00cdTOTT V\u00c9D\u0150R\u00c9TEG<\/h2>\t\t\t\t<\/div>\n\t\t\t\t<\/div>\n\t\t\t\t<div class=\"elementor-element elementor-element-19c65727 elementor-widget elementor-widget-text-editor\" data-id=\"19c65727\" data-element_type=\"widget\" data-e-type=\"widget\" data-widget_type=\"text-editor.default\">\n\t\t\t\t<div class=\"elementor-widget-container\">\n\t\t\t\t\t\t\t\t\t<table>\n<tbody>\n<tr>\n<td colspan=\"5\"><strong>K\u00e9tr\u00e9teg\u0171 lamin\u00e1lt \u00fcvegszerkezet<\/strong><\/td>\n<\/tr>\n<tr>\n<td>N\u00e9vleges vastags\u00e1g [mm]<\/td>\n<td>Minim\u00e1lis \u00fcvegvastags\u00e1g az adott rombol\u00f3 t\u00e9nyez\u0151 hat\u00e1s\u00e1nak oldal\u00e1t\u00f3l sz\u00e1m\u00edtva<\/td>\n<td>A f\u00f3liar\u00e9tegek minim\u00e1lis mennyis\u00e9ge 0,38 mm vastags\u00e1g\u00fa f\u00f3li\u00e1ban kifejezve<\/td>\n<td>Minim\u00e1lis \u00fcvegvastags\u00e1g az adott roncsol\u00f3 t\u00e9nyez\u0151t\u0151l mentes oldalr\u00f3l<\/td>\n<td>oszt\u00e1ly EN 356<\/td>\n<\/tr>\n<tr>\n<td>&#8211;<\/td>\n<td>3<\/td>\n<td>2<\/td>\n<td>3<\/td>\n<td>P1A<\/td>\n<\/tr>\n<tr>\n<td>&#8211;<\/td>\n<td>4<\/td>\n<td>2<\/td>\n<td>4<\/td>\n<td>P2A<\/td>\n<\/tr>\n<tr>\n<td>&#8211;<\/td>\n<td>4<\/td>\n<td>4<\/td>\n<td>4<\/td>\n<td>P3A<\/td>\n<\/tr>\n<tr>\n<td>&#8211;<\/td>\n<td>4<\/td>\n<td>4<\/td>\n<td>4<\/td>\n<td>P4A<\/td>\n<\/tr>\n<tr>\n<td>&#8211;<\/td>\n<td>4<\/td>\n<td>6<\/td>\n<td>4<\/td>\n<td>P5A<\/td>\n<\/tr>\n<tr>\n<td colspan=\"5\"><strong>T\u00f6bbr\u00e9teg\u0171 lamin\u00e1lt \u00fcvegszerkezet<\/strong><\/td>\n<\/tr>\n<tr>\n<td>15,04<\/td>\n<td>&#8211;<\/td>\n<td>&#8211;<\/td>\n<td>&#8211;<\/td>\n<td>P6B<\/td>\n<\/tr>\n<tr>\n<td>23,04<\/td>\n<td>&#8211;<\/td>\n<td>&#8211;<\/td>\n<td>&#8211;<\/td>\n<td>P7B<\/td>\n<\/tr>\n<tr>\n<td>27,80<\/td>\n<td>&#8211;<\/td>\n<td>&#8211;<\/td>\n<td>&#8211;<\/td>\n<td>P8B<\/td>\n<\/tr>\n<\/tbody>\n<\/table>\n\t\t\t\t\t\t\t\t<\/div>\n\t\t\t\t<\/div>\n\t\t\t\t\t<\/div>\n\t\t\t\t<\/div>\n\t\t<div class=\"elementor-element elementor-element-239b5845 e-flex e-con-boxed e-con e-parent\" data-id=\"239b5845\" data-element_type=\"container\" data-e-type=\"container\">\n\t\t\t\t\t<div class=\"e-con-inner\">\n\t\t\t\t<div class=\"elementor-element elementor-element-3cd82414 elementor-widget elementor-widget-heading\" data-id=\"3cd82414\" data-element_type=\"widget\" data-e-type=\"widget\" data-widget_type=\"heading.default\">\n\t\t\t\t<div class=\"elementor-widget-container\">\n\t\t\t\t\t<h2 class=\"elementor-heading-title elementor-size-default\">A PR\u00c9S\u00dcVEG GY\u00c1RT\u00d3SOR POTENCI\u00c1LJA<\/h2>\t\t\t\t<\/div>\n\t\t\t\t<\/div>\n\t\t\t\t<div class=\"elementor-element elementor-element-f9d1067 elementor-widget elementor-widget-text-editor\" data-id=\"f9d1067\" data-element_type=\"widget\" data-e-type=\"widget\" data-widget_type=\"text-editor.default\">\n\t\t\t\t<div class=\"elementor-widget-container\">\n\t\t\t\t\t\t\t\t\t<div class=\"flex_column av-gwkyj9m-cacd860486c1e6cbc571e2dbb01dadb8 av_one_full avia-builder-el-38 el_after_av_one_full el_before_av_one_half first flex_column_div column-top-margin\">\n<section class=\"av_textblock_section av-fqb2aq2-2163ff54cc9fc616140491b3f478989d \">\n<div class=\"avia_textblock\">\n<table>\n<tbody>\n<tr>\n<td>Max. csomagvastags\u00e1g [mm]<\/td>\n<td colspan=\"6\">100<\/td>\n<\/tr>\n<tr>\n<td>Max. form\u00e1tumm\u00e9retek [mm]<\/td>\n<td colspan=\"6\">3210 x 8000<\/td>\n<\/tr>\n<tr>\n<td>Min. form\u00e1tum m\u00e9retek [mm]<\/td>\n<td colspan=\"6\">250 x 500<\/td>\n<\/tr>\n<tr>\n<td>\n<p>Max. s\u00faly [kg]<\/p>\n<p>\u2013 a csomag s\u00falya<\/p>\n<p>\u2013 az alkatr\u00e9szek paneljei<\/p>\n<\/td>\n<td colspan=\"6\">\n<p>\u2013<\/p>\n<p>2000<\/p>\n<p>500<\/p>\n<\/td>\n<\/tr>\n<\/tbody>\n<\/table>\n<\/div>\n<\/section>\n<\/div>\n<div class=\"flex_column av-1k5uqzu-8755b8a9379946ce78b523d240f1bdd4 av_one_half avia-builder-el-41 el_after_av_one_full el_before_av_one_half first flex_column_div column-top-margin\">\n<div class=\"av-special-heading av-1hed7t6-706636e3c2b94156a56113e50f96be6f av-special-heading-h3 blokkod\u00edc\u00e9 modern-id\u00e9zet avia-builder-el-42 el_before_av_textblock avia-builder-el-first \">\n<p class=\"av-special-heading-tag \">LAMIN\u00c1L\u00c1SRA EL\u00c9RHET\u0150 \u00dcVEGT\u00cdPUSOK<\/p>\n<\/div>\n<section class=\"av_textblock_section av-ebcu28a-a66046c76fa9d015e1a5f4cd19ccbb4f \">\n<div class=\"avia_textblock\">\n<p><strong>\u2013<\/strong>\u00a0sz\u00edntelen \u00e9s t\u00f6meg\u00e9ben sz\u00ednezett<br \/><strong>\u2013<\/strong>\u00a0alacsony kibocs\u00e1t\u00e1s\u00fa napv\u00e9d\u0151 \u00e9s szelekt\u00edv bevonatokkal<br \/><strong>\u2013<\/strong>\u00a0v\u00e1lasztott d\u00edsz\u00edt\u0151elemek dekor\u00e1ci\u00f3ja<\/p>\n<\/div>\n<\/section>\n<\/div>\n<div class=\"flex_column av-dyfhnt6-2e4f7a2880df1a9478030d9d41a40971 av_one_half avia-builder-el-44 el_after_av_one_half el_before_av_section avia-builder-el-last flex_column_div av-zero-column-padding column-top-margin\">\n<div class=\"av-special-heading av-dpg9fhm-82a0afa8daad5870b5112a223d4fadaf av-special-heading-h3 blockquote modern-quote avia-builder-el-45 el_before_av_textblock avia-builder-el-first \">\n<p class=\"av-special-heading-tag \">F\u00d3LIAT\u00cdPUSOKHOZ ALKALMAZVA<\/p>\n<\/div>\n<section class=\"av_textblock_section av-1bpwyoa-40620bbc9571bb58e38a5ff535850325 \">\n<div class=\"avia_textblock\">\n<p><strong>\u2013<\/strong>\u00a0sz\u00edntelen<br \/><strong>\u2013<\/strong>\u00a0matt<br \/><strong>\u2013<\/strong>\u00a0akusztikus<br \/><strong>\u2013<\/strong>\u00a0sz\u00ednes<\/p>\n<\/div>\n<\/section>\n<\/div>\n\t\t\t\t\t\t\t\t<\/div>\n\t\t\t\t<\/div>\n\t\t\t\t\t<\/div>\n\t\t\t\t<\/div>\n\t\t<div class=\"elementor-element elementor-element-b4491cf e-flex e-con-boxed e-con e-parent\" data-id=\"b4491cf\" data-element_type=\"container\" data-e-type=\"container\" data-settings=\"{&quot;background_background&quot;:&quot;classic&quot;}\">\n\t\t\t\t\t<div class=\"e-con-inner\">\n\t\t\t\t<div class=\"elementor-element elementor-element-22a2d43 elementor-widget elementor-widget-heading\" data-id=\"22a2d43\" data-element_type=\"widget\" data-e-type=\"widget\" data-widget_type=\"heading.default\">\n\t\t\t\t<div class=\"elementor-widget-container\">\n\t\t\t\t\t<h2 class=\"elementor-heading-title elementor-size-default\">KIV\u00c1LASZTOTT egyr\u00e9teg\u0171\u00e9s hasonl\u00f3 vastags\u00e1g\u00fa r\u00e9tegelt lemezek akusztikai tulajdons\u00e1gainak \u00f6sszehasonl\u00edt\u00e1sa az EN 12758 \u00e9s 12354-3 szabv\u00e1ny alapj\u00e1n.<\/h2>\t\t\t\t<\/div>\n\t\t\t\t<\/div>\n\t\t\t\t<div class=\"elementor-element elementor-element-c385fca elementor-widget elementor-widget-text-editor\" data-id=\"c385fca\" data-element_type=\"widget\" data-e-type=\"widget\" data-widget_type=\"text-editor.default\">\n\t\t\t\t<div class=\"elementor-widget-container\">\n\t\t\t\t\t\t\t\t\t<table>\n<tbody>\n<tr>\n<td colspan=\"2\"><strong>Szerkezet [mm]<\/strong><\/td>\n<td colspan=\"3\"><strong>Akusztikai szigetel\u00e9si mutat\u00f3<br \/>\u00e9s adapt\u00edv mutat\u00f3k [dB]<\/strong><\/td>\n<\/tr>\n<tr>\n<td colspan=\"2\"> <\/td>\n<td><sub>Rw<\/sub><\/td>\n<td><sub>Ctr<\/sub><\/td>\n<td>C<\/td>\n<\/tr>\n<tr>\n<td colspan=\"2\">6<\/td>\n<td>31<\/td>\n<td>-3<\/td>\n<td>-2<\/td>\n<\/tr>\n<tr>\n<td colspan=\"2\">6,4 (VSG 33.1)<\/td>\n<td>32<\/td>\n<td>-3<\/td>\n<td>-1<\/td>\n<\/tr>\n<tr>\n<td colspan=\"2\">8<\/td>\n<td>32<\/td>\n<td>-3<\/td>\n<td>-2<\/td>\n<\/tr>\n<tr>\n<td colspan=\"2\">9,5 (VSG 44.4)<\/td>\n<td>34<\/td>\n<td>-3<\/td>\n<td>-1<\/td>\n<\/tr>\n<\/tbody>\n<\/table>\n\t\t\t\t\t\t\t\t<\/div>\n\t\t\t\t<\/div>\n\t\t\t\t\t<\/div>\n\t\t\t\t<\/div>\n\t\t<div class=\"elementor-element elementor-element-1f9e8efe e-flex e-con-boxed e-con e-parent\" data-id=\"1f9e8efe\" data-element_type=\"container\" data-e-type=\"container\" data-settings=\"{&quot;background_background&quot;:&quot;classic&quot;,&quot;background_motion_fx_motion_fx_scrolling&quot;:&quot;yes&quot;,&quot;background_motion_fx_translateY_effect&quot;:&quot;yes&quot;,&quot;background_motion_fx_translateY_speed&quot;:{&quot;unit&quot;:&quot;px&quot;,&quot;size&quot;:4,&quot;sizes&quot;:[]},&quot;background_motion_fx_translateY_affectedRange&quot;:{&quot;unit&quot;:&quot;%&quot;,&quot;size&quot;:&quot;&quot;,&quot;sizes&quot;:{&quot;start&quot;:0,&quot;end&quot;:100}},&quot;background_motion_fx_devices&quot;:[&quot;desktop&quot;,&quot;tablet&quot;,&quot;mobile&quot;]}\">\n\t\t\t\t\t<div class=\"e-con-inner\">\n\t\t\t\t<div class=\"elementor-element elementor-element-703c37b8 elementor-widget elementor-widget-heading\" data-id=\"703c37b8\" data-element_type=\"widget\" data-e-type=\"widget\" data-widget_type=\"heading.default\">\n\t\t\t\t<div class=\"elementor-widget-container\">\n\t\t\t\t\t<h2 class=\"elementor-heading-title elementor-size-default\">Folyamatosan m\u00f3dos\u00edtjuk gy\u00e1rt\u00e1si folyamatainkat \u00e9s szok\u00e1sainkat, hogy korl\u00e1tozzuk a k\u00f6rnyezetre gyakorolt negat\u00edv hat\u00e1sokat.<\/h2>\t\t\t\t<\/div>\n\t\t\t\t<\/div>\n\t\t\t\t<div class=\"elementor-element elementor-element-47cb4f elementor-widget elementor-widget-text-editor\" data-id=\"47cb4f\" data-element_type=\"widget\" data-e-type=\"widget\" data-widget_type=\"text-editor.default\">\n\t\t\t\t<div class=\"elementor-widget-container\">\n\t\t\t\t\t\t\t\t\t<p>A v\u00e1ltoz\u00e1sok megk\u00f6nny\u00edt\u00e9se \u00e9rdek\u00e9ben elfogadtuk az ISO 14001 szabv\u00e1nyt, a k\u00f6rnyezetv\u00e9delem vil\u00e1gszint\u0171 ir\u00e1ny\u00edt\u00e1si rendszer\u00e9t.<\/p>\n\t\t\t\t\t\t\t\t<\/div>\n\t\t\t\t<\/div>\n\t\t\t\t<div class=\"elementor-element elementor-element-17b862ea elementor-align-center elementor-widget elementor-widget-button\" data-id=\"17b862ea\" data-element_type=\"widget\" data-e-type=\"widget\" data-widget_type=\"button.default\">\n\t\t\t\t<div class=\"elementor-widget-container\">\n\t\t\t\t\t\t\t\t\t<div class=\"elementor-button-wrapper\">\n\t\t\t\t\t<a class=\"elementor-button elementor-button-link elementor-size-sm\" href=\"https:\/\/tgrupcam.com\/index.php\/kapcsolat\/?lang=hu\">\n\t\t\t\t\t\t<span class=\"elementor-button-content-wrapper\">\n\t\t\t\t\t\t\t\t\t<span class=\"elementor-button-text\">Kapcsolatfelv\u00e9tel<\/span>\n\t\t\t\t\t<\/span>\n\t\t\t\t\t<\/a>\n\t\t\t\t<\/div>\n\t\t\t\t\t\t\t\t<\/div>\n\t\t\t\t<\/div>\n\t\t\t\t\t<\/div>\n\t\t\t\t<\/div>\n\t\t\t\t<\/div>\n\t\t","protected":false},"excerpt":{"rendered":"<p>LAMIN\u00c1LT \u00dcVEG A LAMIN\u00c1LT \u00dcVEGR\u0150L A T Grup Cam nagy teljes\u00edtm\u00e9ny\u0171 lamin\u00e1lt \u00fcveget k\u00edn\u00e1l, amelyet fokozott biztons\u00e1gra, tart\u00f3ss\u00e1gra \u00e9s hangszigetel\u00e9sre terveztek. A lamin\u00e1lt \u00fcveg k\u00e9t vagy t\u00f6bb \u00fcvegr\u00e9tegb\u0151l \u00e1ll, amelyeket egy k\u00f6zb\u00fcls\u0151 r\u00e9teggel (PVB, EVA vagy ionoplaszt) ragasztanak \u00f6ssze, biztos\u00edtva a t\u00f6r\u00e9s\u00e1ll\u00f3s\u00e1got \u00e9s az \u00fct\u00e9sv\u00e9delmet, mik\u00f6zben az optikai tisztas\u00e1got is meg\u0151rzi. El\u0151ny\u00f6k: \u2705 Nagyfok\u00fa biztons\u00e1g [&hellip;]<\/p>\n","protected":false},"author":1,"featured_media":0,"parent":2460,"menu_order":0,"comment_status":"closed","ping_status":"closed","template":"elementor_header_footer","meta":{"footnotes":""},"class_list":["post-2191","page","type-page","status-publish","hentry"],"_links":{"self":[{"href":"https:\/\/tgrupcam.com\/index.php\/wp-json\/wp\/v2\/pages\/2191","targetHints":{"allow":["GET"]}}],"collection":[{"href":"https:\/\/tgrupcam.com\/index.php\/wp-json\/wp\/v2\/pages"}],"about":[{"href":"https:\/\/tgrupcam.com\/index.php\/wp-json\/wp\/v2\/types\/page"}],"author":[{"embeddable":true,"href":"https:\/\/tgrupcam.com\/index.php\/wp-json\/wp\/v2\/users\/1"}],"replies":[{"embeddable":true,"href":"https:\/\/tgrupcam.com\/index.php\/wp-json\/wp\/v2\/comments?post=2191"}],"version-history":[{"count":0,"href":"https:\/\/tgrupcam.com\/index.php\/wp-json\/wp\/v2\/pages\/2191\/revisions"}],"up":[{"embeddable":true,"href":"https:\/\/tgrupcam.com\/index.php\/wp-json\/wp\/v2\/pages\/2460"}],"wp:attachment":[{"href":"https:\/\/tgrupcam.com\/index.php\/wp-json\/wp\/v2\/media?parent=2191"}],"curies":[{"name":"wp","href":"https:\/\/api.w.org\/{rel}","templated":true}]}}