{"id":2195,"date":"2025-02-05T11:55:51","date_gmt":"2025-02-05T08:55:51","guid":{"rendered":"https:\/\/tgrupcam.com\/index.php\/spandrels\/"},"modified":"2025-06-04T12:47:36","modified_gmt":"2025-06-04T09:47:36","slug":"spandrels","status":"publish","type":"page","link":"https:\/\/tgrupcam.com\/index.php\/piaci-ajanlat\/specialis-uveg\/spandrels\/?lang=hu","title":{"rendered":"Spandrels"},"content":{"rendered":"\t\t<div data-elementor-type=\"wp-page\" data-elementor-id=\"2195\" class=\"elementor elementor-2195 elementor-58\" data-elementor-post-type=\"page\">\n\t\t\t\t<div class=\"elementor-element elementor-element-42d8f8df e-con-full e-flex e-con e-parent\" data-id=\"42d8f8df\" data-element_type=\"container\" data-e-type=\"container\" data-settings=\"{&quot;background_background&quot;:&quot;classic&quot;,&quot;shape_divider_bottom&quot;:&quot;opacity-fan&quot;}\">\n\t\t\t\t<div class=\"elementor-shape elementor-shape-bottom\" aria-hidden=\"true\" data-negative=\"false\">\n\t\t\t<svg xmlns=\"http:\/\/www.w3.org\/2000\/svg\" viewBox=\"0 0 283.5 19.6\" preserveAspectRatio=\"none\">\n\t<path class=\"elementor-shape-fill\" style=\"opacity:0.33\" d=\"M0 0L0 18.8 141.8 4.1 283.5 18.8 283.5 0z\"\/>\n\t<path class=\"elementor-shape-fill\" style=\"opacity:0.33\" d=\"M0 0L0 12.6 141.8 4 283.5 12.6 283.5 0z\"\/>\n\t<path class=\"elementor-shape-fill\" style=\"opacity:0.33\" d=\"M0 0L0 6.4 141.8 4 283.5 6.4 283.5 0z\"\/>\n\t<path class=\"elementor-shape-fill\" d=\"M0 0L0 1.2 141.8 4 283.5 1.2 283.5 0z\"\/>\n<\/svg>\t\t<\/div>\n\t\t\t\t<div class=\"elementor-element elementor-element-6f7684bc elementor-widget elementor-widget-heading\" data-id=\"6f7684bc\" data-element_type=\"widget\" data-e-type=\"widget\" data-widget_type=\"heading.default\">\n\t\t\t\t<div class=\"elementor-widget-container\">\n\t\t\t\t\t<h2 class=\"elementor-heading-title elementor-size-default\">SPANDRELS<\/h2>\t\t\t\t<\/div>\n\t\t\t\t<\/div>\n\t\t\t\t<\/div>\n\t\t<div class=\"elementor-element elementor-element-28babc96 e-flex e-con-boxed e-con e-parent\" data-id=\"28babc96\" data-element_type=\"container\" data-e-type=\"container\">\n\t\t\t\t\t<div class=\"e-con-inner\">\n\t\t\t\t<div class=\"elementor-element elementor-element-6244287f elementor-widget elementor-widget-heading\" data-id=\"6244287f\" data-element_type=\"widget\" data-e-type=\"widget\" data-widget_type=\"heading.default\">\n\t\t\t\t<div class=\"elementor-widget-container\">\n\t\t\t\t\t<h2 class=\"elementor-heading-title elementor-size-default\">A SPALETT\u00c1KR\u00d3L<\/h2>\t\t\t\t<\/div>\n\t\t\t\t<\/div>\n\t\t\t\t<div class=\"elementor-element elementor-element-5b5bbbc elementor-widget elementor-widget-text-editor\" data-id=\"5b5bbbc\" data-element_type=\"widget\" data-e-type=\"widget\" data-widget_type=\"text-editor.default\">\n\t\t\t\t<div class=\"elementor-widget-container\">\n\t\t\t\t\t\t\t\t\t<p>A <strong>T Grup Cam<\/strong>-n\u00e1l <strong>kiv\u00e1l\u00f3 min\u0151s\u00e9g\u0171 parap\u00edt\u00f3\u00fcveget<\/strong> k\u00edn\u00e1lunk, amelyet a modern \u00e9p\u00edt\u00e9szeti projektek <strong>eszt\u00e9tikai vonzerej\u00e9nek \u00e9s funkcionalit\u00e1s\u00e1nak<\/strong> fokoz\u00e1s\u00e1ra tervezt\u00fcnk. A parap\u00edt\u00f3\u00fcveget <strong>szerkezeti elemek, szigetel\u00e9s \u00e9s g\u00e9p\u00e9szeti rendszerek elrejt\u00e9s\u00e9re<\/strong> haszn\u00e1lj\u00e1k, biztos\u00edtva az <strong>z\u00f6kken\u0151mentes \u00e9s vizu\u00e1lisan egys\u00e9ges \u00e9p\u00fclethomlokzatot<\/strong>.<\/p>\n<p><strong>El\u0151ny\u00f6k:<\/strong><\/p>\n<p>\u2705 <strong>\u00c9p\u00edt\u00e9szeti eszt\u00e9tika<\/strong> \u2013 <strong>modern, z\u00f6kken\u0151mentes \u00fcveghomlokzatot hoz l\u00e9tre<\/strong>.<br \/>\u2705 <strong>H\u0151- \u00e9s f\u00e9nyszab\u00e1lyoz\u00e1s<\/strong> \u2013 Cs\u00f6kkenti a <strong>napenergia-nyeres\u00e9get<\/strong> \u00e9s jav\u00edtja az <strong>energiahat\u00e9konys\u00e1got<\/strong>.<br \/>\u2705 <strong>Tart\u00f3ss\u00e1g \u00e9s Id\u0151j\u00e1r\u00e1s\u00e1ll\u00f3s\u00e1g<\/strong> \u2013 \u00dagy tervezt\u00e9k, hogy ellen\u00e1lljon a <strong>zord k\u00f6rnyezeti felt\u00e9teleknek<\/strong>.<br \/>\u2705 <strong>Testreszab\u00e1si lehet\u0151s\u00e9gek<\/strong> \u2013 <strong>K\u00fcl\u00f6nb\u00f6z\u0151 sz\u00ednekben, bevonatokban \u00e9s fel\u00fcletekben<\/strong> kaphat\u00f3.<br \/>\u2705 <strong>Adatok \u00e9s rejtett v\u00e9delem<\/strong> \u2013 Hat\u00e9konyan <strong>elrejti<\/strong> a szerkezeti elemeket<\/strong> egy \u00fcveghomlokzat m\u00f6g\u00f6tt.<\/p>\n<p><strong>Alkalmaz\u00e1si ter\u00fcletek:<\/strong><\/p>\n<ul>\n<li><strong>Kereskedelmi \u00e9s iroda\u00e9p\u00fcletek<\/strong><\/li>\n<li><strong>Magas \u00e9p\u00fcletek \u00fcveghomlokzatai<\/strong><\/li>\n<li><strong>Sz\u00e1llod\u00e1k \u00e9s bev\u00e1s\u00e1rl\u00f3k\u00f6zpontok<\/strong><\/li>\n<li><strong>K\u00f6z\u00e9p\u00fcletek \u00e9s Rep\u00fcl\u0151terek<\/strong><\/li>\n<\/ul>\n<p><strong>**Parapet\u00fcveg-megold\u00e1saink**<\/strong> az <strong>eszt\u00e9tik\u00e1t a funkcionalit\u00e1ssal<\/strong> \u00f6tv\u00f6zik, biztos\u00edtva a <strong>nagy tart\u00f3ss\u00e1got, energiahat\u00e9konys\u00e1got \u00e9s modern diz\u00e1jnt<\/strong> a kort\u00e1rs \u00e9p\u00fcletek sz\u00e1m\u00e1ra.<\/p>\n<p><a href=\"https:\/\/tgrupcam.com\/glass\/spandrel\/\"><strong>**PARAPT\u00c9RKONFIGUR\u00c1TOR<\/strong><\/a><\/p>\n\t\t\t\t\t\t\t\t<\/div>\n\t\t\t\t<\/div>\n\t\t\t\t\t<\/div>\n\t\t\t\t<\/div>\n\t\t<div class=\"elementor-element elementor-element-1a95316b e-flex e-con-boxed e-con e-parent\" data-id=\"1a95316b\" data-element_type=\"container\" data-e-type=\"container\" data-settings=\"{&quot;background_background&quot;:&quot;classic&quot;,&quot;background_motion_fx_motion_fx_scrolling&quot;:&quot;yes&quot;,&quot;background_motion_fx_translateY_effect&quot;:&quot;yes&quot;,&quot;background_motion_fx_translateY_speed&quot;:{&quot;unit&quot;:&quot;px&quot;,&quot;size&quot;:4,&quot;sizes&quot;:[]},&quot;background_motion_fx_translateY_affectedRange&quot;:{&quot;unit&quot;:&quot;%&quot;,&quot;size&quot;:&quot;&quot;,&quot;sizes&quot;:{&quot;start&quot;:0,&quot;end&quot;:100}},&quot;background_motion_fx_devices&quot;:[&quot;desktop&quot;,&quot;tablet&quot;,&quot;mobile&quot;]}\">\n\t\t\t\t\t<div class=\"e-con-inner\">\n\t\t\t\t\t<\/div>\n\t\t\t\t<\/div>\n\t\t<div class=\"elementor-element elementor-element-7da8757 e-flex e-con-boxed e-con e-parent\" data-id=\"7da8757\" data-element_type=\"container\" data-e-type=\"container\">\n\t\t\t\t\t<div class=\"e-con-inner\">\n\t\t<div class=\"elementor-element elementor-element-dc82ae5 e-con-full e-flex e-con e-child\" data-id=\"dc82ae5\" data-element_type=\"container\" data-e-type=\"container\">\n\t\t\t\t<div class=\"elementor-element elementor-element-262a030 elementor-widget elementor-widget-heading\" data-id=\"262a030\" data-element_type=\"widget\" data-e-type=\"widget\" data-widget_type=\"heading.default\">\n\t\t\t\t<div class=\"elementor-widget-container\">\n\t\t\t\t\t<h2 class=\"elementor-heading-title elementor-size-default\">ALKALMAZ\u00c1SOK<\/h2>\t\t\t\t<\/div>\n\t\t\t\t<\/div>\n\t\t\t\t<div class=\"elementor-element elementor-element-5c16af2 elementor-widget elementor-widget-image-gallery\" data-id=\"5c16af2\" data-element_type=\"widget\" data-e-type=\"widget\" data-widget_type=\"image-gallery.default\">\n\t\t\t\t<div class=\"elementor-widget-container\">\n\t\t\t\t\t\t\t<div class=\"elementor-image-gallery\">\n\t\t\t<div id='gallery-1' class='gallery galleryid-2195 gallery-columns-5 gallery-size-medium'><figure class='gallery-item'>\n\t\t\t<div class='gallery-icon landscape'>\n\t\t\t\t<a data-elementor-open-lightbox=\"yes\" data-elementor-lightbox-slideshow=\"5c16af2\" data-elementor-lightbox-title=\"curved-toughened-1\" data-e-action-hash=\"#elementor-action%3Aaction%3Dlightbox%26settings%3DeyJpZCI6MTk1NSwidXJsIjoiaHR0cHM6XC9cL3RncnVwY2FtLmNvbVwvd3AtY29udGVudFwvdXBsb2Fkc1wvMjAyNVwvMDRcL2N1cnZlZC10b3VnaGVuZWQtMS5qcGciLCJzbGlkZXNob3ciOiI1YzE2YWYyIn0%3D\" href='https:\/\/tgrupcam.com\/wp-content\/uploads\/2025\/04\/curved-toughened-1.jpg'><img fetchpriority=\"high\" decoding=\"async\" width=\"300\" height=\"300\" src=\"https:\/\/tgrupcam.com\/wp-content\/uploads\/2025\/04\/curved-toughened-1-300x300.jpg\" class=\"attachment-medium size-medium\" alt=\"\" srcset=\"https:\/\/tgrupcam.com\/wp-content\/uploads\/2025\/04\/curved-toughened-1-300x300.jpg 300w, https:\/\/tgrupcam.com\/wp-content\/uploads\/2025\/04\/curved-toughened-1-1024x1024.jpg 1024w, https:\/\/tgrupcam.com\/wp-content\/uploads\/2025\/04\/curved-toughened-1-150x150.jpg 150w, https:\/\/tgrupcam.com\/wp-content\/uploads\/2025\/04\/curved-toughened-1-768x768.jpg 768w, https:\/\/tgrupcam.com\/wp-content\/uploads\/2025\/04\/curved-toughened-1-650x650.jpg 650w, https:\/\/tgrupcam.com\/wp-content\/uploads\/2025\/04\/curved-toughened-1.jpg 1080w\" sizes=\"(max-width: 300px) 100vw, 300px\" \/><\/a>\n\t\t\t<\/div><\/figure><figure class='gallery-item'>\n\t\t\t<div class='gallery-icon landscape'>\n\t\t\t\t<a data-elementor-open-lightbox=\"yes\" data-elementor-lightbox-slideshow=\"5c16af2\" data-elementor-lightbox-title=\"curved-toughened-5\" data-e-action-hash=\"#elementor-action%3Aaction%3Dlightbox%26settings%3DeyJpZCI6MTk5OSwidXJsIjoiaHR0cHM6XC9cL3RncnVwY2FtLmNvbVwvd3AtY29udGVudFwvdXBsb2Fkc1wvMjAyNVwvMDRcL2N1cnZlZC10b3VnaGVuZWQtNS5qcGciLCJzbGlkZXNob3ciOiI1YzE2YWYyIn0%3D\" href='https:\/\/tgrupcam.com\/wp-content\/uploads\/2025\/04\/curved-toughened-5.jpg'><img decoding=\"async\" width=\"300\" height=\"300\" src=\"https:\/\/tgrupcam.com\/wp-content\/uploads\/2025\/04\/curved-toughened-5-300x300.jpg\" class=\"attachment-medium size-medium\" alt=\"\" srcset=\"https:\/\/tgrupcam.com\/wp-content\/uploads\/2025\/04\/curved-toughened-5-300x300.jpg 300w, https:\/\/tgrupcam.com\/wp-content\/uploads\/2025\/04\/curved-toughened-5-1024x1024.jpg 1024w, https:\/\/tgrupcam.com\/wp-content\/uploads\/2025\/04\/curved-toughened-5-150x150.jpg 150w, https:\/\/tgrupcam.com\/wp-content\/uploads\/2025\/04\/curved-toughened-5-768x768.jpg 768w, https:\/\/tgrupcam.com\/wp-content\/uploads\/2025\/04\/curved-toughened-5-650x650.jpg 650w, https:\/\/tgrupcam.com\/wp-content\/uploads\/2025\/04\/curved-toughened-5.jpg 1080w\" sizes=\"(max-width: 300px) 100vw, 300px\" \/><\/a>\n\t\t\t<\/div><\/figure><figure class='gallery-item'>\n\t\t\t<div class='gallery-icon landscape'>\n\t\t\t\t<a data-elementor-open-lightbox=\"yes\" data-elementor-lightbox-slideshow=\"5c16af2\" data-elementor-lightbox-title=\"curved-toughened-3\" data-e-action-hash=\"#elementor-action%3Aaction%3Dlightbox%26settings%3DeyJpZCI6MTk3NywidXJsIjoiaHR0cHM6XC9cL3RncnVwY2FtLmNvbVwvd3AtY29udGVudFwvdXBsb2Fkc1wvMjAyNVwvMDRcL2N1cnZlZC10b3VnaGVuZWQtMy5qcGciLCJzbGlkZXNob3ciOiI1YzE2YWYyIn0%3D\" href='https:\/\/tgrupcam.com\/wp-content\/uploads\/2025\/04\/curved-toughened-3.jpg'><img decoding=\"async\" width=\"300\" height=\"300\" src=\"https:\/\/tgrupcam.com\/wp-content\/uploads\/2025\/04\/curved-toughened-3-300x300.jpg\" class=\"attachment-medium size-medium\" alt=\"\" srcset=\"https:\/\/tgrupcam.com\/wp-content\/uploads\/2025\/04\/curved-toughened-3-300x300.jpg 300w, https:\/\/tgrupcam.com\/wp-content\/uploads\/2025\/04\/curved-toughened-3-1024x1024.jpg 1024w, https:\/\/tgrupcam.com\/wp-content\/uploads\/2025\/04\/curved-toughened-3-150x150.jpg 150w, https:\/\/tgrupcam.com\/wp-content\/uploads\/2025\/04\/curved-toughened-3-768x768.jpg 768w, https:\/\/tgrupcam.com\/wp-content\/uploads\/2025\/04\/curved-toughened-3-650x650.jpg 650w, https:\/\/tgrupcam.com\/wp-content\/uploads\/2025\/04\/curved-toughened-3.jpg 1080w\" sizes=\"(max-width: 300px) 100vw, 300px\" \/><\/a>\n\t\t\t<\/div><\/figure><figure class='gallery-item'>\n\t\t\t<div class='gallery-icon landscape'>\n\t\t\t\t<a data-elementor-open-lightbox=\"yes\" data-elementor-lightbox-slideshow=\"5c16af2\" data-elementor-lightbox-title=\"curved-toughened-4\" data-e-action-hash=\"#elementor-action%3Aaction%3Dlightbox%26settings%3DeyJpZCI6MTk4OCwidXJsIjoiaHR0cHM6XC9cL3RncnVwY2FtLmNvbVwvd3AtY29udGVudFwvdXBsb2Fkc1wvMjAyNVwvMDRcL2N1cnZlZC10b3VnaGVuZWQtNC5qcGciLCJzbGlkZXNob3ciOiI1YzE2YWYyIn0%3D\" href='https:\/\/tgrupcam.com\/wp-content\/uploads\/2025\/04\/curved-toughened-4.jpg'><img loading=\"lazy\" decoding=\"async\" width=\"300\" height=\"300\" src=\"https:\/\/tgrupcam.com\/wp-content\/uploads\/2025\/04\/curved-toughened-4-300x300.jpg\" class=\"attachment-medium size-medium\" alt=\"\" srcset=\"https:\/\/tgrupcam.com\/wp-content\/uploads\/2025\/04\/curved-toughened-4-300x300.jpg 300w, https:\/\/tgrupcam.com\/wp-content\/uploads\/2025\/04\/curved-toughened-4-1024x1024.jpg 1024w, https:\/\/tgrupcam.com\/wp-content\/uploads\/2025\/04\/curved-toughened-4-150x150.jpg 150w, https:\/\/tgrupcam.com\/wp-content\/uploads\/2025\/04\/curved-toughened-4-768x768.jpg 768w, https:\/\/tgrupcam.com\/wp-content\/uploads\/2025\/04\/curved-toughened-4-650x650.jpg 650w, https:\/\/tgrupcam.com\/wp-content\/uploads\/2025\/04\/curved-toughened-4.jpg 1080w\" sizes=\"(max-width: 300px) 100vw, 300px\" \/><\/a>\n\t\t\t<\/div><\/figure><figure class='gallery-item'>\n\t\t\t<div class='gallery-icon landscape'>\n\t\t\t\t<a data-elementor-open-lightbox=\"yes\" data-elementor-lightbox-slideshow=\"5c16af2\" data-elementor-lightbox-title=\"curved-toughened-6\" data-e-action-hash=\"#elementor-action%3Aaction%3Dlightbox%26settings%3DeyJpZCI6MjAxMCwidXJsIjoiaHR0cHM6XC9cL3RncnVwY2FtLmNvbVwvd3AtY29udGVudFwvdXBsb2Fkc1wvMjAyNVwvMDRcL2N1cnZlZC10b3VnaGVuZWQtNi5qcGciLCJzbGlkZXNob3ciOiI1YzE2YWYyIn0%3D\" href='https:\/\/tgrupcam.com\/wp-content\/uploads\/2025\/04\/curved-toughened-6.jpg'><img loading=\"lazy\" decoding=\"async\" width=\"300\" height=\"300\" src=\"https:\/\/tgrupcam.com\/wp-content\/uploads\/2025\/04\/curved-toughened-6-300x300.jpg\" class=\"attachment-medium size-medium\" alt=\"\" srcset=\"https:\/\/tgrupcam.com\/wp-content\/uploads\/2025\/04\/curved-toughened-6-300x300.jpg 300w, https:\/\/tgrupcam.com\/wp-content\/uploads\/2025\/04\/curved-toughened-6-1024x1024.jpg 1024w, https:\/\/tgrupcam.com\/wp-content\/uploads\/2025\/04\/curved-toughened-6-150x150.jpg 150w, https:\/\/tgrupcam.com\/wp-content\/uploads\/2025\/04\/curved-toughened-6-768x768.jpg 768w, https:\/\/tgrupcam.com\/wp-content\/uploads\/2025\/04\/curved-toughened-6-650x650.jpg 650w, https:\/\/tgrupcam.com\/wp-content\/uploads\/2025\/04\/curved-toughened-6.jpg 1080w\" sizes=\"(max-width: 300px) 100vw, 300px\" \/><\/a>\n\t\t\t<\/div><\/figure>\n\t\t<\/div>\n\t\t<\/div>\n\t\t\t\t\t\t<\/div>\n\t\t\t\t<\/div>\n\t\t\t\t<\/div>\n\t\t\t\t\t<\/div>\n\t\t\t\t<\/div>\n\t\t<div class=\"elementor-element elementor-element-ce72f69 e-flex e-con-boxed e-con e-parent\" data-id=\"ce72f69\" data-element_type=\"container\" data-e-type=\"container\" data-settings=\"{&quot;background_background&quot;:&quot;classic&quot;}\">\n\t\t\t\t\t<div class=\"e-con-inner\">\n\t\t\t\t<div class=\"elementor-element elementor-element-6f4f93f8 elementor-widget elementor-widget-heading\" data-id=\"6f4f93f8\" data-element_type=\"widget\" data-e-type=\"widget\" data-widget_type=\"heading.default\">\n\t\t\t\t<div class=\"elementor-widget-container\">\n\t\t\t\t\t<h2 class=\"elementor-heading-title elementor-size-default\">Amit k\u00edn\u00e1lunk<\/h2>\t\t\t\t<\/div>\n\t\t\t\t<\/div>\n\t\t\t\t<div class=\"elementor-element elementor-element-13302d95 elementor-widget elementor-widget-text-editor\" data-id=\"13302d95\" data-element_type=\"widget\" data-e-type=\"widget\" data-widget_type=\"text-editor.default\">\n\t\t\t\t<div class=\"elementor-widget-container\">\n\t\t\t\t\t\t\t\t\t<table>\n<tbody>\n<tr>\n<td><strong>\u00dcvegvastags\u00e1g<br \/>[mm]<\/strong><\/td>\n<td><strong>Minim\u00e1lis panelm\u00e9retek<br \/>[mm]<\/strong><\/td>\n<td><strong>Maxim\u00e1lis panelm\u00e9retek<br \/>[mm]<\/strong><\/td>\n<\/tr>\n<tr>\n<td>\n<p>\u00a0<\/p>\n<p>4-19<\/p>\n<\/td>\n<td>\n<p>\u00a0<\/p>\n<p>200 x 500<\/p>\n<\/td>\n<td>\n<p>\u00a0<\/p>\n<p>3210 x 8000<\/p>\n<\/td>\n<\/tr>\n<\/tbody>\n<\/table>\n\t\t\t\t\t\t\t\t<\/div>\n\t\t\t\t<\/div>\n\t\t\t\t\t<\/div>\n\t\t\t\t<\/div>\n\t\t<div class=\"elementor-element elementor-element-6db51024 e-flex e-con-boxed e-con e-parent\" data-id=\"6db51024\" data-element_type=\"container\" data-e-type=\"container\" data-settings=\"{&quot;background_background&quot;:&quot;classic&quot;,&quot;background_motion_fx_motion_fx_scrolling&quot;:&quot;yes&quot;,&quot;background_motion_fx_translateY_effect&quot;:&quot;yes&quot;,&quot;background_motion_fx_translateY_speed&quot;:{&quot;unit&quot;:&quot;px&quot;,&quot;size&quot;:4,&quot;sizes&quot;:[]},&quot;background_motion_fx_translateY_affectedRange&quot;:{&quot;unit&quot;:&quot;%&quot;,&quot;size&quot;:&quot;&quot;,&quot;sizes&quot;:{&quot;start&quot;:0,&quot;end&quot;:100}},&quot;background_motion_fx_devices&quot;:[&quot;desktop&quot;,&quot;tablet&quot;,&quot;mobile&quot;]}\">\n\t\t\t\t\t<div class=\"e-con-inner\">\n\t\t\t\t<div class=\"elementor-element elementor-element-6b63a741 elementor-widget elementor-widget-heading\" data-id=\"6b63a741\" data-element_type=\"widget\" data-e-type=\"widget\" data-widget_type=\"heading.default\">\n\t\t\t\t<div class=\"elementor-widget-container\">\n\t\t\t\t\t<h2 class=\"elementor-heading-title elementor-size-default\">Folyamatosan m\u00f3dos\u00edtjuk gy\u00e1rt\u00e1si folyamatainkat \u00e9s szok\u00e1sainkat, hogy korl\u00e1tozzuk a k\u00f6rnyezetre gyakorolt negat\u00edv hat\u00e1sokat.<\/h2>\t\t\t\t<\/div>\n\t\t\t\t<\/div>\n\t\t\t\t<div class=\"elementor-element elementor-element-7ef4837c elementor-widget elementor-widget-text-editor\" data-id=\"7ef4837c\" data-element_type=\"widget\" data-e-type=\"widget\" data-widget_type=\"text-editor.default\">\n\t\t\t\t<div class=\"elementor-widget-container\">\n\t\t\t\t\t\t\t\t\t<p>A v\u00e1ltoz\u00e1sok megk\u00f6nny\u00edt\u00e9se \u00e9rdek\u00e9ben elfogadtuk az ISO 14001 szabv\u00e1nyt, a k\u00f6rnyezetv\u00e9delem vil\u00e1gszint\u0171 ir\u00e1ny\u00edt\u00e1si rendszer\u00e9t.<\/p>\n\t\t\t\t\t\t\t\t<\/div>\n\t\t\t\t<\/div>\n\t\t\t\t<div class=\"elementor-element elementor-element-160686b2 elementor-align-center elementor-widget elementor-widget-button\" data-id=\"160686b2\" data-element_type=\"widget\" data-e-type=\"widget\" data-widget_type=\"button.default\">\n\t\t\t\t<div class=\"elementor-widget-container\">\n\t\t\t\t\t\t\t\t\t<div class=\"elementor-button-wrapper\">\n\t\t\t\t\t<a class=\"elementor-button elementor-button-link elementor-size-sm\" href=\"https:\/\/tgrupcam.com\/index.php\/kapcsolat\/?lang=hu\">\n\t\t\t\t\t\t<span class=\"elementor-button-content-wrapper\">\n\t\t\t\t\t\t\t\t\t<span class=\"elementor-button-text\">Kapcsolatfelv\u00e9tel<\/span>\n\t\t\t\t\t<\/span>\n\t\t\t\t\t<\/a>\n\t\t\t\t<\/div>\n\t\t\t\t\t\t\t\t<\/div>\n\t\t\t\t<\/div>\n\t\t\t\t\t<\/div>\n\t\t\t\t<\/div>\n\t\t\t\t<\/div>\n\t\t","protected":false},"excerpt":{"rendered":"<p>SPANDRELS A SPALETT\u00c1KR\u00d3L A T Grup Cam-n\u00e1l kiv\u00e1l\u00f3 min\u0151s\u00e9g\u0171 parap\u00edt\u00f3\u00fcveget k\u00edn\u00e1lunk, amelyet a modern \u00e9p\u00edt\u00e9szeti projektek eszt\u00e9tikai vonzerej\u00e9nek \u00e9s funkcionalit\u00e1s\u00e1nak fokoz\u00e1s\u00e1ra tervezt\u00fcnk. A parap\u00edt\u00f3\u00fcveget szerkezeti elemek, szigetel\u00e9s \u00e9s g\u00e9p\u00e9szeti rendszerek elrejt\u00e9s\u00e9re haszn\u00e1lj\u00e1k, biztos\u00edtva az z\u00f6kken\u0151mentes \u00e9s vizu\u00e1lisan egys\u00e9ges \u00e9p\u00fclethomlokzatot. El\u0151ny\u00f6k: \u2705 \u00c9p\u00edt\u00e9szeti eszt\u00e9tika \u2013 modern, z\u00f6kken\u0151mentes \u00fcveghomlokzatot hoz l\u00e9tre.\u2705 H\u0151- \u00e9s f\u00e9nyszab\u00e1lyoz\u00e1s \u2013 Cs\u00f6kkenti a [&hellip;]<\/p>\n","protected":false},"author":1,"featured_media":0,"parent":2460,"menu_order":0,"comment_status":"closed","ping_status":"closed","template":"elementor_header_footer","meta":{"footnotes":""},"class_list":["post-2195","page","type-page","status-publish","hentry"],"_links":{"self":[{"href":"https:\/\/tgrupcam.com\/index.php\/wp-json\/wp\/v2\/pages\/2195","targetHints":{"allow":["GET"]}}],"collection":[{"href":"https:\/\/tgrupcam.com\/index.php\/wp-json\/wp\/v2\/pages"}],"about":[{"href":"https:\/\/tgrupcam.com\/index.php\/wp-json\/wp\/v2\/types\/page"}],"author":[{"embeddable":true,"href":"https:\/\/tgrupcam.com\/index.php\/wp-json\/wp\/v2\/users\/1"}],"replies":[{"embeddable":true,"href":"https:\/\/tgrupcam.com\/index.php\/wp-json\/wp\/v2\/comments?post=2195"}],"version-history":[{"count":0,"href":"https:\/\/tgrupcam.com\/index.php\/wp-json\/wp\/v2\/pages\/2195\/revisions"}],"up":[{"embeddable":true,"href":"https:\/\/tgrupcam.com\/index.php\/wp-json\/wp\/v2\/pages\/2460"}],"wp:attachment":[{"href":"https:\/\/tgrupcam.com\/index.php\/wp-json\/wp\/v2\/media?parent=2195"}],"curies":[{"name":"wp","href":"https:\/\/api.w.org\/{rel}","templated":true}]}}