{"id":2203,"date":"2025-02-05T11:55:59","date_gmt":"2025-02-05T08:55:59","guid":{"rendered":"https:\/\/tgrupcam.com\/index.php\/laminiertes-glas\/"},"modified":"2025-06-04T14:27:00","modified_gmt":"2025-06-04T11:27:00","slug":"laminiertes-glas","status":"publish","type":"page","link":"https:\/\/tgrupcam.com\/index.php\/marktangebot\/spezialglas\/laminiertes-glas\/?lang=de","title":{"rendered":"Laminiertes Glas"},"content":{"rendered":"\t\t<div data-elementor-type=\"wp-page\" data-elementor-id=\"2203\" class=\"elementor elementor-2203 elementor-60\" data-elementor-post-type=\"page\">\n\t\t\t\t<div class=\"elementor-element elementor-element-227c0b21 e-con-full e-flex e-con e-parent\" data-id=\"227c0b21\" data-element_type=\"container\" data-e-type=\"container\" data-settings=\"{&quot;background_background&quot;:&quot;classic&quot;,&quot;shape_divider_bottom&quot;:&quot;opacity-fan&quot;}\">\n\t\t\t\t<div class=\"elementor-shape elementor-shape-bottom\" aria-hidden=\"true\" data-negative=\"false\">\n\t\t\t<svg xmlns=\"http:\/\/www.w3.org\/2000\/svg\" viewBox=\"0 0 283.5 19.6\" preserveAspectRatio=\"none\">\n\t<path class=\"elementor-shape-fill\" style=\"opacity:0.33\" d=\"M0 0L0 18.8 141.8 4.1 283.5 18.8 283.5 0z\"\/>\n\t<path class=\"elementor-shape-fill\" style=\"opacity:0.33\" d=\"M0 0L0 12.6 141.8 4 283.5 12.6 283.5 0z\"\/>\n\t<path class=\"elementor-shape-fill\" style=\"opacity:0.33\" d=\"M0 0L0 6.4 141.8 4 283.5 6.4 283.5 0z\"\/>\n\t<path class=\"elementor-shape-fill\" d=\"M0 0L0 1.2 141.8 4 283.5 1.2 283.5 0z\"\/>\n<\/svg>\t\t<\/div>\n\t\t\t\t<div class=\"elementor-element elementor-element-34c3d966 elementor-widget elementor-widget-heading\" data-id=\"34c3d966\" data-element_type=\"widget\" data-e-type=\"widget\" data-widget_type=\"heading.default\">\n\t\t\t\t<div class=\"elementor-widget-container\">\n\t\t\t\t\t<h2 class=\"elementor-heading-title elementor-size-default\">LAMINIERTES GLAS<\/h2>\t\t\t\t<\/div>\n\t\t\t\t<\/div>\n\t\t\t\t<\/div>\n\t\t<div class=\"elementor-element elementor-element-45d0cfb e-flex e-con-boxed e-con e-parent\" data-id=\"45d0cfb\" data-element_type=\"container\" data-e-type=\"container\">\n\t\t\t\t\t<div class=\"e-con-inner\">\n\t\t\t\t<div class=\"elementor-element elementor-element-52e8a1e elementor-widget elementor-widget-heading\" data-id=\"52e8a1e\" data-element_type=\"widget\" data-e-type=\"widget\" data-widget_type=\"heading.default\">\n\t\t\t\t<div class=\"elementor-widget-container\">\n\t\t\t\t\t<h2 class=\"elementor-heading-title elementor-size-default\">\u00dcBER VERBUNDSICHERHEITSGLAS<\/h2>\t\t\t\t<\/div>\n\t\t\t\t<\/div>\n\t\t\t\t<div class=\"elementor-element elementor-element-10956881 elementor-widget elementor-widget-text-editor\" data-id=\"10956881\" data-element_type=\"widget\" data-e-type=\"widget\" data-widget_type=\"text-editor.default\">\n\t\t\t\t<div class=\"elementor-widget-container\">\n\t\t\t\t\t\t\t\t\t<p>Bei <strong>T Grup Cam<\/strong> bieten wir <strong>Hochleistungs-Verbundglas<\/strong> an, das f\u00fcr <strong>verbesserte Sicherheit, Haltbarkeit und Schalld\u00e4mmung<\/strong> entwickelt wurde. Verbundglas besteht aus <strong>zwei oder mehr Glasschichten, die mit einer Zwischenschicht (PVB, EVA oder Ionoplast) miteinander verbunden sind<\/strong>. Dies gew\u00e4hrleistet <strong>Bruchsicherheit und Aufprallschutz<\/strong>, w\u00e4hrend die <strong>optische Klarheit<\/strong> erhalten bleibt. <\/p>\n<p><strong>Vorteile:<\/strong><\/p>\n<p>\u2705 <strong>Hohe Sicherheit<\/strong> &#8211; H\u00e4lt beim Aufprall zusammen, verringert das Verletzungsrisiko und bietet <strong>Einbruchsicherheit<\/strong>.<br \/>\u2705 <strong>Schalld\u00e4mmung<\/strong> &#8211; Reduziert effektiv <strong>Au\u00dfenger\u00e4usche<\/strong> und sorgt so f\u00fcr ein <strong>ruhigeres Raumklima<\/strong>.<br \/>\u2705 <strong>UV-Schutz<\/strong> &#8211; Blockiert bis zu <strong>99% der sch\u00e4dlichen UV-Strahlen<\/strong> und sch\u00fctzt die Inneneinrichtung vor dem Ausbleichen.<br \/>\u2705 <strong>Vielseitige Anpassungsm\u00f6glichkeiten<\/strong> &#8211; Erh\u00e4ltlich in <strong>verschiedenen Dicken, Farben und Zwischenschichttypen<\/strong>.<br \/>\u2705 <strong>Verbesserte strukturelle Integrit\u00e4t<\/strong> &#8211; Kann mit <strong>vorgespanntem Glas<\/strong> f\u00fcr zus\u00e4tzliche Stabilit\u00e4t kombiniert werden.<\/p>\n<p><strong>Anwendungen:<\/strong><\/p>\n<ul>\n<li><strong>Fassaden &amp; Vorhangfassaden<\/strong><\/li>\n<li><strong>Fenster &amp; Oberlichter<\/strong><\/li>\n<li><strong>Balustraden &amp; Gel\u00e4nder<\/strong><\/li>\n<li><strong>Sicherheit &amp; kugelsichere Verglasung<\/strong><\/li>\n<li><strong>Glasb\u00f6den &amp; Treppenh\u00e4user<\/strong><\/li>\n<li><strong>Schaufenster &amp; Vitrinen f\u00fcr den Einzelhandel<\/strong><\/li>\n<\/ul>\n<p>Unsere <strong>Verbundglasl\u00f6sungen<\/strong> bieten <strong>ein perfektes Gleichgewicht zwischen Sicherheit, Leistung und \u00c4sthetik<\/strong> und erf\u00fcllen <strong>internationale Standards<\/strong> f\u00fcr <strong>private, gewerbliche und industrielle Anwendungen<\/strong>.<\/p>\n\t\t\t\t\t\t\t\t<\/div>\n\t\t\t\t<\/div>\n\t\t\t\t<div class=\"elementor-element elementor-element-5bf7ceea elementor-widget elementor-widget-heading\" data-id=\"5bf7ceea\" data-element_type=\"widget\" data-e-type=\"widget\" data-widget_type=\"heading.default\">\n\t\t\t\t<div class=\"elementor-widget-container\">\n\t\t\t\t\t<h2 class=\"elementor-heading-title elementor-size-default\">ARTEN DER ANGEBOTENEN PRODUKTE<\/h2>\t\t\t\t<\/div>\n\t\t\t\t<\/div>\n\t\t\t\t<div class=\"elementor-element elementor-element-447a658 elementor-widget elementor-widget-text-editor\" data-id=\"447a658\" data-element_type=\"widget\" data-e-type=\"widget\" data-widget_type=\"text-editor.default\">\n\t\t\t\t<div class=\"elementor-widget-container\">\n\t\t\t\t\t\t\t\t\t<div class=\"flex_column av-ss1pqfe-5e03b6b21cca7f21635dfd4e736081da av_two_fifth avia-builder-el-12 el_after_av_hr el_before_av_three_fifth first flex_column_div \">\n<section class=\"av_textblock_section av-rmw8tuy-a48e1a66ce47d5d438d9e8fa82ff77e5 \">\n<div class=\"avia_textblock\">\n<p>&#8211; <strong>Verbundsicherheitsglas<\/strong><br \/><strong>&#8211;<\/strong> Verbundsicherheitsglas<br \/><strong>&#8211;<\/strong> Verbundsicherheitsglas<\/p>\n<\/div>\n<\/section>\n<\/div>\n<div class=\"flex_column av-rjwyine-458a87aa5bce7d2ece7345fb0aaa3e07 av_three_fifth avia-builder-el-15 el_after_av_two_fifth el_before_av_hr flex_column_div av-zero-column-padding \">\n<section class=\"av_textblock_section av-r2j3nje-c6bd179c23be6110aefa1b4229cd7d67 \">\n<div class=\"avia_textblock\">\n<p>Verbundglasscheiben werden in allen Kombinationen ausgef\u00fchrt, die die M\u00f6glichkeiten des Produktionsprozesses zulassen. Mehrschichtige Sicherheitsscheiben sind die Scheiben unter allen m\u00f6glichen Kombinationen, die die Anforderungen einer der in der Norm EN 12600 angegebenen Klassen erf\u00fcllen. <\/p>\n<p>Dementsprechend erf\u00fcllt die Konstruktion von geschichteten Schutzscheiben die Anforderungen der Norm EN 356.<\/p>\n<\/div>\n<\/section>\n<\/div>\n\t\t\t\t\t\t\t\t<\/div>\n\t\t\t\t<\/div>\n\t\t\t\t\t<\/div>\n\t\t\t\t<\/div>\n\t\t<div class=\"elementor-element elementor-element-2040eabc e-flex e-con-boxed e-con e-parent\" data-id=\"2040eabc\" data-element_type=\"container\" data-e-type=\"container\" data-settings=\"{&quot;background_background&quot;:&quot;classic&quot;,&quot;background_motion_fx_motion_fx_scrolling&quot;:&quot;yes&quot;,&quot;background_motion_fx_translateY_effect&quot;:&quot;yes&quot;,&quot;background_motion_fx_translateY_speed&quot;:{&quot;unit&quot;:&quot;px&quot;,&quot;size&quot;:4,&quot;sizes&quot;:[]},&quot;background_motion_fx_translateY_affectedRange&quot;:{&quot;unit&quot;:&quot;%&quot;,&quot;size&quot;:&quot;&quot;,&quot;sizes&quot;:{&quot;start&quot;:0,&quot;end&quot;:100}},&quot;background_motion_fx_devices&quot;:[&quot;desktop&quot;,&quot;tablet&quot;,&quot;mobile&quot;]}\">\n\t\t\t\t\t<div class=\"e-con-inner\">\n\t\t\t\t\t<\/div>\n\t\t\t\t<\/div>\n\t\t<div class=\"elementor-element elementor-element-c2180f9 e-flex e-con-boxed e-con e-parent\" data-id=\"c2180f9\" data-element_type=\"container\" data-e-type=\"container\">\n\t\t\t\t\t<div class=\"e-con-inner\">\n\t\t<div class=\"elementor-element elementor-element-48cff9c9 e-con-full e-flex e-con e-child\" data-id=\"48cff9c9\" data-element_type=\"container\" data-e-type=\"container\">\n\t\t\t\t<div class=\"elementor-element elementor-element-1291df3d elementor-widget elementor-widget-heading\" data-id=\"1291df3d\" data-element_type=\"widget\" data-e-type=\"widget\" data-widget_type=\"heading.default\">\n\t\t\t\t<div class=\"elementor-widget-container\">\n\t\t\t\t\t<h2 class=\"elementor-heading-title elementor-size-default\">SICHERHEITS- UND SCHUTZPLATTENKONSTRUKTIONEN ANGEBOTEN<\/h2>\t\t\t\t<\/div>\n\t\t\t\t<\/div>\n\t\t\t\t<div class=\"elementor-element elementor-element-23f5e688 elementor-widget elementor-widget-text-editor\" data-id=\"23f5e688\" data-element_type=\"widget\" data-e-type=\"widget\" data-widget_type=\"text-editor.default\">\n\t\t\t\t<div class=\"elementor-widget-container\">\n\t\t\t\t\t\t\t\t\t<table>\n<tbody>\n<tr>\n<td colspan=\"4\">\n<p><strong>Zweischichtige laminierte Scheibenkonstruktion<\/strong><\/p>\n<\/td>\n<\/tr>\n<tr>\n<td>Min. Glasdicke von der Seite der Einwirkung des gegebenen Zerst\u00f6rungsfaktors<\/td>\n<td>Minimale Anzahl von Folienschichten, ausgedr\u00fcckt in einer Folie der Dicke 0,38 mm<\/td>\n<td>Min. Glasdicke von der Seite, auf die der gegebene Zerst\u00f6rungsfaktor nicht einwirkt<\/td>\n<td>Klasse EN 12600<\/td>\n<\/tr>\n<tr>\n<td>3<\/td>\n<td>1<\/td>\n<td>3<\/td>\n<td>2B2<\/td>\n<\/tr>\n<tr>\n<td>3<\/td>\n<td>2<\/td>\n<td>3<\/td>\n<td>1B1<\/td>\n<\/tr>\n<\/tbody>\n<\/table>\n\t\t\t\t\t\t\t\t<\/div>\n\t\t\t\t<\/div>\n\t\t\t\t<\/div>\n\t\t\t\t\t<\/div>\n\t\t\t\t<\/div>\n\t\t<div class=\"elementor-element elementor-element-4f5659 e-flex e-con-boxed e-con e-parent\" data-id=\"4f5659\" data-element_type=\"container\" data-e-type=\"container\" data-settings=\"{&quot;background_background&quot;:&quot;classic&quot;}\">\n\t\t\t\t\t<div class=\"e-con-inner\">\n\t\t\t\t<div class=\"elementor-element elementor-element-8578653 elementor-widget elementor-widget-heading\" data-id=\"8578653\" data-element_type=\"widget\" data-e-type=\"widget\" data-widget_type=\"heading.default\">\n\t\t\t\t<div class=\"elementor-widget-container\">\n\t\t\t\t\t<h2 class=\"elementor-heading-title elementor-size-default\">FENSTERDESIGNS MIT SCHUTZSCHICHT<\/h2>\t\t\t\t<\/div>\n\t\t\t\t<\/div>\n\t\t\t\t<div class=\"elementor-element elementor-element-19c65727 elementor-widget elementor-widget-text-editor\" data-id=\"19c65727\" data-element_type=\"widget\" data-e-type=\"widget\" data-widget_type=\"text-editor.default\">\n\t\t\t\t<div class=\"elementor-widget-container\">\n\t\t\t\t\t\t\t\t\t<table>\n<tbody>\n<tr>\n<td colspan=\"5\"><strong>Zweischichtige laminierte Scheibenkonstruktion<\/strong><\/td>\n<\/tr>\n<tr>\n<td>Nenndicke [mm]<\/td>\n<td>Min. Glasdicke von der Seite der Einwirkung des gegebenen Zerst\u00f6rungsfaktors<\/td>\n<td>Minimale Anzahl der Folienschichten, ausgedr\u00fcckt in einer Folie mit einer Dicke von 0,38 mm<\/td>\n<td>Min. Glasdicke von der Seite, auf die der gegebene Zerst\u00f6rungsfaktor nicht einwirkt<\/td>\n<td>Klasse EN 356<\/td>\n<\/tr>\n<tr>\n<td>&#8211;<\/td>\n<td>3<\/td>\n<td>2<\/td>\n<td>3<\/td>\n<td>P1A<\/td>\n<\/tr>\n<tr>\n<td>&#8211;<\/td>\n<td>4<\/td>\n<td>2<\/td>\n<td>4<\/td>\n<td>P2A<\/td>\n<\/tr>\n<tr>\n<td>&#8211;<\/td>\n<td>4<\/td>\n<td>4<\/td>\n<td>4<\/td>\n<td>P3A<\/td>\n<\/tr>\n<tr>\n<td>&#8211;<\/td>\n<td>4<\/td>\n<td>4<\/td>\n<td>4<\/td>\n<td>P4A<\/td>\n<\/tr>\n<tr>\n<td>&#8211;<\/td>\n<td>4<\/td>\n<td>6<\/td>\n<td>4<\/td>\n<td>P5A<\/td>\n<\/tr>\n<tr>\n<td colspan=\"5\"><strong>Mehrschichtige laminierte Scheibenkonstruktion<\/strong><\/td>\n<\/tr>\n<tr>\n<td>15,04<\/td>\n<td>&#8211;<\/td>\n<td>&#8211;<\/td>\n<td>&#8211;<\/td>\n<td>P6B<\/td>\n<\/tr>\n<tr>\n<td>23,04<\/td>\n<td>&#8211;<\/td>\n<td>&#8211;<\/td>\n<td>&#8211;<\/td>\n<td>P7B<\/td>\n<\/tr>\n<tr>\n<td>27,80<\/td>\n<td>&#8211;<\/td>\n<td>&#8211;<\/td>\n<td>&#8211;<\/td>\n<td>P8B<\/td>\n<\/tr>\n<\/tbody>\n<\/table>\n\t\t\t\t\t\t\t\t<\/div>\n\t\t\t\t<\/div>\n\t\t\t\t\t<\/div>\n\t\t\t\t<\/div>\n\t\t<div class=\"elementor-element elementor-element-239b5845 e-flex e-con-boxed e-con e-parent\" data-id=\"239b5845\" data-element_type=\"container\" data-e-type=\"container\">\n\t\t\t\t\t<div class=\"e-con-inner\">\n\t\t\t\t<div class=\"elementor-element elementor-element-3cd82414 elementor-widget elementor-widget-heading\" data-id=\"3cd82414\" data-element_type=\"widget\" data-e-type=\"widget\" data-widget_type=\"heading.default\">\n\t\t\t\t<div class=\"elementor-widget-container\">\n\t\t\t\t\t<h2 class=\"elementor-heading-title elementor-size-default\">POTENZIAL DER PRODUKTIONSLINIE F\u00dcR PRESSGLAS<\/h2>\t\t\t\t<\/div>\n\t\t\t\t<\/div>\n\t\t\t\t<div class=\"elementor-element elementor-element-f9d1067 elementor-widget elementor-widget-text-editor\" data-id=\"f9d1067\" data-element_type=\"widget\" data-e-type=\"widget\" data-widget_type=\"text-editor.default\">\n\t\t\t\t<div class=\"elementor-widget-container\">\n\t\t\t\t\t\t\t\t\t<div class=\"flex_column av-gwkyj9m-cacd860486c1e6cbc571e2dbb01dadb8 av_one_full avia-builder-el-38 el_after_av_one_full el_before_av_one_half first flex_column_div column-top-margin\">\n<section class=\"av_textblock_section av-fqb2aq2-2163ff54cc9fc616140491b3f478989d \">\n<div class=\"avia_textblock\">\n<table>\n<tbody>\n<tr>\n<td>Max. Paketdicke [mm]<\/td>\n<td colspan=\"6\">100<\/td>\n<\/tr>\n<tr>\n<td>Max. Formatma\u00dfe min. [mm]<\/td>\n<td colspan=\"6\">3210 x 8000<\/td>\n<\/tr>\n<tr>\n<td>Formatma\u00df min. [mm]<\/td>\n<td colspan=\"6\">250 x 500<\/td>\n<\/tr>\n<tr>\n<td>\n<p>Max. Gewicht [kg]<\/p>\n<p>\u2013 des Pakets<\/p>\n<p>\u2013 Komponentenscheiben<\/p>\n<\/td>\n<td colspan=\"6\">\n<p>\u2013<\/p>\n<p>2000<\/p>\n<p>500<\/p>\n<\/td>\n<\/tr>\n<\/tbody>\n<\/table>\n<\/div>\n<\/section>\n<\/div>\n<div class=\"flex_column av-1k5uqzu-8755b8a9379946ce78b523d240f1bdd4 av_one_half avia-builder-el-41 el_after_av_one_full el_before_av_one_half first flex_column_div column-top-margin\">\n<div class=\"av-special-heading av-1hed7t6-706636e3c2b94156a56113e50f96be6f av-special-heading-h3 blockquote modern-quote avia-builder-el-42 el_before_av_textblock avia-builder-el-first \">\n<p class=\"av-special-heading-tag \">ZUM LAMINIEREN VERF\u00dcGBARE GLASARTEN<\/p>\n<\/div>\n<section class=\"av_textblock_section av-ebcu28a-a66046c76fa9d015e1a5f4cd19ccbb4f \">\n<div class=\"avia_textblock\">\n<p><strong>\u2013<\/strong>\u00a0farblos und durchgef\u00e4rbt<br \/><strong>\u2013<\/strong>\u00a0mit emissionsarmen, solaren Schutz- und selektiven Beschichtungen<br \/><strong>\u2013<\/strong>\u00a0ausgew\u00e4hlte Ornamentdekoration<\/p>\n<\/div>\n<\/section>\n<\/div>\n<div class=\"flex_column av-dyfhnt6-2e4f7a2880df1a9478030d9d41a40971 av_one_half avia-builder-el-44 el_after_av_one_half el_before_av_section avia-builder-el-last flex_column_div av-zero-column-padding column-top-margin\">\n<div class=\"av-special-heading av-dpg9fhm-82a0afa8daad5870b5112a223d4fadaf av-special-heading-h3 blockquote modern-quote avia-builder-el-45 el_before_av_textblock avia-builder-el-first \">\n<p class=\"av-special-heading-tag \">ANGEWENDET F\u00dcR FOLIENTYPEN<\/p>\n<\/div>\n<section class=\"av_textblock_section av-1bpwyoa-40620bbc9571bb58e38a5ff535850325 \">\n<div class=\"avia_textblock\">\n<p><strong>\u2013<\/strong>\u00a0farblos<br \/><strong>\u2013<\/strong>\u00a0matt<br \/><strong>\u2013<\/strong>\u00a0akustisch<br \/><strong>\u2013<\/strong>\u00a0farbig<\/p>\n<\/div>\n<\/section>\n<\/div>\n\t\t\t\t\t\t\t\t<\/div>\n\t\t\t\t<\/div>\n\t\t\t\t\t<\/div>\n\t\t\t\t<\/div>\n\t\t<div class=\"elementor-element elementor-element-b4491cf e-flex e-con-boxed e-con e-parent\" data-id=\"b4491cf\" data-element_type=\"container\" data-e-type=\"container\" data-settings=\"{&quot;background_background&quot;:&quot;classic&quot;}\">\n\t\t\t\t\t<div class=\"e-con-inner\">\n\t\t\t\t<div class=\"elementor-element elementor-element-22a2d43 elementor-widget elementor-widget-heading\" data-id=\"22a2d43\" data-element_type=\"widget\" data-e-type=\"widget\" data-widget_type=\"heading.default\">\n\t\t\t\t<div class=\"elementor-widget-container\">\n\t\t\t\t\t<h2 class=\"elementor-heading-title elementor-size-default\">VERGLEICH DER AKUSTISCHEN EIGENSCHAFTEN VON AUSGEW\u00c4HLTEN MONOLITHISCHENUND GESCHICHTETEN PANELN MIT GLEICHER DICKE, BASIEREND AUF EN 12758 und 12354-3<\/h2>\t\t\t\t<\/div>\n\t\t\t\t<\/div>\n\t\t\t\t<div class=\"elementor-element elementor-element-c385fca elementor-widget elementor-widget-text-editor\" data-id=\"c385fca\" data-element_type=\"widget\" data-e-type=\"widget\" data-widget_type=\"text-editor.default\">\n\t\t\t\t<div class=\"elementor-widget-container\">\n\t\t\t\t\t\t\t\t\t<table>\n<tbody>\n<tr>\n<td colspan=\"2\"><strong>Aufbau [mm]<\/strong><\/td>\n<td colspan=\"3\"><strong>Schalld\u00e4mmungsanzeige<br \/>und adaptive Anzeigen [dB]<\/strong><\/td>\n<\/tr>\n<tr>\n<td colspan=\"2\"> <\/td>\n<td><sub>Rw<\/sub><\/td>\n<td><sub>Ctr<\/sub><\/td>\n<td>C<\/td>\n<\/tr>\n<tr>\n<td colspan=\"2\">6<\/td>\n<td>31<\/td>\n<td>-3<\/td>\n<td>-2<\/td>\n<\/tr>\n<tr>\n<td colspan=\"2\">6,4 (VSG 33.1)<\/td>\n<td>32<\/td>\n<td>-3<\/td>\n<td>-1<\/td>\n<\/tr>\n<tr>\n<td colspan=\"2\">8<\/td>\n<td>32<\/td>\n<td>-3<\/td>\n<td>-2<\/td>\n<\/tr>\n<tr>\n<td colspan=\"2\">9,5 (VSG 44.4)<\/td>\n<td>34<\/td>\n<td>-3<\/td>\n<td>-1<\/td>\n<\/tr>\n<\/tbody>\n<\/table>\n\t\t\t\t\t\t\t\t<\/div>\n\t\t\t\t<\/div>\n\t\t\t\t\t<\/div>\n\t\t\t\t<\/div>\n\t\t<div class=\"elementor-element elementor-element-1f9e8efe e-flex e-con-boxed e-con e-parent\" data-id=\"1f9e8efe\" data-element_type=\"container\" data-e-type=\"container\" data-settings=\"{&quot;background_background&quot;:&quot;classic&quot;,&quot;background_motion_fx_motion_fx_scrolling&quot;:&quot;yes&quot;,&quot;background_motion_fx_translateY_effect&quot;:&quot;yes&quot;,&quot;background_motion_fx_translateY_speed&quot;:{&quot;unit&quot;:&quot;px&quot;,&quot;size&quot;:4,&quot;sizes&quot;:[]},&quot;background_motion_fx_translateY_affectedRange&quot;:{&quot;unit&quot;:&quot;%&quot;,&quot;size&quot;:&quot;&quot;,&quot;sizes&quot;:{&quot;start&quot;:0,&quot;end&quot;:100}},&quot;background_motion_fx_devices&quot;:[&quot;desktop&quot;,&quot;tablet&quot;,&quot;mobile&quot;]}\">\n\t\t\t\t\t<div class=\"e-con-inner\">\n\t\t\t\t<div class=\"elementor-element elementor-element-703c37b8 elementor-widget elementor-widget-heading\" data-id=\"703c37b8\" data-element_type=\"widget\" data-e-type=\"widget\" data-widget_type=\"heading.default\">\n\t\t\t\t<div class=\"elementor-widget-container\">\n\t\t\t\t\t<h2 class=\"elementor-heading-title elementor-size-default\">Wir modifizieren st\u00e4ndig unsere Herstellungsprozesse und \u00e4ndern unsere Gewohnheiten, um die negativen Auswirkungen auf die Umwelt zu begrenzen.<\/h2>\t\t\t\t<\/div>\n\t\t\t\t<\/div>\n\t\t\t\t<div class=\"elementor-element elementor-element-47cb4f elementor-widget elementor-widget-text-editor\" data-id=\"47cb4f\" data-element_type=\"widget\" data-e-type=\"widget\" data-widget_type=\"text-editor.default\">\n\t\t\t\t<div class=\"elementor-widget-container\">\n\t\t\t\t\t\t\t\t\t<p>Um die Ver\u00e4nderungen zu erleichtern, haben wir ISO 14001, das weltweite Managementsystem f\u00fcr den Umweltschutz, eingef\u00fchrt.<\/p>\n\t\t\t\t\t\t\t\t<\/div>\n\t\t\t\t<\/div>\n\t\t\t\t<div class=\"elementor-element elementor-element-17b862ea elementor-align-center elementor-widget elementor-widget-button\" data-id=\"17b862ea\" data-element_type=\"widget\" data-e-type=\"widget\" data-widget_type=\"button.default\">\n\t\t\t\t<div class=\"elementor-widget-container\">\n\t\t\t\t\t\t\t\t\t<div class=\"elementor-button-wrapper\">\n\t\t\t\t\t<a class=\"elementor-button elementor-button-link elementor-size-sm\" href=\"https:\/\/tgrupcam.com\/index.php\/kontakt\/?lang=de\">\n\t\t\t\t\t\t<span class=\"elementor-button-content-wrapper\">\n\t\t\t\t\t\t\t\t\t<span class=\"elementor-button-text\">Kontaktieren Sie uns<\/span>\n\t\t\t\t\t<\/span>\n\t\t\t\t\t<\/a>\n\t\t\t\t<\/div>\n\t\t\t\t\t\t\t\t<\/div>\n\t\t\t\t<\/div>\n\t\t\t\t\t<\/div>\n\t\t\t\t<\/div>\n\t\t\t\t<\/div>\n\t\t","protected":false},"excerpt":{"rendered":"<p>LAMINIERTES GLAS \u00dcBER VERBUNDSICHERHEITSGLAS Bei T Grup Cam bieten wir Hochleistungs-Verbundglas an, das f\u00fcr verbesserte Sicherheit, Haltbarkeit und Schalld\u00e4mmung entwickelt wurde. Verbundglas besteht aus zwei oder mehr Glasschichten, die mit einer Zwischenschicht (PVB, EVA oder Ionoplast) miteinander verbunden sind. Dies gew\u00e4hrleistet Bruchsicherheit und Aufprallschutz, w\u00e4hrend die optische Klarheit erhalten bleibt. Vorteile: \u2705 Hohe Sicherheit &#8211; [&hellip;]<\/p>\n","protected":false},"author":1,"featured_media":0,"parent":2470,"menu_order":0,"comment_status":"closed","ping_status":"closed","template":"elementor_header_footer","meta":{"footnotes":""},"class_list":["post-2203","page","type-page","status-publish","hentry"],"_links":{"self":[{"href":"https:\/\/tgrupcam.com\/index.php\/wp-json\/wp\/v2\/pages\/2203","targetHints":{"allow":["GET"]}}],"collection":[{"href":"https:\/\/tgrupcam.com\/index.php\/wp-json\/wp\/v2\/pages"}],"about":[{"href":"https:\/\/tgrupcam.com\/index.php\/wp-json\/wp\/v2\/types\/page"}],"author":[{"embeddable":true,"href":"https:\/\/tgrupcam.com\/index.php\/wp-json\/wp\/v2\/users\/1"}],"replies":[{"embeddable":true,"href":"https:\/\/tgrupcam.com\/index.php\/wp-json\/wp\/v2\/comments?post=2203"}],"version-history":[{"count":0,"href":"https:\/\/tgrupcam.com\/index.php\/wp-json\/wp\/v2\/pages\/2203\/revisions"}],"up":[{"embeddable":true,"href":"https:\/\/tgrupcam.com\/index.php\/wp-json\/wp\/v2\/pages\/2470"}],"wp:attachment":[{"href":"https:\/\/tgrupcam.com\/index.php\/wp-json\/wp\/v2\/media?parent=2203"}],"curies":[{"name":"wp","href":"https:\/\/api.w.org\/{rel}","templated":true}]}}