{"id":2222,"date":"2025-02-05T11:55:51","date_gmt":"2025-02-05T08:55:51","guid":{"rendered":"https:\/\/tgrupcam.com\/index.php\/ecoincons\/"},"modified":"2025-06-04T14:56:12","modified_gmt":"2025-06-04T11:56:12","slug":"ecoincons","status":"publish","type":"page","link":"https:\/\/tgrupcam.com\/index.php\/offre-de-marche\/verre-special\/ecoincons\/?lang=fr","title":{"rendered":"\u00c9coin\u00e7ons"},"content":{"rendered":"\t\t<div data-elementor-type=\"wp-page\" data-elementor-id=\"2222\" class=\"elementor elementor-2222 elementor-58\" data-elementor-post-type=\"page\">\n\t\t\t\t<div class=\"elementor-element elementor-element-42d8f8df e-con-full e-flex e-con e-parent\" data-id=\"42d8f8df\" data-element_type=\"container\" data-e-type=\"container\" data-settings=\"{&quot;background_background&quot;:&quot;classic&quot;,&quot;shape_divider_bottom&quot;:&quot;opacity-fan&quot;}\">\n\t\t\t\t<div class=\"elementor-shape elementor-shape-bottom\" aria-hidden=\"true\" data-negative=\"false\">\n\t\t\t<svg xmlns=\"http:\/\/www.w3.org\/2000\/svg\" viewBox=\"0 0 283.5 19.6\" preserveAspectRatio=\"none\">\n\t<path class=\"elementor-shape-fill\" style=\"opacity:0.33\" d=\"M0 0L0 18.8 141.8 4.1 283.5 18.8 283.5 0z\"\/>\n\t<path class=\"elementor-shape-fill\" style=\"opacity:0.33\" d=\"M0 0L0 12.6 141.8 4 283.5 12.6 283.5 0z\"\/>\n\t<path class=\"elementor-shape-fill\" style=\"opacity:0.33\" d=\"M0 0L0 6.4 141.8 4 283.5 6.4 283.5 0z\"\/>\n\t<path class=\"elementor-shape-fill\" d=\"M0 0L0 1.2 141.8 4 283.5 1.2 283.5 0z\"\/>\n<\/svg>\t\t<\/div>\n\t\t\t\t<div class=\"elementor-element elementor-element-6f7684bc elementor-widget elementor-widget-heading\" data-id=\"6f7684bc\" data-element_type=\"widget\" data-e-type=\"widget\" data-widget_type=\"heading.default\">\n\t\t\t\t<div class=\"elementor-widget-container\">\n\t\t\t\t\t<h2 class=\"elementor-heading-title elementor-size-default\">SANDRELS<\/h2>\t\t\t\t<\/div>\n\t\t\t\t<\/div>\n\t\t\t\t<\/div>\n\t\t<div class=\"elementor-element elementor-element-28babc96 e-flex e-con-boxed e-con e-parent\" data-id=\"28babc96\" data-element_type=\"container\" data-e-type=\"container\">\n\t\t\t\t\t<div class=\"e-con-inner\">\n\t\t\t\t<div class=\"elementor-element elementor-element-6244287f elementor-widget elementor-widget-heading\" data-id=\"6244287f\" data-element_type=\"widget\" data-e-type=\"widget\" data-widget_type=\"heading.default\">\n\t\t\t\t<div class=\"elementor-widget-container\">\n\t\t\t\t\t<h2 class=\"elementor-heading-title elementor-size-default\">SUR LES \u00c9COIN\u00c7ONS<\/h2>\t\t\t\t<\/div>\n\t\t\t\t<\/div>\n\t\t\t\t<div class=\"elementor-element elementor-element-5b5bbbc elementor-widget elementor-widget-text-editor\" data-id=\"5b5bbbc\" data-element_type=\"widget\" data-e-type=\"widget\" data-widget_type=\"text-editor.default\">\n\t\t\t\t<div class=\"elementor-widget-container\">\n\t\t\t\t\t\t\t\t\t<p>Chez <strong>T Grup Cam<\/strong>, nous fournissons du verre all\u00e8ge de haute qualit\u00e9, con\u00e7u pour am\u00e9liorer l&#8217;esth\u00e9tique et la fonctionnalit\u00e9 des projets architecturaux modernes. Le verre all\u00e8ge est utilis\u00e9 pour dissimuler les \u00e9l\u00e9ments structurels, l&#8217;isolation et les syst\u00e8mes m\u00e9caniques, garantissant ainsi une fa\u00e7ade de b\u00e2timent homog\u00e8ne et visuellement uniforme.<\/p>\n<p><strong>Avantages\u00a0:<\/strong><\/p>\n<p>\u2705 Esth\u00e9tique architecturale\u00a0: cr\u00e9e une fa\u00e7ade en verre moderne et homog\u00e8ne.<br \/>\u2705 Contr\u00f4le de la chaleur et de la lumi\u00e8re\u00a0: r\u00e9duit le gain de chaleur solaire et am\u00e9liore l&#8217;efficacit\u00e9 \u00e9nerg\u00e9tique.<br \/>\u2705 Durabilit\u00e9 et R\u00e9sistance aux intemp\u00e9ries<\/strong> \u2013 Con\u00e7u pour r\u00e9sister aux <strong>conditions environnementales difficiles<\/strong>.<br \/>\u2705 <strong>Options de personnalisation<\/strong> \u2013 Disponible en <strong>diff\u00e9rentes couleurs, rev\u00eatements et finitions<\/strong>.<br \/>\u2705 <strong>Intimit\u00e9 et dissimulation<\/strong> \u2013 <strong>Cache efficacement les composants structurels<\/strong> derri\u00e8re une fa\u00e7ade en verre.<\/p>\n<p><strong>Applications\u00a0:<\/strong><\/p>\n<ul>\n<li><strong>Immeubles commerciaux et de bureaux<\/strong><\/li>\n<li><strong>Fa\u00e7ades en verre de grande hauteur<\/strong><\/li>\n<li><strong>H\u00f4tels et centres commerciaux<\/strong><\/li>\n<li><strong>B\u00e2timents publics et A\u00e9roports<\/strong><\/li>\n<\/ul>\n<p>Nos <strong>solutions de verre de tympan<\/strong> allient <strong>esth\u00e9tique et fonctionnalit\u00e9<\/strong>, garantissant <strong>une durabilit\u00e9 \u00e9lev\u00e9e, une efficacit\u00e9 \u00e9nerg\u00e9tique et un design moderne<\/strong> pour les b\u00e2timents contemporains.<\/p>\n<p><a href=\"https:\/\/tgrupcam.com\/glass\/spandrel\/\"><strong>CONFIGURATEUR DE TYMPAN<\/strong><\/a><\/p>\n\t\t\t\t\t\t\t\t<\/div>\n\t\t\t\t<\/div>\n\t\t\t\t\t<\/div>\n\t\t\t\t<\/div>\n\t\t<div class=\"elementor-element elementor-element-1a95316b e-flex e-con-boxed e-con e-parent\" data-id=\"1a95316b\" data-element_type=\"container\" data-e-type=\"container\" data-settings=\"{&quot;background_background&quot;:&quot;classic&quot;,&quot;background_motion_fx_motion_fx_scrolling&quot;:&quot;yes&quot;,&quot;background_motion_fx_translateY_effect&quot;:&quot;yes&quot;,&quot;background_motion_fx_translateY_speed&quot;:{&quot;unit&quot;:&quot;px&quot;,&quot;size&quot;:4,&quot;sizes&quot;:[]},&quot;background_motion_fx_translateY_affectedRange&quot;:{&quot;unit&quot;:&quot;%&quot;,&quot;size&quot;:&quot;&quot;,&quot;sizes&quot;:{&quot;start&quot;:0,&quot;end&quot;:100}},&quot;background_motion_fx_devices&quot;:[&quot;desktop&quot;,&quot;tablet&quot;,&quot;mobile&quot;]}\">\n\t\t\t\t\t<div class=\"e-con-inner\">\n\t\t\t\t\t<\/div>\n\t\t\t\t<\/div>\n\t\t<div class=\"elementor-element elementor-element-7da8757 e-flex e-con-boxed e-con e-parent\" data-id=\"7da8757\" data-element_type=\"container\" data-e-type=\"container\">\n\t\t\t\t\t<div class=\"e-con-inner\">\n\t\t<div class=\"elementor-element elementor-element-dc82ae5 e-con-full e-flex e-con e-child\" data-id=\"dc82ae5\" data-element_type=\"container\" data-e-type=\"container\">\n\t\t\t\t<div class=\"elementor-element elementor-element-262a030 elementor-widget elementor-widget-heading\" data-id=\"262a030\" data-element_type=\"widget\" data-e-type=\"widget\" data-widget_type=\"heading.default\">\n\t\t\t\t<div class=\"elementor-widget-container\">\n\t\t\t\t\t<h2 class=\"elementor-heading-title elementor-size-default\">CANDIDATURES<\/h2>\t\t\t\t<\/div>\n\t\t\t\t<\/div>\n\t\t\t\t<div class=\"elementor-element elementor-element-5c16af2 elementor-widget elementor-widget-image-gallery\" data-id=\"5c16af2\" data-element_type=\"widget\" data-e-type=\"widget\" data-widget_type=\"image-gallery.default\">\n\t\t\t\t<div class=\"elementor-widget-container\">\n\t\t\t\t\t\t\t<div class=\"elementor-image-gallery\">\n\t\t\t<div id='gallery-1' class='gallery galleryid-2222 gallery-columns-5 gallery-size-medium'><figure class='gallery-item'>\n\t\t\t<div class='gallery-icon landscape'>\n\t\t\t\t<a data-elementor-open-lightbox=\"yes\" data-elementor-lightbox-slideshow=\"5c16af2\" data-elementor-lightbox-title=\"curved-toughened-1\" data-e-action-hash=\"#elementor-action%3Aaction%3Dlightbox%26settings%3DeyJpZCI6MTk1MSwidXJsIjoiaHR0cHM6XC9cL3RncnVwY2FtLmNvbVwvd3AtY29udGVudFwvdXBsb2Fkc1wvMjAyNVwvMDRcL2N1cnZlZC10b3VnaGVuZWQtMS5qcGciLCJzbGlkZXNob3ciOiI1YzE2YWYyIn0%3D\" href='https:\/\/tgrupcam.com\/wp-content\/uploads\/2025\/04\/curved-toughened-1.jpg'><img fetchpriority=\"high\" decoding=\"async\" width=\"300\" height=\"300\" src=\"https:\/\/tgrupcam.com\/wp-content\/uploads\/2025\/04\/curved-toughened-1-300x300.jpg\" class=\"attachment-medium size-medium\" alt=\"\" srcset=\"https:\/\/tgrupcam.com\/wp-content\/uploads\/2025\/04\/curved-toughened-1-300x300.jpg 300w, https:\/\/tgrupcam.com\/wp-content\/uploads\/2025\/04\/curved-toughened-1-1024x1024.jpg 1024w, https:\/\/tgrupcam.com\/wp-content\/uploads\/2025\/04\/curved-toughened-1-150x150.jpg 150w, https:\/\/tgrupcam.com\/wp-content\/uploads\/2025\/04\/curved-toughened-1-768x768.jpg 768w, https:\/\/tgrupcam.com\/wp-content\/uploads\/2025\/04\/curved-toughened-1-650x650.jpg 650w, https:\/\/tgrupcam.com\/wp-content\/uploads\/2025\/04\/curved-toughened-1.jpg 1080w\" sizes=\"(max-width: 300px) 100vw, 300px\" \/><\/a>\n\t\t\t<\/div><\/figure><figure class='gallery-item'>\n\t\t\t<div class='gallery-icon landscape'>\n\t\t\t\t<a data-elementor-open-lightbox=\"yes\" data-elementor-lightbox-slideshow=\"5c16af2\" data-elementor-lightbox-title=\"curved-toughened-5\" data-e-action-hash=\"#elementor-action%3Aaction%3Dlightbox%26settings%3DeyJpZCI6MTk5NSwidXJsIjoiaHR0cHM6XC9cL3RncnVwY2FtLmNvbVwvd3AtY29udGVudFwvdXBsb2Fkc1wvMjAyNVwvMDRcL2N1cnZlZC10b3VnaGVuZWQtNS5qcGciLCJzbGlkZXNob3ciOiI1YzE2YWYyIn0%3D\" href='https:\/\/tgrupcam.com\/wp-content\/uploads\/2025\/04\/curved-toughened-5.jpg'><img decoding=\"async\" width=\"300\" height=\"300\" src=\"https:\/\/tgrupcam.com\/wp-content\/uploads\/2025\/04\/curved-toughened-5-300x300.jpg\" class=\"attachment-medium size-medium\" alt=\"\" srcset=\"https:\/\/tgrupcam.com\/wp-content\/uploads\/2025\/04\/curved-toughened-5-300x300.jpg 300w, https:\/\/tgrupcam.com\/wp-content\/uploads\/2025\/04\/curved-toughened-5-1024x1024.jpg 1024w, https:\/\/tgrupcam.com\/wp-content\/uploads\/2025\/04\/curved-toughened-5-150x150.jpg 150w, https:\/\/tgrupcam.com\/wp-content\/uploads\/2025\/04\/curved-toughened-5-768x768.jpg 768w, https:\/\/tgrupcam.com\/wp-content\/uploads\/2025\/04\/curved-toughened-5-650x650.jpg 650w, https:\/\/tgrupcam.com\/wp-content\/uploads\/2025\/04\/curved-toughened-5.jpg 1080w\" sizes=\"(max-width: 300px) 100vw, 300px\" \/><\/a>\n\t\t\t<\/div><\/figure><figure class='gallery-item'>\n\t\t\t<div class='gallery-icon landscape'>\n\t\t\t\t<a data-elementor-open-lightbox=\"yes\" data-elementor-lightbox-slideshow=\"5c16af2\" data-elementor-lightbox-title=\"curved-toughened-3\" data-e-action-hash=\"#elementor-action%3Aaction%3Dlightbox%26settings%3DeyJpZCI6MTk3MywidXJsIjoiaHR0cHM6XC9cL3RncnVwY2FtLmNvbVwvd3AtY29udGVudFwvdXBsb2Fkc1wvMjAyNVwvMDRcL2N1cnZlZC10b3VnaGVuZWQtMy5qcGciLCJzbGlkZXNob3ciOiI1YzE2YWYyIn0%3D\" href='https:\/\/tgrupcam.com\/wp-content\/uploads\/2025\/04\/curved-toughened-3.jpg'><img decoding=\"async\" width=\"300\" height=\"300\" src=\"https:\/\/tgrupcam.com\/wp-content\/uploads\/2025\/04\/curved-toughened-3-300x300.jpg\" class=\"attachment-medium size-medium\" alt=\"\" srcset=\"https:\/\/tgrupcam.com\/wp-content\/uploads\/2025\/04\/curved-toughened-3-300x300.jpg 300w, https:\/\/tgrupcam.com\/wp-content\/uploads\/2025\/04\/curved-toughened-3-1024x1024.jpg 1024w, https:\/\/tgrupcam.com\/wp-content\/uploads\/2025\/04\/curved-toughened-3-150x150.jpg 150w, https:\/\/tgrupcam.com\/wp-content\/uploads\/2025\/04\/curved-toughened-3-768x768.jpg 768w, https:\/\/tgrupcam.com\/wp-content\/uploads\/2025\/04\/curved-toughened-3-650x650.jpg 650w, https:\/\/tgrupcam.com\/wp-content\/uploads\/2025\/04\/curved-toughened-3.jpg 1080w\" sizes=\"(max-width: 300px) 100vw, 300px\" \/><\/a>\n\t\t\t<\/div><\/figure><figure class='gallery-item'>\n\t\t\t<div class='gallery-icon landscape'>\n\t\t\t\t<a data-elementor-open-lightbox=\"yes\" data-elementor-lightbox-slideshow=\"5c16af2\" data-elementor-lightbox-title=\"curved-toughened-4\" data-e-action-hash=\"#elementor-action%3Aaction%3Dlightbox%26settings%3DeyJpZCI6MTk4NCwidXJsIjoiaHR0cHM6XC9cL3RncnVwY2FtLmNvbVwvd3AtY29udGVudFwvdXBsb2Fkc1wvMjAyNVwvMDRcL2N1cnZlZC10b3VnaGVuZWQtNC5qcGciLCJzbGlkZXNob3ciOiI1YzE2YWYyIn0%3D\" href='https:\/\/tgrupcam.com\/wp-content\/uploads\/2025\/04\/curved-toughened-4.jpg'><img loading=\"lazy\" decoding=\"async\" width=\"300\" height=\"300\" src=\"https:\/\/tgrupcam.com\/wp-content\/uploads\/2025\/04\/curved-toughened-4-300x300.jpg\" class=\"attachment-medium size-medium\" alt=\"\" srcset=\"https:\/\/tgrupcam.com\/wp-content\/uploads\/2025\/04\/curved-toughened-4-300x300.jpg 300w, https:\/\/tgrupcam.com\/wp-content\/uploads\/2025\/04\/curved-toughened-4-1024x1024.jpg 1024w, https:\/\/tgrupcam.com\/wp-content\/uploads\/2025\/04\/curved-toughened-4-150x150.jpg 150w, https:\/\/tgrupcam.com\/wp-content\/uploads\/2025\/04\/curved-toughened-4-768x768.jpg 768w, https:\/\/tgrupcam.com\/wp-content\/uploads\/2025\/04\/curved-toughened-4-650x650.jpg 650w, https:\/\/tgrupcam.com\/wp-content\/uploads\/2025\/04\/curved-toughened-4.jpg 1080w\" sizes=\"(max-width: 300px) 100vw, 300px\" \/><\/a>\n\t\t\t<\/div><\/figure><figure class='gallery-item'>\n\t\t\t<div class='gallery-icon landscape'>\n\t\t\t\t<a data-elementor-open-lightbox=\"yes\" data-elementor-lightbox-slideshow=\"5c16af2\" data-elementor-lightbox-title=\"curved-toughened-6\" data-e-action-hash=\"#elementor-action%3Aaction%3Dlightbox%26settings%3DeyJpZCI6MjAwNiwidXJsIjoiaHR0cHM6XC9cL3RncnVwY2FtLmNvbVwvd3AtY29udGVudFwvdXBsb2Fkc1wvMjAyNVwvMDRcL2N1cnZlZC10b3VnaGVuZWQtNi5qcGciLCJzbGlkZXNob3ciOiI1YzE2YWYyIn0%3D\" href='https:\/\/tgrupcam.com\/wp-content\/uploads\/2025\/04\/curved-toughened-6.jpg'><img loading=\"lazy\" decoding=\"async\" width=\"300\" height=\"300\" src=\"https:\/\/tgrupcam.com\/wp-content\/uploads\/2025\/04\/curved-toughened-6-300x300.jpg\" class=\"attachment-medium size-medium\" alt=\"\" srcset=\"https:\/\/tgrupcam.com\/wp-content\/uploads\/2025\/04\/curved-toughened-6-300x300.jpg 300w, https:\/\/tgrupcam.com\/wp-content\/uploads\/2025\/04\/curved-toughened-6-1024x1024.jpg 1024w, https:\/\/tgrupcam.com\/wp-content\/uploads\/2025\/04\/curved-toughened-6-150x150.jpg 150w, https:\/\/tgrupcam.com\/wp-content\/uploads\/2025\/04\/curved-toughened-6-768x768.jpg 768w, https:\/\/tgrupcam.com\/wp-content\/uploads\/2025\/04\/curved-toughened-6-650x650.jpg 650w, https:\/\/tgrupcam.com\/wp-content\/uploads\/2025\/04\/curved-toughened-6.jpg 1080w\" sizes=\"(max-width: 300px) 100vw, 300px\" \/><\/a>\n\t\t\t<\/div><\/figure>\n\t\t<\/div>\n\t\t<\/div>\n\t\t\t\t\t\t<\/div>\n\t\t\t\t<\/div>\n\t\t\t\t<\/div>\n\t\t\t\t\t<\/div>\n\t\t\t\t<\/div>\n\t\t<div class=\"elementor-element elementor-element-ce72f69 e-flex e-con-boxed e-con e-parent\" data-id=\"ce72f69\" data-element_type=\"container\" data-e-type=\"container\" data-settings=\"{&quot;background_background&quot;:&quot;classic&quot;}\">\n\t\t\t\t\t<div class=\"e-con-inner\">\n\t\t\t\t<div class=\"elementor-element elementor-element-6f4f93f8 elementor-widget elementor-widget-heading\" data-id=\"6f4f93f8\" data-element_type=\"widget\" data-e-type=\"widget\" data-widget_type=\"heading.default\">\n\t\t\t\t<div class=\"elementor-widget-container\">\n\t\t\t\t\t<h2 class=\"elementor-heading-title elementor-size-default\">CE QUE NOUS POUVONS OFFRIR<\/h2>\t\t\t\t<\/div>\n\t\t\t\t<\/div>\n\t\t\t\t<div class=\"elementor-element elementor-element-13302d95 elementor-widget elementor-widget-text-editor\" data-id=\"13302d95\" data-element_type=\"widget\" data-e-type=\"widget\" data-widget_type=\"text-editor.default\">\n\t\t\t\t<div class=\"elementor-widget-container\">\n\t\t\t\t\t\t\t\t\t<table>\n<tbody>\n<tr>\n<td><strong>\u00c9paisseur du verre<br \/>[mm]<\/strong><\/td>\n<td><strong>Dimensions minimales du panneau<br \/>[mm]<\/strong><\/td>\n<td><strong>Dimensions maximales du panneau<br \/>[mm]<\/strong><\/td>\n<\/tr>\n<tr>\n<td>\n<p>\u00a0<\/p>\n<p>4-19<\/p>\n<\/td>\n<td>\n<p>\u00a0<\/p>\n<p>200 x 500<\/p>\n<\/td>\n<td>\n<p>\u00a0<\/p>\n<p>3210 x 8000<\/p>\n<\/td>\n<\/tr>\n<\/tbody>\n<\/table>\n\t\t\t\t\t\t\t\t<\/div>\n\t\t\t\t<\/div>\n\t\t\t\t\t<\/div>\n\t\t\t\t<\/div>\n\t\t<div class=\"elementor-element elementor-element-6db51024 e-flex e-con-boxed e-con e-parent\" data-id=\"6db51024\" data-element_type=\"container\" data-e-type=\"container\" data-settings=\"{&quot;background_background&quot;:&quot;classic&quot;,&quot;background_motion_fx_motion_fx_scrolling&quot;:&quot;yes&quot;,&quot;background_motion_fx_translateY_effect&quot;:&quot;yes&quot;,&quot;background_motion_fx_translateY_speed&quot;:{&quot;unit&quot;:&quot;px&quot;,&quot;size&quot;:4,&quot;sizes&quot;:[]},&quot;background_motion_fx_translateY_affectedRange&quot;:{&quot;unit&quot;:&quot;%&quot;,&quot;size&quot;:&quot;&quot;,&quot;sizes&quot;:{&quot;start&quot;:0,&quot;end&quot;:100}},&quot;background_motion_fx_devices&quot;:[&quot;desktop&quot;,&quot;tablet&quot;,&quot;mobile&quot;]}\">\n\t\t\t\t\t<div class=\"e-con-inner\">\n\t\t\t\t<div class=\"elementor-element elementor-element-6b63a741 elementor-widget elementor-widget-heading\" data-id=\"6b63a741\" data-element_type=\"widget\" data-e-type=\"widget\" data-widget_type=\"heading.default\">\n\t\t\t\t<div class=\"elementor-widget-container\">\n\t\t\t\t\t<h2 class=\"elementor-heading-title elementor-size-default\">Nous modifions constamment nos processus de fabrication et changeons nos habitudes pour limiter les effets n\u00e9gatifs sur l'environnement.<\/h2>\t\t\t\t<\/div>\n\t\t\t\t<\/div>\n\t\t\t\t<div class=\"elementor-element elementor-element-7ef4837c elementor-widget elementor-widget-text-editor\" data-id=\"7ef4837c\" data-element_type=\"widget\" data-e-type=\"widget\" data-widget_type=\"text-editor.default\">\n\t\t\t\t<div class=\"elementor-widget-container\">\n\t\t\t\t\t\t\t\t\t<p>Afin de faciliter les changements, nous avons adopt\u00e9 la norme ISO 14001, le syst\u00e8me mondial de gestion pour la protection de l&#8217;environnement.<\/p>\n\t\t\t\t\t\t\t\t<\/div>\n\t\t\t\t<\/div>\n\t\t\t\t<div class=\"elementor-element elementor-element-160686b2 elementor-align-center elementor-widget elementor-widget-button\" data-id=\"160686b2\" data-element_type=\"widget\" data-e-type=\"widget\" data-widget_type=\"button.default\">\n\t\t\t\t<div class=\"elementor-widget-container\">\n\t\t\t\t\t\t\t\t\t<div class=\"elementor-button-wrapper\">\n\t\t\t\t\t<a class=\"elementor-button elementor-button-link elementor-size-sm\" href=\"https:\/\/tgrupcam.com\/index.php\/contact\/?lang=fr\">\n\t\t\t\t\t\t<span class=\"elementor-button-content-wrapper\">\n\t\t\t\t\t\t\t\t\t<span class=\"elementor-button-text\">Contactez nous<\/span>\n\t\t\t\t\t<\/span>\n\t\t\t\t\t<\/a>\n\t\t\t\t<\/div>\n\t\t\t\t\t\t\t\t<\/div>\n\t\t\t\t<\/div>\n\t\t\t\t\t<\/div>\n\t\t\t\t<\/div>\n\t\t\t\t<\/div>\n\t\t","protected":false},"excerpt":{"rendered":"<p>SANDRELS SUR LES \u00c9COIN\u00c7ONS Chez T Grup Cam, nous fournissons du verre all\u00e8ge de haute qualit\u00e9, con\u00e7u pour am\u00e9liorer l&#8217;esth\u00e9tique et la fonctionnalit\u00e9 des projets architecturaux modernes. Le verre all\u00e8ge est utilis\u00e9 pour dissimuler les \u00e9l\u00e9ments structurels, l&#8217;isolation et les syst\u00e8mes m\u00e9caniques, garantissant ainsi une fa\u00e7ade de b\u00e2timent homog\u00e8ne et visuellement uniforme. Avantages\u00a0: \u2705 Esth\u00e9tique [&hellip;]<\/p>\n","protected":false},"author":1,"featured_media":0,"parent":2498,"menu_order":0,"comment_status":"closed","ping_status":"closed","template":"elementor_header_footer","meta":{"footnotes":""},"class_list":["post-2222","page","type-page","status-publish","hentry"],"_links":{"self":[{"href":"https:\/\/tgrupcam.com\/index.php\/wp-json\/wp\/v2\/pages\/2222","targetHints":{"allow":["GET"]}}],"collection":[{"href":"https:\/\/tgrupcam.com\/index.php\/wp-json\/wp\/v2\/pages"}],"about":[{"href":"https:\/\/tgrupcam.com\/index.php\/wp-json\/wp\/v2\/types\/page"}],"author":[{"embeddable":true,"href":"https:\/\/tgrupcam.com\/index.php\/wp-json\/wp\/v2\/users\/1"}],"replies":[{"embeddable":true,"href":"https:\/\/tgrupcam.com\/index.php\/wp-json\/wp\/v2\/comments?post=2222"}],"version-history":[{"count":0,"href":"https:\/\/tgrupcam.com\/index.php\/wp-json\/wp\/v2\/pages\/2222\/revisions"}],"up":[{"embeddable":true,"href":"https:\/\/tgrupcam.com\/index.php\/wp-json\/wp\/v2\/pages\/2498"}],"wp:attachment":[{"href":"https:\/\/tgrupcam.com\/index.php\/wp-json\/wp\/v2\/media?parent=2222"}],"curies":[{"name":"wp","href":"https:\/\/api.w.org\/{rel}","templated":true}]}}