{"id":2228,"date":"2025-02-05T11:55:33","date_gmt":"2025-02-05T08:55:33","guid":{"rendered":"https:\/\/tgrupcam.com\/index.php\/impression-numerique\/"},"modified":"2025-06-04T14:58:22","modified_gmt":"2025-06-04T11:58:22","slug":"impression-numerique","status":"publish","type":"page","link":"https:\/\/tgrupcam.com\/index.php\/offre-de-marche\/verre-special\/impression-numerique\/?lang=fr","title":{"rendered":"Impression num\u00e9rique"},"content":{"rendered":"\t\t<div data-elementor-type=\"wp-page\" data-elementor-id=\"2228\" class=\"elementor elementor-2228 elementor-52\" data-elementor-post-type=\"page\">\n\t\t\t\t<div class=\"elementor-element elementor-element-7fb1fa25 e-con-full e-flex e-con e-parent\" data-id=\"7fb1fa25\" data-element_type=\"container\" data-e-type=\"container\" data-settings=\"{&quot;background_background&quot;:&quot;classic&quot;,&quot;shape_divider_bottom&quot;:&quot;opacity-fan&quot;}\">\n\t\t\t\t<div class=\"elementor-shape elementor-shape-bottom\" aria-hidden=\"true\" data-negative=\"false\">\n\t\t\t<svg xmlns=\"http:\/\/www.w3.org\/2000\/svg\" viewBox=\"0 0 283.5 19.6\" preserveAspectRatio=\"none\">\n\t<path class=\"elementor-shape-fill\" style=\"opacity:0.33\" d=\"M0 0L0 18.8 141.8 4.1 283.5 18.8 283.5 0z\"\/>\n\t<path class=\"elementor-shape-fill\" style=\"opacity:0.33\" d=\"M0 0L0 12.6 141.8 4 283.5 12.6 283.5 0z\"\/>\n\t<path class=\"elementor-shape-fill\" style=\"opacity:0.33\" d=\"M0 0L0 6.4 141.8 4 283.5 6.4 283.5 0z\"\/>\n\t<path class=\"elementor-shape-fill\" d=\"M0 0L0 1.2 141.8 4 283.5 1.2 283.5 0z\"\/>\n<\/svg>\t\t<\/div>\n\t\t\t\t<div class=\"elementor-element elementor-element-1af6c253 elementor-widget elementor-widget-heading\" data-id=\"1af6c253\" data-element_type=\"widget\" data-e-type=\"widget\" data-widget_type=\"heading.default\">\n\t\t\t\t<div class=\"elementor-widget-container\">\n\t\t\t\t\t<h2 class=\"elementor-heading-title elementor-size-default\">IMPRESSION NUM\u00c9RIQUE<\/h2>\t\t\t\t<\/div>\n\t\t\t\t<\/div>\n\t\t\t\t<\/div>\n\t\t<div class=\"elementor-element elementor-element-443de264 e-flex e-con-boxed e-con e-parent\" data-id=\"443de264\" data-element_type=\"container\" data-e-type=\"container\">\n\t\t\t\t\t<div class=\"e-con-inner\">\n\t\t\t\t<div class=\"elementor-element elementor-element-8c55c8e elementor-widget elementor-widget-heading\" data-id=\"8c55c8e\" data-element_type=\"widget\" data-e-type=\"widget\" data-widget_type=\"heading.default\">\n\t\t\t\t<div class=\"elementor-widget-container\">\n\t\t\t\t\t<h2 class=\"elementor-heading-title elementor-size-default\">\u00c0 PROPOS DE L'IMPRESSION NUM\u00c9RIQUE<\/h2>\t\t\t\t<\/div>\n\t\t\t\t<\/div>\n\t\t\t\t<div class=\"elementor-element elementor-element-4bad03ce elementor-widget elementor-widget-text-editor\" data-id=\"4bad03ce\" data-element_type=\"widget\" data-e-type=\"widget\" data-widget_type=\"text-editor.default\">\n\t\t\t\t<div class=\"elementor-widget-container\">\n\t\t\t\t\t\t\t\t\t<p>Chez <strong>T Grup Cam<\/strong>, nous fournissons du <strong>verre imprim\u00e9 num\u00e9riquement de haute qualit\u00e9<\/strong>, offrant des <strong>possibilit\u00e9s de conception illimit\u00e9es<\/strong> pour les <strong>applications architecturales et d\u00e9coratives<\/strong>. Gr\u00e2ce \u00e0 une <strong>technologie d&#8217;impression c\u00e9ramique de pointe<\/strong>, nous produisons des <strong>impressions vives, durables et r\u00e9sistantes aux UV<\/strong> directement sur les surfaces vitr\u00e9es, garantissant ainsi des <strong>conceptions durables et de haute r\u00e9solution<\/strong>. <\/p>\n<p><strong>Avantages :<\/strong><\/p>\n<p>\u2705 <strong>Designs personnalisables<\/strong> &#8211; Les impressions peuvent inclure des <strong>logos, des images, des motifs ou des textures<\/strong> pour des effets visuels uniques.<br \/>\u2705 <strong>Durabilit\u00e9 et r\u00e9sistance aux intemp\u00e9ries<\/strong> &#8211; Les encres c\u00e9ramiques fusionnent avec la surface du verre, ce qui garantit des finitions <strong>r\u00e9sistantes \u00e0 la<\/strong> <strong>d\u00e9coloration<\/strong> et <strong>aux rayures<\/strong>.<br \/>\u2705 <strong>Efficacit\u00e9 \u00e9nerg\u00e9tique et contr\u00f4le de la lumi\u00e8re<\/strong> &#8211; Peut \u00eatre combin\u00e9 avec des <strong>rev\u00eatements \u00e0 faible \u00e9mission et de contr\u00f4le solaire<\/strong>.<br \/>\u2705 <strong>Applications polyvalentes<\/strong> &#8211; Convient pour les <strong>fa\u00e7ades, les int\u00e9rieurs et les \u00e9l\u00e9ments d\u00e9coratifs<\/strong>.<br \/>\u2705 <strong>Production \u00e9cologique<\/strong> &#8211; Utilise des encres \u00e0 base de c\u00e9ramique <strong>sans plomb et sans danger pour l&#8217;environnement<\/strong>.<\/p>\n<p><strong>Applications :<\/strong><\/p>\n<ul>\n<li><strong>Fa\u00e7ades et rev\u00eatements en verre<\/strong><\/li>\n<li><strong>Cloisons int\u00e9rieures et panneaux d\u00e9coratifs<\/strong><\/li>\n<li><strong>Fa\u00e7ades de magasins et signalisation<\/strong><\/li>\n<li><strong>Parois de douche et balustrades<\/strong><\/li>\n<li><strong>Hospitalit\u00e9 et image de marque<\/strong><\/li>\n<\/ul>\n<p>Notre <strong>verre \u00e0 impression num\u00e9rique<\/strong> transforme <strong>un verre ordinaire en un \u00e9l\u00e9ment de design<\/strong>, combinant <strong>fonctionnalit\u00e9 et esth\u00e9tique<\/strong> pour am\u00e9liorer les <strong>espaces int\u00e9rieurs et ext\u00e9rieurs.<\/strong><\/p>\n\t\t\t\t\t\t\t\t<\/div>\n\t\t\t\t<\/div>\n\t\t\t\t\t<\/div>\n\t\t\t\t<\/div>\n\t\t<div class=\"elementor-element elementor-element-56ff6661 e-flex e-con-boxed e-con e-parent\" data-id=\"56ff6661\" data-element_type=\"container\" data-e-type=\"container\" data-settings=\"{&quot;background_background&quot;:&quot;classic&quot;,&quot;background_motion_fx_motion_fx_scrolling&quot;:&quot;yes&quot;,&quot;background_motion_fx_translateY_effect&quot;:&quot;yes&quot;,&quot;background_motion_fx_translateY_speed&quot;:{&quot;unit&quot;:&quot;px&quot;,&quot;size&quot;:4,&quot;sizes&quot;:[]},&quot;background_motion_fx_translateY_affectedRange&quot;:{&quot;unit&quot;:&quot;%&quot;,&quot;size&quot;:&quot;&quot;,&quot;sizes&quot;:{&quot;start&quot;:0,&quot;end&quot;:100}},&quot;background_motion_fx_devices&quot;:[&quot;desktop&quot;,&quot;tablet&quot;,&quot;mobile&quot;]}\">\n\t\t\t\t\t<div class=\"e-con-inner\">\n\t\t\t\t\t<\/div>\n\t\t\t\t<\/div>\n\t\t<div class=\"elementor-element elementor-element-7f1d490e e-flex e-con-boxed e-con e-parent\" data-id=\"7f1d490e\" data-element_type=\"container\" data-e-type=\"container\">\n\t\t\t\t\t<div class=\"e-con-inner\">\n\t\t<div class=\"elementor-element elementor-element-6621268f e-con-full e-flex e-con e-child\" data-id=\"6621268f\" data-element_type=\"container\" data-e-type=\"container\">\n\t\t\t\t<div class=\"elementor-element elementor-element-dfc8ec1 elementor-widget elementor-widget-heading\" data-id=\"dfc8ec1\" data-element_type=\"widget\" data-e-type=\"widget\" data-widget_type=\"heading.default\">\n\t\t\t\t<div class=\"elementor-widget-container\">\n\t\t\t\t\t<h2 class=\"elementor-heading-title elementor-size-default\">Instructions pour les clients - Impression num\u00e9rique du verre<\/h2>\t\t\t\t<\/div>\n\t\t\t\t<\/div>\n\t\t\t\t<div class=\"elementor-element elementor-element-4b5b6bfc elementor-widget elementor-widget-text-editor\" data-id=\"4b5b6bfc\" data-element_type=\"widget\" data-e-type=\"widget\" data-widget_type=\"text-editor.default\">\n\t\t\t\t<div class=\"elementor-widget-container\">\n\t\t\t\t\t\t\t\t\t<p>Chez <strong>T Grup Cam<\/strong>, nous garantissons une <strong>impression num\u00e9rique sur verre de haute qualit\u00e9<\/strong> en respectant des exigences pr\u00e9cises en mati\u00e8re de format de fichier et de r\u00e9solution. Pour obtenir une <strong>clart\u00e9 d&#8217;impression et une durabilit\u00e9 optimales<\/strong>, nous recommandons les sp\u00e9cifications suivantes pour les fichiers graphiques soumis : <\/p>\n<p>\ud83d\udd39 <strong>Formats de fichiers accept\u00e9s :<\/strong> <strong>PDF, PS, EPS, DXF, DWG, DWF, TIFF, BMP et JPEG<\/strong>.<br \/>\ud83d\udd39 <strong>R\u00e9solution requise :<\/strong> Une <strong>r\u00e9solution minimale de 72 dpi<\/strong> est recommand\u00e9e pour des impressions claires et de haute qualit\u00e9.<br \/>\ud83d\udd39 <strong>Consid\u00e9rations relatives \u00e0 la taille de l&#8217;impression :<\/strong> La <strong>taille maximale de la surimpression<\/strong> d\u00e9pend de la <strong>qualit\u00e9 et de la r\u00e9solution du mat\u00e9riel graphique<\/strong>.<\/p>\n<p>En fournissant des <strong>fichiers graphiques haute r\u00e9solution dans les formats recommand\u00e9s<\/strong>, les clients peuvent s&#8217;assurer que <strong>les impressions num\u00e9riques<\/strong> sur verre <strong>sont nettes, \u00e9clatantes et durables.<\/strong> <\/p>\n\t\t\t\t\t\t\t\t<\/div>\n\t\t\t\t<\/div>\n\t\t\t\t<\/div>\n\t\t\t\t\t<\/div>\n\t\t\t\t<\/div>\n\t\t<div class=\"elementor-element elementor-element-5f1e737a e-flex e-con-boxed e-con e-parent\" data-id=\"5f1e737a\" data-element_type=\"container\" data-e-type=\"container\" data-settings=\"{&quot;background_background&quot;:&quot;classic&quot;}\">\n\t\t\t\t\t<div class=\"e-con-inner\">\n\t\t\t\t<div class=\"elementor-element elementor-element-63aa0f02 elementor-widget elementor-widget-heading\" data-id=\"63aa0f02\" data-element_type=\"widget\" data-e-type=\"widget\" data-widget_type=\"heading.default\">\n\t\t\t\t<div class=\"elementor-widget-container\">\n\t\t\t\t\t<h2 class=\"elementor-heading-title elementor-size-default\">TAILLE DE L'IMPRESSION<\/h2>\t\t\t\t<\/div>\n\t\t\t\t<\/div>\n\t\t\t\t<div class=\"elementor-element elementor-element-4bf1b3ea elementor-widget elementor-widget-text-editor\" data-id=\"4bf1b3ea\" data-element_type=\"widget\" data-e-type=\"widget\" data-widget_type=\"text-editor.default\">\n\t\t\t\t<div class=\"elementor-widget-container\">\n\t\t\t\t\t\t\t\t\t<table>\n<tbody>\n<tr>\n<td><strong>\u00c9paisseur du verre<br \/>[mm]<\/strong><\/td>\n<td><strong>Dimensions minimales<br \/>[mm]<\/strong><\/td>\n<td><strong>Dimensions maximales<br \/>[mm]<\/strong><\/td>\n<\/tr>\n<tr>\n<td>4<\/td>\n<td>100 x 250<\/td>\n<td>\u00a03210 x 6000<\/td>\n<\/tr>\n<tr>\n<td>5<\/td>\n<td>100 x 250<\/td>\n<td>3210 x 6000<\/td>\n<\/tr>\n<tr>\n<td>6-19<\/td>\n<td>100 x 250<\/td>\n<td>3210 x 6000<\/td>\n<\/tr>\n<\/tbody>\n<\/table>\n\t\t\t\t\t\t\t\t<\/div>\n\t\t\t\t<\/div>\n\t\t\t\t\t<\/div>\n\t\t\t\t<\/div>\n\t\t<div class=\"elementor-element elementor-element-6251ca34 e-flex e-con-boxed e-con e-parent\" data-id=\"6251ca34\" data-element_type=\"container\" data-e-type=\"container\" data-settings=\"{&quot;background_background&quot;:&quot;classic&quot;,&quot;background_motion_fx_motion_fx_scrolling&quot;:&quot;yes&quot;,&quot;background_motion_fx_translateY_effect&quot;:&quot;yes&quot;,&quot;background_motion_fx_translateY_speed&quot;:{&quot;unit&quot;:&quot;px&quot;,&quot;size&quot;:4,&quot;sizes&quot;:[]},&quot;background_motion_fx_translateY_affectedRange&quot;:{&quot;unit&quot;:&quot;%&quot;,&quot;size&quot;:&quot;&quot;,&quot;sizes&quot;:{&quot;start&quot;:0,&quot;end&quot;:100}},&quot;background_motion_fx_devices&quot;:[&quot;desktop&quot;,&quot;tablet&quot;,&quot;mobile&quot;]}\">\n\t\t\t\t\t<div class=\"e-con-inner\">\n\t\t\t\t<div class=\"elementor-element elementor-element-6fd0ed89 elementor-widget elementor-widget-heading\" data-id=\"6fd0ed89\" data-element_type=\"widget\" data-e-type=\"widget\" data-widget_type=\"heading.default\">\n\t\t\t\t<div class=\"elementor-widget-container\">\n\t\t\t\t\t<h2 class=\"elementor-heading-title elementor-size-default\">Nous modifions constamment nos processus de fabrication et changeons nos habitudes pour limiter les effets n\u00e9gatifs sur l'environnement.<\/h2>\t\t\t\t<\/div>\n\t\t\t\t<\/div>\n\t\t\t\t<div class=\"elementor-element elementor-element-12178153 elementor-widget elementor-widget-text-editor\" data-id=\"12178153\" data-element_type=\"widget\" data-e-type=\"widget\" data-widget_type=\"text-editor.default\">\n\t\t\t\t<div class=\"elementor-widget-container\">\n\t\t\t\t\t\t\t\t\t<p>Afin de faciliter les changements, nous avons adopt\u00e9 la norme ISO 14001, le syst\u00e8me mondial de gestion pour la protection de l&#8217;environnement.<\/p>\n\t\t\t\t\t\t\t\t<\/div>\n\t\t\t\t<\/div>\n\t\t\t\t<div class=\"elementor-element elementor-element-3cd89381 elementor-align-center elementor-widget elementor-widget-button\" data-id=\"3cd89381\" data-element_type=\"widget\" data-e-type=\"widget\" data-widget_type=\"button.default\">\n\t\t\t\t<div class=\"elementor-widget-container\">\n\t\t\t\t\t\t\t\t\t<div class=\"elementor-button-wrapper\">\n\t\t\t\t\t<a class=\"elementor-button elementor-button-link elementor-size-sm\" href=\"https:\/\/tgrupcam.com\/index.php\/contact\/?lang=fr\">\n\t\t\t\t\t\t<span class=\"elementor-button-content-wrapper\">\n\t\t\t\t\t\t\t\t\t<span class=\"elementor-button-text\">Contactez nous<\/span>\n\t\t\t\t\t<\/span>\n\t\t\t\t\t<\/a>\n\t\t\t\t<\/div>\n\t\t\t\t\t\t\t\t<\/div>\n\t\t\t\t<\/div>\n\t\t\t\t\t<\/div>\n\t\t\t\t<\/div>\n\t\t\t\t<\/div>\n\t\t","protected":false},"excerpt":{"rendered":"<p>IMPRESSION NUM\u00c9RIQUE \u00c0 PROPOS DE L&#8217;IMPRESSION NUM\u00c9RIQUE Chez T Grup Cam, nous fournissons du verre imprim\u00e9 num\u00e9riquement de haute qualit\u00e9, offrant des possibilit\u00e9s de conception illimit\u00e9es pour les applications architecturales et d\u00e9coratives. Gr\u00e2ce \u00e0 une technologie d&#8217;impression c\u00e9ramique de pointe, nous produisons des impressions vives, durables et r\u00e9sistantes aux UV directement sur les surfaces vitr\u00e9es, [&hellip;]<\/p>\n","protected":false},"author":1,"featured_media":0,"parent":2498,"menu_order":0,"comment_status":"closed","ping_status":"closed","template":"elementor_header_footer","meta":{"footnotes":""},"class_list":["post-2228","page","type-page","status-publish","hentry"],"_links":{"self":[{"href":"https:\/\/tgrupcam.com\/index.php\/wp-json\/wp\/v2\/pages\/2228","targetHints":{"allow":["GET"]}}],"collection":[{"href":"https:\/\/tgrupcam.com\/index.php\/wp-json\/wp\/v2\/pages"}],"about":[{"href":"https:\/\/tgrupcam.com\/index.php\/wp-json\/wp\/v2\/types\/page"}],"author":[{"embeddable":true,"href":"https:\/\/tgrupcam.com\/index.php\/wp-json\/wp\/v2\/users\/1"}],"replies":[{"embeddable":true,"href":"https:\/\/tgrupcam.com\/index.php\/wp-json\/wp\/v2\/comments?post=2228"}],"version-history":[{"count":0,"href":"https:\/\/tgrupcam.com\/index.php\/wp-json\/wp\/v2\/pages\/2228\/revisions"}],"up":[{"embeddable":true,"href":"https:\/\/tgrupcam.com\/index.php\/wp-json\/wp\/v2\/pages\/2498"}],"wp:attachment":[{"href":"https:\/\/tgrupcam.com\/index.php\/wp-json\/wp\/v2\/media?parent=2228"}],"curies":[{"name":"wp","href":"https:\/\/api.w.org\/{rel}","templated":true}]}}