{"id":2236,"date":"2025-02-05T11:55:33","date_gmt":"2025-02-05T08:55:33","guid":{"rendered":"https:\/\/tgrupcam.com\/index.php\/digitaldruck\/"},"modified":"2025-06-04T14:28:07","modified_gmt":"2025-06-04T11:28:07","slug":"digitaldruck","status":"publish","type":"page","link":"https:\/\/tgrupcam.com\/index.php\/marktangebot\/spezialglas\/digitaldruck\/?lang=de","title":{"rendered":"Digitaldruck"},"content":{"rendered":"\t\t<div data-elementor-type=\"wp-page\" data-elementor-id=\"2236\" class=\"elementor elementor-2236 elementor-52\" data-elementor-post-type=\"page\">\n\t\t\t\t<div class=\"elementor-element elementor-element-7fb1fa25 e-con-full e-flex e-con e-parent\" data-id=\"7fb1fa25\" data-element_type=\"container\" data-e-type=\"container\" data-settings=\"{&quot;background_background&quot;:&quot;classic&quot;,&quot;shape_divider_bottom&quot;:&quot;opacity-fan&quot;}\">\n\t\t\t\t<div class=\"elementor-shape elementor-shape-bottom\" aria-hidden=\"true\" data-negative=\"false\">\n\t\t\t<svg xmlns=\"http:\/\/www.w3.org\/2000\/svg\" viewBox=\"0 0 283.5 19.6\" preserveAspectRatio=\"none\">\n\t<path class=\"elementor-shape-fill\" style=\"opacity:0.33\" d=\"M0 0L0 18.8 141.8 4.1 283.5 18.8 283.5 0z\"\/>\n\t<path class=\"elementor-shape-fill\" style=\"opacity:0.33\" d=\"M0 0L0 12.6 141.8 4 283.5 12.6 283.5 0z\"\/>\n\t<path class=\"elementor-shape-fill\" style=\"opacity:0.33\" d=\"M0 0L0 6.4 141.8 4 283.5 6.4 283.5 0z\"\/>\n\t<path class=\"elementor-shape-fill\" d=\"M0 0L0 1.2 141.8 4 283.5 1.2 283.5 0z\"\/>\n<\/svg>\t\t<\/div>\n\t\t\t\t<div class=\"elementor-element elementor-element-1af6c253 elementor-widget elementor-widget-heading\" data-id=\"1af6c253\" data-element_type=\"widget\" data-e-type=\"widget\" data-widget_type=\"heading.default\">\n\t\t\t\t<div class=\"elementor-widget-container\">\n\t\t\t\t\t<h2 class=\"elementor-heading-title elementor-size-default\">DIGITALER DRUCK<\/h2>\t\t\t\t<\/div>\n\t\t\t\t<\/div>\n\t\t\t\t<\/div>\n\t\t<div class=\"elementor-element elementor-element-443de264 e-flex e-con-boxed e-con e-parent\" data-id=\"443de264\" data-element_type=\"container\" data-e-type=\"container\">\n\t\t\t\t\t<div class=\"e-con-inner\">\n\t\t\t\t<div class=\"elementor-element elementor-element-8c55c8e elementor-widget elementor-widget-heading\" data-id=\"8c55c8e\" data-element_type=\"widget\" data-e-type=\"widget\" data-widget_type=\"heading.default\">\n\t\t\t\t<div class=\"elementor-widget-container\">\n\t\t\t\t\t<h2 class=\"elementor-heading-title elementor-size-default\">\u00dcBER DIGITALDRUCK<\/h2>\t\t\t\t<\/div>\n\t\t\t\t<\/div>\n\t\t\t\t<div class=\"elementor-element elementor-element-4bad03ce elementor-widget elementor-widget-text-editor\" data-id=\"4bad03ce\" data-element_type=\"widget\" data-e-type=\"widget\" data-widget_type=\"text-editor.default\">\n\t\t\t\t<div class=\"elementor-widget-container\">\n\t\t\t\t\t\t\t\t\t<p>Bei <strong>T Grup Cam<\/strong> bieten wir <strong>hochwertiges digital bedrucktes Glas<\/strong> an, das <strong>grenzenlose Designm\u00f6glichkeiten<\/strong> f\u00fcr <strong>architektonische und dekorative Anwendungen<\/strong> bietet. Mit <strong>modernster keramischer Drucktechnologie<\/strong> produzieren wir <strong>lebendige, haltbare und UV-best\u00e4ndige Drucke<\/strong> direkt auf Glasoberfl\u00e4chen und gew\u00e4hrleisten so <strong>langlebige und hochaufl\u00f6sende Designs<\/strong>. <\/p>\n<p><strong>Vorteile:<\/strong><\/p>\n<p>\u2705 <strong>Anpassbare Designs<\/strong> &#8211; Die Aufdrucke k\u00f6nnen <strong>Logos, Bilder, Muster oder Texturen<\/strong> f\u00fcr einzigartige visuelle Effekte enthalten.<br \/>\u2705 <strong>Langlebigkeit und Witterungsbest\u00e4ndigkeit<\/strong> &#8211; Keramische Tinten verschmelzen mit der Glasoberfl\u00e4che und sorgen so f\u00fcr <strong>lichtechte<\/strong> und <strong>kratzfeste<\/strong> Oberfl\u00e4chen.<br \/>\u2705 <strong>Energieeffizienz &amp; Lichtkontrolle<\/strong> &#8211; Kann mit <strong>emissionsarmen und Sonnenschutzbeschichtungen<\/strong> kombiniert werden.<br \/>\u2705 <strong>Vielseitige Anwendungen<\/strong> &#8211; Geeignet f\u00fcr <strong>Fassaden, Innenr\u00e4ume und dekorative Elemente<\/strong>.<br \/>\u2705 <strong>Umweltfreundliche Produktion<\/strong> &#8211; Verwendet <strong>bleifreie und umweltfreundliche<\/strong> Farben auf Keramikbasis.<\/p>\n<p><strong>Anwendungen:<\/strong><\/p>\n<ul>\n<li><strong>Geb\u00e4udefassaden &amp; Glasverkleidungen<\/strong><\/li>\n<li><strong>Innentrennw\u00e4nde &amp; Dekorative Paneele<\/strong><\/li>\n<li><strong>Schaufenster &amp; Beschilderung<\/strong><\/li>\n<li><strong>Duschabtrennungen &amp; Balustraden<\/strong><\/li>\n<li><strong>Gastgewerbe &amp; Corporate Branding<\/strong><\/li>\n<\/ul>\n<p>Unser <strong>Digitaldruck-Glas<\/strong> verwandelt <strong>gew\u00f6hnliches Glas in ein Design-Statement<\/strong>, das <strong>Funktionalit\u00e4t mit \u00c4sthetik<\/strong> verbindet und <strong>sowohl Innen- als auch Au\u00dfenbereiche<\/strong> aufwertet.<\/p>\n\t\t\t\t\t\t\t\t<\/div>\n\t\t\t\t<\/div>\n\t\t\t\t\t<\/div>\n\t\t\t\t<\/div>\n\t\t<div class=\"elementor-element elementor-element-56ff6661 e-flex e-con-boxed e-con e-parent\" data-id=\"56ff6661\" data-element_type=\"container\" data-e-type=\"container\" data-settings=\"{&quot;background_background&quot;:&quot;classic&quot;,&quot;background_motion_fx_motion_fx_scrolling&quot;:&quot;yes&quot;,&quot;background_motion_fx_translateY_effect&quot;:&quot;yes&quot;,&quot;background_motion_fx_translateY_speed&quot;:{&quot;unit&quot;:&quot;px&quot;,&quot;size&quot;:4,&quot;sizes&quot;:[]},&quot;background_motion_fx_translateY_affectedRange&quot;:{&quot;unit&quot;:&quot;%&quot;,&quot;size&quot;:&quot;&quot;,&quot;sizes&quot;:{&quot;start&quot;:0,&quot;end&quot;:100}},&quot;background_motion_fx_devices&quot;:[&quot;desktop&quot;,&quot;tablet&quot;,&quot;mobile&quot;]}\">\n\t\t\t\t\t<div class=\"e-con-inner\">\n\t\t\t\t\t<\/div>\n\t\t\t\t<\/div>\n\t\t<div class=\"elementor-element elementor-element-7f1d490e e-flex e-con-boxed e-con e-parent\" data-id=\"7f1d490e\" data-element_type=\"container\" data-e-type=\"container\">\n\t\t\t\t\t<div class=\"e-con-inner\">\n\t\t<div class=\"elementor-element elementor-element-6621268f e-con-full e-flex e-con e-child\" data-id=\"6621268f\" data-element_type=\"container\" data-e-type=\"container\">\n\t\t\t\t<div class=\"elementor-element elementor-element-dfc8ec1 elementor-widget elementor-widget-heading\" data-id=\"dfc8ec1\" data-element_type=\"widget\" data-e-type=\"widget\" data-widget_type=\"heading.default\">\n\t\t\t\t<div class=\"elementor-widget-container\">\n\t\t\t\t\t<h2 class=\"elementor-heading-title elementor-size-default\">Anleitung f\u00fcr Kunden - Digitaldruck Glas<\/h2>\t\t\t\t<\/div>\n\t\t\t\t<\/div>\n\t\t\t\t<div class=\"elementor-element elementor-element-4b5b6bfc elementor-widget elementor-widget-text-editor\" data-id=\"4b5b6bfc\" data-element_type=\"widget\" data-e-type=\"widget\" data-widget_type=\"text-editor.default\">\n\t\t\t\t<div class=\"elementor-widget-container\">\n\t\t\t\t\t\t\t\t\t<p>Bei <strong>T Grup Cam<\/strong> sorgen wir f\u00fcr einen <strong>hochwertigen Digitaldruck auf Glas<\/strong>, indem wir genaue Anforderungen an das Dateiformat und die Aufl\u00f6sung erf\u00fcllen. Um eine <strong>optimale Druckklarheit und Haltbarkeit<\/strong> zu erreichen, empfehlen wir die folgenden Spezifikationen f\u00fcr eingereichte Grafikdateien: <\/p>\n<p>\ud83d\udd39 <strong>Akzeptierte Dateiformate:<\/strong> <strong>PDF, PS, EPS, DXF, DWG, DWF, TIFF, BMP und JPEG<\/strong>.<br \/>\ud83d\udd39 <strong>Anforderung an die Aufl\u00f6sung:<\/strong> Eine <strong>Mindestaufl\u00f6sung von 72 dpi<\/strong> wird f\u00fcr klare, hochwertige Ausdrucke empfohlen.<br \/>\ud83d\udd39 <strong>\u00dcberlegungen zur Druckgr\u00f6\u00dfe:<\/strong> Die <strong>maximale \u00dcberdruckgr\u00f6\u00dfe<\/strong> h\u00e4ngt von der <strong>Qualit\u00e4t und Aufl\u00f6sung des Grafikmaterials<\/strong> ab.<\/p>\n<p>Durch die Bereitstellung <strong>hochaufl\u00f6sender Grafikdateien in den empfohlenen Formaten<\/strong> k\u00f6nnen Kunden <strong>scharfe, lebendige und langlebige Digitaldrucke<\/strong> auf Glas sicherstellen.<\/p>\n\t\t\t\t\t\t\t\t<\/div>\n\t\t\t\t<\/div>\n\t\t\t\t<\/div>\n\t\t\t\t\t<\/div>\n\t\t\t\t<\/div>\n\t\t<div class=\"elementor-element elementor-element-5f1e737a e-flex e-con-boxed e-con e-parent\" data-id=\"5f1e737a\" data-element_type=\"container\" data-e-type=\"container\" data-settings=\"{&quot;background_background&quot;:&quot;classic&quot;}\">\n\t\t\t\t\t<div class=\"e-con-inner\">\n\t\t\t\t<div class=\"elementor-element elementor-element-63aa0f02 elementor-widget elementor-widget-heading\" data-id=\"63aa0f02\" data-element_type=\"widget\" data-e-type=\"widget\" data-widget_type=\"heading.default\">\n\t\t\t\t<div class=\"elementor-widget-container\">\n\t\t\t\t\t<h2 class=\"elementor-heading-title elementor-size-default\">DRUCKGR\u00d6SSE<\/h2>\t\t\t\t<\/div>\n\t\t\t\t<\/div>\n\t\t\t\t<div class=\"elementor-element elementor-element-4bf1b3ea elementor-widget elementor-widget-text-editor\" data-id=\"4bf1b3ea\" data-element_type=\"widget\" data-e-type=\"widget\" data-widget_type=\"text-editor.default\">\n\t\t\t\t<div class=\"elementor-widget-container\">\n\t\t\t\t\t\t\t\t\t<table>\n<tbody>\n<tr>\n<td><strong>Glasdicke<br \/>[mm]<\/strong><\/td>\n<td><strong>Mindestma\u00dfe<br \/>[mm]<\/strong><\/td>\n<td><strong>Maximalma\u00dfe<br \/>[mm]<\/strong><\/td>\n<\/tr>\n<tr>\n<td>4<\/td>\n<td>100 x 250<\/td>\n<td>\u00a03210 x 6000<\/td>\n<\/tr>\n<tr>\n<td>5<\/td>\n<td>100 x 250<\/td>\n<td>3210 x 6000<\/td>\n<\/tr>\n<tr>\n<td>6-19<\/td>\n<td>100 x 250<\/td>\n<td>3210 x 6000<\/td>\n<\/tr>\n<\/tbody>\n<\/table>\n\t\t\t\t\t\t\t\t<\/div>\n\t\t\t\t<\/div>\n\t\t\t\t\t<\/div>\n\t\t\t\t<\/div>\n\t\t<div class=\"elementor-element elementor-element-6251ca34 e-flex e-con-boxed e-con e-parent\" data-id=\"6251ca34\" data-element_type=\"container\" data-e-type=\"container\" data-settings=\"{&quot;background_background&quot;:&quot;classic&quot;,&quot;background_motion_fx_motion_fx_scrolling&quot;:&quot;yes&quot;,&quot;background_motion_fx_translateY_effect&quot;:&quot;yes&quot;,&quot;background_motion_fx_translateY_speed&quot;:{&quot;unit&quot;:&quot;px&quot;,&quot;size&quot;:4,&quot;sizes&quot;:[]},&quot;background_motion_fx_translateY_affectedRange&quot;:{&quot;unit&quot;:&quot;%&quot;,&quot;size&quot;:&quot;&quot;,&quot;sizes&quot;:{&quot;start&quot;:0,&quot;end&quot;:100}},&quot;background_motion_fx_devices&quot;:[&quot;desktop&quot;,&quot;tablet&quot;,&quot;mobile&quot;]}\">\n\t\t\t\t\t<div class=\"e-con-inner\">\n\t\t\t\t<div class=\"elementor-element elementor-element-6fd0ed89 elementor-widget elementor-widget-heading\" data-id=\"6fd0ed89\" data-element_type=\"widget\" data-e-type=\"widget\" data-widget_type=\"heading.default\">\n\t\t\t\t<div class=\"elementor-widget-container\">\n\t\t\t\t\t<h2 class=\"elementor-heading-title elementor-size-default\">Wir modifizieren st\u00e4ndig unsere Herstellungsprozesse und \u00e4ndern unsere Gewohnheiten, um die negativen Auswirkungen auf die Umwelt zu begrenzen.<\/h2>\t\t\t\t<\/div>\n\t\t\t\t<\/div>\n\t\t\t\t<div class=\"elementor-element elementor-element-12178153 elementor-widget elementor-widget-text-editor\" data-id=\"12178153\" data-element_type=\"widget\" data-e-type=\"widget\" data-widget_type=\"text-editor.default\">\n\t\t\t\t<div class=\"elementor-widget-container\">\n\t\t\t\t\t\t\t\t\t<p>Um die Ver\u00e4nderungen zu erleichtern, haben wir ISO 14001, das weltweite Managementsystem f\u00fcr den Umweltschutz, eingef\u00fchrt.<\/p>\n\t\t\t\t\t\t\t\t<\/div>\n\t\t\t\t<\/div>\n\t\t\t\t<div class=\"elementor-element elementor-element-3cd89381 elementor-align-center elementor-widget elementor-widget-button\" data-id=\"3cd89381\" data-element_type=\"widget\" data-e-type=\"widget\" data-widget_type=\"button.default\">\n\t\t\t\t<div class=\"elementor-widget-container\">\n\t\t\t\t\t\t\t\t\t<div class=\"elementor-button-wrapper\">\n\t\t\t\t\t<a class=\"elementor-button elementor-button-link elementor-size-sm\" href=\"https:\/\/tgrupcam.com\/index.php\/kontakt\/?lang=de\">\n\t\t\t\t\t\t<span class=\"elementor-button-content-wrapper\">\n\t\t\t\t\t\t\t\t\t<span class=\"elementor-button-text\">Kontaktieren Sie uns<\/span>\n\t\t\t\t\t<\/span>\n\t\t\t\t\t<\/a>\n\t\t\t\t<\/div>\n\t\t\t\t\t\t\t\t<\/div>\n\t\t\t\t<\/div>\n\t\t\t\t\t<\/div>\n\t\t\t\t<\/div>\n\t\t\t\t<\/div>\n\t\t","protected":false},"excerpt":{"rendered":"<p>DIGITALER DRUCK \u00dcBER DIGITALDRUCK Bei T Grup Cam bieten wir hochwertiges digital bedrucktes Glas an, das grenzenlose Designm\u00f6glichkeiten f\u00fcr architektonische und dekorative Anwendungen bietet. Mit modernster keramischer Drucktechnologie produzieren wir lebendige, haltbare und UV-best\u00e4ndige Drucke direkt auf Glasoberfl\u00e4chen und gew\u00e4hrleisten so langlebige und hochaufl\u00f6sende Designs. Vorteile: \u2705 Anpassbare Designs &#8211; Die Aufdrucke k\u00f6nnen Logos, Bilder, [&hellip;]<\/p>\n","protected":false},"author":1,"featured_media":0,"parent":2470,"menu_order":0,"comment_status":"closed","ping_status":"closed","template":"elementor_header_footer","meta":{"footnotes":""},"class_list":["post-2236","page","type-page","status-publish","hentry"],"_links":{"self":[{"href":"https:\/\/tgrupcam.com\/index.php\/wp-json\/wp\/v2\/pages\/2236","targetHints":{"allow":["GET"]}}],"collection":[{"href":"https:\/\/tgrupcam.com\/index.php\/wp-json\/wp\/v2\/pages"}],"about":[{"href":"https:\/\/tgrupcam.com\/index.php\/wp-json\/wp\/v2\/types\/page"}],"author":[{"embeddable":true,"href":"https:\/\/tgrupcam.com\/index.php\/wp-json\/wp\/v2\/users\/1"}],"replies":[{"embeddable":true,"href":"https:\/\/tgrupcam.com\/index.php\/wp-json\/wp\/v2\/comments?post=2236"}],"version-history":[{"count":0,"href":"https:\/\/tgrupcam.com\/index.php\/wp-json\/wp\/v2\/pages\/2236\/revisions"}],"up":[{"embeddable":true,"href":"https:\/\/tgrupcam.com\/index.php\/wp-json\/wp\/v2\/pages\/2470"}],"wp:attachment":[{"href":"https:\/\/tgrupcam.com\/index.php\/wp-json\/wp\/v2\/media?parent=2236"}],"curies":[{"name":"wp","href":"https:\/\/api.w.org\/{rel}","templated":true}]}}