{"id":2242,"date":"2025-02-05T11:55:33","date_gmt":"2025-02-05T08:55:33","guid":{"rendered":"https:\/\/tgrupcam.com\/index.php\/imprimare-digitala\/"},"modified":"2025-06-04T12:16:20","modified_gmt":"2025-06-04T09:16:20","slug":"imprimare-digitala","status":"publish","type":"page","link":"https:\/\/tgrupcam.com\/index.php\/oferta-de-piata\/sticla-speciala\/imprimare-digitala\/?lang=ro","title":{"rendered":"Imprimare digital\u0103"},"content":{"rendered":"\t\t<div data-elementor-type=\"wp-page\" data-elementor-id=\"2242\" class=\"elementor elementor-2242 elementor-52\" data-elementor-post-type=\"page\">\n\t\t\t\t<div class=\"elementor-element elementor-element-7fb1fa25 e-con-full e-flex e-con e-parent\" data-id=\"7fb1fa25\" data-element_type=\"container\" data-e-type=\"container\" data-settings=\"{&quot;background_background&quot;:&quot;classic&quot;,&quot;shape_divider_bottom&quot;:&quot;opacity-fan&quot;}\">\n\t\t\t\t<div class=\"elementor-shape elementor-shape-bottom\" aria-hidden=\"true\" data-negative=\"false\">\n\t\t\t<svg xmlns=\"http:\/\/www.w3.org\/2000\/svg\" viewBox=\"0 0 283.5 19.6\" preserveAspectRatio=\"none\">\n\t<path class=\"elementor-shape-fill\" style=\"opacity:0.33\" d=\"M0 0L0 18.8 141.8 4.1 283.5 18.8 283.5 0z\"\/>\n\t<path class=\"elementor-shape-fill\" style=\"opacity:0.33\" d=\"M0 0L0 12.6 141.8 4 283.5 12.6 283.5 0z\"\/>\n\t<path class=\"elementor-shape-fill\" style=\"opacity:0.33\" d=\"M0 0L0 6.4 141.8 4 283.5 6.4 283.5 0z\"\/>\n\t<path class=\"elementor-shape-fill\" d=\"M0 0L0 1.2 141.8 4 283.5 1.2 283.5 0z\"\/>\n<\/svg>\t\t<\/div>\n\t\t\t\t<div class=\"elementor-element elementor-element-1af6c253 elementor-widget elementor-widget-heading\" data-id=\"1af6c253\" data-element_type=\"widget\" data-e-type=\"widget\" data-widget_type=\"heading.default\">\n\t\t\t\t<div class=\"elementor-widget-container\">\n\t\t\t\t\t<h2 class=\"elementor-heading-title elementor-size-default\">IMPRIMARE DIGITAL\u0102<\/h2>\t\t\t\t<\/div>\n\t\t\t\t<\/div>\n\t\t\t\t<\/div>\n\t\t<div class=\"elementor-element elementor-element-443de264 e-flex e-con-boxed e-con e-parent\" data-id=\"443de264\" data-element_type=\"container\" data-e-type=\"container\">\n\t\t\t\t\t<div class=\"e-con-inner\">\n\t\t\t\t<div class=\"elementor-element elementor-element-8c55c8e elementor-widget elementor-widget-heading\" data-id=\"8c55c8e\" data-element_type=\"widget\" data-e-type=\"widget\" data-widget_type=\"heading.default\">\n\t\t\t\t<div class=\"elementor-widget-container\">\n\t\t\t\t\t<h2 class=\"elementor-heading-title elementor-size-default\">DESPRE IMPRIMAREA DIGITAL\u0102<\/h2>\t\t\t\t<\/div>\n\t\t\t\t<\/div>\n\t\t\t\t<div class=\"elementor-element elementor-element-4bad03ce elementor-widget elementor-widget-text-editor\" data-id=\"4bad03ce\" data-element_type=\"widget\" data-e-type=\"widget\" data-widget_type=\"text-editor.default\">\n\t\t\t\t<div class=\"elementor-widget-container\">\n\t\t\t\t\t\t\t\t\t<p>La <strong>T Grup Cam<\/strong>, furniz\u0103m <strong>sticl\u0103 cu imprimare digital\u0103 de \u00eenalt\u0103 calitate<\/strong>, oferind <strong>posibilit\u0103\u021bi nelimitate de design<\/strong> pentru <strong>aplica\u021bii arhitecturale \u0219i decorative<\/strong>. Cu ajutorul <strong>tehnologiei de imprimare ceramic\u0103 de ultim\u0103<\/strong> genera\u021bie, producem <strong>imprim\u0103ri vii, durabile \u0219i rezistente la UV<\/strong> direct pe suprafe\u021bele de sticl\u0103, asigur\u00e2nd <strong>o durat\u0103 lung\u0103 de via\u021b\u0103 \u0219i designuri de \u00eenalt\u0103 rezolu\u021bie<\/strong>. <\/p>\n<p><strong>Beneficii:<\/strong><\/p>\n<p>\u2705 <strong>Modele personalizabile<\/strong> &#8211; Printurile pot include <strong>logo-uri, imagini, modele sau texturi<\/strong> pentru efecte vizuale unice.<br \/>\u2705 <strong>Durabilitate \u0219i rezisten\u021b\u0103 la intemperii<\/strong> &#8211; Cernelurile ceramice fuzioneaz\u0103 cu suprafa\u021ba sticlei, asigur\u00e2nd finisaje <strong>rezistente la decolorare<\/strong> \u0219i <strong>la zg\u00e2rieturi<\/strong>.<br \/>\u2705 <strong>Eficien\u021b\u0103 energetic\u0103 \u0219i controlul luminii<\/strong> &#8211; Poate fi combinat cu <strong>acoperiri cu emisii reduse \u0219i control solar<\/strong>.<br \/>\u2705 <strong>Aplica\u021bii versatile<\/strong> &#8211; Potrivit pentru <strong>fa\u021bade, interioare \u0219i elemente decorative<\/strong>.<br \/>\u2705 <strong>Produc\u021bie ecologic\u0103<\/strong> &#8211; Folose\u0219te cerneluri pe baz\u0103 de ceramic\u0103 <strong>f\u0103r\u0103 plumb \u0219i sigure pentru mediu<\/strong>.<\/p>\n<p><strong>Aplica\u021bii:<\/strong><\/p>\n<ul>\n<li><strong>Fa\u021bade de cl\u0103diri \u0219i plac\u0103ri din sticl\u0103<\/strong><\/li>\n<li><strong>Parti\u021bii interioare \u0219i panouri decorative<\/strong><\/li>\n<li><strong>Fa\u021bade de v\u00e2nzare cu am\u0103nuntul \u0219i semnalizare<\/strong><\/li>\n<li><strong>Corpuri de du\u0219 \u0219i balustrade<\/strong><\/li>\n<li><strong>Hospitality &amp; Corporate Branding<\/strong><\/li>\n<\/ul>\n<p><strong>Sticla<\/strong> noastr\u0103 cu <strong>imprimare digital\u0103<\/strong> transform\u0103 <strong>sticla obi\u0219nuit\u0103 \u00eentr-o declara\u021bie de design<\/strong>, combin\u00e2nd <strong>func\u021bionalitatea cu estetica<\/strong> pentru a \u00eembun\u0103t\u0103\u021bi <strong>spa\u021biile interioare \u0219i exterioare<\/strong>.<\/p>\n\t\t\t\t\t\t\t\t<\/div>\n\t\t\t\t<\/div>\n\t\t\t\t\t<\/div>\n\t\t\t\t<\/div>\n\t\t<div class=\"elementor-element elementor-element-56ff6661 e-flex e-con-boxed e-con e-parent\" data-id=\"56ff6661\" data-element_type=\"container\" data-e-type=\"container\" data-settings=\"{&quot;background_background&quot;:&quot;classic&quot;,&quot;background_motion_fx_motion_fx_scrolling&quot;:&quot;yes&quot;,&quot;background_motion_fx_translateY_effect&quot;:&quot;yes&quot;,&quot;background_motion_fx_translateY_speed&quot;:{&quot;unit&quot;:&quot;px&quot;,&quot;size&quot;:4,&quot;sizes&quot;:[]},&quot;background_motion_fx_translateY_affectedRange&quot;:{&quot;unit&quot;:&quot;%&quot;,&quot;size&quot;:&quot;&quot;,&quot;sizes&quot;:{&quot;start&quot;:0,&quot;end&quot;:100}},&quot;background_motion_fx_devices&quot;:[&quot;desktop&quot;,&quot;tablet&quot;,&quot;mobile&quot;]}\">\n\t\t\t\t\t<div class=\"e-con-inner\">\n\t\t\t\t\t<\/div>\n\t\t\t\t<\/div>\n\t\t<div class=\"elementor-element elementor-element-7f1d490e e-flex e-con-boxed e-con e-parent\" data-id=\"7f1d490e\" data-element_type=\"container\" data-e-type=\"container\">\n\t\t\t\t\t<div class=\"e-con-inner\">\n\t\t<div class=\"elementor-element elementor-element-6621268f e-con-full e-flex e-con e-child\" data-id=\"6621268f\" data-element_type=\"container\" data-e-type=\"container\">\n\t\t\t\t<div class=\"elementor-element elementor-element-dfc8ec1 elementor-widget elementor-widget-heading\" data-id=\"dfc8ec1\" data-element_type=\"widget\" data-e-type=\"widget\" data-widget_type=\"heading.default\">\n\t\t\t\t<div class=\"elementor-widget-container\">\n\t\t\t\t\t<h2 class=\"elementor-heading-title elementor-size-default\">Instruc\u021biuni pentru clien\u021bi - Digital Print Glass<\/h2>\t\t\t\t<\/div>\n\t\t\t\t<\/div>\n\t\t\t\t<div class=\"elementor-element elementor-element-4b5b6bfc elementor-widget elementor-widget-text-editor\" data-id=\"4b5b6bfc\" data-element_type=\"widget\" data-e-type=\"widget\" data-widget_type=\"text-editor.default\">\n\t\t\t\t<div class=\"elementor-widget-container\">\n\t\t\t\t\t\t\t\t\t<p>La <strong>T Grup Cam<\/strong>, asigur\u0103m <strong>imprimarea digital\u0103 de \u00eenalt\u0103 calitate pe sticl\u0103<\/strong> prin respectarea unor cerin\u021be precise privind formatul \u0219i rezolu\u021bia fi\u0219ierelor. Pentru a ob\u021bine <strong>o claritate \u0219i o durabilitate optim\u0103 a imprim\u0103rii<\/strong>, recomand\u0103m urm\u0103toarele specifica\u021bii pentru fi\u0219ierele grafice trimise: <\/p>\n<p>\ud83d\udd39 <strong>Formate de fi\u0219ier acceptate:<\/strong> <strong>PDF, PS, EPS, DXF, DWG, DWF, TIFF, BMP \u0219i JPEG<\/strong>.<br \/>\ud83d\udd39 <strong>Cerin\u021be privind rezolu\u021bia:<\/strong> O <strong>rezolu\u021bie minim\u0103 de 72 dpi<\/strong> este recomandat\u0103 pentru imprim\u0103ri clare, de \u00eenalt\u0103 calitate.<br \/>\ud83d\udd39 <strong>Considera\u021bii privind dimensiunea imprim\u0103rii:<\/strong> <strong>Dimensiunea maxim\u0103 a supraimprim\u0103rii<\/strong> depinde de <strong>calitatea \u0219i rezolu\u021bia materialului grafic<\/strong>.<\/p>\n<p>Prin furnizarea de <strong>fi\u0219iere grafice de \u00eenalt\u0103 rezolu\u021bie \u00een formatele recomandate<\/strong>, clien\u021bii pot asigura <strong>imprim\u0103ri digitale<\/strong> pe sticl\u0103 <strong>clare, vibrante \u0219i de lung\u0103 durat\u0103<\/strong>.<\/p>\n\t\t\t\t\t\t\t\t<\/div>\n\t\t\t\t<\/div>\n\t\t\t\t<\/div>\n\t\t\t\t\t<\/div>\n\t\t\t\t<\/div>\n\t\t<div class=\"elementor-element elementor-element-5f1e737a e-flex e-con-boxed e-con e-parent\" data-id=\"5f1e737a\" data-element_type=\"container\" data-e-type=\"container\" data-settings=\"{&quot;background_background&quot;:&quot;classic&quot;}\">\n\t\t\t\t\t<div class=\"e-con-inner\">\n\t\t\t\t<div class=\"elementor-element elementor-element-63aa0f02 elementor-widget elementor-widget-heading\" data-id=\"63aa0f02\" data-element_type=\"widget\" data-e-type=\"widget\" data-widget_type=\"heading.default\">\n\t\t\t\t<div class=\"elementor-widget-container\">\n\t\t\t\t\t<h2 class=\"elementor-heading-title elementor-size-default\">DIMENSIUNEA IMPRIM\u0102RII<\/h2>\t\t\t\t<\/div>\n\t\t\t\t<\/div>\n\t\t\t\t<div class=\"elementor-element elementor-element-4bf1b3ea elementor-widget elementor-widget-text-editor\" data-id=\"4bf1b3ea\" data-element_type=\"widget\" data-e-type=\"widget\" data-widget_type=\"text-editor.default\">\n\t\t\t\t<div class=\"elementor-widget-container\">\n\t\t\t\t\t\t\t\t\t<table>\n<tbody>\n<tr>\n<td><strong>Debljina e stakloski<br \/>[mm]<\/strong><\/td>\n<td><strong>Minimalno dimenzije<br \/>[mm]<\/strong><\/td>\n<td><strong>Maximum dimenzije<br \/>[mm]<\/strong><\/td>\n<\/tr>\n<tr><td<\/strong><d>10 250<\/td>\n<td>\u00a03210 x 6000<\/td>\n<\/tr>\n<tr>\n<td>5<\/td>\n<td>100 x 250<\/td>\n<td>3210 x 6000<\/td>\n<\/tr>\n<tr>\n<td>6-19<\/td>\n<td><100<\/td>\n<td>2010 6000<\/td>\n<\/tr>\n<\/tbody>\n<\/table>\n\t\t\t\t\t\t\t\t<\/div>\n\t\t\t\t<\/div>\n\t\t\t\t\t<\/div>\n\t\t\t\t<\/div>\n\t\t<div class=\"elementor-element elementor-element-6251ca34 e-flex e-con-boxed e-con e-parent\" data-id=\"6251ca34\" data-element_type=\"container\" data-e-type=\"container\" data-settings=\"{&quot;background_background&quot;:&quot;classic&quot;,&quot;background_motion_fx_motion_fx_scrolling&quot;:&quot;yes&quot;,&quot;background_motion_fx_translateY_effect&quot;:&quot;yes&quot;,&quot;background_motion_fx_translateY_speed&quot;:{&quot;unit&quot;:&quot;px&quot;,&quot;size&quot;:4,&quot;sizes&quot;:[]},&quot;background_motion_fx_translateY_affectedRange&quot;:{&quot;unit&quot;:&quot;%&quot;,&quot;size&quot;:&quot;&quot;,&quot;sizes&quot;:{&quot;start&quot;:0,&quot;end&quot;:100}},&quot;background_motion_fx_devices&quot;:[&quot;desktop&quot;,&quot;tablet&quot;,&quot;mobile&quot;]}\">\n\t\t\t\t\t<div class=\"e-con-inner\">\n\t\t\t\t<div class=\"elementor-element elementor-element-6fd0ed89 elementor-widget elementor-widget-heading\" data-id=\"6fd0ed89\" data-element_type=\"widget\" data-e-type=\"widget\" data-widget_type=\"heading.default\">\n\t\t\t\t<div class=\"elementor-widget-container\">\n\t\t\t\t\t<h2 class=\"elementor-heading-title elementor-size-default\">Ne modific\u0103m constant procesele de produc\u021bie \u0219i ne schimb\u0103m obiceiurile pentru a limita efectul negativ asupra mediului.<\/h2>\t\t\t\t<\/div>\n\t\t\t\t<\/div>\n\t\t\t\t<div class=\"elementor-element elementor-element-12178153 elementor-widget elementor-widget-text-editor\" data-id=\"12178153\" data-element_type=\"widget\" data-e-type=\"widget\" data-widget_type=\"text-editor.default\">\n\t\t\t\t<div class=\"elementor-widget-container\">\n\t\t\t\t\t\t\t\t\t<p>Pentru a facilita schimb\u0103rile, am adoptat ISO 14001, sistemul mondial de management pentru protec\u021bia mediului.<\/p>\n\t\t\t\t\t\t\t\t<\/div>\n\t\t\t\t<\/div>\n\t\t\t\t<div class=\"elementor-element elementor-element-3cd89381 elementor-align-center elementor-widget elementor-widget-button\" data-id=\"3cd89381\" data-element_type=\"widget\" data-e-type=\"widget\" data-widget_type=\"button.default\">\n\t\t\t\t<div class=\"elementor-widget-container\">\n\t\t\t\t\t\t\t\t\t<div class=\"elementor-button-wrapper\">\n\t\t\t\t\t<a class=\"elementor-button elementor-button-link elementor-size-sm\" href=\"https:\/\/tgrupcam.com\/index.php\/kontakto\/?lang=ro\">\n\t\t\t\t\t\t<span class=\"elementor-button-content-wrapper\">\n\t\t\t\t\t\t\t\t\t<span class=\"elementor-button-text\">Contacta\u021bi-ne<\/span>\n\t\t\t\t\t<\/span>\n\t\t\t\t\t<\/a>\n\t\t\t\t<\/div>\n\t\t\t\t\t\t\t\t<\/div>\n\t\t\t\t<\/div>\n\t\t\t\t\t<\/div>\n\t\t\t\t<\/div>\n\t\t\t\t<\/div>\n\t\t","protected":false},"excerpt":{"rendered":"<p>IMPRIMARE DIGITAL\u0102 DESPRE IMPRIMAREA DIGITAL\u0102 La T Grup Cam, furniz\u0103m sticl\u0103 cu imprimare digital\u0103 de \u00eenalt\u0103 calitate, oferind posibilit\u0103\u021bi nelimitate de design pentru aplica\u021bii arhitecturale \u0219i decorative. Cu ajutorul tehnologiei de imprimare ceramic\u0103 de ultim\u0103 genera\u021bie, producem imprim\u0103ri vii, durabile \u0219i rezistente la UV direct pe suprafe\u021bele de sticl\u0103, asigur\u00e2nd o durat\u0103 lung\u0103 de via\u021b\u0103 [&hellip;]<\/p>\n","protected":false},"author":1,"featured_media":0,"parent":2505,"menu_order":0,"comment_status":"closed","ping_status":"closed","template":"elementor_header_footer","meta":{"footnotes":""},"class_list":["post-2242","page","type-page","status-publish","hentry"],"_links":{"self":[{"href":"https:\/\/tgrupcam.com\/index.php\/wp-json\/wp\/v2\/pages\/2242","targetHints":{"allow":["GET"]}}],"collection":[{"href":"https:\/\/tgrupcam.com\/index.php\/wp-json\/wp\/v2\/pages"}],"about":[{"href":"https:\/\/tgrupcam.com\/index.php\/wp-json\/wp\/v2\/types\/page"}],"author":[{"embeddable":true,"href":"https:\/\/tgrupcam.com\/index.php\/wp-json\/wp\/v2\/users\/1"}],"replies":[{"embeddable":true,"href":"https:\/\/tgrupcam.com\/index.php\/wp-json\/wp\/v2\/comments?post=2242"}],"version-history":[{"count":0,"href":"https:\/\/tgrupcam.com\/index.php\/wp-json\/wp\/v2\/pages\/2242\/revisions"}],"up":[{"embeddable":true,"href":"https:\/\/tgrupcam.com\/index.php\/wp-json\/wp\/v2\/pages\/2505"}],"wp:attachment":[{"href":"https:\/\/tgrupcam.com\/index.php\/wp-json\/wp\/v2\/media?parent=2242"}],"curies":[{"name":"wp","href":"https:\/\/api.w.org\/{rel}","templated":true}]}}