{"id":2244,"date":"2025-02-05T11:55:26","date_gmt":"2025-02-05T08:55:26","guid":{"rendered":"https:\/\/tgrupcam.com\/index.php\/vagasok\/"},"modified":"2025-06-04T12:49:54","modified_gmt":"2025-06-04T09:49:54","slug":"vagasok","status":"publish","type":"page","link":"https:\/\/tgrupcam.com\/index.php\/piaci-ajanlat\/specialis-uveg\/vagasok\/?lang=hu","title":{"rendered":"V\u00e1g\u00e1sok"},"content":{"rendered":"\t\t<div data-elementor-type=\"wp-page\" data-elementor-id=\"2244\" class=\"elementor elementor-2244 elementor-53\" data-elementor-post-type=\"page\">\n\t\t\t\t<div class=\"elementor-element elementor-element-3bde9665 e-con-full e-flex e-con e-parent\" data-id=\"3bde9665\" data-element_type=\"container\" data-e-type=\"container\" data-settings=\"{&quot;background_background&quot;:&quot;classic&quot;,&quot;shape_divider_bottom&quot;:&quot;opacity-fan&quot;}\">\n\t\t\t\t<div class=\"elementor-shape elementor-shape-bottom\" aria-hidden=\"true\" data-negative=\"false\">\n\t\t\t<svg xmlns=\"http:\/\/www.w3.org\/2000\/svg\" viewBox=\"0 0 283.5 19.6\" preserveAspectRatio=\"none\">\n\t<path class=\"elementor-shape-fill\" style=\"opacity:0.33\" d=\"M0 0L0 18.8 141.8 4.1 283.5 18.8 283.5 0z\"\/>\n\t<path class=\"elementor-shape-fill\" style=\"opacity:0.33\" d=\"M0 0L0 12.6 141.8 4 283.5 12.6 283.5 0z\"\/>\n\t<path class=\"elementor-shape-fill\" style=\"opacity:0.33\" d=\"M0 0L0 6.4 141.8 4 283.5 6.4 283.5 0z\"\/>\n\t<path class=\"elementor-shape-fill\" d=\"M0 0L0 1.2 141.8 4 283.5 1.2 283.5 0z\"\/>\n<\/svg>\t\t<\/div>\n\t\t\t\t<div class=\"elementor-element elementor-element-7b4b6aa7 elementor-widget elementor-widget-heading\" data-id=\"7b4b6aa7\" data-element_type=\"widget\" data-e-type=\"widget\" data-widget_type=\"heading.default\">\n\t\t\t\t<div class=\"elementor-widget-container\">\n\t\t\t\t\t<h2 class=\"elementor-heading-title elementor-size-default\">CUTTINGS<\/h2>\t\t\t\t<\/div>\n\t\t\t\t<\/div>\n\t\t\t\t<\/div>\n\t\t<div class=\"elementor-element elementor-element-25968464 e-flex e-con-boxed e-con e-parent\" data-id=\"25968464\" data-element_type=\"container\" data-e-type=\"container\">\n\t\t\t\t\t<div class=\"e-con-inner\">\n\t\t\t\t<div class=\"elementor-element elementor-element-65699c0f elementor-widget elementor-widget-heading\" data-id=\"65699c0f\" data-element_type=\"widget\" data-e-type=\"widget\" data-widget_type=\"heading.default\">\n\t\t\t\t<div class=\"elementor-widget-container\">\n\t\t\t\t\t<h2 class=\"elementor-heading-title elementor-size-default\">A CUTTINGS-R\u0150L<\/h2>\t\t\t\t<\/div>\n\t\t\t\t<\/div>\n\t\t\t\t<div class=\"elementor-element elementor-element-79652f71 elementor-widget elementor-widget-text-editor\" data-id=\"79652f71\" data-element_type=\"widget\" data-e-type=\"widget\" data-widget_type=\"text-editor.default\">\n\t\t\t\t<div class=\"elementor-widget-container\">\n\t\t\t\t\t\t\t\t\t<p>A <strong>T Grup Cam<\/strong> <strong>prec\u00edzi\u00f3s \u00fcvegv\u00e1g\u00e1si szolg\u00e1ltat\u00e1sokat<\/strong> ny\u00fajt az <strong>\u00e9p\u00edt\u00e9szeti, ipari \u00e9s dekorat\u00edv alkalmaz\u00e1sokhoz<\/strong> igazodva. Korszer\u0171 technol\u00f3gi\u00e1nk <strong>nagy pontoss\u00e1got, tiszta \u00e9leket \u00e9s egyedi form\u00e1kat<\/strong> biztos\u00edt, lehet\u0151v\u00e9 t\u00e9ve a k\u00fcl\u00f6nb\u00f6z\u0151 projektekbe val\u00f3 <strong>z\u00f6kken\u0151mentes integr\u00e1ci\u00f3t<\/strong>. <\/p>\n<p><strong>Jellemz\u0151k \u00e9s el\u0151ny\u00f6k:<\/strong><\/p>\n<p>\u2705 <strong>Prec\u00edzi\u00f3s v\u00e1g\u00e1s<\/strong> &#8211; A korszer\u0171 g\u00e9pek <strong>sima, tiszta \u00e9s pontos v\u00e1g\u00e1st<\/strong> biztos\u00edtanak.<br \/>\u2705 <strong>Egyedi form\u00e1k \u00e9s m\u00e9retek<\/strong> &#8211; Az \u00fcveg <strong>egyedi m\u00e9retekre \u00e9s egyedi mint\u00e1kra<\/strong> v\u00e1ghat\u00f3.<br \/>\u2705 <strong>Sokoldal\u00fa alkalmaz\u00e1sok<\/strong> &#8211; Alkalmas <strong>ablakokhoz, ajt\u00f3khoz, homlokzatokhoz, b\u00fatorokhoz \u00e9s ipari projektekhez<\/strong>.<br \/>\u2705 <strong>Kompatibilit\u00e1s m\u00e1s elj\u00e1r\u00e1sokkal<\/strong> &#8211; Kombin\u00e1lhat\u00f3 <strong>edz\u00e9ssel, lamin\u00e1l\u00e1ssal \u00e9s digit\u00e1lis nyomtat\u00e1ssal<\/strong>.<br \/>\u2705 <strong>Gyors \u00e1tfut\u00e1si id\u0151<\/strong> &#8211; Hat\u00e9kony feldolgoz\u00e1s a <strong>gyors \u00e9s megb\u00edzhat\u00f3 sz\u00e1ll\u00edt\u00e1s<\/strong> \u00e9rdek\u00e9ben.<\/p>\n<p>V\u00e1g\u00e1si szolg\u00e1ltat\u00e1saink az <strong>\u00fcvegt\u00edpusok<\/strong> sz\u00e9les sk\u00e1l\u00e1j\u00e1t t\u00e1mogatj\u00e1k, bele\u00e9rtve az <strong>edzett, lamin\u00e1lt, dekorat\u00edv \u00e9s t\u0171z\u00e1ll\u00f3 \u00fcveget<\/strong>, \u00edgy biztos\u00edtva <strong>a maxim\u00e1lis rugalmass\u00e1got \u00e9s a kiv\u00e1l\u00f3 min\u0151s\u00e9g\u0171 eredm\u00e9nyeket<\/strong>.<\/p>\n\t\t\t\t\t\t\t\t<\/div>\n\t\t\t\t<\/div>\n\t\t\t\t\t<\/div>\n\t\t\t\t<\/div>\n\t\t<div class=\"elementor-element elementor-element-1030cb63 e-flex e-con-boxed e-con e-parent\" data-id=\"1030cb63\" data-element_type=\"container\" data-e-type=\"container\" data-settings=\"{&quot;background_background&quot;:&quot;classic&quot;,&quot;background_motion_fx_motion_fx_scrolling&quot;:&quot;yes&quot;,&quot;background_motion_fx_translateY_effect&quot;:&quot;yes&quot;,&quot;background_motion_fx_translateY_speed&quot;:{&quot;unit&quot;:&quot;px&quot;,&quot;size&quot;:4,&quot;sizes&quot;:[]},&quot;background_motion_fx_translateY_affectedRange&quot;:{&quot;unit&quot;:&quot;%&quot;,&quot;size&quot;:&quot;&quot;,&quot;sizes&quot;:{&quot;start&quot;:0,&quot;end&quot;:100}},&quot;background_motion_fx_devices&quot;:[&quot;desktop&quot;,&quot;tablet&quot;,&quot;mobile&quot;]}\">\n\t\t\t\t\t<div class=\"e-con-inner\">\n\t\t\t\t\t<\/div>\n\t\t\t\t<\/div>\n\t\t<div class=\"elementor-element elementor-element-1bea35dc e-flex e-con-boxed e-con e-parent\" data-id=\"1bea35dc\" data-element_type=\"container\" data-e-type=\"container\">\n\t\t\t\t\t<div class=\"e-con-inner\">\n\t\t<div class=\"elementor-element elementor-element-3d8dc55 e-con-full e-flex e-con e-child\" data-id=\"3d8dc55\" data-element_type=\"container\" data-e-type=\"container\">\n\t\t\t\t<div class=\"elementor-element elementor-element-27623acb elementor-widget elementor-widget-heading\" data-id=\"27623acb\" data-element_type=\"widget\" data-e-type=\"widget\" data-widget_type=\"heading.default\">\n\t\t\t\t<div class=\"elementor-widget-container\">\n\t\t\t\t\t<h2 class=\"elementor-heading-title elementor-size-default\">Tov\u00e1bbi k\u00f6vetelm\u00e9nyek a megrendel\u00e9sekhez<\/h2>\t\t\t\t<\/div>\n\t\t\t\t<\/div>\n\t\t\t\t<div class=\"elementor-element elementor-element-5059d841 elementor-widget elementor-widget-text-editor\" data-id=\"5059d841\" data-element_type=\"widget\" data-e-type=\"widget\" data-widget_type=\"text-editor.default\">\n\t\t\t\t<div class=\"elementor-widget-container\">\n\t\t\t\t\t\t\t\t\t<p>A <strong>T Grup Cam-n\u00e1l<\/strong> <strong>nagy pontoss\u00e1got \u00e9s min\u0151s\u00e9get<\/strong> biztos\u00edtunk minden <strong>\u00fcvegezett egys\u00e9g\u00fcnk \u00e9s v\u00e1gott, edzett \u00fcveg\u00fcnk<\/strong> eset\u00e9ben. Az <strong>optim\u00e1lis teljes\u00edtm\u00e9ny \u00e9s tart\u00f3ss\u00e1g<\/strong> garant\u00e1l\u00e1sa \u00e9rdek\u00e9ben a feldolgoz\u00e1s el\u0151tt a k\u00f6vetkez\u0151 k\u00f6vetelm\u00e9nyeknek kell megfelelni: <\/p>\n<p>\ud83d\udd39 <strong>Edz\u00e9s el\u0151tti mar\u00e1s<\/strong> &#8211; Minden olyan \u00fcveget, amely <strong>csiszol\u00e1st vagy k\u00fcl\u00f6nleges megmunk\u00e1l\u00e1st<\/strong> ig\u00e9nyel, el\u0151sz\u00f6r <strong>mar\u00e1snak<\/strong> kell al\u00e1vetni, miel\u0151tt az <strong>edz\u00e9si folyamatba<\/strong> ker\u00fclne.<\/p>\n<p>\ud83d\udd39 <strong>R\u00e9szletes rendel\u00e9si specifik\u00e1ci\u00f3k<\/strong> &#8211; Minden <strong>f\u00far\u00e1st, kiv\u00e1g\u00e1st \u00e9s egyedi m\u00f3dos\u00edt\u00e1st<\/strong> <strong>egy\u00e9rtelm\u0171en meg<\/strong> kell <strong>hat\u00e1rozni<\/strong> a megrendel\u00e9sben. Az \u00fcgyfeleknek <strong>r\u00e9szletes m\u0171szaki rajzokat \u00e9s t\u00e1bl\u00e1zatokat<\/strong> kell biztos\u00edtaniuk, amelyek tartalmazz\u00e1k <strong>az \u00f6sszes sz\u00fcks\u00e9ges m\u00e9retet \u00e9s specifik\u00e1ci\u00f3t<\/strong>. <\/p>\n<p>Ezen ir\u00e1nyelvek betart\u00e1s\u00e1val biztos\u00edtjuk, hogy minden egyes megrendel\u00e9s megfeleljen a <strong>legmagasabb ipari szabv\u00e1nyoknak<\/strong>, mik\u00f6zben <strong>precizit\u00e1st, tart\u00f3ss\u00e1got \u00e9s megb\u00edzhat\u00f3s\u00e1got<\/strong> biztos\u00edtunk az \u00d6n projektjeihez.<\/p>\n\t\t\t\t\t\t\t\t<\/div>\n\t\t\t\t<\/div>\n\t\t\t\t<\/div>\n\t\t\t\t\t<\/div>\n\t\t\t\t<\/div>\n\t\t<div class=\"elementor-element elementor-element-70cc5843 e-flex e-con-boxed e-con e-parent\" data-id=\"70cc5843\" data-element_type=\"container\" data-e-type=\"container\" data-settings=\"{&quot;background_background&quot;:&quot;classic&quot;}\">\n\t\t\t\t\t<div class=\"e-con-inner\">\n\t\t\t\t<div class=\"elementor-element elementor-element-35ba16a5 elementor-widget elementor-widget-heading\" data-id=\"35ba16a5\" data-element_type=\"widget\" data-e-type=\"widget\" data-widget_type=\"heading.default\">\n\t\t\t\t<div class=\"elementor-widget-container\">\n\t\t\t\t\t<h2 class=\"elementor-heading-title elementor-size-default\">Amit k\u00edn\u00e1lunk<\/h2>\t\t\t\t<\/div>\n\t\t\t\t<\/div>\n\t\t\t\t<div class=\"elementor-element elementor-element-494b7153 elementor-widget elementor-widget-text-editor\" data-id=\"494b7153\" data-element_type=\"widget\" data-e-type=\"widget\" data-widget_type=\"text-editor.default\">\n\t\t\t\t<div class=\"elementor-widget-container\">\n\t\t\t\t\t\t\t\t\t<table>\r\n<tbody>\r\n<tr>\r\n<td><strong>Megmunk\u00e1l\u00e1si t\u00edpus<\/strong><\/td>\r\n<td><strong>Minim\u00e1lis panelm\u00e9retek [mm]<\/strong><\/td>\r\n<td><strong>Maxim\u00e1lis panelm\u00e9retek\r\n[mm]<\/strong><\/td>\r\n<td><strong>\u00dcvegvastags\u00e1g\r\n[mm]<\/strong><\/td>\r\n<\/tr>\r\n<tr>\r\n<td>Minden form\u00e1j\u00fa kiv\u00e1g\u00e1s<\/td>\r\n<td>150 x 300<\/td>\r\n<td>3210 x 8000<\/td>\r\n<td>3-19<\/td>\r\n\r\n<\/tr>\r\n<\/tbody>\r\n<\/table>\t\t\t\t\t\t\t\t<\/div>\n\t\t\t\t<\/div>\n\t\t\t\t\t<\/div>\n\t\t\t\t<\/div>\n\t\t<div class=\"elementor-element elementor-element-634c3415 e-flex e-con-boxed e-con e-parent\" data-id=\"634c3415\" data-element_type=\"container\" data-e-type=\"container\" data-settings=\"{&quot;background_background&quot;:&quot;classic&quot;,&quot;background_motion_fx_motion_fx_scrolling&quot;:&quot;yes&quot;,&quot;background_motion_fx_translateY_effect&quot;:&quot;yes&quot;,&quot;background_motion_fx_translateY_speed&quot;:{&quot;unit&quot;:&quot;px&quot;,&quot;size&quot;:4,&quot;sizes&quot;:[]},&quot;background_motion_fx_translateY_affectedRange&quot;:{&quot;unit&quot;:&quot;%&quot;,&quot;size&quot;:&quot;&quot;,&quot;sizes&quot;:{&quot;start&quot;:0,&quot;end&quot;:100}},&quot;background_motion_fx_devices&quot;:[&quot;desktop&quot;,&quot;tablet&quot;,&quot;mobile&quot;]}\">\n\t\t\t\t\t<div class=\"e-con-inner\">\n\t\t\t\t<div class=\"elementor-element elementor-element-304022 elementor-widget elementor-widget-heading\" data-id=\"304022\" data-element_type=\"widget\" data-e-type=\"widget\" data-widget_type=\"heading.default\">\n\t\t\t\t<div class=\"elementor-widget-container\">\n\t\t\t\t\t<h2 class=\"elementor-heading-title elementor-size-default\">Folyamatosan m\u00f3dos\u00edtjuk gy\u00e1rt\u00e1si folyamatainkat \u00e9s szok\u00e1sainkat, hogy korl\u00e1tozzuk a k\u00f6rnyezetre gyakorolt negat\u00edv hat\u00e1sokat.<\/h2>\t\t\t\t<\/div>\n\t\t\t\t<\/div>\n\t\t\t\t<div class=\"elementor-element elementor-element-20bcb72 elementor-widget elementor-widget-text-editor\" data-id=\"20bcb72\" data-element_type=\"widget\" data-e-type=\"widget\" data-widget_type=\"text-editor.default\">\n\t\t\t\t<div class=\"elementor-widget-container\">\n\t\t\t\t\t\t\t\t\t<p>A v\u00e1ltoz\u00e1sok megk\u00f6nny\u00edt\u00e9se \u00e9rdek\u00e9ben elfogadtuk az ISO 14001 szabv\u00e1nyt, a k\u00f6rnyezetv\u00e9delem vil\u00e1gszint\u0171 ir\u00e1ny\u00edt\u00e1si rendszer\u00e9t.<\/p>\n\t\t\t\t\t\t\t\t<\/div>\n\t\t\t\t<\/div>\n\t\t\t\t<div class=\"elementor-element elementor-element-6bc09d3d elementor-align-center elementor-widget elementor-widget-button\" data-id=\"6bc09d3d\" data-element_type=\"widget\" data-e-type=\"widget\" data-widget_type=\"button.default\">\n\t\t\t\t<div class=\"elementor-widget-container\">\n\t\t\t\t\t\t\t\t\t<div class=\"elementor-button-wrapper\">\n\t\t\t\t\t<a class=\"elementor-button elementor-button-link elementor-size-sm\" href=\"https:\/\/tgrupcam.com\/index.php\/kapcsolat\/?lang=hu\">\n\t\t\t\t\t\t<span class=\"elementor-button-content-wrapper\">\n\t\t\t\t\t\t\t\t\t<span class=\"elementor-button-text\">Kapcsolatfelv\u00e9tel<\/span>\n\t\t\t\t\t<\/span>\n\t\t\t\t\t<\/a>\n\t\t\t\t<\/div>\n\t\t\t\t\t\t\t\t<\/div>\n\t\t\t\t<\/div>\n\t\t\t\t\t<\/div>\n\t\t\t\t<\/div>\n\t\t\t\t<\/div>\n\t\t","protected":false},"excerpt":{"rendered":"<p>CUTTINGS A CUTTINGS-R\u0150L A T Grup Cam prec\u00edzi\u00f3s \u00fcvegv\u00e1g\u00e1si szolg\u00e1ltat\u00e1sokat ny\u00fajt az \u00e9p\u00edt\u00e9szeti, ipari \u00e9s dekorat\u00edv alkalmaz\u00e1sokhoz igazodva. Korszer\u0171 technol\u00f3gi\u00e1nk nagy pontoss\u00e1got, tiszta \u00e9leket \u00e9s egyedi form\u00e1kat biztos\u00edt, lehet\u0151v\u00e9 t\u00e9ve a k\u00fcl\u00f6nb\u00f6z\u0151 projektekbe val\u00f3 z\u00f6kken\u0151mentes integr\u00e1ci\u00f3t. Jellemz\u0151k \u00e9s el\u0151ny\u00f6k: \u2705 Prec\u00edzi\u00f3s v\u00e1g\u00e1s &#8211; A korszer\u0171 g\u00e9pek sima, tiszta \u00e9s pontos v\u00e1g\u00e1st biztos\u00edtanak.\u2705 Egyedi form\u00e1k \u00e9s [&hellip;]<\/p>\n","protected":false},"author":1,"featured_media":0,"parent":2460,"menu_order":0,"comment_status":"closed","ping_status":"closed","template":"elementor_header_footer","meta":{"footnotes":""},"class_list":["post-2244","page","type-page","status-publish","hentry"],"_links":{"self":[{"href":"https:\/\/tgrupcam.com\/index.php\/wp-json\/wp\/v2\/pages\/2244","targetHints":{"allow":["GET"]}}],"collection":[{"href":"https:\/\/tgrupcam.com\/index.php\/wp-json\/wp\/v2\/pages"}],"about":[{"href":"https:\/\/tgrupcam.com\/index.php\/wp-json\/wp\/v2\/types\/page"}],"author":[{"embeddable":true,"href":"https:\/\/tgrupcam.com\/index.php\/wp-json\/wp\/v2\/users\/1"}],"replies":[{"embeddable":true,"href":"https:\/\/tgrupcam.com\/index.php\/wp-json\/wp\/v2\/comments?post=2244"}],"version-history":[{"count":0,"href":"https:\/\/tgrupcam.com\/index.php\/wp-json\/wp\/v2\/pages\/2244\/revisions"}],"up":[{"embeddable":true,"href":"https:\/\/tgrupcam.com\/index.php\/wp-json\/wp\/v2\/pages\/2460"}],"wp:attachment":[{"href":"https:\/\/tgrupcam.com\/index.php\/wp-json\/wp\/v2\/media?parent=2244"}],"curies":[{"name":"wp","href":"https:\/\/api.w.org\/{rel}","templated":true}]}}