{"id":2252,"date":"2025-02-05T11:55:17","date_gmt":"2025-02-05T08:55:17","guid":{"rendered":"https:\/\/tgrupcam.com\/index.php\/bohrungen\/"},"modified":"2025-06-04T14:27:38","modified_gmt":"2025-06-04T11:27:38","slug":"bohrungen","status":"publish","type":"page","link":"https:\/\/tgrupcam.com\/index.php\/marktangebot\/spezialglas\/bohrungen\/?lang=de","title":{"rendered":"Bohrungen"},"content":{"rendered":"\t\t<div data-elementor-type=\"wp-page\" data-elementor-id=\"2252\" class=\"elementor elementor-2252 elementor-48\" data-elementor-post-type=\"page\">\n\t\t\t\t<div class=\"elementor-element elementor-element-25ba5bbd e-con-full e-flex e-con e-parent\" data-id=\"25ba5bbd\" data-element_type=\"container\" data-e-type=\"container\" data-settings=\"{&quot;background_background&quot;:&quot;classic&quot;,&quot;shape_divider_bottom&quot;:&quot;opacity-fan&quot;}\">\n\t\t\t\t<div class=\"elementor-shape elementor-shape-bottom\" aria-hidden=\"true\" data-negative=\"false\">\n\t\t\t<svg xmlns=\"http:\/\/www.w3.org\/2000\/svg\" viewBox=\"0 0 283.5 19.6\" preserveAspectRatio=\"none\">\n\t<path class=\"elementor-shape-fill\" style=\"opacity:0.33\" d=\"M0 0L0 18.8 141.8 4.1 283.5 18.8 283.5 0z\"\/>\n\t<path class=\"elementor-shape-fill\" style=\"opacity:0.33\" d=\"M0 0L0 12.6 141.8 4 283.5 12.6 283.5 0z\"\/>\n\t<path class=\"elementor-shape-fill\" style=\"opacity:0.33\" d=\"M0 0L0 6.4 141.8 4 283.5 6.4 283.5 0z\"\/>\n\t<path class=\"elementor-shape-fill\" d=\"M0 0L0 1.2 141.8 4 283.5 1.2 283.5 0z\"\/>\n<\/svg>\t\t<\/div>\n\t\t\t\t<div class=\"elementor-element elementor-element-5138f81a elementor-widget elementor-widget-heading\" data-id=\"5138f81a\" data-element_type=\"widget\" data-e-type=\"widget\" data-widget_type=\"heading.default\">\n\t\t\t\t<div class=\"elementor-widget-container\">\n\t\t\t\t\t<h2 class=\"elementor-heading-title elementor-size-default\">BOHRUNGEN<\/h2>\t\t\t\t<\/div>\n\t\t\t\t<\/div>\n\t\t\t\t<\/div>\n\t\t<div class=\"elementor-element elementor-element-7acddfeb e-flex e-con-boxed e-con e-parent\" data-id=\"7acddfeb\" data-element_type=\"container\" data-e-type=\"container\">\n\t\t\t\t\t<div class=\"e-con-inner\">\n\t\t\t\t<div class=\"elementor-element elementor-element-33bc3d42 elementor-widget elementor-widget-heading\" data-id=\"33bc3d42\" data-element_type=\"widget\" data-e-type=\"widget\" data-widget_type=\"heading.default\">\n\t\t\t\t<div class=\"elementor-widget-container\">\n\t\t\t\t\t<h2 class=\"elementor-heading-title elementor-size-default\">\u00dcBER BOHRUNGEN<\/h2>\t\t\t\t<\/div>\n\t\t\t\t<\/div>\n\t\t\t\t<div class=\"elementor-element elementor-element-6503b2e6 elementor-widget elementor-widget-text-editor\" data-id=\"6503b2e6\" data-element_type=\"widget\" data-e-type=\"widget\" data-widget_type=\"text-editor.default\">\n\t\t\t\t<div class=\"elementor-widget-container\">\n\t\t\t\t\t\t\t\t\t<p>Bei <strong>T Grup Cam<\/strong> bieten wir <strong>Pr\u00e4zisionsbohrungen f\u00fcr Glas<\/strong> an, die auf die Bed\u00fcrfnisse von <strong>architektonischen, industriellen und dekorativen Anwendungen<\/strong> zugeschnitten sind. Durch den Einsatz <strong>fortschrittlicher CNC-Maschinen<\/strong> gew\u00e4hrleisten wir <strong>saubere, pr\u00e4zise und spanfreie Bohrungen<\/strong>, die eine nahtlose Integration in <strong>verschiedene Glassysteme<\/strong> erm\u00f6glichen. <\/p>\n<p><strong>Wichtigste Vorteile:<\/strong><\/p>\n<p>\u2705 <strong>Hohe Pr\u00e4zision<\/strong> &#8211; Sorgt f\u00fcr <strong>glatte Kanten und eine exakte Platzierung der L\u00f6cher<\/strong>.<br \/>\u2705 <strong>Individuell anpassbare Lochgr\u00f6\u00dfen und -positionen<\/strong> &#8211; Passt sich den <strong>spezifischen Projektanforderungen<\/strong> an.<br \/>\u2705 <strong>Kompatibilit\u00e4t mit anderen Verfahren<\/strong> &#8211; Kann mit <strong>geh\u00e4rtetem, laminiertem und digital bedrucktem Glas<\/strong> kombiniert werden.<br \/>\u2705 <strong>Langlebigkeit &amp; Sicherheit<\/strong> &#8211; Gebohrtes Glas beh\u00e4lt seine <strong>strukturelle Integrit\u00e4t und St\u00e4rke<\/strong>.<br \/>\u2705 <strong>Schnelle &amp; zuverl\u00e4ssige Verarbeitung<\/strong> &#8211; Schnelle Durchlaufzeiten mit <strong>hohen Qualit\u00e4tsstandards<\/strong>.<\/p>\n<p><strong>Wichtige Voraussetzungen f\u00fcr Bestellungen:<\/strong><\/p>\n<ul>\n<li><strong>Alle Bohrdetails m\u00fcssen im Voraus<\/strong> mit technischen <strong>Zeichnungen und Spezifikationen<\/strong><strong>bereitgestellt werden<\/strong>.<\/li>\n<li><strong>Das Bohren muss vor dem H\u00e4rtungsprozess erfolgen<\/strong>, da <strong>vorgespanntes Glas<\/strong> danach <strong>nicht mehr gebohrt werden kann<\/strong>.<\/li>\n<\/ul>\n<p>Unsere <strong>Glasbohrungen<\/strong> gew\u00e4hrleisten <strong>Pr\u00e4zision, Sicherheit und Zuverl\u00e4ssigkeit<\/strong> und entsprechen den h\u00f6chsten Industriestandards.<\/p>\n\t\t\t\t\t\t\t\t<\/div>\n\t\t\t\t<\/div>\n\t\t\t\t\t<\/div>\n\t\t\t\t<\/div>\n\t\t<div class=\"elementor-element elementor-element-30ed2f65 e-flex e-con-boxed e-con e-parent\" data-id=\"30ed2f65\" data-element_type=\"container\" data-e-type=\"container\" data-settings=\"{&quot;background_background&quot;:&quot;classic&quot;,&quot;background_motion_fx_motion_fx_scrolling&quot;:&quot;yes&quot;,&quot;background_motion_fx_translateY_effect&quot;:&quot;yes&quot;,&quot;background_motion_fx_translateY_speed&quot;:{&quot;unit&quot;:&quot;px&quot;,&quot;size&quot;:4,&quot;sizes&quot;:[]},&quot;background_motion_fx_translateY_affectedRange&quot;:{&quot;unit&quot;:&quot;%&quot;,&quot;size&quot;:&quot;&quot;,&quot;sizes&quot;:{&quot;start&quot;:0,&quot;end&quot;:100}},&quot;background_motion_fx_devices&quot;:[&quot;desktop&quot;,&quot;tablet&quot;,&quot;mobile&quot;]}\">\n\t\t\t\t\t<div class=\"e-con-inner\">\n\t\t\t\t\t<\/div>\n\t\t\t\t<\/div>\n\t\t<div class=\"elementor-element elementor-element-36e42e4a e-flex e-con-boxed e-con e-parent\" data-id=\"36e42e4a\" data-element_type=\"container\" data-e-type=\"container\">\n\t\t\t\t\t<div class=\"e-con-inner\">\n\t\t<div class=\"elementor-element elementor-element-1700f91b e-con-full e-flex e-con e-child\" data-id=\"1700f91b\" data-element_type=\"container\" data-e-type=\"container\">\n\t\t\t\t<div class=\"elementor-element elementor-element-5b294993 elementor-widget elementor-widget-heading\" data-id=\"5b294993\" data-element_type=\"widget\" data-e-type=\"widget\" data-widget_type=\"heading.default\">\n\t\t\t\t<div class=\"elementor-widget-container\">\n\t\t\t\t\t<h2 class=\"elementor-heading-title elementor-size-default\">WAS WIR ANBIETEN K\u00d6NNEN<\/h2>\t\t\t\t<\/div>\n\t\t\t\t<\/div>\n\t\t\t\t<div class=\"elementor-element elementor-element-7b2c8412 elementor-widget elementor-widget-text-editor\" data-id=\"7b2c8412\" data-element_type=\"widget\" data-e-type=\"widget\" data-widget_type=\"text-editor.default\">\n\t\t\t\t<div class=\"elementor-widget-container\">\n\t\t\t\t\t\t\t\t\t<table>\n<tbody>\n<tr>\n<td><strong>Bearbeitungsart<\/strong><\/td>\n<td><strong>Glasdicke<br \/>[mm]<\/strong><\/td>\n<td><strong>Mindestma\u00dfe<br \/>[mm]<\/strong><\/td>\n<td><strong>Maximalma\u00dfe<br \/>[mm]<\/strong><\/td>\n<\/tr>\n<tr>\n<td>Bohren oder Fr\u00e4sen<\/td>\n<td rowspan=\"6\">3 \u2013 19<\/td>\n<td rowspan=\"6\">150 x 300<\/td>\n<td rowspan=\"6\">3210 x 8000<\/td>\n<\/tr>\n<\/tbody>\n<\/table>\n\t\t\t\t\t\t\t\t<\/div>\n\t\t\t\t<\/div>\n\t\t\t\t<\/div>\n\t\t\t\t\t<\/div>\n\t\t\t\t<\/div>\n\t\t<div class=\"elementor-element elementor-element-15659192 e-flex e-con-boxed e-con e-parent\" data-id=\"15659192\" data-element_type=\"container\" data-e-type=\"container\" data-settings=\"{&quot;background_background&quot;:&quot;classic&quot;}\">\n\t\t\t\t\t<div class=\"e-con-inner\">\n\t\t\t\t<div class=\"elementor-element elementor-element-6f25ed9c elementor-widget elementor-widget-heading\" data-id=\"6f25ed9c\" data-element_type=\"widget\" data-e-type=\"widget\" data-widget_type=\"heading.default\">\n\t\t\t\t<div class=\"elementor-widget-container\">\n\t\t\t\t\t<h2 class=\"elementor-heading-title elementor-size-default\">Zus\u00e4tzliche Anforderungen f\u00fcr Auftr\u00e4ge - Bohrungen<\/h2>\t\t\t\t<\/div>\n\t\t\t\t<\/div>\n\t\t\t\t<div class=\"elementor-element elementor-element-1d028040 elementor-widget elementor-widget-text-editor\" data-id=\"1d028040\" data-element_type=\"widget\" data-e-type=\"widget\" data-widget_type=\"text-editor.default\">\n\t\t\t\t<div class=\"elementor-widget-container\">\n\t\t\t\t\t\t\t\t\t<p>Bei <strong>T Grup Cam<\/strong> sorgen wir f\u00fcr <strong>hochpr\u00e4zise Bohrungen<\/strong> in allen unseren <strong>Glaseinheiten und geh\u00e4rtetem Glas<\/strong>. Um die <strong>beste Qualit\u00e4t und Haltbarkeit<\/strong> zu garantieren, m\u00fcssen vor der Verarbeitung die folgenden Anforderungen erf\u00fcllt werden: <\/p>\n<p>\ud83d\udd39 <strong>Bohren vor dem Vorspannen<\/strong> &#8211; Jedes Glas, das <strong>Bohrungen oder Loch\u00e4nderungen<\/strong> erfordert, muss <strong>vor dem Vorspannen gebohrt<\/strong> werden, da <strong>vorgespanntes Glas danach nicht mehr gebohrt werden kann<\/strong>.<\/p>\n<p>\ud83d\udd39 <strong>Detaillierte Auftragsspezifikationen<\/strong> &#8211; Alle <strong>Lochgr\u00f6\u00dfen, Positionen und technischen Anforderungen<\/strong> m\u00fcssen in der Bestellung deutlich angegeben werden. Kunden m\u00fcssen <strong>detaillierte technische Zeichnungen und Tabellen<\/strong> mit <strong>genauen Ma\u00dfen und Spezifikationen<\/strong> zur Verf\u00fcgung stellen. <\/p>\n<p>Indem wir diese Richtlinien befolgen, gew\u00e4hrleisten wir bei jedem Projekt <strong>Pr\u00e4zision, Sicherheit und Zuverl\u00e4ssigkeit<\/strong> und liefern <strong>hochwertige Glasl\u00f6sungen<\/strong>, die auf die Bed\u00fcrfnisse unserer Kunden zugeschnitten sind.<\/p><\/p>\n\t\t\t\t\t\t\t\t<\/div>\n\t\t\t\t<\/div>\n\t\t\t\t\t<\/div>\n\t\t\t\t<\/div>\n\t\t<div class=\"elementor-element elementor-element-5ca287c8 e-flex e-con-boxed e-con e-parent\" data-id=\"5ca287c8\" data-element_type=\"container\" data-e-type=\"container\" data-settings=\"{&quot;background_background&quot;:&quot;classic&quot;,&quot;background_motion_fx_motion_fx_scrolling&quot;:&quot;yes&quot;,&quot;background_motion_fx_translateY_effect&quot;:&quot;yes&quot;,&quot;background_motion_fx_translateY_speed&quot;:{&quot;unit&quot;:&quot;px&quot;,&quot;size&quot;:4,&quot;sizes&quot;:[]},&quot;background_motion_fx_translateY_affectedRange&quot;:{&quot;unit&quot;:&quot;%&quot;,&quot;size&quot;:&quot;&quot;,&quot;sizes&quot;:{&quot;start&quot;:0,&quot;end&quot;:100}},&quot;background_motion_fx_devices&quot;:[&quot;desktop&quot;,&quot;tablet&quot;,&quot;mobile&quot;]}\">\n\t\t\t\t\t<div class=\"e-con-inner\">\n\t\t\t\t<div class=\"elementor-element elementor-element-16e8b82 elementor-widget elementor-widget-heading\" data-id=\"16e8b82\" data-element_type=\"widget\" data-e-type=\"widget\" data-widget_type=\"heading.default\">\n\t\t\t\t<div class=\"elementor-widget-container\">\n\t\t\t\t\t<h2 class=\"elementor-heading-title elementor-size-default\">Wir modifizieren st\u00e4ndig unsere Herstellungsprozesse und \u00e4ndern unsere Gewohnheiten, um die negativen Auswirkungen auf die Umwelt zu begrenzen.<\/h2>\t\t\t\t<\/div>\n\t\t\t\t<\/div>\n\t\t\t\t<div class=\"elementor-element elementor-element-5a7c0b21 elementor-widget elementor-widget-text-editor\" data-id=\"5a7c0b21\" data-element_type=\"widget\" data-e-type=\"widget\" data-widget_type=\"text-editor.default\">\n\t\t\t\t<div class=\"elementor-widget-container\">\n\t\t\t\t\t\t\t\t\t<p>Um die Ver\u00e4nderungen zu erleichtern, haben wir ISO 14001, das weltweite Managementsystem f\u00fcr den Umweltschutz, eingef\u00fchrt.<\/p>\n\t\t\t\t\t\t\t\t<\/div>\n\t\t\t\t<\/div>\n\t\t\t\t<div class=\"elementor-element elementor-element-1782e134 elementor-align-center elementor-widget elementor-widget-button\" data-id=\"1782e134\" data-element_type=\"widget\" data-e-type=\"widget\" data-widget_type=\"button.default\">\n\t\t\t\t<div class=\"elementor-widget-container\">\n\t\t\t\t\t\t\t\t\t<div class=\"elementor-button-wrapper\">\n\t\t\t\t\t<a class=\"elementor-button elementor-button-link elementor-size-sm\" href=\"https:\/\/tgrupcam.com\/index.php\/kontakt\/?lang=de\">\n\t\t\t\t\t\t<span class=\"elementor-button-content-wrapper\">\n\t\t\t\t\t\t\t\t\t<span class=\"elementor-button-text\">Kontaktieren Sie uns<\/span>\n\t\t\t\t\t<\/span>\n\t\t\t\t\t<\/a>\n\t\t\t\t<\/div>\n\t\t\t\t\t\t\t\t<\/div>\n\t\t\t\t<\/div>\n\t\t\t\t\t<\/div>\n\t\t\t\t<\/div>\n\t\t\t\t<\/div>\n\t\t","protected":false},"excerpt":{"rendered":"<p>BOHRUNGEN \u00dcBER BOHRUNGEN Bei T Grup Cam bieten wir Pr\u00e4zisionsbohrungen f\u00fcr Glas an, die auf die Bed\u00fcrfnisse von architektonischen, industriellen und dekorativen Anwendungen zugeschnitten sind. Durch den Einsatz fortschrittlicher CNC-Maschinen gew\u00e4hrleisten wir saubere, pr\u00e4zise und spanfreie Bohrungen, die eine nahtlose Integration in verschiedene Glassysteme erm\u00f6glichen. Wichtigste Vorteile: \u2705 Hohe Pr\u00e4zision &#8211; Sorgt f\u00fcr glatte Kanten [&hellip;]<\/p>\n","protected":false},"author":1,"featured_media":0,"parent":2470,"menu_order":0,"comment_status":"closed","ping_status":"closed","template":"elementor_header_footer","meta":{"footnotes":""},"class_list":["post-2252","page","type-page","status-publish","hentry"],"_links":{"self":[{"href":"https:\/\/tgrupcam.com\/index.php\/wp-json\/wp\/v2\/pages\/2252","targetHints":{"allow":["GET"]}}],"collection":[{"href":"https:\/\/tgrupcam.com\/index.php\/wp-json\/wp\/v2\/pages"}],"about":[{"href":"https:\/\/tgrupcam.com\/index.php\/wp-json\/wp\/v2\/types\/page"}],"author":[{"embeddable":true,"href":"https:\/\/tgrupcam.com\/index.php\/wp-json\/wp\/v2\/users\/1"}],"replies":[{"embeddable":true,"href":"https:\/\/tgrupcam.com\/index.php\/wp-json\/wp\/v2\/comments?post=2252"}],"version-history":[{"count":0,"href":"https:\/\/tgrupcam.com\/index.php\/wp-json\/wp\/v2\/pages\/2252\/revisions"}],"up":[{"embeddable":true,"href":"https:\/\/tgrupcam.com\/index.php\/wp-json\/wp\/v2\/pages\/2470"}],"wp:attachment":[{"href":"https:\/\/tgrupcam.com\/index.php\/wp-json\/wp\/v2\/media?parent=2252"}],"curies":[{"name":"wp","href":"https:\/\/api.w.org\/{rel}","templated":true}]}}