{"id":2258,"date":"2025-02-05T11:55:17","date_gmt":"2025-02-05T08:55:17","guid":{"rendered":"https:\/\/tgrupcam.com\/index.php\/forages\/"},"modified":"2025-06-04T14:57:35","modified_gmt":"2025-06-04T11:57:35","slug":"forages","status":"publish","type":"page","link":"https:\/\/tgrupcam.com\/index.php\/offre-de-marche\/verre-special\/forages\/?lang=fr","title":{"rendered":"Forages"},"content":{"rendered":"\t\t<div data-elementor-type=\"wp-page\" data-elementor-id=\"2258\" class=\"elementor elementor-2258 elementor-48\" data-elementor-post-type=\"page\">\n\t\t\t\t<div class=\"elementor-element elementor-element-25ba5bbd e-con-full e-flex e-con e-parent\" data-id=\"25ba5bbd\" data-element_type=\"container\" data-e-type=\"container\" data-settings=\"{&quot;background_background&quot;:&quot;classic&quot;,&quot;shape_divider_bottom&quot;:&quot;opacity-fan&quot;}\">\n\t\t\t\t<div class=\"elementor-shape elementor-shape-bottom\" aria-hidden=\"true\" data-negative=\"false\">\n\t\t\t<svg xmlns=\"http:\/\/www.w3.org\/2000\/svg\" viewBox=\"0 0 283.5 19.6\" preserveAspectRatio=\"none\">\n\t<path class=\"elementor-shape-fill\" style=\"opacity:0.33\" d=\"M0 0L0 18.8 141.8 4.1 283.5 18.8 283.5 0z\"\/>\n\t<path class=\"elementor-shape-fill\" style=\"opacity:0.33\" d=\"M0 0L0 12.6 141.8 4 283.5 12.6 283.5 0z\"\/>\n\t<path class=\"elementor-shape-fill\" style=\"opacity:0.33\" d=\"M0 0L0 6.4 141.8 4 283.5 6.4 283.5 0z\"\/>\n\t<path class=\"elementor-shape-fill\" d=\"M0 0L0 1.2 141.8 4 283.5 1.2 283.5 0z\"\/>\n<\/svg>\t\t<\/div>\n\t\t\t\t<div class=\"elementor-element elementor-element-5138f81a elementor-widget elementor-widget-heading\" data-id=\"5138f81a\" data-element_type=\"widget\" data-e-type=\"widget\" data-widget_type=\"heading.default\">\n\t\t\t\t<div class=\"elementor-widget-container\">\n\t\t\t\t\t<h2 class=\"elementor-heading-title elementor-size-default\">PERCAGES<\/h2>\t\t\t\t<\/div>\n\t\t\t\t<\/div>\n\t\t\t\t<\/div>\n\t\t<div class=\"elementor-element elementor-element-7acddfeb e-flex e-con-boxed e-con e-parent\" data-id=\"7acddfeb\" data-element_type=\"container\" data-e-type=\"container\">\n\t\t\t\t\t<div class=\"e-con-inner\">\n\t\t\t\t<div class=\"elementor-element elementor-element-33bc3d42 elementor-widget elementor-widget-heading\" data-id=\"33bc3d42\" data-element_type=\"widget\" data-e-type=\"widget\" data-widget_type=\"heading.default\">\n\t\t\t\t<div class=\"elementor-widget-container\">\n\t\t\t\t\t<h2 class=\"elementor-heading-title elementor-size-default\">SUR LES FORAGES<\/h2>\t\t\t\t<\/div>\n\t\t\t\t<\/div>\n\t\t\t\t<div class=\"elementor-element elementor-element-6503b2e6 elementor-widget elementor-widget-text-editor\" data-id=\"6503b2e6\" data-element_type=\"widget\" data-e-type=\"widget\" data-widget_type=\"text-editor.default\">\n\t\t\t\t<div class=\"elementor-widget-container\">\n\t\t\t\t\t\t\t\t\t<p>Chez <strong>T Grup Cam<\/strong>, nous proposons des <strong>services de per\u00e7age du verre de pr\u00e9cision<\/strong> adapt\u00e9s aux besoins des <strong>applications architecturales, industrielles et d\u00e9coratives<\/strong>. Gr\u00e2ce \u00e0 des <strong>machines CNC de pointe<\/strong>, nous garantissons <strong>des trous propres, pr\u00e9cis et sans copeaux<\/strong>, ce qui permet une int\u00e9gration transparente dans <strong>divers syst\u00e8mes de verre<\/strong>. <\/p>\n<p><strong>Principaux avantages :<\/strong><\/p>\n<p>\u2705 <strong>Haute pr\u00e9cision<\/strong> &#8211; Garantit des <strong>bords lisses et un positionnement exact des trous<\/strong>.<br \/>\u2705 <strong>Tailles et positions des trous personnalisables<\/strong> &#8211; Adapt\u00e9es aux <strong>exigences sp\u00e9cifiques du projet<\/strong>.<br \/>\u2705 <strong>Compatibilit\u00e9 avec d&#8217;autres proc\u00e9d\u00e9s<\/strong> &#8211; Peut \u00eatre combin\u00e9 avec du <strong>verre tremp\u00e9, feuillet\u00e9 et imprim\u00e9 num\u00e9riquement<\/strong>.<br \/>\u2705 <strong>Durabilit\u00e9 et s\u00e9curit\u00e9<\/strong> &#8211; Le verre perc\u00e9 conserve son <strong>int\u00e9grit\u00e9 structurelle et sa r\u00e9sistance<\/strong>.<br \/>\u2705 <strong>Traitement rapide et fiable<\/strong> &#8211; D\u00e9lais d&#8217;ex\u00e9cution rapides avec des <strong>normes de haute qualit\u00e9<\/strong>.<\/p>\n<p><strong>Exigences importantes pour les commandes :<\/strong><\/p>\n<ul>\n<li><strong>Tous les d\u00e9tails du forage doivent \u00eatre fournis \u00e0 l&#8217;avance<\/strong> avec les <strong>dessins<\/strong> techniques <strong>et les sp\u00e9cifications<\/strong>.<\/li>\n<li>Le <strong>per\u00e7age doit \u00eatre effectu\u00e9 avant le processus de trempe<\/strong>, car <strong>le verre tremp\u00e9 ne peut pas \u00eatre perc\u00e9<\/strong> apr\u00e8s.<\/li>\n<\/ul>\n<p>Nos <strong>services de forage du verre<\/strong> garantissent la <strong>pr\u00e9cision, la s\u00e9curit\u00e9 et la fiabilit\u00e9<\/strong>, et r\u00e9pondent aux normes industrielles les plus strictes.<\/p>\n\t\t\t\t\t\t\t\t<\/div>\n\t\t\t\t<\/div>\n\t\t\t\t\t<\/div>\n\t\t\t\t<\/div>\n\t\t<div class=\"elementor-element elementor-element-30ed2f65 e-flex e-con-boxed e-con e-parent\" data-id=\"30ed2f65\" data-element_type=\"container\" data-e-type=\"container\" data-settings=\"{&quot;background_background&quot;:&quot;classic&quot;,&quot;background_motion_fx_motion_fx_scrolling&quot;:&quot;yes&quot;,&quot;background_motion_fx_translateY_effect&quot;:&quot;yes&quot;,&quot;background_motion_fx_translateY_speed&quot;:{&quot;unit&quot;:&quot;px&quot;,&quot;size&quot;:4,&quot;sizes&quot;:[]},&quot;background_motion_fx_translateY_affectedRange&quot;:{&quot;unit&quot;:&quot;%&quot;,&quot;size&quot;:&quot;&quot;,&quot;sizes&quot;:{&quot;start&quot;:0,&quot;end&quot;:100}},&quot;background_motion_fx_devices&quot;:[&quot;desktop&quot;,&quot;tablet&quot;,&quot;mobile&quot;]}\">\n\t\t\t\t\t<div class=\"e-con-inner\">\n\t\t\t\t\t<\/div>\n\t\t\t\t<\/div>\n\t\t<div class=\"elementor-element elementor-element-36e42e4a e-flex e-con-boxed e-con e-parent\" data-id=\"36e42e4a\" data-element_type=\"container\" data-e-type=\"container\">\n\t\t\t\t\t<div class=\"e-con-inner\">\n\t\t<div class=\"elementor-element elementor-element-1700f91b e-con-full e-flex e-con e-child\" data-id=\"1700f91b\" data-element_type=\"container\" data-e-type=\"container\">\n\t\t\t\t<div class=\"elementor-element elementor-element-5b294993 elementor-widget elementor-widget-heading\" data-id=\"5b294993\" data-element_type=\"widget\" data-e-type=\"widget\" data-widget_type=\"heading.default\">\n\t\t\t\t<div class=\"elementor-widget-container\">\n\t\t\t\t\t<h2 class=\"elementor-heading-title elementor-size-default\">CE QUE NOUS POUVONS OFFRIR<\/h2>\t\t\t\t<\/div>\n\t\t\t\t<\/div>\n\t\t\t\t<div class=\"elementor-element elementor-element-7b2c8412 elementor-widget elementor-widget-text-editor\" data-id=\"7b2c8412\" data-element_type=\"widget\" data-e-type=\"widget\" data-widget_type=\"text-editor.default\">\n\t\t\t\t<div class=\"elementor-widget-container\">\n\t\t\t\t\t\t\t\t\t<table>\n<tbody>\n<tr>\n<td><strong>Type d&#8217;usinage<\/strong><\/td>\n<td><strong>\u00c9paisseur du verre<br \/>[mm]<\/strong><\/td>\n<td><strong>Dimensions minimales<br \/>[mm]<\/strong><\/td>\n<td><strong>Dimensions maximales<br \/>[mm]<\/strong><\/td>\n<\/tr>\n<tr>\n<td>per\u00e7age ou fraisage<\/td>\n<td rowspan=\"6\">3 \u2013 19<\/td>\n<td rowspan=\"6\">150 x 300<\/td>\n<td rowspan=\"6\">3210 x 8000<\/td>\n<\/tr>\n<\/tbody>\n<\/table>\n\t\t\t\t\t\t\t\t<\/div>\n\t\t\t\t<\/div>\n\t\t\t\t<\/div>\n\t\t\t\t\t<\/div>\n\t\t\t\t<\/div>\n\t\t<div class=\"elementor-element elementor-element-15659192 e-flex e-con-boxed e-con e-parent\" data-id=\"15659192\" data-element_type=\"container\" data-e-type=\"container\" data-settings=\"{&quot;background_background&quot;:&quot;classic&quot;}\">\n\t\t\t\t\t<div class=\"e-con-inner\">\n\t\t\t\t<div class=\"elementor-element elementor-element-6f25ed9c elementor-widget elementor-widget-heading\" data-id=\"6f25ed9c\" data-element_type=\"widget\" data-e-type=\"widget\" data-widget_type=\"heading.default\">\n\t\t\t\t<div class=\"elementor-widget-container\">\n\t\t\t\t\t<h2 class=\"elementor-heading-title elementor-size-default\">Exigences suppl\u00e9mentaires pour les ordres - Forages<\/h2>\t\t\t\t<\/div>\n\t\t\t\t<\/div>\n\t\t\t\t<div class=\"elementor-element elementor-element-1d028040 elementor-widget elementor-widget-text-editor\" data-id=\"1d028040\" data-element_type=\"widget\" data-e-type=\"widget\" data-widget_type=\"text-editor.default\">\n\t\t\t\t<div class=\"elementor-widget-container\">\n\t\t\t\t\t\t\t\t\t<p>Chez <strong>T Grup Cam<\/strong>, nous assurons un <strong>per\u00e7age de haute pr\u00e9cision<\/strong> pour tous nos <strong>vitrages et verres tremp\u00e9s<\/strong>. Pour garantir une <strong>qualit\u00e9 et une durabilit\u00e9 optimales<\/strong>, les exigences suivantes doivent \u00eatre respect\u00e9es avant le traitement : <\/p>\n<p>\ud83d\udd39 <strong>Per\u00e7age avant trempe<\/strong> &#8211; Tout verre n\u00e9cessitant un <strong>per\u00e7age ou une modification des trous<\/strong> doit \u00eatre <strong>perc\u00e9 avant la trempe<\/strong>, car le <strong>verre tremp\u00e9 ne peut pas \u00eatre perc\u00e9 par la suite<\/strong>.<\/p>\n<p>\ud83d\udd39 <strong>Sp\u00e9cifications d\u00e9taill\u00e9es de la commande<\/strong> &#8211; Toutes les <strong>dimensions et positions des trous ainsi que les exigences techniques<\/strong> doivent \u00eatre clairement sp\u00e9cifi\u00e9es dans la commande. Les clients doivent fournir des <strong>dessins techniques d\u00e9taill\u00e9s et des tableaux<\/strong> contenant les <strong>mesures et les sp\u00e9cifications exactes<\/strong>. <\/p>\n<p>En suivant ces lignes directrices, nous garantissons la <strong>pr\u00e9cision, la s\u00e9curit\u00e9 et la fiabilit\u00e9 de<\/strong> chaque projet, en fournissant des <strong>solutions en verre de haute qualit\u00e9<\/strong> adapt\u00e9es aux besoins des clients.<\/p><\/p>\n\t\t\t\t\t\t\t\t<\/div>\n\t\t\t\t<\/div>\n\t\t\t\t\t<\/div>\n\t\t\t\t<\/div>\n\t\t<div class=\"elementor-element elementor-element-5ca287c8 e-flex e-con-boxed e-con e-parent\" data-id=\"5ca287c8\" data-element_type=\"container\" data-e-type=\"container\" data-settings=\"{&quot;background_background&quot;:&quot;classic&quot;,&quot;background_motion_fx_motion_fx_scrolling&quot;:&quot;yes&quot;,&quot;background_motion_fx_translateY_effect&quot;:&quot;yes&quot;,&quot;background_motion_fx_translateY_speed&quot;:{&quot;unit&quot;:&quot;px&quot;,&quot;size&quot;:4,&quot;sizes&quot;:[]},&quot;background_motion_fx_translateY_affectedRange&quot;:{&quot;unit&quot;:&quot;%&quot;,&quot;size&quot;:&quot;&quot;,&quot;sizes&quot;:{&quot;start&quot;:0,&quot;end&quot;:100}},&quot;background_motion_fx_devices&quot;:[&quot;desktop&quot;,&quot;tablet&quot;,&quot;mobile&quot;]}\">\n\t\t\t\t\t<div class=\"e-con-inner\">\n\t\t\t\t<div class=\"elementor-element elementor-element-16e8b82 elementor-widget elementor-widget-heading\" data-id=\"16e8b82\" data-element_type=\"widget\" data-e-type=\"widget\" data-widget_type=\"heading.default\">\n\t\t\t\t<div class=\"elementor-widget-container\">\n\t\t\t\t\t<h2 class=\"elementor-heading-title elementor-size-default\">Nous modifions constamment nos processus de fabrication et changeons nos habitudes pour limiter les effets n\u00e9gatifs sur l'environnement.<\/h2>\t\t\t\t<\/div>\n\t\t\t\t<\/div>\n\t\t\t\t<div class=\"elementor-element elementor-element-5a7c0b21 elementor-widget elementor-widget-text-editor\" data-id=\"5a7c0b21\" data-element_type=\"widget\" data-e-type=\"widget\" data-widget_type=\"text-editor.default\">\n\t\t\t\t<div class=\"elementor-widget-container\">\n\t\t\t\t\t\t\t\t\t<p>Afin de faciliter les changements, nous avons adopt\u00e9 la norme ISO 14001, le syst\u00e8me mondial de gestion pour la protection de l&#8217;environnement.<\/p>\n\t\t\t\t\t\t\t\t<\/div>\n\t\t\t\t<\/div>\n\t\t\t\t<div class=\"elementor-element elementor-element-1782e134 elementor-align-center elementor-widget elementor-widget-button\" data-id=\"1782e134\" data-element_type=\"widget\" data-e-type=\"widget\" data-widget_type=\"button.default\">\n\t\t\t\t<div class=\"elementor-widget-container\">\n\t\t\t\t\t\t\t\t\t<div class=\"elementor-button-wrapper\">\n\t\t\t\t\t<a class=\"elementor-button elementor-button-link elementor-size-sm\" href=\"https:\/\/tgrupcam.com\/index.php\/contact\/?lang=fr\">\n\t\t\t\t\t\t<span class=\"elementor-button-content-wrapper\">\n\t\t\t\t\t\t\t\t\t<span class=\"elementor-button-text\">Contactez nous<\/span>\n\t\t\t\t\t<\/span>\n\t\t\t\t\t<\/a>\n\t\t\t\t<\/div>\n\t\t\t\t\t\t\t\t<\/div>\n\t\t\t\t<\/div>\n\t\t\t\t\t<\/div>\n\t\t\t\t<\/div>\n\t\t\t\t<\/div>\n\t\t","protected":false},"excerpt":{"rendered":"<p>PERCAGES SUR LES FORAGES Chez T Grup Cam, nous proposons des services de per\u00e7age du verre de pr\u00e9cision adapt\u00e9s aux besoins des applications architecturales, industrielles et d\u00e9coratives. Gr\u00e2ce \u00e0 des machines CNC de pointe, nous garantissons des trous propres, pr\u00e9cis et sans copeaux, ce qui permet une int\u00e9gration transparente dans divers syst\u00e8mes de verre. Principaux [&hellip;]<\/p>\n","protected":false},"author":1,"featured_media":0,"parent":2498,"menu_order":0,"comment_status":"closed","ping_status":"closed","template":"elementor_header_footer","meta":{"footnotes":""},"class_list":["post-2258","page","type-page","status-publish","hentry"],"_links":{"self":[{"href":"https:\/\/tgrupcam.com\/index.php\/wp-json\/wp\/v2\/pages\/2258","targetHints":{"allow":["GET"]}}],"collection":[{"href":"https:\/\/tgrupcam.com\/index.php\/wp-json\/wp\/v2\/pages"}],"about":[{"href":"https:\/\/tgrupcam.com\/index.php\/wp-json\/wp\/v2\/types\/page"}],"author":[{"embeddable":true,"href":"https:\/\/tgrupcam.com\/index.php\/wp-json\/wp\/v2\/users\/1"}],"replies":[{"embeddable":true,"href":"https:\/\/tgrupcam.com\/index.php\/wp-json\/wp\/v2\/comments?post=2258"}],"version-history":[{"count":0,"href":"https:\/\/tgrupcam.com\/index.php\/wp-json\/wp\/v2\/pages\/2258\/revisions"}],"up":[{"embeddable":true,"href":"https:\/\/tgrupcam.com\/index.php\/wp-json\/wp\/v2\/pages\/2498"}],"wp:attachment":[{"href":"https:\/\/tgrupcam.com\/index.php\/wp-json\/wp\/v2\/media?parent=2258"}],"curies":[{"name":"wp","href":"https:\/\/api.w.org\/{rel}","templated":true}]}}