{"id":2264,"date":"2025-02-05T11:55:17","date_gmt":"2025-02-05T08:55:17","guid":{"rendered":"https:\/\/tgrupcam.com\/index.php\/furasok\/"},"modified":"2025-06-04T12:49:23","modified_gmt":"2025-06-04T09:49:23","slug":"furasok","status":"publish","type":"page","link":"https:\/\/tgrupcam.com\/index.php\/piaci-ajanlat\/specialis-uveg\/furasok\/?lang=hu","title":{"rendered":"F\u00far\u00e1sok"},"content":{"rendered":"\t\t<div data-elementor-type=\"wp-page\" data-elementor-id=\"2264\" class=\"elementor elementor-2264 elementor-48\" data-elementor-post-type=\"page\">\n\t\t\t\t<div class=\"elementor-element elementor-element-25ba5bbd e-con-full e-flex e-con e-parent\" data-id=\"25ba5bbd\" data-element_type=\"container\" data-e-type=\"container\" data-settings=\"{&quot;background_background&quot;:&quot;classic&quot;,&quot;shape_divider_bottom&quot;:&quot;opacity-fan&quot;}\">\n\t\t\t\t<div class=\"elementor-shape elementor-shape-bottom\" aria-hidden=\"true\" data-negative=\"false\">\n\t\t\t<svg xmlns=\"http:\/\/www.w3.org\/2000\/svg\" viewBox=\"0 0 283.5 19.6\" preserveAspectRatio=\"none\">\n\t<path class=\"elementor-shape-fill\" style=\"opacity:0.33\" d=\"M0 0L0 18.8 141.8 4.1 283.5 18.8 283.5 0z\"\/>\n\t<path class=\"elementor-shape-fill\" style=\"opacity:0.33\" d=\"M0 0L0 12.6 141.8 4 283.5 12.6 283.5 0z\"\/>\n\t<path class=\"elementor-shape-fill\" style=\"opacity:0.33\" d=\"M0 0L0 6.4 141.8 4 283.5 6.4 283.5 0z\"\/>\n\t<path class=\"elementor-shape-fill\" d=\"M0 0L0 1.2 141.8 4 283.5 1.2 283.5 0z\"\/>\n<\/svg>\t\t<\/div>\n\t\t\t\t<div class=\"elementor-element elementor-element-5138f81a elementor-widget elementor-widget-heading\" data-id=\"5138f81a\" data-element_type=\"widget\" data-e-type=\"widget\" data-widget_type=\"heading.default\">\n\t\t\t\t<div class=\"elementor-widget-container\">\n\t\t\t\t\t<h2 class=\"elementor-heading-title elementor-size-default\">F\u00daR\u00c1SOK<\/h2>\t\t\t\t<\/div>\n\t\t\t\t<\/div>\n\t\t\t\t<\/div>\n\t\t<div class=\"elementor-element elementor-element-7acddfeb e-flex e-con-boxed e-con e-parent\" data-id=\"7acddfeb\" data-element_type=\"container\" data-e-type=\"container\">\n\t\t\t\t\t<div class=\"e-con-inner\">\n\t\t\t\t<div class=\"elementor-element elementor-element-33bc3d42 elementor-widget elementor-widget-heading\" data-id=\"33bc3d42\" data-element_type=\"widget\" data-e-type=\"widget\" data-widget_type=\"heading.default\">\n\t\t\t\t<div class=\"elementor-widget-container\">\n\t\t\t\t\t<h2 class=\"elementor-heading-title elementor-size-default\">A F\u00daR\u00c1SOKR\u00d3L<\/h2>\t\t\t\t<\/div>\n\t\t\t\t<\/div>\n\t\t\t\t<div class=\"elementor-element elementor-element-6503b2e6 elementor-widget elementor-widget-text-editor\" data-id=\"6503b2e6\" data-element_type=\"widget\" data-e-type=\"widget\" data-widget_type=\"text-editor.default\">\n\t\t\t\t<div class=\"elementor-widget-container\">\n\t\t\t\t\t\t\t\t\t<p>A <strong>T Grup Cam<\/strong> <strong>prec\u00edzi\u00f3s \u00fcvegf\u00far\u00e1si szolg\u00e1ltat\u00e1sokat<\/strong> k\u00edn\u00e1l az <strong>\u00e9p\u00edt\u00e9szeti, ipari \u00e9s dekorat\u00edv alkalmaz\u00e1sok<\/strong> ig\u00e9nyeinek megfelel\u0151en. <strong>Fejlett CNC-g\u00e9pek<\/strong> haszn\u00e1lat\u00e1val <strong>tiszta, pontos \u00e9s forg\u00e1csmentes furatokat<\/strong> biztos\u00edtunk, lehet\u0151v\u00e9 t\u00e9ve a <strong>k\u00fcl\u00f6nb\u00f6z\u0151 \u00fcvegrendszerekbe<\/strong> val\u00f3 z\u00f6kken\u0151mentes integr\u00e1ci\u00f3t. <\/p>\n<p><strong>Legfontosabb el\u0151ny\u00f6k:<\/strong><\/p>\n<p>\u2705 <strong>Nagy pontoss\u00e1g<\/strong> &#8211; Biztos\u00edtja a <strong>sima \u00e9leket \u00e9s a lyukak pontos elhelyez\u00e9s\u00e9t<\/strong>.<br \/>\u2705 <strong>Testreszabhat\u00f3 lyukm\u00e9retek \u00e9s poz\u00edci\u00f3k<\/strong> &#8211; A <strong>projekt egyedi k\u00f6vetelm\u00e9nyeihez<\/strong> igaz\u00edtva.<br \/>\u2705 <strong>Kompatibilit\u00e1s m\u00e1s elj\u00e1r\u00e1sokkal<\/strong> &#8211; Kombin\u00e1lhat\u00f3 <strong>edzett, lamin\u00e1lt \u00e9s digit\u00e1lisan nyomtatott \u00fcveggel<\/strong>.<br \/>\u2705 <strong>Tart\u00f3ss\u00e1g \u00e9s biztons\u00e1g<\/strong> &#8211; A f\u00fart \u00fcveg meg\u0151rzi a <strong>szerkezeti integrit\u00e1st \u00e9s szil\u00e1rds\u00e1got<\/strong>.<br \/>\u2705 <strong>Gyors \u00e9s megb\u00edzhat\u00f3 feldolgoz\u00e1s<\/strong> &#8211; Gyors \u00e1tfut\u00e1si id\u0151 <strong>magas sz\u00ednvonal\u00fa szabv\u00e1nyok<\/strong> mellett.<\/p>\n<p><strong>Fontos k\u00f6vetelm\u00e9nyek a megrendel\u00e9sekhez:<\/strong><\/p>\n<ul>\n<li><strong>Minden f\u00far\u00e1si r\u00e9szletet el\u0151zetesen<\/strong> m\u0171szaki <strong>rajzokkal \u00e9s specifik\u00e1ci\u00f3kkal<\/strong><strong>kell ell\u00e1tni<\/strong>.<\/li>\n<li><strong>A f\u00far\u00e1st az edz\u00e9si folyamat el\u0151tt kell elv\u00e9gezni<\/strong>, mivel <strong>az edzett \u00fcveg<\/strong> ut\u00e1na <strong>nem f\u00farhat\u00f3<\/strong>.<\/li>\n<\/ul>\n<p><strong>\u00dcvegf\u00far\u00e1si szolg\u00e1ltat\u00e1saink<\/strong> <strong>precizit\u00e1st, biztons\u00e1got \u00e9s megb\u00edzhat\u00f3s\u00e1got<\/strong> biztos\u00edtanak, \u00e9s megfelelnek a legmagasabb ipari szabv\u00e1nyoknak.<\/p>\n\t\t\t\t\t\t\t\t<\/div>\n\t\t\t\t<\/div>\n\t\t\t\t\t<\/div>\n\t\t\t\t<\/div>\n\t\t<div class=\"elementor-element elementor-element-30ed2f65 e-flex e-con-boxed e-con e-parent\" data-id=\"30ed2f65\" data-element_type=\"container\" data-e-type=\"container\" data-settings=\"{&quot;background_background&quot;:&quot;classic&quot;,&quot;background_motion_fx_motion_fx_scrolling&quot;:&quot;yes&quot;,&quot;background_motion_fx_translateY_effect&quot;:&quot;yes&quot;,&quot;background_motion_fx_translateY_speed&quot;:{&quot;unit&quot;:&quot;px&quot;,&quot;size&quot;:4,&quot;sizes&quot;:[]},&quot;background_motion_fx_translateY_affectedRange&quot;:{&quot;unit&quot;:&quot;%&quot;,&quot;size&quot;:&quot;&quot;,&quot;sizes&quot;:{&quot;start&quot;:0,&quot;end&quot;:100}},&quot;background_motion_fx_devices&quot;:[&quot;desktop&quot;,&quot;tablet&quot;,&quot;mobile&quot;]}\">\n\t\t\t\t\t<div class=\"e-con-inner\">\n\t\t\t\t\t<\/div>\n\t\t\t\t<\/div>\n\t\t<div class=\"elementor-element elementor-element-36e42e4a e-flex e-con-boxed e-con e-parent\" data-id=\"36e42e4a\" data-element_type=\"container\" data-e-type=\"container\">\n\t\t\t\t\t<div class=\"e-con-inner\">\n\t\t<div class=\"elementor-element elementor-element-1700f91b e-con-full e-flex e-con e-child\" data-id=\"1700f91b\" data-element_type=\"container\" data-e-type=\"container\">\n\t\t\t\t<div class=\"elementor-element elementor-element-5b294993 elementor-widget elementor-widget-heading\" data-id=\"5b294993\" data-element_type=\"widget\" data-e-type=\"widget\" data-widget_type=\"heading.default\">\n\t\t\t\t<div class=\"elementor-widget-container\">\n\t\t\t\t\t<h2 class=\"elementor-heading-title elementor-size-default\">Amit k\u00edn\u00e1lunk<\/h2>\t\t\t\t<\/div>\n\t\t\t\t<\/div>\n\t\t\t\t<div class=\"elementor-element elementor-element-7b2c8412 elementor-widget elementor-widget-text-editor\" data-id=\"7b2c8412\" data-element_type=\"widget\" data-e-type=\"widget\" data-widget_type=\"text-editor.default\">\n\t\t\t\t<div class=\"elementor-widget-container\">\n\t\t\t\t\t\t\t\t\t<table>\n<tbody>\n<tr>\n<td><strong>Megmunk\u00e1l\u00e1si t\u00edpus<\/strong><\/td>\n<td><strong>\u00dcvegvastags\u00e1g<br \/>[mm]<\/strong><\/td>\n<td><strong>Minim\u00e1lis m\u00e9retek<br \/>[mm]<\/strong><\/td>\n<td><strong>Maxim\u00e1lis m\u00e9retek<br \/>[mm]<\/strong><\/td>\n<\/tr>\n<tr>\n<td>f\u00far\u00e1s vagy mar\u00e1s<\/td>\n<td rowspan=\"6\">3 \u2013 19<\/td>\n<td rowspan=\"6\">150 x 300<\/td>\n<td rowspan=\"6\">3210 x 8000<\/td>\n<\/tr>\n<\/tbody>\n<\/table>\n\t\t\t\t\t\t\t\t<\/div>\n\t\t\t\t<\/div>\n\t\t\t\t<\/div>\n\t\t\t\t\t<\/div>\n\t\t\t\t<\/div>\n\t\t<div class=\"elementor-element elementor-element-15659192 e-flex e-con-boxed e-con e-parent\" data-id=\"15659192\" data-element_type=\"container\" data-e-type=\"container\" data-settings=\"{&quot;background_background&quot;:&quot;classic&quot;}\">\n\t\t\t\t\t<div class=\"e-con-inner\">\n\t\t\t\t<div class=\"elementor-element elementor-element-6f25ed9c elementor-widget elementor-widget-heading\" data-id=\"6f25ed9c\" data-element_type=\"widget\" data-e-type=\"widget\" data-widget_type=\"heading.default\">\n\t\t\t\t<div class=\"elementor-widget-container\">\n\t\t\t\t\t<h2 class=\"elementor-heading-title elementor-size-default\">Tov\u00e1bbi k\u00f6vetelm\u00e9nyek a megrendel\u00e9sekhez - F\u00far\u00e1sok<\/h2>\t\t\t\t<\/div>\n\t\t\t\t<\/div>\n\t\t\t\t<div class=\"elementor-element elementor-element-1d028040 elementor-widget elementor-widget-text-editor\" data-id=\"1d028040\" data-element_type=\"widget\" data-e-type=\"widget\" data-widget_type=\"text-editor.default\">\n\t\t\t\t<div class=\"elementor-widget-container\">\n\t\t\t\t\t\t\t\t\t<p>A <strong>T Grup Cam-n\u00e1l<\/strong> <strong>nagy pontoss\u00e1g\u00fa f\u00far\u00e1st<\/strong> biztos\u00edtunk minden <strong>\u00fcvegez\u00e9s\u00fcnk \u00e9s edzett \u00fcveg\u00fcnk<\/strong> eset\u00e9ben. A <strong>legjobb min\u0151s\u00e9g \u00e9s tart\u00f3ss\u00e1g<\/strong> garant\u00e1l\u00e1sa \u00e9rdek\u00e9ben a feldolgoz\u00e1s el\u0151tt a k\u00f6vetkez\u0151 k\u00f6vetelm\u00e9nyeknek kell megfelelni: <\/p>\n<p>\ud83d\udd39 <strong>F\u00far\u00e1s az edz\u00e9s el\u0151tt<\/strong> &#8211; Minden olyan \u00fcvegnek, amely <strong>f\u00far\u00e1st vagy furatm\u00f3dos\u00edt\u00e1st<\/strong> ig\u00e9nyel, <strong>az edz\u00e9s el\u0151tt<\/strong> \u00e1t kell esnie <strong>a f\u00far\u00e1si folyamaton<\/strong>, mivel <strong>az edzett \u00fcveg ut\u00e1na nem f\u00farhat\u00f3<\/strong>.<\/p>\n<p>\ud83d\udd39 <strong>R\u00e9szletes rendel\u00e9si specifik\u00e1ci\u00f3k<\/strong> &#8211; A megrendel\u00e9sben egy\u00e9rtelm\u0171en meg kell hat\u00e1rozni az \u00f6sszes <strong>lyukm\u00e9retet, poz\u00edci\u00f3t \u00e9s m\u0171szaki k\u00f6vetelm\u00e9nyt<\/strong>. A megrendel\u0151knek <strong>r\u00e9szletes m\u0171szaki rajzokat \u00e9s t\u00e1bl\u00e1zatokat<\/strong> kell beny\u00fajtaniuk, amelyek tartalmazz\u00e1k a <strong>pontos m\u00e9reteket \u00e9s el\u0151\u00edr\u00e1sokat<\/strong>. <\/p>\n<p>Ezen ir\u00e1nyelvek betart\u00e1s\u00e1val minden projektben <strong>precizit\u00e1st, biztons\u00e1got \u00e9s megb\u00edzhat\u00f3s\u00e1got<\/strong> biztos\u00edtunk, \u00e9s az \u00fcgyf\u00e9l ig\u00e9nyeihez igazod\u00f3, <strong>kiv\u00e1l\u00f3 min\u0151s\u00e9g\u0171 \u00fcvegmegold\u00e1sokat<\/strong> k\u00edn\u00e1lunk.<\/p><\/p>\n\t\t\t\t\t\t\t\t<\/div>\n\t\t\t\t<\/div>\n\t\t\t\t\t<\/div>\n\t\t\t\t<\/div>\n\t\t<div class=\"elementor-element elementor-element-5ca287c8 e-flex e-con-boxed e-con e-parent\" data-id=\"5ca287c8\" data-element_type=\"container\" data-e-type=\"container\" data-settings=\"{&quot;background_background&quot;:&quot;classic&quot;,&quot;background_motion_fx_motion_fx_scrolling&quot;:&quot;yes&quot;,&quot;background_motion_fx_translateY_effect&quot;:&quot;yes&quot;,&quot;background_motion_fx_translateY_speed&quot;:{&quot;unit&quot;:&quot;px&quot;,&quot;size&quot;:4,&quot;sizes&quot;:[]},&quot;background_motion_fx_translateY_affectedRange&quot;:{&quot;unit&quot;:&quot;%&quot;,&quot;size&quot;:&quot;&quot;,&quot;sizes&quot;:{&quot;start&quot;:0,&quot;end&quot;:100}},&quot;background_motion_fx_devices&quot;:[&quot;desktop&quot;,&quot;tablet&quot;,&quot;mobile&quot;]}\">\n\t\t\t\t\t<div class=\"e-con-inner\">\n\t\t\t\t<div class=\"elementor-element elementor-element-16e8b82 elementor-widget elementor-widget-heading\" data-id=\"16e8b82\" data-element_type=\"widget\" data-e-type=\"widget\" data-widget_type=\"heading.default\">\n\t\t\t\t<div class=\"elementor-widget-container\">\n\t\t\t\t\t<h2 class=\"elementor-heading-title elementor-size-default\">Folyamatosan m\u00f3dos\u00edtjuk gy\u00e1rt\u00e1si folyamatainkat \u00e9s szok\u00e1sainkat, hogy korl\u00e1tozzuk a k\u00f6rnyezetre gyakorolt negat\u00edv hat\u00e1sokat.<\/h2>\t\t\t\t<\/div>\n\t\t\t\t<\/div>\n\t\t\t\t<div class=\"elementor-element elementor-element-5a7c0b21 elementor-widget elementor-widget-text-editor\" data-id=\"5a7c0b21\" data-element_type=\"widget\" data-e-type=\"widget\" data-widget_type=\"text-editor.default\">\n\t\t\t\t<div class=\"elementor-widget-container\">\n\t\t\t\t\t\t\t\t\t<p>A v\u00e1ltoz\u00e1sok megk\u00f6nny\u00edt\u00e9se \u00e9rdek\u00e9ben elfogadtuk az ISO 14001 szabv\u00e1nyt, a k\u00f6rnyezetv\u00e9delem vil\u00e1gszint\u0171 ir\u00e1ny\u00edt\u00e1si rendszer\u00e9t.<\/p>\n\t\t\t\t\t\t\t\t<\/div>\n\t\t\t\t<\/div>\n\t\t\t\t<div class=\"elementor-element elementor-element-1782e134 elementor-align-center elementor-widget elementor-widget-button\" data-id=\"1782e134\" data-element_type=\"widget\" data-e-type=\"widget\" data-widget_type=\"button.default\">\n\t\t\t\t<div class=\"elementor-widget-container\">\n\t\t\t\t\t\t\t\t\t<div class=\"elementor-button-wrapper\">\n\t\t\t\t\t<a class=\"elementor-button elementor-button-link elementor-size-sm\" href=\"https:\/\/tgrupcam.com\/index.php\/kapcsolat\/?lang=hu\">\n\t\t\t\t\t\t<span class=\"elementor-button-content-wrapper\">\n\t\t\t\t\t\t\t\t\t<span class=\"elementor-button-text\">Kapcsolatfelv\u00e9tel<\/span>\n\t\t\t\t\t<\/span>\n\t\t\t\t\t<\/a>\n\t\t\t\t<\/div>\n\t\t\t\t\t\t\t\t<\/div>\n\t\t\t\t<\/div>\n\t\t\t\t\t<\/div>\n\t\t\t\t<\/div>\n\t\t\t\t<\/div>\n\t\t","protected":false},"excerpt":{"rendered":"<p>F\u00daR\u00c1SOK A F\u00daR\u00c1SOKR\u00d3L A T Grup Cam prec\u00edzi\u00f3s \u00fcvegf\u00far\u00e1si szolg\u00e1ltat\u00e1sokat k\u00edn\u00e1l az \u00e9p\u00edt\u00e9szeti, ipari \u00e9s dekorat\u00edv alkalmaz\u00e1sok ig\u00e9nyeinek megfelel\u0151en. Fejlett CNC-g\u00e9pek haszn\u00e1lat\u00e1val tiszta, pontos \u00e9s forg\u00e1csmentes furatokat biztos\u00edtunk, lehet\u0151v\u00e9 t\u00e9ve a k\u00fcl\u00f6nb\u00f6z\u0151 \u00fcvegrendszerekbe val\u00f3 z\u00f6kken\u0151mentes integr\u00e1ci\u00f3t. Legfontosabb el\u0151ny\u00f6k: \u2705 Nagy pontoss\u00e1g &#8211; Biztos\u00edtja a sima \u00e9leket \u00e9s a lyukak pontos elhelyez\u00e9s\u00e9t.\u2705 Testreszabhat\u00f3 lyukm\u00e9retek \u00e9s poz\u00edci\u00f3k [&hellip;]<\/p>\n","protected":false},"author":1,"featured_media":0,"parent":2460,"menu_order":0,"comment_status":"closed","ping_status":"closed","template":"elementor_header_footer","meta":{"footnotes":""},"class_list":["post-2264","page","type-page","status-publish","hentry"],"_links":{"self":[{"href":"https:\/\/tgrupcam.com\/index.php\/wp-json\/wp\/v2\/pages\/2264","targetHints":{"allow":["GET"]}}],"collection":[{"href":"https:\/\/tgrupcam.com\/index.php\/wp-json\/wp\/v2\/pages"}],"about":[{"href":"https:\/\/tgrupcam.com\/index.php\/wp-json\/wp\/v2\/types\/page"}],"author":[{"embeddable":true,"href":"https:\/\/tgrupcam.com\/index.php\/wp-json\/wp\/v2\/users\/1"}],"replies":[{"embeddable":true,"href":"https:\/\/tgrupcam.com\/index.php\/wp-json\/wp\/v2\/comments?post=2264"}],"version-history":[{"count":0,"href":"https:\/\/tgrupcam.com\/index.php\/wp-json\/wp\/v2\/pages\/2264\/revisions"}],"up":[{"embeddable":true,"href":"https:\/\/tgrupcam.com\/index.php\/wp-json\/wp\/v2\/pages\/2460"}],"wp:attachment":[{"href":"https:\/\/tgrupcam.com\/index.php\/wp-json\/wp\/v2\/media?parent=2264"}],"curies":[{"name":"wp","href":"https:\/\/api.w.org\/{rel}","templated":true}]}}