{"id":2268,"date":"2025-02-05T11:55:17","date_gmt":"2025-02-05T08:55:17","guid":{"rendered":"https:\/\/tgrupcam.com\/index.php\/perforatii\/"},"modified":"2025-06-04T12:15:33","modified_gmt":"2025-06-04T09:15:33","slug":"perforatii","status":"publish","type":"page","link":"https:\/\/tgrupcam.com\/index.php\/oferta-de-piata\/sticla-speciala\/perforatii\/?lang=ro","title":{"rendered":"Perfora\u021bii"},"content":{"rendered":"\t\t<div data-elementor-type=\"wp-page\" data-elementor-id=\"2268\" class=\"elementor elementor-2268 elementor-48\" data-elementor-post-type=\"page\">\n\t\t\t\t<div class=\"elementor-element elementor-element-25ba5bbd e-con-full e-flex e-con e-parent\" data-id=\"25ba5bbd\" data-element_type=\"container\" data-e-type=\"container\" data-settings=\"{&quot;background_background&quot;:&quot;classic&quot;,&quot;shape_divider_bottom&quot;:&quot;opacity-fan&quot;}\">\n\t\t\t\t<div class=\"elementor-shape elementor-shape-bottom\" aria-hidden=\"true\" data-negative=\"false\">\n\t\t\t<svg xmlns=\"http:\/\/www.w3.org\/2000\/svg\" viewBox=\"0 0 283.5 19.6\" preserveAspectRatio=\"none\">\n\t<path class=\"elementor-shape-fill\" style=\"opacity:0.33\" d=\"M0 0L0 18.8 141.8 4.1 283.5 18.8 283.5 0z\"\/>\n\t<path class=\"elementor-shape-fill\" style=\"opacity:0.33\" d=\"M0 0L0 12.6 141.8 4 283.5 12.6 283.5 0z\"\/>\n\t<path class=\"elementor-shape-fill\" style=\"opacity:0.33\" d=\"M0 0L0 6.4 141.8 4 283.5 6.4 283.5 0z\"\/>\n\t<path class=\"elementor-shape-fill\" d=\"M0 0L0 1.2 141.8 4 283.5 1.2 283.5 0z\"\/>\n<\/svg>\t\t<\/div>\n\t\t\t\t<div class=\"elementor-element elementor-element-5138f81a elementor-widget elementor-widget-heading\" data-id=\"5138f81a\" data-element_type=\"widget\" data-e-type=\"widget\" data-widget_type=\"heading.default\">\n\t\t\t\t<div class=\"elementor-widget-container\">\n\t\t\t\t\t<h2 class=\"elementor-heading-title elementor-size-default\">DRILLINGS<\/h2>\t\t\t\t<\/div>\n\t\t\t\t<\/div>\n\t\t\t\t<\/div>\n\t\t<div class=\"elementor-element elementor-element-7acddfeb e-flex e-con-boxed e-con e-parent\" data-id=\"7acddfeb\" data-element_type=\"container\" data-e-type=\"container\">\n\t\t\t\t\t<div class=\"e-con-inner\">\n\t\t\t\t<div class=\"elementor-element elementor-element-33bc3d42 elementor-widget elementor-widget-heading\" data-id=\"33bc3d42\" data-element_type=\"widget\" data-e-type=\"widget\" data-widget_type=\"heading.default\">\n\t\t\t\t<div class=\"elementor-widget-container\">\n\t\t\t\t\t<h2 class=\"elementor-heading-title elementor-size-default\">DESPRE FORAJE<\/h2>\t\t\t\t<\/div>\n\t\t\t\t<\/div>\n\t\t\t\t<div class=\"elementor-element elementor-element-6503b2e6 elementor-widget elementor-widget-text-editor\" data-id=\"6503b2e6\" data-element_type=\"widget\" data-e-type=\"widget\" data-widget_type=\"text-editor.default\">\n\t\t\t\t<div class=\"elementor-widget-container\">\n\t\t\t\t\t\t\t\t\t<p>La <strong>T Grup Cam<\/strong>, oferim <strong>servicii de g\u0103urire de precizie a sticlei<\/strong>, adaptate pentru a satisface nevoile <strong>aplica\u021biilor arhitecturale, industriale \u0219i decorative<\/strong>. Folosind <strong>utilaje CNC avansate<\/strong>, asigur\u0103m <strong>g\u0103uri curate, precise \u0219i f\u0103r\u0103 a\u0219chii<\/strong>, permi\u021b\u00e2nd integrarea perfect\u0103 \u00een <strong>diverse sisteme de sticl\u0103<\/strong>. <\/p>\n<p><strong>Beneficii cheie:<\/strong><\/p>\n<p>\u2705 <strong>Precizie ridicat\u0103<\/strong> &#8211; Asigur\u0103 <strong>margini netede \u0219i amplasarea exact\u0103 a g\u0103urilor<\/strong>.<br \/>\u2705 <strong>Dimensiuni \u0219i pozi\u021bii ale g\u0103urilor personalizabile<\/strong> &#8211; Adaptate la <strong>cerin\u021bele specifice ale proiectului<\/strong>.<br \/>\u2705 <strong>Compatibilitate cu alte procese<\/strong> &#8211; Poate fi combinat\u0103 cu <strong>sticl\u0103 \u00eent\u0103rit\u0103, laminat\u0103 \u0219i imprimat\u0103 digital<\/strong>.<br \/>\u2705 <strong>Durabilitate \u0219i siguran\u021b\u0103<\/strong> &#8211; Sticla g\u0103urit\u0103 men\u021bine <strong>integritatea structural\u0103 \u0219i rezisten\u021ba<\/strong>.<br \/>\u2705 <strong>Procesare rapid\u0103 \u0219i fiabil\u0103<\/strong> &#8211; Timpi rapizi de execu\u021bie cu <strong>standarde de \u00eenalt\u0103 calitate<\/strong>.<\/p>\n<p><strong>Cerin\u021be importante pentru comenzi:<\/strong><\/p>\n<ul>\n<li><strong>Toate detaliile de g\u0103urire trebuie furnizate \u00een prealabil<\/strong> \u00eempreun\u0103 cu <strong>desenele \u0219i specifica\u021biile<\/strong> tehnice.<\/li>\n<li><strong>G\u0103urirea trebuie efectuat\u0103 \u00eenainte de procesul de temperare<\/strong>, deoarece <strong>sticla \u00eent\u0103rit\u0103 nu poate fi g\u0103urit\u0103<\/strong> ulterior.<\/li>\n<\/ul>\n<p><strong>Serviciile<\/strong> noastre <strong>de g\u0103urire a sticlei<\/strong> asigur\u0103 <strong>precizie, siguran\u021b\u0103 \u0219i fiabilitate<\/strong>, \u00eendeplinind cele mai \u00eenalte standarde industriale.<\/p>\n\t\t\t\t\t\t\t\t<\/div>\n\t\t\t\t<\/div>\n\t\t\t\t\t<\/div>\n\t\t\t\t<\/div>\n\t\t<div class=\"elementor-element elementor-element-30ed2f65 e-flex e-con-boxed e-con e-parent\" data-id=\"30ed2f65\" data-element_type=\"container\" data-e-type=\"container\" data-settings=\"{&quot;background_background&quot;:&quot;classic&quot;,&quot;background_motion_fx_motion_fx_scrolling&quot;:&quot;yes&quot;,&quot;background_motion_fx_translateY_effect&quot;:&quot;yes&quot;,&quot;background_motion_fx_translateY_speed&quot;:{&quot;unit&quot;:&quot;px&quot;,&quot;size&quot;:4,&quot;sizes&quot;:[]},&quot;background_motion_fx_translateY_affectedRange&quot;:{&quot;unit&quot;:&quot;%&quot;,&quot;size&quot;:&quot;&quot;,&quot;sizes&quot;:{&quot;start&quot;:0,&quot;end&quot;:100}},&quot;background_motion_fx_devices&quot;:[&quot;desktop&quot;,&quot;tablet&quot;,&quot;mobile&quot;]}\">\n\t\t\t\t\t<div class=\"e-con-inner\">\n\t\t\t\t\t<\/div>\n\t\t\t\t<\/div>\n\t\t<div class=\"elementor-element elementor-element-36e42e4a e-flex e-con-boxed e-con e-parent\" data-id=\"36e42e4a\" data-element_type=\"container\" data-e-type=\"container\">\n\t\t\t\t\t<div class=\"e-con-inner\">\n\t\t<div class=\"elementor-element elementor-element-1700f91b e-con-full e-flex e-con e-child\" data-id=\"1700f91b\" data-element_type=\"container\" data-e-type=\"container\">\n\t\t\t\t<div class=\"elementor-element elementor-element-5b294993 elementor-widget elementor-widget-heading\" data-id=\"5b294993\" data-element_type=\"widget\" data-e-type=\"widget\" data-widget_type=\"heading.default\">\n\t\t\t\t<div class=\"elementor-widget-container\">\n\t\t\t\t\t<h2 class=\"elementor-heading-title elementor-size-default\">SO SHAJ TE OFERAS<\/h2>\t\t\t\t<\/div>\n\t\t\t\t<\/div>\n\t\t\t\t<div class=\"elementor-element elementor-element-7b2c8412 elementor-widget elementor-widget-text-editor\" data-id=\"7b2c8412\" data-element_type=\"widget\" data-e-type=\"widget\" data-widget_type=\"text-editor.default\">\n\t\t\t\t<div class=\"elementor-widget-container\">\n\t\t\t\t\t\t\t\t\t<table>\n<tbody>\n<tr>\n<td><strong>Typo e ma\u015bin\u00e0qo<\/strong><\/td>\n<td><strong>Thubl\u00ecpen e \u015bu\u017ae<br \/>[mm]<\/strong><\/td>\n<td><strong>Minimalne dimenzie<br \/>[mm]<\/strong><\/td>\n<td><strong>Maximum dimenzie<br \/>[mm]<\/strong><\/td>\n<p><d><\/tr>\n<p><d><d><d><r><br \/><br\/td><d><\/trling or drilling milling<\/td>\n<td rowspan=\"6\">3 \u2013 19<\/td>\n<td rowspan=\"6\">150 x 300<\/td>\n<td rowspan=\"6\">3210 x 8000<\/td>\n<\/tr>\n<\/tbody>\n<\/table>\n\t\t\t\t\t\t\t\t<\/div>\n\t\t\t\t<\/div>\n\t\t\t\t<\/div>\n\t\t\t\t\t<\/div>\n\t\t\t\t<\/div>\n\t\t<div class=\"elementor-element elementor-element-15659192 e-flex e-con-boxed e-con e-parent\" data-id=\"15659192\" data-element_type=\"container\" data-e-type=\"container\" data-settings=\"{&quot;background_background&quot;:&quot;classic&quot;}\">\n\t\t\t\t\t<div class=\"e-con-inner\">\n\t\t\t\t<div class=\"elementor-element elementor-element-6f25ed9c elementor-widget elementor-widget-heading\" data-id=\"6f25ed9c\" data-element_type=\"widget\" data-e-type=\"widget\" data-widget_type=\"heading.default\">\n\t\t\t\t<div class=\"elementor-widget-container\">\n\t\t\t\t\t<h2 class=\"elementor-heading-title elementor-size-default\">Cerin\u021be suplimentare pentru comenzi - foraje<\/h2>\t\t\t\t<\/div>\n\t\t\t\t<\/div>\n\t\t\t\t<div class=\"elementor-element elementor-element-1d028040 elementor-widget elementor-widget-text-editor\" data-id=\"1d028040\" data-element_type=\"widget\" data-e-type=\"widget\" data-widget_type=\"text-editor.default\">\n\t\t\t\t<div class=\"elementor-widget-container\">\n\t\t\t\t\t\t\t\t\t<p>La <strong>T Grup Cam<\/strong>, asigur\u0103m <strong>g\u0103urirea de \u00eenalt\u0103 precizie<\/strong> a tuturor <strong>unit\u0103\u021bilor<\/strong> noastre <strong>vitrate \u0219i a sticlei securizate<\/strong>. Pentru a garanta <strong>cea mai bun\u0103 calitate \u0219i durabilitate<\/strong>, trebuie \u00eendeplinite urm\u0103toarele cerin\u021be \u00eenainte de prelucrare: <\/p>\n<p>\ud83d\udd39 <strong>G\u0103urire \u00eenainte de temperare<\/strong> &#8211; Orice sticl\u0103 care necesit\u0103 <strong>g\u0103urire sau modific\u0103ri ale g\u0103urilor<\/strong> trebuie s\u0103 fie supus\u0103 <strong>procesului de g\u0103urire \u00eenainte de temperare<\/strong>, deoarece <strong>sticla \u00eent\u0103rit\u0103 nu poate fi g\u0103urit\u0103 dup\u0103 aceea<\/strong>.<\/p>\n<p>\ud83d\udd39 <strong>Specifica\u021bii detaliate ale comenzii<\/strong> &#8211; Toate <strong>dimensiunile g\u0103urilor, pozi\u021biile \u0219i cerin\u021bele tehnice<\/strong> trebuie specificate clar \u00een comand\u0103. Clien\u021bii trebuie s\u0103 furnizeze <strong>desene \u0219i tabele tehnice detaliate<\/strong> care s\u0103 con\u021bin\u0103 <strong>m\u0103sur\u0103tori \u0219i specifica\u021bii exacte<\/strong>. <\/p>\n<p>Urm\u00e2nd aceste linii directoare, asigur\u0103m <strong>precizie, siguran\u021b\u0103 \u0219i fiabilitate<\/strong> \u00een fiecare proiect, oferind <strong>solu\u021bii de sticl\u0103 de \u00eenalt\u0103 calitate<\/strong>, adaptate nevoilor clien\u021bilor.<\/p><\/p>\n\t\t\t\t\t\t\t\t<\/div>\n\t\t\t\t<\/div>\n\t\t\t\t\t<\/div>\n\t\t\t\t<\/div>\n\t\t<div class=\"elementor-element elementor-element-5ca287c8 e-flex e-con-boxed e-con e-parent\" data-id=\"5ca287c8\" data-element_type=\"container\" data-e-type=\"container\" data-settings=\"{&quot;background_background&quot;:&quot;classic&quot;,&quot;background_motion_fx_motion_fx_scrolling&quot;:&quot;yes&quot;,&quot;background_motion_fx_translateY_effect&quot;:&quot;yes&quot;,&quot;background_motion_fx_translateY_speed&quot;:{&quot;unit&quot;:&quot;px&quot;,&quot;size&quot;:4,&quot;sizes&quot;:[]},&quot;background_motion_fx_translateY_affectedRange&quot;:{&quot;unit&quot;:&quot;%&quot;,&quot;size&quot;:&quot;&quot;,&quot;sizes&quot;:{&quot;start&quot;:0,&quot;end&quot;:100}},&quot;background_motion_fx_devices&quot;:[&quot;desktop&quot;,&quot;tablet&quot;,&quot;mobile&quot;]}\">\n\t\t\t\t\t<div class=\"e-con-inner\">\n\t\t\t\t<div class=\"elementor-element elementor-element-16e8b82 elementor-widget elementor-widget-heading\" data-id=\"16e8b82\" data-element_type=\"widget\" data-e-type=\"widget\" data-widget_type=\"heading.default\">\n\t\t\t\t<div class=\"elementor-widget-container\">\n\t\t\t\t\t<h2 class=\"elementor-heading-title elementor-size-default\">Ne modific\u0103m constant procesele de produc\u021bie \u0219i ne schimb\u0103m obiceiurile pentru a limita efectul negativ asupra mediului.<\/h2>\t\t\t\t<\/div>\n\t\t\t\t<\/div>\n\t\t\t\t<div class=\"elementor-element elementor-element-5a7c0b21 elementor-widget elementor-widget-text-editor\" data-id=\"5a7c0b21\" data-element_type=\"widget\" data-e-type=\"widget\" data-widget_type=\"text-editor.default\">\n\t\t\t\t<div class=\"elementor-widget-container\">\n\t\t\t\t\t\t\t\t\t<p>Pentru a facilita schimb\u0103rile, am adoptat ISO 14001, sistemul mondial de management pentru protec\u021bia mediului.<\/p>\n\t\t\t\t\t\t\t\t<\/div>\n\t\t\t\t<\/div>\n\t\t\t\t<div class=\"elementor-element elementor-element-1782e134 elementor-align-center elementor-widget elementor-widget-button\" data-id=\"1782e134\" data-element_type=\"widget\" data-e-type=\"widget\" data-widget_type=\"button.default\">\n\t\t\t\t<div class=\"elementor-widget-container\">\n\t\t\t\t\t\t\t\t\t<div class=\"elementor-button-wrapper\">\n\t\t\t\t\t<a class=\"elementor-button elementor-button-link elementor-size-sm\" href=\"https:\/\/tgrupcam.com\/index.php\/kontakto\/?lang=ro\">\n\t\t\t\t\t\t<span class=\"elementor-button-content-wrapper\">\n\t\t\t\t\t\t\t\t\t<span class=\"elementor-button-text\">Contacta\u021bi-ne<\/span>\n\t\t\t\t\t<\/span>\n\t\t\t\t\t<\/a>\n\t\t\t\t<\/div>\n\t\t\t\t\t\t\t\t<\/div>\n\t\t\t\t<\/div>\n\t\t\t\t\t<\/div>\n\t\t\t\t<\/div>\n\t\t\t\t<\/div>\n\t\t","protected":false},"excerpt":{"rendered":"<p>DRILLINGS DESPRE FORAJE La T Grup Cam, oferim servicii de g\u0103urire de precizie a sticlei, adaptate pentru a satisface nevoile aplica\u021biilor arhitecturale, industriale \u0219i decorative. Folosind utilaje CNC avansate, asigur\u0103m g\u0103uri curate, precise \u0219i f\u0103r\u0103 a\u0219chii, permi\u021b\u00e2nd integrarea perfect\u0103 \u00een diverse sisteme de sticl\u0103. Beneficii cheie: \u2705 Precizie ridicat\u0103 &#8211; Asigur\u0103 margini netede \u0219i amplasarea [&hellip;]<\/p>\n","protected":false},"author":1,"featured_media":0,"parent":2505,"menu_order":0,"comment_status":"closed","ping_status":"closed","template":"elementor_header_footer","meta":{"footnotes":""},"class_list":["post-2268","page","type-page","status-publish","hentry"],"_links":{"self":[{"href":"https:\/\/tgrupcam.com\/index.php\/wp-json\/wp\/v2\/pages\/2268","targetHints":{"allow":["GET"]}}],"collection":[{"href":"https:\/\/tgrupcam.com\/index.php\/wp-json\/wp\/v2\/pages"}],"about":[{"href":"https:\/\/tgrupcam.com\/index.php\/wp-json\/wp\/v2\/types\/page"}],"author":[{"embeddable":true,"href":"https:\/\/tgrupcam.com\/index.php\/wp-json\/wp\/v2\/users\/1"}],"replies":[{"embeddable":true,"href":"https:\/\/tgrupcam.com\/index.php\/wp-json\/wp\/v2\/comments?post=2268"}],"version-history":[{"count":0,"href":"https:\/\/tgrupcam.com\/index.php\/wp-json\/wp\/v2\/pages\/2268\/revisions"}],"up":[{"embeddable":true,"href":"https:\/\/tgrupcam.com\/index.php\/wp-json\/wp\/v2\/pages\/2505"}],"wp:attachment":[{"href":"https:\/\/tgrupcam.com\/index.php\/wp-json\/wp\/v2\/media?parent=2268"}],"curies":[{"name":"wp","href":"https:\/\/api.w.org\/{rel}","templated":true}]}}