{"id":2292,"date":"2025-02-05T11:55:26","date_gmt":"2025-02-05T08:55:26","guid":{"rendered":"https:\/\/tgrupcam.com\/index.php\/stecklinge\/"},"modified":"2025-06-04T14:28:24","modified_gmt":"2025-06-04T11:28:24","slug":"stecklinge","status":"publish","type":"page","link":"https:\/\/tgrupcam.com\/index.php\/marktangebot\/spezialglas\/stecklinge\/?lang=de","title":{"rendered":"Stecklinge"},"content":{"rendered":"\t\t<div data-elementor-type=\"wp-page\" data-elementor-id=\"2292\" class=\"elementor elementor-2292 elementor-53\" data-elementor-post-type=\"page\">\n\t\t\t\t<div class=\"elementor-element elementor-element-3bde9665 e-con-full e-flex e-con e-parent\" data-id=\"3bde9665\" data-element_type=\"container\" data-e-type=\"container\" data-settings=\"{&quot;background_background&quot;:&quot;classic&quot;,&quot;shape_divider_bottom&quot;:&quot;opacity-fan&quot;}\">\n\t\t\t\t<div class=\"elementor-shape elementor-shape-bottom\" aria-hidden=\"true\" data-negative=\"false\">\n\t\t\t<svg xmlns=\"http:\/\/www.w3.org\/2000\/svg\" viewBox=\"0 0 283.5 19.6\" preserveAspectRatio=\"none\">\n\t<path class=\"elementor-shape-fill\" style=\"opacity:0.33\" d=\"M0 0L0 18.8 141.8 4.1 283.5 18.8 283.5 0z\"\/>\n\t<path class=\"elementor-shape-fill\" style=\"opacity:0.33\" d=\"M0 0L0 12.6 141.8 4 283.5 12.6 283.5 0z\"\/>\n\t<path class=\"elementor-shape-fill\" style=\"opacity:0.33\" d=\"M0 0L0 6.4 141.8 4 283.5 6.4 283.5 0z\"\/>\n\t<path class=\"elementor-shape-fill\" d=\"M0 0L0 1.2 141.8 4 283.5 1.2 283.5 0z\"\/>\n<\/svg>\t\t<\/div>\n\t\t\t\t<div class=\"elementor-element elementor-element-7b4b6aa7 elementor-widget elementor-widget-heading\" data-id=\"7b4b6aa7\" data-element_type=\"widget\" data-e-type=\"widget\" data-widget_type=\"heading.default\">\n\t\t\t\t<div class=\"elementor-widget-container\">\n\t\t\t\t\t<h2 class=\"elementor-heading-title elementor-size-default\">CUTTINGS<\/h2>\t\t\t\t<\/div>\n\t\t\t\t<\/div>\n\t\t\t\t<\/div>\n\t\t<div class=\"elementor-element elementor-element-25968464 e-flex e-con-boxed e-con e-parent\" data-id=\"25968464\" data-element_type=\"container\" data-e-type=\"container\">\n\t\t\t\t\t<div class=\"e-con-inner\">\n\t\t\t\t<div class=\"elementor-element elementor-element-65699c0f elementor-widget elementor-widget-heading\" data-id=\"65699c0f\" data-element_type=\"widget\" data-e-type=\"widget\" data-widget_type=\"heading.default\">\n\t\t\t\t<div class=\"elementor-widget-container\">\n\t\t\t\t\t<h2 class=\"elementor-heading-title elementor-size-default\">\u00dcBER SCHNEIDEN<\/h2>\t\t\t\t<\/div>\n\t\t\t\t<\/div>\n\t\t\t\t<div class=\"elementor-element elementor-element-79652f71 elementor-widget elementor-widget-text-editor\" data-id=\"79652f71\" data-element_type=\"widget\" data-e-type=\"widget\" data-widget_type=\"text-editor.default\">\n\t\t\t\t<div class=\"elementor-widget-container\">\n\t\t\t\t\t\t\t\t\t<p>Bei <strong>T Grup Cam<\/strong> bieten wir <strong>Pr\u00e4zisionsglasschneiddienste<\/strong> an, die auf <strong>architektonische, industrielle und dekorative Anwendungen<\/strong> zugeschnitten sind. Unsere hochmoderne Technologie gew\u00e4hrleistet <strong>hohe Genauigkeit, saubere Kanten und individuelle Formen<\/strong>, die <strong>sich nahtlos<\/strong> in verschiedene Projekte <strong>integrieren<\/strong> lassen. <\/p>\n<p><strong>Eigenschaften &amp; Vorteile:<\/strong><\/p>\n<p>\u2705 <strong>Pr\u00e4zisionsschnitt<\/strong> &#8211; Hochmoderne Maschinen sorgen f\u00fcr <strong>glatte, saubere und genaue Schnitte<\/strong>.<br \/>\u2705 <strong>Kundenspezifische Formen und Gr\u00f6\u00dfen<\/strong> &#8211; Glas kann in <strong>speziellen Abmessungen und einzigartigen Designs<\/strong> geschnitten werden.<br \/>\u2705 <strong>Vielseitige Anwendungen<\/strong> &#8211; Geeignet f\u00fcr <strong>Fenster, T\u00fcren, Fassaden, M\u00f6bel und industrielle Projekte<\/strong>.<br \/>\u2705 <strong>Kompatibilit\u00e4t mit anderen Verfahren<\/strong> &#8211; Kann mit <strong>Vorspannen, Laminieren und Digitaldruck<\/strong> kombiniert werden.<br \/>\u2705 <strong>Schneller Durchlauf<\/strong> &#8211; Effiziente Verarbeitung f\u00fcr <strong>schnelle und zuverl\u00e4ssige Lieferungen<\/strong>.<\/p>\n<p>Unsere Schneideservices unterst\u00fctzen eine breite Palette von <strong>Glastypen<\/strong>, einschlie\u00dflich <strong>vorgespanntem, laminiertem, dekorativem und feuerfestem Glas<\/strong>, und gew\u00e4hrleisten <strong>maximale Flexibilit\u00e4t und hochwertige Ergebnisse<\/strong>.<\/p>\n\t\t\t\t\t\t\t\t<\/div>\n\t\t\t\t<\/div>\n\t\t\t\t\t<\/div>\n\t\t\t\t<\/div>\n\t\t<div class=\"elementor-element elementor-element-1030cb63 e-flex e-con-boxed e-con e-parent\" data-id=\"1030cb63\" data-element_type=\"container\" data-e-type=\"container\" data-settings=\"{&quot;background_background&quot;:&quot;classic&quot;,&quot;background_motion_fx_motion_fx_scrolling&quot;:&quot;yes&quot;,&quot;background_motion_fx_translateY_effect&quot;:&quot;yes&quot;,&quot;background_motion_fx_translateY_speed&quot;:{&quot;unit&quot;:&quot;px&quot;,&quot;size&quot;:4,&quot;sizes&quot;:[]},&quot;background_motion_fx_translateY_affectedRange&quot;:{&quot;unit&quot;:&quot;%&quot;,&quot;size&quot;:&quot;&quot;,&quot;sizes&quot;:{&quot;start&quot;:0,&quot;end&quot;:100}},&quot;background_motion_fx_devices&quot;:[&quot;desktop&quot;,&quot;tablet&quot;,&quot;mobile&quot;]}\">\n\t\t\t\t\t<div class=\"e-con-inner\">\n\t\t\t\t\t<\/div>\n\t\t\t\t<\/div>\n\t\t<div class=\"elementor-element elementor-element-1bea35dc e-flex e-con-boxed e-con e-parent\" data-id=\"1bea35dc\" data-element_type=\"container\" data-e-type=\"container\">\n\t\t\t\t\t<div class=\"e-con-inner\">\n\t\t<div class=\"elementor-element elementor-element-3d8dc55 e-con-full e-flex e-con e-child\" data-id=\"3d8dc55\" data-element_type=\"container\" data-e-type=\"container\">\n\t\t\t\t<div class=\"elementor-element elementor-element-27623acb elementor-widget elementor-widget-heading\" data-id=\"27623acb\" data-element_type=\"widget\" data-e-type=\"widget\" data-widget_type=\"heading.default\">\n\t\t\t\t<div class=\"elementor-widget-container\">\n\t\t\t\t\t<h2 class=\"elementor-heading-title elementor-size-default\">Zus\u00e4tzliche Anforderungen f\u00fcr Bestellungen<\/h2>\t\t\t\t<\/div>\n\t\t\t\t<\/div>\n\t\t\t\t<div class=\"elementor-element elementor-element-5059d841 elementor-widget elementor-widget-text-editor\" data-id=\"5059d841\" data-element_type=\"widget\" data-e-type=\"widget\" data-widget_type=\"text-editor.default\">\n\t\t\t\t<div class=\"elementor-widget-container\">\n\t\t\t\t\t\t\t\t\t<p>Bei <strong>T Grup Cam<\/strong> sorgen wir f\u00fcr <strong>hohe Pr\u00e4zision und Qualit\u00e4t<\/strong> bei allen unseren <strong>verglasten Einheiten und geh\u00e4rtetem Glas mit Zuschnitten<\/strong>. Um eine <strong>optimale Leistung und Haltbarkeit<\/strong> zu gew\u00e4hrleisten, m\u00fcssen vor der Verarbeitung die folgenden Anforderungen erf\u00fcllt werden: <\/p>\n<p>\ud83d\udd39 <strong>Schleifen vor dem H\u00e4rten<\/strong> &#8211; Jedes Glas, das <strong>geschliffen oder speziell bearbeitet werden<\/strong> muss, muss zuerst <strong>geschliffen werden<\/strong>, bevor es dem <strong>H\u00e4rtungsprozess<\/strong> unterzogen wird.<\/p>\n<p>\ud83d\udd39 <strong>Detaillierte Auftragsspezifikationen<\/strong> &#8211; Alle <strong>Bohrungen, Ausschnitte und kundenspezifischen Modifikationen<\/strong> m\u00fcssen in der Bestellung <strong>deutlich angegeben<\/strong> werden. Der Kunde muss <strong>detaillierte technische Zeichnungen und Tabellen<\/strong> mit <strong>allen erforderlichen Ma\u00dfen und Spezifikationen<\/strong> zur Verf\u00fcgung stellen. <\/p>\n<p>Indem wir diese Richtlinien befolgen, stellen wir sicher, dass jede Bestellung den <strong>h\u00f6chsten Industriestandards<\/strong> entspricht und gleichzeitig <strong>Pr\u00e4zision, Langlebigkeit und Zuverl\u00e4ssigkeit<\/strong> f\u00fcr Ihre Projekte bietet.<\/p>\n\t\t\t\t\t\t\t\t<\/div>\n\t\t\t\t<\/div>\n\t\t\t\t<\/div>\n\t\t\t\t\t<\/div>\n\t\t\t\t<\/div>\n\t\t<div class=\"elementor-element elementor-element-70cc5843 e-flex e-con-boxed e-con e-parent\" data-id=\"70cc5843\" data-element_type=\"container\" data-e-type=\"container\" data-settings=\"{&quot;background_background&quot;:&quot;classic&quot;}\">\n\t\t\t\t\t<div class=\"e-con-inner\">\n\t\t\t\t<div class=\"elementor-element elementor-element-35ba16a5 elementor-widget elementor-widget-heading\" data-id=\"35ba16a5\" data-element_type=\"widget\" data-e-type=\"widget\" data-widget_type=\"heading.default\">\n\t\t\t\t<div class=\"elementor-widget-container\">\n\t\t\t\t\t<h2 class=\"elementor-heading-title elementor-size-default\">WAS WIR ANBIETEN K\u00d6NNEN<\/h2>\t\t\t\t<\/div>\n\t\t\t\t<\/div>\n\t\t\t\t<div class=\"elementor-element elementor-element-494b7153 elementor-widget elementor-widget-text-editor\" data-id=\"494b7153\" data-element_type=\"widget\" data-e-type=\"widget\" data-widget_type=\"text-editor.default\">\n\t\t\t\t<div class=\"elementor-widget-container\">\n\t\t\t\t\t\t\t\t\t<table>\r\n<tbody>\r\n<tr>\r\n<td><strong>Bearbeitungsart<\/strong><\/td>\r\n<td><strong>Mindestabmessungen der Platte [mm]<\/strong><\/td>\r\n<td><strong>Maximale Abmessungen der Platte\r\n[mm]<\/strong><\/td>\r\n<td><strong>Glasdicke\r\n[mm]<\/strong><\/td>\r\n<\/tr>\r\n<tr>\r\n<td>Zuschnitte aller Formen<\/td>\r\n<td>150 x 300<\/td>\r\n<td>3210 x 8000<\/td>\r\n<td>3-19<\/td>\r\n\r\n<\/tr>\r\n<\/tbody>\r\n<\/table>\t\t\t\t\t\t\t\t<\/div>\n\t\t\t\t<\/div>\n\t\t\t\t\t<\/div>\n\t\t\t\t<\/div>\n\t\t<div class=\"elementor-element elementor-element-634c3415 e-flex e-con-boxed e-con e-parent\" data-id=\"634c3415\" data-element_type=\"container\" data-e-type=\"container\" data-settings=\"{&quot;background_background&quot;:&quot;classic&quot;,&quot;background_motion_fx_motion_fx_scrolling&quot;:&quot;yes&quot;,&quot;background_motion_fx_translateY_effect&quot;:&quot;yes&quot;,&quot;background_motion_fx_translateY_speed&quot;:{&quot;unit&quot;:&quot;px&quot;,&quot;size&quot;:4,&quot;sizes&quot;:[]},&quot;background_motion_fx_translateY_affectedRange&quot;:{&quot;unit&quot;:&quot;%&quot;,&quot;size&quot;:&quot;&quot;,&quot;sizes&quot;:{&quot;start&quot;:0,&quot;end&quot;:100}},&quot;background_motion_fx_devices&quot;:[&quot;desktop&quot;,&quot;tablet&quot;,&quot;mobile&quot;]}\">\n\t\t\t\t\t<div class=\"e-con-inner\">\n\t\t\t\t<div class=\"elementor-element elementor-element-304022 elementor-widget elementor-widget-heading\" data-id=\"304022\" data-element_type=\"widget\" data-e-type=\"widget\" data-widget_type=\"heading.default\">\n\t\t\t\t<div class=\"elementor-widget-container\">\n\t\t\t\t\t<h2 class=\"elementor-heading-title elementor-size-default\">Wir modifizieren st\u00e4ndig unsere Herstellungsprozesse und \u00e4ndern unsere Gewohnheiten, um die negativen Auswirkungen auf die Umwelt zu begrenzen.<\/h2>\t\t\t\t<\/div>\n\t\t\t\t<\/div>\n\t\t\t\t<div class=\"elementor-element elementor-element-20bcb72 elementor-widget elementor-widget-text-editor\" data-id=\"20bcb72\" data-element_type=\"widget\" data-e-type=\"widget\" data-widget_type=\"text-editor.default\">\n\t\t\t\t<div class=\"elementor-widget-container\">\n\t\t\t\t\t\t\t\t\t<p>Um die Ver\u00e4nderungen zu erleichtern, haben wir ISO 14001, das weltweite Managementsystem f\u00fcr den Umweltschutz, eingef\u00fchrt.<\/p>\n\t\t\t\t\t\t\t\t<\/div>\n\t\t\t\t<\/div>\n\t\t\t\t<div class=\"elementor-element elementor-element-6bc09d3d elementor-align-center elementor-widget elementor-widget-button\" data-id=\"6bc09d3d\" data-element_type=\"widget\" data-e-type=\"widget\" data-widget_type=\"button.default\">\n\t\t\t\t<div class=\"elementor-widget-container\">\n\t\t\t\t\t\t\t\t\t<div class=\"elementor-button-wrapper\">\n\t\t\t\t\t<a class=\"elementor-button elementor-button-link elementor-size-sm\" href=\"https:\/\/tgrupcam.com\/index.php\/kontakt\/?lang=de\">\n\t\t\t\t\t\t<span class=\"elementor-button-content-wrapper\">\n\t\t\t\t\t\t\t\t\t<span class=\"elementor-button-text\">Kontaktieren Sie uns<\/span>\n\t\t\t\t\t<\/span>\n\t\t\t\t\t<\/a>\n\t\t\t\t<\/div>\n\t\t\t\t\t\t\t\t<\/div>\n\t\t\t\t<\/div>\n\t\t\t\t\t<\/div>\n\t\t\t\t<\/div>\n\t\t\t\t<\/div>\n\t\t","protected":false},"excerpt":{"rendered":"<p>CUTTINGS \u00dcBER SCHNEIDEN Bei T Grup Cam bieten wir Pr\u00e4zisionsglasschneiddienste an, die auf architektonische, industrielle und dekorative Anwendungen zugeschnitten sind. Unsere hochmoderne Technologie gew\u00e4hrleistet hohe Genauigkeit, saubere Kanten und individuelle Formen, die sich nahtlos in verschiedene Projekte integrieren lassen. Eigenschaften &amp; Vorteile: \u2705 Pr\u00e4zisionsschnitt &#8211; Hochmoderne Maschinen sorgen f\u00fcr glatte, saubere und genaue Schnitte.\u2705 Kundenspezifische [&hellip;]<\/p>\n","protected":false},"author":1,"featured_media":0,"parent":2470,"menu_order":0,"comment_status":"closed","ping_status":"closed","template":"elementor_header_footer","meta":{"footnotes":""},"class_list":["post-2292","page","type-page","status-publish","hentry"],"_links":{"self":[{"href":"https:\/\/tgrupcam.com\/index.php\/wp-json\/wp\/v2\/pages\/2292","targetHints":{"allow":["GET"]}}],"collection":[{"href":"https:\/\/tgrupcam.com\/index.php\/wp-json\/wp\/v2\/pages"}],"about":[{"href":"https:\/\/tgrupcam.com\/index.php\/wp-json\/wp\/v2\/types\/page"}],"author":[{"embeddable":true,"href":"https:\/\/tgrupcam.com\/index.php\/wp-json\/wp\/v2\/users\/1"}],"replies":[{"embeddable":true,"href":"https:\/\/tgrupcam.com\/index.php\/wp-json\/wp\/v2\/comments?post=2292"}],"version-history":[{"count":0,"href":"https:\/\/tgrupcam.com\/index.php\/wp-json\/wp\/v2\/pages\/2292\/revisions"}],"up":[{"embeddable":true,"href":"https:\/\/tgrupcam.com\/index.php\/wp-json\/wp\/v2\/pages\/2470"}],"wp:attachment":[{"href":"https:\/\/tgrupcam.com\/index.php\/wp-json\/wp\/v2\/media?parent=2292"}],"curies":[{"name":"wp","href":"https:\/\/api.w.org\/{rel}","templated":true}]}}