{"id":2506,"date":"2025-02-05T11:54:43","date_gmt":"2025-02-05T08:54:43","guid":{"rendered":"https:\/\/tgrupcam.com\/index.php\/oferta-de-piata\/sticla-speciala\/sticla-recoapta-curbata\/"},"modified":"2025-06-04T12:17:15","modified_gmt":"2025-06-04T09:17:15","slug":"sticla-recoapta-curbata","status":"publish","type":"page","link":"https:\/\/tgrupcam.com\/index.php\/oferta-de-piata\/sticla-speciala\/sticla-recoapta-curbata\/?lang=ro","title":{"rendered":"Sticl\u0103 recoapt\u0103 curbat\u0103"},"content":{"rendered":"\t\t<div data-elementor-type=\"wp-page\" data-elementor-id=\"2506\" class=\"elementor elementor-2506 elementor-41\" data-elementor-post-type=\"page\">\n\t\t\t\t<div class=\"elementor-element elementor-element-3771a438 e-con-full e-flex e-con e-parent\" data-id=\"3771a438\" data-element_type=\"container\" data-e-type=\"container\" data-settings=\"{&quot;background_background&quot;:&quot;classic&quot;,&quot;shape_divider_bottom&quot;:&quot;opacity-fan&quot;}\">\n\t\t\t\t<div class=\"elementor-shape elementor-shape-bottom\" aria-hidden=\"true\" data-negative=\"false\">\n\t\t\t<svg xmlns=\"http:\/\/www.w3.org\/2000\/svg\" viewBox=\"0 0 283.5 19.6\" preserveAspectRatio=\"none\">\n\t<path class=\"elementor-shape-fill\" style=\"opacity:0.33\" d=\"M0 0L0 18.8 141.8 4.1 283.5 18.8 283.5 0z\"\/>\n\t<path class=\"elementor-shape-fill\" style=\"opacity:0.33\" d=\"M0 0L0 12.6 141.8 4 283.5 12.6 283.5 0z\"\/>\n\t<path class=\"elementor-shape-fill\" style=\"opacity:0.33\" d=\"M0 0L0 6.4 141.8 4 283.5 6.4 283.5 0z\"\/>\n\t<path class=\"elementor-shape-fill\" d=\"M0 0L0 1.2 141.8 4 283.5 1.2 283.5 0z\"\/>\n<\/svg>\t\t<\/div>\n\t\t\t\t<div class=\"elementor-element elementor-element-71c3327d elementor-widget elementor-widget-heading\" data-id=\"71c3327d\" data-element_type=\"widget\" data-e-type=\"widget\" data-widget_type=\"heading.default\">\n\t\t\t\t<div class=\"elementor-widget-container\">\n\t\t\t\t\t<h2 class=\"elementor-heading-title elementor-size-default\">STICL\u0102 RECOAPT\u0102 CURBAT\u0102<\/h2>\t\t\t\t<\/div>\n\t\t\t\t<\/div>\n\t\t\t\t<\/div>\n\t\t<div class=\"elementor-element elementor-element-3337ffb7 e-flex e-con-boxed e-con e-parent\" data-id=\"3337ffb7\" data-element_type=\"container\" data-e-type=\"container\">\n\t\t\t\t\t<div class=\"e-con-inner\">\n\t\t\t\t<div class=\"elementor-element elementor-element-17e93e6 elementor-widget elementor-widget-heading\" data-id=\"17e93e6\" data-element_type=\"widget\" data-e-type=\"widget\" data-widget_type=\"heading.default\">\n\t\t\t\t<div class=\"elementor-widget-container\">\n\t\t\t\t\t<h2 class=\"elementor-heading-title elementor-size-default\">DESPRE STICLA RECOAPT\u0102 CURBAT\u0102<\/h2>\t\t\t\t<\/div>\n\t\t\t\t<\/div>\n\t\t\t\t<div class=\"elementor-element elementor-element-3a00caea elementor-widget elementor-widget-text-editor\" data-id=\"3a00caea\" data-element_type=\"widget\" data-e-type=\"widget\" data-widget_type=\"text-editor.default\">\n\t\t\t\t<div class=\"elementor-widget-container\">\n\t\t\t\t\t\t\t\t\t<p data-start=\"33\" data-end=\"489\">La <strong data-start=\"36\" data-end=\"50\">T Grup Cam<\/strong>, <strong data-start=\"56\" data-end=\"81\">sticla noastr\u0103 curbat\u0103 recoapt\u0103<\/strong> ofer\u0103 <strong data-start=\"89\" data-end=\"144\">solu\u021bii de ultim\u0103 genera\u021bie din sticl\u0103 curbat\u0103 \u0219i dimensional\u0103<\/strong>, combin\u00e2nd <strong data-start=\"156\" data-end=\"189\" data-is-only-node=\"\">estetica cu func\u021bionalitatea<\/strong> pentru <strong data-start=\"194\" data-end=\"242\">aplica\u021bii arhitecturale \u0219i de design moderne<\/strong>. Fabricat\u0103 cu <strong data-start=\"262\" data-end=\"305\">tehnologie avansat\u0103 de \u00eendoire \u0219i modelare<\/strong>, <strong data-start=\"311\" data-end=\"336\">sticla noastr\u0103 recoapt\u0103 curbat\u0103<\/strong> ofer\u0103 <strong data-start=\"346\" data-end=\"391\">o integrare perfect\u0103 \u00een suprafe\u021bele curbate<\/strong>, men\u021bin\u00e2nd <strong data-start=\"405\" data-end=\"448\">claritatea optic\u0103 \u0219i rezisten\u021ba structural\u0103<\/strong> , oferind \u00een acela\u0219i timp <strong data-start=\"464\" data-end=\"486\">flexibilitate de proiectare<\/strong>. <\/p>\n<p data-start=\"491\" data-end=\"510\"><strong data-start=\"495\" data-end=\"508\">Beneficii:<\/strong><\/p>\n<p data-start=\"512\" data-end=\"1051\">\u2705 <strong data-start=\"514\" data-end=\"545\">Atractivitate estetic\u0103 inovatoare<\/strong> \u2013 Creeaz\u0103 <strong data-start=\"556\" data-end=\"590\">modele dinamice \u0219i futuriste<\/strong> cu sticl\u0103 curbat\u0103 \u0219i modelat\u0103.<br data-start=\"620\" data-end=\"623\">\u2705 <strong data-start=\"625\" data-end=\"644\" data-is-only-node=\"\">Durabilitate ridicat\u0103<\/strong> \u2013 Fabricat cu <strong data-start=\"665\" data-end=\"678\">precizie<\/strong> pentru a asigura <strong data-start=\"689\" data-end=\"715\">rezisten\u021b\u0103 \u0219i longevitate<\/strong>.<br data-start=\"716\" data-end=\"719\">\u2705 <strong data-start=\"721\" data-end=\"752\">Forme \u0219i dimensiuni personalizabile<\/strong> \u2013 Disponibil \u00een <strong data-start=\"768\" data-end=\"810\">diferite curbe, coturi \u0219i grosimi<\/strong> pentru a se potrivi cerin\u021belor proiectului.<br data-start=\"841\" data-end=\"844\">\u2705 <strong data-start=\"846\" data-end=\"870\">Integrare perfect\u0103<\/strong> \u2013 Ideal pentru <strong data-start=\"883\" data-end=\"935\">fa\u021bade moderne, auto \u0219i design interior<\/strong>.<br data-start=\"936\" data-end=\"939\">\u2705 <strong data-start=\"941\" data-end=\"962\">Eficien\u021b\u0103 energetic\u0103<\/strong> \u2013 Compatibil cu <strong data-start=\"981\" data-end=\"1024\">acoperiri cu emisii reduse \u0219i control solar<\/strong> pentru o izola\u021bie \u00eembun\u0103t\u0103\u021bit\u0103.<\/p>\n<p data-start=\"1053\" data-end=\"1076\"><strong data-start=\"1057\" data-end=\"1074\">Aplica\u0163ii:<\/strong><\/p>\n<ul data-start=\"1078\" data-end=\"1287\">\n<li data-start=\"1078\" data-end=\"1119\"><strong data-start=\"1080\" data-end=\"1117\">Fa\u021bade arhitecturale \u0219i luminatoare<\/strong><\/li>\n<li data-start=\"1120\" data-end=\"1163\"><strong data-start=\"1122\" data-end=\"1161\">Design interior de lux \u0219i pere\u021bi desp\u0103r\u021bitori<\/strong><\/li>\n<li data-start=\"1164\" data-end=\"1200\"><strong data-start=\"1166\" data-end=\"1198\">Afi\u0219aje de v\u00e2nzare cu am\u0103nuntul \u0219i expozi\u021bii<\/strong><\/li>\n<li data-start=\"1201\" data-end=\"1242\"><strong data-start=\"1203\" data-end=\"1240\">Sticl\u0103 auto \u0219i de transport<\/strong><\/li>\n<li data-start=\"1243\" data-end=\"1287\"><strong data-start=\"1245\" data-end=\"1285\">Mobilier \u0219i instala\u021bii decorative<\/strong><\/li>\n<\/ul>\n<p data-start=\"1289\" data-end=\"1442\"><strong data-start=\"1293\" data-end=\"1318\">Sticla noastr\u0103 curbat\u0103 recoapt\u0103<\/strong> este conceput\u0103 pentru a aduce <strong data-start=\"1340\" data-end=\"1386\">elegan\u021b\u0103, unicitate \u0219i performan\u021b\u0103 ridicat\u0103<\/strong> <strong data-start=\"1403\" data-end=\"1439\">proiectelor de arhitectur\u0103 \u0219i design<\/strong> contemporan.<\/p>\n\t\t\t\t\t\t\t\t<\/div>\n\t\t\t\t<\/div>\n\t\t\t\t\t<\/div>\n\t\t\t\t<\/div>\n\t\t<div class=\"elementor-element elementor-element-f2c7e85 e-flex e-con-boxed e-con e-parent\" data-id=\"f2c7e85\" data-element_type=\"container\" data-e-type=\"container\" data-settings=\"{&quot;background_background&quot;:&quot;classic&quot;}\">\n\t\t\t\t\t<div class=\"e-con-inner\">\n\t\t\t\t<div class=\"elementor-element elementor-element-52978e7 elementor-widget elementor-widget-heading\" data-id=\"52978e7\" data-element_type=\"widget\" data-e-type=\"widget\" data-widget_type=\"heading.default\">\n\t\t\t\t<div class=\"elementor-widget-container\">\n\t\t\t\t\t<h2 class=\"elementor-heading-title elementor-size-default\">MAX DIMENSIA 3210x8000<\/h2>\t\t\t\t<\/div>\n\t\t\t\t<\/div>\n\t\t\t\t<div class=\"elementor-element elementor-element-0f1f503 elementor-widget elementor-widget-heading\" data-id=\"0f1f503\" data-element_type=\"widget\" data-e-type=\"widget\" data-widget_type=\"heading.default\">\n\t\t\t\t<div class=\"elementor-widget-container\">\n\t\t\t\t\t<h2 class=\"elementor-heading-title elementor-size-default\">MAX DETH DETH 2100<\/h2>\t\t\t\t<\/div>\n\t\t\t\t<\/div>\n\t\t\t\t\t<\/div>\n\t\t\t\t<\/div>\n\t\t<div class=\"elementor-element elementor-element-9ef089a e-flex e-con-boxed e-con e-parent\" data-id=\"9ef089a\" data-element_type=\"container\" data-e-type=\"container\">\n\t\t\t\t\t<div class=\"e-con-inner\">\n\t\t<div class=\"elementor-element elementor-element-5d9c345 e-con-full e-flex e-con e-child\" data-id=\"5d9c345\" data-element_type=\"container\" data-e-type=\"container\">\n\t\t\t\t<div class=\"elementor-element elementor-element-5f80533 elementor-widget elementor-widget-image\" data-id=\"5f80533\" data-element_type=\"widget\" data-e-type=\"widget\" data-widget_type=\"image.default\">\n\t\t\t\t<div class=\"elementor-widget-container\">\n\t\t\t\t\t\t\t\t\t\t\t\t\t\t\t<img fetchpriority=\"high\" decoding=\"async\" width=\"800\" height=\"800\" src=\"https:\/\/tgrupcam.com\/wp-content\/uploads\/2025\/04\/curved-1-1024x1024.jpg\" class=\"attachment-large size-large wp-image-1737\" alt=\"\" srcset=\"https:\/\/tgrupcam.com\/wp-content\/uploads\/2025\/04\/curved-1-1024x1024.jpg 1024w, https:\/\/tgrupcam.com\/wp-content\/uploads\/2025\/04\/curved-1-300x300.jpg 300w, https:\/\/tgrupcam.com\/wp-content\/uploads\/2025\/04\/curved-1-150x150.jpg 150w, https:\/\/tgrupcam.com\/wp-content\/uploads\/2025\/04\/curved-1-768x768.jpg 768w, https:\/\/tgrupcam.com\/wp-content\/uploads\/2025\/04\/curved-1-650x650.jpg 650w, https:\/\/tgrupcam.com\/wp-content\/uploads\/2025\/04\/curved-1.jpg 1080w\" sizes=\"(max-width: 800px) 100vw, 800px\" \/>\t\t\t\t\t\t\t\t\t\t\t\t\t\t\t<\/div>\n\t\t\t\t<\/div>\n\t\t\t\t<div class=\"elementor-element elementor-element-9be170b elementor-widget elementor-widget-heading\" data-id=\"9be170b\" data-element_type=\"widget\" data-e-type=\"widget\" data-widget_type=\"heading.default\">\n\t\t\t\t<div class=\"elementor-widget-container\">\n\t\t\t\t\t<h2 class=\"elementor-heading-title elementor-size-default\">IZOLARE ACUSTIC\u0102MAI BUN\u0102<\/h2>\t\t\t\t<\/div>\n\t\t\t\t<\/div>\n\t\t\t\t<\/div>\n\t\t<div class=\"elementor-element elementor-element-809d3a8 e-con-full e-flex e-con e-child\" data-id=\"809d3a8\" data-element_type=\"container\" data-e-type=\"container\">\n\t\t\t\t<div class=\"elementor-element elementor-element-f8defec elementor-widget elementor-widget-image\" data-id=\"f8defec\" data-element_type=\"widget\" data-e-type=\"widget\" data-widget_type=\"image.default\">\n\t\t\t\t<div class=\"elementor-widget-container\">\n\t\t\t\t\t\t\t\t\t\t\t\t\t\t\t<img decoding=\"async\" width=\"800\" height=\"800\" src=\"https:\/\/tgrupcam.com\/wp-content\/uploads\/2025\/04\/curved-2-1024x1024.jpg\" class=\"attachment-large size-large wp-image-1748\" alt=\"\" srcset=\"https:\/\/tgrupcam.com\/wp-content\/uploads\/2025\/04\/curved-2-1024x1024.jpg 1024w, https:\/\/tgrupcam.com\/wp-content\/uploads\/2025\/04\/curved-2-300x300.jpg 300w, https:\/\/tgrupcam.com\/wp-content\/uploads\/2025\/04\/curved-2-150x150.jpg 150w, https:\/\/tgrupcam.com\/wp-content\/uploads\/2025\/04\/curved-2-768x768.jpg 768w, https:\/\/tgrupcam.com\/wp-content\/uploads\/2025\/04\/curved-2-650x650.jpg 650w, https:\/\/tgrupcam.com\/wp-content\/uploads\/2025\/04\/curved-2.jpg 1080w\" sizes=\"(max-width: 800px) 100vw, 800px\" \/>\t\t\t\t\t\t\t\t\t\t\t\t\t\t\t<\/div>\n\t\t\t\t<\/div>\n\t\t\t\t<div class=\"elementor-element elementor-element-191c2b8 elementor-widget elementor-widget-heading\" data-id=\"191c2b8\" data-element_type=\"widget\" data-e-type=\"widget\" data-widget_type=\"heading.default\">\n\t\t\t\t<div class=\"elementor-widget-container\">\n\t\t\t\t\t<h2 class=\"elementor-heading-title elementor-size-default\">REZISTEN\u021a\u0102 MAI MARE LA SARCIN\u0102<\/h2>\t\t\t\t<\/div>\n\t\t\t\t<\/div>\n\t\t\t\t<\/div>\n\t\t<div class=\"elementor-element elementor-element-b28c10a e-con-full e-flex e-con e-child\" data-id=\"b28c10a\" data-element_type=\"container\" data-e-type=\"container\">\n\t\t\t\t<div class=\"elementor-element elementor-element-07c05ac elementor-widget elementor-widget-image\" data-id=\"07c05ac\" data-element_type=\"widget\" data-e-type=\"widget\" data-widget_type=\"image.default\">\n\t\t\t\t<div class=\"elementor-widget-container\">\n\t\t\t\t\t\t\t\t\t\t\t\t\t\t\t<img decoding=\"async\" width=\"800\" height=\"800\" src=\"https:\/\/tgrupcam.com\/wp-content\/uploads\/2025\/04\/curved-3-1024x1024.jpg\" class=\"attachment-large size-large wp-image-1759\" alt=\"\" srcset=\"https:\/\/tgrupcam.com\/wp-content\/uploads\/2025\/04\/curved-3-1024x1024.jpg 1024w, https:\/\/tgrupcam.com\/wp-content\/uploads\/2025\/04\/curved-3-300x300.jpg 300w, https:\/\/tgrupcam.com\/wp-content\/uploads\/2025\/04\/curved-3-150x150.jpg 150w, https:\/\/tgrupcam.com\/wp-content\/uploads\/2025\/04\/curved-3-768x768.jpg 768w, https:\/\/tgrupcam.com\/wp-content\/uploads\/2025\/04\/curved-3-650x650.jpg 650w, https:\/\/tgrupcam.com\/wp-content\/uploads\/2025\/04\/curved-3.jpg 1080w\" sizes=\"(max-width: 800px) 100vw, 800px\" \/>\t\t\t\t\t\t\t\t\t\t\t\t\t\t\t<\/div>\n\t\t\t\t<\/div>\n\t\t\t\t<div class=\"elementor-element elementor-element-d72ec73 elementor-widget elementor-widget-heading\" data-id=\"d72ec73\" data-element_type=\"widget\" data-e-type=\"widget\" data-widget_type=\"heading.default\">\n\t\t\t\t<div class=\"elementor-widget-container\">\n\t\t\t\t\t<h2 class=\"elementor-heading-title elementor-size-default\">IZOLA\u021aIE TERMIC\u0102\u00ceMBUN\u0102T\u0102\u021aIT\u0102 PENTRU CL\u0102DIRI DURABILE<\/h2>\t\t\t\t<\/div>\n\t\t\t\t<\/div>\n\t\t\t\t<\/div>\n\t\t\t\t\t<\/div>\n\t\t\t\t<\/div>\n\t\t<div class=\"elementor-element elementor-element-36d38c1 e-flex e-con-boxed e-con e-parent\" data-id=\"36d38c1\" data-element_type=\"container\" data-e-type=\"container\">\n\t\t\t\t\t<div class=\"e-con-inner\">\n\t\t<div class=\"elementor-element elementor-element-409881d e-con-full e-flex e-con e-child\" data-id=\"409881d\" data-element_type=\"container\" data-e-type=\"container\">\n\t\t\t\t<div class=\"elementor-element elementor-element-0dae54f elementor-widget elementor-widget-image\" data-id=\"0dae54f\" data-element_type=\"widget\" data-e-type=\"widget\" data-widget_type=\"image.default\">\n\t\t\t\t<div class=\"elementor-widget-container\">\n\t\t\t\t\t\t\t\t\t\t\t\t\t\t\t<img loading=\"lazy\" decoding=\"async\" width=\"800\" height=\"800\" src=\"https:\/\/tgrupcam.com\/wp-content\/uploads\/2025\/04\/curved-4-1024x1024.jpg\" class=\"attachment-large size-large wp-image-1770\" alt=\"\" srcset=\"https:\/\/tgrupcam.com\/wp-content\/uploads\/2025\/04\/curved-4-1024x1024.jpg 1024w, https:\/\/tgrupcam.com\/wp-content\/uploads\/2025\/04\/curved-4-300x300.jpg 300w, https:\/\/tgrupcam.com\/wp-content\/uploads\/2025\/04\/curved-4-150x150.jpg 150w, https:\/\/tgrupcam.com\/wp-content\/uploads\/2025\/04\/curved-4-768x768.jpg 768w, https:\/\/tgrupcam.com\/wp-content\/uploads\/2025\/04\/curved-4-650x650.jpg 650w, https:\/\/tgrupcam.com\/wp-content\/uploads\/2025\/04\/curved-4.jpg 1080w\" sizes=\"(max-width: 800px) 100vw, 800px\" \/>\t\t\t\t\t\t\t\t\t\t\t\t\t\t\t<\/div>\n\t\t\t\t<\/div>\n\t\t\t\t<div class=\"elementor-element elementor-element-c0f4c73 elementor-widget elementor-widget-heading\" data-id=\"c0f4c73\" data-element_type=\"widget\" data-e-type=\"widget\" data-widget_type=\"heading.default\">\n\t\t\t\t<div class=\"elementor-widget-container\">\n\t\t\t\t\t<h2 class=\"elementor-heading-title elementor-size-default\">SIGURAN\u021a\u0102 \u00ceMBUN\u0102T\u0102\u021aIT\u0102<\/h2>\t\t\t\t<\/div>\n\t\t\t\t<\/div>\n\t\t\t\t<\/div>\n\t\t<div class=\"elementor-element elementor-element-ffe5bdd e-con-full e-flex e-con e-child\" data-id=\"ffe5bdd\" data-element_type=\"container\" data-e-type=\"container\">\n\t\t\t\t<div class=\"elementor-element elementor-element-8091477 elementor-widget elementor-widget-image\" data-id=\"8091477\" data-element_type=\"widget\" data-e-type=\"widget\" data-widget_type=\"image.default\">\n\t\t\t\t<div class=\"elementor-widget-container\">\n\t\t\t\t\t\t\t\t\t\t\t\t\t\t\t<img loading=\"lazy\" decoding=\"async\" width=\"800\" height=\"800\" src=\"https:\/\/tgrupcam.com\/wp-content\/uploads\/2025\/04\/curved-5-1024x1024.jpg\" class=\"attachment-large size-large wp-image-1781\" alt=\"\" srcset=\"https:\/\/tgrupcam.com\/wp-content\/uploads\/2025\/04\/curved-5-1024x1024.jpg 1024w, https:\/\/tgrupcam.com\/wp-content\/uploads\/2025\/04\/curved-5-300x300.jpg 300w, https:\/\/tgrupcam.com\/wp-content\/uploads\/2025\/04\/curved-5-150x150.jpg 150w, https:\/\/tgrupcam.com\/wp-content\/uploads\/2025\/04\/curved-5-768x768.jpg 768w, https:\/\/tgrupcam.com\/wp-content\/uploads\/2025\/04\/curved-5-650x650.jpg 650w, https:\/\/tgrupcam.com\/wp-content\/uploads\/2025\/04\/curved-5.jpg 1080w\" sizes=\"(max-width: 800px) 100vw, 800px\" \/>\t\t\t\t\t\t\t\t\t\t\t\t\t\t\t<\/div>\n\t\t\t\t<\/div>\n\t\t\t\t<div class=\"elementor-element elementor-element-85eebbf elementor-widget elementor-widget-heading\" data-id=\"85eebbf\" data-element_type=\"widget\" data-e-type=\"widget\" data-widget_type=\"heading.default\">\n\t\t\t\t<div class=\"elementor-widget-container\">\n\t\t\t\t\t<h2 class=\"elementor-heading-title elementor-size-default\">F\u0102R\u0102 CONSTRUC\u021aIE VIZIBIL\u0102<\/h2>\t\t\t\t<\/div>\n\t\t\t\t<\/div>\n\t\t\t\t<\/div>\n\t\t<div class=\"elementor-element elementor-element-56c6f0a e-con-full e-flex e-con e-child\" data-id=\"56c6f0a\" data-element_type=\"container\" data-e-type=\"container\">\n\t\t\t\t<div class=\"elementor-element elementor-element-f7f3384 elementor-widget elementor-widget-image\" data-id=\"f7f3384\" data-element_type=\"widget\" data-e-type=\"widget\" data-widget_type=\"image.default\">\n\t\t\t\t<div class=\"elementor-widget-container\">\n\t\t\t\t\t\t\t\t\t\t\t\t\t\t\t<img loading=\"lazy\" decoding=\"async\" width=\"800\" height=\"800\" src=\"https:\/\/tgrupcam.com\/wp-content\/uploads\/2025\/04\/curved-6-1024x1024.jpg\" class=\"attachment-large size-large wp-image-1792\" alt=\"\" srcset=\"https:\/\/tgrupcam.com\/wp-content\/uploads\/2025\/04\/curved-6-1024x1024.jpg 1024w, https:\/\/tgrupcam.com\/wp-content\/uploads\/2025\/04\/curved-6-300x300.jpg 300w, https:\/\/tgrupcam.com\/wp-content\/uploads\/2025\/04\/curved-6-150x150.jpg 150w, https:\/\/tgrupcam.com\/wp-content\/uploads\/2025\/04\/curved-6-768x768.jpg 768w, https:\/\/tgrupcam.com\/wp-content\/uploads\/2025\/04\/curved-6-650x650.jpg 650w, https:\/\/tgrupcam.com\/wp-content\/uploads\/2025\/04\/curved-6.jpg 1080w\" sizes=\"(max-width: 800px) 100vw, 800px\" \/>\t\t\t\t\t\t\t\t\t\t\t\t\t\t\t<\/div>\n\t\t\t\t<\/div>\n\t\t\t\t<div class=\"elementor-element elementor-element-2b05f91 elementor-widget elementor-widget-heading\" data-id=\"2b05f91\" data-element_type=\"widget\" data-e-type=\"widget\" data-widget_type=\"heading.default\">\n\t\t\t\t<div class=\"elementor-widget-container\">\n\t\t\t\t\t<h2 class=\"elementor-heading-title elementor-size-default\">ASPECT ESTETIC, INTIMITATE \u0218I CAMERE BINE LUMINATE<\/h2>\t\t\t\t<\/div>\n\t\t\t\t<\/div>\n\t\t\t\t<\/div>\n\t\t\t\t\t<\/div>\n\t\t\t\t<\/div>\n\t\t<div class=\"elementor-element elementor-element-3d0d26ba e-flex e-con-boxed e-con e-parent\" data-id=\"3d0d26ba\" data-element_type=\"container\" data-e-type=\"container\" data-settings=\"{&quot;background_background&quot;:&quot;classic&quot;,&quot;background_motion_fx_motion_fx_scrolling&quot;:&quot;yes&quot;,&quot;background_motion_fx_translateY_effect&quot;:&quot;yes&quot;,&quot;background_motion_fx_translateY_speed&quot;:{&quot;unit&quot;:&quot;px&quot;,&quot;size&quot;:4,&quot;sizes&quot;:[]},&quot;background_motion_fx_translateY_affectedRange&quot;:{&quot;unit&quot;:&quot;%&quot;,&quot;size&quot;:&quot;&quot;,&quot;sizes&quot;:{&quot;start&quot;:0,&quot;end&quot;:100}},&quot;background_motion_fx_devices&quot;:[&quot;desktop&quot;,&quot;tablet&quot;,&quot;mobile&quot;]}\">\n\t\t\t\t\t<div class=\"e-con-inner\">\n\t\t\t\t\t<\/div>\n\t\t\t\t<\/div>\n\t\t<div class=\"elementor-element elementor-element-41682cdf e-flex e-con-boxed e-con e-parent\" data-id=\"41682cdf\" data-element_type=\"container\" data-e-type=\"container\" data-settings=\"{&quot;background_background&quot;:&quot;classic&quot;,&quot;background_motion_fx_motion_fx_scrolling&quot;:&quot;yes&quot;,&quot;background_motion_fx_translateY_effect&quot;:&quot;yes&quot;,&quot;background_motion_fx_translateY_speed&quot;:{&quot;unit&quot;:&quot;px&quot;,&quot;size&quot;:4,&quot;sizes&quot;:[]},&quot;background_motion_fx_translateY_affectedRange&quot;:{&quot;unit&quot;:&quot;%&quot;,&quot;size&quot;:&quot;&quot;,&quot;sizes&quot;:{&quot;start&quot;:0,&quot;end&quot;:100}},&quot;background_motion_fx_devices&quot;:[&quot;desktop&quot;,&quot;tablet&quot;,&quot;mobile&quot;]}\">\n\t\t\t\t\t<div class=\"e-con-inner\">\n\t\t\t\t<div class=\"elementor-element elementor-element-13d4eeb3 elementor-widget elementor-widget-heading\" data-id=\"13d4eeb3\" data-element_type=\"widget\" data-e-type=\"widget\" data-widget_type=\"heading.default\">\n\t\t\t\t<div class=\"elementor-widget-container\">\n\t\t\t\t\t<h2 class=\"elementor-heading-title elementor-size-default\">Ne modific\u0103m constant procesele de fabrica\u021bie \u0219i schimb\u0103m obiceiurile pentru a limita efectul negativ asupra mediului.<\/h2>\t\t\t\t<\/div>\n\t\t\t\t<\/div>\n\t\t\t\t<div class=\"elementor-element elementor-element-1a543eff elementor-widget elementor-widget-text-editor\" data-id=\"1a543eff\" data-element_type=\"widget\" data-e-type=\"widget\" data-widget_type=\"text-editor.default\">\n\t\t\t\t<div class=\"elementor-widget-container\">\n\t\t\t\t\t\t\t\t\t<p>Pentru a facilita schimb\u0103rile, am adoptat ISO 14001, sistemul de management mondial pentru protec\u021bia mediului.<\/p>\n\t\t\t\t\t\t\t\t<\/div>\n\t\t\t\t<\/div>\n\t\t\t\t<div class=\"elementor-element elementor-element-1d9dc4a2 elementor-align-center elementor-widget elementor-widget-button\" data-id=\"1d9dc4a2\" data-element_type=\"widget\" data-e-type=\"widget\" data-widget_type=\"button.default\">\n\t\t\t\t<div class=\"elementor-widget-container\">\n\t\t\t\t\t\t\t\t\t<div class=\"elementor-button-wrapper\">\n\t\t\t\t\t<a class=\"elementor-button elementor-button-link elementor-size-sm\" href=\"https:\/\/tgrupcam.com\/index.php\/kontakto\/?lang=ro\">\n\t\t\t\t\t\t<span class=\"elementor-button-content-wrapper\">\n\t\t\t\t\t\t\t\t\t<span class=\"elementor-button-text\">Contacta\u021bi-ne<\/span>\n\t\t\t\t\t<\/span>\n\t\t\t\t\t<\/a>\n\t\t\t\t<\/div>\n\t\t\t\t\t\t\t\t<\/div>\n\t\t\t\t<\/div>\n\t\t\t\t\t<\/div>\n\t\t\t\t<\/div>\n\t\t\t\t<\/div>\n\t\t","protected":false},"excerpt":{"rendered":"<p>STICL\u0102 RECOAPT\u0102 CURBAT\u0102 DESPRE STICLA RECOAPT\u0102 CURBAT\u0102 La T Grup Cam, sticla noastr\u0103 curbat\u0103 recoapt\u0103 ofer\u0103 solu\u021bii de ultim\u0103 genera\u021bie din sticl\u0103 curbat\u0103 \u0219i dimensional\u0103, combin\u00e2nd estetica cu func\u021bionalitatea pentru aplica\u021bii arhitecturale \u0219i de design moderne. Fabricat\u0103 cu tehnologie avansat\u0103 de \u00eendoire \u0219i modelare, sticla noastr\u0103 recoapt\u0103 curbat\u0103 ofer\u0103 o integrare perfect\u0103 \u00een suprafe\u021bele curbate, [&hellip;]<\/p>\n","protected":false},"author":1,"featured_media":0,"parent":2505,"menu_order":0,"comment_status":"closed","ping_status":"closed","template":"elementor_header_footer","meta":{"footnotes":""},"class_list":["post-2506","page","type-page","status-publish","hentry"],"_links":{"self":[{"href":"https:\/\/tgrupcam.com\/index.php\/wp-json\/wp\/v2\/pages\/2506","targetHints":{"allow":["GET"]}}],"collection":[{"href":"https:\/\/tgrupcam.com\/index.php\/wp-json\/wp\/v2\/pages"}],"about":[{"href":"https:\/\/tgrupcam.com\/index.php\/wp-json\/wp\/v2\/types\/page"}],"author":[{"embeddable":true,"href":"https:\/\/tgrupcam.com\/index.php\/wp-json\/wp\/v2\/users\/1"}],"replies":[{"embeddable":true,"href":"https:\/\/tgrupcam.com\/index.php\/wp-json\/wp\/v2\/comments?post=2506"}],"version-history":[{"count":0,"href":"https:\/\/tgrupcam.com\/index.php\/wp-json\/wp\/v2\/pages\/2506\/revisions"}],"up":[{"embeddable":true,"href":"https:\/\/tgrupcam.com\/index.php\/wp-json\/wp\/v2\/pages\/2505"}],"wp:attachment":[{"href":"https:\/\/tgrupcam.com\/index.php\/wp-json\/wp\/v2\/media?parent=2506"}],"curies":[{"name":"wp","href":"https:\/\/api.w.org\/{rel}","templated":true}]}}