{"id":2507,"date":"2025-02-05T11:54:35","date_gmt":"2025-02-05T08:54:35","guid":{"rendered":"https:\/\/tgrupcam.com\/index.php\/marktangebot\/spezialglas\/gehaertetes-waermeverstaerktes-glas\/"},"modified":"2025-06-04T14:25:51","modified_gmt":"2025-06-04T11:25:51","slug":"gehaertetes-waermeverstaerktes-glas","status":"publish","type":"page","link":"https:\/\/tgrupcam.com\/index.php\/marktangebot\/spezialglas\/gehaertetes-waermeverstaerktes-glas\/?lang=de","title":{"rendered":"Geh\u00e4rtetes w\u00e4rmeverst\u00e4rktes Glas"},"content":{"rendered":"\t\t<div data-elementor-type=\"wp-page\" data-elementor-id=\"2507\" class=\"elementor elementor-2507 elementor-39\" data-elementor-post-type=\"page\">\n\t\t\t\t<div class=\"elementor-element elementor-element-3db56536 e-con-full e-flex e-con e-parent\" data-id=\"3db56536\" data-element_type=\"container\" data-e-type=\"container\" data-settings=\"{&quot;background_background&quot;:&quot;classic&quot;,&quot;shape_divider_bottom&quot;:&quot;opacity-fan&quot;}\">\n\t\t\t\t<div class=\"elementor-shape elementor-shape-bottom\" aria-hidden=\"true\" data-negative=\"false\">\n\t\t\t<svg xmlns=\"http:\/\/www.w3.org\/2000\/svg\" viewBox=\"0 0 283.5 19.6\" preserveAspectRatio=\"none\">\n\t<path class=\"elementor-shape-fill\" style=\"opacity:0.33\" d=\"M0 0L0 18.8 141.8 4.1 283.5 18.8 283.5 0z\"\/>\n\t<path class=\"elementor-shape-fill\" style=\"opacity:0.33\" d=\"M0 0L0 12.6 141.8 4 283.5 12.6 283.5 0z\"\/>\n\t<path class=\"elementor-shape-fill\" style=\"opacity:0.33\" d=\"M0 0L0 6.4 141.8 4 283.5 6.4 283.5 0z\"\/>\n\t<path class=\"elementor-shape-fill\" d=\"M0 0L0 1.2 141.8 4 283.5 1.2 283.5 0z\"\/>\n<\/svg>\t\t<\/div>\n\t\t\t\t<div class=\"elementor-element elementor-element-104dce8 elementor-widget elementor-widget-heading\" data-id=\"104dce8\" data-element_type=\"widget\" data-e-type=\"widget\" data-widget_type=\"heading.default\">\n\t\t\t\t<div class=\"elementor-widget-container\">\n\t\t\t\t\t<h2 class=\"elementor-heading-title elementor-size-default\">GEH\u00c4RTET WARMGEHALTEN<\/h2>\t\t\t\t<\/div>\n\t\t\t\t<\/div>\n\t\t\t\t<\/div>\n\t\t<div class=\"elementor-element elementor-element-62a08aa e-flex e-con-boxed e-con e-parent\" data-id=\"62a08aa\" data-element_type=\"container\" data-e-type=\"container\">\n\t\t\t\t\t<div class=\"e-con-inner\">\n\t\t\t\t<div class=\"elementor-element elementor-element-33f3c9e2 elementor-widget elementor-widget-heading\" data-id=\"33f3c9e2\" data-element_type=\"widget\" data-e-type=\"widget\" data-widget_type=\"heading.default\">\n\t\t\t\t<div class=\"elementor-widget-container\">\n\t\t\t\t\t<h2 class=\"elementor-heading-title elementor-size-default\">\u00dcBER GEH\u00c4RTETES W\u00c4RMEGEH\u00c4RTETES GLAS<\/h2>\t\t\t\t<\/div>\n\t\t\t\t<\/div>\n\t\t\t\t<div class=\"elementor-element elementor-element-59846ab1 elementor-widget elementor-widget-text-editor\" data-id=\"59846ab1\" data-element_type=\"widget\" data-e-type=\"widget\" data-widget_type=\"text-editor.default\">\n\t\t\t\t<div class=\"elementor-widget-container\">\n\t\t\t\t\t\t\t\t\t<p data-start=\"47\" data-end=\"468\">Bei <strong data-start=\"50\" data-end=\"64\">T Grup Cam<\/strong> ist unser <strong data-start=\"70\" data-end=\"109\">geh\u00e4rtetes und w\u00e4rmeverst\u00e4rktes Glas<\/strong> auf <strong data-start=\"126\" data-end=\"167\">hohe Festigkeit, Haltbarkeit und Sicherheit<\/strong> ausgelegt, was es zu einer unverzichtbaren Wahl f\u00fcr <strong data-start=\"203\" data-end=\"254\" data-is-only-node=\"\">moderne Architektur und industrielle Anwendungen<\/strong> macht. Unser Glas wird durch einen <strong data-start=\"275\" data-end=\"327\">kontrollierten thermischen oder chemischen Behandlungsprozess<\/strong> hergestellt und bietet <strong data-start=\"346\" data-end=\"408\">eine \u00fcberlegene Best\u00e4ndigkeit gegen St\u00f6\u00dfe, Hitze und mechanische Beanspruchung<\/strong> bei gleichzeitiger Gew\u00e4hrleistung <strong data-start=\"424\" data-end=\"465\">langfristiger Zuverl\u00e4ssigkeit und Leistung<\/strong>. <\/p>\n<p data-start=\"470\" data-end=\"489\"><strong data-start=\"474\" data-end=\"487\">N\u00fctzt:<\/strong><\/p>\n<p data-start=\"491\" data-end=\"1051\">\u2705 <strong data-start=\"493\" data-end=\"510\">Hohe Festigkeit<\/strong> \u2013 Bis zu <strong data-start=\"519\" data-end=\"539\">5-mal st\u00e4rker<\/strong> als Standardglas und bietet eine hervorragende <strong data-start=\"579\" data-end=\"600\">Schlagfestigkeit<\/strong>.<br data-start=\"601\" data-end=\"604\" data-is-only-node=\"\">\u2705 <strong data-start=\"606\" data-end=\"627\">Sicherheit<\/strong> \u2013 Wenn es zerbrochen ist, zerbricht es in <strong data-start=\"660\" data-end=\"683\">kleine, stumpfe St\u00fccke,<\/strong> wodurch <strong data-start=\"696\" data-end=\"711\">das Verletzungsrisiko<\/strong> minimiert wird.<br data-start=\"712\" data-end=\"715\">\u2705 <strong data-start=\"717\" data-end=\"752\">Hitze- und Temperaturwechselbest\u00e4ndigkeit<\/strong> \u2013 H\u00e4lt <strong data-start=\"766\" data-end=\"809\">extremen Temperaturen und pl\u00f6tzlichen Ver\u00e4nderungen<\/strong> stand, ohne zu brechen.<br data-start=\"827\" data-end=\"830\">\u2705 <strong data-start=\"832\" data-end=\"858\">Vielseitige Anwendungen<\/strong> \u2013 Ideal f\u00fcr <strong data-start=\"871\" data-end=\"925\">Fenster, T\u00fcren, Fassaden, Trennw\u00e4nde und M\u00f6bel<\/strong>.<br data-start=\"926\" data-end=\"929\">\u2705 <strong data-start=\"931\" data-end=\"955\">Anpassbare Optionen<\/strong> \u2013 Erh\u00e4ltlich in <strong data-start=\"971\" data-end=\"1015\">verschiedenen Dicken, Beschichtungen und Gr\u00f6\u00dfen,<\/strong> um <strong data-start=\"1024\" data-end=\"1048\">die Projektanforderungen<\/strong> zu erf\u00fcllen.<\/p>\n<p data-start=\"1053\" data-end=\"1076\"><strong data-start=\"1057\" data-end=\"1074\">Antr\u00e4ge:<\/strong><\/p>\n<ul data-start=\"1078\" data-end=\"1335\">\n<li data-start=\"1078\" data-end=\"1123\"><strong data-start=\"1080\" data-end=\"1121\">Architektonische Fassaden &amp; Vorhangfassaden<\/strong><\/li>\n<li data-start=\"1124\" data-end=\"1167\"><strong data-start=\"1126\" data-end=\"1165\">Innentrennw\u00e4nde &amp; B\u00fcror\u00e4ume<\/strong><\/li>\n<li data-start=\"1168\" data-end=\"1210\"><strong data-start=\"1170\" data-end=\"1208\">Balustraden, Gel\u00e4nder &amp; Treppen<\/strong><\/li>\n<li data-start=\"1211\" data-end=\"1253\"><strong data-start=\"1213\" data-end=\"1251\">Duschabtrennungen &amp; Badglas<\/strong><\/li>\n<li data-start=\"1254\" data-end=\"1295\"><strong data-start=\"1256\" data-end=\"1293\">Automobil- und Transportglas<\/strong><\/li>\n<li data-start=\"1296\" data-end=\"1335\"><strong data-start=\"1298\" data-end=\"1333\">Einzelhandels- und Gewerbeschaufenster<\/strong><\/li>\n<\/ul>\n\t\t\t\t\t\t\t\t<\/div>\n\t\t\t\t<\/div>\n\t\t\t\t<div class=\"elementor-element elementor-element-31ee18fa elementor-widget elementor-widget-heading\" data-id=\"31ee18fa\" data-element_type=\"widget\" data-e-type=\"widget\" data-widget_type=\"heading.default\">\n\t\t\t\t<div class=\"elementor-widget-container\">\n\t\t\t\t\t<h2 class=\"elementor-heading-title elementor-size-default\">VORTEILE<\/h2>\t\t\t\t<\/div>\n\t\t\t\t<\/div>\n\t\t\t\t<div class=\"elementor-element elementor-element-4c273050 elementor-position-left elementor-vertical-align-middle elementor-widget elementor-widget-image-box\" data-id=\"4c273050\" data-element_type=\"widget\" data-e-type=\"widget\" data-widget_type=\"image-box.default\">\n\t\t\t\t<div class=\"elementor-widget-container\">\n\t\t\t\t\t<div class=\"elementor-image-box-wrapper\"><figure class=\"elementor-image-box-img\"><img fetchpriority=\"high\" decoding=\"async\" width=\"1080\" height=\"1080\" src=\"https:\/\/tgrupcam.com\/wp-content\/uploads\/2025\/04\/taughened-glass-1.jpg\" class=\"attachment-full size-full wp-image-2427\" alt=\"\" srcset=\"https:\/\/tgrupcam.com\/wp-content\/uploads\/2025\/04\/taughened-glass-1.jpg 1080w, https:\/\/tgrupcam.com\/wp-content\/uploads\/2025\/04\/taughened-glass-1-300x300.jpg 300w, https:\/\/tgrupcam.com\/wp-content\/uploads\/2025\/04\/taughened-glass-1-1024x1024.jpg 1024w, https:\/\/tgrupcam.com\/wp-content\/uploads\/2025\/04\/taughened-glass-1-150x150.jpg 150w, https:\/\/tgrupcam.com\/wp-content\/uploads\/2025\/04\/taughened-glass-1-768x768.jpg 768w, https:\/\/tgrupcam.com\/wp-content\/uploads\/2025\/04\/taughened-glass-1-650x650.jpg 650w\" sizes=\"(max-width: 1080px) 100vw, 1080px\" \/><\/figure><div class=\"elementor-image-box-content\"><h3 class=\"elementor-image-box-title\">Schutz vor Verletzungen durch Glasbruch<\/h3><p class=\"elementor-image-box-description\">Minimiert das Verletzungsrisiko, indem es beim Aufprall in kleine, stumpfe St\u00fccke zerbricht.<\/p><\/div><\/div>\t\t\t\t<\/div>\n\t\t\t\t<\/div>\n\t\t\t\t<div class=\"elementor-element elementor-element-2b3f137c elementor-position-left elementor-vertical-align-middle elementor-widget elementor-widget-image-box\" data-id=\"2b3f137c\" data-element_type=\"widget\" data-e-type=\"widget\" data-widget_type=\"image-box.default\">\n\t\t\t\t<div class=\"elementor-widget-container\">\n\t\t\t\t\t<div class=\"elementor-image-box-wrapper\"><figure class=\"elementor-image-box-img\"><img decoding=\"async\" width=\"1080\" height=\"1080\" src=\"https:\/\/tgrupcam.com\/wp-content\/uploads\/2025\/04\/taughened-glass-2.jpg\" class=\"attachment-full size-full wp-image-2438\" alt=\"\" srcset=\"https:\/\/tgrupcam.com\/wp-content\/uploads\/2025\/04\/taughened-glass-2.jpg 1080w, https:\/\/tgrupcam.com\/wp-content\/uploads\/2025\/04\/taughened-glass-2-300x300.jpg 300w, https:\/\/tgrupcam.com\/wp-content\/uploads\/2025\/04\/taughened-glass-2-1024x1024.jpg 1024w, https:\/\/tgrupcam.com\/wp-content\/uploads\/2025\/04\/taughened-glass-2-150x150.jpg 150w, https:\/\/tgrupcam.com\/wp-content\/uploads\/2025\/04\/taughened-glass-2-768x768.jpg 768w, https:\/\/tgrupcam.com\/wp-content\/uploads\/2025\/04\/taughened-glass-2-650x650.jpg 650w\" sizes=\"(max-width: 1080px) 100vw, 1080px\" \/><\/figure><div class=\"elementor-image-box-content\"><h3 class=\"elementor-image-box-title\">Hohe Biegefestigkeit<\/h3><p class=\"elementor-image-box-description\">Bietet eine au\u00dfergew\u00f6hnliche Best\u00e4ndigkeit gegen Biegung und mechanische Beanspruchung.<\/p><\/div><\/div>\t\t\t\t<\/div>\n\t\t\t\t<\/div>\n\t\t\t\t<div class=\"elementor-element elementor-element-40ed957c elementor-position-left elementor-vertical-align-middle elementor-widget elementor-widget-image-box\" data-id=\"40ed957c\" data-element_type=\"widget\" data-e-type=\"widget\" data-widget_type=\"image-box.default\">\n\t\t\t\t<div class=\"elementor-widget-container\">\n\t\t\t\t\t<div class=\"elementor-image-box-wrapper\"><figure class=\"elementor-image-box-img\"><img decoding=\"async\" width=\"1080\" height=\"1080\" src=\"https:\/\/tgrupcam.com\/wp-content\/uploads\/2025\/04\/taughened-glass-3.jpg\" class=\"attachment-full size-full wp-image-2449\" alt=\"\" srcset=\"https:\/\/tgrupcam.com\/wp-content\/uploads\/2025\/04\/taughened-glass-3.jpg 1080w, https:\/\/tgrupcam.com\/wp-content\/uploads\/2025\/04\/taughened-glass-3-300x300.jpg 300w, https:\/\/tgrupcam.com\/wp-content\/uploads\/2025\/04\/taughened-glass-3-1024x1024.jpg 1024w, https:\/\/tgrupcam.com\/wp-content\/uploads\/2025\/04\/taughened-glass-3-150x150.jpg 150w, https:\/\/tgrupcam.com\/wp-content\/uploads\/2025\/04\/taughened-glass-3-768x768.jpg 768w, https:\/\/tgrupcam.com\/wp-content\/uploads\/2025\/04\/taughened-glass-3-650x650.jpg 650w\" sizes=\"(max-width: 1080px) 100vw, 1080px\" \/><\/figure><div class=\"elementor-image-box-content\"><h3 class=\"elementor-image-box-title\">Best\u00e4ndig gegen Temperaturschock<\/h3><p class=\"elementor-image-box-description\">Minimiert W\u00e4rmeverluste, senkt den Energieverbrauch und die Heizkosten.<\/p><\/div><\/div>\t\t\t\t<\/div>\n\t\t\t\t<\/div>\n\t\t\t\t\t<\/div>\n\t\t\t\t<\/div>\n\t\t<div class=\"elementor-element elementor-element-79f5ec1d e-flex e-con-boxed e-con e-parent\" data-id=\"79f5ec1d\" data-element_type=\"container\" data-e-type=\"container\" data-settings=\"{&quot;background_background&quot;:&quot;classic&quot;,&quot;background_motion_fx_motion_fx_scrolling&quot;:&quot;yes&quot;,&quot;background_motion_fx_translateY_effect&quot;:&quot;yes&quot;,&quot;background_motion_fx_translateY_speed&quot;:{&quot;unit&quot;:&quot;px&quot;,&quot;size&quot;:4,&quot;sizes&quot;:[]},&quot;background_motion_fx_translateY_affectedRange&quot;:{&quot;unit&quot;:&quot;%&quot;,&quot;size&quot;:&quot;&quot;,&quot;sizes&quot;:{&quot;start&quot;:0,&quot;end&quot;:100}},&quot;background_motion_fx_devices&quot;:[&quot;desktop&quot;,&quot;tablet&quot;,&quot;mobile&quot;]}\">\n\t\t\t\t\t<div class=\"e-con-inner\">\n\t\t\t\t\t<\/div>\n\t\t\t\t<\/div>\n\t\t<div class=\"elementor-element elementor-element-352cdb09 e-flex e-con-boxed e-con e-parent\" data-id=\"352cdb09\" data-element_type=\"container\" data-e-type=\"container\" data-settings=\"{&quot;background_background&quot;:&quot;classic&quot;}\">\n\t\t\t\t\t<div class=\"e-con-inner\">\n\t\t\t\t<div class=\"elementor-element elementor-element-53b51dec elementor-widget elementor-widget-heading\" data-id=\"53b51dec\" data-element_type=\"widget\" data-e-type=\"widget\" data-widget_type=\"heading.default\">\n\t\t\t\t<div class=\"elementor-widget-container\">\n\t\t\t\t\t<h2 class=\"elementor-heading-title elementor-size-default\">Gerichtetes H\u00e4rten &amp; w\u00e4rmeverst\u00e4rktes Glas<\/h2>\t\t\t\t<\/div>\n\t\t\t\t<\/div>\n\t\t\t\t<div class=\"elementor-element elementor-element-4140c99d elementor-widget elementor-widget-text-editor\" data-id=\"4140c99d\" data-element_type=\"widget\" data-e-type=\"widget\" data-widget_type=\"text-editor.default\">\n\t\t\t\t<div class=\"elementor-widget-container\">\n\t\t\t\t\t\t\t\t\t<p>Bei <strong>T Grup Cam<\/strong> legen wir gro\u00dfen Wert auf <strong>Qualit\u00e4t, Pr\u00e4zision und Transparenz<\/strong> in unseren Fertigungsprozessen. Eine der nat\u00fcrlichen Auswirkungen des <strong>Vorspannprozesses<\/strong> ist das Auftreten von <strong>Glaswelligkeit<\/strong>, eine inh\u00e4rente Eigenschaft, die bei der Gestaltung <strong>von Fassaden und gro\u00dfen Glasfl\u00e4chen<\/strong> ber\u00fccksichtigt werden sollte. <\/p>\n<p><strong>Gerichtete H\u00e4rtung<\/strong><\/p>\n<p>Um die <strong>visuelle Verzerrung<\/strong> von reflektierten Bildern an Fassaden zu minimieren, empfehlen wir eine <strong>gerichtete Vorspannung<\/strong>. Das bedeutet, dass der <strong>Welleneffekt senkrecht<\/strong> zu dieser Dimension verl\u00e4uft, wenn das Glas <strong>entlang seiner H\u00f6he geh\u00e4rtet<\/strong> wird. Das Verst\u00e4ndnis und die Anwendung <strong>der richtigen Vorspannausrichtung<\/strong> gew\u00e4hrleisten <strong>eine bessere visuelle Konsistenz<\/strong> in architektonischen Entw\u00fcrfen.  <\/p>\n<p><strong>W\u00e4rmeverst\u00e4rktes Glas<\/strong><\/p>\n<p><strong>Heat Reinforced Glass (TVG)<\/strong> unterscheidet sich von <strong>vollgeh\u00e4rtetem Glas<\/strong> durch sein <strong>Bruchbild<\/strong>. Im Falle einer Besch\u00e4digung <strong>verbleibt TVG im Rahmen<\/strong>, wodurch das Verletzungsrisiko verringert und die strukturelle Integrit\u00e4t erhalten bleibt. <\/p>\n<p>\ud83d\udd39 <strong>Hauptmerkmale von w\u00e4rmeverst\u00e4rktem Glas:<\/strong><br \/>\u2705 <strong>St\u00e4rker als gegl\u00fchtes Glas, aber weniger spr\u00f6de als geh\u00e4rtetes Glas<\/strong><br \/>\u2705 <strong>H\u00e4lt Fragmente nach einem Bruch im Rahmen zur\u00fcck<\/strong><br \/>\u2705 <strong>Ideal f\u00fcr Anwendungen, bei denen ein kontrollierter Bruch erforderlich ist<\/strong><br \/>\u2705 <strong>Nicht als Sicherheitsglas eingestuft, bietet aber eine erh\u00f6hte Haltbarkeit<\/strong><\/p>\n<p>Aufgrund seiner <strong>einzigartigen Eigenschaften<\/strong> wird <strong>vorgespanntes Glas<\/strong> zu einer bevorzugten Alternative zu <strong>vorgespanntem Glas<\/strong> in spezifischen Architektur- und Verglasungsanwendungen. Bei <strong>T Grup Cam<\/strong> bieten wir <strong>fachkundige Beratung und ma\u00dfgeschneiderte L\u00f6sungen<\/strong> , um die beste Glasauswahl f\u00fcr Ihre Projekte zu gew\u00e4hrleisten. <\/p>\n\t\t\t\t\t\t\t\t<\/div>\n\t\t\t\t<\/div>\n\t\t\t\t\t<\/div>\n\t\t\t\t<\/div>\n\t\t<div class=\"elementor-element elementor-element-5dcc442f e-flex e-con-boxed e-con e-parent\" data-id=\"5dcc442f\" data-element_type=\"container\" data-e-type=\"container\">\n\t\t\t\t\t<div class=\"e-con-inner\">\n\t\t\t\t<div class=\"elementor-element elementor-element-4f4bee51 elementor-widget elementor-widget-heading\" data-id=\"4f4bee51\" data-element_type=\"widget\" data-e-type=\"widget\" data-widget_type=\"heading.default\">\n\t\t\t\t<div class=\"elementor-widget-container\">\n\t\t\t\t\t<h2 class=\"elementor-heading-title elementor-size-default\">WAS WIR ANBIETEN K\u00d6NNEN<\/h2>\t\t\t\t<\/div>\n\t\t\t\t<\/div>\n\t\t\t\t<div class=\"elementor-element elementor-element-7c2243d4 elementor-widget elementor-widget-text-editor\" data-id=\"7c2243d4\" data-element_type=\"widget\" data-e-type=\"widget\" data-widget_type=\"text-editor.default\">\n\t\t\t\t<div class=\"elementor-widget-container\">\n\t\t\t\t\t\t\t\t\t<table>\n<tbody>\n<tr>\n<td><strong>Vorspanntyp<\/strong><\/td>\n<td><strong>Glasdicke<br \/>[mm]<\/strong><\/td>\n<td><strong>Mindestma\u00dfe<br \/>[mm]<\/strong><\/td>\n<td><strong>Maximalma\u00dfe<br \/>[mm] T-Thermofloat<\/strong><\/td>\n<\/tr>\n<tr>\n<td rowspan=\"3\">Standard<\/td>\n<td>4<\/td>\n<td>100\u00d7250<\/td>\n<td>3210&#215;4500<\/td>\n<\/tr>\n<tr>\n<td>\u00a0<\/td>\n<td>\u00a0<\/td>\n<td>\u00a0<\/td>\n<td>\u00a0<\/td>\n<\/tr>\n<tr>\n<td>5-19<\/td>\n<td>100\u00d7250<\/td>\n<td>3210\u00d79000<\/td>\n<\/tr>\n<\/tbody>\n<\/table>\n\t\t\t\t\t\t\t\t<\/div>\n\t\t\t\t<\/div>\n\t\t\t\t\t<\/div>\n\t\t\t\t<\/div>\n\t\t<div class=\"elementor-element elementor-element-457d22c3 e-flex e-con-boxed e-con e-parent\" data-id=\"457d22c3\" data-element_type=\"container\" data-e-type=\"container\" data-settings=\"{&quot;background_background&quot;:&quot;classic&quot;,&quot;background_motion_fx_motion_fx_scrolling&quot;:&quot;yes&quot;,&quot;background_motion_fx_translateY_effect&quot;:&quot;yes&quot;,&quot;background_motion_fx_translateY_speed&quot;:{&quot;unit&quot;:&quot;px&quot;,&quot;size&quot;:4,&quot;sizes&quot;:[]},&quot;background_motion_fx_translateY_affectedRange&quot;:{&quot;unit&quot;:&quot;%&quot;,&quot;size&quot;:&quot;&quot;,&quot;sizes&quot;:{&quot;start&quot;:0,&quot;end&quot;:100}},&quot;background_motion_fx_devices&quot;:[&quot;desktop&quot;,&quot;tablet&quot;,&quot;mobile&quot;]}\">\n\t\t\t\t\t<div class=\"e-con-inner\">\n\t\t\t\t<div class=\"elementor-element elementor-element-3aae8e53 elementor-widget elementor-widget-heading\" data-id=\"3aae8e53\" data-element_type=\"widget\" data-e-type=\"widget\" data-widget_type=\"heading.default\">\n\t\t\t\t<div class=\"elementor-widget-container\">\n\t\t\t\t\t<h2 class=\"elementor-heading-title elementor-size-default\">Wir \u00e4ndern st\u00e4ndig unsere Herstellungsprozesse und Gewohnheiten, um die negativen Auswirkungen auf die Umwelt zu begrenzen.<\/h2>\t\t\t\t<\/div>\n\t\t\t\t<\/div>\n\t\t\t\t<div class=\"elementor-element elementor-element-32817cd5 elementor-widget elementor-widget-text-editor\" data-id=\"32817cd5\" data-element_type=\"widget\" data-e-type=\"widget\" data-widget_type=\"text-editor.default\">\n\t\t\t\t<div class=\"elementor-widget-container\">\n\t\t\t\t\t\t\t\t\t<p>Um die Ver\u00e4nderungen zu erleichtern, haben wir die ISO 14001 eingef\u00fchrt, das weltweite Managementsystem f\u00fcr den Umweltschutz.<\/p>\n\t\t\t\t\t\t\t\t<\/div>\n\t\t\t\t<\/div>\n\t\t\t\t<div class=\"elementor-element elementor-element-6aa02534 elementor-align-center elementor-widget elementor-widget-button\" data-id=\"6aa02534\" data-element_type=\"widget\" data-e-type=\"widget\" data-widget_type=\"button.default\">\n\t\t\t\t<div class=\"elementor-widget-container\">\n\t\t\t\t\t\t\t\t\t<div class=\"elementor-button-wrapper\">\n\t\t\t\t\t<a class=\"elementor-button elementor-button-link elementor-size-sm\" href=\"https:\/\/tgrupcam.com\/index.php\/kontakt\/?lang=de\">\n\t\t\t\t\t\t<span class=\"elementor-button-content-wrapper\">\n\t\t\t\t\t\t\t\t\t<span class=\"elementor-button-text\">Kontaktieren Sie uns<\/span>\n\t\t\t\t\t<\/span>\n\t\t\t\t\t<\/a>\n\t\t\t\t<\/div>\n\t\t\t\t\t\t\t\t<\/div>\n\t\t\t\t<\/div>\n\t\t\t\t\t<\/div>\n\t\t\t\t<\/div>\n\t\t\t\t<\/div>\n\t\t","protected":false},"excerpt":{"rendered":"<p>GEH\u00c4RTET WARMGEHALTEN \u00dcBER GEH\u00c4RTETES W\u00c4RMEGEH\u00c4RTETES GLAS Bei T Grup Cam ist unser geh\u00e4rtetes und w\u00e4rmeverst\u00e4rktes Glas auf hohe Festigkeit, Haltbarkeit und Sicherheit ausgelegt, was es zu einer unverzichtbaren Wahl f\u00fcr moderne Architektur und industrielle Anwendungen macht. Unser Glas wird durch einen kontrollierten thermischen oder chemischen Behandlungsprozess hergestellt und bietet eine \u00fcberlegene Best\u00e4ndigkeit gegen St\u00f6\u00dfe, Hitze [&hellip;]<\/p>\n","protected":false},"author":1,"featured_media":0,"parent":2470,"menu_order":0,"comment_status":"closed","ping_status":"closed","template":"elementor_header_footer","meta":{"footnotes":""},"class_list":["post-2507","page","type-page","status-publish","hentry"],"_links":{"self":[{"href":"https:\/\/tgrupcam.com\/index.php\/wp-json\/wp\/v2\/pages\/2507","targetHints":{"allow":["GET"]}}],"collection":[{"href":"https:\/\/tgrupcam.com\/index.php\/wp-json\/wp\/v2\/pages"}],"about":[{"href":"https:\/\/tgrupcam.com\/index.php\/wp-json\/wp\/v2\/types\/page"}],"author":[{"embeddable":true,"href":"https:\/\/tgrupcam.com\/index.php\/wp-json\/wp\/v2\/users\/1"}],"replies":[{"embeddable":true,"href":"https:\/\/tgrupcam.com\/index.php\/wp-json\/wp\/v2\/comments?post=2507"}],"version-history":[{"count":0,"href":"https:\/\/tgrupcam.com\/index.php\/wp-json\/wp\/v2\/pages\/2507\/revisions"}],"up":[{"embeddable":true,"href":"https:\/\/tgrupcam.com\/index.php\/wp-json\/wp\/v2\/pages\/2470"}],"wp:attachment":[{"href":"https:\/\/tgrupcam.com\/index.php\/wp-json\/wp\/v2\/media?parent=2507"}],"curies":[{"name":"wp","href":"https:\/\/api.w.org\/{rel}","templated":true}]}}