{"id":2512,"date":"2025-02-05T11:54:35","date_gmt":"2025-02-05T08:54:35","guid":{"rendered":"https:\/\/tgrupcam.com\/index.php\/offre-de-marche\/verre-special\/verre-trempe-resistant-a-la-chaleur\/"},"modified":"2025-06-04T14:55:48","modified_gmt":"2025-06-04T11:55:48","slug":"verre-trempe-resistant-a-la-chaleur","status":"publish","type":"page","link":"https:\/\/tgrupcam.com\/index.php\/offre-de-marche\/verre-special\/verre-trempe-resistant-a-la-chaleur\/?lang=fr","title":{"rendered":"Verre tremp\u00e9 r\u00e9sistant \u00e0 la chaleur"},"content":{"rendered":"\t\t<div data-elementor-type=\"wp-page\" data-elementor-id=\"2512\" class=\"elementor elementor-2512 elementor-39\" data-elementor-post-type=\"page\">\n\t\t\t\t<div class=\"elementor-element elementor-element-3db56536 e-con-full e-flex e-con e-parent\" data-id=\"3db56536\" data-element_type=\"container\" data-e-type=\"container\" data-settings=\"{&quot;background_background&quot;:&quot;classic&quot;,&quot;shape_divider_bottom&quot;:&quot;opacity-fan&quot;}\">\n\t\t\t\t<div class=\"elementor-shape elementor-shape-bottom\" aria-hidden=\"true\" data-negative=\"false\">\n\t\t\t<svg xmlns=\"http:\/\/www.w3.org\/2000\/svg\" viewBox=\"0 0 283.5 19.6\" preserveAspectRatio=\"none\">\n\t<path class=\"elementor-shape-fill\" style=\"opacity:0.33\" d=\"M0 0L0 18.8 141.8 4.1 283.5 18.8 283.5 0z\"\/>\n\t<path class=\"elementor-shape-fill\" style=\"opacity:0.33\" d=\"M0 0L0 12.6 141.8 4 283.5 12.6 283.5 0z\"\/>\n\t<path class=\"elementor-shape-fill\" style=\"opacity:0.33\" d=\"M0 0L0 6.4 141.8 4 283.5 6.4 283.5 0z\"\/>\n\t<path class=\"elementor-shape-fill\" d=\"M0 0L0 1.2 141.8 4 283.5 1.2 283.5 0z\"\/>\n<\/svg>\t\t<\/div>\n\t\t\t\t<div class=\"elementor-element elementor-element-104dce8 elementor-widget elementor-widget-heading\" data-id=\"104dce8\" data-element_type=\"widget\" data-e-type=\"widget\" data-widget_type=\"heading.default\">\n\t\t\t\t<div class=\"elementor-widget-container\">\n\t\t\t\t\t<h2 class=\"elementor-heading-title elementor-size-default\">TREMP\u00c9 R\u00c9SISTANT \u00c0 LA CHALEUR<\/h2>\t\t\t\t<\/div>\n\t\t\t\t<\/div>\n\t\t\t\t<\/div>\n\t\t<div class=\"elementor-element elementor-element-62a08aa e-flex e-con-boxed e-con e-parent\" data-id=\"62a08aa\" data-element_type=\"container\" data-e-type=\"container\">\n\t\t\t\t\t<div class=\"e-con-inner\">\n\t\t\t\t<div class=\"elementor-element elementor-element-33f3c9e2 elementor-widget elementor-widget-heading\" data-id=\"33f3c9e2\" data-element_type=\"widget\" data-e-type=\"widget\" data-widget_type=\"heading.default\">\n\t\t\t\t<div class=\"elementor-widget-container\">\n\t\t\t\t\t<h2 class=\"elementor-heading-title elementor-size-default\">\u00c0 PROPOS DU VERRE TREMP\u00c9 R\u00c9SISTANT \u00c0 LA CHALEUR<\/h2>\t\t\t\t<\/div>\n\t\t\t\t<\/div>\n\t\t\t\t<div class=\"elementor-element elementor-element-59846ab1 elementor-widget elementor-widget-text-editor\" data-id=\"59846ab1\" data-element_type=\"widget\" data-e-type=\"widget\" data-widget_type=\"text-editor.default\">\n\t\t\t\t<div class=\"elementor-widget-container\">\n\t\t\t\t\t\t\t\t\t<p data-start=\"47\" data-end=\"468\">Chez <strong data-start=\"50\" data-end=\"64\">T Grup Cam<\/strong>, notre <strong data-start=\"70\" data-end=\"109\">verre tremp\u00e9 et renforc\u00e9 \u00e0 la chaleur<\/strong> est con\u00e7u pour <strong data-start=\"126\" data-end=\"167\">une r\u00e9sistance, une durabilit\u00e9 et une s\u00e9curit\u00e9 \u00e9lev\u00e9es<\/strong>, ce qui en fait un choix essentiel pour <strong data-start=\"203\" data-end=\"254\" data-is-only-node=\"\">l\u2019architecture moderne et les applications industrielles<\/strong>. Produit par un <strong data-start=\"275\" data-end=\"327\">processus de traitement thermique ou chimique contr\u00f4l\u00e9<\/strong>, notre verre offre une <strong data-start=\"346\" data-end=\"408\">r\u00e9sistance sup\u00e9rieure aux chocs, \u00e0 la chaleur et aux contraintes m\u00e9caniques<\/strong> tout en assurant une <strong data-start=\"424\" data-end=\"465\">fiabilit\u00e9 et des performances \u00e0 long terme<\/strong>. <\/p>\n<p data-start=\"470\" data-end=\"489\"><strong data-start=\"474\" data-end=\"487\">Avantages:<\/strong><\/p>\n<p data-start=\"491\" data-end=\"1051\">\u2705 <strong data-start=\"493\" data-end=\"510\">Haute r\u00e9sistance<\/strong> &#8211; Jusqu\u2019\u00e0 <strong data-start=\"519\" data-end=\"539\">5 fois plus r\u00e9sistant<\/strong> que le verre standard, offrant une <strong data-start=\"579\" data-end=\"600\">r\u00e9sistance sup\u00e9rieure aux chocs<\/strong>.<br data-start=\"601\" data-end=\"604\" data-is-only-node=\"\">\u2705 <strong data-start=\"606\" data-end=\"627\">S\u00fbret\u00e9 et s\u00e9curit\u00e9<\/strong> \u2013 Lorsqu\u2019il est bris\u00e9, il se brise en <strong data-start=\"660\" data-end=\"683\">petits morceaux \u00e9mouss\u00e9s,<\/strong> minimisant ainsi le <strong data-start=\"696\" data-end=\"711\">risque de blessure<\/strong>.<br data-start=\"712\" data-end=\"715\">\u2705 <strong data-start=\"717\" data-end=\"752\">R\u00e9sistance \u00e0 la chaleur et aux chocs thermiques<\/strong> &#8211; R\u00e9siste aux <strong data-start=\"766\" data-end=\"809\">temp\u00e9ratures extr\u00eames et aux changements soudains<\/strong> sans se casser.<br data-start=\"827\" data-end=\"830\">\u2705 <strong data-start=\"832\" data-end=\"858\">Applications polyvalentes<\/strong> &#8211; Id\u00e9al pour <strong data-start=\"871\" data-end=\"925\">les fen\u00eatres, les portes, les fa\u00e7ades, les cloisons et les meubles<\/strong>.<br data-start=\"926\" data-end=\"929\">\u2705 <strong data-start=\"931\" data-end=\"955\">Options personnalisables<\/strong> &#8211; Disponible en <strong data-start=\"971\" data-end=\"1015\">diff\u00e9rentes \u00e9paisseurs, rev\u00eatements et tailles<\/strong> pour r\u00e9pondre aux <strong data-start=\"1024\" data-end=\"1048\">exigences du projet<\/strong>.<\/p>\n<p data-start=\"1053\" data-end=\"1076\"><strong data-start=\"1057\" data-end=\"1074\">Applications:<\/strong><\/p>\n<ul data-start=\"1078\" data-end=\"1335\">\n<li data-start=\"1078\" data-end=\"1123\"><strong data-start=\"1080\" data-end=\"1121\">Fa\u00e7ades architecturales et murs-rideaux<\/strong><\/li>\n<li data-start=\"1124\" data-end=\"1167\"><strong data-start=\"1126\" data-end=\"1165\">Cloisons int\u00e9rieures et espaces de bureau<\/strong><\/li>\n<li data-start=\"1168\" data-end=\"1210\"><strong data-start=\"1170\" data-end=\"1208\">Balustrades, garde-corps et escaliers<\/strong><\/li>\n<li data-start=\"1211\" data-end=\"1253\"><strong data-start=\"1213\" data-end=\"1251\">Cabines de douche et verre de salle de bain<\/strong><\/li>\n<li data-start=\"1254\" data-end=\"1295\"><strong data-start=\"1256\" data-end=\"1293\">Verre pour l\u2019automobile et les transports<\/strong><\/li>\n<li data-start=\"1296\" data-end=\"1335\"><strong data-start=\"1298\" data-end=\"1333\">Magasins de d\u00e9tail et commerciaux<\/strong><\/li>\n<\/ul>\n\t\t\t\t\t\t\t\t<\/div>\n\t\t\t\t<\/div>\n\t\t\t\t<div class=\"elementor-element elementor-element-31ee18fa elementor-widget elementor-widget-heading\" data-id=\"31ee18fa\" data-element_type=\"widget\" data-e-type=\"widget\" data-widget_type=\"heading.default\">\n\t\t\t\t<div class=\"elementor-widget-container\">\n\t\t\t\t\t<h2 class=\"elementor-heading-title elementor-size-default\">AVANTAGES<\/h2>\t\t\t\t<\/div>\n\t\t\t\t<\/div>\n\t\t\t\t<div class=\"elementor-element elementor-element-4c273050 elementor-position-left elementor-vertical-align-middle elementor-widget elementor-widget-image-box\" data-id=\"4c273050\" data-element_type=\"widget\" data-e-type=\"widget\" data-widget_type=\"image-box.default\">\n\t\t\t\t<div class=\"elementor-widget-container\">\n\t\t\t\t\t<div class=\"elementor-image-box-wrapper\"><figure class=\"elementor-image-box-img\"><img fetchpriority=\"high\" decoding=\"async\" width=\"1080\" height=\"1080\" src=\"https:\/\/tgrupcam.com\/wp-content\/uploads\/2025\/04\/taughened-glass-1.jpg\" class=\"attachment-full size-full wp-image-2426\" alt=\"\" srcset=\"https:\/\/tgrupcam.com\/wp-content\/uploads\/2025\/04\/taughened-glass-1.jpg 1080w, https:\/\/tgrupcam.com\/wp-content\/uploads\/2025\/04\/taughened-glass-1-300x300.jpg 300w, https:\/\/tgrupcam.com\/wp-content\/uploads\/2025\/04\/taughened-glass-1-1024x1024.jpg 1024w, https:\/\/tgrupcam.com\/wp-content\/uploads\/2025\/04\/taughened-glass-1-150x150.jpg 150w, https:\/\/tgrupcam.com\/wp-content\/uploads\/2025\/04\/taughened-glass-1-768x768.jpg 768w, https:\/\/tgrupcam.com\/wp-content\/uploads\/2025\/04\/taughened-glass-1-650x650.jpg 650w\" sizes=\"(max-width: 1080px) 100vw, 1080px\" \/><\/figure><div class=\"elementor-image-box-content\"><h3 class=\"elementor-image-box-title\">Protection contre les blessures caus\u00e9es par le bris de verre<\/h3><p class=\"elementor-image-box-description\">Minimise le risque de blessure en se brisant en petits morceaux \u00e9mouss\u00e9s lors de l\u2019impact.<\/p><\/div><\/div>\t\t\t\t<\/div>\n\t\t\t\t<\/div>\n\t\t\t\t<div class=\"elementor-element elementor-element-2b3f137c elementor-position-left elementor-vertical-align-middle elementor-widget elementor-widget-image-box\" data-id=\"2b3f137c\" data-element_type=\"widget\" data-e-type=\"widget\" data-widget_type=\"image-box.default\">\n\t\t\t\t<div class=\"elementor-widget-container\">\n\t\t\t\t\t<div class=\"elementor-image-box-wrapper\"><figure class=\"elementor-image-box-img\"><img decoding=\"async\" width=\"1080\" height=\"1080\" src=\"https:\/\/tgrupcam.com\/wp-content\/uploads\/2025\/04\/taughened-glass-2.jpg\" class=\"attachment-full size-full wp-image-2437\" alt=\"\" srcset=\"https:\/\/tgrupcam.com\/wp-content\/uploads\/2025\/04\/taughened-glass-2.jpg 1080w, https:\/\/tgrupcam.com\/wp-content\/uploads\/2025\/04\/taughened-glass-2-300x300.jpg 300w, https:\/\/tgrupcam.com\/wp-content\/uploads\/2025\/04\/taughened-glass-2-1024x1024.jpg 1024w, https:\/\/tgrupcam.com\/wp-content\/uploads\/2025\/04\/taughened-glass-2-150x150.jpg 150w, https:\/\/tgrupcam.com\/wp-content\/uploads\/2025\/04\/taughened-glass-2-768x768.jpg 768w, https:\/\/tgrupcam.com\/wp-content\/uploads\/2025\/04\/taughened-glass-2-650x650.jpg 650w\" sizes=\"(max-width: 1080px) 100vw, 1080px\" \/><\/figure><div class=\"elementor-image-box-content\"><h3 class=\"elementor-image-box-title\">Haut niveau de r\u00e9sistance \u00e0 la flexion<\/h3><p class=\"elementor-image-box-description\">Offre une r\u00e9sistance exceptionnelle \u00e0 la flexion et aux contraintes m\u00e9caniques.<\/p><\/div><\/div>\t\t\t\t<\/div>\n\t\t\t\t<\/div>\n\t\t\t\t<div class=\"elementor-element elementor-element-40ed957c elementor-position-left elementor-vertical-align-middle elementor-widget elementor-widget-image-box\" data-id=\"40ed957c\" data-element_type=\"widget\" data-e-type=\"widget\" data-widget_type=\"image-box.default\">\n\t\t\t\t<div class=\"elementor-widget-container\">\n\t\t\t\t\t<div class=\"elementor-image-box-wrapper\"><figure class=\"elementor-image-box-img\"><img decoding=\"async\" width=\"1080\" height=\"1080\" src=\"https:\/\/tgrupcam.com\/wp-content\/uploads\/2025\/04\/taughened-glass-3.jpg\" class=\"attachment-full size-full wp-image-2448\" alt=\"\" srcset=\"https:\/\/tgrupcam.com\/wp-content\/uploads\/2025\/04\/taughened-glass-3.jpg 1080w, https:\/\/tgrupcam.com\/wp-content\/uploads\/2025\/04\/taughened-glass-3-300x300.jpg 300w, https:\/\/tgrupcam.com\/wp-content\/uploads\/2025\/04\/taughened-glass-3-1024x1024.jpg 1024w, https:\/\/tgrupcam.com\/wp-content\/uploads\/2025\/04\/taughened-glass-3-150x150.jpg 150w, https:\/\/tgrupcam.com\/wp-content\/uploads\/2025\/04\/taughened-glass-3-768x768.jpg 768w, https:\/\/tgrupcam.com\/wp-content\/uploads\/2025\/04\/taughened-glass-3-650x650.jpg 650w\" sizes=\"(max-width: 1080px) 100vw, 1080px\" \/><\/figure><div class=\"elementor-image-box-content\"><h3 class=\"elementor-image-box-title\">R\u00e9sistant aux chocs thermiques<\/h3><p class=\"elementor-image-box-description\">Minimise les pertes de chaleur, r\u00e9duisant la consommation d\u2019\u00e9nergie et les co\u00fbts de chauffage.<\/p><\/div><\/div>\t\t\t\t<\/div>\n\t\t\t\t<\/div>\n\t\t\t\t\t<\/div>\n\t\t\t\t<\/div>\n\t\t<div class=\"elementor-element elementor-element-79f5ec1d e-flex e-con-boxed e-con e-parent\" data-id=\"79f5ec1d\" data-element_type=\"container\" data-e-type=\"container\" data-settings=\"{&quot;background_background&quot;:&quot;classic&quot;,&quot;background_motion_fx_motion_fx_scrolling&quot;:&quot;yes&quot;,&quot;background_motion_fx_translateY_effect&quot;:&quot;yes&quot;,&quot;background_motion_fx_translateY_speed&quot;:{&quot;unit&quot;:&quot;px&quot;,&quot;size&quot;:4,&quot;sizes&quot;:[]},&quot;background_motion_fx_translateY_affectedRange&quot;:{&quot;unit&quot;:&quot;%&quot;,&quot;size&quot;:&quot;&quot;,&quot;sizes&quot;:{&quot;start&quot;:0,&quot;end&quot;:100}},&quot;background_motion_fx_devices&quot;:[&quot;desktop&quot;,&quot;tablet&quot;,&quot;mobile&quot;]}\">\n\t\t\t\t\t<div class=\"e-con-inner\">\n\t\t\t\t\t<\/div>\n\t\t\t\t<\/div>\n\t\t<div class=\"elementor-element elementor-element-352cdb09 e-flex e-con-boxed e-con e-parent\" data-id=\"352cdb09\" data-element_type=\"container\" data-e-type=\"container\" data-settings=\"{&quot;background_background&quot;:&quot;classic&quot;}\">\n\t\t\t\t\t<div class=\"e-con-inner\">\n\t\t\t\t<div class=\"elementor-element elementor-element-53b51dec elementor-widget elementor-widget-heading\" data-id=\"53b51dec\" data-element_type=\"widget\" data-e-type=\"widget\" data-widget_type=\"heading.default\">\n\t\t\t\t<div class=\"elementor-widget-container\">\n\t\t\t\t\t<h2 class=\"elementor-heading-title elementor-size-default\">Durcissement directionnel et verre renforc\u00e9 \u00e0 la chaleur<\/h2>\t\t\t\t<\/div>\n\t\t\t\t<\/div>\n\t\t\t\t<div class=\"elementor-element elementor-element-4140c99d elementor-widget elementor-widget-text-editor\" data-id=\"4140c99d\" data-element_type=\"widget\" data-e-type=\"widget\" data-widget_type=\"text-editor.default\">\n\t\t\t\t<div class=\"elementor-widget-container\">\n\t\t\t\t\t\t\t\t\t<p>Chez <strong>T Grup Cam<\/strong>, nous privil\u00e9gions <strong>la qualit\u00e9, la pr\u00e9cision et la transparence<\/strong> dans nos processus de fabrication. L\u2019un des effets naturels du <strong>processus de trempe<\/strong> est l\u2019apparition <strong>d\u2019ondulations du verre<\/strong>, une caract\u00e9ristique inh\u00e9rente qui doit \u00eatre prise en compte lors de la conception <strong>de fa\u00e7ades et de grandes surfaces vitr\u00e9es<\/strong>. <\/p>\n<p><strong>Durcissement directionnel<\/strong><\/p>\n<p>Pour minimiser la <strong>distorsion visuelle<\/strong> des images r\u00e9fl\u00e9chies sur les fa\u00e7ades, nous recommandons la <strong>trempe directionnelle<\/strong>. Cela signifie que si le verre est <strong>tremp\u00e9 sur toute sa hauteur<\/strong>, <strong>l\u2019effet d\u2019ondulation sera perpendiculaire<\/strong> \u00e0 cette dimension. La compr\u00e9hension et l\u2019application de <strong>l\u2019orientation appropri\u00e9e de la r\u00e9sistance<\/strong> garantissent <strong>une meilleure coh\u00e9rence visuelle<\/strong> dans les conceptions architecturales.  <\/p>\n<p><strong>Verre renforc\u00e9 \u00e0 la chaleur<\/strong><\/p>\n<p><strong>Le verre renforc\u00e9 \u00e0 la chaleur (TVG)<\/strong> diff\u00e8re du <strong>verre enti\u00e8rement tremp\u00e9<\/strong> en termes de motif de <strong>rupture<\/strong>. En cas de dommage, <strong>le TVG reste dans le cadre<\/strong>, ce qui r\u00e9duit le risque de blessure et maintient l\u2019int\u00e9grit\u00e9 structurelle. <\/p>\n<p>\ud83d\udd39 <strong>Principales caract\u00e9ristiques du verre renforc\u00e9 \u00e0 la chaleur :<\/strong><br \/>\u2705 <strong>Plus r\u00e9sistant que le verre recuit mais moins cassant que le verre tremp\u00e9<\/strong><br \/>\u2705 <strong>Retient les fragments dans le cadre en cas de bris<\/strong><br \/>\u2705 <strong>Id\u00e9al pour les applications o\u00f9 une casse contr\u00f4l\u00e9e est requise<\/strong><br \/>\u2705 <strong>Non class\u00e9 comme verre de s\u00e9curit\u00e9 mais offre une durabilit\u00e9 accrue<\/strong><\/p>\n<p>En raison de ses <strong>propri\u00e9t\u00e9s uniques<\/strong>, le <strong>verre renforc\u00e9 \u00e0 la chaleur<\/strong> devient une alternative privil\u00e9gi\u00e9e au <strong>verre enti\u00e8rement tremp\u00e9<\/strong> dans des applications architecturales et de vitrage sp\u00e9cifiques. Chez <strong>T Grup Cam<\/strong>, nous fournissons des <strong>conseils d\u2019experts et des solutions personnalis\u00e9es<\/strong> pour garantir la meilleure s\u00e9lection de verre pour vos projets. <\/p>\n\t\t\t\t\t\t\t\t<\/div>\n\t\t\t\t<\/div>\n\t\t\t\t\t<\/div>\n\t\t\t\t<\/div>\n\t\t<div class=\"elementor-element elementor-element-5dcc442f e-flex e-con-boxed e-con e-parent\" data-id=\"5dcc442f\" data-element_type=\"container\" data-e-type=\"container\">\n\t\t\t\t\t<div class=\"e-con-inner\">\n\t\t\t\t<div class=\"elementor-element elementor-element-4f4bee51 elementor-widget elementor-widget-heading\" data-id=\"4f4bee51\" data-element_type=\"widget\" data-e-type=\"widget\" data-widget_type=\"heading.default\">\n\t\t\t\t<div class=\"elementor-widget-container\">\n\t\t\t\t\t<h2 class=\"elementor-heading-title elementor-size-default\">CE QUE NOUS POUVONS OFFRIR<\/h2>\t\t\t\t<\/div>\n\t\t\t\t<\/div>\n\t\t\t\t<div class=\"elementor-element elementor-element-7c2243d4 elementor-widget elementor-widget-text-editor\" data-id=\"7c2243d4\" data-element_type=\"widget\" data-e-type=\"widget\" data-widget_type=\"text-editor.default\">\n\t\t\t\t<div class=\"elementor-widget-container\">\n\t\t\t\t\t\t\t\t\t<table>\n<tbody>\n<tr>\n<td><strong>Type de trempe<br \/><\/strong><\/td>\n<td><strong>\u00c9paisseur du verre<br \/>[mm]<\/strong><\/td>\n<td><strong>Dimensions minimales<br \/>[mm]<\/strong><\/td>\n<td><strong>Dimensions maximales<br \/>[mm] Thermofloat T<\/strong><\/td>\n<\/tr>\n<tr>\n<td rowspan=\"3\">Standard<\/td>\n<td>4<\/td>\n<td>100 \u00d7 250<\/td>\n<td>3210 \u00d7 4500<\/td>\n<\/tr>\n<tr>\n<td>\u00a0<\/td>\n<td>\u00a0<\/td>\n<td>\u00a0<\/td>\n<\/tr>\n<tr>\n<td>5-19<\/td>\n<td>100 \u00d7 250<\/td>\n<td>3210 \u00d7 9000<\/td>\n<\/tr>\n<\/tbody>\n<\/table>\n\t\t\t\t\t\t\t\t<\/div>\n\t\t\t\t<\/div>\n\t\t\t\t\t<\/div>\n\t\t\t\t<\/div>\n\t\t<div class=\"elementor-element elementor-element-457d22c3 e-flex e-con-boxed e-con e-parent\" data-id=\"457d22c3\" data-element_type=\"container\" data-e-type=\"container\" data-settings=\"{&quot;background_background&quot;:&quot;classic&quot;,&quot;background_motion_fx_motion_fx_scrolling&quot;:&quot;yes&quot;,&quot;background_motion_fx_translateY_effect&quot;:&quot;yes&quot;,&quot;background_motion_fx_translateY_speed&quot;:{&quot;unit&quot;:&quot;px&quot;,&quot;size&quot;:4,&quot;sizes&quot;:[]},&quot;background_motion_fx_translateY_affectedRange&quot;:{&quot;unit&quot;:&quot;%&quot;,&quot;size&quot;:&quot;&quot;,&quot;sizes&quot;:{&quot;start&quot;:0,&quot;end&quot;:100}},&quot;background_motion_fx_devices&quot;:[&quot;desktop&quot;,&quot;tablet&quot;,&quot;mobile&quot;]}\">\n\t\t\t\t\t<div class=\"e-con-inner\">\n\t\t\t\t<div class=\"elementor-element elementor-element-3aae8e53 elementor-widget elementor-widget-heading\" data-id=\"3aae8e53\" data-element_type=\"widget\" data-e-type=\"widget\" data-widget_type=\"heading.default\">\n\t\t\t\t<div class=\"elementor-widget-container\">\n\t\t\t\t\t<h2 class=\"elementor-heading-title elementor-size-default\">Nous modifions constamment nos processus de fabrication et changeons nos habitudes pour limiter les effets n\u00e9gatifs sur l\u2019environnement.<\/h2>\t\t\t\t<\/div>\n\t\t\t\t<\/div>\n\t\t\t\t<div class=\"elementor-element elementor-element-32817cd5 elementor-widget elementor-widget-text-editor\" data-id=\"32817cd5\" data-element_type=\"widget\" data-e-type=\"widget\" data-widget_type=\"text-editor.default\">\n\t\t\t\t<div class=\"elementor-widget-container\">\n\t\t\t\t\t\t\t\t\t<p>Afin de faciliter les changements, nous avons adopt\u00e9 la norme ISO 14001, le syst\u00e8me de management mondial pour la protection de l\u2019environnement.<\/p>\n\t\t\t\t\t\t\t\t<\/div>\n\t\t\t\t<\/div>\n\t\t\t\t<div class=\"elementor-element elementor-element-6aa02534 elementor-align-center elementor-widget elementor-widget-button\" data-id=\"6aa02534\" data-element_type=\"widget\" data-e-type=\"widget\" data-widget_type=\"button.default\">\n\t\t\t\t<div class=\"elementor-widget-container\">\n\t\t\t\t\t\t\t\t\t<div class=\"elementor-button-wrapper\">\n\t\t\t\t\t<a class=\"elementor-button elementor-button-link elementor-size-sm\" href=\"https:\/\/tgrupcam.com\/index.php\/contact\/?lang=fr\">\n\t\t\t\t\t\t<span class=\"elementor-button-content-wrapper\">\n\t\t\t\t\t\t\t\t\t<span class=\"elementor-button-text\">Contactez-nous<\/span>\n\t\t\t\t\t<\/span>\n\t\t\t\t\t<\/a>\n\t\t\t\t<\/div>\n\t\t\t\t\t\t\t\t<\/div>\n\t\t\t\t<\/div>\n\t\t\t\t\t<\/div>\n\t\t\t\t<\/div>\n\t\t\t\t<\/div>\n\t\t","protected":false},"excerpt":{"rendered":"<p>TREMP\u00c9 R\u00c9SISTANT \u00c0 LA CHALEUR \u00c0 PROPOS DU VERRE TREMP\u00c9 R\u00c9SISTANT \u00c0 LA CHALEUR Chez T Grup Cam, notre verre tremp\u00e9 et renforc\u00e9 \u00e0 la chaleur est con\u00e7u pour une r\u00e9sistance, une durabilit\u00e9 et une s\u00e9curit\u00e9 \u00e9lev\u00e9es, ce qui en fait un choix essentiel pour l\u2019architecture moderne et les applications industrielles. Produit par un processus [&hellip;]<\/p>\n","protected":false},"author":1,"featured_media":0,"parent":2498,"menu_order":0,"comment_status":"closed","ping_status":"closed","template":"elementor_header_footer","meta":{"footnotes":""},"class_list":["post-2512","page","type-page","status-publish","hentry"],"_links":{"self":[{"href":"https:\/\/tgrupcam.com\/index.php\/wp-json\/wp\/v2\/pages\/2512","targetHints":{"allow":["GET"]}}],"collection":[{"href":"https:\/\/tgrupcam.com\/index.php\/wp-json\/wp\/v2\/pages"}],"about":[{"href":"https:\/\/tgrupcam.com\/index.php\/wp-json\/wp\/v2\/types\/page"}],"author":[{"embeddable":true,"href":"https:\/\/tgrupcam.com\/index.php\/wp-json\/wp\/v2\/users\/1"}],"replies":[{"embeddable":true,"href":"https:\/\/tgrupcam.com\/index.php\/wp-json\/wp\/v2\/comments?post=2512"}],"version-history":[{"count":0,"href":"https:\/\/tgrupcam.com\/index.php\/wp-json\/wp\/v2\/pages\/2512\/revisions"}],"up":[{"embeddable":true,"href":"https:\/\/tgrupcam.com\/index.php\/wp-json\/wp\/v2\/pages\/2498"}],"wp:attachment":[{"href":"https:\/\/tgrupcam.com\/index.php\/wp-json\/wp\/v2\/media?parent=2512"}],"curies":[{"name":"wp","href":"https:\/\/api.w.org\/{rel}","templated":true}]}}