{"id":2513,"date":"2025-02-05T11:54:43","date_gmt":"2025-02-05T08:54:43","guid":{"rendered":"https:\/\/tgrupcam.com\/index.php\/piaci-ajanlat\/specialis-uveg\/ivelt-lagyitott-uveg\/"},"modified":"2025-06-04T12:50:11","modified_gmt":"2025-06-04T09:50:11","slug":"ivelt-lagyitott-uveg","status":"publish","type":"page","link":"https:\/\/tgrupcam.com\/index.php\/piaci-ajanlat\/specialis-uveg\/ivelt-lagyitott-uveg\/?lang=hu","title":{"rendered":"\u00cdvelt l\u00e1gy\u00edtott \u00fcveg"},"content":{"rendered":"\t\t<div data-elementor-type=\"wp-page\" data-elementor-id=\"2513\" class=\"elementor elementor-2513 elementor-41\" data-elementor-post-type=\"page\">\n\t\t\t\t<div class=\"elementor-element elementor-element-3771a438 e-con-full e-flex e-con e-parent\" data-id=\"3771a438\" data-element_type=\"container\" data-e-type=\"container\" data-settings=\"{&quot;background_background&quot;:&quot;classic&quot;,&quot;shape_divider_bottom&quot;:&quot;opacity-fan&quot;}\">\n\t\t\t\t<div class=\"elementor-shape elementor-shape-bottom\" aria-hidden=\"true\" data-negative=\"false\">\n\t\t\t<svg xmlns=\"http:\/\/www.w3.org\/2000\/svg\" viewBox=\"0 0 283.5 19.6\" preserveAspectRatio=\"none\">\n\t<path class=\"elementor-shape-fill\" style=\"opacity:0.33\" d=\"M0 0L0 18.8 141.8 4.1 283.5 18.8 283.5 0z\"\/>\n\t<path class=\"elementor-shape-fill\" style=\"opacity:0.33\" d=\"M0 0L0 12.6 141.8 4 283.5 12.6 283.5 0z\"\/>\n\t<path class=\"elementor-shape-fill\" style=\"opacity:0.33\" d=\"M0 0L0 6.4 141.8 4 283.5 6.4 283.5 0z\"\/>\n\t<path class=\"elementor-shape-fill\" d=\"M0 0L0 1.2 141.8 4 283.5 1.2 283.5 0z\"\/>\n<\/svg>\t\t<\/div>\n\t\t\t\t<div class=\"elementor-element elementor-element-71c3327d elementor-widget elementor-widget-heading\" data-id=\"71c3327d\" data-element_type=\"widget\" data-e-type=\"widget\" data-widget_type=\"heading.default\">\n\t\t\t\t<div class=\"elementor-widget-container\">\n\t\t\t\t\t<h2 class=\"elementor-heading-title elementor-size-default\">HAJL\u00cdTOTT L\u00c1GY\u00cdTOTT \u00dcVEG<\/h2>\t\t\t\t<\/div>\n\t\t\t\t<\/div>\n\t\t\t\t<\/div>\n\t\t<div class=\"elementor-element elementor-element-3337ffb7 e-flex e-con-boxed e-con e-parent\" data-id=\"3337ffb7\" data-element_type=\"container\" data-e-type=\"container\">\n\t\t\t\t\t<div class=\"e-con-inner\">\n\t\t\t\t<div class=\"elementor-element elementor-element-17e93e6 elementor-widget elementor-widget-heading\" data-id=\"17e93e6\" data-element_type=\"widget\" data-e-type=\"widget\" data-widget_type=\"heading.default\">\n\t\t\t\t<div class=\"elementor-widget-container\">\n\t\t\t\t\t<h2 class=\"elementor-heading-title elementor-size-default\">AZ \u00cdVELT L\u00c1GY\u00cdTOTT \u00dcVEGR\u0150L<\/h2>\t\t\t\t<\/div>\n\t\t\t\t<\/div>\n\t\t\t\t<div class=\"elementor-element elementor-element-3a00caea elementor-widget elementor-widget-text-editor\" data-id=\"3a00caea\" data-element_type=\"widget\" data-e-type=\"widget\" data-widget_type=\"text-editor.default\">\n\t\t\t\t<div class=\"elementor-widget-container\">\n\t\t\t\t\t\t\t\t\t<p data-start=\"33\" data-end=\"489\">A <strong data-start=\"36\" data-end=\"50\">T Grup Cam-n\u00e9l<\/strong> az <strong data-start=\"56\" data-end=\"81\">\u00edvelt l\u00e1gy\u00edtott \u00fcveg<\/strong> <strong data-start=\"89\" data-end=\"144\">\u00e9lvonalbeli \u00edvelt \u00e9s dimenzi\u00f3s \u00fcvegmegold\u00e1sokat<\/strong> k\u00edn\u00e1l, \u00f6tv\u00f6zve <strong data-start=\"156\" data-end=\"189\" data-is-only-node=\"\">az eszt\u00e9tik\u00e1t a funkcionalit\u00e1ssal<\/strong> a <strong data-start=\"194\" data-end=\"242\">modern \u00e9p\u00edt\u00e9szeti \u00e9s tervez\u00e9si alkalmaz\u00e1sokhoz<\/strong>. A <strong data-start=\"262\" data-end=\"305\">fejlett hajl\u00edt\u00e1si \u00e9s alak\u00edt\u00e1si technol\u00f3gi\u00e1val<\/strong> gy\u00e1rtott <strong data-start=\"311\" data-end=\"336\">hajl\u00edtott \u00fcveg<\/strong> <strong data-start=\"346\" data-end=\"391\">z\u00f6kken\u0151mentes integr\u00e1ci\u00f3t biztos\u00edt az \u00edvelt fel\u00fcletekbe<\/strong>, meg\u0151rizve <strong data-start=\"405\" data-end=\"448\">az optikai tisztas\u00e1got \u00e9s a szerkezeti szil\u00e1rds\u00e1got<\/strong> , mik\u00f6zben <strong data-start=\"464\" data-end=\"486\">tervez\u00e9si rugalmass\u00e1got<\/strong> k\u00edn\u00e1l. <\/p>\n<p data-start=\"491\" data-end=\"510\"><strong data-start=\"495\" data-end=\"508\">El\u0151ny\u00f6k:<\/strong><\/p>\n<p data-start=\"512\" data-end=\"1051\">\u2705 <strong data-start=\"514\" data-end=\"545\">Innovat\u00edv eszt\u00e9tikai vonzer\u0151<\/strong> \u2013 <strong data-start=\"556\" data-end=\"590\">Dinamikus \u00e9s futurisztikus diz\u00e1jnt<\/strong> hoz l\u00e9tre \u00edvelt \u00e9s form\u00e1zott \u00fcveggel.<br data-start=\"620\" data-end=\"623\">\u2705 <strong data-start=\"625\" data-end=\"644\" data-is-only-node=\"\">Nagy tart\u00f3ss\u00e1g<\/strong> \u2013 <strong data-start=\"665\" data-end=\"678\">Prec\u00edzen<\/strong> gy\u00e1rtva az <strong data-start=\"689\" data-end=\"715\">er\u0151 \u00e9s a hossz\u00fa \u00e9lettartam<\/strong> biztos\u00edt\u00e1sa \u00e9rdek\u00e9ben.<br data-start=\"716\" data-end=\"719\">\u2705 <strong data-start=\"721\" data-end=\"752\">Testreszabhat\u00f3 form\u00e1k \u00e9s m\u00e9retek<\/strong> \u2013 <strong data-start=\"768\" data-end=\"810\">K\u00fcl\u00f6nb\u00f6z\u0151 \u00edvekben, hajl\u00edt\u00e1sokban \u00e9s vastags\u00e1gokban kaphat\u00f3k,<\/strong> hogy megfeleljenek a projekt k\u00f6vetelm\u00e9nyeinek.<br data-start=\"841\" data-end=\"844\">\u2705 <strong data-start=\"846\" data-end=\"870\">Z\u00f6kken\u0151mentes integr\u00e1ci\u00f3<\/strong> \u2013 Ide\u00e1lis <strong data-start=\"883\" data-end=\"935\">modern homlokzatokhoz, aut\u00f3iparhoz \u00e9s bels\u0151\u00e9p\u00edt\u00e9szethez<\/strong>.<br data-start=\"936\" data-end=\"939\">\u2705 <strong data-start=\"941\" data-end=\"962\">Energiahat\u00e9konys\u00e1g<\/strong> \u2013 Kompatibilis <strong data-start=\"981\" data-end=\"1024\">az alacsony kibocs\u00e1t\u00e1s\u00fa \u00e9s napv\u00e9d\u0151 bevonatokkal<\/strong> a jobb szigetel\u00e9s \u00e9rdek\u00e9ben.<\/p>\n<p data-start=\"1053\" data-end=\"1076\"><strong data-start=\"1057\" data-end=\"1074\">Alkalmaz\u00e1sok:<\/strong><\/p>\n<ul data-start=\"1078\" data-end=\"1287\">\n<li data-start=\"1078\" data-end=\"1119\"><strong data-start=\"1080\" data-end=\"1117\">\u00c9p\u00edt\u00e9szeti homlokzatok \u00e9s tet\u0151ablakok<\/strong><\/li>\n<li data-start=\"1120\" data-end=\"1163\"><strong data-start=\"1122\" data-end=\"1161\">Luxus bels\u0151\u00e9p\u00edt\u00e9szet \u00e9s v\u00e1laszfalak<\/strong><\/li>\n<li data-start=\"1164\" data-end=\"1200\"><strong data-start=\"1166\" data-end=\"1198\">Kiskereskedelmi \u00e9s ki\u00e1ll\u00edt\u00e1si kijelz\u0151k<\/strong><\/li>\n<li data-start=\"1201\" data-end=\"1242\"><strong data-start=\"1203\" data-end=\"1240\">Aut\u00f3ipar \u00e9s sz\u00e1ll\u00edt\u00e1s \u00dcveg<\/strong><\/li>\n<li data-start=\"1243\" data-end=\"1287\"><strong data-start=\"1245\" data-end=\"1285\">B\u00fatorok \u00e9s dekor\u00e1ci\u00f3s install\u00e1ci\u00f3k<\/strong><\/li>\n<\/ul>\n<p data-start=\"1289\" data-end=\"1442\"><strong data-start=\"1293\" data-end=\"1318\">\u00cdvelt l\u00e1gy\u00edtott \u00fcveg\u00fcnket<\/strong> \u00fagy tervezt\u00e9k<strong data-start=\"1340\" data-end=\"1386\">, hogy eleganci\u00e1t, egyedis\u00e9get \u00e9s nagy teljes\u00edtm\u00e9nyt<\/strong> vigyen a kort\u00e1rs <strong data-start=\"1403\" data-end=\"1439\">\u00e9p\u00edt\u00e9szeti \u00e9s tervez\u00e9si projektekbe<\/strong>.<\/p>\n\t\t\t\t\t\t\t\t<\/div>\n\t\t\t\t<\/div>\n\t\t\t\t\t<\/div>\n\t\t\t\t<\/div>\n\t\t<div class=\"elementor-element elementor-element-f2c7e85 e-flex e-con-boxed e-con e-parent\" data-id=\"f2c7e85\" data-element_type=\"container\" data-e-type=\"container\" data-settings=\"{&quot;background_background&quot;:&quot;classic&quot;}\">\n\t\t\t\t\t<div class=\"e-con-inner\">\n\t\t\t\t<div class=\"elementor-element elementor-element-52978e7 elementor-widget elementor-widget-heading\" data-id=\"52978e7\" data-element_type=\"widget\" data-e-type=\"widget\" data-widget_type=\"heading.default\">\n\t\t\t\t<div class=\"elementor-widget-container\">\n\t\t\t\t\t<h2 class=\"elementor-heading-title elementor-size-default\">MAXIM\u00c1LIS M\u00c9RET 3210x8000<\/h2>\t\t\t\t<\/div>\n\t\t\t\t<\/div>\n\t\t\t\t<div class=\"elementor-element elementor-element-0f1f503 elementor-widget elementor-widget-heading\" data-id=\"0f1f503\" data-element_type=\"widget\" data-e-type=\"widget\" data-widget_type=\"heading.default\">\n\t\t\t\t<div class=\"elementor-widget-container\">\n\t\t\t\t\t<h2 class=\"elementor-heading-title elementor-size-default\">MAXIM\u00c1LIS M\u00c9LYS\u00c9G 2100<\/h2>\t\t\t\t<\/div>\n\t\t\t\t<\/div>\n\t\t\t\t\t<\/div>\n\t\t\t\t<\/div>\n\t\t<div class=\"elementor-element elementor-element-9ef089a e-flex e-con-boxed e-con e-parent\" data-id=\"9ef089a\" data-element_type=\"container\" data-e-type=\"container\">\n\t\t\t\t\t<div class=\"e-con-inner\">\n\t\t<div class=\"elementor-element elementor-element-5d9c345 e-con-full e-flex e-con e-child\" data-id=\"5d9c345\" data-element_type=\"container\" data-e-type=\"container\">\n\t\t\t\t<div class=\"elementor-element elementor-element-5f80533 elementor-widget elementor-widget-image\" data-id=\"5f80533\" data-element_type=\"widget\" data-e-type=\"widget\" data-widget_type=\"image.default\">\n\t\t\t\t<div class=\"elementor-widget-container\">\n\t\t\t\t\t\t\t\t\t\t\t\t\t\t\t<img fetchpriority=\"high\" decoding=\"async\" width=\"800\" height=\"800\" src=\"https:\/\/tgrupcam.com\/wp-content\/uploads\/2025\/04\/curved-1-1024x1024.jpg\" class=\"attachment-large size-large wp-image-1735\" alt=\"\" srcset=\"https:\/\/tgrupcam.com\/wp-content\/uploads\/2025\/04\/curved-1-1024x1024.jpg 1024w, https:\/\/tgrupcam.com\/wp-content\/uploads\/2025\/04\/curved-1-300x300.jpg 300w, https:\/\/tgrupcam.com\/wp-content\/uploads\/2025\/04\/curved-1-150x150.jpg 150w, https:\/\/tgrupcam.com\/wp-content\/uploads\/2025\/04\/curved-1-768x768.jpg 768w, https:\/\/tgrupcam.com\/wp-content\/uploads\/2025\/04\/curved-1-650x650.jpg 650w, https:\/\/tgrupcam.com\/wp-content\/uploads\/2025\/04\/curved-1.jpg 1080w\" sizes=\"(max-width: 800px) 100vw, 800px\" \/>\t\t\t\t\t\t\t\t\t\t\t\t\t\t\t<\/div>\n\t\t\t\t<\/div>\n\t\t\t\t<div class=\"elementor-element elementor-element-9be170b elementor-widget elementor-widget-heading\" data-id=\"9be170b\" data-element_type=\"widget\" data-e-type=\"widget\" data-widget_type=\"heading.default\">\n\t\t\t\t<div class=\"elementor-widget-container\">\n\t\t\t\t\t<h2 class=\"elementor-heading-title elementor-size-default\">JOBB HANGSZIGETEL\u00c9S<\/h2>\t\t\t\t<\/div>\n\t\t\t\t<\/div>\n\t\t\t\t<\/div>\n\t\t<div class=\"elementor-element elementor-element-809d3a8 e-con-full e-flex e-con e-child\" data-id=\"809d3a8\" data-element_type=\"container\" data-e-type=\"container\">\n\t\t\t\t<div class=\"elementor-element elementor-element-f8defec elementor-widget elementor-widget-image\" data-id=\"f8defec\" data-element_type=\"widget\" data-e-type=\"widget\" data-widget_type=\"image.default\">\n\t\t\t\t<div class=\"elementor-widget-container\">\n\t\t\t\t\t\t\t\t\t\t\t\t\t\t\t<img decoding=\"async\" width=\"800\" height=\"800\" src=\"https:\/\/tgrupcam.com\/wp-content\/uploads\/2025\/04\/curved-2-1024x1024.jpg\" class=\"attachment-large size-large wp-image-1746\" alt=\"\" srcset=\"https:\/\/tgrupcam.com\/wp-content\/uploads\/2025\/04\/curved-2-1024x1024.jpg 1024w, https:\/\/tgrupcam.com\/wp-content\/uploads\/2025\/04\/curved-2-300x300.jpg 300w, https:\/\/tgrupcam.com\/wp-content\/uploads\/2025\/04\/curved-2-150x150.jpg 150w, https:\/\/tgrupcam.com\/wp-content\/uploads\/2025\/04\/curved-2-768x768.jpg 768w, https:\/\/tgrupcam.com\/wp-content\/uploads\/2025\/04\/curved-2-650x650.jpg 650w, https:\/\/tgrupcam.com\/wp-content\/uploads\/2025\/04\/curved-2.jpg 1080w\" sizes=\"(max-width: 800px) 100vw, 800px\" \/>\t\t\t\t\t\t\t\t\t\t\t\t\t\t\t<\/div>\n\t\t\t\t<\/div>\n\t\t\t\t<div class=\"elementor-element elementor-element-191c2b8 elementor-widget elementor-widget-heading\" data-id=\"191c2b8\" data-element_type=\"widget\" data-e-type=\"widget\" data-widget_type=\"heading.default\">\n\t\t\t\t<div class=\"elementor-widget-container\">\n\t\t\t\t\t<h2 class=\"elementor-heading-title elementor-size-default\">NAGYOBB TERHEL\u00c9SIELLEN\u00c1LL\u00c1S<\/h2>\t\t\t\t<\/div>\n\t\t\t\t<\/div>\n\t\t\t\t<\/div>\n\t\t<div class=\"elementor-element elementor-element-b28c10a e-con-full e-flex e-con e-child\" data-id=\"b28c10a\" data-element_type=\"container\" data-e-type=\"container\">\n\t\t\t\t<div class=\"elementor-element elementor-element-07c05ac elementor-widget elementor-widget-image\" data-id=\"07c05ac\" data-element_type=\"widget\" data-e-type=\"widget\" data-widget_type=\"image.default\">\n\t\t\t\t<div class=\"elementor-widget-container\">\n\t\t\t\t\t\t\t\t\t\t\t\t\t\t\t<img decoding=\"async\" width=\"800\" height=\"800\" src=\"https:\/\/tgrupcam.com\/wp-content\/uploads\/2025\/04\/curved-3-1024x1024.jpg\" class=\"attachment-large size-large wp-image-1757\" alt=\"\" srcset=\"https:\/\/tgrupcam.com\/wp-content\/uploads\/2025\/04\/curved-3-1024x1024.jpg 1024w, https:\/\/tgrupcam.com\/wp-content\/uploads\/2025\/04\/curved-3-300x300.jpg 300w, https:\/\/tgrupcam.com\/wp-content\/uploads\/2025\/04\/curved-3-150x150.jpg 150w, https:\/\/tgrupcam.com\/wp-content\/uploads\/2025\/04\/curved-3-768x768.jpg 768w, https:\/\/tgrupcam.com\/wp-content\/uploads\/2025\/04\/curved-3-650x650.jpg 650w, https:\/\/tgrupcam.com\/wp-content\/uploads\/2025\/04\/curved-3.jpg 1080w\" sizes=\"(max-width: 800px) 100vw, 800px\" \/>\t\t\t\t\t\t\t\t\t\t\t\t\t\t\t<\/div>\n\t\t\t\t<\/div>\n\t\t\t\t<div class=\"elementor-element elementor-element-d72ec73 elementor-widget elementor-widget-heading\" data-id=\"d72ec73\" data-element_type=\"widget\" data-e-type=\"widget\" data-widget_type=\"heading.default\">\n\t\t\t\t<div class=\"elementor-widget-container\">\n\t\t\t\t\t<h2 class=\"elementor-heading-title elementor-size-default\">JOBB H\u0150SZIGETEL\u00c9SA FENNTARTHAT\u00d3 \u00c9P\u00dcLETEK \u00c9RDEK\u00c9BEN<\/h2>\t\t\t\t<\/div>\n\t\t\t\t<\/div>\n\t\t\t\t<\/div>\n\t\t\t\t\t<\/div>\n\t\t\t\t<\/div>\n\t\t<div class=\"elementor-element elementor-element-36d38c1 e-flex e-con-boxed e-con e-parent\" data-id=\"36d38c1\" data-element_type=\"container\" data-e-type=\"container\">\n\t\t\t\t\t<div class=\"e-con-inner\">\n\t\t<div class=\"elementor-element elementor-element-409881d e-con-full e-flex e-con e-child\" data-id=\"409881d\" data-element_type=\"container\" data-e-type=\"container\">\n\t\t\t\t<div class=\"elementor-element elementor-element-0dae54f elementor-widget elementor-widget-image\" data-id=\"0dae54f\" data-element_type=\"widget\" data-e-type=\"widget\" data-widget_type=\"image.default\">\n\t\t\t\t<div class=\"elementor-widget-container\">\n\t\t\t\t\t\t\t\t\t\t\t\t\t\t\t<img loading=\"lazy\" decoding=\"async\" width=\"800\" height=\"800\" src=\"https:\/\/tgrupcam.com\/wp-content\/uploads\/2025\/04\/curved-4-1024x1024.jpg\" class=\"attachment-large size-large wp-image-1768\" alt=\"\" srcset=\"https:\/\/tgrupcam.com\/wp-content\/uploads\/2025\/04\/curved-4-1024x1024.jpg 1024w, https:\/\/tgrupcam.com\/wp-content\/uploads\/2025\/04\/curved-4-300x300.jpg 300w, https:\/\/tgrupcam.com\/wp-content\/uploads\/2025\/04\/curved-4-150x150.jpg 150w, https:\/\/tgrupcam.com\/wp-content\/uploads\/2025\/04\/curved-4-768x768.jpg 768w, https:\/\/tgrupcam.com\/wp-content\/uploads\/2025\/04\/curved-4-650x650.jpg 650w, https:\/\/tgrupcam.com\/wp-content\/uploads\/2025\/04\/curved-4.jpg 1080w\" sizes=\"(max-width: 800px) 100vw, 800px\" \/>\t\t\t\t\t\t\t\t\t\t\t\t\t\t\t<\/div>\n\t\t\t\t<\/div>\n\t\t\t\t<div class=\"elementor-element elementor-element-c0f4c73 elementor-widget elementor-widget-heading\" data-id=\"c0f4c73\" data-element_type=\"widget\" data-e-type=\"widget\" data-widget_type=\"heading.default\">\n\t\t\t\t<div class=\"elementor-widget-container\">\n\t\t\t\t\t<h2 class=\"elementor-heading-title elementor-size-default\">FOKOZOTTBIZTONS\u00c1G<\/h2>\t\t\t\t<\/div>\n\t\t\t\t<\/div>\n\t\t\t\t<\/div>\n\t\t<div class=\"elementor-element elementor-element-ffe5bdd e-con-full e-flex e-con e-child\" data-id=\"ffe5bdd\" data-element_type=\"container\" data-e-type=\"container\">\n\t\t\t\t<div class=\"elementor-element elementor-element-8091477 elementor-widget elementor-widget-image\" data-id=\"8091477\" data-element_type=\"widget\" data-e-type=\"widget\" data-widget_type=\"image.default\">\n\t\t\t\t<div class=\"elementor-widget-container\">\n\t\t\t\t\t\t\t\t\t\t\t\t\t\t\t<img loading=\"lazy\" decoding=\"async\" width=\"800\" height=\"800\" src=\"https:\/\/tgrupcam.com\/wp-content\/uploads\/2025\/04\/curved-5-1024x1024.jpg\" class=\"attachment-large size-large wp-image-1779\" alt=\"\" srcset=\"https:\/\/tgrupcam.com\/wp-content\/uploads\/2025\/04\/curved-5-1024x1024.jpg 1024w, https:\/\/tgrupcam.com\/wp-content\/uploads\/2025\/04\/curved-5-300x300.jpg 300w, https:\/\/tgrupcam.com\/wp-content\/uploads\/2025\/04\/curved-5-150x150.jpg 150w, https:\/\/tgrupcam.com\/wp-content\/uploads\/2025\/04\/curved-5-768x768.jpg 768w, https:\/\/tgrupcam.com\/wp-content\/uploads\/2025\/04\/curved-5-650x650.jpg 650w, https:\/\/tgrupcam.com\/wp-content\/uploads\/2025\/04\/curved-5.jpg 1080w\" sizes=\"(max-width: 800px) 100vw, 800px\" \/>\t\t\t\t\t\t\t\t\t\t\t\t\t\t\t<\/div>\n\t\t\t\t<\/div>\n\t\t\t\t<div class=\"elementor-element elementor-element-85eebbf elementor-widget elementor-widget-heading\" data-id=\"85eebbf\" data-element_type=\"widget\" data-e-type=\"widget\" data-widget_type=\"heading.default\">\n\t\t\t\t<div class=\"elementor-widget-container\">\n\t\t\t\t\t<h2 class=\"elementor-heading-title elementor-size-default\">NINCS L\u00c1THAT\u00d3KONSTRUKCI\u00d3<\/h2>\t\t\t\t<\/div>\n\t\t\t\t<\/div>\n\t\t\t\t<\/div>\n\t\t<div class=\"elementor-element elementor-element-56c6f0a e-con-full e-flex e-con e-child\" data-id=\"56c6f0a\" data-element_type=\"container\" data-e-type=\"container\">\n\t\t\t\t<div class=\"elementor-element elementor-element-f7f3384 elementor-widget elementor-widget-image\" data-id=\"f7f3384\" data-element_type=\"widget\" data-e-type=\"widget\" data-widget_type=\"image.default\">\n\t\t\t\t<div class=\"elementor-widget-container\">\n\t\t\t\t\t\t\t\t\t\t\t\t\t\t\t<img loading=\"lazy\" decoding=\"async\" width=\"800\" height=\"800\" src=\"https:\/\/tgrupcam.com\/wp-content\/uploads\/2025\/04\/curved-6-1024x1024.jpg\" class=\"attachment-large size-large wp-image-1790\" alt=\"\" srcset=\"https:\/\/tgrupcam.com\/wp-content\/uploads\/2025\/04\/curved-6-1024x1024.jpg 1024w, https:\/\/tgrupcam.com\/wp-content\/uploads\/2025\/04\/curved-6-300x300.jpg 300w, https:\/\/tgrupcam.com\/wp-content\/uploads\/2025\/04\/curved-6-150x150.jpg 150w, https:\/\/tgrupcam.com\/wp-content\/uploads\/2025\/04\/curved-6-768x768.jpg 768w, https:\/\/tgrupcam.com\/wp-content\/uploads\/2025\/04\/curved-6-650x650.jpg 650w, https:\/\/tgrupcam.com\/wp-content\/uploads\/2025\/04\/curved-6.jpg 1080w\" sizes=\"(max-width: 800px) 100vw, 800px\" \/>\t\t\t\t\t\t\t\t\t\t\t\t\t\t\t<\/div>\n\t\t\t\t<\/div>\n\t\t\t\t<div class=\"elementor-element elementor-element-2b05f91 elementor-widget elementor-widget-heading\" data-id=\"2b05f91\" data-element_type=\"widget\" data-e-type=\"widget\" data-widget_type=\"heading.default\">\n\t\t\t\t<div class=\"elementor-widget-container\">\n\t\t\t\t\t<h2 class=\"elementor-heading-title elementor-size-default\">ESZT\u00c9TIKUS MEGJELEN\u00c9S, MAG\u00c1N\u00c9LET \u00c9S J\u00d3L MEGVIL\u00c1G\u00cdTOTT SZOB\u00c1K<\/h2>\t\t\t\t<\/div>\n\t\t\t\t<\/div>\n\t\t\t\t<\/div>\n\t\t\t\t\t<\/div>\n\t\t\t\t<\/div>\n\t\t<div class=\"elementor-element elementor-element-3d0d26ba e-flex e-con-boxed e-con e-parent\" data-id=\"3d0d26ba\" data-element_type=\"container\" data-e-type=\"container\" data-settings=\"{&quot;background_background&quot;:&quot;classic&quot;,&quot;background_motion_fx_motion_fx_scrolling&quot;:&quot;yes&quot;,&quot;background_motion_fx_translateY_effect&quot;:&quot;yes&quot;,&quot;background_motion_fx_translateY_speed&quot;:{&quot;unit&quot;:&quot;px&quot;,&quot;size&quot;:4,&quot;sizes&quot;:[]},&quot;background_motion_fx_translateY_affectedRange&quot;:{&quot;unit&quot;:&quot;%&quot;,&quot;size&quot;:&quot;&quot;,&quot;sizes&quot;:{&quot;start&quot;:0,&quot;end&quot;:100}},&quot;background_motion_fx_devices&quot;:[&quot;desktop&quot;,&quot;tablet&quot;,&quot;mobile&quot;]}\">\n\t\t\t\t\t<div class=\"e-con-inner\">\n\t\t\t\t\t<\/div>\n\t\t\t\t<\/div>\n\t\t<div class=\"elementor-element elementor-element-41682cdf e-flex e-con-boxed e-con e-parent\" data-id=\"41682cdf\" data-element_type=\"container\" data-e-type=\"container\" data-settings=\"{&quot;background_background&quot;:&quot;classic&quot;,&quot;background_motion_fx_motion_fx_scrolling&quot;:&quot;yes&quot;,&quot;background_motion_fx_translateY_effect&quot;:&quot;yes&quot;,&quot;background_motion_fx_translateY_speed&quot;:{&quot;unit&quot;:&quot;px&quot;,&quot;size&quot;:4,&quot;sizes&quot;:[]},&quot;background_motion_fx_translateY_affectedRange&quot;:{&quot;unit&quot;:&quot;%&quot;,&quot;size&quot;:&quot;&quot;,&quot;sizes&quot;:{&quot;start&quot;:0,&quot;end&quot;:100}},&quot;background_motion_fx_devices&quot;:[&quot;desktop&quot;,&quot;tablet&quot;,&quot;mobile&quot;]}\">\n\t\t\t\t\t<div class=\"e-con-inner\">\n\t\t\t\t<div class=\"elementor-element elementor-element-13d4eeb3 elementor-widget elementor-widget-heading\" data-id=\"13d4eeb3\" data-element_type=\"widget\" data-e-type=\"widget\" data-widget_type=\"heading.default\">\n\t\t\t\t<div class=\"elementor-widget-container\">\n\t\t\t\t\t<h2 class=\"elementor-heading-title elementor-size-default\">Folyamatosan m\u00f3dos\u00edtjuk gy\u00e1rt\u00e1si folyamatainkat \u00e9s szok\u00e1sainkat, hogy korl\u00e1tozzuk a k\u00f6rnyezetre gyakorolt negat\u00edv hat\u00e1sokat.<\/h2>\t\t\t\t<\/div>\n\t\t\t\t<\/div>\n\t\t\t\t<div class=\"elementor-element elementor-element-1a543eff elementor-widget elementor-widget-text-editor\" data-id=\"1a543eff\" data-element_type=\"widget\" data-e-type=\"widget\" data-widget_type=\"text-editor.default\">\n\t\t\t\t<div class=\"elementor-widget-container\">\n\t\t\t\t\t\t\t\t\t<p>A v\u00e1ltoz\u00e1sok megk\u00f6nny\u00edt\u00e9se \u00e9rdek\u00e9ben elfogadtuk az ISO 14001-et, a vil\u00e1gm\u00e9ret\u0171 k\u00f6rnyezetv\u00e9delmi ir\u00e1ny\u00edt\u00e1si rendszert.<\/p>\n\t\t\t\t\t\t\t\t<\/div>\n\t\t\t\t<\/div>\n\t\t\t\t<div class=\"elementor-element elementor-element-1d9dc4a2 elementor-align-center elementor-widget elementor-widget-button\" data-id=\"1d9dc4a2\" data-element_type=\"widget\" data-e-type=\"widget\" data-widget_type=\"button.default\">\n\t\t\t\t<div class=\"elementor-widget-container\">\n\t\t\t\t\t\t\t\t\t<div class=\"elementor-button-wrapper\">\n\t\t\t\t\t<a class=\"elementor-button elementor-button-link elementor-size-sm\" href=\"https:\/\/tgrupcam.com\/index.php\/kapcsolat\/?lang=hu\">\n\t\t\t\t\t\t<span class=\"elementor-button-content-wrapper\">\n\t\t\t\t\t\t\t\t\t<span class=\"elementor-button-text\">Kapcsolat<\/span>\n\t\t\t\t\t<\/span>\n\t\t\t\t\t<\/a>\n\t\t\t\t<\/div>\n\t\t\t\t\t\t\t\t<\/div>\n\t\t\t\t<\/div>\n\t\t\t\t\t<\/div>\n\t\t\t\t<\/div>\n\t\t\t\t<\/div>\n\t\t","protected":false},"excerpt":{"rendered":"<p>HAJL\u00cdTOTT L\u00c1GY\u00cdTOTT \u00dcVEG AZ \u00cdVELT L\u00c1GY\u00cdTOTT \u00dcVEGR\u0150L A T Grup Cam-n\u00e9l az \u00edvelt l\u00e1gy\u00edtott \u00fcveg \u00e9lvonalbeli \u00edvelt \u00e9s dimenzi\u00f3s \u00fcvegmegold\u00e1sokat k\u00edn\u00e1l, \u00f6tv\u00f6zve az eszt\u00e9tik\u00e1t a funkcionalit\u00e1ssal a modern \u00e9p\u00edt\u00e9szeti \u00e9s tervez\u00e9si alkalmaz\u00e1sokhoz. A fejlett hajl\u00edt\u00e1si \u00e9s alak\u00edt\u00e1si technol\u00f3gi\u00e1val gy\u00e1rtott hajl\u00edtott \u00fcveg z\u00f6kken\u0151mentes integr\u00e1ci\u00f3t biztos\u00edt az \u00edvelt fel\u00fcletekbe, meg\u0151rizve az optikai tisztas\u00e1got \u00e9s a szerkezeti szil\u00e1rds\u00e1got [&hellip;]<\/p>\n","protected":false},"author":1,"featured_media":0,"parent":2460,"menu_order":0,"comment_status":"closed","ping_status":"closed","template":"elementor_header_footer","meta":{"footnotes":""},"class_list":["post-2513","page","type-page","status-publish","hentry"],"_links":{"self":[{"href":"https:\/\/tgrupcam.com\/index.php\/wp-json\/wp\/v2\/pages\/2513","targetHints":{"allow":["GET"]}}],"collection":[{"href":"https:\/\/tgrupcam.com\/index.php\/wp-json\/wp\/v2\/pages"}],"about":[{"href":"https:\/\/tgrupcam.com\/index.php\/wp-json\/wp\/v2\/types\/page"}],"author":[{"embeddable":true,"href":"https:\/\/tgrupcam.com\/index.php\/wp-json\/wp\/v2\/users\/1"}],"replies":[{"embeddable":true,"href":"https:\/\/tgrupcam.com\/index.php\/wp-json\/wp\/v2\/comments?post=2513"}],"version-history":[{"count":0,"href":"https:\/\/tgrupcam.com\/index.php\/wp-json\/wp\/v2\/pages\/2513\/revisions"}],"up":[{"embeddable":true,"href":"https:\/\/tgrupcam.com\/index.php\/wp-json\/wp\/v2\/pages\/2460"}],"wp:attachment":[{"href":"https:\/\/tgrupcam.com\/index.php\/wp-json\/wp\/v2\/media?parent=2513"}],"curies":[{"name":"wp","href":"https:\/\/api.w.org\/{rel}","templated":true}]}}