{"id":2526,"date":"2025-02-05T11:54:43","date_gmt":"2025-02-05T08:54:43","guid":{"rendered":"https:\/\/tgrupcam.com\/index.php\/marktangebot\/spezialglas\/gebogenes-gegluehtes-glas\/"},"modified":"2025-06-04T14:27:55","modified_gmt":"2025-06-04T11:27:55","slug":"gebogenes-gegluehtes-glas","status":"publish","type":"page","link":"https:\/\/tgrupcam.com\/index.php\/marktangebot\/spezialglas\/gebogenes-gegluehtes-glas\/?lang=de","title":{"rendered":"Gebogenes gegl\u00fchtes Glas"},"content":{"rendered":"\t\t<div data-elementor-type=\"wp-page\" data-elementor-id=\"2526\" class=\"elementor elementor-2526 elementor-41\" data-elementor-post-type=\"page\">\n\t\t\t\t<div class=\"elementor-element elementor-element-3771a438 e-con-full e-flex e-con e-parent\" data-id=\"3771a438\" data-element_type=\"container\" data-e-type=\"container\" data-settings=\"{&quot;background_background&quot;:&quot;classic&quot;,&quot;shape_divider_bottom&quot;:&quot;opacity-fan&quot;}\">\n\t\t\t\t<div class=\"elementor-shape elementor-shape-bottom\" aria-hidden=\"true\" data-negative=\"false\">\n\t\t\t<svg xmlns=\"http:\/\/www.w3.org\/2000\/svg\" viewBox=\"0 0 283.5 19.6\" preserveAspectRatio=\"none\">\n\t<path class=\"elementor-shape-fill\" style=\"opacity:0.33\" d=\"M0 0L0 18.8 141.8 4.1 283.5 18.8 283.5 0z\"\/>\n\t<path class=\"elementor-shape-fill\" style=\"opacity:0.33\" d=\"M0 0L0 12.6 141.8 4 283.5 12.6 283.5 0z\"\/>\n\t<path class=\"elementor-shape-fill\" style=\"opacity:0.33\" d=\"M0 0L0 6.4 141.8 4 283.5 6.4 283.5 0z\"\/>\n\t<path class=\"elementor-shape-fill\" d=\"M0 0L0 1.2 141.8 4 283.5 1.2 283.5 0z\"\/>\n<\/svg>\t\t<\/div>\n\t\t\t\t<div class=\"elementor-element elementor-element-71c3327d elementor-widget elementor-widget-heading\" data-id=\"71c3327d\" data-element_type=\"widget\" data-e-type=\"widget\" data-widget_type=\"heading.default\">\n\t\t\t\t<div class=\"elementor-widget-container\">\n\t\t\t\t\t<h2 class=\"elementor-heading-title elementor-size-default\">GEBOGENES GEGL\u00dcHTES GLAS<\/h2>\t\t\t\t<\/div>\n\t\t\t\t<\/div>\n\t\t\t\t<\/div>\n\t\t<div class=\"elementor-element elementor-element-3337ffb7 e-flex e-con-boxed e-con e-parent\" data-id=\"3337ffb7\" data-element_type=\"container\" data-e-type=\"container\">\n\t\t\t\t\t<div class=\"e-con-inner\">\n\t\t\t\t<div class=\"elementor-element elementor-element-17e93e6 elementor-widget elementor-widget-heading\" data-id=\"17e93e6\" data-element_type=\"widget\" data-e-type=\"widget\" data-widget_type=\"heading.default\">\n\t\t\t\t<div class=\"elementor-widget-container\">\n\t\t\t\t\t<h2 class=\"elementor-heading-title elementor-size-default\">\u00dcBER GEBOGENES GEGL\u00dcHTES GLAS<\/h2>\t\t\t\t<\/div>\n\t\t\t\t<\/div>\n\t\t\t\t<div class=\"elementor-element elementor-element-3a00caea elementor-widget elementor-widget-text-editor\" data-id=\"3a00caea\" data-element_type=\"widget\" data-e-type=\"widget\" data-widget_type=\"text-editor.default\">\n\t\t\t\t<div class=\"elementor-widget-container\">\n\t\t\t\t\t\t\t\t\t<p data-start=\"33\" data-end=\"489\">Bei <strong data-start=\"36\" data-end=\"50\">T Grup Cam<\/strong> bietet unser <strong data-start=\"56\" data-end=\"81\">gebogenes gegl\u00fchtes Glas<\/strong> <strong data-start=\"89\" data-end=\"144\">hochmoderne gebogene und dimensionale Glasl\u00f6sungen<\/strong>, die <strong data-start=\"156\" data-end=\"189\" data-is-only-node=\"\">\u00c4sthetik mit Funktionalit\u00e4t<\/strong> f\u00fcr <strong data-start=\"194\" data-end=\"242\">moderne Architektur- und Designanwendungen<\/strong> verbinden. Unser <strong data-start=\"311\" data-end=\"336\">gebogenes gegl\u00fchtes Glas<\/strong> wird mit <strong data-start=\"262\" data-end=\"305\">fortschrittlicher Biege- und Formgebungstechnologie<\/strong> hergestellt und bietet eine <strong data-start=\"346\" data-end=\"391\">nahtlose Integration in gekr\u00fcmmte Oberfl\u00e4chen<\/strong>, wobei <strong data-start=\"405\" data-end=\"448\">optische Klarheit und strukturelle Festigkeit<\/strong> erhalten bleiben und gleichzeitig <strong data-start=\"464\" data-end=\"486\">Designflexibilit\u00e4t<\/strong> geboten wird. <\/p>\n<p data-start=\"491\" data-end=\"510\"><strong data-start=\"495\" data-end=\"508\">N\u00fctzt:<\/strong><\/p>\n<p data-start=\"512\" data-end=\"1051\">\u2705 <strong data-start=\"514\" data-end=\"545\">Innovativer \u00e4sthetischer Reiz<\/strong> \u2013 Schafft <strong data-start=\"556\" data-end=\"590\">dynamische und futuristische Designs<\/strong> mit gebogenem und geformtem Glas.<br data-start=\"620\" data-end=\"623\">\u2705 <strong data-start=\"625\" data-end=\"644\" data-is-only-node=\"\">Hohe Haltbarkeit<\/strong> \u2013 Hergestellt mit <strong data-start=\"665\" data-end=\"678\">Pr\u00e4zision<\/strong> , um <strong data-start=\"689\" data-end=\"715\">Festigkeit und Langlebigkeit<\/strong> zu gew\u00e4hrleisten.<br data-start=\"716\" data-end=\"719\">\u2705 <strong data-start=\"721\" data-end=\"752\">Anpassbare Formen und Gr\u00f6\u00dfen<\/strong> \u2013 Erh\u00e4ltlich in <strong data-start=\"768\" data-end=\"810\">verschiedenen Kurven, Biegungen und Dicken,<\/strong> um den Projektanforderungen gerecht zu werden.<br data-start=\"841\" data-end=\"844\">\u2705 <strong data-start=\"846\" data-end=\"870\">Nahtlose Integration<\/strong> \u2013 Ideal f\u00fcr <strong data-start=\"883\" data-end=\"935\">moderne Fassaden, Automobil- und Innenarchitekturen<\/strong>.<br data-start=\"936\" data-end=\"939\">\u2705 <strong data-start=\"941\" data-end=\"962\">Energieeffizienz<\/strong> \u2013 Kompatibel mit <strong data-start=\"981\" data-end=\"1024\">emissionsarmen und Sonnenschutzbeschichtungen<\/strong> f\u00fcr eine verbesserte Isolierung.<\/p>\n<p data-start=\"1053\" data-end=\"1076\"><strong data-start=\"1057\" data-end=\"1074\">Antr\u00e4ge:<\/strong><\/p>\n<ul data-start=\"1078\" data-end=\"1287\">\n<li data-start=\"1078\" data-end=\"1119\"><strong data-start=\"1080\" data-end=\"1117\">Architektonische Fassaden &amp; Oberlichter<\/strong><\/li>\n<li data-start=\"1120\" data-end=\"1163\"><strong data-start=\"1122\" data-end=\"1161\">Luxuri\u00f6se Innenarchitektur &amp; Trennw\u00e4nde<\/strong><\/li>\n<li data-start=\"1164\" data-end=\"1200\"><strong data-start=\"1166\" data-end=\"1198\">Einzelhandels- und Ausstellungsdisplays<\/strong><\/li>\n<li data-start=\"1201\" data-end=\"1242\"><strong data-start=\"1203\" data-end=\"1240\">Automobil- und Transportglas<\/strong><\/li>\n<li data-start=\"1243\" data-end=\"1287\"><strong data-start=\"1245\" data-end=\"1285\">M\u00f6bel &amp; dekorative Installationen<\/strong><\/li>\n<\/ul>\n<p data-start=\"1289\" data-end=\"1442\">Unser <strong data-start=\"1293\" data-end=\"1318\">gebogenes gegl\u00fchtes Glas<\/strong> wurde entwickelt <strong data-start=\"1340\" data-end=\"1386\">, um Eleganz, Einzigartigkeit und hohe Leistung<\/strong> in zeitgen\u00f6ssische <strong data-start=\"1403\" data-end=\"1439\">Architektur- und Designprojekte<\/strong> zu bringen.<\/p>\n\t\t\t\t\t\t\t\t<\/div>\n\t\t\t\t<\/div>\n\t\t\t\t\t<\/div>\n\t\t\t\t<\/div>\n\t\t<div class=\"elementor-element elementor-element-f2c7e85 e-flex e-con-boxed e-con e-parent\" data-id=\"f2c7e85\" data-element_type=\"container\" data-e-type=\"container\" data-settings=\"{&quot;background_background&quot;:&quot;classic&quot;}\">\n\t\t\t\t\t<div class=\"e-con-inner\">\n\t\t\t\t<div class=\"elementor-element elementor-element-52978e7 elementor-widget elementor-widget-heading\" data-id=\"52978e7\" data-element_type=\"widget\" data-e-type=\"widget\" data-widget_type=\"heading.default\">\n\t\t\t\t<div class=\"elementor-widget-container\">\n\t\t\t\t\t<h2 class=\"elementor-heading-title elementor-size-default\">MAXIMALE ABMESSUNG 3210 x 8000<\/h2>\t\t\t\t<\/div>\n\t\t\t\t<\/div>\n\t\t\t\t<div class=\"elementor-element elementor-element-0f1f503 elementor-widget elementor-widget-heading\" data-id=\"0f1f503\" data-element_type=\"widget\" data-e-type=\"widget\" data-widget_type=\"heading.default\">\n\t\t\t\t<div class=\"elementor-widget-container\">\n\t\t\t\t\t<h2 class=\"elementor-heading-title elementor-size-default\">MAXIMALE TIEFE 2100<\/h2>\t\t\t\t<\/div>\n\t\t\t\t<\/div>\n\t\t\t\t\t<\/div>\n\t\t\t\t<\/div>\n\t\t<div class=\"elementor-element elementor-element-9ef089a e-flex e-con-boxed e-con e-parent\" data-id=\"9ef089a\" data-element_type=\"container\" data-e-type=\"container\">\n\t\t\t\t\t<div class=\"e-con-inner\">\n\t\t<div class=\"elementor-element elementor-element-5d9c345 e-con-full e-flex e-con e-child\" data-id=\"5d9c345\" data-element_type=\"container\" data-e-type=\"container\">\n\t\t\t\t<div class=\"elementor-element elementor-element-5f80533 elementor-widget elementor-widget-image\" data-id=\"5f80533\" data-element_type=\"widget\" data-e-type=\"widget\" data-widget_type=\"image.default\">\n\t\t\t\t<div class=\"elementor-widget-container\">\n\t\t\t\t\t\t\t\t\t\t\t\t\t\t\t<img fetchpriority=\"high\" decoding=\"async\" width=\"800\" height=\"800\" src=\"https:\/\/tgrupcam.com\/wp-content\/uploads\/2025\/04\/curved-1-1024x1024.jpg\" class=\"attachment-large size-large wp-image-1732\" alt=\"\" srcset=\"https:\/\/tgrupcam.com\/wp-content\/uploads\/2025\/04\/curved-1-1024x1024.jpg 1024w, https:\/\/tgrupcam.com\/wp-content\/uploads\/2025\/04\/curved-1-300x300.jpg 300w, https:\/\/tgrupcam.com\/wp-content\/uploads\/2025\/04\/curved-1-150x150.jpg 150w, https:\/\/tgrupcam.com\/wp-content\/uploads\/2025\/04\/curved-1-768x768.jpg 768w, https:\/\/tgrupcam.com\/wp-content\/uploads\/2025\/04\/curved-1-650x650.jpg 650w, https:\/\/tgrupcam.com\/wp-content\/uploads\/2025\/04\/curved-1.jpg 1080w\" sizes=\"(max-width: 800px) 100vw, 800px\" \/>\t\t\t\t\t\t\t\t\t\t\t\t\t\t\t<\/div>\n\t\t\t\t<\/div>\n\t\t\t\t<div class=\"elementor-element elementor-element-9be170b elementor-widget elementor-widget-heading\" data-id=\"9be170b\" data-element_type=\"widget\" data-e-type=\"widget\" data-widget_type=\"heading.default\">\n\t\t\t\t<div class=\"elementor-widget-container\">\n\t\t\t\t\t<h2 class=\"elementor-heading-title elementor-size-default\">BESSERE SCHALLD\u00c4MMUNG<\/h2>\t\t\t\t<\/div>\n\t\t\t\t<\/div>\n\t\t\t\t<\/div>\n\t\t<div class=\"elementor-element elementor-element-809d3a8 e-con-full e-flex e-con e-child\" data-id=\"809d3a8\" data-element_type=\"container\" data-e-type=\"container\">\n\t\t\t\t<div class=\"elementor-element elementor-element-f8defec elementor-widget elementor-widget-image\" data-id=\"f8defec\" data-element_type=\"widget\" data-e-type=\"widget\" data-widget_type=\"image.default\">\n\t\t\t\t<div class=\"elementor-widget-container\">\n\t\t\t\t\t\t\t\t\t\t\t\t\t\t\t<img decoding=\"async\" width=\"800\" height=\"800\" src=\"https:\/\/tgrupcam.com\/wp-content\/uploads\/2025\/04\/curved-2-1024x1024.jpg\" class=\"attachment-large size-large wp-image-1743\" alt=\"\" srcset=\"https:\/\/tgrupcam.com\/wp-content\/uploads\/2025\/04\/curved-2-1024x1024.jpg 1024w, https:\/\/tgrupcam.com\/wp-content\/uploads\/2025\/04\/curved-2-300x300.jpg 300w, https:\/\/tgrupcam.com\/wp-content\/uploads\/2025\/04\/curved-2-150x150.jpg 150w, https:\/\/tgrupcam.com\/wp-content\/uploads\/2025\/04\/curved-2-768x768.jpg 768w, https:\/\/tgrupcam.com\/wp-content\/uploads\/2025\/04\/curved-2-650x650.jpg 650w, https:\/\/tgrupcam.com\/wp-content\/uploads\/2025\/04\/curved-2.jpg 1080w\" sizes=\"(max-width: 800px) 100vw, 800px\" \/>\t\t\t\t\t\t\t\t\t\t\t\t\t\t\t<\/div>\n\t\t\t\t<\/div>\n\t\t\t\t<div class=\"elementor-element elementor-element-191c2b8 elementor-widget elementor-widget-heading\" data-id=\"191c2b8\" data-element_type=\"widget\" data-e-type=\"widget\" data-widget_type=\"heading.default\">\n\t\t\t\t<div class=\"elementor-widget-container\">\n\t\t\t\t\t<h2 class=\"elementor-heading-title elementor-size-default\">H\u00d6HERE BELASTBARKEIT<\/h2>\t\t\t\t<\/div>\n\t\t\t\t<\/div>\n\t\t\t\t<\/div>\n\t\t<div class=\"elementor-element elementor-element-b28c10a e-con-full e-flex e-con e-child\" data-id=\"b28c10a\" data-element_type=\"container\" data-e-type=\"container\">\n\t\t\t\t<div class=\"elementor-element elementor-element-07c05ac elementor-widget elementor-widget-image\" data-id=\"07c05ac\" data-element_type=\"widget\" data-e-type=\"widget\" data-widget_type=\"image.default\">\n\t\t\t\t<div class=\"elementor-widget-container\">\n\t\t\t\t\t\t\t\t\t\t\t\t\t\t\t<img decoding=\"async\" width=\"800\" height=\"800\" src=\"https:\/\/tgrupcam.com\/wp-content\/uploads\/2025\/04\/curved-3-1024x1024.jpg\" class=\"attachment-large size-large wp-image-1754\" alt=\"\" srcset=\"https:\/\/tgrupcam.com\/wp-content\/uploads\/2025\/04\/curved-3-1024x1024.jpg 1024w, https:\/\/tgrupcam.com\/wp-content\/uploads\/2025\/04\/curved-3-300x300.jpg 300w, https:\/\/tgrupcam.com\/wp-content\/uploads\/2025\/04\/curved-3-150x150.jpg 150w, https:\/\/tgrupcam.com\/wp-content\/uploads\/2025\/04\/curved-3-768x768.jpg 768w, https:\/\/tgrupcam.com\/wp-content\/uploads\/2025\/04\/curved-3-650x650.jpg 650w, https:\/\/tgrupcam.com\/wp-content\/uploads\/2025\/04\/curved-3.jpg 1080w\" sizes=\"(max-width: 800px) 100vw, 800px\" \/>\t\t\t\t\t\t\t\t\t\t\t\t\t\t\t<\/div>\n\t\t\t\t<\/div>\n\t\t\t\t<div class=\"elementor-element elementor-element-d72ec73 elementor-widget elementor-widget-heading\" data-id=\"d72ec73\" data-element_type=\"widget\" data-e-type=\"widget\" data-widget_type=\"heading.default\">\n\t\t\t\t<div class=\"elementor-widget-container\">\n\t\t\t\t\t<h2 class=\"elementor-heading-title elementor-size-default\">VERBESSERTE W\u00c4RMED\u00c4MMUNGF\u00dcR NACHHALTIGE GEB\u00c4UDE<\/h2>\t\t\t\t<\/div>\n\t\t\t\t<\/div>\n\t\t\t\t<\/div>\n\t\t\t\t\t<\/div>\n\t\t\t\t<\/div>\n\t\t<div class=\"elementor-element elementor-element-36d38c1 e-flex e-con-boxed e-con e-parent\" data-id=\"36d38c1\" data-element_type=\"container\" data-e-type=\"container\">\n\t\t\t\t\t<div class=\"e-con-inner\">\n\t\t<div class=\"elementor-element elementor-element-409881d e-con-full e-flex e-con e-child\" data-id=\"409881d\" data-element_type=\"container\" data-e-type=\"container\">\n\t\t\t\t<div class=\"elementor-element elementor-element-0dae54f elementor-widget elementor-widget-image\" data-id=\"0dae54f\" data-element_type=\"widget\" data-e-type=\"widget\" data-widget_type=\"image.default\">\n\t\t\t\t<div class=\"elementor-widget-container\">\n\t\t\t\t\t\t\t\t\t\t\t\t\t\t\t<img loading=\"lazy\" decoding=\"async\" width=\"800\" height=\"800\" src=\"https:\/\/tgrupcam.com\/wp-content\/uploads\/2025\/04\/curved-4-1024x1024.jpg\" class=\"attachment-large size-large wp-image-1765\" alt=\"\" srcset=\"https:\/\/tgrupcam.com\/wp-content\/uploads\/2025\/04\/curved-4-1024x1024.jpg 1024w, https:\/\/tgrupcam.com\/wp-content\/uploads\/2025\/04\/curved-4-300x300.jpg 300w, https:\/\/tgrupcam.com\/wp-content\/uploads\/2025\/04\/curved-4-150x150.jpg 150w, https:\/\/tgrupcam.com\/wp-content\/uploads\/2025\/04\/curved-4-768x768.jpg 768w, https:\/\/tgrupcam.com\/wp-content\/uploads\/2025\/04\/curved-4-650x650.jpg 650w, https:\/\/tgrupcam.com\/wp-content\/uploads\/2025\/04\/curved-4.jpg 1080w\" sizes=\"(max-width: 800px) 100vw, 800px\" \/>\t\t\t\t\t\t\t\t\t\t\t\t\t\t\t<\/div>\n\t\t\t\t<\/div>\n\t\t\t\t<div class=\"elementor-element elementor-element-c0f4c73 elementor-widget elementor-widget-heading\" data-id=\"c0f4c73\" data-element_type=\"widget\" data-e-type=\"widget\" data-widget_type=\"heading.default\">\n\t\t\t\t<div class=\"elementor-widget-container\">\n\t\t\t\t\t<h2 class=\"elementor-heading-title elementor-size-default\">VERBESSERTESICHERHEIT<\/h2>\t\t\t\t<\/div>\n\t\t\t\t<\/div>\n\t\t\t\t<\/div>\n\t\t<div class=\"elementor-element elementor-element-ffe5bdd e-con-full e-flex e-con e-child\" data-id=\"ffe5bdd\" data-element_type=\"container\" data-e-type=\"container\">\n\t\t\t\t<div class=\"elementor-element elementor-element-8091477 elementor-widget elementor-widget-image\" data-id=\"8091477\" data-element_type=\"widget\" data-e-type=\"widget\" data-widget_type=\"image.default\">\n\t\t\t\t<div class=\"elementor-widget-container\">\n\t\t\t\t\t\t\t\t\t\t\t\t\t\t\t<img loading=\"lazy\" decoding=\"async\" width=\"800\" height=\"800\" src=\"https:\/\/tgrupcam.com\/wp-content\/uploads\/2025\/04\/curved-5-1024x1024.jpg\" class=\"attachment-large size-large wp-image-1776\" alt=\"\" srcset=\"https:\/\/tgrupcam.com\/wp-content\/uploads\/2025\/04\/curved-5-1024x1024.jpg 1024w, https:\/\/tgrupcam.com\/wp-content\/uploads\/2025\/04\/curved-5-300x300.jpg 300w, https:\/\/tgrupcam.com\/wp-content\/uploads\/2025\/04\/curved-5-150x150.jpg 150w, https:\/\/tgrupcam.com\/wp-content\/uploads\/2025\/04\/curved-5-768x768.jpg 768w, https:\/\/tgrupcam.com\/wp-content\/uploads\/2025\/04\/curved-5-650x650.jpg 650w, https:\/\/tgrupcam.com\/wp-content\/uploads\/2025\/04\/curved-5.jpg 1080w\" sizes=\"(max-width: 800px) 100vw, 800px\" \/>\t\t\t\t\t\t\t\t\t\t\t\t\t\t\t<\/div>\n\t\t\t\t<\/div>\n\t\t\t\t<div class=\"elementor-element elementor-element-85eebbf elementor-widget elementor-widget-heading\" data-id=\"85eebbf\" data-element_type=\"widget\" data-e-type=\"widget\" data-widget_type=\"heading.default\">\n\t\t\t\t<div class=\"elementor-widget-container\">\n\t\t\t\t\t<h2 class=\"elementor-heading-title elementor-size-default\">KEINE SICHTBAREKONSTRUKTION<\/h2>\t\t\t\t<\/div>\n\t\t\t\t<\/div>\n\t\t\t\t<\/div>\n\t\t<div class=\"elementor-element elementor-element-56c6f0a e-con-full e-flex e-con e-child\" data-id=\"56c6f0a\" data-element_type=\"container\" data-e-type=\"container\">\n\t\t\t\t<div class=\"elementor-element elementor-element-f7f3384 elementor-widget elementor-widget-image\" data-id=\"f7f3384\" data-element_type=\"widget\" data-e-type=\"widget\" data-widget_type=\"image.default\">\n\t\t\t\t<div class=\"elementor-widget-container\">\n\t\t\t\t\t\t\t\t\t\t\t\t\t\t\t<img loading=\"lazy\" decoding=\"async\" width=\"800\" height=\"800\" src=\"https:\/\/tgrupcam.com\/wp-content\/uploads\/2025\/04\/curved-6-1024x1024.jpg\" class=\"attachment-large size-large wp-image-1787\" alt=\"\" srcset=\"https:\/\/tgrupcam.com\/wp-content\/uploads\/2025\/04\/curved-6-1024x1024.jpg 1024w, https:\/\/tgrupcam.com\/wp-content\/uploads\/2025\/04\/curved-6-300x300.jpg 300w, https:\/\/tgrupcam.com\/wp-content\/uploads\/2025\/04\/curved-6-150x150.jpg 150w, https:\/\/tgrupcam.com\/wp-content\/uploads\/2025\/04\/curved-6-768x768.jpg 768w, https:\/\/tgrupcam.com\/wp-content\/uploads\/2025\/04\/curved-6-650x650.jpg 650w, https:\/\/tgrupcam.com\/wp-content\/uploads\/2025\/04\/curved-6.jpg 1080w\" sizes=\"(max-width: 800px) 100vw, 800px\" \/>\t\t\t\t\t\t\t\t\t\t\t\t\t\t\t<\/div>\n\t\t\t\t<\/div>\n\t\t\t\t<div class=\"elementor-element elementor-element-2b05f91 elementor-widget elementor-widget-heading\" data-id=\"2b05f91\" data-element_type=\"widget\" data-e-type=\"widget\" data-widget_type=\"heading.default\">\n\t\t\t\t<div class=\"elementor-widget-container\">\n\t\t\t\t\t<h2 class=\"elementor-heading-title elementor-size-default\">\u00c4STHETISCHES ERSCHEINUNGSBILD, PRIVATSPH\u00c4RE UND GUT BELEUCHTETE R\u00c4UME<\/h2>\t\t\t\t<\/div>\n\t\t\t\t<\/div>\n\t\t\t\t<\/div>\n\t\t\t\t\t<\/div>\n\t\t\t\t<\/div>\n\t\t<div class=\"elementor-element elementor-element-3d0d26ba e-flex e-con-boxed e-con e-parent\" data-id=\"3d0d26ba\" data-element_type=\"container\" data-e-type=\"container\" data-settings=\"{&quot;background_background&quot;:&quot;classic&quot;,&quot;background_motion_fx_motion_fx_scrolling&quot;:&quot;yes&quot;,&quot;background_motion_fx_translateY_effect&quot;:&quot;yes&quot;,&quot;background_motion_fx_translateY_speed&quot;:{&quot;unit&quot;:&quot;px&quot;,&quot;size&quot;:4,&quot;sizes&quot;:[]},&quot;background_motion_fx_translateY_affectedRange&quot;:{&quot;unit&quot;:&quot;%&quot;,&quot;size&quot;:&quot;&quot;,&quot;sizes&quot;:{&quot;start&quot;:0,&quot;end&quot;:100}},&quot;background_motion_fx_devices&quot;:[&quot;desktop&quot;,&quot;tablet&quot;,&quot;mobile&quot;]}\">\n\t\t\t\t\t<div class=\"e-con-inner\">\n\t\t\t\t\t<\/div>\n\t\t\t\t<\/div>\n\t\t<div class=\"elementor-element elementor-element-41682cdf e-flex e-con-boxed e-con e-parent\" data-id=\"41682cdf\" data-element_type=\"container\" data-e-type=\"container\" data-settings=\"{&quot;background_background&quot;:&quot;classic&quot;,&quot;background_motion_fx_motion_fx_scrolling&quot;:&quot;yes&quot;,&quot;background_motion_fx_translateY_effect&quot;:&quot;yes&quot;,&quot;background_motion_fx_translateY_speed&quot;:{&quot;unit&quot;:&quot;px&quot;,&quot;size&quot;:4,&quot;sizes&quot;:[]},&quot;background_motion_fx_translateY_affectedRange&quot;:{&quot;unit&quot;:&quot;%&quot;,&quot;size&quot;:&quot;&quot;,&quot;sizes&quot;:{&quot;start&quot;:0,&quot;end&quot;:100}},&quot;background_motion_fx_devices&quot;:[&quot;desktop&quot;,&quot;tablet&quot;,&quot;mobile&quot;]}\">\n\t\t\t\t\t<div class=\"e-con-inner\">\n\t\t\t\t<div class=\"elementor-element elementor-element-13d4eeb3 elementor-widget elementor-widget-heading\" data-id=\"13d4eeb3\" data-element_type=\"widget\" data-e-type=\"widget\" data-widget_type=\"heading.default\">\n\t\t\t\t<div class=\"elementor-widget-container\">\n\t\t\t\t\t<h2 class=\"elementor-heading-title elementor-size-default\">Wir \u00e4ndern st\u00e4ndig unsere Herstellungsprozesse und Gewohnheiten, um die negativen Auswirkungen auf die Umwelt zu begrenzen.<\/h2>\t\t\t\t<\/div>\n\t\t\t\t<\/div>\n\t\t\t\t<div class=\"elementor-element elementor-element-1a543eff elementor-widget elementor-widget-text-editor\" data-id=\"1a543eff\" data-element_type=\"widget\" data-e-type=\"widget\" data-widget_type=\"text-editor.default\">\n\t\t\t\t<div class=\"elementor-widget-container\">\n\t\t\t\t\t\t\t\t\t<p>Um die Ver\u00e4nderungen zu erleichtern, haben wir die ISO 14001 eingef\u00fchrt, das weltweite Managementsystem f\u00fcr den Umweltschutz.<\/p>\n\t\t\t\t\t\t\t\t<\/div>\n\t\t\t\t<\/div>\n\t\t\t\t<div class=\"elementor-element elementor-element-1d9dc4a2 elementor-align-center elementor-widget elementor-widget-button\" data-id=\"1d9dc4a2\" data-element_type=\"widget\" data-e-type=\"widget\" data-widget_type=\"button.default\">\n\t\t\t\t<div class=\"elementor-widget-container\">\n\t\t\t\t\t\t\t\t\t<div class=\"elementor-button-wrapper\">\n\t\t\t\t\t<a class=\"elementor-button elementor-button-link elementor-size-sm\" href=\"https:\/\/tgrupcam.com\/index.php\/kontakt\/?lang=de\">\n\t\t\t\t\t\t<span class=\"elementor-button-content-wrapper\">\n\t\t\t\t\t\t\t\t\t<span class=\"elementor-button-text\">Kontaktieren Sie uns<\/span>\n\t\t\t\t\t<\/span>\n\t\t\t\t\t<\/a>\n\t\t\t\t<\/div>\n\t\t\t\t\t\t\t\t<\/div>\n\t\t\t\t<\/div>\n\t\t\t\t\t<\/div>\n\t\t\t\t<\/div>\n\t\t\t\t<\/div>\n\t\t","protected":false},"excerpt":{"rendered":"<p>GEBOGENES GEGL\u00dcHTES GLAS \u00dcBER GEBOGENES GEGL\u00dcHTES GLAS Bei T Grup Cam bietet unser gebogenes gegl\u00fchtes Glas hochmoderne gebogene und dimensionale Glasl\u00f6sungen, die \u00c4sthetik mit Funktionalit\u00e4t f\u00fcr moderne Architektur- und Designanwendungen verbinden. Unser gebogenes gegl\u00fchtes Glas wird mit fortschrittlicher Biege- und Formgebungstechnologie hergestellt und bietet eine nahtlose Integration in gekr\u00fcmmte Oberfl\u00e4chen, wobei optische Klarheit und strukturelle [&hellip;]<\/p>\n","protected":false},"author":1,"featured_media":0,"parent":2470,"menu_order":0,"comment_status":"closed","ping_status":"closed","template":"elementor_header_footer","meta":{"footnotes":""},"class_list":["post-2526","page","type-page","status-publish","hentry"],"_links":{"self":[{"href":"https:\/\/tgrupcam.com\/index.php\/wp-json\/wp\/v2\/pages\/2526","targetHints":{"allow":["GET"]}}],"collection":[{"href":"https:\/\/tgrupcam.com\/index.php\/wp-json\/wp\/v2\/pages"}],"about":[{"href":"https:\/\/tgrupcam.com\/index.php\/wp-json\/wp\/v2\/types\/page"}],"author":[{"embeddable":true,"href":"https:\/\/tgrupcam.com\/index.php\/wp-json\/wp\/v2\/users\/1"}],"replies":[{"embeddable":true,"href":"https:\/\/tgrupcam.com\/index.php\/wp-json\/wp\/v2\/comments?post=2526"}],"version-history":[{"count":0,"href":"https:\/\/tgrupcam.com\/index.php\/wp-json\/wp\/v2\/pages\/2526\/revisions"}],"up":[{"embeddable":true,"href":"https:\/\/tgrupcam.com\/index.php\/wp-json\/wp\/v2\/pages\/2470"}],"wp:attachment":[{"href":"https:\/\/tgrupcam.com\/index.php\/wp-json\/wp\/v2\/media?parent=2526"}],"curies":[{"name":"wp","href":"https:\/\/api.w.org\/{rel}","templated":true}]}}