{"id":2546,"date":"2025-02-05T11:55:03","date_gmt":"2025-02-05T08:55:03","guid":{"rendered":"https:\/\/tgrupcam.com\/index.php\/oferta-de-piata\/sticla-speciala\/test-de-inmuiere-termica-hst\/"},"modified":"2025-06-04T12:15:13","modified_gmt":"2025-06-04T09:15:13","slug":"test-de-inmuiere-termica-hst","status":"publish","type":"page","link":"https:\/\/tgrupcam.com\/index.php\/oferta-de-piata\/sticla-speciala\/test-de-inmuiere-termica-hst\/?lang=ro","title":{"rendered":"Test de \u00eenmuiere termic\u0103 \u2013 HST"},"content":{"rendered":"\t\t<div data-elementor-type=\"wp-page\" data-elementor-id=\"2546\" class=\"elementor elementor-2546 elementor-45\" data-elementor-post-type=\"page\">\n\t\t\t\t<div class=\"elementor-element elementor-element-2bfee545 e-con-full e-flex e-con e-parent\" data-id=\"2bfee545\" data-element_type=\"container\" data-e-type=\"container\" data-settings=\"{&quot;background_background&quot;:&quot;classic&quot;,&quot;shape_divider_bottom&quot;:&quot;opacity-fan&quot;}\">\n\t\t\t\t<div class=\"elementor-shape elementor-shape-bottom\" aria-hidden=\"true\" data-negative=\"false\">\n\t\t\t<svg xmlns=\"http:\/\/www.w3.org\/2000\/svg\" viewBox=\"0 0 283.5 19.6\" preserveAspectRatio=\"none\">\n\t<path class=\"elementor-shape-fill\" style=\"opacity:0.33\" d=\"M0 0L0 18.8 141.8 4.1 283.5 18.8 283.5 0z\"\/>\n\t<path class=\"elementor-shape-fill\" style=\"opacity:0.33\" d=\"M0 0L0 12.6 141.8 4 283.5 12.6 283.5 0z\"\/>\n\t<path class=\"elementor-shape-fill\" style=\"opacity:0.33\" d=\"M0 0L0 6.4 141.8 4 283.5 6.4 283.5 0z\"\/>\n\t<path class=\"elementor-shape-fill\" d=\"M0 0L0 1.2 141.8 4 283.5 1.2 283.5 0z\"\/>\n<\/svg>\t\t<\/div>\n\t\t\t\t<div class=\"elementor-element elementor-element-2ef33b39 elementor-widget elementor-widget-heading\" data-id=\"2ef33b39\" data-element_type=\"widget\" data-e-type=\"widget\" data-widget_type=\"heading.default\">\n\t\t\t\t<div class=\"elementor-widget-container\">\n\t\t\t\t\t<h2 class=\"elementor-heading-title elementor-size-default\">TEST DE \u00ceNMUIERE LA C\u0102LDUR\u0102 - HST<\/h2>\t\t\t\t<\/div>\n\t\t\t\t<\/div>\n\t\t\t\t<\/div>\n\t\t<div class=\"elementor-element elementor-element-34dc5698 e-flex e-con-boxed e-con e-parent\" data-id=\"34dc5698\" data-element_type=\"container\" data-e-type=\"container\">\n\t\t\t\t\t<div class=\"e-con-inner\">\n\t\t\t\t<div class=\"elementor-element elementor-element-7af5518b elementor-widget elementor-widget-heading\" data-id=\"7af5518b\" data-element_type=\"widget\" data-e-type=\"widget\" data-widget_type=\"heading.default\">\n\t\t\t\t<div class=\"elementor-widget-container\">\n\t\t\t\t\t<h2 class=\"elementor-heading-title elementor-size-default\">DESPRE TESTUL DE \u00ceNMUIERE LA C\u0102LDUR\u0102 - HST<\/h2>\t\t\t\t<\/div>\n\t\t\t\t<\/div>\n\t\t\t\t<div class=\"elementor-element elementor-element-77c59f0d elementor-widget elementor-widget-text-editor\" data-id=\"77c59f0d\" data-element_type=\"widget\" data-e-type=\"widget\" data-widget_type=\"text-editor.default\">\n\t\t\t\t<div class=\"elementor-widget-container\">\n\t\t\t\t\t\t\t\t\t<p>La <strong>T Grup Cam<\/strong>, efectu\u0103m <strong>teste de \u00eenmuiere termic\u0103 (HST)<\/strong> pentru a spori <strong>siguran\u021ba \u0219i fiabilitatea<\/strong> <strong>sticlei noastre securizate<\/strong>. Acest proces ajut\u0103 <strong>la reducerea riscului de rupere spontan\u0103<\/strong> cauzat\u0103 de <strong>incluziunile de sulfur\u0103 de nichel (NiS),<\/strong> asigur\u00e2nd <strong>durabilitate \u0219i performan\u021b\u0103 mai mari<\/strong> \u00een aplica\u021bii solicitante. <\/p>\n<p><strong>Ce este testarea de \u00eenmuiere termic\u0103?<\/strong><\/p>\n<p><strong>Procesul HST<\/strong> implic\u0103 plasarea <strong>sticlei securizate<\/strong> \u00eentr-o <strong>camer\u0103 de \u00eenmuiere cu c\u0103ldur\u0103<\/strong> controlat\u0103, unde este \u00eenc\u0103lzit\u0103 la aproximativ <strong>290 \u00b0 C (554 \u00b0 F)<\/strong> pentru o anumit\u0103 perioad\u0103. Aceast\u0103 \u00eenc\u0103lzire controlat\u0103 accelereaz\u0103 <strong>expansiunea oric\u0103ror incluziuni de sulfur\u0103 de nichel<\/strong>, provoc\u00e2nd spargerea sticlei defecte <strong>\u00eenainte de instalare<\/strong>, mai degrab\u0103 dec\u00e2t dup\u0103 ce a fost pus\u0103 \u00een func\u021biune. <\/p>\n<p><strong>Beneficiile HST:<\/strong><\/p>\n<p>\u2705 <strong>Previne spargerea spontan\u0103<\/strong> \u2013 Detecteaz\u0103 \u0219i elimin\u0103 sticla cu impurit\u0103\u021bi ascunse.<br \/>\u2705 <strong>Siguran\u021b\u0103 \u0219i fiabilitate \u00eembun\u0103t\u0103\u021bite<\/strong> \u2013 Asigur\u0103 c\u0103 este instalat\u0103 numai sticl\u0103 de <strong>\u00eenalt\u0103 calitate, f\u0103r\u0103 defecte<\/strong> .<br \/>\u2705 <strong>Conformitate cu standardele interna\u021bionale<\/strong> \u2013 Respect\u0103 reglement\u0103rile de siguran\u021b\u0103 din industrie pentru <strong>fa\u021badele cl\u0103dirilor, balustradele \u0219i geamurile structurale<\/strong>.<br \/>\u2705 <strong>Esen\u021bial pentru aplica\u021bii critice<\/strong> \u2013 Recomandat pentru <strong>zone cu risc ridicat, cum ar fi pere\u021bii cortin\u0103, geamurile aeriene \u0219i spa\u021biile publice<\/strong>.<\/p>\n<p><strong>Aplica\u0163ii:<\/strong><\/p>\n<ul>\n<li><strong>Fa\u021bade \u0219i pere\u021bi cortin\u0103<\/strong><\/li>\n<li><strong>Balustrade \u0219i balustrade din sticl\u0103<\/strong><\/li>\n<li><strong>Luminatoare \u0219i geamuri de acoperi\u0219<\/strong><\/li>\n<li><strong>Elemente structurale din sticl\u0103<\/strong><\/li>\n<li><strong>Spa\u021bii publice cu risc ridicat<\/strong><\/li>\n<\/ul>\n<p>Prin integrarea <strong>test\u0103rii prin \u00eenmuiere termic\u0103<\/strong>, <strong>T Grup Cam<\/strong> se asigur\u0103 c\u0103 <strong>sticla noastr\u0103 securizat\u0103 \u00eendepline\u0219te cele mai \u00eenalte standarde de siguran\u021b\u0103<\/strong>, oferind <strong>lini\u0219te sufleteasc\u0103 \u0219i fiabilitate pe termen lung<\/strong> pentru arhitec\u021bi, ingineri \u0219i dezvoltatori de proiecte.<\/p>\n\t\t\t\t\t\t\t\t<\/div>\n\t\t\t\t<\/div>\n\t\t\t\t\t<\/div>\n\t\t\t\t<\/div>\n\t\t<div class=\"elementor-element elementor-element-1bd595ba e-flex e-con-boxed e-con e-parent\" data-id=\"1bd595ba\" data-element_type=\"container\" data-e-type=\"container\" data-settings=\"{&quot;background_background&quot;:&quot;classic&quot;,&quot;background_motion_fx_motion_fx_scrolling&quot;:&quot;yes&quot;,&quot;background_motion_fx_translateY_effect&quot;:&quot;yes&quot;,&quot;background_motion_fx_translateY_speed&quot;:{&quot;unit&quot;:&quot;px&quot;,&quot;size&quot;:4,&quot;sizes&quot;:[]},&quot;background_motion_fx_translateY_affectedRange&quot;:{&quot;unit&quot;:&quot;%&quot;,&quot;size&quot;:&quot;&quot;,&quot;sizes&quot;:{&quot;start&quot;:0,&quot;end&quot;:100}},&quot;background_motion_fx_devices&quot;:[&quot;desktop&quot;,&quot;tablet&quot;,&quot;mobile&quot;]}\">\n\t\t\t\t\t<div class=\"e-con-inner\">\n\t\t\t\t\t<\/div>\n\t\t\t\t<\/div>\n\t\t<div class=\"elementor-element elementor-element-6939f4e5 e-flex e-con-boxed e-con e-parent\" data-id=\"6939f4e5\" data-element_type=\"container\" data-e-type=\"container\">\n\t\t\t\t\t<div class=\"e-con-inner\">\n\t\t<div class=\"elementor-element elementor-element-2a2c90ec e-con-full e-flex e-con e-child\" data-id=\"2a2c90ec\" data-element_type=\"container\" data-e-type=\"container\">\n\t\t\t\t<div class=\"elementor-element elementor-element-10d90f6c elementor-widget elementor-widget-heading\" data-id=\"10d90f6c\" data-element_type=\"widget\" data-e-type=\"widget\" data-widget_type=\"heading.default\">\n\t\t\t\t<div class=\"elementor-widget-container\">\n\t\t\t\t\t<h2 class=\"elementor-heading-title elementor-size-default\">Cum func\u021bioneaz\u0103 testul de \u00eenmuiere termic\u0103 (HST) cu sticla securizat\u0103?<\/h2>\t\t\t\t<\/div>\n\t\t\t\t<\/div>\n\t\t\t\t<div class=\"elementor-element elementor-element-5df66167 elementor-widget elementor-widget-text-editor\" data-id=\"5df66167\" data-element_type=\"widget\" data-e-type=\"widget\" data-widget_type=\"text-editor.default\">\n\t\t\t\t<div class=\"elementor-widget-container\">\n\t\t\t\t\t\t\t\t\t<p>La <strong>T Grup Cam<\/strong>, acord\u0103m <strong>prioritate siguran\u021bei \u0219i durabilit\u0103\u021bii<\/strong> \u00een toate produsele noastre <strong>din sticl\u0103 securizat\u0103<\/strong>. \u00cen\u021belegerea riscului de <strong>rupere spontan\u0103 din cauza incluziunilor de sulfur\u0103 de nichel (NiS)<\/strong> a dus la dezvoltarea <strong>testului de \u00eenmuiere termic\u0103 (HST)<\/strong> &#8211; o <strong>metod\u0103 preventiv\u0103<\/strong> care identific\u0103 \u0219i elimin\u0103 sticla defect\u0103 \u00eenainte de instalare. <\/p>\n<p>\u00cen timpul <strong>HST<\/strong>, <strong>sticla securizat\u0103<\/strong> este \u00eenc\u0103lzit\u0103 la aproximativ <strong>290\u00b0C<\/strong> pentru o durat\u0103 specificat\u0103, conform <strong>standardelor interna\u021bionale de siguran\u021b\u0103<\/strong>. Acest proces accelereaz\u0103 <strong>orice expansiune ascuns\u0103 a sulfurii de nichel<\/strong>, provoc\u00e2nd ruperea a <strong>aproape 99% a geamurilor defecte<\/strong> \u00een interiorul camerei de testare controlate, mai degrab\u0103 dec\u00e2t dup\u0103 instalare. <\/p>\n\t\t\t\t\t\t\t\t<\/div>\n\t\t\t\t<\/div>\n\t\t\t\t<\/div>\n\t\t\t\t\t<\/div>\n\t\t\t\t<\/div>\n\t\t<div class=\"elementor-element elementor-element-51a0e7d8 e-flex e-con-boxed e-con e-parent\" data-id=\"51a0e7d8\" data-element_type=\"container\" data-e-type=\"container\" data-settings=\"{&quot;background_background&quot;:&quot;classic&quot;}\">\n\t\t\t\t\t<div class=\"e-con-inner\">\n\t\t\t\t<div class=\"elementor-element elementor-element-1711a5df elementor-widget elementor-widget-heading\" data-id=\"1711a5df\" data-element_type=\"widget\" data-e-type=\"widget\" data-widget_type=\"heading.default\">\n\t\t\t\t<div class=\"elementor-widget-container\">\n\t\t\t\t\t<h2 class=\"elementor-heading-title elementor-size-default\">De ce ar trebui s\u0103 alege\u021bi sticla securizat\u0103 HST?<\/h2>\t\t\t\t<\/div>\n\t\t\t\t<\/div>\n\t\t\t\t<div class=\"elementor-element elementor-element-3f21b470 elementor-widget elementor-widget-text-editor\" data-id=\"3f21b470\" data-element_type=\"widget\" data-e-type=\"widget\" data-widget_type=\"text-editor.default\">\n\t\t\t\t<div class=\"elementor-widget-container\">\n\t\t\t\t\t\t\t\t\t<p>Odat\u0103 cu <strong>cre\u0219terea reglement\u0103rilor de siguran\u021b\u0103<\/strong> \u0219i cre\u0219terea gradului de con\u0219tientizare \u00een r\u00e2ndul <strong>arhitec\u021bilor, antreprenorilor \u0219i investitorilor<\/strong>, multe proiecte la scar\u0103 larg\u0103 <strong>necesit\u0103<\/strong> acum sticl\u0103 testat\u0103 HST.<\/p>\n<p>\ud83d\udd39 <strong>Previne \u00eenlocuirile costisitoare<\/strong> \u2013 Sticla spart\u0103 trebuie <strong>\u00eenlocuit\u0103 prompt<\/strong>, necesit\u00e2nd <strong>adesea macarale de ridicare sau echipamente specializate<\/strong>, ceea ce duce la <strong>costuri ridicate de repara\u021bii<\/strong>.<\/p>\n<p>\ud83d\udd39 <strong>\u00cembun\u0103t\u0103\u021be\u0219te securitatea cl\u0103dirii<\/strong> \u2013 O <strong>fa\u021bad\u0103 sau o unitate de geam spart\u0103<\/strong> poate l\u0103sa cl\u0103dirile <strong>vulnerabile<\/strong>, compromi\u021b\u00e2nd securitatea \u0219i controlul accesului.<\/p>\n<p>\ud83d\udd39 <strong>Reduce riscurile de r\u0103nire \u0219i problemele legale<\/strong> \u2013 Dac\u0103 un <strong>geam de sticl\u0103 de mare altitudine<\/strong> se sparge, chiar \u0219i <strong>fragmente mici, cu margini contondente,<\/strong> pot <strong>r\u0103ni pietonii<\/strong> de dedesubt, ceea ce duce la <strong>r\u0103spunderi legale pentru proprietarii \u0219i administratorii cl\u0103dirilor<\/strong>.<\/p>\n<p>La <strong>T Grup Cam<\/strong>, ne asigur\u0103m c\u0103 <strong>sticla noastr\u0103 securizat\u0103 HST \u00eendepline\u0219te cele mai \u00eenalte standarde de siguran\u021b\u0103<\/strong>, oferind <strong>lini\u0219te sufleteasc\u0103, durabilitate \u0219i fiabilitate<\/strong> pentru <strong>aplica\u021bii arhitecturale \u0219i industriale<\/strong> moderne.<\/p><\/p>\n\t\t\t\t\t\t\t\t<\/div>\n\t\t\t\t<\/div>\n\t\t\t\t\t<\/div>\n\t\t\t\t<\/div>\n\t\t<div class=\"elementor-element elementor-element-499595c3 e-flex e-con-boxed e-con e-parent\" data-id=\"499595c3\" data-element_type=\"container\" data-e-type=\"container\">\n\t\t\t\t\t<div class=\"e-con-inner\">\n\t\t\t\t<div class=\"elementor-element elementor-element-525b3c1d elementor-widget elementor-widget-heading\" data-id=\"525b3c1d\" data-element_type=\"widget\" data-e-type=\"widget\" data-widget_type=\"heading.default\">\n\t\t\t\t<div class=\"elementor-widget-container\">\n\t\t\t\t\t<h2 class=\"elementor-heading-title elementor-size-default\">SO SHAJ TE OFERAS<\/h2>\t\t\t\t<\/div>\n\t\t\t\t<\/div>\n\t\t\t\t<div class=\"elementor-element elementor-element-3058ebd3 elementor-widget elementor-widget-text-editor\" data-id=\"3058ebd3\" data-element_type=\"widget\" data-e-type=\"widget\" data-widget_type=\"text-editor.default\">\n\t\t\t\t<div class=\"elementor-widget-container\">\n\t\t\t\t\t\t\t\t\t<mesa><br><tbody>\r\n<tr>\r\n<td><strong>Staklo\r\nthulipe\r\n[mm]<\/strong><\/td>\r\n<td><strong>Minimumo panelo\r\ndimenzie\r\n[mm]<\/strong><\/td>\r\n<td><strong>Maximum\r\ndimenzije e panelosqe\r\n[mm]<\/strong><\/td>\r\n<\/tr>\r\n<tr>\r\n<td>4-19<\/td>\r\n<td>Minimalno dimenzia\r\n\r\ne maj lungo rig 400 mm<\/td>\r\n<td>3210 x 8000<\/td>\r\n\r\n<\/tr>\r\n<\/tbody><br><\/table>\t\t\t\t\t\t\t\t<\/div>\n\t\t\t\t<\/div>\n\t\t\t\t\t<\/div>\n\t\t\t\t<\/div>\n\t\t<div class=\"elementor-element elementor-element-6d10d100 e-flex e-con-boxed e-con e-parent\" data-id=\"6d10d100\" data-element_type=\"container\" data-e-type=\"container\" data-settings=\"{&quot;background_background&quot;:&quot;classic&quot;,&quot;background_motion_fx_motion_fx_scrolling&quot;:&quot;yes&quot;,&quot;background_motion_fx_translateY_effect&quot;:&quot;yes&quot;,&quot;background_motion_fx_translateY_speed&quot;:{&quot;unit&quot;:&quot;px&quot;,&quot;size&quot;:4,&quot;sizes&quot;:[]},&quot;background_motion_fx_translateY_affectedRange&quot;:{&quot;unit&quot;:&quot;%&quot;,&quot;size&quot;:&quot;&quot;,&quot;sizes&quot;:{&quot;start&quot;:0,&quot;end&quot;:100}},&quot;background_motion_fx_devices&quot;:[&quot;desktop&quot;,&quot;tablet&quot;,&quot;mobile&quot;]}\">\n\t\t\t\t\t<div class=\"e-con-inner\">\n\t\t\t\t<div class=\"elementor-element elementor-element-302d0a7c elementor-widget elementor-widget-heading\" data-id=\"302d0a7c\" data-element_type=\"widget\" data-e-type=\"widget\" data-widget_type=\"heading.default\">\n\t\t\t\t<div class=\"elementor-widget-container\">\n\t\t\t\t\t<h2 class=\"elementor-heading-title elementor-size-default\">Ne modific\u0103m constant procesele de fabrica\u021bie \u0219i schimb\u0103m obiceiurile pentru a limita efectul negativ asupra mediului.<\/h2>\t\t\t\t<\/div>\n\t\t\t\t<\/div>\n\t\t\t\t<div class=\"elementor-element elementor-element-4f39d505 elementor-widget elementor-widget-text-editor\" data-id=\"4f39d505\" data-element_type=\"widget\" data-e-type=\"widget\" data-widget_type=\"text-editor.default\">\n\t\t\t\t<div class=\"elementor-widget-container\">\n\t\t\t\t\t\t\t\t\t<p>Pentru a facilita schimb\u0103rile, am adoptat ISO 14001, sistemul de management mondial pentru protec\u021bia mediului.<\/p>\n\t\t\t\t\t\t\t\t<\/div>\n\t\t\t\t<\/div>\n\t\t\t\t<div class=\"elementor-element elementor-element-5813ce90 elementor-align-center elementor-widget elementor-widget-button\" data-id=\"5813ce90\" data-element_type=\"widget\" data-e-type=\"widget\" data-widget_type=\"button.default\">\n\t\t\t\t<div class=\"elementor-widget-container\">\n\t\t\t\t\t\t\t\t\t<div class=\"elementor-button-wrapper\">\n\t\t\t\t\t<a class=\"elementor-button elementor-button-link elementor-size-sm\" href=\"https:\/\/tgrupcam.com\/index.php\/kontakto\/?lang=ro\">\n\t\t\t\t\t\t<span class=\"elementor-button-content-wrapper\">\n\t\t\t\t\t\t\t\t\t<span class=\"elementor-button-text\">Contacta\u021bi-ne<\/span>\n\t\t\t\t\t<\/span>\n\t\t\t\t\t<\/a>\n\t\t\t\t<\/div>\n\t\t\t\t\t\t\t\t<\/div>\n\t\t\t\t<\/div>\n\t\t\t\t\t<\/div>\n\t\t\t\t<\/div>\n\t\t\t\t<\/div>\n\t\t","protected":false},"excerpt":{"rendered":"<p>TEST DE \u00ceNMUIERE LA C\u0102LDUR\u0102 &#8211; HST DESPRE TESTUL DE \u00ceNMUIERE LA C\u0102LDUR\u0102 &#8211; HST La T Grup Cam, efectu\u0103m teste de \u00eenmuiere termic\u0103 (HST) pentru a spori siguran\u021ba \u0219i fiabilitatea sticlei noastre securizate. Acest proces ajut\u0103 la reducerea riscului de rupere spontan\u0103 cauzat\u0103 de incluziunile de sulfur\u0103 de nichel (NiS), asigur\u00e2nd durabilitate \u0219i performan\u021b\u0103 [&hellip;]<\/p>\n","protected":false},"author":1,"featured_media":0,"parent":2505,"menu_order":0,"comment_status":"closed","ping_status":"closed","template":"elementor_header_footer","meta":{"footnotes":""},"class_list":["post-2546","page","type-page","status-publish","hentry"],"_links":{"self":[{"href":"https:\/\/tgrupcam.com\/index.php\/wp-json\/wp\/v2\/pages\/2546","targetHints":{"allow":["GET"]}}],"collection":[{"href":"https:\/\/tgrupcam.com\/index.php\/wp-json\/wp\/v2\/pages"}],"about":[{"href":"https:\/\/tgrupcam.com\/index.php\/wp-json\/wp\/v2\/types\/page"}],"author":[{"embeddable":true,"href":"https:\/\/tgrupcam.com\/index.php\/wp-json\/wp\/v2\/users\/1"}],"replies":[{"embeddable":true,"href":"https:\/\/tgrupcam.com\/index.php\/wp-json\/wp\/v2\/comments?post=2546"}],"version-history":[{"count":0,"href":"https:\/\/tgrupcam.com\/index.php\/wp-json\/wp\/v2\/pages\/2546\/revisions"}],"up":[{"embeddable":true,"href":"https:\/\/tgrupcam.com\/index.php\/wp-json\/wp\/v2\/pages\/2505"}],"wp:attachment":[{"href":"https:\/\/tgrupcam.com\/index.php\/wp-json\/wp\/v2\/media?parent=2546"}],"curies":[{"name":"wp","href":"https:\/\/api.w.org\/{rel}","templated":true}]}}