{"id":2554,"date":"2025-02-05T11:55:03","date_gmt":"2025-02-05T08:55:03","guid":{"rendered":"https:\/\/tgrupcam.com\/index.php\/piaci-ajanlat\/specialis-uveg\/hoaztatasi-teszt-hst\/"},"modified":"2025-06-04T12:49:04","modified_gmt":"2025-06-04T09:49:04","slug":"hoaztatasi-teszt-hst","status":"publish","type":"page","link":"https:\/\/tgrupcam.com\/index.php\/piaci-ajanlat\/specialis-uveg\/hoaztatasi-teszt-hst\/?lang=hu","title":{"rendered":"H\u0151\u00e1ztat\u00e1si teszt \u2013 HST"},"content":{"rendered":"\t\t<div data-elementor-type=\"wp-page\" data-elementor-id=\"2554\" class=\"elementor elementor-2554 elementor-45\" data-elementor-post-type=\"page\">\n\t\t\t\t<div class=\"elementor-element elementor-element-2bfee545 e-con-full e-flex e-con e-parent\" data-id=\"2bfee545\" data-element_type=\"container\" data-e-type=\"container\" data-settings=\"{&quot;background_background&quot;:&quot;classic&quot;,&quot;shape_divider_bottom&quot;:&quot;opacity-fan&quot;}\">\n\t\t\t\t<div class=\"elementor-shape elementor-shape-bottom\" aria-hidden=\"true\" data-negative=\"false\">\n\t\t\t<svg xmlns=\"http:\/\/www.w3.org\/2000\/svg\" viewBox=\"0 0 283.5 19.6\" preserveAspectRatio=\"none\">\n\t<path class=\"elementor-shape-fill\" style=\"opacity:0.33\" d=\"M0 0L0 18.8 141.8 4.1 283.5 18.8 283.5 0z\"\/>\n\t<path class=\"elementor-shape-fill\" style=\"opacity:0.33\" d=\"M0 0L0 12.6 141.8 4 283.5 12.6 283.5 0z\"\/>\n\t<path class=\"elementor-shape-fill\" style=\"opacity:0.33\" d=\"M0 0L0 6.4 141.8 4 283.5 6.4 283.5 0z\"\/>\n\t<path class=\"elementor-shape-fill\" d=\"M0 0L0 1.2 141.8 4 283.5 1.2 283.5 0z\"\/>\n<\/svg>\t\t<\/div>\n\t\t\t\t<div class=\"elementor-element elementor-element-2ef33b39 elementor-widget elementor-widget-heading\" data-id=\"2ef33b39\" data-element_type=\"widget\" data-e-type=\"widget\" data-widget_type=\"heading.default\">\n\t\t\t\t<div class=\"elementor-widget-container\">\n\t\t\t\t\t<h2 class=\"elementor-heading-title elementor-size-default\">H\u0150\u00c1ZTAT\u00c1SI TESZT - HST<\/h2>\t\t\t\t<\/div>\n\t\t\t\t<\/div>\n\t\t\t\t<\/div>\n\t\t<div class=\"elementor-element elementor-element-34dc5698 e-flex e-con-boxed e-con e-parent\" data-id=\"34dc5698\" data-element_type=\"container\" data-e-type=\"container\">\n\t\t\t\t\t<div class=\"e-con-inner\">\n\t\t\t\t<div class=\"elementor-element elementor-element-7af5518b elementor-widget elementor-widget-heading\" data-id=\"7af5518b\" data-element_type=\"widget\" data-e-type=\"widget\" data-widget_type=\"heading.default\">\n\t\t\t\t<div class=\"elementor-widget-container\">\n\t\t\t\t\t<h2 class=\"elementor-heading-title elementor-size-default\">A H\u0150\u00c1ZTAT\u00c1SI TESZTR\u0150L - HST<\/h2>\t\t\t\t<\/div>\n\t\t\t\t<\/div>\n\t\t\t\t<div class=\"elementor-element elementor-element-77c59f0d elementor-widget elementor-widget-text-editor\" data-id=\"77c59f0d\" data-element_type=\"widget\" data-e-type=\"widget\" data-widget_type=\"text-editor.default\">\n\t\t\t\t<div class=\"elementor-widget-container\">\n\t\t\t\t\t\t\t\t\t<p>A <strong>T Grup Cam-n\u00e9l<\/strong> <strong>h\u0151\u00e1ztat\u00e1si tesztet (HST)<\/strong> v\u00e9gz\u00fcnk, hogy n\u00f6velj\u00fck <strong>edzett \u00fcveg\u00fcnk<\/strong> <strong>biztons\u00e1g\u00e1t \u00e9s megb\u00edzhat\u00f3s\u00e1g\u00e1t<\/strong>. Ez az elj\u00e1r\u00e1s seg\u00edt cs\u00f6kkenteni a <strong>nikkel-szulfid (NiS) z\u00e1rv\u00e1nyok<\/strong> okozta <strong>spont\u00e1n t\u00f6r\u00e9s kock\u00e1zat\u00e1t<\/strong>, nagyobb <strong>tart\u00f3ss\u00e1got \u00e9s teljes\u00edtm\u00e9nyt<\/strong> biztos\u00edtva a nagy ig\u00e9nybev\u00e9telt jelent\u0151 alkalmaz\u00e1sokban. <\/p>\n<p><strong>Mi az a h\u0151\u00e1ztat\u00e1si teszt?<\/strong><\/p>\n<p>A <strong>HST elj\u00e1r\u00e1s<\/strong> sor\u00e1n <strong>az edzett \u00fcveget<\/strong> szab\u00e1lyozott <strong>h\u0151\u00e1ztat\u00f3 kamr\u00e1ba<\/strong> helyezik, ahol egy meghat\u00e1rozott ideig k\u00f6r\u00fclbel\u00fcl <strong>290 \u00b0C-ra (554 \u00b0F)<\/strong> meleg\u00edtik. Ez a szab\u00e1lyozott f\u0171t\u00e9s felgyors\u00edtja <strong>a nikkel-szulfid z\u00e1rv\u00e1nyok t\u00e1gul\u00e1s\u00e1t<\/strong>, ami a <strong>hib\u00e1s \u00fcveg elt\u00f6r\u00e9s\u00e9t okozza a telep\u00edt\u00e9s el\u0151tt<\/strong>, nem pedig a haszn\u00e1latba v\u00e9tel ut\u00e1n. <\/p>\n<p><strong>A HST el\u0151nyei:<\/strong><\/p>\n<p>\u2705 <strong>Megakad\u00e1lyozza a spont\u00e1n t\u00f6r\u00e9st<\/strong> \u2013 Felismeri \u00e9s elt\u00e1vol\u00edtja a rejtett szennyez\u0151d\u00e9seket tartalmaz\u00f3 \u00fcveget.<br \/>\u2705 <strong>Fokozott biztons\u00e1g \u00e9s megb\u00edzhat\u00f3s\u00e1g<\/strong> \u2013 Biztos\u00edtja, hogy csak <strong>kiv\u00e1l\u00f3 min\u0151s\u00e9g\u0171, hibamentes<\/strong> \u00fcveget helyezzenek el.<br \/>\u2705 <strong>Megfelel a nemzetk\u00f6zi szabv\u00e1nyoknak<\/strong> \u2013 Megfelel <strong>az \u00e9p\u00fclethomlokzatokra, korl\u00e1tokra \u00e9s szerkezeti \u00fcvegez\u00e9sre<\/strong> vonatkoz\u00f3 ipar\u00e1gi biztons\u00e1gi el\u0151\u00edr\u00e1soknak.<br \/>\u2705 <strong>Kritikus alkalmaz\u00e1sokhoz elengedhetetlen<\/strong> \u2013 <strong>Magas kock\u00e1zat\u00fa ter\u00fcletekre, p\u00e9ld\u00e1ul f\u00fcgg\u00f6nyfalakra, fels\u0151 \u00fcvegez\u00e9sre \u00e9s nyilv\u00e1nos helyekre<\/strong> aj\u00e1nlott.<\/p>\n<p><strong>Alkalmaz\u00e1sok:<\/strong><\/p>\n<ul>\n<li><strong>Homlokzatok \u00e9s f\u00fcgg\u00f6nyfalak<\/strong><\/li>\n<li><strong>\u00dcvegkorl\u00e1tok \u00e9s korl\u00e1tok<\/strong><\/li>\n<li><strong>Tet\u0151ablakok \u00e9s tet\u0151\u00fcvegez\u00e9s<\/strong><\/li>\n<li><strong>Szerkezeti \u00fcvegelemek<\/strong><\/li>\n<li><strong>Magas kock\u00e1zat\u00fa k\u00f6zter\u00fcletek<\/strong><\/li>\n<\/ul>\n<p>A <strong>h\u0151\u00e1ztat\u00e1si teszt<\/strong> integr\u00e1l\u00e1s\u00e1val a <strong>T Grup Cam<\/strong> biztos\u00edtja, hogy <strong>edzett \u00fcveg\u00fcnk megfeleljen a legmagasabb biztons\u00e1gi el\u0151\u00edr\u00e1soknak<\/strong>, <strong>nyugalmat \u00e9s hossz\u00fa t\u00e1v\u00fa megb\u00edzhat\u00f3s\u00e1got<\/strong> biztos\u00edtva az \u00e9p\u00edt\u00e9szek, m\u00e9rn\u00f6k\u00f6k \u00e9s projektfejleszt\u0151k sz\u00e1m\u00e1ra.<\/p>\n\t\t\t\t\t\t\t\t<\/div>\n\t\t\t\t<\/div>\n\t\t\t\t\t<\/div>\n\t\t\t\t<\/div>\n\t\t<div class=\"elementor-element elementor-element-1bd595ba e-flex e-con-boxed e-con e-parent\" data-id=\"1bd595ba\" data-element_type=\"container\" data-e-type=\"container\" data-settings=\"{&quot;background_background&quot;:&quot;classic&quot;,&quot;background_motion_fx_motion_fx_scrolling&quot;:&quot;yes&quot;,&quot;background_motion_fx_translateY_effect&quot;:&quot;yes&quot;,&quot;background_motion_fx_translateY_speed&quot;:{&quot;unit&quot;:&quot;px&quot;,&quot;size&quot;:4,&quot;sizes&quot;:[]},&quot;background_motion_fx_translateY_affectedRange&quot;:{&quot;unit&quot;:&quot;%&quot;,&quot;size&quot;:&quot;&quot;,&quot;sizes&quot;:{&quot;start&quot;:0,&quot;end&quot;:100}},&quot;background_motion_fx_devices&quot;:[&quot;desktop&quot;,&quot;tablet&quot;,&quot;mobile&quot;]}\">\n\t\t\t\t\t<div class=\"e-con-inner\">\n\t\t\t\t\t<\/div>\n\t\t\t\t<\/div>\n\t\t<div class=\"elementor-element elementor-element-6939f4e5 e-flex e-con-boxed e-con e-parent\" data-id=\"6939f4e5\" data-element_type=\"container\" data-e-type=\"container\">\n\t\t\t\t\t<div class=\"e-con-inner\">\n\t\t<div class=\"elementor-element elementor-element-2a2c90ec e-con-full e-flex e-con e-child\" data-id=\"2a2c90ec\" data-element_type=\"container\" data-e-type=\"container\">\n\t\t\t\t<div class=\"elementor-element elementor-element-10d90f6c elementor-widget elementor-widget-heading\" data-id=\"10d90f6c\" data-element_type=\"widget\" data-e-type=\"widget\" data-widget_type=\"heading.default\">\n\t\t\t\t<div class=\"elementor-widget-container\">\n\t\t\t\t\t<h2 class=\"elementor-heading-title elementor-size-default\">Hogyan m\u0171k\u00f6dik a h\u0151\u00e1ztat\u00e1si teszt (HST) edzett \u00fcveggel?<\/h2>\t\t\t\t<\/div>\n\t\t\t\t<\/div>\n\t\t\t\t<div class=\"elementor-element elementor-element-5df66167 elementor-widget elementor-widget-text-editor\" data-id=\"5df66167\" data-element_type=\"widget\" data-e-type=\"widget\" data-widget_type=\"text-editor.default\">\n\t\t\t\t<div class=\"elementor-widget-container\">\n\t\t\t\t\t\t\t\t\t<p>A <strong>T Grup Cam-n\u00e9l<\/strong> minden <strong>edzett \u00fcveg term\u00e9k\u00fcnkn\u00e9l<\/strong> a <strong>biztons\u00e1got \u00e9s a tart\u00f3ss\u00e1got<\/strong> helyezz\u00fck el\u0151t\u00e9rbe. A <strong>nikkel-szulfid (NiS) z\u00e1rv\u00e1nyok miatti spont\u00e1n t\u00f6r\u00e9s<\/strong> kock\u00e1zat\u00e1nak meg\u00e9rt\u00e9se a <strong>Heat Soak Test (HST)<\/strong> kifejleszt\u00e9s\u00e9hez vezetett \u2013 egy <strong>megel\u0151z\u0151 m\u00f3dszerhez<\/strong>, amely a telep\u00edt\u00e9s el\u0151tt azonos\u00edtja \u00e9s kik\u00fcsz\u00f6b\u00f6li a hib\u00e1s \u00fcveget. <\/p>\n<p>A <strong>HST<\/strong> sor\u00e1n az <strong>edzett \u00fcveget<\/strong> meghat\u00e1rozott ideig k\u00f6r\u00fclbel\u00fcl <strong>290 \u00b0C-ra<\/strong> meleg\u00edtik, a <strong>nemzetk\u00f6zi biztons\u00e1gi szabv\u00e1nyoknak<\/strong> megfelel\u0151en. Ez a folyamat felgyors\u00edtja <strong>a rejtett nikkel-szulfid t\u00e1gul\u00e1st<\/strong>, ami a <strong>hib\u00e1s \u00fcvegek k\u00f6zel 99%-\u00e1nak<\/strong> a szab\u00e1lyozott tesztkamr\u00e1ban t\u00f6rik el, nem pedig a telep\u00edt\u00e9s ut\u00e1n. <\/p>\n\t\t\t\t\t\t\t\t<\/div>\n\t\t\t\t<\/div>\n\t\t\t\t<\/div>\n\t\t\t\t\t<\/div>\n\t\t\t\t<\/div>\n\t\t<div class=\"elementor-element elementor-element-51a0e7d8 e-flex e-con-boxed e-con e-parent\" data-id=\"51a0e7d8\" data-element_type=\"container\" data-e-type=\"container\" data-settings=\"{&quot;background_background&quot;:&quot;classic&quot;}\">\n\t\t\t\t\t<div class=\"e-con-inner\">\n\t\t\t\t<div class=\"elementor-element elementor-element-1711a5df elementor-widget elementor-widget-heading\" data-id=\"1711a5df\" data-element_type=\"widget\" data-e-type=\"widget\" data-widget_type=\"heading.default\">\n\t\t\t\t<div class=\"elementor-widget-container\">\n\t\t\t\t\t<h2 class=\"elementor-heading-title elementor-size-default\">Mi\u00e9rt v\u00e1lassza a HST edzett \u00fcveget?<\/h2>\t\t\t\t<\/div>\n\t\t\t\t<\/div>\n\t\t\t\t<div class=\"elementor-element elementor-element-3f21b470 elementor-widget elementor-widget-text-editor\" data-id=\"3f21b470\" data-element_type=\"widget\" data-e-type=\"widget\" data-widget_type=\"text-editor.default\">\n\t\t\t\t<div class=\"elementor-widget-container\">\n\t\t\t\t\t\t\t\t\t<p>A n\u00f6vekv\u0151 <strong>biztons\u00e1gi el\u0151\u00edr\u00e1sok<\/strong> \u00e9s az <strong>\u00e9p\u00edt\u00e9szek, v\u00e1llalkoz\u00f3k \u00e9s befektet\u0151k<\/strong> fokozott tudatoss\u00e1ga miatt sok nagyszab\u00e1s\u00fa projekthez <strong>ma m\u00e1r HST-tesztelt \u00fcvegre van sz\u00fcks\u00e9g<\/strong> .<\/p>\n<p>\ud83d\udd39 <strong>Megakad\u00e1lyozza a k\u00f6lts\u00e9ges cser\u00e9ket<\/strong> \u2013 A t\u00f6r\u00f6tt \u00fcveget <strong>azonnal ki kell cser\u00e9lni<\/strong>, ami gyakran <strong>emel\u0151darukat vagy speci\u00e1lis berendez\u00e9seket<\/strong> ig\u00e9nyel, ami <strong>magas jav\u00edt\u00e1si k\u00f6lts\u00e9gekhez<\/strong> vezet.<\/p>\n<p>\ud83d\udd39 <strong>N\u00f6veli az \u00e9p\u00fclet biztons\u00e1g\u00e1t<\/strong> \u2013 A <strong>t\u00f6r\u00f6tt homlokzat vagy \u00fcvegez\u00e9s<\/strong> <strong>sebezhet\u0151v\u00e9 teheti az \u00e9p\u00fcleteket<\/strong>, vesz\u00e9lyeztetve a biztons\u00e1got \u00e9s a bel\u00e9ptet\u00e9st.<\/p>\n<p>\ud83d\udd39 <strong>Cs\u00f6kkenti a s\u00e9r\u00fcl\u00e9sek kock\u00e1zat\u00e1t \u00e9s a jogi probl\u00e9m\u00e1kat<\/strong> \u2013 Ha egy <strong>magasan fekv\u0151 \u00fcvegt\u00e1bla<\/strong> \u00f6sszet\u00f6rik, m\u00e9g <strong>a kicsi, tompa sz\u00e9l\u0171 szil\u00e1nkok<\/strong> <strong>is megs\u00e9r\u00fclhetnek az alatta l\u00e9v\u0151 gyalogosokban<\/strong> , ami <strong>jogi felel\u0151ss\u00e9get vonhat maga ut\u00e1n az \u00e9p\u00fclettulajdonosok \u00e9s -kezel\u0151k sz\u00e1m\u00e1ra<\/strong>.<\/p>\n<p>A <strong>T Grup Cam-n\u00e9l<\/strong> biztos\u00edtjuk, hogy <strong>HST edzett \u00fcveg\u00fcnk megfeleljen a legmagasabb biztons\u00e1gi el\u0151\u00edr\u00e1soknak<\/strong>, <strong>nyugalmat, tart\u00f3ss\u00e1got \u00e9s megb\u00edzhat\u00f3s\u00e1got<\/strong> biztos\u00edtva a modern <strong>\u00e9p\u00edt\u00e9szeti \u00e9s ipari alkalmaz\u00e1sokhoz<\/strong>.<\/p><\/p>\n\t\t\t\t\t\t\t\t<\/div>\n\t\t\t\t<\/div>\n\t\t\t\t\t<\/div>\n\t\t\t\t<\/div>\n\t\t<div class=\"elementor-element elementor-element-499595c3 e-flex e-con-boxed e-con e-parent\" data-id=\"499595c3\" data-element_type=\"container\" data-e-type=\"container\">\n\t\t\t\t\t<div class=\"e-con-inner\">\n\t\t\t\t<div class=\"elementor-element elementor-element-525b3c1d elementor-widget elementor-widget-heading\" data-id=\"525b3c1d\" data-element_type=\"widget\" data-e-type=\"widget\" data-widget_type=\"heading.default\">\n\t\t\t\t<div class=\"elementor-widget-container\">\n\t\t\t\t\t<h2 class=\"elementor-heading-title elementor-size-default\">Amit k\u00edn\u00e1lunk<\/h2>\t\t\t\t<\/div>\n\t\t\t\t<\/div>\n\t\t\t\t<div class=\"elementor-element elementor-element-3058ebd3 elementor-widget elementor-widget-text-editor\" data-id=\"3058ebd3\" data-element_type=\"widget\" data-e-type=\"widget\" data-widget_type=\"text-editor.default\">\n\t\t\t\t<div class=\"elementor-widget-container\">\n\t\t\t\t\t\t\t\t\t<table>\r\n<tbody>\r\n<tr>\r\n<td><strong>\u00dcveg\r\nvastags\u00e1ga\r\n[mm]<\/strong><\/td>\r\n<td><strong>Minim\u00e1lis panel\r\nm\u00e9retek\r\n[mm]<\/strong><\/td>\r\n<td><strong>Maxim\u00e1lis panel\r\nm\u00e9retek\r\n[mm]<\/strong><\/td>\r\n<\/tr>\r\n<tr>\r\n<td>4-19<\/td>\r\n<td>A hosszabbik oldal\r\n\r\nminim\u00e1lis m\u00e9rete 400 mm<\/td>\r\n<td>3210 x 8000<\/td>\r\n\r\n<\/tr>\r\n<\/tbody>\r\n<\/table>\t\t\t\t\t\t\t\t<\/div>\n\t\t\t\t<\/div>\n\t\t\t\t\t<\/div>\n\t\t\t\t<\/div>\n\t\t<div class=\"elementor-element elementor-element-6d10d100 e-flex e-con-boxed e-con e-parent\" data-id=\"6d10d100\" data-element_type=\"container\" data-e-type=\"container\" data-settings=\"{&quot;background_background&quot;:&quot;classic&quot;,&quot;background_motion_fx_motion_fx_scrolling&quot;:&quot;yes&quot;,&quot;background_motion_fx_translateY_effect&quot;:&quot;yes&quot;,&quot;background_motion_fx_translateY_speed&quot;:{&quot;unit&quot;:&quot;px&quot;,&quot;size&quot;:4,&quot;sizes&quot;:[]},&quot;background_motion_fx_translateY_affectedRange&quot;:{&quot;unit&quot;:&quot;%&quot;,&quot;size&quot;:&quot;&quot;,&quot;sizes&quot;:{&quot;start&quot;:0,&quot;end&quot;:100}},&quot;background_motion_fx_devices&quot;:[&quot;desktop&quot;,&quot;tablet&quot;,&quot;mobile&quot;]}\">\n\t\t\t\t\t<div class=\"e-con-inner\">\n\t\t\t\t<div class=\"elementor-element elementor-element-302d0a7c elementor-widget elementor-widget-heading\" data-id=\"302d0a7c\" data-element_type=\"widget\" data-e-type=\"widget\" data-widget_type=\"heading.default\">\n\t\t\t\t<div class=\"elementor-widget-container\">\n\t\t\t\t\t<h2 class=\"elementor-heading-title elementor-size-default\">Folyamatosan m\u00f3dos\u00edtjuk gy\u00e1rt\u00e1si folyamatainkat \u00e9s szok\u00e1sainkat, hogy korl\u00e1tozzuk a k\u00f6rnyezetre gyakorolt negat\u00edv hat\u00e1sokat.<\/h2>\t\t\t\t<\/div>\n\t\t\t\t<\/div>\n\t\t\t\t<div class=\"elementor-element elementor-element-4f39d505 elementor-widget elementor-widget-text-editor\" data-id=\"4f39d505\" data-element_type=\"widget\" data-e-type=\"widget\" data-widget_type=\"text-editor.default\">\n\t\t\t\t<div class=\"elementor-widget-container\">\n\t\t\t\t\t\t\t\t\t<p>A v\u00e1ltoz\u00e1sok megk\u00f6nny\u00edt\u00e9se \u00e9rdek\u00e9ben elfogadtuk az ISO 14001-et, a vil\u00e1gm\u00e9ret\u0171 k\u00f6rnyezetv\u00e9delmi ir\u00e1ny\u00edt\u00e1si rendszert.<\/p>\n\t\t\t\t\t\t\t\t<\/div>\n\t\t\t\t<\/div>\n\t\t\t\t<div class=\"elementor-element elementor-element-5813ce90 elementor-align-center elementor-widget elementor-widget-button\" data-id=\"5813ce90\" data-element_type=\"widget\" data-e-type=\"widget\" data-widget_type=\"button.default\">\n\t\t\t\t<div class=\"elementor-widget-container\">\n\t\t\t\t\t\t\t\t\t<div class=\"elementor-button-wrapper\">\n\t\t\t\t\t<a class=\"elementor-button elementor-button-link elementor-size-sm\" href=\"https:\/\/tgrupcam.com\/index.php\/kapcsolat\/?lang=hu\">\n\t\t\t\t\t\t<span class=\"elementor-button-content-wrapper\">\n\t\t\t\t\t\t\t\t\t<span class=\"elementor-button-text\">Kapcsolat<\/span>\n\t\t\t\t\t<\/span>\n\t\t\t\t\t<\/a>\n\t\t\t\t<\/div>\n\t\t\t\t\t\t\t\t<\/div>\n\t\t\t\t<\/div>\n\t\t\t\t\t<\/div>\n\t\t\t\t<\/div>\n\t\t\t\t<\/div>\n\t\t","protected":false},"excerpt":{"rendered":"<p>H\u0150\u00c1ZTAT\u00c1SI TESZT &#8211; HST A H\u0150\u00c1ZTAT\u00c1SI TESZTR\u0150L &#8211; HST A T Grup Cam-n\u00e9l h\u0151\u00e1ztat\u00e1si tesztet (HST) v\u00e9gz\u00fcnk, hogy n\u00f6velj\u00fck edzett \u00fcveg\u00fcnk biztons\u00e1g\u00e1t \u00e9s megb\u00edzhat\u00f3s\u00e1g\u00e1t. Ez az elj\u00e1r\u00e1s seg\u00edt cs\u00f6kkenteni a nikkel-szulfid (NiS) z\u00e1rv\u00e1nyok okozta spont\u00e1n t\u00f6r\u00e9s kock\u00e1zat\u00e1t, nagyobb tart\u00f3ss\u00e1got \u00e9s teljes\u00edtm\u00e9nyt biztos\u00edtva a nagy ig\u00e9nybev\u00e9telt jelent\u0151 alkalmaz\u00e1sokban. Mi az a h\u0151\u00e1ztat\u00e1si teszt? A HST elj\u00e1r\u00e1s [&hellip;]<\/p>\n","protected":false},"author":1,"featured_media":0,"parent":2460,"menu_order":0,"comment_status":"closed","ping_status":"closed","template":"elementor_header_footer","meta":{"footnotes":""},"class_list":["post-2554","page","type-page","status-publish","hentry"],"_links":{"self":[{"href":"https:\/\/tgrupcam.com\/index.php\/wp-json\/wp\/v2\/pages\/2554","targetHints":{"allow":["GET"]}}],"collection":[{"href":"https:\/\/tgrupcam.com\/index.php\/wp-json\/wp\/v2\/pages"}],"about":[{"href":"https:\/\/tgrupcam.com\/index.php\/wp-json\/wp\/v2\/types\/page"}],"author":[{"embeddable":true,"href":"https:\/\/tgrupcam.com\/index.php\/wp-json\/wp\/v2\/users\/1"}],"replies":[{"embeddable":true,"href":"https:\/\/tgrupcam.com\/index.php\/wp-json\/wp\/v2\/comments?post=2554"}],"version-history":[{"count":0,"href":"https:\/\/tgrupcam.com\/index.php\/wp-json\/wp\/v2\/pages\/2554\/revisions"}],"up":[{"embeddable":true,"href":"https:\/\/tgrupcam.com\/index.php\/wp-json\/wp\/v2\/pages\/2460"}],"wp:attachment":[{"href":"https:\/\/tgrupcam.com\/index.php\/wp-json\/wp\/v2\/media?parent=2554"}],"curies":[{"name":"wp","href":"https:\/\/api.w.org\/{rel}","templated":true}]}}