{"id":2566,"date":"2025-02-05T11:55:03","date_gmt":"2025-02-05T08:55:03","guid":{"rendered":"https:\/\/tgrupcam.com\/index.php\/marktangebot\/spezialglas\/heat-soak-test-hst\/"},"modified":"2025-06-04T14:27:20","modified_gmt":"2025-06-04T11:27:20","slug":"heat-soak-test-hst","status":"publish","type":"page","link":"https:\/\/tgrupcam.com\/index.php\/marktangebot\/spezialglas\/heat-soak-test-hst\/?lang=de","title":{"rendered":"Heat-Soak-Test \u2013 HST"},"content":{"rendered":"\t\t<div data-elementor-type=\"wp-page\" data-elementor-id=\"2566\" class=\"elementor elementor-2566 elementor-45\" data-elementor-post-type=\"page\">\n\t\t\t\t<div class=\"elementor-element elementor-element-2bfee545 e-con-full e-flex e-con e-parent\" data-id=\"2bfee545\" data-element_type=\"container\" data-e-type=\"container\" data-settings=\"{&quot;background_background&quot;:&quot;classic&quot;,&quot;shape_divider_bottom&quot;:&quot;opacity-fan&quot;}\">\n\t\t\t\t<div class=\"elementor-shape elementor-shape-bottom\" aria-hidden=\"true\" data-negative=\"false\">\n\t\t\t<svg xmlns=\"http:\/\/www.w3.org\/2000\/svg\" viewBox=\"0 0 283.5 19.6\" preserveAspectRatio=\"none\">\n\t<path class=\"elementor-shape-fill\" style=\"opacity:0.33\" d=\"M0 0L0 18.8 141.8 4.1 283.5 18.8 283.5 0z\"\/>\n\t<path class=\"elementor-shape-fill\" style=\"opacity:0.33\" d=\"M0 0L0 12.6 141.8 4 283.5 12.6 283.5 0z\"\/>\n\t<path class=\"elementor-shape-fill\" style=\"opacity:0.33\" d=\"M0 0L0 6.4 141.8 4 283.5 6.4 283.5 0z\"\/>\n\t<path class=\"elementor-shape-fill\" d=\"M0 0L0 1.2 141.8 4 283.5 1.2 283.5 0z\"\/>\n<\/svg>\t\t<\/div>\n\t\t\t\t<div class=\"elementor-element elementor-element-2ef33b39 elementor-widget elementor-widget-heading\" data-id=\"2ef33b39\" data-element_type=\"widget\" data-e-type=\"widget\" data-widget_type=\"heading.default\">\n\t\t\t\t<div class=\"elementor-widget-container\">\n\t\t\t\t\t<h2 class=\"elementor-heading-title elementor-size-default\">HEAT-SOAK-TEST - HST<\/h2>\t\t\t\t<\/div>\n\t\t\t\t<\/div>\n\t\t\t\t<\/div>\n\t\t<div class=\"elementor-element elementor-element-34dc5698 e-flex e-con-boxed e-con e-parent\" data-id=\"34dc5698\" data-element_type=\"container\" data-e-type=\"container\">\n\t\t\t\t\t<div class=\"e-con-inner\">\n\t\t\t\t<div class=\"elementor-element elementor-element-7af5518b elementor-widget elementor-widget-heading\" data-id=\"7af5518b\" data-element_type=\"widget\" data-e-type=\"widget\" data-widget_type=\"heading.default\">\n\t\t\t\t<div class=\"elementor-widget-container\">\n\t\t\t\t\t<h2 class=\"elementor-heading-title elementor-size-default\">\u00dcBER DEN HEAT SOAK TEST - HST<\/h2>\t\t\t\t<\/div>\n\t\t\t\t<\/div>\n\t\t\t\t<div class=\"elementor-element elementor-element-77c59f0d elementor-widget elementor-widget-text-editor\" data-id=\"77c59f0d\" data-element_type=\"widget\" data-e-type=\"widget\" data-widget_type=\"text-editor.default\">\n\t\t\t\t<div class=\"elementor-widget-container\">\n\t\t\t\t\t\t\t\t\t<p>Bei <strong>T Grup Cam<\/strong> f\u00fchren wir <strong>Heat Soak Testing (HST)<\/strong> durch, um die <strong>Sicherheit und Zuverl\u00e4ssigkeit<\/strong> unseres <strong>geh\u00e4rteten Glases<\/strong> zu verbessern. Dieses Verfahren tr\u00e4gt dazu bei, <strong>das Risiko eines spontanen Bruchs<\/strong> durch <strong>Nickelsulfid (NiS)-Einschl\u00fcsse<\/strong> zu verringern und eine <strong>h\u00f6here Haltbarkeit und Leistung<\/strong> in anspruchsvollen Anwendungen zu gew\u00e4hrleisten. <\/p>\n<p><strong>Was ist ein Heat-Soak-Test?<\/strong><\/p>\n<p>Beim <strong>HST-Verfahren<\/strong> wird <strong>geh\u00e4rtetes Glas<\/strong> in eine kontrollierte <strong>Einweichkammer<\/strong> gelegt, in der es f\u00fcr einen bestimmten Zeitraum auf etwa <strong>290 \u00b0C (554 \u00b0F)<\/strong> erhitzt wird. Diese kontrollierte Erw\u00e4rmung beschleunigt die <strong>Ausdehnung von Nickelsulfideinschl\u00fcssen<\/strong>, wodurch defektes Glas <strong>vor der Installation<\/strong> und nicht nach der Inbetriebnahme bricht. <\/p>\n<p><strong>Vorteile von HST:<\/strong><\/p>\n<p>\u2705 <strong>Verhindert spontanen Bruch<\/strong> \u2013 Erkennt und beseitigt Glas mit versteckten Verunreinigungen.<br \/>\u2705 <strong>Erh\u00f6hte Sicherheit und Zuverl\u00e4ssigkeit<\/strong> \u2013 Stellt sicher, dass nur <strong>hochwertiges, fehlerfreies<\/strong> Glas installiert wird.<br \/>\u2705 <strong>Einhaltung internationaler Standards<\/strong> \u2013 Erf\u00fcllt die Sicherheitsvorschriften der Branche f\u00fcr <strong>Geb\u00e4udefassaden, Balustraden und strukturelle Verglasungen<\/strong>.<br \/>\u2705 <strong>Unverzichtbar f\u00fcr kritische Anwendungen<\/strong> \u2013 Empfohlen f\u00fcr <strong>Bereiche mit hohem Risiko wie Vorhangfassaden, \u00dcberkopfverglasungen und \u00f6ffentliche R\u00e4ume<\/strong>.<\/p>\n<p><strong>Antr\u00e4ge:<\/strong><\/p>\n<ul>\n<li><strong>Fassaden &amp; Vorhangfassaden<\/strong><\/li>\n<li><strong>Glasbalustraden &amp; Gel\u00e4nder<\/strong><\/li>\n<li><strong>Oberlichter &amp; Dachverglasungen<\/strong><\/li>\n<li><strong>Strukturelle Glaselemente<\/strong><\/li>\n<li><strong>\u00d6ffentliche R\u00e4ume mit hohem Risiko<\/strong><\/li>\n<\/ul>\n<p>Durch die Integration von <strong>Heat-Soak-Tests<\/strong> stellt <strong>T Grup Cam<\/strong> sicher, dass unser <strong>geh\u00e4rtetes Glas die h\u00f6chsten Sicherheitsstandards erf\u00fcllt<\/strong> und Architekten, Ingenieuren und Projektentwicklern <strong>Sicherheit und langfristige Zuverl\u00e4ssigkeit<\/strong> bietet.<\/p>\n\t\t\t\t\t\t\t\t<\/div>\n\t\t\t\t<\/div>\n\t\t\t\t\t<\/div>\n\t\t\t\t<\/div>\n\t\t<div class=\"elementor-element elementor-element-1bd595ba e-flex e-con-boxed e-con e-parent\" data-id=\"1bd595ba\" data-element_type=\"container\" data-e-type=\"container\" data-settings=\"{&quot;background_background&quot;:&quot;classic&quot;,&quot;background_motion_fx_motion_fx_scrolling&quot;:&quot;yes&quot;,&quot;background_motion_fx_translateY_effect&quot;:&quot;yes&quot;,&quot;background_motion_fx_translateY_speed&quot;:{&quot;unit&quot;:&quot;px&quot;,&quot;size&quot;:4,&quot;sizes&quot;:[]},&quot;background_motion_fx_translateY_affectedRange&quot;:{&quot;unit&quot;:&quot;%&quot;,&quot;size&quot;:&quot;&quot;,&quot;sizes&quot;:{&quot;start&quot;:0,&quot;end&quot;:100}},&quot;background_motion_fx_devices&quot;:[&quot;desktop&quot;,&quot;tablet&quot;,&quot;mobile&quot;]}\">\n\t\t\t\t\t<div class=\"e-con-inner\">\n\t\t\t\t\t<\/div>\n\t\t\t\t<\/div>\n\t\t<div class=\"elementor-element elementor-element-6939f4e5 e-flex e-con-boxed e-con e-parent\" data-id=\"6939f4e5\" data-element_type=\"container\" data-e-type=\"container\">\n\t\t\t\t\t<div class=\"e-con-inner\">\n\t\t<div class=\"elementor-element elementor-element-2a2c90ec e-con-full e-flex e-con e-child\" data-id=\"2a2c90ec\" data-element_type=\"container\" data-e-type=\"container\">\n\t\t\t\t<div class=\"elementor-element elementor-element-10d90f6c elementor-widget elementor-widget-heading\" data-id=\"10d90f6c\" data-element_type=\"widget\" data-e-type=\"widget\" data-widget_type=\"heading.default\">\n\t\t\t\t<div class=\"elementor-widget-container\">\n\t\t\t\t\t<h2 class=\"elementor-heading-title elementor-size-default\">Wie funktioniert der Heat-Soak-Test (HST) mit geh\u00e4rtetem Glas?<\/h2>\t\t\t\t<\/div>\n\t\t\t\t<\/div>\n\t\t\t\t<div class=\"elementor-element elementor-element-5df66167 elementor-widget elementor-widget-text-editor\" data-id=\"5df66167\" data-element_type=\"widget\" data-e-type=\"widget\" data-widget_type=\"text-editor.default\">\n\t\t\t\t<div class=\"elementor-widget-container\">\n\t\t\t\t\t\t\t\t\t<p>Bei <strong>T Grup Cam<\/strong> legen wir gro\u00dfen Wert auf <strong>Sicherheit und Langlebigkeit<\/strong> bei all unseren <strong>Produkten aus geh\u00e4rtetem Glas<\/strong>. Das Verst\u00e4ndnis f\u00fcr das Risiko eines <strong>spontanen Bruchs aufgrund von Einschl\u00fcssen in Nickelsulfid (NiS)<\/strong> hat zur Entwicklung des <strong>Heat Soak Test (HST)<\/strong> gef\u00fchrt \u2013 einer <strong>pr\u00e4ventiven Methode<\/strong> , die defektes Glas vor der Installation identifiziert und beseitigt. <\/p>\n<p>W\u00e4hrend der <strong>HST<\/strong> wird das <strong>geh\u00e4rtete Glas<\/strong> gem\u00e4\u00df <strong>den internationalen Sicherheitsnormen<\/strong> f\u00fcr eine bestimmte Dauer auf ca. <strong>290 \u00b0C<\/strong> erhitzt. Dieser Prozess beschleunigt <strong>die Ausdehnung von versteckten Nickelsulfiden<\/strong>, was dazu f\u00fchrt, dass fast <strong>99 % der defekten Scheiben<\/strong> in der kontrollierten Pr\u00fcfkammer und nicht erst nach dem Einbau brechen. <\/p>\n\t\t\t\t\t\t\t\t<\/div>\n\t\t\t\t<\/div>\n\t\t\t\t<\/div>\n\t\t\t\t\t<\/div>\n\t\t\t\t<\/div>\n\t\t<div class=\"elementor-element elementor-element-51a0e7d8 e-flex e-con-boxed e-con e-parent\" data-id=\"51a0e7d8\" data-element_type=\"container\" data-e-type=\"container\" data-settings=\"{&quot;background_background&quot;:&quot;classic&quot;}\">\n\t\t\t\t\t<div class=\"e-con-inner\">\n\t\t\t\t<div class=\"elementor-element elementor-element-1711a5df elementor-widget elementor-widget-heading\" data-id=\"1711a5df\" data-element_type=\"widget\" data-e-type=\"widget\" data-widget_type=\"heading.default\">\n\t\t\t\t<div class=\"elementor-widget-container\">\n\t\t\t\t\t<h2 class=\"elementor-heading-title elementor-size-default\">Warum sollten Sie sich f\u00fcr geh\u00e4rtetes Glas von HST entscheiden?<\/h2>\t\t\t\t<\/div>\n\t\t\t\t<\/div>\n\t\t\t\t<div class=\"elementor-element elementor-element-3f21b470 elementor-widget elementor-widget-text-editor\" data-id=\"3f21b470\" data-element_type=\"widget\" data-e-type=\"widget\" data-widget_type=\"text-editor.default\">\n\t\t\t\t<div class=\"elementor-widget-container\">\n\t\t\t\t\t\t\t\t\t<p>Mit zunehmenden <strong>Sicherheitsvorschriften<\/strong> und einem gestiegenen Bewusstsein bei <strong>Architekten, Bauunternehmern und Investoren<\/strong> <strong>ben\u00f6tigen<\/strong> viele Gro\u00dfprojekte heute HST-gepr\u00fcftes Glas.<\/p>\n<p>\ud83d\udd39 <strong>Verhindert kostspieligen Austausch<\/strong> \u2013 Glasscherben m\u00fcssen <strong>umgehend ausgetauscht<\/strong> werden, was oft <strong>Hebekr\u00e4ne oder Spezialausr\u00fcstung<\/strong> erfordert, was zu <strong>hohen Reparaturkosten<\/strong> f\u00fchrt.<\/p>\n<p>\ud83d\udd39 <strong>Erh\u00f6ht die Geb\u00e4udesicherheit<\/strong> \u2013 Eine <strong>kaputte Fassade oder Verglasung<\/strong> kann Geb\u00e4ude <strong>verwundbar<\/strong> machen und die Sicherheit und Zugangskontrolle beeintr\u00e4chtigen.<\/p>\n<p>\ud83d\udd39 <strong>Reduziert Verletzungsrisiken und rechtliche Probleme<\/strong> \u2013 Wenn eine <strong>hoch gelegene Glasscheibe<\/strong> zerbricht, k\u00f6nnen selbst <strong>kleine, stumpfkantige Fragmente<\/strong> <strong>Fu\u00dfg\u00e4nger darunter verletzen<\/strong> , was zu <strong>rechtlichen Haftungen f\u00fcr Geb\u00e4udeeigent\u00fcmer und -verwalter<\/strong> f\u00fchrt.<\/p>\n<p>Bei <strong>T Grup Cam<\/strong> stellen wir sicher, dass unser <strong>geh\u00e4rtetes HST-Glas die h\u00f6chsten Sicherheitsstandards erf\u00fcllt<\/strong> <strong>und Sicherheit, Langlebigkeit und Zuverl\u00e4ssigkeit<\/strong> f\u00fcr moderne <strong>architektonische und industrielle Anwendungen<\/strong> bietet.<\/p><\/p>\n\t\t\t\t\t\t\t\t<\/div>\n\t\t\t\t<\/div>\n\t\t\t\t\t<\/div>\n\t\t\t\t<\/div>\n\t\t<div class=\"elementor-element elementor-element-499595c3 e-flex e-con-boxed e-con e-parent\" data-id=\"499595c3\" data-element_type=\"container\" data-e-type=\"container\">\n\t\t\t\t\t<div class=\"e-con-inner\">\n\t\t\t\t<div class=\"elementor-element elementor-element-525b3c1d elementor-widget elementor-widget-heading\" data-id=\"525b3c1d\" data-element_type=\"widget\" data-e-type=\"widget\" data-widget_type=\"heading.default\">\n\t\t\t\t<div class=\"elementor-widget-container\">\n\t\t\t\t\t<h2 class=\"elementor-heading-title elementor-size-default\">WAS WIR ANBIETEN K\u00d6NNEN<\/h2>\t\t\t\t<\/div>\n\t\t\t\t<\/div>\n\t\t\t\t<div class=\"elementor-element elementor-element-3058ebd3 elementor-widget elementor-widget-text-editor\" data-id=\"3058ebd3\" data-element_type=\"widget\" data-e-type=\"widget\" data-widget_type=\"text-editor.default\">\n\t\t\t\t<div class=\"elementor-widget-container\">\n\t\t\t\t\t\t\t\t\t<table>\r\n<tbody>\r\n<tr>\r\n<td><strong>Glasdicke\r\n[mm]<\/strong><\/td>\r\n<td><strong>Mindestma\u00dfe\r\nder Platte\r\n[mm]<\/strong><\/td>\r\n<td><strong>Maximale\r\nPlattenabmessungen\r\n[mm]<\/strong><\/td>\r\n<\/tr>\r\n<tr>\r\n<td>4-19<\/td>\r\n<td>Mindestma\u00df\r\n\r\nder l\u00e4ngeren Seite 400 mm<\/td>\r\n<td>3210 x 8000<\/td>\r\n\r\n<\/tr>\r\n<\/tbody>\r\n<\/table>\t\t\t\t\t\t\t\t<\/div>\n\t\t\t\t<\/div>\n\t\t\t\t\t<\/div>\n\t\t\t\t<\/div>\n\t\t<div class=\"elementor-element elementor-element-6d10d100 e-flex e-con-boxed e-con e-parent\" data-id=\"6d10d100\" data-element_type=\"container\" data-e-type=\"container\" data-settings=\"{&quot;background_background&quot;:&quot;classic&quot;,&quot;background_motion_fx_motion_fx_scrolling&quot;:&quot;yes&quot;,&quot;background_motion_fx_translateY_effect&quot;:&quot;yes&quot;,&quot;background_motion_fx_translateY_speed&quot;:{&quot;unit&quot;:&quot;px&quot;,&quot;size&quot;:4,&quot;sizes&quot;:[]},&quot;background_motion_fx_translateY_affectedRange&quot;:{&quot;unit&quot;:&quot;%&quot;,&quot;size&quot;:&quot;&quot;,&quot;sizes&quot;:{&quot;start&quot;:0,&quot;end&quot;:100}},&quot;background_motion_fx_devices&quot;:[&quot;desktop&quot;,&quot;tablet&quot;,&quot;mobile&quot;]}\">\n\t\t\t\t\t<div class=\"e-con-inner\">\n\t\t\t\t<div class=\"elementor-element elementor-element-302d0a7c elementor-widget elementor-widget-heading\" data-id=\"302d0a7c\" data-element_type=\"widget\" data-e-type=\"widget\" data-widget_type=\"heading.default\">\n\t\t\t\t<div class=\"elementor-widget-container\">\n\t\t\t\t\t<h2 class=\"elementor-heading-title elementor-size-default\">Wir \u00e4ndern st\u00e4ndig unsere Herstellungsprozesse und Gewohnheiten, um die negativen Auswirkungen auf die Umwelt zu begrenzen.<\/h2>\t\t\t\t<\/div>\n\t\t\t\t<\/div>\n\t\t\t\t<div class=\"elementor-element elementor-element-4f39d505 elementor-widget elementor-widget-text-editor\" data-id=\"4f39d505\" data-element_type=\"widget\" data-e-type=\"widget\" data-widget_type=\"text-editor.default\">\n\t\t\t\t<div class=\"elementor-widget-container\">\n\t\t\t\t\t\t\t\t\t<p>Um die Ver\u00e4nderungen zu erleichtern, haben wir die ISO 14001 eingef\u00fchrt, das weltweite Managementsystem f\u00fcr den Umweltschutz.<\/p>\n\t\t\t\t\t\t\t\t<\/div>\n\t\t\t\t<\/div>\n\t\t\t\t<div class=\"elementor-element elementor-element-5813ce90 elementor-align-center elementor-widget elementor-widget-button\" data-id=\"5813ce90\" data-element_type=\"widget\" data-e-type=\"widget\" data-widget_type=\"button.default\">\n\t\t\t\t<div class=\"elementor-widget-container\">\n\t\t\t\t\t\t\t\t\t<div class=\"elementor-button-wrapper\">\n\t\t\t\t\t<a class=\"elementor-button elementor-button-link elementor-size-sm\" href=\"https:\/\/tgrupcam.com\/index.php\/kontakt\/?lang=de\">\n\t\t\t\t\t\t<span class=\"elementor-button-content-wrapper\">\n\t\t\t\t\t\t\t\t\t<span class=\"elementor-button-text\">Kontaktieren Sie uns<\/span>\n\t\t\t\t\t<\/span>\n\t\t\t\t\t<\/a>\n\t\t\t\t<\/div>\n\t\t\t\t\t\t\t\t<\/div>\n\t\t\t\t<\/div>\n\t\t\t\t\t<\/div>\n\t\t\t\t<\/div>\n\t\t\t\t<\/div>\n\t\t","protected":false},"excerpt":{"rendered":"<p>HEAT-SOAK-TEST &#8211; HST \u00dcBER DEN HEAT SOAK TEST &#8211; HST Bei T Grup Cam f\u00fchren wir Heat Soak Testing (HST) durch, um die Sicherheit und Zuverl\u00e4ssigkeit unseres geh\u00e4rteten Glases zu verbessern. Dieses Verfahren tr\u00e4gt dazu bei, das Risiko eines spontanen Bruchs durch Nickelsulfid (NiS)-Einschl\u00fcsse zu verringern und eine h\u00f6here Haltbarkeit und Leistung in anspruchsvollen Anwendungen [&hellip;]<\/p>\n","protected":false},"author":1,"featured_media":0,"parent":2470,"menu_order":0,"comment_status":"closed","ping_status":"closed","template":"elementor_header_footer","meta":{"footnotes":""},"class_list":["post-2566","page","type-page","status-publish","hentry"],"_links":{"self":[{"href":"https:\/\/tgrupcam.com\/index.php\/wp-json\/wp\/v2\/pages\/2566","targetHints":{"allow":["GET"]}}],"collection":[{"href":"https:\/\/tgrupcam.com\/index.php\/wp-json\/wp\/v2\/pages"}],"about":[{"href":"https:\/\/tgrupcam.com\/index.php\/wp-json\/wp\/v2\/types\/page"}],"author":[{"embeddable":true,"href":"https:\/\/tgrupcam.com\/index.php\/wp-json\/wp\/v2\/users\/1"}],"replies":[{"embeddable":true,"href":"https:\/\/tgrupcam.com\/index.php\/wp-json\/wp\/v2\/comments?post=2566"}],"version-history":[{"count":0,"href":"https:\/\/tgrupcam.com\/index.php\/wp-json\/wp\/v2\/pages\/2566\/revisions"}],"up":[{"embeddable":true,"href":"https:\/\/tgrupcam.com\/index.php\/wp-json\/wp\/v2\/pages\/2470"}],"wp:attachment":[{"href":"https:\/\/tgrupcam.com\/index.php\/wp-json\/wp\/v2\/media?parent=2566"}],"curies":[{"name":"wp","href":"https:\/\/api.w.org\/{rel}","templated":true}]}}