{"id":2568,"date":"2025-02-05T11:55:03","date_gmt":"2025-02-05T08:55:03","guid":{"rendered":"https:\/\/tgrupcam.com\/index.php\/offre-de-marche\/verre-special\/test-de-trempage-a-la-chaleur-hst\/"},"modified":"2025-06-04T14:57:19","modified_gmt":"2025-06-04T11:57:19","slug":"test-de-trempage-a-la-chaleur-hst","status":"publish","type":"page","link":"https:\/\/tgrupcam.com\/index.php\/offre-de-marche\/verre-special\/test-de-trempage-a-la-chaleur-hst\/?lang=fr","title":{"rendered":"Test de trempage \u00e0 la chaleur \u2013 HST"},"content":{"rendered":"\t\t<div data-elementor-type=\"wp-page\" data-elementor-id=\"2568\" class=\"elementor elementor-2568 elementor-45\" data-elementor-post-type=\"page\">\n\t\t\t\t<div class=\"elementor-element elementor-element-2bfee545 e-con-full e-flex e-con e-parent\" data-id=\"2bfee545\" data-element_type=\"container\" data-e-type=\"container\" data-settings=\"{&quot;background_background&quot;:&quot;classic&quot;,&quot;shape_divider_bottom&quot;:&quot;opacity-fan&quot;}\">\n\t\t\t\t<div class=\"elementor-shape elementor-shape-bottom\" aria-hidden=\"true\" data-negative=\"false\">\n\t\t\t<svg xmlns=\"http:\/\/www.w3.org\/2000\/svg\" viewBox=\"0 0 283.5 19.6\" preserveAspectRatio=\"none\">\n\t<path class=\"elementor-shape-fill\" style=\"opacity:0.33\" d=\"M0 0L0 18.8 141.8 4.1 283.5 18.8 283.5 0z\"\/>\n\t<path class=\"elementor-shape-fill\" style=\"opacity:0.33\" d=\"M0 0L0 12.6 141.8 4 283.5 12.6 283.5 0z\"\/>\n\t<path class=\"elementor-shape-fill\" style=\"opacity:0.33\" d=\"M0 0L0 6.4 141.8 4 283.5 6.4 283.5 0z\"\/>\n\t<path class=\"elementor-shape-fill\" d=\"M0 0L0 1.2 141.8 4 283.5 1.2 283.5 0z\"\/>\n<\/svg>\t\t<\/div>\n\t\t\t\t<div class=\"elementor-element elementor-element-2ef33b39 elementor-widget elementor-widget-heading\" data-id=\"2ef33b39\" data-element_type=\"widget\" data-e-type=\"widget\" data-widget_type=\"heading.default\">\n\t\t\t\t<div class=\"elementor-widget-container\">\n\t\t\t\t\t<h2 class=\"elementor-heading-title elementor-size-default\">TEST D\u2019IMPR\u00c9GNATION \u00c0 LA CHALEUR - TVH<\/h2>\t\t\t\t<\/div>\n\t\t\t\t<\/div>\n\t\t\t\t<\/div>\n\t\t<div class=\"elementor-element elementor-element-34dc5698 e-flex e-con-boxed e-con e-parent\" data-id=\"34dc5698\" data-element_type=\"container\" data-e-type=\"container\">\n\t\t\t\t\t<div class=\"e-con-inner\">\n\t\t\t\t<div class=\"elementor-element elementor-element-7af5518b elementor-widget elementor-widget-heading\" data-id=\"7af5518b\" data-element_type=\"widget\" data-e-type=\"widget\" data-widget_type=\"heading.default\">\n\t\t\t\t<div class=\"elementor-widget-container\">\n\t\t\t\t\t<h2 class=\"elementor-heading-title elementor-size-default\">\u00c0 PROPOS DU TEST D\u2019IMPR\u00c9GNATION \u00c0 LA CHALEUR - TVH<\/h2>\t\t\t\t<\/div>\n\t\t\t\t<\/div>\n\t\t\t\t<div class=\"elementor-element elementor-element-77c59f0d elementor-widget elementor-widget-text-editor\" data-id=\"77c59f0d\" data-element_type=\"widget\" data-e-type=\"widget\" data-widget_type=\"text-editor.default\">\n\t\t\t\t<div class=\"elementor-widget-container\">\n\t\t\t\t\t\t\t\t\t<p>Chez <strong>T Grup Cam<\/strong>, nous effectuons des <strong>tests d\u2019impr\u00e9gnation \u00e0 la chaleur (HST)<\/strong> pour am\u00e9liorer la <strong>s\u00e9curit\u00e9 et la fiabilit\u00e9<\/strong> de notre <strong>verre tremp\u00e9<\/strong>. Ce processus permet <strong>de r\u00e9duire le risque de rupture spontan\u00e9e<\/strong> caus\u00e9e par les <strong>inclusions de sulfure de nickel (NiS),<\/strong> garantissant <strong>une durabilit\u00e9 et des performances accrues<\/strong> dans les applications exigeantes. <\/p>\n<p><strong>Qu\u2019est-ce que le test de trempage \u00e0 la chaleur ?<\/strong><\/p>\n<p>Le <strong>processus HST<\/strong> consiste \u00e0 placer le <strong>verre tremp\u00e9<\/strong> dans une <strong>chambre de trempage \u00e0 chaleur<\/strong> contr\u00f4l\u00e9e, o\u00f9 il est chauff\u00e9 \u00e0 environ <strong>290 \u00b0C (554 \u00b0F)<\/strong> pendant une p\u00e9riode sp\u00e9cifique. Ce chauffage contr\u00f4l\u00e9 acc\u00e9l\u00e8re <strong>l\u2019expansion de toutes les inclusions de sulfure de nickel<\/strong>, ce qui fait que le verre d\u00e9fectueux se brise <strong>avant l\u2019installation<\/strong>, plut\u00f4t qu\u2019apr\u00e8s sa mise en service. <\/p>\n<p><strong>Avantages de la TVH :<\/strong><\/p>\n<p>\u2705 <strong>Pr\u00e9vient la casse spontan\u00e9e<\/strong> &#8211; D\u00e9tecte et \u00e9limine le verre contenant des impuret\u00e9s cach\u00e9es.<br \/>\u2705 <strong>S\u00e9curit\u00e9 et fiabilit\u00e9 am\u00e9lior\u00e9es<\/strong> \u2013 Garantit que seul du verre <strong>de haute qualit\u00e9 et sans d\u00e9faut<\/strong> est install\u00e9.<br \/>\u2705 <strong>Conformit\u00e9 aux normes internationales<\/strong> &#8211; R\u00e9pond aux r\u00e9glementations de s\u00e9curit\u00e9 de l\u2019industrie pour les <strong>fa\u00e7ades de b\u00e2timents, les balustrades et les vitrages structurels<\/strong>.<br \/>\u2705 <strong>Essentiel pour les applications critiques<\/strong> &#8211; Recommand\u00e9 pour <strong>les zones \u00e0 haut risque telles que les murs-rideaux, les vitrages a\u00e9riens et les espaces publics<\/strong>.<\/p>\n<p><strong>Applications:<\/strong><\/p>\n<ul>\n<li><strong>Fa\u00e7ades et murs-rideaux<\/strong><\/li>\n<li><strong>Balustrades et garde-corps en verre<\/strong><\/li>\n<li><strong>Puits de lumi\u00e8re et vitrage de toit<\/strong><\/li>\n<li><strong>\u00c9l\u00e9ments en verre structurel<\/strong><\/li>\n<li><strong>Espaces publics \u00e0 haut risque<\/strong><\/li>\n<\/ul>\n<p>En int\u00e9grant les <strong>tests d\u2019impr\u00e9gnation thermique<\/strong>, <strong>T Grup Cam s\u2019assure<\/strong> que notre <strong>verre tremp\u00e9 r\u00e9pond aux normes de s\u00e9curit\u00e9 les plus \u00e9lev\u00e9es<\/strong>, offrant <strong>ainsi une tranquillit\u00e9 d\u2019esprit et une fiabilit\u00e9 \u00e0 long terme<\/strong> aux architectes, aux ing\u00e9nieurs et aux d\u00e9veloppeurs de projets.<\/p>\n\t\t\t\t\t\t\t\t<\/div>\n\t\t\t\t<\/div>\n\t\t\t\t\t<\/div>\n\t\t\t\t<\/div>\n\t\t<div class=\"elementor-element elementor-element-1bd595ba e-flex e-con-boxed e-con e-parent\" data-id=\"1bd595ba\" data-element_type=\"container\" data-e-type=\"container\" data-settings=\"{&quot;background_background&quot;:&quot;classic&quot;,&quot;background_motion_fx_motion_fx_scrolling&quot;:&quot;yes&quot;,&quot;background_motion_fx_translateY_effect&quot;:&quot;yes&quot;,&quot;background_motion_fx_translateY_speed&quot;:{&quot;unit&quot;:&quot;px&quot;,&quot;size&quot;:4,&quot;sizes&quot;:[]},&quot;background_motion_fx_translateY_affectedRange&quot;:{&quot;unit&quot;:&quot;%&quot;,&quot;size&quot;:&quot;&quot;,&quot;sizes&quot;:{&quot;start&quot;:0,&quot;end&quot;:100}},&quot;background_motion_fx_devices&quot;:[&quot;desktop&quot;,&quot;tablet&quot;,&quot;mobile&quot;]}\">\n\t\t\t\t\t<div class=\"e-con-inner\">\n\t\t\t\t\t<\/div>\n\t\t\t\t<\/div>\n\t\t<div class=\"elementor-element elementor-element-6939f4e5 e-flex e-con-boxed e-con e-parent\" data-id=\"6939f4e5\" data-element_type=\"container\" data-e-type=\"container\">\n\t\t\t\t\t<div class=\"e-con-inner\">\n\t\t<div class=\"elementor-element elementor-element-2a2c90ec e-con-full e-flex e-con e-child\" data-id=\"2a2c90ec\" data-element_type=\"container\" data-e-type=\"container\">\n\t\t\t\t<div class=\"elementor-element elementor-element-10d90f6c elementor-widget elementor-widget-heading\" data-id=\"10d90f6c\" data-element_type=\"widget\" data-e-type=\"widget\" data-widget_type=\"heading.default\">\n\t\t\t\t<div class=\"elementor-widget-container\">\n\t\t\t\t\t<h2 class=\"elementor-heading-title elementor-size-default\">Comment fonctionne le test d\u2019impr\u00e9gnation \u00e0 la chaleur (HST) avec le verre tremp\u00e9 ?<\/h2>\t\t\t\t<\/div>\n\t\t\t\t<\/div>\n\t\t\t\t<div class=\"elementor-element elementor-element-5df66167 elementor-widget elementor-widget-text-editor\" data-id=\"5df66167\" data-element_type=\"widget\" data-e-type=\"widget\" data-widget_type=\"text-editor.default\">\n\t\t\t\t<div class=\"elementor-widget-container\">\n\t\t\t\t\t\t\t\t\t<p>Chez <strong>T Grup Cam<\/strong>, nous privil\u00e9gions la <strong>s\u00e9curit\u00e9 et la durabilit\u00e9<\/strong> de tous nos <strong>produits en verre tremp\u00e9<\/strong>. La compr\u00e9hension du risque de <strong>bris spontan\u00e9 d\u00fb aux inclusions de sulfure de nickel (NiS)<\/strong> a conduit au d\u00e9veloppement du <strong>test d\u2019impr\u00e9gnation \u00e0 la chaleur (HST),<\/strong> une <strong>m\u00e9thode pr\u00e9ventive<\/strong> qui identifie et \u00e9limine le verre d\u00e9fectueux avant l\u2019installation. <\/p>\n<p>Pendant le <strong>HST<\/strong>, le <strong>verre tremp\u00e9<\/strong> est chauff\u00e9 \u00e0 environ <strong>290 \u00b0C<\/strong> pendant une dur\u00e9e sp\u00e9cifi\u00e9e, conform\u00e9ment aux <strong>normes de s\u00e9curit\u00e9 internationales<\/strong>. Ce processus acc\u00e9l\u00e8re <strong>toute expansion cach\u00e9e du sulfure de nickel<\/strong>, ce qui fait que pr\u00e8s <strong>de 99 % des vitres d\u00e9fectueuses<\/strong> se brisent \u00e0 l\u2019int\u00e9rieur de la chambre d\u2019essai contr\u00f4l\u00e9e plut\u00f4t qu\u2019apr\u00e8s l\u2019installation. <\/p>\n\t\t\t\t\t\t\t\t<\/div>\n\t\t\t\t<\/div>\n\t\t\t\t<\/div>\n\t\t\t\t\t<\/div>\n\t\t\t\t<\/div>\n\t\t<div class=\"elementor-element elementor-element-51a0e7d8 e-flex e-con-boxed e-con e-parent\" data-id=\"51a0e7d8\" data-element_type=\"container\" data-e-type=\"container\" data-settings=\"{&quot;background_background&quot;:&quot;classic&quot;}\">\n\t\t\t\t\t<div class=\"e-con-inner\">\n\t\t\t\t<div class=\"elementor-element elementor-element-1711a5df elementor-widget elementor-widget-heading\" data-id=\"1711a5df\" data-element_type=\"widget\" data-e-type=\"widget\" data-widget_type=\"heading.default\">\n\t\t\t\t<div class=\"elementor-widget-container\">\n\t\t\t\t\t<h2 class=\"elementor-heading-title elementor-size-default\">Pourquoi devriez-vous choisir le verre tremp\u00e9 HST ?<\/h2>\t\t\t\t<\/div>\n\t\t\t\t<\/div>\n\t\t\t\t<div class=\"elementor-element elementor-element-3f21b470 elementor-widget elementor-widget-text-editor\" data-id=\"3f21b470\" data-element_type=\"widget\" data-e-type=\"widget\" data-widget_type=\"text-editor.default\">\n\t\t\t\t<div class=\"elementor-widget-container\">\n\t\t\t\t\t\t\t\t\t<p>Avec <strong>l\u2019augmentation des r\u00e9glementations en mati\u00e8re de s\u00e9curit\u00e9<\/strong> et la sensibilisation accrue des <strong>architectes, des entrepreneurs et des investisseurs<\/strong>, de nombreux projets \u00e0 grande \u00e9chelle <strong>n\u00e9cessitent d\u00e9sormais du<\/strong> verre test\u00e9 HST.<\/p>\n<p>\ud83d\udd39 <strong>\u00c9vite les remplacements co\u00fbteux<\/strong> \u2013 Le verre bris\u00e9 doit \u00eatre <strong>remplac\u00e9 rapidement<\/strong>, ce qui n\u00e9cessite souvent <strong>des grues de levage ou des \u00e9quipements sp\u00e9cialis\u00e9s<\/strong>, ce qui entra\u00eene des <strong>co\u00fbts de r\u00e9paration \u00e9lev\u00e9s<\/strong>.<\/p>\n<p>\ud83d\udd39 <strong>Am\u00e9liore la s\u00e9curit\u00e9 des b\u00e2timents<\/strong> \u2013 Une <strong>fa\u00e7ade ou un vitrage cass\u00e9<\/strong> peut rendre les b\u00e2timents <strong>vuln\u00e9rables<\/strong>, compromettant la s\u00e9curit\u00e9 et le contr\u00f4le d\u2019acc\u00e8s.<\/p>\n<p>\ud83d\udd39 <strong>R\u00e9duit les risques de blessures et les probl\u00e8mes juridiques<\/strong> \u2013 Si une <strong>vitre de haute \u00e9l\u00e9vation<\/strong> se brise, m\u00eame <strong>de petits fragments aux bords \u00e9mouss\u00e9s<\/strong> peuvent <strong>blesser les pi\u00e9tons<\/strong> en dessous, entra\u00eenant des <strong>responsabilit\u00e9s juridiques pour les propri\u00e9taires et les gestionnaires d\u2019immeubles<\/strong>.<\/p>\n<p>Chez <strong>T Grup Cam<\/strong>, nous veillons \u00e0 ce que notre <strong>verre tremp\u00e9 HST r\u00e9ponde aux normes de s\u00e9curit\u00e9 les plus \u00e9lev\u00e9es<\/strong>, offrant <strong>tranquillit\u00e9 d\u2019esprit, durabilit\u00e9 et fiabilit\u00e9<\/strong> pour les <strong>applications architecturales et industrielles<\/strong> modernes.<\/p><\/p>\n\t\t\t\t\t\t\t\t<\/div>\n\t\t\t\t<\/div>\n\t\t\t\t\t<\/div>\n\t\t\t\t<\/div>\n\t\t<div class=\"elementor-element elementor-element-499595c3 e-flex e-con-boxed e-con e-parent\" data-id=\"499595c3\" data-element_type=\"container\" data-e-type=\"container\">\n\t\t\t\t\t<div class=\"e-con-inner\">\n\t\t\t\t<div class=\"elementor-element elementor-element-525b3c1d elementor-widget elementor-widget-heading\" data-id=\"525b3c1d\" data-element_type=\"widget\" data-e-type=\"widget\" data-widget_type=\"heading.default\">\n\t\t\t\t<div class=\"elementor-widget-container\">\n\t\t\t\t\t<h2 class=\"elementor-heading-title elementor-size-default\">CE QUE NOUS POUVONS OFFRIR<\/h2>\t\t\t\t<\/div>\n\t\t\t\t<\/div>\n\t\t\t\t<div class=\"elementor-element elementor-element-3058ebd3 elementor-widget elementor-widget-text-editor\" data-id=\"3058ebd3\" data-element_type=\"widget\" data-e-type=\"widget\" data-widget_type=\"text-editor.default\">\n\t\t\t\t<div class=\"elementor-widget-container\">\n\t\t\t\t\t\t\t\t\t<table>\r\n<tbody>\r\n<tr>\r\n<td><strong>\u00c9paisseur\r\ndu\r\nverre\r\n[mm]<\/strong><\/td>\r\n<td><strong>Dimensions\r\nminimales\r\ndu\r\npanneau\r\n[mm]<\/strong><\/td>\r\n<td><strong>Dimensions\r\nmaximales\r\ndu\r\npanneau\r\n[mm]<\/strong><\/td>\r\n<\/tr>\r\n<tr>\r\n<td>4-19<\/td>\r\n<td>Dimensions\r\nminimales\r\ndu\r\nc\u00f4t\u00e9 le plus long\u00a0: 400\u00a0mm<\/td>\r\n<td>3210 x 8000<\/td>\r\n\r\n<\/tr>\r\n<\/tbody>\r\n<\/table>\t\t\t\t\t\t\t\t<\/div>\n\t\t\t\t<\/div>\n\t\t\t\t\t<\/div>\n\t\t\t\t<\/div>\n\t\t<div class=\"elementor-element elementor-element-6d10d100 e-flex e-con-boxed e-con e-parent\" data-id=\"6d10d100\" data-element_type=\"container\" data-e-type=\"container\" data-settings=\"{&quot;background_background&quot;:&quot;classic&quot;,&quot;background_motion_fx_motion_fx_scrolling&quot;:&quot;yes&quot;,&quot;background_motion_fx_translateY_effect&quot;:&quot;yes&quot;,&quot;background_motion_fx_translateY_speed&quot;:{&quot;unit&quot;:&quot;px&quot;,&quot;size&quot;:4,&quot;sizes&quot;:[]},&quot;background_motion_fx_translateY_affectedRange&quot;:{&quot;unit&quot;:&quot;%&quot;,&quot;size&quot;:&quot;&quot;,&quot;sizes&quot;:{&quot;start&quot;:0,&quot;end&quot;:100}},&quot;background_motion_fx_devices&quot;:[&quot;desktop&quot;,&quot;tablet&quot;,&quot;mobile&quot;]}\">\n\t\t\t\t\t<div class=\"e-con-inner\">\n\t\t\t\t<div class=\"elementor-element elementor-element-302d0a7c elementor-widget elementor-widget-heading\" data-id=\"302d0a7c\" data-element_type=\"widget\" data-e-type=\"widget\" data-widget_type=\"heading.default\">\n\t\t\t\t<div class=\"elementor-widget-container\">\n\t\t\t\t\t<h2 class=\"elementor-heading-title elementor-size-default\">Nous modifions constamment nos processus de fabrication et changeons nos habitudes pour limiter les effets n\u00e9gatifs sur l\u2019environnement.<\/h2>\t\t\t\t<\/div>\n\t\t\t\t<\/div>\n\t\t\t\t<div class=\"elementor-element elementor-element-4f39d505 elementor-widget elementor-widget-text-editor\" data-id=\"4f39d505\" data-element_type=\"widget\" data-e-type=\"widget\" data-widget_type=\"text-editor.default\">\n\t\t\t\t<div class=\"elementor-widget-container\">\n\t\t\t\t\t\t\t\t\t<p>Afin de faciliter les changements, nous avons adopt\u00e9 la norme ISO 14001, le syst\u00e8me de management mondial pour la protection de l\u2019environnement.<\/p>\n\t\t\t\t\t\t\t\t<\/div>\n\t\t\t\t<\/div>\n\t\t\t\t<div class=\"elementor-element elementor-element-5813ce90 elementor-align-center elementor-widget elementor-widget-button\" data-id=\"5813ce90\" data-element_type=\"widget\" data-e-type=\"widget\" data-widget_type=\"button.default\">\n\t\t\t\t<div class=\"elementor-widget-container\">\n\t\t\t\t\t\t\t\t\t<div class=\"elementor-button-wrapper\">\n\t\t\t\t\t<a class=\"elementor-button elementor-button-link elementor-size-sm\" href=\"https:\/\/tgrupcam.com\/index.php\/contact\/?lang=fr\">\n\t\t\t\t\t\t<span class=\"elementor-button-content-wrapper\">\n\t\t\t\t\t\t\t\t\t<span class=\"elementor-button-text\">Contactez-nous<\/span>\n\t\t\t\t\t<\/span>\n\t\t\t\t\t<\/a>\n\t\t\t\t<\/div>\n\t\t\t\t\t\t\t\t<\/div>\n\t\t\t\t<\/div>\n\t\t\t\t\t<\/div>\n\t\t\t\t<\/div>\n\t\t\t\t<\/div>\n\t\t","protected":false},"excerpt":{"rendered":"<p>TEST D\u2019IMPR\u00c9GNATION \u00c0 LA CHALEUR &#8211; TVH \u00c0 PROPOS DU TEST D\u2019IMPR\u00c9GNATION \u00c0 LA CHALEUR &#8211; TVH Chez T Grup Cam, nous effectuons des tests d\u2019impr\u00e9gnation \u00e0 la chaleur (HST) pour am\u00e9liorer la s\u00e9curit\u00e9 et la fiabilit\u00e9 de notre verre tremp\u00e9. Ce processus permet de r\u00e9duire le risque de rupture spontan\u00e9e caus\u00e9e par les inclusions [&hellip;]<\/p>\n","protected":false},"author":1,"featured_media":0,"parent":2498,"menu_order":0,"comment_status":"closed","ping_status":"closed","template":"elementor_header_footer","meta":{"footnotes":""},"class_list":["post-2568","page","type-page","status-publish","hentry"],"_links":{"self":[{"href":"https:\/\/tgrupcam.com\/index.php\/wp-json\/wp\/v2\/pages\/2568","targetHints":{"allow":["GET"]}}],"collection":[{"href":"https:\/\/tgrupcam.com\/index.php\/wp-json\/wp\/v2\/pages"}],"about":[{"href":"https:\/\/tgrupcam.com\/index.php\/wp-json\/wp\/v2\/types\/page"}],"author":[{"embeddable":true,"href":"https:\/\/tgrupcam.com\/index.php\/wp-json\/wp\/v2\/users\/1"}],"replies":[{"embeddable":true,"href":"https:\/\/tgrupcam.com\/index.php\/wp-json\/wp\/v2\/comments?post=2568"}],"version-history":[{"count":0,"href":"https:\/\/tgrupcam.com\/index.php\/wp-json\/wp\/v2\/pages\/2568\/revisions"}],"up":[{"embeddable":true,"href":"https:\/\/tgrupcam.com\/index.php\/wp-json\/wp\/v2\/pages\/2498"}],"wp:attachment":[{"href":"https:\/\/tgrupcam.com\/index.php\/wp-json\/wp\/v2\/media?parent=2568"}],"curies":[{"name":"wp","href":"https:\/\/api.w.org\/{rel}","templated":true}]}}