{"id":2596,"date":"2025-02-05T11:54:35","date_gmt":"2025-02-05T08:54:35","guid":{"rendered":"https:\/\/tgrupcam.com\/index.php\/piaci-ajanlat\/specialis-uveg\/edzett-hoerositett-uveg\/"},"modified":"2025-06-04T12:47:11","modified_gmt":"2025-06-04T09:47:11","slug":"edzett-hoerositett-uveg","status":"publish","type":"page","link":"https:\/\/tgrupcam.com\/index.php\/piaci-ajanlat\/specialis-uveg\/edzett-hoerositett-uveg\/?lang=hu","title":{"rendered":"Edzett h\u0151er\u0151s\u00edtett \u00fcveg"},"content":{"rendered":"\t\t<div data-elementor-type=\"wp-page\" data-elementor-id=\"2596\" class=\"elementor elementor-2596 elementor-39\" data-elementor-post-type=\"page\">\n\t\t\t\t<div class=\"elementor-element elementor-element-3db56536 e-con-full e-flex e-con e-parent\" data-id=\"3db56536\" data-element_type=\"container\" data-e-type=\"container\" data-settings=\"{&quot;background_background&quot;:&quot;classic&quot;,&quot;shape_divider_bottom&quot;:&quot;opacity-fan&quot;}\">\n\t\t\t\t<div class=\"elementor-shape elementor-shape-bottom\" aria-hidden=\"true\" data-negative=\"false\">\n\t\t\t<svg xmlns=\"http:\/\/www.w3.org\/2000\/svg\" viewBox=\"0 0 283.5 19.6\" preserveAspectRatio=\"none\">\n\t<path class=\"elementor-shape-fill\" style=\"opacity:0.33\" d=\"M0 0L0 18.8 141.8 4.1 283.5 18.8 283.5 0z\"\/>\n\t<path class=\"elementor-shape-fill\" style=\"opacity:0.33\" d=\"M0 0L0 12.6 141.8 4 283.5 12.6 283.5 0z\"\/>\n\t<path class=\"elementor-shape-fill\" style=\"opacity:0.33\" d=\"M0 0L0 6.4 141.8 4 283.5 6.4 283.5 0z\"\/>\n\t<path class=\"elementor-shape-fill\" d=\"M0 0L0 1.2 141.8 4 283.5 1.2 283.5 0z\"\/>\n<\/svg>\t\t<\/div>\n\t\t\t\t<div class=\"elementor-element elementor-element-104dce8 elementor-widget elementor-widget-heading\" data-id=\"104dce8\" data-element_type=\"widget\" data-e-type=\"widget\" data-widget_type=\"heading.default\">\n\t\t\t\t<div class=\"elementor-widget-container\">\n\t\t\t\t\t<h2 class=\"elementor-heading-title elementor-size-default\">EDZETT H\u0150ER\u0150S\u00cdT\u00c9S<\/h2>\t\t\t\t<\/div>\n\t\t\t\t<\/div>\n\t\t\t\t<\/div>\n\t\t<div class=\"elementor-element elementor-element-62a08aa e-flex e-con-boxed e-con e-parent\" data-id=\"62a08aa\" data-element_type=\"container\" data-e-type=\"container\">\n\t\t\t\t\t<div class=\"e-con-inner\">\n\t\t\t\t<div class=\"elementor-element elementor-element-33f3c9e2 elementor-widget elementor-widget-heading\" data-id=\"33f3c9e2\" data-element_type=\"widget\" data-e-type=\"widget\" data-widget_type=\"heading.default\">\n\t\t\t\t<div class=\"elementor-widget-container\">\n\t\t\t\t\t<h2 class=\"elementor-heading-title elementor-size-default\">AZ EDZETT H\u0150ER\u0150S\u00cdTETT \u00dcVEGR\u0150L<\/h2>\t\t\t\t<\/div>\n\t\t\t\t<\/div>\n\t\t\t\t<div class=\"elementor-element elementor-element-59846ab1 elementor-widget elementor-widget-text-editor\" data-id=\"59846ab1\" data-element_type=\"widget\" data-e-type=\"widget\" data-widget_type=\"text-editor.default\">\n\t\t\t\t<div class=\"elementor-widget-container\">\n\t\t\t\t\t\t\t\t\t<p data-start=\"47\" data-end=\"468\">A <strong data-start=\"50\" data-end=\"64\">T Grup Cam<\/strong> <strong data-start=\"70\" data-end=\"109\">edzett \u00e9s h\u0151er\u0151s\u00edtett \u00fcveg\u00e9t<\/strong> nagy <strong data-start=\"126\" data-end=\"167\">szil\u00e1rds\u00e1gra, tart\u00f3ss\u00e1gra \u00e9s biztons\u00e1gra<\/strong> tervezt\u00e9k, \u00edgy elengedhetetlen v\u00e1laszt\u00e1s a <strong data-start=\"203\" data-end=\"254\" data-is-only-node=\"\">modern \u00e9p\u00edt\u00e9szethez \u00e9s az ipari alkalmaz\u00e1sokhoz<\/strong>. Az <strong data-start=\"275\" data-end=\"327\">ellen\u0151rz\u00f6tt h\u0151- vagy k\u00e9miai kezel\u00e9si elj\u00e1r\u00e1ssal<\/strong> el\u0151\u00e1ll\u00edtott \u00fcveg\u00fcnk <strong data-start=\"346\" data-end=\"408\">kiv\u00e1l\u00f3 ellen\u00e1ll\u00e1st biztos\u00edt az \u00fct\u00e9sekkel, h\u0151vel \u00e9s mechanikai ig\u00e9nybev\u00e9tellel szemben,<\/strong> mik\u00f6zben biztos\u00edtja <strong data-start=\"424\" data-end=\"465\">a hossz\u00fa t\u00e1v\u00fa megb\u00edzhat\u00f3s\u00e1got \u00e9s teljes\u00edtm\u00e9nyt<\/strong>. <\/p>\n<p data-start=\"470\" data-end=\"489\"><strong data-start=\"474\" data-end=\"487\">El\u0151ny\u00f6k:<\/strong><\/p>\n<p data-start=\"491\" data-end=\"1051\">\u2705 <strong data-start=\"493\" data-end=\"510\">Nagy szil\u00e1rds\u00e1g<\/strong> \u2013 Ak\u00e1r <strong data-start=\"519\" data-end=\"539\">5-sz\u00f6r er\u0151sebb<\/strong> , mint a hagyom\u00e1nyos \u00fcveg, kiv\u00e1l\u00f3 <strong data-start=\"579\" data-end=\"600\">\u00fct\u00e9s\u00e1ll\u00f3s\u00e1got<\/strong> biztos\u00edt.<br data-start=\"601\" data-end=\"604\" data-is-only-node=\"\">\u2705 <strong data-start=\"606\" data-end=\"627\">Biztons\u00e1g \u00e9s v\u00e9delem<\/strong> \u2013 Ha elt\u00f6rik, <strong data-start=\"660\" data-end=\"683\">apr\u00f3, tompa darabokra<\/strong> t\u00f6rik, minimaliz\u00e1lva a <strong data-start=\"696\" data-end=\"711\">s\u00e9r\u00fcl\u00e9sek kock\u00e1zat\u00e1t<\/strong>.<br data-start=\"712\" data-end=\"715\">\u2705 <strong data-start=\"717\" data-end=\"752\">H\u0151- \u00e9s h\u0151sokk\u00e1ll\u00f3s\u00e1g<\/strong> \u2013 Ellen\u00e1ll a <strong data-start=\"766\" data-end=\"809\">sz\u00e9ls\u0151s\u00e9ges h\u0151m\u00e9rs\u00e9kleteknek \u00e9s a hirtelen v\u00e1ltoz\u00e1soknak<\/strong> an\u00e9lk\u00fcl, hogy elt\u00f6rne.<br data-start=\"827\" data-end=\"830\">\u2705 <strong data-start=\"832\" data-end=\"858\">Sokoldal\u00fa alkalmaz\u00e1sok<\/strong> \u2013 Ide\u00e1lis <strong data-start=\"871\" data-end=\"925\">ablakokhoz, ajt\u00f3khoz, homlokzatokhoz, v\u00e1laszfalakhoz \u00e9s b\u00fatorokhoz<\/strong>.<br data-start=\"926\" data-end=\"929\">\u2705 <strong data-start=\"931\" data-end=\"955\">Testreszabhat\u00f3 opci\u00f3k<\/strong> \u2013 <strong data-start=\"971\" data-end=\"1015\">K\u00fcl\u00f6nb\u00f6z\u0151 vastags\u00e1gban, bevonatban \u00e9s m\u00e9retben kaphat\u00f3,<\/strong> hogy megfeleljen a <strong data-start=\"1024\" data-end=\"1048\">projekt k\u00f6vetelm\u00e9nyeinek<\/strong>.<\/p>\n<p data-start=\"1053\" data-end=\"1076\"><strong data-start=\"1057\" data-end=\"1074\">Alkalmaz\u00e1sok:<\/strong><\/p>\n<ul data-start=\"1078\" data-end=\"1335\">\n<li data-start=\"1078\" data-end=\"1123\"><strong data-start=\"1080\" data-end=\"1121\">\u00c9p\u00edt\u00e9szeti homlokzatok \u00e9s f\u00fcgg\u00f6nyfalak<\/strong><\/li>\n<li data-start=\"1124\" data-end=\"1167\"><strong data-start=\"1126\" data-end=\"1165\">Bels\u0151 v\u00e1laszfalak \u00e9s irodahelyis\u00e9gek<\/strong><\/li>\n<li data-start=\"1168\" data-end=\"1210\"><strong data-start=\"1170\" data-end=\"1208\">Korl\u00e1tok, korl\u00e1tok \u00e9s l\u00e9pcs\u0151k<\/strong><\/li>\n<li data-start=\"1211\" data-end=\"1253\"><strong data-start=\"1213\" data-end=\"1251\">Zuhanykabinok \u00e9s f\u00fcrd\u0151szobai \u00fcvegek<\/strong><\/li>\n<li data-start=\"1254\" data-end=\"1295\"><strong data-start=\"1256\" data-end=\"1293\">Aut\u00f3ipar \u00e9s sz\u00e1ll\u00edt\u00e1s \u00dcveg<\/strong><\/li>\n<li data-start=\"1296\" data-end=\"1335\"><strong data-start=\"1298\" data-end=\"1333\">Kiskereskedelmi \u00e9s kereskedelmi kirakatok<\/strong><\/li>\n<\/ul>\n\t\t\t\t\t\t\t\t<\/div>\n\t\t\t\t<\/div>\n\t\t\t\t<div class=\"elementor-element elementor-element-31ee18fa elementor-widget elementor-widget-heading\" data-id=\"31ee18fa\" data-element_type=\"widget\" data-e-type=\"widget\" data-widget_type=\"heading.default\">\n\t\t\t\t<div class=\"elementor-widget-container\">\n\t\t\t\t\t<h2 class=\"elementor-heading-title elementor-size-default\">EL\u0150NYE<\/h2>\t\t\t\t<\/div>\n\t\t\t\t<\/div>\n\t\t\t\t<div class=\"elementor-element elementor-element-4c273050 elementor-position-left elementor-vertical-align-middle elementor-widget elementor-widget-image-box\" data-id=\"4c273050\" data-element_type=\"widget\" data-e-type=\"widget\" data-widget_type=\"image-box.default\">\n\t\t\t\t<div class=\"elementor-widget-container\">\n\t\t\t\t\t<div class=\"elementor-image-box-wrapper\"><figure class=\"elementor-image-box-img\"><img fetchpriority=\"high\" decoding=\"async\" width=\"1080\" height=\"1080\" src=\"https:\/\/tgrupcam.com\/wp-content\/uploads\/2025\/04\/taughened-glass-1.jpg\" class=\"attachment-full size-full wp-image-2430\" alt=\"\" srcset=\"https:\/\/tgrupcam.com\/wp-content\/uploads\/2025\/04\/taughened-glass-1.jpg 1080w, https:\/\/tgrupcam.com\/wp-content\/uploads\/2025\/04\/taughened-glass-1-300x300.jpg 300w, https:\/\/tgrupcam.com\/wp-content\/uploads\/2025\/04\/taughened-glass-1-1024x1024.jpg 1024w, https:\/\/tgrupcam.com\/wp-content\/uploads\/2025\/04\/taughened-glass-1-150x150.jpg 150w, https:\/\/tgrupcam.com\/wp-content\/uploads\/2025\/04\/taughened-glass-1-768x768.jpg 768w, https:\/\/tgrupcam.com\/wp-content\/uploads\/2025\/04\/taughened-glass-1-650x650.jpg 650w\" sizes=\"(max-width: 1080px) 100vw, 1080px\" \/><\/figure><div class=\"elementor-image-box-content\"><h3 class=\"elementor-image-box-title\">V\u00e9delem az \u00fcvegt\u00f6r\u00e9s okozta s\u00e9r\u00fcl\u00e9sek ellen<\/h3><p class=\"elementor-image-box-description\">Minimaliz\u00e1lja a s\u00e9r\u00fcl\u00e9sek kock\u00e1zat\u00e1t az\u00e1ltal, hogy \u00fctk\u00f6z\u00e9skor apr\u00f3, tompa darabokra t\u00f6rik.<\/p><\/div><\/div>\t\t\t\t<\/div>\n\t\t\t\t<\/div>\n\t\t\t\t<div class=\"elementor-element elementor-element-2b3f137c elementor-position-left elementor-vertical-align-middle elementor-widget elementor-widget-image-box\" data-id=\"2b3f137c\" data-element_type=\"widget\" data-e-type=\"widget\" data-widget_type=\"image-box.default\">\n\t\t\t\t<div class=\"elementor-widget-container\">\n\t\t\t\t\t<div class=\"elementor-image-box-wrapper\"><figure class=\"elementor-image-box-img\"><img decoding=\"async\" width=\"1080\" height=\"1080\" src=\"https:\/\/tgrupcam.com\/wp-content\/uploads\/2025\/04\/taughened-glass-2.jpg\" class=\"attachment-full size-full wp-image-2441\" alt=\"\" srcset=\"https:\/\/tgrupcam.com\/wp-content\/uploads\/2025\/04\/taughened-glass-2.jpg 1080w, https:\/\/tgrupcam.com\/wp-content\/uploads\/2025\/04\/taughened-glass-2-300x300.jpg 300w, https:\/\/tgrupcam.com\/wp-content\/uploads\/2025\/04\/taughened-glass-2-1024x1024.jpg 1024w, https:\/\/tgrupcam.com\/wp-content\/uploads\/2025\/04\/taughened-glass-2-150x150.jpg 150w, https:\/\/tgrupcam.com\/wp-content\/uploads\/2025\/04\/taughened-glass-2-768x768.jpg 768w, https:\/\/tgrupcam.com\/wp-content\/uploads\/2025\/04\/taughened-glass-2-650x650.jpg 650w\" sizes=\"(max-width: 1080px) 100vw, 1080px\" \/><\/figure><div class=\"elementor-image-box-content\"><h3 class=\"elementor-image-box-title\">Magas szint\u0171 hajl\u00edt\u00e1si ellen\u00e1ll\u00e1s<\/h3><p class=\"elementor-image-box-description\">Kiv\u00e9teles ellen\u00e1ll\u00e1st biztos\u00edt a hajl\u00edt\u00e1ssal \u00e9s a mechanikai ig\u00e9nybev\u00e9tellel szemben.<\/p><\/div><\/div>\t\t\t\t<\/div>\n\t\t\t\t<\/div>\n\t\t\t\t<div class=\"elementor-element elementor-element-40ed957c elementor-position-left elementor-vertical-align-middle elementor-widget elementor-widget-image-box\" data-id=\"40ed957c\" data-element_type=\"widget\" data-e-type=\"widget\" data-widget_type=\"image-box.default\">\n\t\t\t\t<div class=\"elementor-widget-container\">\n\t\t\t\t\t<div class=\"elementor-image-box-wrapper\"><figure class=\"elementor-image-box-img\"><img decoding=\"async\" width=\"1080\" height=\"1080\" src=\"https:\/\/tgrupcam.com\/wp-content\/uploads\/2025\/04\/taughened-glass-3.jpg\" class=\"attachment-full size-full wp-image-2452\" alt=\"\" srcset=\"https:\/\/tgrupcam.com\/wp-content\/uploads\/2025\/04\/taughened-glass-3.jpg 1080w, https:\/\/tgrupcam.com\/wp-content\/uploads\/2025\/04\/taughened-glass-3-300x300.jpg 300w, https:\/\/tgrupcam.com\/wp-content\/uploads\/2025\/04\/taughened-glass-3-1024x1024.jpg 1024w, https:\/\/tgrupcam.com\/wp-content\/uploads\/2025\/04\/taughened-glass-3-150x150.jpg 150w, https:\/\/tgrupcam.com\/wp-content\/uploads\/2025\/04\/taughened-glass-3-768x768.jpg 768w, https:\/\/tgrupcam.com\/wp-content\/uploads\/2025\/04\/taughened-glass-3-650x650.jpg 650w\" sizes=\"(max-width: 1080px) 100vw, 1080px\" \/><\/figure><div class=\"elementor-image-box-content\"><h3 class=\"elementor-image-box-title\">Ellen\u00e1ll a h\u0151sokknak<\/h3><p class=\"elementor-image-box-description\">Minimaliz\u00e1lja a h\u0151vesztes\u00e9get, cs\u00f6kkenti az energiafogyaszt\u00e1st \u00e9s a f\u0171t\u00e9si k\u00f6lts\u00e9geket.<\/p><\/div><\/div>\t\t\t\t<\/div>\n\t\t\t\t<\/div>\n\t\t\t\t\t<\/div>\n\t\t\t\t<\/div>\n\t\t<div class=\"elementor-element elementor-element-79f5ec1d e-flex e-con-boxed e-con e-parent\" data-id=\"79f5ec1d\" data-element_type=\"container\" data-e-type=\"container\" data-settings=\"{&quot;background_background&quot;:&quot;classic&quot;,&quot;background_motion_fx_motion_fx_scrolling&quot;:&quot;yes&quot;,&quot;background_motion_fx_translateY_effect&quot;:&quot;yes&quot;,&quot;background_motion_fx_translateY_speed&quot;:{&quot;unit&quot;:&quot;px&quot;,&quot;size&quot;:4,&quot;sizes&quot;:[]},&quot;background_motion_fx_translateY_affectedRange&quot;:{&quot;unit&quot;:&quot;%&quot;,&quot;size&quot;:&quot;&quot;,&quot;sizes&quot;:{&quot;start&quot;:0,&quot;end&quot;:100}},&quot;background_motion_fx_devices&quot;:[&quot;desktop&quot;,&quot;tablet&quot;,&quot;mobile&quot;]}\">\n\t\t\t\t\t<div class=\"e-con-inner\">\n\t\t\t\t\t<\/div>\n\t\t\t\t<\/div>\n\t\t<div class=\"elementor-element elementor-element-352cdb09 e-flex e-con-boxed e-con e-parent\" data-id=\"352cdb09\" data-element_type=\"container\" data-e-type=\"container\" data-settings=\"{&quot;background_background&quot;:&quot;classic&quot;}\">\n\t\t\t\t\t<div class=\"e-con-inner\">\n\t\t\t\t<div class=\"elementor-element elementor-element-53b51dec elementor-widget elementor-widget-heading\" data-id=\"53b51dec\" data-element_type=\"widget\" data-e-type=\"widget\" data-widget_type=\"heading.default\">\n\t\t\t\t<div class=\"elementor-widget-container\">\n\t\t\t\t\t<h2 class=\"elementor-heading-title elementor-size-default\">Ir\u00e1ny\u00edtott edz\u00e9s \u00e9s h\u0151er\u0151s\u00edtett \u00fcveg<\/h2>\t\t\t\t<\/div>\n\t\t\t\t<\/div>\n\t\t\t\t<div class=\"elementor-element elementor-element-4140c99d elementor-widget elementor-widget-text-editor\" data-id=\"4140c99d\" data-element_type=\"widget\" data-e-type=\"widget\" data-widget_type=\"text-editor.default\">\n\t\t\t\t<div class=\"elementor-widget-container\">\n\t\t\t\t\t\t\t\t\t<p>A <strong>T Grup Cam-n\u00e9l<\/strong> a <strong>min\u0151s\u00e9get, a pontoss\u00e1got \u00e9s az \u00e1tl\u00e1that\u00f3s\u00e1got<\/strong> helyezz\u00fck el\u0151t\u00e9rbe gy\u00e1rt\u00e1si folyamatainkban. Az <strong>edz\u00e9si folyamat<\/strong> egyik term\u00e9szetes hat\u00e1sa az <strong>\u00fcveg hull\u00e1moss\u00e1ga<\/strong>, amely a <strong>homlokzatok \u00e9s a nagy \u00fcvegfel\u00fcletek<\/strong> tervez\u00e9s\u00e9n\u00e9l figyelembe kell venni a velej\u00e1r\u00f3t. <\/p>\n<p><strong>Ir\u00e1ny\u00edtott edz\u00e9s<\/strong><\/p>\n<p>A homlokzatokon visszavert k\u00e9pek <strong>vizu\u00e1lis torz\u00edt\u00e1s\u00e1nak<\/strong> minimaliz\u00e1l\u00e1sa \u00e9rdek\u00e9ben javasoljuk <strong>az ir\u00e1ny\u00edtott edz\u00e9st<\/strong>. Ez azt jelenti, hogy ha az \u00fcveget <strong>a magass\u00e1ga ment\u00e9n edzik<\/strong>, akkor a <strong>hull\u00e1moss\u00e1g hat\u00e1sa mer\u0151leges lesz<\/strong> erre a dimenzi\u00f3ra. A <strong>megfelel\u0151 kem\u00e9ny\u00edt\u00e9si t\u00e1jol\u00e1s<\/strong> meg\u00e9rt\u00e9se \u00e9s alkalmaz\u00e1sa jobb <strong>vizu\u00e1lis konzisztenci\u00e1t<\/strong> biztos\u00edt az \u00e9p\u00edt\u00e9szeti tervekben.  <\/p>\n<p><strong>H\u0151er\u0151s\u00edtett \u00fcveg<\/strong><\/p>\n<p><strong>A h\u0151er\u0151s\u00edtett \u00fcveg (TVG)<\/strong> <strong>t\u00f6r\u00e9smint\u00e1zat\u00e1ban<\/strong> k\u00fcl\u00f6nb\u00f6zik a <strong>teljesen edzett \u00fcvegt\u0151l<\/strong>. S\u00e9r\u00fcl\u00e9s eset\u00e9n a <strong>TVG a keretben marad,<\/strong> cs\u00f6kkentve a s\u00e9r\u00fcl\u00e9svesz\u00e9lyt \u00e9s meg\u0151rizve a szerkezeti integrit\u00e1st. <\/p>\n<p>\ud83d\udd39 A <strong>h\u0151er\u0151s\u00edtett \u00fcveg f\u0151bb jellemz\u0151i:<\/strong><br \/>\u2705 <strong>Er\u0151sebb, mint a l\u00e1gy\u00edtott \u00fcveg, de kev\u00e9sb\u00e9 t\u00f6r\u00e9keny, mint az edzett \u00fcveg<\/strong><br \/>\u2705 <strong>T\u00f6r\u00e9skor megtartja a t\u00f6red\u00e9keket a keretben<\/strong><br \/>\u2705 <strong>Ide\u00e1lis olyan alkalmaz\u00e1sokhoz, ahol ellen\u0151rz\u00f6tt t\u00f6r\u00e9sre van sz\u00fcks\u00e9g<\/strong><br \/>\u2705 <strong>Nem tartozik a biztons\u00e1gi \u00fcveg kateg\u00f3ri\u00e1ba, de nagyobb tart\u00f3ss\u00e1got biztos\u00edt<\/strong><\/p>\n<p><strong>Egyed\u00fcl\u00e1ll\u00f3 tulajdons\u00e1gai<\/strong> miatt <strong>a h\u0151er\u0151s\u00edtett \u00fcveg<\/strong> a <strong>teljesen edzett \u00fcveg<\/strong> el\u0151nyben r\u00e9szes\u00edtett alternat\u00edv\u00e1j\u00e1v\u00e1 v\u00e1lik speci\u00e1lis \u00e9p\u00edt\u00e9szeti \u00e9s \u00fcvegez\u00e9si alkalmaz\u00e1sokban. A <strong>T Grup Cam-n\u00e9l<\/strong> <strong>szak\u00e9rt\u0151i \u00fatmutat\u00e1st \u00e9s testreszabott megold\u00e1sokat<\/strong> ny\u00fajtunk, hogy a legjobb \u00fcvegv\u00e1laszt\u00e9kot biztos\u00edtsuk projektjeihez. <\/p>\n\t\t\t\t\t\t\t\t<\/div>\n\t\t\t\t<\/div>\n\t\t\t\t\t<\/div>\n\t\t\t\t<\/div>\n\t\t<div class=\"elementor-element elementor-element-5dcc442f e-flex e-con-boxed e-con e-parent\" data-id=\"5dcc442f\" data-element_type=\"container\" data-e-type=\"container\">\n\t\t\t\t\t<div class=\"e-con-inner\">\n\t\t\t\t<div class=\"elementor-element elementor-element-4f4bee51 elementor-widget elementor-widget-heading\" data-id=\"4f4bee51\" data-element_type=\"widget\" data-e-type=\"widget\" data-widget_type=\"heading.default\">\n\t\t\t\t<div class=\"elementor-widget-container\">\n\t\t\t\t\t<h2 class=\"elementor-heading-title elementor-size-default\">Amit k\u00edn\u00e1lunk<\/h2>\t\t\t\t<\/div>\n\t\t\t\t<\/div>\n\t\t\t\t<div class=\"elementor-element elementor-element-7c2243d4 elementor-widget elementor-widget-text-editor\" data-id=\"7c2243d4\" data-element_type=\"widget\" data-e-type=\"widget\" data-widget_type=\"text-editor.default\">\n\t\t\t\t<div class=\"elementor-widget-container\">\n\t\t\t\t\t\t\t\t\t<table>\n<tbody>\n<tr>\n<td><strong>Edz\u00e9si<br \/>t\u00edpus<\/strong><\/td>\n<td><strong>\u00dcvegvastags\u00e1g<br \/>[mm]<\/strong><\/td>\n<td><strong>Minim\u00e1lis m\u00e9retek<br \/>[mm]<\/strong><\/td>\n<td><strong>Maxim\u00e1lis m\u00e9retek<br \/>[mm] T-thermofloat<\/strong><\/td>\n<\/tr>\n<tr>\n<td rowspan=\"3\">Standard<\/td>\n<td>4<\/td>\n<td>100\u00d7250<\/td>\n<td>3210&#215;4500<\/td>\n<\/tr>\n<tr>\n<td>\u00a0<\/td>\n<td>\u00a0<\/td>\n<td>\u00a0<\/td>\n<\/tr>\n<tr>\n<td>5-19<\/td>\n<td>100\u00d7250<\/td>\n<td>3210\u00d79000<\/td>\n<\/tr>\n<\/tbody>\n<\/table>\n\t\t\t\t\t\t\t\t<\/div>\n\t\t\t\t<\/div>\n\t\t\t\t\t<\/div>\n\t\t\t\t<\/div>\n\t\t<div class=\"elementor-element elementor-element-457d22c3 e-flex e-con-boxed e-con e-parent\" data-id=\"457d22c3\" data-element_type=\"container\" data-e-type=\"container\" data-settings=\"{&quot;background_background&quot;:&quot;classic&quot;,&quot;background_motion_fx_motion_fx_scrolling&quot;:&quot;yes&quot;,&quot;background_motion_fx_translateY_effect&quot;:&quot;yes&quot;,&quot;background_motion_fx_translateY_speed&quot;:{&quot;unit&quot;:&quot;px&quot;,&quot;size&quot;:4,&quot;sizes&quot;:[]},&quot;background_motion_fx_translateY_affectedRange&quot;:{&quot;unit&quot;:&quot;%&quot;,&quot;size&quot;:&quot;&quot;,&quot;sizes&quot;:{&quot;start&quot;:0,&quot;end&quot;:100}},&quot;background_motion_fx_devices&quot;:[&quot;desktop&quot;,&quot;tablet&quot;,&quot;mobile&quot;]}\">\n\t\t\t\t\t<div class=\"e-con-inner\">\n\t\t\t\t<div class=\"elementor-element elementor-element-3aae8e53 elementor-widget elementor-widget-heading\" data-id=\"3aae8e53\" data-element_type=\"widget\" data-e-type=\"widget\" data-widget_type=\"heading.default\">\n\t\t\t\t<div class=\"elementor-widget-container\">\n\t\t\t\t\t<h2 class=\"elementor-heading-title elementor-size-default\">Folyamatosan m\u00f3dos\u00edtjuk gy\u00e1rt\u00e1si folyamatainkat \u00e9s szok\u00e1sainkat, hogy korl\u00e1tozzuk a k\u00f6rnyezetre gyakorolt negat\u00edv hat\u00e1sokat.<\/h2>\t\t\t\t<\/div>\n\t\t\t\t<\/div>\n\t\t\t\t<div class=\"elementor-element elementor-element-32817cd5 elementor-widget elementor-widget-text-editor\" data-id=\"32817cd5\" data-element_type=\"widget\" data-e-type=\"widget\" data-widget_type=\"text-editor.default\">\n\t\t\t\t<div class=\"elementor-widget-container\">\n\t\t\t\t\t\t\t\t\t<p>A v\u00e1ltoz\u00e1sok megk\u00f6nny\u00edt\u00e9se \u00e9rdek\u00e9ben elfogadtuk az ISO 14001-et, a vil\u00e1gm\u00e9ret\u0171 k\u00f6rnyezetv\u00e9delmi ir\u00e1ny\u00edt\u00e1si rendszert.<\/p>\n\t\t\t\t\t\t\t\t<\/div>\n\t\t\t\t<\/div>\n\t\t\t\t<div class=\"elementor-element elementor-element-6aa02534 elementor-align-center elementor-widget elementor-widget-button\" data-id=\"6aa02534\" data-element_type=\"widget\" data-e-type=\"widget\" data-widget_type=\"button.default\">\n\t\t\t\t<div class=\"elementor-widget-container\">\n\t\t\t\t\t\t\t\t\t<div class=\"elementor-button-wrapper\">\n\t\t\t\t\t<a class=\"elementor-button elementor-button-link elementor-size-sm\" href=\"https:\/\/tgrupcam.com\/index.php\/kapcsolat\/?lang=hu\">\n\t\t\t\t\t\t<span class=\"elementor-button-content-wrapper\">\n\t\t\t\t\t\t\t\t\t<span class=\"elementor-button-text\">Kapcsolat<\/span>\n\t\t\t\t\t<\/span>\n\t\t\t\t\t<\/a>\n\t\t\t\t<\/div>\n\t\t\t\t\t\t\t\t<\/div>\n\t\t\t\t<\/div>\n\t\t\t\t\t<\/div>\n\t\t\t\t<\/div>\n\t\t\t\t<\/div>\n\t\t","protected":false},"excerpt":{"rendered":"<p>EDZETT H\u0150ER\u0150S\u00cdT\u00c9S AZ EDZETT H\u0150ER\u0150S\u00cdTETT \u00dcVEGR\u0150L A T Grup Cam edzett \u00e9s h\u0151er\u0151s\u00edtett \u00fcveg\u00e9t nagy szil\u00e1rds\u00e1gra, tart\u00f3ss\u00e1gra \u00e9s biztons\u00e1gra tervezt\u00e9k, \u00edgy elengedhetetlen v\u00e1laszt\u00e1s a modern \u00e9p\u00edt\u00e9szethez \u00e9s az ipari alkalmaz\u00e1sokhoz. Az ellen\u0151rz\u00f6tt h\u0151- vagy k\u00e9miai kezel\u00e9si elj\u00e1r\u00e1ssal el\u0151\u00e1ll\u00edtott \u00fcveg\u00fcnk kiv\u00e1l\u00f3 ellen\u00e1ll\u00e1st biztos\u00edt az \u00fct\u00e9sekkel, h\u0151vel \u00e9s mechanikai ig\u00e9nybev\u00e9tellel szemben, mik\u00f6zben biztos\u00edtja a hossz\u00fa t\u00e1v\u00fa megb\u00edzhat\u00f3s\u00e1got [&hellip;]<\/p>\n","protected":false},"author":1,"featured_media":0,"parent":2460,"menu_order":0,"comment_status":"closed","ping_status":"closed","template":"elementor_header_footer","meta":{"footnotes":""},"class_list":["post-2596","page","type-page","status-publish","hentry"],"_links":{"self":[{"href":"https:\/\/tgrupcam.com\/index.php\/wp-json\/wp\/v2\/pages\/2596","targetHints":{"allow":["GET"]}}],"collection":[{"href":"https:\/\/tgrupcam.com\/index.php\/wp-json\/wp\/v2\/pages"}],"about":[{"href":"https:\/\/tgrupcam.com\/index.php\/wp-json\/wp\/v2\/types\/page"}],"author":[{"embeddable":true,"href":"https:\/\/tgrupcam.com\/index.php\/wp-json\/wp\/v2\/users\/1"}],"replies":[{"embeddable":true,"href":"https:\/\/tgrupcam.com\/index.php\/wp-json\/wp\/v2\/comments?post=2596"}],"version-history":[{"count":0,"href":"https:\/\/tgrupcam.com\/index.php\/wp-json\/wp\/v2\/pages\/2596\/revisions"}],"up":[{"embeddable":true,"href":"https:\/\/tgrupcam.com\/index.php\/wp-json\/wp\/v2\/pages\/2460"}],"wp:attachment":[{"href":"https:\/\/tgrupcam.com\/index.php\/wp-json\/wp\/v2\/media?parent=2596"}],"curies":[{"name":"wp","href":"https:\/\/api.w.org\/{rel}","templated":true}]}}