{"id":2608,"date":"2025-02-05T11:54:35","date_gmt":"2025-02-05T08:54:35","guid":{"rendered":"https:\/\/tgrupcam.com\/index.php\/oferta-de-piata\/sticla-speciala\/sticla-intarita-termic\/"},"modified":"2025-06-04T12:13:14","modified_gmt":"2025-06-04T09:13:14","slug":"sticla-intarita-termic","status":"publish","type":"page","link":"https:\/\/tgrupcam.com\/index.php\/oferta-de-piata\/sticla-speciala\/sticla-intarita-termic\/?lang=ro","title":{"rendered":"Sticl\u0103 \u00eent\u0103rit\u0103 termic"},"content":{"rendered":"\t\t<div data-elementor-type=\"wp-page\" data-elementor-id=\"2608\" class=\"elementor elementor-2608 elementor-39\" data-elementor-post-type=\"page\">\n\t\t\t\t<div class=\"elementor-element elementor-element-3db56536 e-con-full e-flex e-con e-parent\" data-id=\"3db56536\" data-element_type=\"container\" data-e-type=\"container\" data-settings=\"{&quot;background_background&quot;:&quot;classic&quot;,&quot;shape_divider_bottom&quot;:&quot;opacity-fan&quot;}\">\n\t\t\t\t<div class=\"elementor-shape elementor-shape-bottom\" aria-hidden=\"true\" data-negative=\"false\">\n\t\t\t<svg xmlns=\"http:\/\/www.w3.org\/2000\/svg\" viewBox=\"0 0 283.5 19.6\" preserveAspectRatio=\"none\">\n\t<path class=\"elementor-shape-fill\" style=\"opacity:0.33\" d=\"M0 0L0 18.8 141.8 4.1 283.5 18.8 283.5 0z\"\/>\n\t<path class=\"elementor-shape-fill\" style=\"opacity:0.33\" d=\"M0 0L0 12.6 141.8 4 283.5 12.6 283.5 0z\"\/>\n\t<path class=\"elementor-shape-fill\" style=\"opacity:0.33\" d=\"M0 0L0 6.4 141.8 4 283.5 6.4 283.5 0z\"\/>\n\t<path class=\"elementor-shape-fill\" d=\"M0 0L0 1.2 141.8 4 283.5 1.2 283.5 0z\"\/>\n<\/svg>\t\t<\/div>\n\t\t\t\t<div class=\"elementor-element elementor-element-104dce8 elementor-widget elementor-widget-heading\" data-id=\"104dce8\" data-element_type=\"widget\" data-e-type=\"widget\" data-widget_type=\"heading.default\">\n\t\t\t\t<div class=\"elementor-widget-container\">\n\t\t\t\t\t<h2 class=\"elementor-heading-title elementor-size-default\">\u00ceNT\u0102RIT LA C\u0102LDUR\u0102<\/h2>\t\t\t\t<\/div>\n\t\t\t\t<\/div>\n\t\t\t\t<\/div>\n\t\t<div class=\"elementor-element elementor-element-62a08aa e-flex e-con-boxed e-con e-parent\" data-id=\"62a08aa\" data-element_type=\"container\" data-e-type=\"container\">\n\t\t\t\t\t<div class=\"e-con-inner\">\n\t\t\t\t<div class=\"elementor-element elementor-element-33f3c9e2 elementor-widget elementor-widget-heading\" data-id=\"33f3c9e2\" data-element_type=\"widget\" data-e-type=\"widget\" data-widget_type=\"heading.default\">\n\t\t\t\t<div class=\"elementor-widget-container\">\n\t\t\t\t\t<h2 class=\"elementor-heading-title elementor-size-default\">DESPRE STICLA \u00ceNT\u0102RIT\u0102 LA C\u0102LDUR\u0102<\/h2>\t\t\t\t<\/div>\n\t\t\t\t<\/div>\n\t\t\t\t<div class=\"elementor-element elementor-element-59846ab1 elementor-widget elementor-widget-text-editor\" data-id=\"59846ab1\" data-element_type=\"widget\" data-e-type=\"widget\" data-widget_type=\"text-editor.default\">\n\t\t\t\t<div class=\"elementor-widget-container\">\n\t\t\t\t\t\t\t\t\t<p data-start=\"47\" data-end=\"468\">La <strong data-start=\"50\" data-end=\"64\">T Grup Cam<\/strong>, <strong data-start=\"70\" data-end=\"109\">sticla noastr\u0103 \u00eent\u0103rit\u0103 \u0219i \u00eent\u0103rit\u0103 termic<\/strong> este proiectat\u0103 pentru <strong data-start=\"126\" data-end=\"167\">rezisten\u021b\u0103, durabilitate \u0219i siguran\u021b\u0103 ridicate<\/strong>, ceea ce o face o alegere esen\u021bial\u0103 pentru <strong data-start=\"203\" data-end=\"254\" data-is-only-node=\"\">arhitectura modern\u0103 \u0219i aplica\u021biile industriale<\/strong>. Produs\u0103 printr-un <strong data-start=\"275\" data-end=\"327\">proces controlat de tratament termic sau chimic<\/strong>, sticla noastr\u0103 ofer\u0103 <strong data-start=\"346\" data-end=\"408\">o rezisten\u021b\u0103 superioar\u0103 la impact, c\u0103ldur\u0103 \u0219i solicit\u0103ri mecanice,<\/strong> asigur\u00e2nd \u00een acela\u0219i timp <strong data-start=\"424\" data-end=\"465\">fiabilitate \u0219i performan\u021b\u0103 pe termen lung<\/strong>. <\/p>\n<p data-start=\"470\" data-end=\"489\"><strong data-start=\"474\" data-end=\"487\">Beneficii:<\/strong><\/p>\n<p data-start=\"491\" data-end=\"1051\">\u2705 <strong data-start=\"493\" data-end=\"510\">Rezisten\u021b\u0103 ridicat\u0103<\/strong> \u2013 De p\u00e2n\u0103 la <strong data-start=\"519\" data-end=\"539\">5 ori mai puternic\u0103<\/strong> dec\u00e2t sticla standard, oferind <strong data-start=\"579\" data-end=\"600\">o rezisten\u021b\u0103<\/strong> superioar\u0103 la impact.<br data-start=\"601\" data-end=\"604\" data-is-only-node=\"\">\u2705 <strong data-start=\"606\" data-end=\"627\">Siguran\u021b\u0103 \u0219i securitate<\/strong> \u2013 C\u00e2nd este rupt\u0103, se sparge \u00een <strong data-start=\"660\" data-end=\"683\">buc\u0103\u021bi mici, contondente<\/strong>, minimiz\u00e2nd <strong data-start=\"696\" data-end=\"711\">riscul de r\u0103nire<\/strong>.<br data-start=\"712\" data-end=\"715\">\u2705 <strong data-start=\"717\" data-end=\"752\">Rezisten\u021b\u0103 la c\u0103ldur\u0103 \u0219i \u0219ocuri termice<\/strong> \u2013 Rezist\u0103 <strong data-start=\"766\" data-end=\"809\">la temperaturi extreme \u0219i schimb\u0103ri bru\u0219te<\/strong> f\u0103r\u0103 a se rupe.<br data-start=\"827\" data-end=\"830\">\u2705 <strong data-start=\"832\" data-end=\"858\">Aplica\u021bii versatile<\/strong> \u2013 Ideal pentru <strong data-start=\"871\" data-end=\"925\">ferestre, u\u0219i, fa\u021bade, pere\u021bi desp\u0103r\u021bitori \u0219i mobilier<\/strong>.<br data-start=\"926\" data-end=\"929\">\u2705 <strong data-start=\"931\" data-end=\"955\">Op\u021biuni personalizabile<\/strong> \u2013 Disponibil \u00een <strong data-start=\"971\" data-end=\"1015\">diferite grosimi, acoperiri \u0219i dimensiuni<\/strong> pentru a \u00eendeplini <strong data-start=\"1024\" data-end=\"1048\">cerin\u021bele proiectului<\/strong>.<\/p>\n<p data-start=\"1053\" data-end=\"1076\"><strong data-start=\"1057\" data-end=\"1074\">Aplica\u0163ii:<\/strong><\/p>\n<ul data-start=\"1078\" data-end=\"1335\">\n<li data-start=\"1078\" data-end=\"1123\"><strong data-start=\"1080\" data-end=\"1121\">Fa\u021bade arhitecturale \u0219i pere\u021bi cortin\u0103<\/strong><\/li>\n<li data-start=\"1124\" data-end=\"1167\"><strong data-start=\"1126\" data-end=\"1165\">Compartiment\u0103ri interioare \u0219i spa\u021bii de birouri<\/strong><\/li>\n<li data-start=\"1168\" data-end=\"1210\"><strong data-start=\"1170\" data-end=\"1208\">Balustrade, balustrade \u0219i sc\u0103ri<\/strong><\/li>\n<li data-start=\"1211\" data-end=\"1253\"><strong data-start=\"1213\" data-end=\"1251\">Cabine de du\u0219 \u0219i sticl\u0103 de baie<\/strong><\/li>\n<li data-start=\"1254\" data-end=\"1295\"><strong data-start=\"1256\" data-end=\"1293\">Sticl\u0103 auto \u0219i de transport<\/strong><\/li>\n<li data-start=\"1296\" data-end=\"1335\"><strong data-start=\"1298\" data-end=\"1333\">Magazine comerciale \u0219i de v\u00e2nzare cu am\u0103nuntul<\/strong><\/li>\n<\/ul>\n\t\t\t\t\t\t\t\t<\/div>\n\t\t\t\t<\/div>\n\t\t\t\t<div class=\"elementor-element elementor-element-31ee18fa elementor-widget elementor-widget-heading\" data-id=\"31ee18fa\" data-element_type=\"widget\" data-e-type=\"widget\" data-widget_type=\"heading.default\">\n\t\t\t\t<div class=\"elementor-widget-container\">\n\t\t\t\t\t<h2 class=\"elementor-heading-title elementor-size-default\">AVANTAJE<\/h2>\t\t\t\t<\/div>\n\t\t\t\t<\/div>\n\t\t\t\t<div class=\"elementor-element elementor-element-4c273050 elementor-position-left elementor-vertical-align-middle elementor-widget elementor-widget-image-box\" data-id=\"4c273050\" data-element_type=\"widget\" data-e-type=\"widget\" data-widget_type=\"image-box.default\">\n\t\t\t\t<div class=\"elementor-widget-container\">\n\t\t\t\t\t<div class=\"elementor-image-box-wrapper\"><figure class=\"elementor-image-box-img\"><img fetchpriority=\"high\" decoding=\"async\" width=\"1080\" height=\"1080\" src=\"https:\/\/tgrupcam.com\/wp-content\/uploads\/2025\/04\/taughened-glass-1.jpg\" class=\"attachment-full size-full wp-image-2432\" alt=\"\" srcset=\"https:\/\/tgrupcam.com\/wp-content\/uploads\/2025\/04\/taughened-glass-1.jpg 1080w, https:\/\/tgrupcam.com\/wp-content\/uploads\/2025\/04\/taughened-glass-1-300x300.jpg 300w, https:\/\/tgrupcam.com\/wp-content\/uploads\/2025\/04\/taughened-glass-1-1024x1024.jpg 1024w, https:\/\/tgrupcam.com\/wp-content\/uploads\/2025\/04\/taughened-glass-1-150x150.jpg 150w, https:\/\/tgrupcam.com\/wp-content\/uploads\/2025\/04\/taughened-glass-1-768x768.jpg 768w, https:\/\/tgrupcam.com\/wp-content\/uploads\/2025\/04\/taughened-glass-1-650x650.jpg 650w\" sizes=\"(max-width: 1080px) 100vw, 1080px\" \/><\/figure><div class=\"elementor-image-box-content\"><h3 class=\"elementor-image-box-title\">Protec\u021bie \u00eempotriva r\u0103nirii cauzate de spargerea sticlei<\/h3><p class=\"elementor-image-box-description\">Minimizeaz\u0103 riscul de r\u0103nire prin spargerea \u00een buc\u0103\u021bi mici \u0219i contondente la impact.<\/p><\/div><\/div>\t\t\t\t<\/div>\n\t\t\t\t<\/div>\n\t\t\t\t<div class=\"elementor-element elementor-element-2b3f137c elementor-position-left elementor-vertical-align-middle elementor-widget elementor-widget-image-box\" data-id=\"2b3f137c\" data-element_type=\"widget\" data-e-type=\"widget\" data-widget_type=\"image-box.default\">\n\t\t\t\t<div class=\"elementor-widget-container\">\n\t\t\t\t\t<div class=\"elementor-image-box-wrapper\"><figure class=\"elementor-image-box-img\"><img decoding=\"async\" width=\"1080\" height=\"1080\" src=\"https:\/\/tgrupcam.com\/wp-content\/uploads\/2025\/04\/taughened-glass-2.jpg\" class=\"attachment-full size-full wp-image-2443\" alt=\"\" srcset=\"https:\/\/tgrupcam.com\/wp-content\/uploads\/2025\/04\/taughened-glass-2.jpg 1080w, https:\/\/tgrupcam.com\/wp-content\/uploads\/2025\/04\/taughened-glass-2-300x300.jpg 300w, https:\/\/tgrupcam.com\/wp-content\/uploads\/2025\/04\/taughened-glass-2-1024x1024.jpg 1024w, https:\/\/tgrupcam.com\/wp-content\/uploads\/2025\/04\/taughened-glass-2-150x150.jpg 150w, https:\/\/tgrupcam.com\/wp-content\/uploads\/2025\/04\/taughened-glass-2-768x768.jpg 768w, https:\/\/tgrupcam.com\/wp-content\/uploads\/2025\/04\/taughened-glass-2-650x650.jpg 650w\" sizes=\"(max-width: 1080px) 100vw, 1080px\" \/><\/figure><div class=\"elementor-image-box-content\"><h3 class=\"elementor-image-box-title\">Nivel ridicat de rezisten\u021b\u0103 la \u00eendoire<\/h3><p class=\"elementor-image-box-description\">Ofer\u0103 o rezisten\u021b\u0103 excep\u021bional\u0103 la \u00eendoire \u0219i solicit\u0103ri mecanice.<\/p><\/div><\/div>\t\t\t\t<\/div>\n\t\t\t\t<\/div>\n\t\t\t\t<div class=\"elementor-element elementor-element-40ed957c elementor-position-left elementor-vertical-align-middle elementor-widget elementor-widget-image-box\" data-id=\"40ed957c\" data-element_type=\"widget\" data-e-type=\"widget\" data-widget_type=\"image-box.default\">\n\t\t\t\t<div class=\"elementor-widget-container\">\n\t\t\t\t\t<div class=\"elementor-image-box-wrapper\"><figure class=\"elementor-image-box-img\"><img decoding=\"async\" width=\"1080\" height=\"1080\" src=\"https:\/\/tgrupcam.com\/wp-content\/uploads\/2025\/04\/taughened-glass-3.jpg\" class=\"attachment-full size-full wp-image-2454\" alt=\"\" srcset=\"https:\/\/tgrupcam.com\/wp-content\/uploads\/2025\/04\/taughened-glass-3.jpg 1080w, https:\/\/tgrupcam.com\/wp-content\/uploads\/2025\/04\/taughened-glass-3-300x300.jpg 300w, https:\/\/tgrupcam.com\/wp-content\/uploads\/2025\/04\/taughened-glass-3-1024x1024.jpg 1024w, https:\/\/tgrupcam.com\/wp-content\/uploads\/2025\/04\/taughened-glass-3-150x150.jpg 150w, https:\/\/tgrupcam.com\/wp-content\/uploads\/2025\/04\/taughened-glass-3-768x768.jpg 768w, https:\/\/tgrupcam.com\/wp-content\/uploads\/2025\/04\/taughened-glass-3-650x650.jpg 650w\" sizes=\"(max-width: 1080px) 100vw, 1080px\" \/><\/figure><div class=\"elementor-image-box-content\"><h3 class=\"elementor-image-box-title\">Rezistent la \u0219ocuri termice<\/h3><p class=\"elementor-image-box-description\">Minimizeaz\u0103 pierderile de c\u0103ldur\u0103, reduc\u00e2nd consumul de energie \u0219i costurile de \u00eenc\u0103lzire.<\/p><\/div><\/div>\t\t\t\t<\/div>\n\t\t\t\t<\/div>\n\t\t\t\t\t<\/div>\n\t\t\t\t<\/div>\n\t\t<div class=\"elementor-element elementor-element-79f5ec1d e-flex e-con-boxed e-con e-parent\" data-id=\"79f5ec1d\" data-element_type=\"container\" data-e-type=\"container\" data-settings=\"{&quot;background_background&quot;:&quot;classic&quot;,&quot;background_motion_fx_motion_fx_scrolling&quot;:&quot;yes&quot;,&quot;background_motion_fx_translateY_effect&quot;:&quot;yes&quot;,&quot;background_motion_fx_translateY_speed&quot;:{&quot;unit&quot;:&quot;px&quot;,&quot;size&quot;:4,&quot;sizes&quot;:[]},&quot;background_motion_fx_translateY_affectedRange&quot;:{&quot;unit&quot;:&quot;%&quot;,&quot;size&quot;:&quot;&quot;,&quot;sizes&quot;:{&quot;start&quot;:0,&quot;end&quot;:100}},&quot;background_motion_fx_devices&quot;:[&quot;desktop&quot;,&quot;tablet&quot;,&quot;mobile&quot;]}\">\n\t\t\t\t\t<div class=\"e-con-inner\">\n\t\t\t\t\t<\/div>\n\t\t\t\t<\/div>\n\t\t<div class=\"elementor-element elementor-element-352cdb09 e-flex e-con-boxed e-con e-parent\" data-id=\"352cdb09\" data-element_type=\"container\" data-e-type=\"container\" data-settings=\"{&quot;background_background&quot;:&quot;classic&quot;}\">\n\t\t\t\t\t<div class=\"e-con-inner\">\n\t\t\t\t<div class=\"elementor-element elementor-element-53b51dec elementor-widget elementor-widget-heading\" data-id=\"53b51dec\" data-element_type=\"widget\" data-e-type=\"widget\" data-widget_type=\"heading.default\">\n\t\t\t\t<div class=\"elementor-widget-container\">\n\t\t\t\t\t<h2 class=\"elementor-heading-title elementor-size-default\">Sticla \u00eent\u0103rit\u0103 direc\u021bional \u0219i \u00eent\u0103rit\u0103 termic<\/h2>\t\t\t\t<\/div>\n\t\t\t\t<\/div>\n\t\t\t\t<div class=\"elementor-element elementor-element-4140c99d elementor-widget elementor-widget-text-editor\" data-id=\"4140c99d\" data-element_type=\"widget\" data-e-type=\"widget\" data-widget_type=\"text-editor.default\">\n\t\t\t\t<div class=\"elementor-widget-container\">\n\t\t\t\t\t\t\t\t\t<p>La <strong>T Grup Cam<\/strong>, acord\u0103m <strong>prioritate calit\u0103\u021bii, preciziei \u0219i transparen\u021bei<\/strong> \u00een procesele noastre de fabrica\u021bie. Unul dintre efectele naturale ale <strong>procesului de \u00eent\u0103rire<\/strong> este apari\u021bia <strong>ondula\u021biei sticlei<\/strong>, o caracteristic\u0103 inerent\u0103 care ar trebui luat\u0103 \u00een considerare la proiectarea <strong>fa\u021badelor \u0219i a suprafe\u021belor vitrate mari<\/strong>. <\/p>\n<p><strong>\u00cent\u0103rire direc\u021bional\u0103<\/strong><\/p>\n<p>Pentru a minimiza <strong>distorsiunea vizual\u0103<\/strong> a imaginilor reflectate pe fa\u021bade, recomand\u0103m <strong>\u00eent\u0103rirea direc\u021bional\u0103<\/strong>. Aceasta \u00eenseamn\u0103 c\u0103, dac\u0103 sticla este <strong>\u00eent\u0103rit\u0103 de-a lungul \u00een\u0103l\u021bimii sale<\/strong>, <strong>efectul de ondulare va fi perpendicular<\/strong> pe aceast\u0103 dimensiune. \u00cen\u021belegerea \u0219i aplicarea <strong>orient\u0103rii adecvate de \u00eent\u0103rire<\/strong> asigur\u0103 o <strong>mai bun\u0103 consisten\u021b\u0103 vizual\u0103<\/strong> \u00een proiectele arhitecturale.  <\/p>\n<p><strong>Sticl\u0103 \u00eent\u0103rit\u0103 termic<\/strong><\/p>\n<p><strong>Sticla \u00eent\u0103rit\u0103 termic (TVG)<\/strong> difer\u0103 de <strong>sticla complet c\u0103lit\u0103<\/strong> \u00een ceea ce prive\u0219te <strong>modelul s\u0103u de rupere<\/strong>. \u00cen caz de deteriorare, <strong>TVG r\u0103m\u00e2ne \u00een cadru<\/strong>, reduc\u00e2nd riscul de r\u0103nire \u0219i men\u021bin\u00e2nd integritatea structural\u0103. <\/p>\n<p>\ud83d\udd39 <strong>Caracteristicile cheie ale sticlei \u00eent\u0103rite termic:<\/strong><br \/>\u2705 <strong>Mai puternic dec\u00e2t sticla recoapt\u0103, dar mai pu\u021bin fragil dec\u00e2t sticla c\u0103lit\u0103<\/strong><br \/>\u2705 <strong>Re\u021bine fragmentele \u00een cadru la rupere<\/strong><br \/>\u2705 <strong>Ideal pentru aplica\u021bii \u00een care este necesar\u0103 rupere controlat\u0103<\/strong><br \/>\u2705 <strong>Nu este clasificat\u0103 ca sticl\u0103 securizat\u0103, dar ofer\u0103 durabilitate sporit\u0103<\/strong><\/p>\n<p>Datorit\u0103 <strong>propriet\u0103\u021bilor sale unice<\/strong>, <strong>sticla \u00eent\u0103rit\u0103 termic<\/strong> devine o alternativ\u0103 preferat\u0103 la <strong>sticla complet c\u0103lit\u0103<\/strong> \u00een aplica\u021bii arhitecturale \u0219i de geamuri specifice. La <strong>T Grup Cam<\/strong>, oferim <strong>\u00eendrumare de specialitate \u0219i solu\u021bii personalizate<\/strong> pentru a asigura cea mai bun\u0103 selec\u021bie de sticl\u0103 pentru proiectele dumneavoastr\u0103. <\/p>\n\t\t\t\t\t\t\t\t<\/div>\n\t\t\t\t<\/div>\n\t\t\t\t\t<\/div>\n\t\t\t\t<\/div>\n\t\t<div class=\"elementor-element elementor-element-5dcc442f e-flex e-con-boxed e-con e-parent\" data-id=\"5dcc442f\" data-element_type=\"container\" data-e-type=\"container\">\n\t\t\t\t\t<div class=\"e-con-inner\">\n\t\t\t\t<div class=\"elementor-element elementor-element-4f4bee51 elementor-widget elementor-widget-heading\" data-id=\"4f4bee51\" data-element_type=\"widget\" data-e-type=\"widget\" data-widget_type=\"heading.default\">\n\t\t\t\t<div class=\"elementor-widget-container\">\n\t\t\t\t\t<h2 class=\"elementor-heading-title elementor-size-default\">SO SHAJ TE OFERAS<\/h2>\t\t\t\t<\/div>\n\t\t\t\t<\/div>\n\t\t\t\t<div class=\"elementor-element elementor-element-7c2243d4 elementor-widget elementor-widget-text-editor\" data-id=\"7c2243d4\" data-element_type=\"widget\" data-e-type=\"widget\" data-widget_type=\"text-editor.default\">\n\t\t\t\t<div class=\"elementor-widget-container\">\n\t\t\t\t\t\t\t\t\t<table>\n<tbody>\n<tr>\n<td><strong>Toughening<br \/>type<\/strong><\/td>\n<td><strong>Glass thickness<br \/>[mm]<\/strong><\/td>\n<td><strong>Minimum dimensions<br \/>[mm]<\/strong><\/td>\n<td><strong>Maximum dimensions<br \/>[mm] T-thermofloat<\/strong><\/td>\n<\/tr>\n<tr>\n<td rowspan=\"3\">Standard<\/td>\n<td>4<\/td>\n<td>100\u00d7250<\/td>\n<td>3210&#215;4500<\/td>\n<\/tr>\n<tr>\n<td>\u00a0<\/td>\n<td><\/td>\n<td>\u00a0<\/td>\n<\/tr>\n<tr>\n<td>5-19<\/td>\n<td>100\u00d7250<\/td>\n<td>3210\u00d79000<\/td>\n<\/tr>\n<\/tbody>\n<\/table>\n\t\t\t\t\t\t\t\t<\/div>\n\t\t\t\t<\/div>\n\t\t\t\t\t<\/div>\n\t\t\t\t<\/div>\n\t\t<div class=\"elementor-element elementor-element-457d22c3 e-flex e-con-boxed e-con e-parent\" data-id=\"457d22c3\" data-element_type=\"container\" data-e-type=\"container\" data-settings=\"{&quot;background_background&quot;:&quot;classic&quot;,&quot;background_motion_fx_motion_fx_scrolling&quot;:&quot;yes&quot;,&quot;background_motion_fx_translateY_effect&quot;:&quot;yes&quot;,&quot;background_motion_fx_translateY_speed&quot;:{&quot;unit&quot;:&quot;px&quot;,&quot;size&quot;:4,&quot;sizes&quot;:[]},&quot;background_motion_fx_translateY_affectedRange&quot;:{&quot;unit&quot;:&quot;%&quot;,&quot;size&quot;:&quot;&quot;,&quot;sizes&quot;:{&quot;start&quot;:0,&quot;end&quot;:100}},&quot;background_motion_fx_devices&quot;:[&quot;desktop&quot;,&quot;tablet&quot;,&quot;mobile&quot;]}\">\n\t\t\t\t\t<div class=\"e-con-inner\">\n\t\t\t\t<div class=\"elementor-element elementor-element-3aae8e53 elementor-widget elementor-widget-heading\" data-id=\"3aae8e53\" data-element_type=\"widget\" data-e-type=\"widget\" data-widget_type=\"heading.default\">\n\t\t\t\t<div class=\"elementor-widget-container\">\n\t\t\t\t\t<h2 class=\"elementor-heading-title elementor-size-default\">Ne modific\u0103m constant procesele de fabrica\u021bie \u0219i schimb\u0103m obiceiurile pentru a limita efectul negativ asupra mediului.<\/h2>\t\t\t\t<\/div>\n\t\t\t\t<\/div>\n\t\t\t\t<div class=\"elementor-element elementor-element-32817cd5 elementor-widget elementor-widget-text-editor\" data-id=\"32817cd5\" data-element_type=\"widget\" data-e-type=\"widget\" data-widget_type=\"text-editor.default\">\n\t\t\t\t<div class=\"elementor-widget-container\">\n\t\t\t\t\t\t\t\t\t<p>Pentru a facilita schimb\u0103rile, am adoptat ISO 14001, sistemul de management mondial pentru protec\u021bia mediului.<\/p>\n\t\t\t\t\t\t\t\t<\/div>\n\t\t\t\t<\/div>\n\t\t\t\t<div class=\"elementor-element elementor-element-6aa02534 elementor-align-center elementor-widget elementor-widget-button\" data-id=\"6aa02534\" data-element_type=\"widget\" data-e-type=\"widget\" data-widget_type=\"button.default\">\n\t\t\t\t<div class=\"elementor-widget-container\">\n\t\t\t\t\t\t\t\t\t<div class=\"elementor-button-wrapper\">\n\t\t\t\t\t<a class=\"elementor-button elementor-button-link elementor-size-sm\" href=\"https:\/\/tgrupcam.com\/index.php\/kontakto\/?lang=ro\">\n\t\t\t\t\t\t<span class=\"elementor-button-content-wrapper\">\n\t\t\t\t\t\t\t\t\t<span class=\"elementor-button-text\">Contacta\u021bi-ne<\/span>\n\t\t\t\t\t<\/span>\n\t\t\t\t\t<\/a>\n\t\t\t\t<\/div>\n\t\t\t\t\t\t\t\t<\/div>\n\t\t\t\t<\/div>\n\t\t\t\t\t<\/div>\n\t\t\t\t<\/div>\n\t\t\t\t<\/div>\n\t\t","protected":false},"excerpt":{"rendered":"<p>\u00ceNT\u0102RIT LA C\u0102LDUR\u0102 DESPRE STICLA \u00ceNT\u0102RIT\u0102 LA C\u0102LDUR\u0102 La T Grup Cam, sticla noastr\u0103 \u00eent\u0103rit\u0103 \u0219i \u00eent\u0103rit\u0103 termic este proiectat\u0103 pentru rezisten\u021b\u0103, durabilitate \u0219i siguran\u021b\u0103 ridicate, ceea ce o face o alegere esen\u021bial\u0103 pentru arhitectura modern\u0103 \u0219i aplica\u021biile industriale. Produs\u0103 printr-un proces controlat de tratament termic sau chimic, sticla noastr\u0103 ofer\u0103 o rezisten\u021b\u0103 superioar\u0103 la [&hellip;]<\/p>\n","protected":false},"author":1,"featured_media":0,"parent":2505,"menu_order":0,"comment_status":"closed","ping_status":"closed","template":"elementor_header_footer","meta":{"footnotes":""},"class_list":["post-2608","page","type-page","status-publish","hentry"],"_links":{"self":[{"href":"https:\/\/tgrupcam.com\/index.php\/wp-json\/wp\/v2\/pages\/2608","targetHints":{"allow":["GET"]}}],"collection":[{"href":"https:\/\/tgrupcam.com\/index.php\/wp-json\/wp\/v2\/pages"}],"about":[{"href":"https:\/\/tgrupcam.com\/index.php\/wp-json\/wp\/v2\/types\/page"}],"author":[{"embeddable":true,"href":"https:\/\/tgrupcam.com\/index.php\/wp-json\/wp\/v2\/users\/1"}],"replies":[{"embeddable":true,"href":"https:\/\/tgrupcam.com\/index.php\/wp-json\/wp\/v2\/comments?post=2608"}],"version-history":[{"count":0,"href":"https:\/\/tgrupcam.com\/index.php\/wp-json\/wp\/v2\/pages\/2608\/revisions"}],"up":[{"embeddable":true,"href":"https:\/\/tgrupcam.com\/index.php\/wp-json\/wp\/v2\/pages\/2505"}],"wp:attachment":[{"href":"https:\/\/tgrupcam.com\/index.php\/wp-json\/wp\/v2\/media?parent=2608"}],"curies":[{"name":"wp","href":"https:\/\/api.w.org\/{rel}","templated":true}]}}