{"id":2648,"date":"2025-02-05T10:45:50","date_gmt":"2025-02-05T07:45:50","guid":{"rendered":"https:\/\/tgrupcam.com\/index.php\/a-propos-de-nous\/"},"modified":"2025-05-20T22:30:18","modified_gmt":"2025-05-20T19:30:18","slug":"a-propos-de-nous","status":"publish","type":"page","link":"https:\/\/tgrupcam.com\/index.php\/a-propos-de-nous\/?lang=fr","title":{"rendered":"\u00c0 propos de nous"},"content":{"rendered":"\t\t<div data-elementor-type=\"wp-page\" data-elementor-id=\"2648\" class=\"elementor elementor-2648 elementor-11\" data-elementor-post-type=\"page\">\n\t\t\t\t<div class=\"elementor-element elementor-element-dd3eed5 e-con-full e-flex e-con e-parent\" data-id=\"dd3eed5\" data-element_type=\"container\" data-e-type=\"container\" data-settings=\"{&quot;background_background&quot;:&quot;classic&quot;,&quot;shape_divider_bottom&quot;:&quot;opacity-fan&quot;}\">\n\t\t\t\t<div class=\"elementor-shape elementor-shape-bottom\" aria-hidden=\"true\" data-negative=\"false\">\n\t\t\t<svg xmlns=\"http:\/\/www.w3.org\/2000\/svg\" viewBox=\"0 0 283.5 19.6\" preserveAspectRatio=\"none\">\n\t<path class=\"elementor-shape-fill\" style=\"opacity:0.33\" d=\"M0 0L0 18.8 141.8 4.1 283.5 18.8 283.5 0z\"\/>\n\t<path class=\"elementor-shape-fill\" style=\"opacity:0.33\" d=\"M0 0L0 12.6 141.8 4 283.5 12.6 283.5 0z\"\/>\n\t<path class=\"elementor-shape-fill\" style=\"opacity:0.33\" d=\"M0 0L0 6.4 141.8 4 283.5 6.4 283.5 0z\"\/>\n\t<path class=\"elementor-shape-fill\" d=\"M0 0L0 1.2 141.8 4 283.5 1.2 283.5 0z\"\/>\n<\/svg>\t\t<\/div>\n\t\t\t\t<div class=\"elementor-element elementor-element-ed8da45 elementor-widget elementor-widget-heading\" data-id=\"ed8da45\" data-element_type=\"widget\" data-e-type=\"widget\" data-widget_type=\"heading.default\">\n\t\t\t\t<div class=\"elementor-widget-container\">\n\t\t\t\t\t<h2 class=\"elementor-heading-title elementor-size-default\">\u00c0 PROPOS DE NOUS<\/h2>\t\t\t\t<\/div>\n\t\t\t\t<\/div>\n\t\t\t\t<\/div>\n\t\t<div class=\"elementor-element elementor-element-c384680 e-flex e-con-boxed e-con e-parent\" data-id=\"c384680\" data-element_type=\"container\" data-e-type=\"container\">\n\t\t\t\t\t<div class=\"e-con-inner\">\n\t\t<div class=\"elementor-element elementor-element-8012b96 e-con-full e-flex e-con e-child\" data-id=\"8012b96\" data-element_type=\"container\" data-e-type=\"container\">\n\t\t\t\t<div class=\"elementor-element elementor-element-226bcee elementor-widget elementor-widget-heading\" data-id=\"226bcee\" data-element_type=\"widget\" data-e-type=\"widget\" data-widget_type=\"heading.default\">\n\t\t\t\t<div class=\"elementor-widget-container\">\n\t\t\t\t\t<h2 class=\"elementor-heading-title elementor-size-default\">\u00c0 PROPOS DE NOUS<\/h2>\t\t\t\t<\/div>\n\t\t\t\t<\/div>\n\t\t\t\t<div class=\"elementor-element elementor-element-29242a2 elementor-widget elementor-widget-text-editor\" data-id=\"29242a2\" data-element_type=\"widget\" data-e-type=\"widget\" data-widget_type=\"text-editor.default\">\n\t\t\t\t<div class=\"elementor-widget-container\">\n\t\t\t\t\t\t\t\t\t<p data-start=\"33\" data-end=\"264\">Chez <strong data-start=\"36\" data-end=\"80\">T Grup Cam<\/strong>, nous sommes bien plus qu&#8217;un simple <strong data-start=\"106\" data-end=\"128\">fabricant de verre<\/strong> \u2014 nous sommes un <strong data-start=\"138\" data-end=\"158\">partenaire de solutions<\/strong> d\u00e9di\u00e9 \u00e0 la fourniture de <strong data-start=\"183\" data-end=\"226\">produits verriers personnalis\u00e9s de haute qualit\u00e9<\/strong> avec une <strong data-start=\"234\" data-end=\"261\">approche ax\u00e9e sur le client<\/strong>.<\/p>\n<p data-start=\"266\" data-end=\"526\">En desservant les secteurs des <strong data-start=\"278\" data-end=\"391\">fen\u00eatres, portes, fa\u00e7ades, cabines de douche, solutions de garde-corps, vitrages int\u00e9rieurs et syst\u00e8mes de cloisons de bureau<\/strong>, nous proposons des <strong data-start=\"404\" data-end=\"429\">solutions sur mesure<\/strong> con\u00e7ues pour r\u00e9pondre aux besoins sp\u00e9cifiques de nos clients avec <strong data-start=\"486\" data-end=\"523\">pr\u00e9cision, rapidit\u00e9 et fiabilit\u00e9<\/strong>.<\/p>\n<p data-start=\"528\" data-end=\"1026\">Nous sommes sp\u00e9cialis\u00e9s dans le <strong data-start=\"545\" data-end=\"664\">verre \u00e0 faible \u00e9mission, verre pare-balles, verre r\u00e9sistant au feu, verre feuillet\u00e9 et solutions de verre sur mesure<\/strong>, garantissant que chaque projet b\u00e9n\u00e9ficie du <strong data-start=\"707\" data-end=\"755\">produit le mieux adapt\u00e9 \u00e0 ses exigences uniques<\/strong>.<br \/>Nos capacit\u00e9s de traitement avanc\u00e9es comprennent <strong data-start=\"802\" data-end=\"910\">impression num\u00e9rique, impression s\u00e9rigraphique, usinage de bords, per\u00e7age et autres traitements verriers sp\u00e9cialis\u00e9s<\/strong>, nous permettant d&#8217;<strong data-start=\"927\" data-end=\"963\">offrir des solutions enti\u00e8rement personnalis\u00e9es<\/strong> pour les applications architecturales, commerciales et r\u00e9sidentielles. <\/p>\n<p data-start=\"1028\" data-end=\"1447\">Op\u00e9rant en <strong data-start=\"1041\" data-end=\"1069\">Turquie et en Bulgarie<\/strong>, nous garantissons une <strong data-start=\"1084\" data-end=\"1150\">production rapide et efficace, ainsi qu&#8217;une livraison internationale sans faille<\/strong>, assurant \u00e0 nos clients <strong data-start=\"1186\" data-end=\"1217\">un service fiable et ponctuel<\/strong>. Nos produits et services sont conformes aux <strong data-start=\"1268\" data-end=\"1344\">normes europ\u00e9ennes (EN), am\u00e9ricaines (ASTM), britanniques (BS) et isra\u00e9liennes (SI)<\/strong>, r\u00e9pondant ainsi aux <strong data-start=\"1372\" data-end=\"1405\">exigences les plus strictes en mati\u00e8re<\/strong> de s\u00e9curit\u00e9, durabilit\u00e9 et performance. <\/p>\n\t\t\t\t\t\t\t\t<\/div>\n\t\t\t\t<\/div>\n\t\t\t\t<\/div>\n\t\t<div class=\"elementor-element elementor-element-320a52e e-con-full e-flex e-con e-child\" data-id=\"320a52e\" data-element_type=\"container\" data-e-type=\"container\">\n\t\t\t\t<div class=\"elementor-element elementor-element-05d61da elementor-widget elementor-widget-image\" data-id=\"05d61da\" data-element_type=\"widget\" data-e-type=\"widget\" data-widget_type=\"image.default\">\n\t\t\t\t<div class=\"elementor-widget-container\">\n\t\t\t\t\t\t\t\t\t\t\t\t\t\t\t<img fetchpriority=\"high\" decoding=\"async\" width=\"767\" height=\"1024\" src=\"https:\/\/tgrupcam.com\/wp-content\/uploads\/2025\/03\/low-angle-view-skylight-against-blue-sky-767x1024.jpg\" class=\"attachment-large size-large wp-image-1522\" alt=\"\" srcset=\"https:\/\/tgrupcam.com\/wp-content\/uploads\/2025\/03\/low-angle-view-skylight-against-blue-sky-767x1024.jpg 767w, https:\/\/tgrupcam.com\/wp-content\/uploads\/2025\/03\/low-angle-view-skylight-against-blue-sky-225x300.jpg 225w, https:\/\/tgrupcam.com\/wp-content\/uploads\/2025\/03\/low-angle-view-skylight-against-blue-sky-768x1025.jpg 768w, https:\/\/tgrupcam.com\/wp-content\/uploads\/2025\/03\/low-angle-view-skylight-against-blue-sky-1151x1536.jpg 1151w, https:\/\/tgrupcam.com\/wp-content\/uploads\/2025\/03\/low-angle-view-skylight-against-blue-sky-1535x2048.jpg 1535w, https:\/\/tgrupcam.com\/wp-content\/uploads\/2025\/03\/low-angle-view-skylight-against-blue-sky-scaled.jpg 1919w\" sizes=\"(max-width: 767px) 100vw, 767px\" \/>\t\t\t\t\t\t\t\t\t\t\t\t\t\t\t<\/div>\n\t\t\t\t<\/div>\n\t\t\t\t<\/div>\n\t\t\t\t\t<\/div>\n\t\t\t\t<\/div>\n\t\t<div class=\"elementor-element elementor-element-e014031 e-flex e-con-boxed e-con e-parent\" data-id=\"e014031\" data-element_type=\"container\" data-e-type=\"container\" data-settings=\"{&quot;background_background&quot;:&quot;classic&quot;,&quot;shape_divider_bottom&quot;:&quot;opacity-tilt&quot;}\">\n\t\t\t\t\t<div class=\"e-con-inner\">\n\t\t\t\t<div class=\"elementor-shape elementor-shape-bottom\" aria-hidden=\"true\" data-negative=\"false\">\n\t\t\t<svg xmlns=\"http:\/\/www.w3.org\/2000\/svg\" viewBox=\"0 0 2600 131.1\" preserveAspectRatio=\"none\">\n\t<path class=\"elementor-shape-fill\" d=\"M0 0L2600 0 2600 69.1 0 0z\"\/>\n\t<path class=\"elementor-shape-fill\" style=\"opacity:0.5\" d=\"M0 0L2600 0 2600 69.1 0 69.1z\"\/>\n\t<path class=\"elementor-shape-fill\" style=\"opacity:0.25\" d=\"M2600 0L0 0 0 130.1 2600 69.1z\"\/>\n<\/svg>\t\t<\/div>\n\t\t<div class=\"elementor-element elementor-element-8ee0ab9 e-con-full e-flex e-con e-child\" data-id=\"8ee0ab9\" data-element_type=\"container\" data-e-type=\"container\">\n\t\t\t\t<div class=\"elementor-element elementor-element-aeddf5a elementor-widget elementor-widget-heading\" data-id=\"aeddf5a\" data-element_type=\"widget\" data-e-type=\"widget\" data-widget_type=\"heading.default\">\n\t\t\t\t<div class=\"elementor-widget-container\">\n\t\t\t\t\t<h2 class=\"elementor-heading-title elementor-size-default\">NOTRE MISSION<\/h2>\t\t\t\t<\/div>\n\t\t\t\t<\/div>\n\t\t\t\t<div class=\"elementor-element elementor-element-9f78070 elementor-widget elementor-widget-text-editor\" data-id=\"9f78070\" data-element_type=\"widget\" data-e-type=\"widget\" data-widget_type=\"text-editor.default\">\n\t\t\t\t<div class=\"elementor-widget-container\">\n\t\t\t\t\t\t\t\t\t<p>Chez <strong data-start=\"25\" data-end=\"39\">T Grup Cam<\/strong>, notre mission est de fournir des <strong data-start=\"67\" data-end=\"127\" data-is-only-node=\"\">solutions verri\u00e8res de haute qualit\u00e9 et personnalis\u00e9es<\/strong>, r\u00e9pondant aux besoins \u00e9volutifs des <strong data-start=\"164\" data-end=\"263\">secteurs des fen\u00eatres, portes, fa\u00e7ades, cabines de douche, garde-corps, vitrages int\u00e9rieurs et cloisons de bureau<\/strong>.<br \/>Nous nous engageons \u00e0 offrir une <strong data-start=\"296\" data-end=\"347\">pr\u00e9cision, une durabilit\u00e9 et une excellence esth\u00e9tique<\/strong>, en garantissant un <strong data-start=\"358\" data-end=\"406\">service rapide, fiable et orient\u00e9 client<\/strong>.<br \/>En collaborant avec des <strong data-start=\"430\" data-end=\"528\">fournisseurs mondiaux de premier plan tels que AGC, Guardian Sunguard, Pilkington, Saint-Gobain et \u015ei\u015fecam<\/strong>, nous garantissons des produits conformes aux <strong data-start=\"567\" data-end=\"643\">normes europ\u00e9ennes (EN), am\u00e9ricaines (ASTM), britanniques (BS) et isra\u00e9liennes (SI)<\/strong>, soutenant des applications architecturales durables et efficaces dans le monde entier.  <\/p>\n\t\t\t\t\t\t\t\t<\/div>\n\t\t\t\t<\/div>\n\t\t\t\t<\/div>\n\t\t<div class=\"elementor-element elementor-element-057004d e-con-full e-flex e-con e-child\" data-id=\"057004d\" data-element_type=\"container\" data-e-type=\"container\">\n\t\t\t\t<div class=\"elementor-element elementor-element-1ca9c79 elementor-widget elementor-widget-heading\" data-id=\"1ca9c79\" data-element_type=\"widget\" data-e-type=\"widget\" data-widget_type=\"heading.default\">\n\t\t\t\t<div class=\"elementor-widget-container\">\n\t\t\t\t\t<h2 class=\"elementor-heading-title elementor-size-default\">NOTRE VISION<\/h2>\t\t\t\t<\/div>\n\t\t\t\t<\/div>\n\t\t\t\t<div class=\"elementor-element elementor-element-78a9838 elementor-widget elementor-widget-text-editor\" data-id=\"78a9838\" data-element_type=\"widget\" data-e-type=\"widget\" data-widget_type=\"text-editor.default\">\n\t\t\t\t<div class=\"elementor-widget-container\">\n\t\t\t\t\t\t\t\t\t<p>Notre vision est de devenir un <strong data-start=\"766\" data-end=\"796\">leader mondialement reconnu<\/strong> dans l&#8217;industrie du verre, connu pour notre <strong data-start=\"834\" data-end=\"906\" data-is-only-node=\"\">engagement envers la qualit\u00e9, la durabilit\u00e9 et les avanc\u00e9es technologiques<\/strong>. Nous visons \u00e0 <strong data-start=\"931\" data-end=\"970\">\u00e9largir constamment notre gamme de produits innovants<\/strong>, en int\u00e9grant des <strong data-start=\"984\" data-end=\"1101\">techniques de traitement du verre avanc\u00e9es telles que l&#8217;impression num\u00e9rique, l&#8217;impression s\u00e9rigraphique, l&#8217;usinage des bords et le per\u00e7age<\/strong> afin de r\u00e9pondre aux demandes vari\u00e9es de l&#8217;architecture moderne. Avec un accent sur les <strong data-start=\"1171\" data-end=\"1210\">solutions de transport et de manutention<\/strong>, nous nous effor\u00e7ons de garantir une <strong data-start=\"1232\" data-end=\"1305\">livraison internationale fluide et une satisfaction client exceptionnelle<\/strong>, renfor\u00e7ant ainsi notre position en tant que <strong data-start=\"1339\" data-end=\"1405\">partenaire de confiance pour des solutions de verre haute performance dans le monde entier<\/strong>.  <\/p>\n\t\t\t\t\t\t\t\t<\/div>\n\t\t\t\t<\/div>\n\t\t\t\t<\/div>\n\t\t\t\t\t<\/div>\n\t\t\t\t<\/div>\n\t\t<div class=\"elementor-element elementor-element-624f5b0 e-flex e-con-boxed e-con e-parent\" data-id=\"624f5b0\" data-element_type=\"container\" data-e-type=\"container\" data-settings=\"{&quot;background_background&quot;:&quot;classic&quot;}\">\n\t\t\t\t\t<div class=\"e-con-inner\">\n\t\t\t\t<div class=\"elementor-element elementor-element-0ae2ff8 elementor-widget elementor-widget-heading\" data-id=\"0ae2ff8\" data-element_type=\"widget\" data-e-type=\"widget\" data-widget_type=\"heading.default\">\n\t\t\t\t<div class=\"elementor-widget-container\">\n\t\t\t\t\t<h2 class=\"elementor-heading-title elementor-size-default\">NOS VALEURS<\/h2>\t\t\t\t<\/div>\n\t\t\t\t<\/div>\n\t\t\t\t<div class=\"elementor-element elementor-element-780315a elementor-widget elementor-widget-text-editor\" data-id=\"780315a\" data-element_type=\"widget\" data-e-type=\"widget\" data-widget_type=\"text-editor.default\">\n\t\t\t\t<div class=\"elementor-widget-container\">\n\t\t\t\t\t\t\t\t\t<p data-start=\"1449\" data-end=\"1490\">Chez <strong data-start=\"1452\" data-end=\"1466\">T Grup Cam<\/strong>, nous nous engageons \u00e0 :<\/p>\n<p data-start=\"1492\" data-end=\"2315\">\u2705 <strong data-start=\"1494\" data-end=\"1523\">Approche centr\u00e9e sur le client<\/strong> \u2013 Comprendre vos besoins et fournir des <strong data-start=\"1566\" data-end=\"1594\">solutions en verre sur mesure<\/strong> qui s&#8217;adaptent parfaitement \u00e0 votre projet.<br data-start=\"1627\" data-end=\"1630\">\u2705 <strong data-start=\"1632\" data-end=\"1659\">Service rapide et fiable<\/strong> \u2013 Garantir une <strong data-start=\"1671\" data-end=\"1706\">production et une livraison \u00e0 temps<\/strong> avec un accent sur <strong data-start=\"1723\" data-end=\"1751\">l&#8217;efficacit\u00e9 et la pr\u00e9cision<\/strong>.<br data-start=\"1752\" data-end=\"1755\">\u2705 <strong data-start=\"1757\" data-end=\"1790\">Haute qualit\u00e9 et durabilit\u00e9<\/strong> \u2013 Utiliser des <strong data-start=\"1803\" data-end=\"1834\">technologies de pointe<\/strong> pour fournir des solutions en verre <strong data-start=\"1855\" data-end=\"1894\">avanc\u00e9es, durables et \u00e9cologiques<\/strong>.<br data-start=\"1911\" data-end=\"1914\">\u2705 <strong data-start=\"1916\" data-end=\"1955\">Solutions de transport et de manutention<\/strong> \u2013 Garantir une <strong data-start=\"1967\" data-end=\"2012\">livraison s\u00e9curis\u00e9e, efficace et sans dommage<\/strong> gr\u00e2ce \u00e0 des normes de logistique et d&#8217;emballage de pointe.<br data-start=\"2069\" data-end=\"2072\">\u2705 <strong data-start=\"2074\" data-end=\"2117\">Conformit\u00e9 aux normes internationales<\/strong> \u2013 Tous nos produits respectent les <strong data-start=\"2151\" data-end=\"2195\">exigences strictes en mati\u00e8re de qualit\u00e9 et de s\u00e9curit\u00e9<\/strong> de <strong data-start=\"2199\" data-end=\"2238\">l&#8217;Europe, des \u00c9tats-Unis, du Royaume-Uni et d&#8217;Isra\u00ebl<\/strong>, garantissant leur compatibilit\u00e9 avec les exigences mondiales en mati\u00e8re de construction et de vitrage.<\/p>\n<p data-start=\"2317\" data-end=\"2531\">Que vous ayez besoin de <strong data-start=\"2334\" data-end=\"2383\">verre sur mesure pour un projet de fa\u00e7ade \u00e0 grande \u00e9chelle<\/strong> ou de <strong data-start=\"2387\" data-end=\"2444\">solutions vitr\u00e9es sp\u00e9cialis\u00e9es pour des applications int\u00e9rieures<\/strong>, <strong data-start=\"2446\" data-end=\"2460\">T Grup Cam<\/strong> est votre <strong data-start=\"2469\" data-end=\"2488\">partenaire de confiance<\/strong> pour la qualit\u00e9, l\u2019expertise et la fiabilit\u00e9.<\/p>\n\t\t\t\t\t\t\t\t<\/div>\n\t\t\t\t<\/div>\n\t\t\t\t\t<\/div>\n\t\t\t\t<\/div>\n\t\t<div class=\"elementor-element elementor-element-6682a49 e-flex e-con-boxed e-con e-parent\" data-id=\"6682a49\" data-element_type=\"container\" data-e-type=\"container\">\n\t\t\t\t\t<div class=\"e-con-inner\">\n\t\t\t\t<div class=\"elementor-element elementor-element-37f5c40 elementor-widget elementor-widget-heading\" data-id=\"37f5c40\" data-element_type=\"widget\" data-e-type=\"widget\" data-widget_type=\"heading.default\">\n\t\t\t\t<div class=\"elementor-widget-container\">\n\t\t\t\t\t<h2 class=\"elementor-heading-title elementor-size-default\">ACTUALIT\u00c9S<\/h2>\t\t\t\t<\/div>\n\t\t\t\t<\/div>\n\t\t\t\t\t<\/div>\n\t\t\t\t<\/div>\n\t\t\t\t<\/div>\n\t\t","protected":false},"excerpt":{"rendered":"<p>\u00c0 PROPOS DE NOUS \u00c0 PROPOS DE NOUS Chez T Grup Cam, nous sommes bien plus qu&#8217;un simple fabricant de verre \u2014 nous sommes un partenaire de solutions d\u00e9di\u00e9 \u00e0 la fourniture de produits verriers personnalis\u00e9s de haute qualit\u00e9 avec une approche ax\u00e9e sur le client. En desservant les secteurs des fen\u00eatres, portes, fa\u00e7ades, cabines [&hellip;]<\/p>\n","protected":false},"author":1,"featured_media":0,"parent":0,"menu_order":0,"comment_status":"closed","ping_status":"closed","template":"elementor_header_footer","meta":{"footnotes":""},"class_list":["post-2648","page","type-page","status-publish","hentry"],"_links":{"self":[{"href":"https:\/\/tgrupcam.com\/index.php\/wp-json\/wp\/v2\/pages\/2648","targetHints":{"allow":["GET"]}}],"collection":[{"href":"https:\/\/tgrupcam.com\/index.php\/wp-json\/wp\/v2\/pages"}],"about":[{"href":"https:\/\/tgrupcam.com\/index.php\/wp-json\/wp\/v2\/types\/page"}],"author":[{"embeddable":true,"href":"https:\/\/tgrupcam.com\/index.php\/wp-json\/wp\/v2\/users\/1"}],"replies":[{"embeddable":true,"href":"https:\/\/tgrupcam.com\/index.php\/wp-json\/wp\/v2\/comments?post=2648"}],"version-history":[{"count":0,"href":"https:\/\/tgrupcam.com\/index.php\/wp-json\/wp\/v2\/pages\/2648\/revisions"}],"wp:attachment":[{"href":"https:\/\/tgrupcam.com\/index.php\/wp-json\/wp\/v2\/media?parent=2648"}],"curies":[{"name":"wp","href":"https:\/\/api.w.org\/{rel}","templated":true}]}}