{"id":2650,"date":"2025-02-05T10:45:50","date_gmt":"2025-02-05T07:45:50","guid":{"rendered":"https:\/\/tgrupcam.com\/index.php\/ueber-uns\/"},"modified":"2025-04-26T17:25:16","modified_gmt":"2025-04-26T14:25:16","slug":"ueber-uns","status":"publish","type":"page","link":"https:\/\/tgrupcam.com\/index.php\/ueber-uns\/?lang=de","title":{"rendered":"\u00dcber uns"},"content":{"rendered":"\t\t<div data-elementor-type=\"wp-page\" data-elementor-id=\"2650\" class=\"elementor elementor-2650 elementor-11\" data-elementor-post-type=\"page\">\n\t\t\t\t<div class=\"elementor-element elementor-element-dd3eed5 e-con-full e-flex e-con e-parent\" data-id=\"dd3eed5\" data-element_type=\"container\" data-e-type=\"container\" data-settings=\"{&quot;background_background&quot;:&quot;classic&quot;,&quot;shape_divider_bottom&quot;:&quot;opacity-fan&quot;}\">\n\t\t\t\t<div class=\"elementor-shape elementor-shape-bottom\" aria-hidden=\"true\" data-negative=\"false\">\n\t\t\t<svg xmlns=\"http:\/\/www.w3.org\/2000\/svg\" viewBox=\"0 0 283.5 19.6\" preserveAspectRatio=\"none\">\n\t<path class=\"elementor-shape-fill\" style=\"opacity:0.33\" d=\"M0 0L0 18.8 141.8 4.1 283.5 18.8 283.5 0z\"\/>\n\t<path class=\"elementor-shape-fill\" style=\"opacity:0.33\" d=\"M0 0L0 12.6 141.8 4 283.5 12.6 283.5 0z\"\/>\n\t<path class=\"elementor-shape-fill\" style=\"opacity:0.33\" d=\"M0 0L0 6.4 141.8 4 283.5 6.4 283.5 0z\"\/>\n\t<path class=\"elementor-shape-fill\" d=\"M0 0L0 1.2 141.8 4 283.5 1.2 283.5 0z\"\/>\n<\/svg>\t\t<\/div>\n\t\t\t\t<div class=\"elementor-element elementor-element-ed8da45 elementor-widget elementor-widget-heading\" data-id=\"ed8da45\" data-element_type=\"widget\" data-e-type=\"widget\" data-widget_type=\"heading.default\">\n\t\t\t\t<div class=\"elementor-widget-container\">\n\t\t\t\t\t<h2 class=\"elementor-heading-title elementor-size-default\">\u00dcBER UNS<\/h2>\t\t\t\t<\/div>\n\t\t\t\t<\/div>\n\t\t\t\t<\/div>\n\t\t<div class=\"elementor-element elementor-element-c384680 e-flex e-con-boxed e-con e-parent\" data-id=\"c384680\" data-element_type=\"container\" data-e-type=\"container\">\n\t\t\t\t\t<div class=\"e-con-inner\">\n\t\t<div class=\"elementor-element elementor-element-8012b96 e-con-full e-flex e-con e-child\" data-id=\"8012b96\" data-element_type=\"container\" data-e-type=\"container\">\n\t\t\t\t<div class=\"elementor-element elementor-element-226bcee elementor-widget elementor-widget-heading\" data-id=\"226bcee\" data-element_type=\"widget\" data-e-type=\"widget\" data-widget_type=\"heading.default\">\n\t\t\t\t<div class=\"elementor-widget-container\">\n\t\t\t\t\t<h2 class=\"elementor-heading-title elementor-size-default\">\u00dcBER UNS<\/h2>\t\t\t\t<\/div>\n\t\t\t\t<\/div>\n\t\t\t\t<div class=\"elementor-element elementor-element-29242a2 elementor-widget elementor-widget-text-editor\" data-id=\"29242a2\" data-element_type=\"widget\" data-e-type=\"widget\" data-widget_type=\"text-editor.default\">\n\t\t\t\t<div class=\"elementor-widget-container\">\n\t\t\t\t\t\t\t\t\t<p data-start=\"33\" data-end=\"264\">Bei <strong data-start=\"36\" data-end=\"80\">T Grup Cam<\/strong> sind wir mehr als nur ein <strong data-start=\"106\" data-end=\"128\">Glashersteller<\/strong> \u2013 wir sind ein <strong data-start=\"138\" data-end=\"158\">L\u00f6sungspartner<\/strong>, der sich der Bereitstellung <strong data-start=\"183\" data-end=\"226\">hochwertiger, ma\u00dfgeschneiderter Glasprodukte<\/strong> mit einem <strong data-start=\"234\" data-end=\"261\">kundenorientierten Ansatz<\/strong> widmet.<\/p><p data-start=\"266\" data-end=\"526\">Wir bedienen den Bereich <strong data-start=\"278\" data-end=\"391\">Fenster, T\u00fcren, Fassaden, Duschkabinen, Br\u00fcstungsl\u00f6sungen, Innenverglasung und B\u00fcrotrennw\u00e4nde<\/strong> und bieten <strong data-start=\"404\" data-end=\"429\">ma\u00dfgeschneiderte L\u00f6sungen<\/strong> an, die auf die spezifischen Anforderungen unserer Kunden mit <strong data-start=\"486\" data-end=\"523\">Pr\u00e4zision, Schnelligkeit und Zuverl\u00e4ssigkeit <\/strong>zugeschnitten sind.<\/p><p data-start=\"528\" data-end=\"1026\">Wir spezialisieren uns auf <strong data-start=\"545\" data-end=\"664\">niedrigemissions Glas, kugelsicheres Glas, feuerfestes Glas, Verbundglas und ma\u00dfgeschneiderte Glasl\u00f6sungen<\/strong>, um sicherzustellen, dass jedes Projekt das <strong data-start=\"707\" data-end=\"755\">am besten geeignete Produkt f\u00fcr seine spezifischen Anforderungen<\/strong> erh\u00e4lt. Unsere fortschrittlichen Verarbeitungsm\u00f6glichkeiten umfassen <strong data-start=\"802\" data-end=\"910\">Digitaldruck, Siebdruck, Kantenbearbeitung, Bohren und andere spezialisierte Glasbehandlungen<\/strong>, wodurch wir <strong data-start=\"927\" data-end=\"963\">vollst\u00e4ndig ma\u00dfgeschneiderte L\u00f6sungen<\/strong> f\u00fcr architektonische, gewerbliche und private Anwendungen anbieten k\u00f6nnen. <\/p><p data-start=\"1028\" data-end=\"1447\">Wir sind <strong data-start=\"1041\" data-end=\"1069\">sowohl in der T\u00fcrkei als auch in Bulgarien t\u00e4tig<\/strong> und garantieren eine <strong data-start=\"1084\" data-end=\"1150\">schnelle, effiziente Produktion sowie eine nahtlose internationale Lieferung<\/strong>, sodass unsere Kunden stets einen <strong data-start=\"1186\" data-end=\"1217\">zuverl\u00e4ssigen und p\u00fcnktlichen Service<\/strong> erhalten. Unsere Produkte und Dienstleistungen entsprechen den <strong data-start=\"1268\" data-end=\"1344\">europ\u00e4ischen (EN), amerikanischen (ASTM), britischen (BS) und israelischen (SI) Standards<\/strong> und erf\u00fcllen die <strong data-start=\"1372\" data-end=\"1405\">h\u00f6chsten Branchenanforderungen<\/strong> in Bezug auf Sicherheit, Haltbarkeit und Leistung. <\/p>\t\t\t\t\t\t\t\t<\/div>\n\t\t\t\t<\/div>\n\t\t\t\t<\/div>\n\t\t<div class=\"elementor-element elementor-element-320a52e e-con-full e-flex e-con e-child\" data-id=\"320a52e\" data-element_type=\"container\" data-e-type=\"container\">\n\t\t\t\t<div class=\"elementor-element elementor-element-05d61da elementor-widget elementor-widget-image\" data-id=\"05d61da\" data-element_type=\"widget\" data-e-type=\"widget\" data-widget_type=\"image.default\">\n\t\t\t\t<div class=\"elementor-widget-container\">\n\t\t\t\t\t\t\t\t\t\t\t\t\t\t\t<img fetchpriority=\"high\" decoding=\"async\" width=\"767\" height=\"1024\" src=\"https:\/\/tgrupcam.com\/wp-content\/uploads\/2025\/03\/low-angle-view-skylight-against-blue-sky-767x1024.jpg\" class=\"attachment-large size-large wp-image-1523\" alt=\"\" srcset=\"https:\/\/tgrupcam.com\/wp-content\/uploads\/2025\/03\/low-angle-view-skylight-against-blue-sky-767x1024.jpg 767w, https:\/\/tgrupcam.com\/wp-content\/uploads\/2025\/03\/low-angle-view-skylight-against-blue-sky-225x300.jpg 225w, https:\/\/tgrupcam.com\/wp-content\/uploads\/2025\/03\/low-angle-view-skylight-against-blue-sky-768x1025.jpg 768w, https:\/\/tgrupcam.com\/wp-content\/uploads\/2025\/03\/low-angle-view-skylight-against-blue-sky-1151x1536.jpg 1151w, https:\/\/tgrupcam.com\/wp-content\/uploads\/2025\/03\/low-angle-view-skylight-against-blue-sky-1535x2048.jpg 1535w, https:\/\/tgrupcam.com\/wp-content\/uploads\/2025\/03\/low-angle-view-skylight-against-blue-sky-scaled.jpg 1919w\" sizes=\"(max-width: 767px) 100vw, 767px\" \/>\t\t\t\t\t\t\t\t\t\t\t\t\t\t\t<\/div>\n\t\t\t\t<\/div>\n\t\t\t\t<\/div>\n\t\t\t\t\t<\/div>\n\t\t\t\t<\/div>\n\t\t<div class=\"elementor-element elementor-element-e014031 e-flex e-con-boxed e-con e-parent\" data-id=\"e014031\" data-element_type=\"container\" data-e-type=\"container\" data-settings=\"{&quot;background_background&quot;:&quot;classic&quot;,&quot;shape_divider_bottom&quot;:&quot;opacity-tilt&quot;}\">\n\t\t\t\t\t<div class=\"e-con-inner\">\n\t\t\t\t<div class=\"elementor-shape elementor-shape-bottom\" aria-hidden=\"true\" data-negative=\"false\">\n\t\t\t<svg xmlns=\"http:\/\/www.w3.org\/2000\/svg\" viewBox=\"0 0 2600 131.1\" preserveAspectRatio=\"none\">\n\t<path class=\"elementor-shape-fill\" d=\"M0 0L2600 0 2600 69.1 0 0z\"\/>\n\t<path class=\"elementor-shape-fill\" style=\"opacity:0.5\" d=\"M0 0L2600 0 2600 69.1 0 69.1z\"\/>\n\t<path class=\"elementor-shape-fill\" style=\"opacity:0.25\" d=\"M2600 0L0 0 0 130.1 2600 69.1z\"\/>\n<\/svg>\t\t<\/div>\n\t\t<div class=\"elementor-element elementor-element-8ee0ab9 e-con-full e-flex e-con e-child\" data-id=\"8ee0ab9\" data-element_type=\"container\" data-e-type=\"container\">\n\t\t\t\t<div class=\"elementor-element elementor-element-aeddf5a elementor-widget elementor-widget-heading\" data-id=\"aeddf5a\" data-element_type=\"widget\" data-e-type=\"widget\" data-widget_type=\"heading.default\">\n\t\t\t\t<div class=\"elementor-widget-container\">\n\t\t\t\t\t<h2 class=\"elementor-heading-title elementor-size-default\">UNSERE MISSION<\/h2>\t\t\t\t<\/div>\n\t\t\t\t<\/div>\n\t\t\t\t<div class=\"elementor-element elementor-element-9f78070 elementor-widget elementor-widget-text-editor\" data-id=\"9f78070\" data-element_type=\"widget\" data-e-type=\"widget\" data-widget_type=\"text-editor.default\">\n\t\t\t\t<div class=\"elementor-widget-container\">\n\t\t\t\t\t\t\t\t\t<p>Bei <strong data-start=\"25\" data-end=\"39\">T Grup Cam<\/strong> ist es unsere Mission, <strong data-start=\"67\" data-end=\"127\" data-is-only-node=\"\">hochwertige und ma\u00dfgeschneiderte Glasl\u00f6sungen<\/strong> bereitzustellen, die den sich entwickelnden Bed\u00fcrfnissen der <strong data-start=\"164\" data-end=\"263\">Fenster-, T\u00fcren-, Fassaden-, Duschkabinen-, Br\u00fcstungs-, Innenverglasungs- und B\u00fcrotrennwand-Industrien<\/strong> entsprechen. Wir verpflichten uns, <strong data-start=\"296\" data-end=\"347\">Pr\u00e4zision, Haltbarkeit und \u00e4sthetische Exzellenz<\/strong> zu liefern und einen <strong data-start=\"358\" data-end=\"406\">schnellen, zuverl\u00e4ssigen und kundenorientierten Service<\/strong> sicherzustellen. Durch die Zusammenarbeit mit <strong data-start=\"430\" data-end=\"528\">f\u00fchrenden globalen Lieferanten wie AGC, Guardian Sunguard, Pilkington, Saint-Gobain und \u015ei\u015fecam<\/strong> garantieren wir Produkte, die den <strong data-start=\"567\" data-end=\"643\">europ\u00e4ischen (EN), amerikanischen (ASTM), britischen (BS) und israelischen (SI) Standards<\/strong> entsprechen und nachhaltige sowie effiziente architektonische Anwendungen weltweit unterst\u00fctzen.  <\/p>\t\t\t\t\t\t\t\t<\/div>\n\t\t\t\t<\/div>\n\t\t\t\t<\/div>\n\t\t<div class=\"elementor-element elementor-element-057004d e-con-full e-flex e-con e-child\" data-id=\"057004d\" data-element_type=\"container\" data-e-type=\"container\">\n\t\t\t\t<div class=\"elementor-element elementor-element-1ca9c79 elementor-widget elementor-widget-heading\" data-id=\"1ca9c79\" data-element_type=\"widget\" data-e-type=\"widget\" data-widget_type=\"heading.default\">\n\t\t\t\t<div class=\"elementor-widget-container\">\n\t\t\t\t\t<h2 class=\"elementor-heading-title elementor-size-default\">UNSERE VISION<\/h2>\t\t\t\t<\/div>\n\t\t\t\t<\/div>\n\t\t\t\t<div class=\"elementor-element elementor-element-78a9838 elementor-widget elementor-widget-text-editor\" data-id=\"78a9838\" data-element_type=\"widget\" data-e-type=\"widget\" data-widget_type=\"text-editor.default\">\n\t\t\t\t<div class=\"elementor-widget-container\">\n\t\t\t\t\t\t\t\t\t<p>Unsere Vision ist es, ein <strong data-start=\"766\" data-end=\"796\">weltweit anerkannter Marktf\u00fchrer<\/strong> in der Glasindustrie zu sein, bekannt f\u00fcr unser <strong data-start=\"834\" data-end=\"906\" data-is-only-node=\"\">Engagement f\u00fcr Qualit\u00e4t, Nachhaltigkeit und technologische Innovation<\/strong>. Wir streben danach, unser <strong data-start=\"931\" data-end=\"970\">innovatives Produktsortiment kontinuierlich zu erweitern<\/strong>, indem wir <strong data-start=\"984\" data-end=\"1101\">fortschrittliche Glasverarbeitungstechniken wie Digitaldruck, Siebdruck, Kantenbearbeitung und Bohren<\/strong> integrieren, um den vielf\u00e4ltigen Anforderungen der modernen Architektur gerecht zu werden. Mit einem Schwerpunkt auf <strong data-start=\"1171\" data-end=\"1210\">Transport- und Handhabungsl\u00f6sungen<\/strong> setzen wir alles daran, eine <strong data-start=\"1232\" data-end=\"1305\">nahtlose internationale Lieferung und au\u00dfergew\u00f6hnliche Kundenzufriedenheit<\/strong> zu gew\u00e4hrleisten und unsere Position als <strong data-start=\"1339\" data-end=\"1405\">vertrauensw\u00fcrdiger Partner f\u00fcr Hochleistungs-Glasl\u00f6sungen weltweit<\/strong> zu festigen.  <\/p>\t\t\t\t\t\t\t\t<\/div>\n\t\t\t\t<\/div>\n\t\t\t\t<\/div>\n\t\t\t\t\t<\/div>\n\t\t\t\t<\/div>\n\t\t<div class=\"elementor-element elementor-element-624f5b0 e-flex e-con-boxed e-con e-parent\" data-id=\"624f5b0\" data-element_type=\"container\" data-e-type=\"container\" data-settings=\"{&quot;background_background&quot;:&quot;classic&quot;}\">\n\t\t\t\t\t<div class=\"e-con-inner\">\n\t\t\t\t<div class=\"elementor-element elementor-element-0ae2ff8 elementor-widget elementor-widget-heading\" data-id=\"0ae2ff8\" data-element_type=\"widget\" data-e-type=\"widget\" data-widget_type=\"heading.default\">\n\t\t\t\t<div class=\"elementor-widget-container\">\n\t\t\t\t\t<h2 class=\"elementor-heading-title elementor-size-default\">UNSERE WERTE<\/h2>\t\t\t\t<\/div>\n\t\t\t\t<\/div>\n\t\t\t\t<div class=\"elementor-element elementor-element-780315a elementor-widget elementor-widget-text-editor\" data-id=\"780315a\" data-element_type=\"widget\" data-e-type=\"widget\" data-widget_type=\"text-editor.default\">\n\t\t\t\t<div class=\"elementor-widget-container\">\n\t\t\t\t\t\t\t\t\t<p data-start=\"1449\" data-end=\"1490\">Bei <strong data-start=\"1452\" data-end=\"1466\">T Grup Cam<\/strong> verpflichten wir uns:<\/p><p data-start=\"1492\" data-end=\"2315\">\u2705 <strong data-start=\"1494\" data-end=\"1523\">Kundenorientierter Ansatz<\/strong> \u2013 Wir verstehen Ihre Bed\u00fcrfnisse und liefern <strong data-start=\"1566\" data-end=\"1594\">ma\u00dfgeschneiderte Glasl\u00f6sungen<\/strong>, die perfekt zu Ihrem Projekt passen.<br data-start=\"1627\" data-end=\"1630\">\u2705 <strong data-start=\"1632\" data-end=\"1659\">Schneller und zuverl\u00e4ssiger Service<\/strong> \u2013 Wir gew\u00e4hrleisten eine <strong data-start=\"1671\" data-end=\"1706\">p\u00fcnktliche Produktion und Lieferung<\/strong> mit Fokus auf <strong data-start=\"1723\" data-end=\"1751\">Effizienz und Pr\u00e4zision<\/strong>.<br data-start=\"1752\" data-end=\"1755\">\u2705 <strong data-start=\"1757\" data-end=\"1790\">Hohe Qualit\u00e4t und Nachhaltigkeit<\/strong> \u2013 Wir nutzen <strong data-start=\"1803\" data-end=\"1834\">modernste Technologien<\/strong>, um die <strong data-start=\"1855\" data-end=\"1894\">fortschrittlichsten, langlebigsten und umweltfreundlichsten Glasl\u00f6sungen<\/strong> anzubieten.<br data-start=\"1911\" data-end=\"1914\">\u2705 <strong data-start=\"1916\" data-end=\"1955\">Transport- und Handhabungsl\u00f6sungen<\/strong> \u2013 Wir gew\u00e4hrleisten eine <strong data-start=\"1967\" data-end=\"2012\">sichere, effiziente und besch\u00e4digungsfreie Lieferung<\/strong> unter Einhaltung branchenf\u00fchrender Logistik- und Verpackungsstandards.<br data-start=\"2069\" data-end=\"2072\">\u2705 <strong data-start=\"2074\" data-end=\"2117\">Einhaltung internationaler Standards<\/strong> \u2013 Alle unsere Produkte entsprechen den <strong data-start=\"2151\" data-end=\"2195\">strengen Qualit\u00e4ts- und Sicherheitsvorschriften<\/strong> <strong data-start=\"2199\" data-end=\"2238\">Europas, der USA, Gro\u00dfbritanniens und Israels<\/strong> und gew\u00e4hrleisten die Kompatibilit\u00e4t mit globalen Bau- und Verglasungsanforderungen.<\/p><p data-start=\"2317\" data-end=\"2531\">Ob <strong data-start=\"2334\" data-end=\"2383\">ma\u00dfgefertigtes Glas f\u00fcr ein gro\u00dffl\u00e4chiges Fassadenprojekt<\/strong> oder <strong data-start=\"2387\" data-end=\"2444\">spezialisierte Glasl\u00f6sungen f\u00fcr Innenanwendungen<\/strong> \u2013 <strong data-start=\"2446\" data-end=\"2460\">T Grup Cam<\/strong> ist Ihr <strong data-start=\"2469\" data-end=\"2488\">vertrauensw\u00fcrdiger Partner<\/strong> f\u00fcr Qualit\u00e4t, Fachwissen und Zuverl\u00e4ssigkeit.<\/p>\t\t\t\t\t\t\t\t<\/div>\n\t\t\t\t<\/div>\n\t\t\t\t\t<\/div>\n\t\t\t\t<\/div>\n\t\t<div class=\"elementor-element elementor-element-6682a49 e-flex e-con-boxed e-con e-parent\" data-id=\"6682a49\" data-element_type=\"container\" data-e-type=\"container\">\n\t\t\t\t\t<div class=\"e-con-inner\">\n\t\t\t\t<div class=\"elementor-element elementor-element-37f5c40 elementor-widget elementor-widget-heading\" data-id=\"37f5c40\" data-element_type=\"widget\" data-e-type=\"widget\" data-widget_type=\"heading.default\">\n\t\t\t\t<div class=\"elementor-widget-container\">\n\t\t\t\t\t<h2 class=\"elementor-heading-title elementor-size-default\">NEUIGKEITEN<\/h2>\t\t\t\t<\/div>\n\t\t\t\t<\/div>\n\t\t\t\t\t<\/div>\n\t\t\t\t<\/div>\n\t\t\t\t<\/div>\n\t\t","protected":false},"excerpt":{"rendered":"<p>\u00dcBER UNS \u00dcBER UNS Bei T Grup Cam sind wir mehr als nur ein Glashersteller \u2013 wir sind ein L\u00f6sungspartner, der sich der Bereitstellung hochwertiger, ma\u00dfgeschneiderter Glasprodukte mit einem kundenorientierten Ansatz widmet. Wir bedienen den Bereich Fenster, T\u00fcren, Fassaden, Duschkabinen, Br\u00fcstungsl\u00f6sungen, Innenverglasung und B\u00fcrotrennw\u00e4nde und bieten ma\u00dfgeschneiderte L\u00f6sungen an, die auf die spezifischen Anforderungen unserer [&hellip;]<\/p>\n","protected":false},"author":1,"featured_media":0,"parent":0,"menu_order":0,"comment_status":"closed","ping_status":"closed","template":"elementor_header_footer","meta":{"footnotes":""},"class_list":["post-2650","page","type-page","status-publish","hentry"],"_links":{"self":[{"href":"https:\/\/tgrupcam.com\/index.php\/wp-json\/wp\/v2\/pages\/2650","targetHints":{"allow":["GET"]}}],"collection":[{"href":"https:\/\/tgrupcam.com\/index.php\/wp-json\/wp\/v2\/pages"}],"about":[{"href":"https:\/\/tgrupcam.com\/index.php\/wp-json\/wp\/v2\/types\/page"}],"author":[{"embeddable":true,"href":"https:\/\/tgrupcam.com\/index.php\/wp-json\/wp\/v2\/users\/1"}],"replies":[{"embeddable":true,"href":"https:\/\/tgrupcam.com\/index.php\/wp-json\/wp\/v2\/comments?post=2650"}],"version-history":[{"count":0,"href":"https:\/\/tgrupcam.com\/index.php\/wp-json\/wp\/v2\/pages\/2650\/revisions"}],"wp:attachment":[{"href":"https:\/\/tgrupcam.com\/index.php\/wp-json\/wp\/v2\/media?parent=2650"}],"curies":[{"name":"wp","href":"https:\/\/api.w.org\/{rel}","templated":true}]}}