{"id":2652,"date":"2025-02-05T10:45:50","date_gmt":"2025-02-05T07:45:50","guid":{"rendered":"https:\/\/tgrupcam.com\/index.php\/hakkimizda\/"},"modified":"2025-04-26T19:34:23","modified_gmt":"2025-04-26T16:34:23","slug":"hakkimizda","status":"publish","type":"page","link":"https:\/\/tgrupcam.com\/index.php\/hakkimizda\/?lang=tr","title":{"rendered":"Hakk\u0131m\u0131zda"},"content":{"rendered":"\t\t<div data-elementor-type=\"wp-page\" data-elementor-id=\"2652\" class=\"elementor elementor-2652 elementor-11\" data-elementor-post-type=\"page\">\n\t\t\t\t<div class=\"elementor-element elementor-element-dd3eed5 e-con-full e-flex e-con e-parent\" data-id=\"dd3eed5\" data-element_type=\"container\" data-e-type=\"container\" data-settings=\"{&quot;background_background&quot;:&quot;classic&quot;,&quot;shape_divider_bottom&quot;:&quot;opacity-fan&quot;}\">\n\t\t\t\t<div class=\"elementor-shape elementor-shape-bottom\" aria-hidden=\"true\" data-negative=\"false\">\n\t\t\t<svg xmlns=\"http:\/\/www.w3.org\/2000\/svg\" viewBox=\"0 0 283.5 19.6\" preserveAspectRatio=\"none\">\n\t<path class=\"elementor-shape-fill\" style=\"opacity:0.33\" d=\"M0 0L0 18.8 141.8 4.1 283.5 18.8 283.5 0z\"\/>\n\t<path class=\"elementor-shape-fill\" style=\"opacity:0.33\" d=\"M0 0L0 12.6 141.8 4 283.5 12.6 283.5 0z\"\/>\n\t<path class=\"elementor-shape-fill\" style=\"opacity:0.33\" d=\"M0 0L0 6.4 141.8 4 283.5 6.4 283.5 0z\"\/>\n\t<path class=\"elementor-shape-fill\" d=\"M0 0L0 1.2 141.8 4 283.5 1.2 283.5 0z\"\/>\n<\/svg>\t\t<\/div>\n\t\t\t\t<div class=\"elementor-element elementor-element-ed8da45 elementor-widget elementor-widget-heading\" data-id=\"ed8da45\" data-element_type=\"widget\" data-e-type=\"widget\" data-widget_type=\"heading.default\">\n\t\t\t\t<div class=\"elementor-widget-container\">\n\t\t\t\t\t<h2 class=\"elementor-heading-title elementor-size-default\">HAKKIMIZDA<\/h2>\t\t\t\t<\/div>\n\t\t\t\t<\/div>\n\t\t\t\t<\/div>\n\t\t<div class=\"elementor-element elementor-element-c384680 e-flex e-con-boxed e-con e-parent\" data-id=\"c384680\" data-element_type=\"container\" data-e-type=\"container\">\n\t\t\t\t\t<div class=\"e-con-inner\">\n\t\t<div class=\"elementor-element elementor-element-8012b96 e-con-full e-flex e-con e-child\" data-id=\"8012b96\" data-element_type=\"container\" data-e-type=\"container\">\n\t\t\t\t<div class=\"elementor-element elementor-element-226bcee elementor-widget elementor-widget-heading\" data-id=\"226bcee\" data-element_type=\"widget\" data-e-type=\"widget\" data-widget_type=\"heading.default\">\n\t\t\t\t<div class=\"elementor-widget-container\">\n\t\t\t\t\t<h2 class=\"elementor-heading-title elementor-size-default\">HAKKIMIZDA<\/h2>\t\t\t\t<\/div>\n\t\t\t\t<\/div>\n\t\t\t\t<div class=\"elementor-element elementor-element-29242a2 elementor-widget elementor-widget-text-editor\" data-id=\"29242a2\" data-element_type=\"widget\" data-e-type=\"widget\" data-widget_type=\"text-editor.default\">\n\t\t\t\t<div class=\"elementor-widget-container\">\n\t\t\t\t\t\t\t\t\t<p data-start=\"33\" data-end=\"264\"><strong data-start=\"36\" data-end=\"80\">T Grup Cam<\/strong> olarak biz sadece bir <strong data-start=\"106\" data-end=\"128\">cam \u00fcreticisi<\/strong> de\u011filiz \u2014 <strong data-start=\"234\" data-end=\"261\">m\u00fc\u015fteriye \u00f6ncelik veren yakla\u015f\u0131m\u0131m\u0131zla<\/strong> <strong data-start=\"183\" data-end=\"226\">y\u00fcksek kaliteli ve \u00f6zelle\u015ftirilmi\u015f cam \u00fcr\u00fcnleri<\/strong> sunmaya adanm\u0131\u015f bir <strong data-start=\"138\" data-end=\"158\">\u00e7\u00f6z\u00fcm orta\u011f\u0131y\u0131z<\/strong>.<\/p><p data-start=\"266\" data-end=\"526\"><strong data-start=\"278\" data-end=\"391\">Pencere, kap\u0131, cephe, du\u015f kabini sekt\u00f6r\u00fc, korkuluk \u00e7\u00f6z\u00fcmleri, i\u00e7 mekan camlar\u0131 ve ofis b\u00f6lme sistemlerine hizmet vererek<\/strong>, m\u00fc\u015fterilerimizin \u00f6zel ihtiya\u00e7lar\u0131na <strong data-start=\"404\" data-end=\"429\">hassasiyet, h\u0131z ve g\u00fcvenilirlikle<\/strong> cevap veren <strong data-start=\"486\" data-end=\"523\">\u00f6zel \u00e7\u00f6z\u00fcmler<\/strong> sunuyoruz.<\/p><p data-start=\"528\" data-end=\"1026\"><strong data-start=\"545\" data-end=\"664\">D\u00fc\u015f\u00fck emisyonlu cam, kur\u015fun ge\u00e7irmez cam, yang\u0131na dayan\u0131kl\u0131 cam, lamine cam ve \u00f6zel i\u015flenmi\u015f cam \u00e7\u00f6z\u00fcmlerinde<\/strong> uzman\u0131z ve her <strong data-start=\"707\" data-end=\"755\">projenin kendine \u00f6zg\u00fc gereksinimlerine en uygun \u00fcr\u00fcn\u00fc<\/strong> sunmay\u0131 garanti ediyoruz. Geli\u015fmi\u015f i\u015fleme yeteneklerimiz aras\u0131nda <strong data-start=\"802\" data-end=\"910\">dijital bask\u0131, serigraf bask\u0131, kenar i\u015fleme, delme ve di\u011fer \u00f6zel cam i\u015flemleri<\/strong> bulunmakta olup, mimari, ticari ve konut uygulamalar\u0131 i\u00e7in t<strong data-start=\"927\" data-end=\"963\">amamen \u00f6zelle\u015ftirilmi\u015f \u00e7\u00f6z\u00fcmler sunabiliyoruz.<\/strong> <\/p><p data-start=\"1028\" data-end=\"1447\"><strong data-start=\"1041\" data-end=\"1069\">T\u00fcrkiye ve Bulgaristan&#8217;da<\/strong> faaliyet g\u00f6stererek <strong data-start=\"1084\" data-end=\"1150\">h\u0131zl\u0131, verimli \u00fcretim ve sorunsuz uluslararas\u0131 teslimat garantisi sunuyoruz<\/strong> ve m\u00fc\u015fterilerimizin <strong data-start=\"1186\" data-end=\"1217\">her zaman g\u00fcvenilir ve zaman\u0131nda hizmet almas\u0131n\u0131 sa\u011fl\u0131yoruz<\/strong>. \u00dcr\u00fcn ve hizmetlerimiz <strong data-start=\"1268\" data-end=\"1344\">Avrupa (EN), Amerikan (ASTM), Britanya (BS) ve \u0130srail (SI) standartlar\u0131na uygun olup<\/strong>, g\u00fcvenlik, dayan\u0131kl\u0131l\u0131k ve <strong data-start=\"1372\" data-end=\"1405\">performans a\u00e7\u0131s\u0131ndan en y\u00fcksek sekt\u00f6r gerekliliklerini kar\u015f\u0131lamaktad\u0131r<\/strong>. <\/p>\t\t\t\t\t\t\t\t<\/div>\n\t\t\t\t<\/div>\n\t\t\t\t<\/div>\n\t\t<div class=\"elementor-element elementor-element-320a52e e-con-full e-flex e-con e-child\" data-id=\"320a52e\" data-element_type=\"container\" data-e-type=\"container\">\n\t\t\t\t<div class=\"elementor-element elementor-element-05d61da elementor-widget elementor-widget-image\" data-id=\"05d61da\" data-element_type=\"widget\" data-e-type=\"widget\" data-widget_type=\"image.default\">\n\t\t\t\t<div class=\"elementor-widget-container\">\n\t\t\t\t\t\t\t\t\t\t\t\t\t\t\t<img fetchpriority=\"high\" decoding=\"async\" width=\"767\" height=\"1024\" src=\"https:\/\/tgrupcam.com\/wp-content\/uploads\/2025\/03\/low-angle-view-skylight-against-blue-sky-767x1024.jpg\" class=\"attachment-large size-large wp-image-1530\" alt=\"\" srcset=\"https:\/\/tgrupcam.com\/wp-content\/uploads\/2025\/03\/low-angle-view-skylight-against-blue-sky-767x1024.jpg 767w, https:\/\/tgrupcam.com\/wp-content\/uploads\/2025\/03\/low-angle-view-skylight-against-blue-sky-225x300.jpg 225w, https:\/\/tgrupcam.com\/wp-content\/uploads\/2025\/03\/low-angle-view-skylight-against-blue-sky-768x1025.jpg 768w, https:\/\/tgrupcam.com\/wp-content\/uploads\/2025\/03\/low-angle-view-skylight-against-blue-sky-1151x1536.jpg 1151w, https:\/\/tgrupcam.com\/wp-content\/uploads\/2025\/03\/low-angle-view-skylight-against-blue-sky-1535x2048.jpg 1535w, https:\/\/tgrupcam.com\/wp-content\/uploads\/2025\/03\/low-angle-view-skylight-against-blue-sky-scaled.jpg 1919w\" sizes=\"(max-width: 767px) 100vw, 767px\" \/>\t\t\t\t\t\t\t\t\t\t\t\t\t\t\t<\/div>\n\t\t\t\t<\/div>\n\t\t\t\t<\/div>\n\t\t\t\t\t<\/div>\n\t\t\t\t<\/div>\n\t\t<div class=\"elementor-element elementor-element-e014031 e-flex e-con-boxed e-con e-parent\" data-id=\"e014031\" data-element_type=\"container\" data-e-type=\"container\" data-settings=\"{&quot;background_background&quot;:&quot;classic&quot;,&quot;shape_divider_bottom&quot;:&quot;opacity-tilt&quot;}\">\n\t\t\t\t\t<div class=\"e-con-inner\">\n\t\t\t\t<div class=\"elementor-shape elementor-shape-bottom\" aria-hidden=\"true\" data-negative=\"false\">\n\t\t\t<svg xmlns=\"http:\/\/www.w3.org\/2000\/svg\" viewBox=\"0 0 2600 131.1\" preserveAspectRatio=\"none\">\n\t<path class=\"elementor-shape-fill\" d=\"M0 0L2600 0 2600 69.1 0 0z\"\/>\n\t<path class=\"elementor-shape-fill\" style=\"opacity:0.5\" d=\"M0 0L2600 0 2600 69.1 0 69.1z\"\/>\n\t<path class=\"elementor-shape-fill\" style=\"opacity:0.25\" d=\"M2600 0L0 0 0 130.1 2600 69.1z\"\/>\n<\/svg>\t\t<\/div>\n\t\t<div class=\"elementor-element elementor-element-8ee0ab9 e-con-full e-flex e-con e-child\" data-id=\"8ee0ab9\" data-element_type=\"container\" data-e-type=\"container\">\n\t\t\t\t<div class=\"elementor-element elementor-element-aeddf5a elementor-widget elementor-widget-heading\" data-id=\"aeddf5a\" data-element_type=\"widget\" data-e-type=\"widget\" data-widget_type=\"heading.default\">\n\t\t\t\t<div class=\"elementor-widget-container\">\n\t\t\t\t\t<h2 class=\"elementor-heading-title elementor-size-default\">M\u0130SYONUMUZ<\/h2>\t\t\t\t<\/div>\n\t\t\t\t<\/div>\n\t\t\t\t<div class=\"elementor-element elementor-element-9f78070 elementor-widget elementor-widget-text-editor\" data-id=\"9f78070\" data-element_type=\"widget\" data-e-type=\"widget\" data-widget_type=\"text-editor.default\">\n\t\t\t\t<div class=\"elementor-widget-container\">\n\t\t\t\t\t\t\t\t\t<p><strong data-start=\"25\" data-end=\"39\">T Grup Cam<\/strong> olarak misyonumuz, <strong data-start=\"67\" data-end=\"127\" data-is-only-node=\"\">pencere, kap\u0131, cephe, du\u015f kabini, korkuluk, i\u00e7 mekan cam\u0131 ve ofis b\u00f6lme end\u00fcstrilerinin<\/strong> geli\u015fen ihtiya\u00e7lar\u0131na cevap verecek <strong data-start=\"164\" data-end=\"263\">y\u00fcksek kaliteli ve \u00f6zelle\u015ftirilmi\u015f cam \u00e7\u00f6z\u00fcmleri sunmakt\u0131r<\/strong>. <strong data-start=\"296\" data-end=\"347\">Hassasiyet, dayan\u0131kl\u0131l\u0131k ve estetik m\u00fckemmeliyet<\/strong> sunmay\u0131 taahh\u00fct ediyor; <strong data-start=\"358\" data-end=\"406\">h\u0131zl\u0131, g\u00fcvenilir ve m\u00fc\u015fteri odakl\u0131 hizmet<\/strong> sa\u011fl\u0131yoruz. <strong data-start=\"430\" data-end=\"528\">AGC, Guardian Sunguard, Pilkington, Saint-Gobain ve \u015ei\u015fecam gibi lider global tedarik\u00e7ilerle<\/strong> i\u015f birli\u011fi yaparak <strong data-start=\"567\" data-end=\"643\">Avrupa (EN), Amerikan (ASTM), Britanya (BS) ve \u0130srail (SI) standartlar\u0131na uygun \u00fcr\u00fcnler sunuyor<\/strong>, d\u00fcnya \u00e7ap\u0131nda s\u00fcrd\u00fcr\u00fclebilir ve verimli mimari uygulamalar\u0131 destekliyoruz.  <\/p>\t\t\t\t\t\t\t\t<\/div>\n\t\t\t\t<\/div>\n\t\t\t\t<\/div>\n\t\t<div class=\"elementor-element elementor-element-057004d e-con-full e-flex e-con e-child\" data-id=\"057004d\" data-element_type=\"container\" data-e-type=\"container\">\n\t\t\t\t<div class=\"elementor-element elementor-element-1ca9c79 elementor-widget elementor-widget-heading\" data-id=\"1ca9c79\" data-element_type=\"widget\" data-e-type=\"widget\" data-widget_type=\"heading.default\">\n\t\t\t\t<div class=\"elementor-widget-container\">\n\t\t\t\t\t<h2 class=\"elementor-heading-title elementor-size-default\">V\u0130ZYONUMUZ<\/h2>\t\t\t\t<\/div>\n\t\t\t\t<\/div>\n\t\t\t\t<div class=\"elementor-element elementor-element-78a9838 elementor-widget elementor-widget-text-editor\" data-id=\"78a9838\" data-element_type=\"widget\" data-e-type=\"widget\" data-widget_type=\"text-editor.default\">\n\t\t\t\t<div class=\"elementor-widget-container\">\n\t\t\t\t\t\t\t\t\t<p>Vizyonumuz, cam sekt\u00f6r\u00fcnde <strong data-start=\"931\" data-end=\"970\">kaliteye, s\u00fcrd\u00fcr\u00fclebilirli\u011fe ve teknolojik geli\u015fime olan ba\u011fl\u0131l\u0131\u011f\u0131m\u0131zla<\/strong> <strong data-start=\"766\" data-end=\"796\">k\u00fcresel \u00e7apta tan\u0131nan bir lider olmak<\/strong>. <strong data-start=\"834\" data-end=\"906\" data-is-only-node=\"\">\u0130novatif \u00fcr\u00fcn yelpazemizi s\u00fcrekli geni\u015fletmeyi<\/strong>, <strong data-start=\"984\" data-end=\"1101\">dijital bask\u0131, serigraf bask\u0131, kenar i\u015fleme ve delme gibi ileri d\u00fczey cam i\u015fleme tekniklerini<\/strong> entegre ederek modern mimarinin \u00e7e\u015fitli taleplerine hizmet etmeyi hedefliyoruz. <strong data-start=\"1171\" data-end=\"1210\">Ta\u015f\u0131ma ve y\u00fckleme \u00e7\u00f6z\u00fcmlerine<\/strong> odaklanarak <strong data-start=\"1232\" data-end=\"1305\">sorunsuz uluslararas\u0131 teslimat ve \u00fcst\u00fcn m\u00fc\u015fteri memnuniyeti sa\u011fl\u0131yor<\/strong>, <strong data-start=\"1339\" data-end=\"1405\">y\u00fcksek performansl\u0131 cam \u00e7\u00f6z\u00fcmlerinde g\u00fcvenilir ortak<\/strong> konumumuzu peki\u015ftiriyoruz.  <\/p>\t\t\t\t\t\t\t\t<\/div>\n\t\t\t\t<\/div>\n\t\t\t\t<\/div>\n\t\t\t\t\t<\/div>\n\t\t\t\t<\/div>\n\t\t<div class=\"elementor-element elementor-element-624f5b0 e-flex e-con-boxed e-con e-parent\" data-id=\"624f5b0\" data-element_type=\"container\" data-e-type=\"container\" data-settings=\"{&quot;background_background&quot;:&quot;classic&quot;}\">\n\t\t\t\t\t<div class=\"e-con-inner\">\n\t\t\t\t<div class=\"elementor-element elementor-element-0ae2ff8 elementor-widget elementor-widget-heading\" data-id=\"0ae2ff8\" data-element_type=\"widget\" data-e-type=\"widget\" data-widget_type=\"heading.default\">\n\t\t\t\t<div class=\"elementor-widget-container\">\n\t\t\t\t\t<h2 class=\"elementor-heading-title elementor-size-default\">DE\u011eERLER\u0130M\u0130Z<\/h2>\t\t\t\t<\/div>\n\t\t\t\t<\/div>\n\t\t\t\t<div class=\"elementor-element elementor-element-780315a elementor-widget elementor-widget-text-editor\" data-id=\"780315a\" data-element_type=\"widget\" data-e-type=\"widget\" data-widget_type=\"text-editor.default\">\n\t\t\t\t<div class=\"elementor-widget-container\">\n\t\t\t\t\t\t\t\t\t<p data-start=\"1449\" data-end=\"1490\"><strong data-start=\"1452\" data-end=\"1466\">T Grup<\/strong> Cam olarak;<\/p><p data-start=\"1492\" data-end=\"2315\">\u2705 <strong data-start=\"1494\" data-end=\"1523\">M\u00fc\u015fteri Odakl\u0131 Yakla\u015f\u0131m<\/strong> \u2013 \u0130htiya\u00e7lar\u0131n\u0131z\u0131 anlayarak projenize m\u00fckemmel uyacak <strong data-start=\"1566\" data-end=\"1594\">\u00f6zel cam \u00e7\u00f6z\u00fcmleri<\/strong> sunmak.<br data-start=\"1627\" data-end=\"1630\">\u2705 <strong data-start=\"1632\" data-end=\"1659\">H\u0131zl\u0131 ve G\u00fcvenilir Hizmet<\/strong> \u2013 <strong data-start=\"1671\" data-end=\"1706\">Zaman\u0131nda \u00fcretim ve teslimat<\/strong> sa\u011flamak, <strong data-start=\"1723\" data-end=\"1751\">verimlilik ve hassasiyet<\/strong>i \u00f6n planda tutmak.<br data-start=\"1752\" data-end=\"1755\">\u2705 <strong data-start=\"1757\" data-end=\"1790\">Y\u00fcksek Kalite ve S\u00fcrd\u00fcr\u00fclebilirlik<\/strong> \u2013 <strong data-start=\"1803\" data-end=\"1834\">En ileri teknolojileri<\/strong> kullanarak <strong data-start=\"1855\" data-end=\"1894\">geli\u015fmi\u015f, dayan\u0131kl\u0131 ve \u00e7evre dostu<\/strong> cam \u00e7\u00f6z\u00fcmleri sunmak.<br data-start=\"1911\" data-end=\"1914\">\u2705 <strong data-start=\"1916\" data-end=\"1955\">Ta\u015f\u0131ma ve Y\u00fckleme \u00c7\u00f6z\u00fcmleri<\/strong> \u2013 <strong data-start=\"1967\" data-end=\"2012\">Sekt\u00f6r lideri lojistik ve paketleme standartlar\u0131yla<\/strong> g\u00fcvenli, verimli ve hasars\u0131z teslimat sa\u011flamak.<br data-start=\"2069\" data-end=\"2072\">\u2705 <strong data-start=\"2074\" data-end=\"2117\">Uluslararas\u0131 Standartlara Uyum<\/strong> \u2013 \u00dcr\u00fcnlerimizin <strong data-start=\"2199\" data-end=\"2238\">Avrupa, ABD, Birle\u015fik Krall\u0131k ve \u0130srail\u2019in<\/strong> <strong data-start=\"2151\" data-end=\"2195\">s\u0131k\u0131 kalite ve g\u00fcvenlik standartlar\u0131na<\/strong> uygun olmas\u0131.<\/p><p data-start=\"2317\" data-end=\"2531\">\u2705 <strong data-start=\"2334\" data-end=\"2383\">T Grup Cam<\/strong> \u2013 <strong data-start=\"2387\" data-end=\"2444\">B\u00fcy\u00fck \u00f6l\u00e7ekli cephe projeleri<\/strong> veya <strong data-start=\"2446\" data-end=\"2460\">i\u00e7 mekan uygulamalar\u0131<\/strong> i\u00e7in \u00f6zel cam \u00e7\u00f6z\u00fcmlerinde <strong data-start=\"2469\" data-end=\"2488\">g\u00fcvenilir orta\u011f\u0131n\u0131z<\/strong>.<\/p>\t\t\t\t\t\t\t\t<\/div>\n\t\t\t\t<\/div>\n\t\t\t\t\t<\/div>\n\t\t\t\t<\/div>\n\t\t<div class=\"elementor-element elementor-element-6682a49 e-flex e-con-boxed e-con e-parent\" data-id=\"6682a49\" data-element_type=\"container\" data-e-type=\"container\">\n\t\t\t\t\t<div class=\"e-con-inner\">\n\t\t\t\t<div class=\"elementor-element elementor-element-37f5c40 elementor-widget elementor-widget-heading\" data-id=\"37f5c40\" data-element_type=\"widget\" data-e-type=\"widget\" data-widget_type=\"heading.default\">\n\t\t\t\t<div class=\"elementor-widget-container\">\n\t\t\t\t\t<h2 class=\"elementor-heading-title elementor-size-default\">HABERLER<\/h2>\t\t\t\t<\/div>\n\t\t\t\t<\/div>\n\t\t\t\t\t<\/div>\n\t\t\t\t<\/div>\n\t\t\t\t<\/div>\n\t\t","protected":false},"excerpt":{"rendered":"<p>HAKKIMIZDA HAKKIMIZDA T Grup Cam olarak biz sadece bir cam \u00fcreticisi de\u011filiz \u2014 m\u00fc\u015fteriye \u00f6ncelik veren yakla\u015f\u0131m\u0131m\u0131zla y\u00fcksek kaliteli ve \u00f6zelle\u015ftirilmi\u015f cam \u00fcr\u00fcnleri sunmaya adanm\u0131\u015f bir \u00e7\u00f6z\u00fcm orta\u011f\u0131y\u0131z. Pencere, kap\u0131, cephe, du\u015f kabini sekt\u00f6r\u00fc, korkuluk \u00e7\u00f6z\u00fcmleri, i\u00e7 mekan camlar\u0131 ve ofis b\u00f6lme sistemlerine hizmet vererek, m\u00fc\u015fterilerimizin \u00f6zel ihtiya\u00e7lar\u0131na hassasiyet, h\u0131z ve g\u00fcvenilirlikle cevap veren \u00f6zel [&hellip;]<\/p>\n","protected":false},"author":1,"featured_media":0,"parent":0,"menu_order":0,"comment_status":"closed","ping_status":"closed","template":"elementor_header_footer","meta":{"footnotes":""},"class_list":["post-2652","page","type-page","status-publish","hentry"],"_links":{"self":[{"href":"https:\/\/tgrupcam.com\/index.php\/wp-json\/wp\/v2\/pages\/2652","targetHints":{"allow":["GET"]}}],"collection":[{"href":"https:\/\/tgrupcam.com\/index.php\/wp-json\/wp\/v2\/pages"}],"about":[{"href":"https:\/\/tgrupcam.com\/index.php\/wp-json\/wp\/v2\/types\/page"}],"author":[{"embeddable":true,"href":"https:\/\/tgrupcam.com\/index.php\/wp-json\/wp\/v2\/users\/1"}],"replies":[{"embeddable":true,"href":"https:\/\/tgrupcam.com\/index.php\/wp-json\/wp\/v2\/comments?post=2652"}],"version-history":[{"count":0,"href":"https:\/\/tgrupcam.com\/index.php\/wp-json\/wp\/v2\/pages\/2652\/revisions"}],"wp:attachment":[{"href":"https:\/\/tgrupcam.com\/index.php\/wp-json\/wp\/v2\/media?parent=2652"}],"curies":[{"name":"wp","href":"https:\/\/api.w.org\/{rel}","templated":true}]}}