{"id":2825,"date":"2025-02-05T11:49:47","date_gmt":"2025-02-05T08:49:47","guid":{"rendered":"https:\/\/tgrupcam.com\/index.php\/guvenlik-ve-emniyet-cami\/"},"modified":"2025-06-03T17:41:34","modified_gmt":"2025-06-03T14:41:34","slug":"guvenlik-ve-emniyet-cami","status":"publish","type":"page","link":"https:\/\/tgrupcam.com\/index.php\/pazar-teklifi\/camli-uniteler\/guvenlik-ve-emniyet-cami\/?lang=tr","title":{"rendered":"G\u00fcvenlik ve Emniyet Cam\u0131"},"content":{"rendered":"\t\t<div data-elementor-type=\"wp-page\" data-elementor-id=\"2825\" class=\"elementor elementor-2825 elementor-30\" data-elementor-post-type=\"page\">\n\t\t\t\t<div class=\"elementor-element elementor-element-377b1b2f e-con-full e-flex e-con e-parent\" data-id=\"377b1b2f\" data-element_type=\"container\" data-e-type=\"container\" data-settings=\"{&quot;background_background&quot;:&quot;classic&quot;,&quot;shape_divider_bottom&quot;:&quot;opacity-fan&quot;}\">\n\t\t\t\t<div class=\"elementor-shape elementor-shape-bottom\" aria-hidden=\"true\" data-negative=\"false\">\n\t\t\t<svg xmlns=\"http:\/\/www.w3.org\/2000\/svg\" viewBox=\"0 0 283.5 19.6\" preserveAspectRatio=\"none\">\n\t<path class=\"elementor-shape-fill\" style=\"opacity:0.33\" d=\"M0 0L0 18.8 141.8 4.1 283.5 18.8 283.5 0z\"\/>\n\t<path class=\"elementor-shape-fill\" style=\"opacity:0.33\" d=\"M0 0L0 12.6 141.8 4 283.5 12.6 283.5 0z\"\/>\n\t<path class=\"elementor-shape-fill\" style=\"opacity:0.33\" d=\"M0 0L0 6.4 141.8 4 283.5 6.4 283.5 0z\"\/>\n\t<path class=\"elementor-shape-fill\" d=\"M0 0L0 1.2 141.8 4 283.5 1.2 283.5 0z\"\/>\n<\/svg>\t\t<\/div>\n\t\t\t\t<div class=\"elementor-element elementor-element-1fe9b905 elementor-widget elementor-widget-heading\" data-id=\"1fe9b905\" data-element_type=\"widget\" data-e-type=\"widget\" data-widget_type=\"heading.default\">\n\t\t\t\t<div class=\"elementor-widget-container\">\n\t\t\t\t\t<h2 class=\"elementor-heading-title elementor-size-default\">G\u00dcVENL\u0130K VE EMN\u0130YET CAMI<\/h2>\t\t\t\t<\/div>\n\t\t\t\t<\/div>\n\t\t\t\t<\/div>\n\t\t<div class=\"elementor-element elementor-element-1ee06cb1 e-flex e-con-boxed e-con e-parent\" data-id=\"1ee06cb1\" data-element_type=\"container\" data-e-type=\"container\">\n\t\t\t\t\t<div class=\"e-con-inner\">\n\t\t\t\t<div class=\"elementor-element elementor-element-dda2ea1 elementor-widget elementor-widget-heading\" data-id=\"dda2ea1\" data-element_type=\"widget\" data-e-type=\"widget\" data-widget_type=\"heading.default\">\n\t\t\t\t<div class=\"elementor-widget-container\">\n\t\t\t\t\t<h2 class=\"elementor-heading-title elementor-size-default\">G\u00dcVENL\u0130K VE EMN\u0130YET CAMI HAKKINDA<\/h2>\t\t\t\t<\/div>\n\t\t\t\t<\/div>\n\t\t\t\t<div class=\"elementor-element elementor-element-6f208a60 elementor-widget elementor-widget-text-editor\" data-id=\"6f208a60\" data-element_type=\"widget\" data-e-type=\"widget\" data-widget_type=\"text-editor.default\">\n\t\t\t\t<div class=\"elementor-widget-container\">\n\t\t\t\t\t\t\t\t\t<p><strong>T Grup Cam<\/strong> olarak, <strong>maksimum koruma<\/strong> sa\u011flarken <strong>optik netli\u011fi ve estetik g\u00f6r\u00fcn\u00fcm\u00fc koruyan<\/strong> <strong>y\u00fcksek performansl\u0131 G\u00fcvenlik ve Emniyet Cam\u0131<\/strong> \u00e7\u00f6z\u00fcmleri sunuyoruz. Geli\u015fmi\u015f cam teknolojimiz, <strong>darbelere, k\u0131r\u0131lmaya ve d\u0131\u015f tehditlere kar\u015f\u0131 g\u00fcvenlik, dayan\u0131kl\u0131l\u0131k ve diren\u00e7<\/strong> sa\u011flar. <\/p>\n<p><strong>Avantajlar:<\/strong><\/p>\n<p>\u2705 <strong>Darbe Direnci<\/strong> \u2013 Kuvvetli darbelere dayanacak \u015fekilde tasarlanm\u0131\u015ft\u0131r, k\u0131r\u0131lma riskini azalt\u0131r.<br \/>\u2705 <strong>Par\u00e7alanma Korumas\u0131<\/strong> \u2013 K\u0131r\u0131ld\u0131\u011f\u0131nda cam yerinde kal\u0131r, tehlikeli cam par\u00e7alar\u0131n\u0131n da\u011f\u0131lmas\u0131n\u0131 \u00f6nler.<br \/>\u2705 <strong>H\u0131rs\u0131zl\u0131k ve Vandalizme Diren\u00e7<\/strong> \u2013 Konutlar, ofisler ve ticari binalar i\u00e7in g\u00fcvenli\u011fi art\u0131r\u0131r.<br \/>\u2705 <strong>Kur\u015fun ve Patlamaya Diren\u00e7<\/strong> \u2013 <strong>Y\u00fcksek g\u00fcvenlikli ortamlar<\/strong> i\u00e7in \u00f6zel konfig\u00fcrasyonlarla sunulur.<br \/>\u2705 <strong>Yang\u0131n ve Is\u0131 Direnci<\/strong> \u2013 Yang\u0131n durumunda \u0131s\u0131 ve alev ge\u00e7i\u015fini geciktirerek g\u00fcvenli\u011fi art\u0131r\u0131r.<\/p>\n<p><strong>Kullan\u0131m Alanlar\u0131:<\/strong><\/p>\n<ul>\n<li><strong>Ticari ve Konut Binalar\u0131<\/strong><\/li>\n<li><strong>Ma\u011fazalar ve Showroomlar<\/strong><\/li>\n<li><strong>Bankalar ve Finans Kurulu\u015flar\u0131<\/strong><\/li>\n<li><strong>Kamu Binalar\u0131 ve Havalimanlar\u0131<\/strong><\/li>\n<li><strong>L\u00fcks Konutlar ve Y\u00fcksek G\u00fcvenlikli Alanlar<\/strong><\/li>\n<\/ul>\n<p><strong>G\u00fcvenlik ve Emniyet Camlar\u0131m\u0131z<\/strong> en son teknolojiyle \u00fcretilmekte olup, mimari ve end\u00fcstriyel uygulamalarda <strong>\u00fcst\u00fcn dayan\u0131kl\u0131l\u0131k, koruma ve uzun \u00f6m\u00fcr<\/strong> sa\u011flar.<\/p>\n\t\t\t\t\t\t\t\t<\/div>\n\t\t\t\t<\/div>\n\t\t\t\t<div class=\"elementor-element elementor-element-3399396c elementor-widget elementor-widget-heading\" data-id=\"3399396c\" data-element_type=\"widget\" data-e-type=\"widget\" data-widget_type=\"heading.default\">\n\t\t\t\t<div class=\"elementor-widget-container\">\n\t\t\t\t\t<h2 class=\"elementor-heading-title elementor-size-default\">AVANTAJLAR<\/h2>\t\t\t\t<\/div>\n\t\t\t\t<\/div>\n\t\t\t\t<div class=\"elementor-element elementor-element-758b11b6 elementor-position-left elementor-vertical-align-middle elementor-widget elementor-widget-image-box\" data-id=\"758b11b6\" data-element_type=\"widget\" data-e-type=\"widget\" data-widget_type=\"image-box.default\">\n\t\t\t\t<div class=\"elementor-widget-container\">\n\t\t\t\t\t<div class=\"elementor-image-box-wrapper\"><figure class=\"elementor-image-box-img\"><img fetchpriority=\"high\" decoding=\"async\" width=\"1080\" height=\"1080\" src=\"https:\/\/tgrupcam.com\/wp-content\/uploads\/2025\/04\/safety-security-1.jpg\" class=\"attachment-full size-full wp-image-1893\" alt=\"\" srcset=\"https:\/\/tgrupcam.com\/wp-content\/uploads\/2025\/04\/safety-security-1.jpg 1080w, https:\/\/tgrupcam.com\/wp-content\/uploads\/2025\/04\/safety-security-1-300x300.jpg 300w, https:\/\/tgrupcam.com\/wp-content\/uploads\/2025\/04\/safety-security-1-1024x1024.jpg 1024w, https:\/\/tgrupcam.com\/wp-content\/uploads\/2025\/04\/safety-security-1-150x150.jpg 150w, https:\/\/tgrupcam.com\/wp-content\/uploads\/2025\/04\/safety-security-1-768x768.jpg 768w, https:\/\/tgrupcam.com\/wp-content\/uploads\/2025\/04\/safety-security-1-650x650.jpg 650w\" sizes=\"(max-width: 1080px) 100vw, 1080px\" \/><\/figure><div class=\"elementor-image-box-content\"><h3 class=\"elementor-image-box-title\">K\u0131r\u0131lma Giri\u015fimlerine Kar\u015f\u0131 Ge\u00e7ici Koruma<\/h3><p class=\"elementor-image-box-description\">Zorla giri\u015f ve k\u0131r\u0131lma te\u015febb\u00fcslerine kar\u015f\u0131 k\u0131sa vadeli diren\u00e7 sa\u011flar.<\/p><\/div><\/div>\t\t\t\t<\/div>\n\t\t\t\t<\/div>\n\t\t\t\t<div class=\"elementor-element elementor-element-11ab5bec elementor-position-left elementor-vertical-align-middle elementor-widget elementor-widget-image-box\" data-id=\"11ab5bec\" data-element_type=\"widget\" data-e-type=\"widget\" data-widget_type=\"image-box.default\">\n\t\t\t\t<div class=\"elementor-widget-container\">\n\t\t\t\t\t<div class=\"elementor-image-box-wrapper\"><figure class=\"elementor-image-box-img\"><img decoding=\"async\" width=\"1080\" height=\"1080\" src=\"https:\/\/tgrupcam.com\/wp-content\/uploads\/2025\/04\/safety-security-2.jpg\" class=\"attachment-full size-full wp-image-1904\" alt=\"\" srcset=\"https:\/\/tgrupcam.com\/wp-content\/uploads\/2025\/04\/safety-security-2.jpg 1080w, https:\/\/tgrupcam.com\/wp-content\/uploads\/2025\/04\/safety-security-2-300x300.jpg 300w, https:\/\/tgrupcam.com\/wp-content\/uploads\/2025\/04\/safety-security-2-1024x1024.jpg 1024w, https:\/\/tgrupcam.com\/wp-content\/uploads\/2025\/04\/safety-security-2-150x150.jpg 150w, https:\/\/tgrupcam.com\/wp-content\/uploads\/2025\/04\/safety-security-2-768x768.jpg 768w, https:\/\/tgrupcam.com\/wp-content\/uploads\/2025\/04\/safety-security-2-650x650.jpg 650w\" sizes=\"(max-width: 1080px) 100vw, 1080px\" \/><\/figure><div class=\"elementor-image-box-content\"><h3 class=\"elementor-image-box-title\">K\u0131r\u0131lan Camlardan Kaynaklanan Yaralanmalara Kar\u015f\u0131 Koruma<\/h3><p class=\"elementor-image-box-description\">Darbe an\u0131nda cam\u0131n par\u00e7alan\u0131p da\u011f\u0131lmas\u0131n\u0131 engelleyerek yaralanmalar\u0131 \u00f6nler.<\/p><\/div><\/div>\t\t\t\t<\/div>\n\t\t\t\t<\/div>\n\t\t\t\t<div class=\"elementor-element elementor-element-1920f0fa elementor-position-left elementor-vertical-align-middle elementor-widget elementor-widget-image-box\" data-id=\"1920f0fa\" data-element_type=\"widget\" data-e-type=\"widget\" data-widget_type=\"image-box.default\">\n\t\t\t\t<div class=\"elementor-widget-container\">\n\t\t\t\t\t<div class=\"elementor-image-box-wrapper\"><figure class=\"elementor-image-box-img\"><img decoding=\"async\" width=\"1080\" height=\"1080\" src=\"https:\/\/tgrupcam.com\/wp-content\/uploads\/2025\/04\/safety-security-3.jpg\" class=\"attachment-full size-full wp-image-1915\" alt=\"\" srcset=\"https:\/\/tgrupcam.com\/wp-content\/uploads\/2025\/04\/safety-security-3.jpg 1080w, https:\/\/tgrupcam.com\/wp-content\/uploads\/2025\/04\/safety-security-3-300x300.jpg 300w, https:\/\/tgrupcam.com\/wp-content\/uploads\/2025\/04\/safety-security-3-1024x1024.jpg 1024w, https:\/\/tgrupcam.com\/wp-content\/uploads\/2025\/04\/safety-security-3-150x150.jpg 150w, https:\/\/tgrupcam.com\/wp-content\/uploads\/2025\/04\/safety-security-3-768x768.jpg 768w, https:\/\/tgrupcam.com\/wp-content\/uploads\/2025\/04\/safety-security-3-650x650.jpg 650w\" sizes=\"(max-width: 1080px) 100vw, 1080px\" \/><\/figure><div class=\"elementor-image-box-content\"><h3 class=\"elementor-image-box-title\">\u00c7atlama Riskinin Azalt\u0131lmas\u0131<\/h3><p class=\"elementor-image-box-description\">\u00c7atlama riskini en aza indirir, uzun \u00f6m\u00fcr ve g\u00fcvenlik sa\u011flar.<\/p><\/div><\/div>\t\t\t\t<\/div>\n\t\t\t\t<\/div>\n\t\t\t\t\t<\/div>\n\t\t\t\t<\/div>\n\t\t<div class=\"elementor-element elementor-element-54c57c0 e-flex e-con-boxed e-con e-parent\" data-id=\"54c57c0\" data-element_type=\"container\" data-e-type=\"container\" data-settings=\"{&quot;background_background&quot;:&quot;classic&quot;,&quot;background_motion_fx_motion_fx_scrolling&quot;:&quot;yes&quot;,&quot;background_motion_fx_translateY_effect&quot;:&quot;yes&quot;,&quot;background_motion_fx_translateY_speed&quot;:{&quot;unit&quot;:&quot;px&quot;,&quot;size&quot;:4,&quot;sizes&quot;:[]},&quot;background_motion_fx_translateY_affectedRange&quot;:{&quot;unit&quot;:&quot;%&quot;,&quot;size&quot;:&quot;&quot;,&quot;sizes&quot;:{&quot;start&quot;:0,&quot;end&quot;:100}},&quot;background_motion_fx_devices&quot;:[&quot;desktop&quot;,&quot;tablet&quot;,&quot;mobile&quot;]}\">\n\t\t\t\t\t<div class=\"e-con-inner\">\n\t\t\t\t\t<\/div>\n\t\t\t\t<\/div>\n\t\t<div class=\"elementor-element elementor-element-1eaed3f0 e-flex e-con-boxed e-con e-parent\" data-id=\"1eaed3f0\" data-element_type=\"container\" data-e-type=\"container\">\n\t\t\t\t\t<div class=\"e-con-inner\">\n\t\t\t\t<div class=\"elementor-element elementor-element-1d4963c elementor-widget elementor-widget-heading\" data-id=\"1d4963c\" data-element_type=\"widget\" data-e-type=\"widget\" data-widget_type=\"heading.default\">\n\t\t\t\t<div class=\"elementor-widget-container\">\n\t\t\t\t\t<h2 class=\"elementor-heading-title elementor-size-default\">NE SUNUYORUZ<\/h2>\t\t\t\t<\/div>\n\t\t\t\t<\/div>\n\t\t\t\t<div class=\"elementor-element elementor-element-3a69523b elementor-widget elementor-widget-text-editor\" data-id=\"3a69523b\" data-element_type=\"widget\" data-e-type=\"widget\" data-widget_type=\"text-editor.default\">\n\t\t\t\t<div class=\"elementor-widget-container\">\n\t\t\t\t\t\t\t\t\t<div class=\"av-special-heading av-hw04q6v-fb180a63cc7c2eb75c4bab16d5a09ad6 av-special-heading-h3 blockquote modern-quote avia-builder-el-15 el_after_av_heading el_before_av_textblock \">\n<h3 class=\"av-special-heading-tag \">G\u00fcvenlik ve Emniyet Cam\u0131 ile \u00dcretilmi\u015f \u00c7ift Cam \u00dcniteleri<\/h3>\n<\/div>\n<section class=\"av_textblock_section av-hcr6b7b-5e77a793c1746bca6dd663218f5b43ae \">\n<div class=\"avia_textblock\">\n<div class=\"mobiletable\">\n<table class=\"table-td-padding td\">\n<tbody>\n<tr>\n<td><strong>Cam \u00dcnitesi T\u00fcr\u00fc<br \/>T [mm]<\/strong><\/td>\n<td><strong>I\u015f\u0131k Ge\u00e7irgenli\u011fi<br \/>LT [%]<\/strong><\/td>\n<td><strong>I\u015f\u0131k Yans\u0131tma<br \/>LR [%]<\/strong><\/td>\n<td><strong>Toplam Enerji Ge\u00e7irimi<br \/>g [%]<\/strong><\/td>\n<td><strong>Is\u0131 Ge\u00e7i\u015f Katsay\u0131s\u0131<br \/>U<sub>g<br \/><\/sub>[W\/m<sup>\u00b2<\/sup>K]<\/strong><\/td>\n<td><strong>UV Ge\u00e7irimi [%] <\/strong><\/td>\n<td><strong>G\u00fcvenlik S\u0131n\u0131f\u0131<br \/>EN 356<br \/><\/strong><\/td>\n<td><strong>Emniyet S\u0131n\u0131f\u0131<br \/>EN 12600<\/strong><\/td>\n<\/tr>\n<tr>\n<td>33.1\/16Ar\/4T<\/td>\n<td>78<\/td>\n<td>12<\/td>\n<td>59<\/td>\n<td>1,1<\/td>\n<td>7,7<\/td>\n<td>\u2013<\/td>\n<td>2\/B\/2<\/td>\n<\/tr>\n<tr>\n<td>33.1\/16Ar\/33.1T<\/td>\n<td>78<\/td>\n<td>12<\/td>\n<td>59<\/td>\n<td>1,1<\/td>\n<td>3,4<\/td>\n<td>\u2013<\/td>\n<td>2\/B\/2<\/td>\n<\/tr>\n<tr>\n<td>44.2\/16Ar\/4T<\/td>\n<td>78<\/td>\n<td>12<\/td>\n<td>58<\/td>\n<td>1,1<\/td>\n<td>2,4<\/td>\n<td>P2A<\/td>\n<td>1\/B\/1<\/td>\n<\/tr>\n<tr>\n<td>44.2\/16Ar\/6T<\/td>\n<td>78<\/td>\n<td>12<\/td>\n<td>58<\/td>\n<td>1,1<\/td>\n<td>2,3<\/td>\n<td>P2A<\/td>\n<td>1\/B\/1<\/td>\n<\/tr>\n<tr>\n<td>44.2\/16Ar\/44.2T<\/td>\n<td>78<\/td>\n<td>12<\/td>\n<td>58<\/td>\n<td>1,1<\/td>\n<td>0,5<\/td>\n<td>P2A<\/td>\n<td>1\/B\/1<\/td>\n<\/tr>\n<tr>\n<td>44.4\/16Ar\/4T<\/td>\n<td>78<\/td>\n<td>12<\/td>\n<td>56<\/td>\n<td>1,1<\/td>\n<td>0,0<\/td>\n<td>P4A<\/td>\n<td>1\/B\/1<\/td>\n<\/tr>\n<tr>\n<td>44.4\/16Ar\/6T<\/td>\n<td>78<\/td>\n<td>12<\/td>\n<td>56<\/td>\n<td>1,1<\/td>\n<td>0,0<\/td>\n<td>P4A<\/td>\n<td>1\/B\/1<\/td>\n<\/tr>\n<tr>\n<td>44.4\/16Ar\/44.4T<\/td>\n<td>78<\/td>\n<td>12<\/td>\n<td>56<\/td>\n<td>1,1<\/td>\n<td>0,0<\/td>\n<td>P4A<\/td>\n<td>1\/B\/1<\/td>\n<\/tr>\n<\/tbody>\n<\/table>\n<\/div>\n<p>T \u2013 Termofloat<\/p>\n<\/div>\n<\/section>\n\t\t\t\t\t\t\t\t<\/div>\n\t\t\t\t<\/div>\n\t\t\t\t\t<\/div>\n\t\t\t\t<\/div>\n\t\t<div class=\"elementor-element elementor-element-5c6f3dc4 e-flex e-con-boxed e-con e-parent\" data-id=\"5c6f3dc4\" data-element_type=\"container\" data-e-type=\"container\" data-settings=\"{&quot;background_background&quot;:&quot;classic&quot;,&quot;background_motion_fx_motion_fx_scrolling&quot;:&quot;yes&quot;,&quot;background_motion_fx_translateY_effect&quot;:&quot;yes&quot;,&quot;background_motion_fx_translateY_speed&quot;:{&quot;unit&quot;:&quot;px&quot;,&quot;size&quot;:4,&quot;sizes&quot;:[]},&quot;background_motion_fx_translateY_affectedRange&quot;:{&quot;unit&quot;:&quot;%&quot;,&quot;size&quot;:&quot;&quot;,&quot;sizes&quot;:{&quot;start&quot;:0,&quot;end&quot;:100}},&quot;background_motion_fx_devices&quot;:[&quot;desktop&quot;,&quot;tablet&quot;,&quot;mobile&quot;]}\">\n\t\t\t\t\t<div class=\"e-con-inner\">\n\t\t\t\t<div class=\"elementor-element elementor-element-3740cab5 elementor-widget elementor-widget-heading\" data-id=\"3740cab5\" data-element_type=\"widget\" data-e-type=\"widget\" data-widget_type=\"heading.default\">\n\t\t\t\t<div class=\"elementor-widget-container\">\n\t\t\t\t\t<h2 class=\"elementor-heading-title elementor-size-default\">\u00dcretim s\u00fcre\u00e7lerimizi s\u00fcrekli olarak geli\u015ftiriyor ve \u00e7evre \u00fczerindeki olumsuz etkileri azaltmak ad\u0131na al\u0131\u015fkanl\u0131klar\u0131m\u0131z\u0131 de\u011fi\u015ftiriyoruz.<\/h2>\t\t\t\t<\/div>\n\t\t\t\t<\/div>\n\t\t\t\t<div class=\"elementor-element elementor-element-6fe00010 elementor-widget elementor-widget-text-editor\" data-id=\"6fe00010\" data-element_type=\"widget\" data-e-type=\"widget\" data-widget_type=\"text-editor.default\">\n\t\t\t\t<div class=\"elementor-widget-container\">\n\t\t\t\t\t\t\t\t\t<p>Bu d\u00f6n\u00fc\u015f\u00fcm\u00fc kolayla\u015ft\u0131rmak ad\u0131na, \u00e7evre korumas\u0131na y\u00f6nelik k\u00fcresel y\u00f6netim sistemi olan ISO 14001 standard\u0131n\u0131 uygulamaya ald\u0131k.<\/p>\n\t\t\t\t\t\t\t\t<\/div>\n\t\t\t\t<\/div>\n\t\t\t\t<div class=\"elementor-element elementor-element-6f817977 elementor-align-center elementor-widget elementor-widget-button\" data-id=\"6f817977\" data-element_type=\"widget\" data-e-type=\"widget\" data-widget_type=\"button.default\">\n\t\t\t\t<div class=\"elementor-widget-container\">\n\t\t\t\t\t\t\t\t\t<div class=\"elementor-button-wrapper\">\n\t\t\t\t\t<a class=\"elementor-button elementor-button-link elementor-size-sm\" href=\"https:\/\/tgrupcam.com\/index.php\/iletisim\/?lang=tr\">\n\t\t\t\t\t\t<span class=\"elementor-button-content-wrapper\">\n\t\t\t\t\t\t\t\t\t<span class=\"elementor-button-text\">\u0130leti\u015fime Ge\u00e7in<\/span>\n\t\t\t\t\t<\/span>\n\t\t\t\t\t<\/a>\n\t\t\t\t<\/div>\n\t\t\t\t\t\t\t\t<\/div>\n\t\t\t\t<\/div>\n\t\t\t\t\t<\/div>\n\t\t\t\t<\/div>\n\t\t\t\t<\/div>\n\t\t","protected":false},"excerpt":{"rendered":"<p>G\u00dcVENL\u0130K VE EMN\u0130YET CAMI G\u00dcVENL\u0130K VE EMN\u0130YET CAMI HAKKINDA T Grup Cam olarak, maksimum koruma sa\u011flarken optik netli\u011fi ve estetik g\u00f6r\u00fcn\u00fcm\u00fc koruyan y\u00fcksek performansl\u0131 G\u00fcvenlik ve Emniyet Cam\u0131 \u00e7\u00f6z\u00fcmleri sunuyoruz. Geli\u015fmi\u015f cam teknolojimiz, darbelere, k\u0131r\u0131lmaya ve d\u0131\u015f tehditlere kar\u015f\u0131 g\u00fcvenlik, dayan\u0131kl\u0131l\u0131k ve diren\u00e7 sa\u011flar. Avantajlar: \u2705 Darbe Direnci \u2013 Kuvvetli darbelere dayanacak \u015fekilde tasarlanm\u0131\u015ft\u0131r, k\u0131r\u0131lma [&hellip;]<\/p>\n","protected":false},"author":1,"featured_media":0,"parent":3012,"menu_order":0,"comment_status":"closed","ping_status":"closed","template":"elementor_header_footer","meta":{"footnotes":""},"class_list":["post-2825","page","type-page","status-publish","hentry"],"_links":{"self":[{"href":"https:\/\/tgrupcam.com\/index.php\/wp-json\/wp\/v2\/pages\/2825","targetHints":{"allow":["GET"]}}],"collection":[{"href":"https:\/\/tgrupcam.com\/index.php\/wp-json\/wp\/v2\/pages"}],"about":[{"href":"https:\/\/tgrupcam.com\/index.php\/wp-json\/wp\/v2\/types\/page"}],"author":[{"embeddable":true,"href":"https:\/\/tgrupcam.com\/index.php\/wp-json\/wp\/v2\/users\/1"}],"replies":[{"embeddable":true,"href":"https:\/\/tgrupcam.com\/index.php\/wp-json\/wp\/v2\/comments?post=2825"}],"version-history":[{"count":0,"href":"https:\/\/tgrupcam.com\/index.php\/wp-json\/wp\/v2\/pages\/2825\/revisions"}],"up":[{"embeddable":true,"href":"https:\/\/tgrupcam.com\/index.php\/wp-json\/wp\/v2\/pages\/3012"}],"wp:attachment":[{"href":"https:\/\/tgrupcam.com\/index.php\/wp-json\/wp\/v2\/media?parent=2825"}],"curies":[{"name":"wp","href":"https:\/\/api.w.org\/{rel}","templated":true}]}}