{"id":2832,"date":"2025-02-05T10:47:46","date_gmt":"2025-02-05T07:47:46","guid":{"rendered":"https:\/\/tgrupcam.com\/index.php\/pazar-teklifi\/tek-cam\/"},"modified":"2025-05-19T17:55:35","modified_gmt":"2025-05-19T14:55:35","slug":"tek-cam","status":"publish","type":"page","link":"https:\/\/tgrupcam.com\/index.php\/pazar-teklifi\/tek-cam\/?lang=tr","title":{"rendered":"Tek cam"},"content":{"rendered":"\t\t<div data-elementor-type=\"wp-page\" data-elementor-id=\"2832\" class=\"elementor elementor-2832 elementor-21\" data-elementor-post-type=\"page\">\n\t\t\t\t<div class=\"elementor-element elementor-element-2917278c e-con-full e-flex e-con e-parent\" data-id=\"2917278c\" data-element_type=\"container\" data-e-type=\"container\" data-settings=\"{&quot;background_background&quot;:&quot;classic&quot;,&quot;shape_divider_bottom&quot;:&quot;opacity-fan&quot;}\">\n\t\t\t\t<div class=\"elementor-shape elementor-shape-bottom\" aria-hidden=\"true\" data-negative=\"false\">\n\t\t\t<svg xmlns=\"http:\/\/www.w3.org\/2000\/svg\" viewBox=\"0 0 283.5 19.6\" preserveAspectRatio=\"none\">\n\t<path class=\"elementor-shape-fill\" style=\"opacity:0.33\" d=\"M0 0L0 18.8 141.8 4.1 283.5 18.8 283.5 0z\"\/>\n\t<path class=\"elementor-shape-fill\" style=\"opacity:0.33\" d=\"M0 0L0 12.6 141.8 4 283.5 12.6 283.5 0z\"\/>\n\t<path class=\"elementor-shape-fill\" style=\"opacity:0.33\" d=\"M0 0L0 6.4 141.8 4 283.5 6.4 283.5 0z\"\/>\n\t<path class=\"elementor-shape-fill\" d=\"M0 0L0 1.2 141.8 4 283.5 1.2 283.5 0z\"\/>\n<\/svg>\t\t<\/div>\n\t\t\t\t<div class=\"elementor-element elementor-element-2103e8e1 elementor-widget elementor-widget-heading\" data-id=\"2103e8e1\" data-element_type=\"widget\" data-e-type=\"widget\" data-widget_type=\"heading.default\">\n\t\t\t\t<div class=\"elementor-widget-container\">\n\t\t\t\t\t<h2 class=\"elementor-heading-title elementor-size-default\">TEK CAM<\/h2>\t\t\t\t<\/div>\n\t\t\t\t<\/div>\n\t\t\t\t<\/div>\n\t\t<div class=\"elementor-element elementor-element-36332671 e-flex e-con-boxed e-con e-parent\" data-id=\"36332671\" data-element_type=\"container\" data-e-type=\"container\">\n\t\t\t\t\t<div class=\"e-con-inner\">\n\t\t\t\t<div class=\"elementor-element elementor-element-52e82087 elementor-widget elementor-widget-heading\" data-id=\"52e82087\" data-element_type=\"widget\" data-e-type=\"widget\" data-widget_type=\"heading.default\">\n\t\t\t\t<div class=\"elementor-widget-container\">\n\t\t\t\t\t<h2 class=\"elementor-heading-title elementor-size-default\">TEK CAM HAKKINDA<\/h2>\t\t\t\t<\/div>\n\t\t\t\t<\/div>\n\t\t\t\t<div class=\"elementor-element elementor-element-45aab914 elementor-widget elementor-widget-text-editor\" data-id=\"45aab914\" data-element_type=\"widget\" data-e-type=\"widget\" data-widget_type=\"text-editor.default\">\n\t\t\t\t<div class=\"elementor-widget-container\">\n\t\t\t\t\t\t\t\t\t<p><strong>T Grup Cam<\/strong> olarak, geni\u015f bir yelpazeye yay\u0131lan <strong>mimari, end\u00fcstriyel ve dekoratif uygulamalar <\/strong>i\u00e7in y<strong>\u00fcksek kaliteli tek cam \u00e7\u00f6z\u00fcmleri <\/strong>sunmaktay\u0131z. <strong>Tek katmanl\u0131 camlar\u0131m\u0131z<\/strong>, farkl\u0131 <strong>kal\u0131nl\u0131k, y\u00fczey ve kaplama<\/strong> se\u00e7enekleriyle sunularak tasar\u0131mda ve i\u015flevsellikte esneklik sa\u011flamaktad\u0131r. <\/p><p><strong>Avantajlar:<\/strong><\/p><p>\u2705 <strong>\u00c7ok Y\u00f6nl\u00fc Kullan\u0131m Alanlar\u0131<\/strong> \u2013<strong> Pencereler, kap\u0131lar, b\u00f6lmeler ve mobilyalar i\u00e7in uygundur.<\/strong><br>\u2705 <strong>\u00d6zelle\u015ftirilebilir Se\u00e7enekler<\/strong> \u2013 <strong>\u015eeffaf, renkli, buzlu ve kaplamal\u0131 \u00e7e\u015fitleri mevcuttur.<\/strong><br>\u2705 <strong>Y\u00fcksek Optik Netlik <\/strong>\u2013 <strong>Maksimum \u015feffafl\u0131k ve \u0131\u015f\u0131k ge\u00e7irgenli\u011fi sa\u011flar.<\/strong><br>\u2705<strong> \u0130lave \u0130\u015flemlerle Uyumlu<\/strong> \u2013 <strong>Daha y\u00fcksek performans i\u00e7in temperlenebilir, lamine edilebilir veya dijital bask\u0131 yap\u0131labilir.<\/strong><br>\u2705 <strong>Maliyet Etkin \u00c7\u00f6z\u00fcm<\/strong> \u2013 <strong>Hem i\u015flevsel hem de ekonomik cam \u00e7\u00f6z\u00fcmleri arayan projeler i\u00e7in idealdir.<\/strong><\/p><p><strong>Uygulama Alanlar\u0131:<\/strong><\/p><ul><li><strong>Konut ve Ticari Alan Pencereleri<\/strong><\/li><li><strong>\u0130\u00e7 Mek\u00e2n B\u00f6lmeleri ve Ofis Alanlar\u0131<\/strong><\/li><li><strong>Vitrinler ve Sergi Dolaplar\u0131<\/strong><\/li><li><strong>Aynalar ve Dekoratif Paneller<\/strong><\/li><li><strong>Mobilyalar ve Raf Sistemleri<\/strong><\/li><\/ul><p>Tek <strong>cam \u00fcr\u00fcnlerimiz<\/strong>,<strong> belirli proje gereksinimlerini <\/strong>kar\u015f\u0131layacak \u015fekilde ileri i\u015flemden ge\u00e7irilebilir; b\u00f6ylece d<strong>ayan\u0131kl\u0131l\u0131k, g\u00fcvenlik ve enerji verimlili\u011fi <\/strong>sa\u011flan\u0131r.<\/p>\t\t\t\t\t\t\t\t<\/div>\n\t\t\t\t<\/div>\n\t\t\t\t\t<\/div>\n\t\t\t\t<\/div>\n\t\t<div class=\"elementor-element elementor-element-7fb56903 e-flex e-con-boxed e-con e-parent\" data-id=\"7fb56903\" data-element_type=\"container\" data-e-type=\"container\" data-settings=\"{&quot;background_background&quot;:&quot;classic&quot;,&quot;background_motion_fx_motion_fx_scrolling&quot;:&quot;yes&quot;,&quot;background_motion_fx_translateY_effect&quot;:&quot;yes&quot;,&quot;background_motion_fx_translateY_speed&quot;:{&quot;unit&quot;:&quot;px&quot;,&quot;size&quot;:4,&quot;sizes&quot;:[]},&quot;background_motion_fx_translateY_affectedRange&quot;:{&quot;unit&quot;:&quot;%&quot;,&quot;size&quot;:&quot;&quot;,&quot;sizes&quot;:{&quot;start&quot;:0,&quot;end&quot;:100}},&quot;background_motion_fx_devices&quot;:[&quot;desktop&quot;,&quot;tablet&quot;,&quot;mobile&quot;]}\">\n\t\t\t\t\t<div class=\"e-con-inner\">\n\t\t\t\t<div class=\"elementor-element elementor-element-231758f2 elementor-widget elementor-widget-heading\" data-id=\"231758f2\" data-element_type=\"widget\" data-e-type=\"widget\" data-widget_type=\"heading.default\">\n\t\t\t\t<div class=\"elementor-widget-container\">\n\t\t\t\t\t<h2 class=\"elementor-heading-title elementor-size-default\">\u00c7evre \u00fczerindeki olumsuz etkileri en aza indirmek amac\u0131yla \u00fcretim s\u00fcre\u00e7lerimizi s\u00fcrekli geli\u015ftiriyor ve al\u0131\u015fkanl\u0131klar\u0131m\u0131z\u0131 de\u011fi\u015ftiriyoruz.<\/h2>\t\t\t\t<\/div>\n\t\t\t\t<\/div>\n\t\t\t\t<div class=\"elementor-element elementor-element-2669d356 elementor-widget elementor-widget-text-editor\" data-id=\"2669d356\" data-element_type=\"widget\" data-e-type=\"widget\" data-widget_type=\"text-editor.default\">\n\t\t\t\t<div class=\"elementor-widget-container\">\n\t\t\t\t\t\t\t\t\t<p>Bu de\u011fi\u015fiklikleri desteklemek amac\u0131yla, k\u00fcresel \u00e7evre y\u00f6netim sistemi olan ISO 14001 standard\u0131n\u0131 benimsemi\u015f bulunmaktay\u0131z.<\/p>\t\t\t\t\t\t\t\t<\/div>\n\t\t\t\t<\/div>\n\t\t\t\t<div class=\"elementor-element elementor-element-3df90953 elementor-align-center elementor-widget elementor-widget-button\" data-id=\"3df90953\" data-element_type=\"widget\" data-e-type=\"widget\" data-widget_type=\"button.default\">\n\t\t\t\t<div class=\"elementor-widget-container\">\n\t\t\t\t\t\t\t\t\t<div class=\"elementor-button-wrapper\">\n\t\t\t\t\t<a class=\"elementor-button elementor-button-link elementor-size-sm\" href=\"https:\/\/tgrupcam.com\/index.php\/contact\/\">\n\t\t\t\t\t\t<span class=\"elementor-button-content-wrapper\">\n\t\t\t\t\t\t\t\t\t<span class=\"elementor-button-text\">Bize Ula\u015f\u0131n<\/span>\n\t\t\t\t\t<\/span>\n\t\t\t\t\t<\/a>\n\t\t\t\t<\/div>\n\t\t\t\t\t\t\t\t<\/div>\n\t\t\t\t<\/div>\n\t\t\t\t\t<\/div>\n\t\t\t\t<\/div>\n\t\t\t\t<\/div>\n\t\t","protected":false},"excerpt":{"rendered":"<p>TEK CAM TEK CAM HAKKINDA T Grup Cam olarak, geni\u015f bir yelpazeye yay\u0131lan mimari, end\u00fcstriyel ve dekoratif uygulamalar i\u00e7in y\u00fcksek kaliteli tek cam \u00e7\u00f6z\u00fcmleri sunmaktay\u0131z. Tek katmanl\u0131 camlar\u0131m\u0131z, farkl\u0131 kal\u0131nl\u0131k, y\u00fczey ve kaplama se\u00e7enekleriyle sunularak tasar\u0131mda ve i\u015flevsellikte esneklik sa\u011flamaktad\u0131r. Avantajlar: \u2705 \u00c7ok Y\u00f6nl\u00fc Kullan\u0131m Alanlar\u0131 \u2013 Pencereler, kap\u0131lar, b\u00f6lmeler ve mobilyalar i\u00e7in uygundur.\u2705 \u00d6zelle\u015ftirilebilir [&hellip;]<\/p>\n","protected":false},"author":1,"featured_media":0,"parent":2830,"menu_order":0,"comment_status":"closed","ping_status":"closed","template":"elementor_header_footer","meta":{"footnotes":""},"class_list":["post-2832","page","type-page","status-publish","hentry"],"_links":{"self":[{"href":"https:\/\/tgrupcam.com\/index.php\/wp-json\/wp\/v2\/pages\/2832","targetHints":{"allow":["GET"]}}],"collection":[{"href":"https:\/\/tgrupcam.com\/index.php\/wp-json\/wp\/v2\/pages"}],"about":[{"href":"https:\/\/tgrupcam.com\/index.php\/wp-json\/wp\/v2\/types\/page"}],"author":[{"embeddable":true,"href":"https:\/\/tgrupcam.com\/index.php\/wp-json\/wp\/v2\/users\/1"}],"replies":[{"embeddable":true,"href":"https:\/\/tgrupcam.com\/index.php\/wp-json\/wp\/v2\/comments?post=2832"}],"version-history":[{"count":0,"href":"https:\/\/tgrupcam.com\/index.php\/wp-json\/wp\/v2\/pages\/2832\/revisions"}],"up":[{"embeddable":true,"href":"https:\/\/tgrupcam.com\/index.php\/wp-json\/wp\/v2\/pages\/2830"}],"wp:attachment":[{"href":"https:\/\/tgrupcam.com\/index.php\/wp-json\/wp\/v2\/media?parent=2832"}],"curies":[{"name":"wp","href":"https:\/\/api.w.org\/{rel}","templated":true}]}}