{"id":2836,"date":"2025-02-05T11:48:47","date_gmt":"2025-02-05T08:48:47","guid":{"rendered":"https:\/\/tgrupcam.com\/index.php\/dusuk-emisyonlu-cam\/"},"modified":"2025-06-03T17:44:56","modified_gmt":"2025-06-03T14:44:56","slug":"dusuk-emisyonlu-cam","status":"publish","type":"page","link":"https:\/\/tgrupcam.com\/index.php\/pazar-teklifi\/camli-uniteler\/dusuk-emisyonlu-cam\/?lang=tr","title":{"rendered":"D\u00fc\u015f\u00fck emisyonlu cam"},"content":{"rendered":"\t\t<div data-elementor-type=\"wp-page\" data-elementor-id=\"2836\" class=\"elementor elementor-2836 elementor-24\" data-elementor-post-type=\"page\">\n\t\t\t\t<div class=\"elementor-element elementor-element-c1800a5 e-con-full e-flex e-con e-parent\" data-id=\"c1800a5\" data-element_type=\"container\" data-e-type=\"container\" data-settings=\"{&quot;background_background&quot;:&quot;classic&quot;,&quot;shape_divider_bottom&quot;:&quot;opacity-fan&quot;}\">\n\t\t\t\t<div class=\"elementor-shape elementor-shape-bottom\" aria-hidden=\"true\" data-negative=\"false\">\n\t\t\t<svg xmlns=\"http:\/\/www.w3.org\/2000\/svg\" viewBox=\"0 0 283.5 19.6\" preserveAspectRatio=\"none\">\n\t<path class=\"elementor-shape-fill\" style=\"opacity:0.33\" d=\"M0 0L0 18.8 141.8 4.1 283.5 18.8 283.5 0z\"\/>\n\t<path class=\"elementor-shape-fill\" style=\"opacity:0.33\" d=\"M0 0L0 12.6 141.8 4 283.5 12.6 283.5 0z\"\/>\n\t<path class=\"elementor-shape-fill\" style=\"opacity:0.33\" d=\"M0 0L0 6.4 141.8 4 283.5 6.4 283.5 0z\"\/>\n\t<path class=\"elementor-shape-fill\" d=\"M0 0L0 1.2 141.8 4 283.5 1.2 283.5 0z\"\/>\n<\/svg>\t\t<\/div>\n\t\t\t\t<div class=\"elementor-element elementor-element-bbd4e26 elementor-widget elementor-widget-heading\" data-id=\"bbd4e26\" data-element_type=\"widget\" data-e-type=\"widget\" data-widget_type=\"heading.default\">\n\t\t\t\t<div class=\"elementor-widget-container\">\n\t\t\t\t\t<h2 class=\"elementor-heading-title elementor-size-default\">D\u00dc\u015e\u00dcK EM\u0130SYONLU CAM<\/h2>\t\t\t\t<\/div>\n\t\t\t\t<\/div>\n\t\t\t\t<\/div>\n\t\t<div class=\"elementor-element elementor-element-6b63f22 e-flex e-con-boxed e-con e-parent\" data-id=\"6b63f22\" data-element_type=\"container\" data-e-type=\"container\">\n\t\t\t\t\t<div class=\"e-con-inner\">\n\t\t\t\t<div class=\"elementor-element elementor-element-b245c7f elementor-widget elementor-widget-heading\" data-id=\"b245c7f\" data-element_type=\"widget\" data-e-type=\"widget\" data-widget_type=\"heading.default\">\n\t\t\t\t<div class=\"elementor-widget-container\">\n\t\t\t\t\t<h2 class=\"elementor-heading-title elementor-size-default\">D\u00dc\u015e\u00dcK EM\u0130SYONLU CAM HAKKINDA<\/h2>\t\t\t\t<\/div>\n\t\t\t\t<\/div>\n\t\t\t\t<div class=\"elementor-element elementor-element-95bbaf8 elementor-widget elementor-widget-text-editor\" data-id=\"95bbaf8\" data-element_type=\"widget\" data-e-type=\"widget\" data-widget_type=\"text-editor.default\">\n\t\t\t\t<div class=\"elementor-widget-container\">\n\t\t\t\t\t\t\t\t\t<p><strong>T Grup Cam\u2019\u0131<\/strong>n <strong>D\u00fc\u015f\u00fck Emisyonlu Cam\u0131<\/strong> (Low-E Cam),<strong> modern yap\u0131larda enerji verimlili\u011fini, \u0131<\/strong>s\u0131 yal\u0131t\u0131m\u0131n\u0131 ve i\u00e7 mek\u00e2n konforunu art\u0131rmak amac\u0131yla tasarlanm\u0131\u015ft\u0131r. <strong>Bu y\u00fcksek performansl\u0131 cam, mikroskobik incelikte ve \u015feffaf bir kaplamaya sahiptir;<\/strong> bu sayede \u0131s\u0131 ge\u00e7i\u015fini en aza indirirken do\u011fal \u0131\u015f\u0131\u011f\u0131n i\u00e7eri girmesine olanak tan\u0131r. <\/p>\n<p><strong>Faydalar\u0131:<\/strong><\/p>\n<p>\u2705<strong> Enerji Verimlili\u011fi<\/strong> \u2013 K\u0131\u015f\u0131n \u0131s\u0131 kayb\u0131n\u0131 azalt\u0131r, yaz\u0131n ise \u0131s\u0131 kazan\u0131m\u0131n\u0131 minimuma indirerek enerji t\u00fcketimini d\u00fc\u015f\u00fcr\u00fcr.<br \/>\u2705 <strong>Is\u0131 Yal\u0131t\u0131m\u0131<\/strong> \u2013 Sabit s\u0131cakl\u0131klar sa\u011flayarak i\u00e7 mek\u00e2n konforunu art\u0131r\u0131r.<br \/>\u2705 <strong>UV Korumas\u0131<\/strong> \u2013 Zararl\u0131 UV \u0131\u015f\u0131nlar\u0131n\u0131 engelleyerek mobilyalar\u0131n ve i\u00e7 mek\u00e2nlar\u0131n solmas\u0131n\u0131 \u00f6nlemeye yard\u0131mc\u0131 olur.<br \/>\u2705 <strong>Optik Netlik<\/strong> \u2013 G\u00f6r\u00fc\u015f kalitesinden \u00f6d\u00fcn vermeden y\u00fcksek \u0131\u015f\u0131k ge\u00e7irgenli\u011fini korur.<br \/>\u2705 <strong>\u00c7evre Dostu \u00c7\u00f6z\u00fcm<\/strong> \u2013 Karbon ayak izini azaltarak s\u00fcrd\u00fcr\u00fclebilir yap\u0131 uygulamalar\u0131na katk\u0131 sa\u011flar.<\/p>\n\t\t\t\t\t\t\t\t<\/div>\n\t\t\t\t<\/div>\n\t\t\t\t<div class=\"elementor-element elementor-element-9e1ab63 elementor-widget elementor-widget-heading\" data-id=\"9e1ab63\" data-element_type=\"widget\" data-e-type=\"widget\" data-widget_type=\"heading.default\">\n\t\t\t\t<div class=\"elementor-widget-container\">\n\t\t\t\t\t<h2 class=\"elementor-heading-title elementor-size-default\">AVANTAJLARI<\/h2>\t\t\t\t<\/div>\n\t\t\t\t<\/div>\n\t\t\t\t<div class=\"elementor-element elementor-element-1a367bf elementor-position-left elementor-vertical-align-middle elementor-widget elementor-widget-image-box\" data-id=\"1a367bf\" data-element_type=\"widget\" data-e-type=\"widget\" data-widget_type=\"image-box.default\">\n\t\t\t\t<div class=\"elementor-widget-container\">\n\t\t\t\t\t<div class=\"elementor-image-box-wrapper\"><figure class=\"elementor-image-box-img\"><img fetchpriority=\"high\" decoding=\"async\" width=\"1080\" height=\"1080\" src=\"https:\/\/tgrupcam.com\/wp-content\/uploads\/2025\/04\/low-emission-glass-1.jpg\" class=\"attachment-full size-full wp-image-1860\" alt=\"\" srcset=\"https:\/\/tgrupcam.com\/wp-content\/uploads\/2025\/04\/low-emission-glass-1.jpg 1080w, https:\/\/tgrupcam.com\/wp-content\/uploads\/2025\/04\/low-emission-glass-1-300x300.jpg 300w, https:\/\/tgrupcam.com\/wp-content\/uploads\/2025\/04\/low-emission-glass-1-1024x1024.jpg 1024w, https:\/\/tgrupcam.com\/wp-content\/uploads\/2025\/04\/low-emission-glass-1-150x150.jpg 150w, https:\/\/tgrupcam.com\/wp-content\/uploads\/2025\/04\/low-emission-glass-1-768x768.jpg 768w, https:\/\/tgrupcam.com\/wp-content\/uploads\/2025\/04\/low-emission-glass-1-650x650.jpg 650w\" sizes=\"(max-width: 1080px) 100vw, 1080px\" \/><\/figure><div class=\"elementor-image-box-content\"><h3 class=\"elementor-image-box-title\">Mek\u00e2nlarda optimum s\u0131cakl\u0131k<\/h3><p class=\"elementor-image-box-description\">Daha y\u00fcksek konfor ve enerji verimlili\u011fi i\u00e7in i\u00e7 mek\u00e2nda ideal s\u0131cakl\u0131k sa\u011flar.<\/p><\/div><\/div>\t\t\t\t<\/div>\n\t\t\t\t<\/div>\n\t\t\t\t<div class=\"elementor-element elementor-element-0d52518 elementor-position-left elementor-vertical-align-middle elementor-widget elementor-widget-image-box\" data-id=\"0d52518\" data-element_type=\"widget\" data-e-type=\"widget\" data-widget_type=\"image-box.default\">\n\t\t\t\t<div class=\"elementor-widget-container\">\n\t\t\t\t\t<div class=\"elementor-image-box-wrapper\"><figure class=\"elementor-image-box-img\"><img decoding=\"async\" width=\"1080\" height=\"1080\" src=\"https:\/\/tgrupcam.com\/wp-content\/uploads\/2025\/04\/low-emission-glass-2.jpg\" class=\"attachment-full size-full wp-image-1871\" alt=\"\" srcset=\"https:\/\/tgrupcam.com\/wp-content\/uploads\/2025\/04\/low-emission-glass-2.jpg 1080w, https:\/\/tgrupcam.com\/wp-content\/uploads\/2025\/04\/low-emission-glass-2-300x300.jpg 300w, https:\/\/tgrupcam.com\/wp-content\/uploads\/2025\/04\/low-emission-glass-2-1024x1024.jpg 1024w, https:\/\/tgrupcam.com\/wp-content\/uploads\/2025\/04\/low-emission-glass-2-150x150.jpg 150w, https:\/\/tgrupcam.com\/wp-content\/uploads\/2025\/04\/low-emission-glass-2-768x768.jpg 768w, https:\/\/tgrupcam.com\/wp-content\/uploads\/2025\/04\/low-emission-glass-2-650x650.jpg 650w\" sizes=\"(max-width: 1080px) 100vw, 1080px\" \/><\/figure><div class=\"elementor-image-box-content\"><h3 class=\"elementor-image-box-title\">Y\u00fcksek seviyede \u0131\u015f\u0131k ge\u00e7irgenli\u011fi<\/h3><p class=\"elementor-image-box-description\">Netlikten ve verimlilikten \u00f6d\u00fcn vermeden maksimum do\u011fal \u0131\u015f\u0131k sa\u011flar.<\/p><\/div><\/div>\t\t\t\t<\/div>\n\t\t\t\t<\/div>\n\t\t\t\t<div class=\"elementor-element elementor-element-2cd45d9 elementor-position-left elementor-vertical-align-middle elementor-widget elementor-widget-image-box\" data-id=\"2cd45d9\" data-element_type=\"widget\" data-e-type=\"widget\" data-widget_type=\"image-box.default\">\n\t\t\t\t<div class=\"elementor-widget-container\">\n\t\t\t\t\t<div class=\"elementor-image-box-wrapper\"><figure class=\"elementor-image-box-img\"><img decoding=\"async\" width=\"1080\" height=\"1080\" src=\"https:\/\/tgrupcam.com\/wp-content\/uploads\/2025\/04\/low-emission-glass-3.jpg\" class=\"attachment-full size-full wp-image-1882\" alt=\"\" srcset=\"https:\/\/tgrupcam.com\/wp-content\/uploads\/2025\/04\/low-emission-glass-3.jpg 1080w, https:\/\/tgrupcam.com\/wp-content\/uploads\/2025\/04\/low-emission-glass-3-300x300.jpg 300w, https:\/\/tgrupcam.com\/wp-content\/uploads\/2025\/04\/low-emission-glass-3-1024x1024.jpg 1024w, https:\/\/tgrupcam.com\/wp-content\/uploads\/2025\/04\/low-emission-glass-3-150x150.jpg 150w, https:\/\/tgrupcam.com\/wp-content\/uploads\/2025\/04\/low-emission-glass-3-768x768.jpg 768w, https:\/\/tgrupcam.com\/wp-content\/uploads\/2025\/04\/low-emission-glass-3-650x650.jpg 650w\" sizes=\"(max-width: 1080px) 100vw, 1080px\" \/><\/figure><div class=\"elementor-image-box-content\"><h3 class=\"elementor-image-box-title\">Is\u0131tma maliyetlerini d\u00fc\u015f\u00fcr\u00fcr<\/h3><p class=\"elementor-image-box-description\">Is\u0131 kayb\u0131n\u0131 azaltarak enerji t\u00fcketimini ve \u0131s\u0131tma giderlerini d\u00fc\u015f\u00fcr\u00fcr.<\/p><\/div><\/div>\t\t\t\t<\/div>\n\t\t\t\t<\/div>\n\t\t\t\t\t<\/div>\n\t\t\t\t<\/div>\n\t\t<div class=\"elementor-element elementor-element-20f3f51 e-flex e-con-boxed e-con e-parent\" data-id=\"20f3f51\" data-element_type=\"container\" data-e-type=\"container\" data-settings=\"{&quot;background_background&quot;:&quot;classic&quot;,&quot;background_motion_fx_motion_fx_scrolling&quot;:&quot;yes&quot;,&quot;background_motion_fx_translateY_effect&quot;:&quot;yes&quot;,&quot;background_motion_fx_translateY_speed&quot;:{&quot;unit&quot;:&quot;px&quot;,&quot;size&quot;:4,&quot;sizes&quot;:[]},&quot;background_motion_fx_translateY_affectedRange&quot;:{&quot;unit&quot;:&quot;%&quot;,&quot;size&quot;:&quot;&quot;,&quot;sizes&quot;:{&quot;start&quot;:0,&quot;end&quot;:100}},&quot;background_motion_fx_devices&quot;:[&quot;desktop&quot;,&quot;tablet&quot;,&quot;mobile&quot;]}\">\n\t\t\t\t\t<div class=\"e-con-inner\">\n\t\t\t\t\t<\/div>\n\t\t\t\t<\/div>\n\t\t<div class=\"elementor-element elementor-element-03f8b6e e-flex e-con-boxed e-con e-parent\" data-id=\"03f8b6e\" data-element_type=\"container\" data-e-type=\"container\">\n\t\t\t\t\t<div class=\"e-con-inner\">\n\t\t<div class=\"elementor-element elementor-element-9ff8d85 e-con-full e-flex e-con e-child\" data-id=\"9ff8d85\" data-element_type=\"container\" data-e-type=\"container\">\n\t\t\t\t<div class=\"elementor-element elementor-element-8d346b3 elementor-widget elementor-widget-heading\" data-id=\"8d346b3\" data-element_type=\"widget\" data-e-type=\"widget\" data-widget_type=\"heading.default\">\n\t\t\t\t<div class=\"elementor-widget-container\">\n\t\t\t\t\t<h2 class=\"elementor-heading-title elementor-size-default\">K\u0131\u015f Aylar\u0131nda<\/h2>\t\t\t\t<\/div>\n\t\t\t\t<\/div>\n\t\t\t\t<div class=\"elementor-element elementor-element-7c978cc elementor-widget elementor-widget-text-editor\" data-id=\"7c978cc\" data-element_type=\"widget\" data-e-type=\"widget\" data-widget_type=\"text-editor.default\">\n\t\t\t\t<div class=\"elementor-widget-container\">\n\t\t\t\t\t\t\t\t\t<p><strong>Pencerelerde, cephelerde ve giydirme duvarlarda kullan\u0131lan<\/strong> cam \u00fcnitelerin temel i\u015flevi termal korumad\u0131r. T Grup Cam olarak, g\u00fcvenilir tedarik\u00e7ilerimizle i\u015f birli\u011fi i\u00e7inde geli\u015fmi\u015f <strong>D\u00fc\u015f\u00fck Emisyonlu Cam<\/strong> (Low-E Cam) \u00fcretimine s\u00fcrekli olarak devam ediyoruz.<strong> Y\u00fcksek performansl\u0131 cam\u0131m\u0131z, <\/strong>0.4 W\/m\u00b2K gibi son derece d\u00fc\u015f\u00fck bir \u0131s\u0131 iletim katsay\u0131s\u0131 sunar ve bu de\u011fer,<strong> sa\u011flam duvarlar\u0131n yal\u0131t\u0131m <\/strong>seviyeleriyle k\u0131yaslanabilir. <strong>Pencerelerinizin yan\u0131nda hissetti\u011finiz so\u011fuk hava <\/strong>ak\u0131mlar\u0131na veda edin \u2014 yenilik\u00e7i camlar\u0131m\u0131z, en so\u011fuk d\u00f6nemlerde dahi \u00fcst d\u00fczey i\u00e7 mek\u00e2n konforu sa\u011flar.   <\/p>\n<p>K\u0131\u015f aylar\u0131nda g\u00fcne\u015f <strong>\u0131\u015f\u0131\u011f\u0131ndan gelen do\u011fal \u0131s\u0131y\u0131 kullanarak \u0131<\/strong>s\u0131tma maliyetlerini d<strong>\u00fc\u015f\u00fcrmek isteyenler i\u00e7in \u00f6zel<\/strong> olarak tasarlanm\u0131\u015f<strong> \u0131s\u0131 yal\u0131t\u0131ml\u0131 <\/strong>cam \u00fcnitelerimiz, <strong>%73\u2019l\u00fck bir g\u00fcne\u015f \u0131s\u0131 kazan\u0131m katsay\u0131s\u0131na (g-de\u011feri)<\/strong> sahiptir. Bu sayede enerji verimlili\u011finden \u00f6d\u00fcn vermeden mek\u00e2n\u0131n\u0131za daha fazla do\u011fal \u0131s\u0131 giri\u015fi sa\u011flan\u0131r. <\/p>\n\t\t\t\t\t\t\t\t<\/div>\n\t\t\t\t<\/div>\n\t\t\t\t<\/div>\n\t\t<div class=\"elementor-element elementor-element-e7abccf e-con-full e-flex e-con e-child\" data-id=\"e7abccf\" data-element_type=\"container\" data-e-type=\"container\">\n\t\t\t\t<div class=\"elementor-element elementor-element-48ff9fd elementor-widget elementor-widget-heading\" data-id=\"48ff9fd\" data-element_type=\"widget\" data-e-type=\"widget\" data-widget_type=\"heading.default\">\n\t\t\t\t<div class=\"elementor-widget-container\">\n\t\t\t\t\t<h2 class=\"elementor-heading-title elementor-size-default\">Yaz Aylar\u0131nda<\/h2>\t\t\t\t<\/div>\n\t\t\t\t<\/div>\n\t\t\t\t<div class=\"elementor-element elementor-element-b542b77 elementor-widget elementor-widget-text-editor\" data-id=\"b542b77\" data-element_type=\"widget\" data-e-type=\"widget\" data-widget_type=\"text-editor.default\">\n\t\t\t\t<div class=\"elementor-widget-container\">\n\t\t\t\t\t\t\t\t\t<p>Yaz aylar\u0131nda g\u00fcne\u015f, k\u0131\u015fa k\u0131yasla \u00e7ok daha fazla \u0131s\u0131l enerji yayar ve bu da binalarda, \u00f6zellikle<strong> pencereler arac\u0131l\u0131\u011f\u0131yla ger\u00e7ekle\u015fen \u0131s\u0131 transferi nedeniyle<\/strong> a\u015f\u0131r\u0131 \u0131s\u0131nmaya yol a\u00e7ar. A\u015f\u0131r\u0131 \u0131s\u0131nmaya kar\u015f\u0131 koruman\u0131n etkinli\u011fi<strong>, g\u00fcne\u015f \u0131s\u0131 kazan\u0131m katsay\u0131s\u0131 (g-de\u011feri) ile \u00f6l\u00e7\u00fcl\u00fcr <\/strong>\u2014 bu de\u011ferin d\u00fc\u015f\u00fck olmas\u0131, koruman\u0131n daha etkili oldu\u011funu g\u00f6sterir. <\/p>\n<p><strong>T Grup Cam <\/strong>olarak, <strong>%37\u2019lik g-de\u011ferine<\/strong> sahip <strong>y\u00fcksek performansl\u0131 \u0131s\u0131 yal\u0131t\u0131ml\u0131<\/strong> camlar\u0131m\u0131z ile<strong> istenmeyen \u0131s\u0131 kazan\u0131m\u0131n\u0131 <\/strong>azalt\u0131yor, i\u00e7 mek\u00e2nlar\u0131n a\u015f\u0131r\u0131 \u0131s\u0131nmas\u0131n\u0131 etkili bir \u015fekilde \u00f6nl\u00fcyoruz. Eskiden yaln\u0131zca <strong>b\u00fcy\u00fck cephe uygulamalar\u0131nda<\/strong> kullan\u0131lan bu ileri teknoloji, art\u0131k konut projelerinde ve ticari <strong>alanlarda da kullan\u0131labilmektedir.<\/strong> <\/p>\n<p><strong>G\u00fcne\u015f kontrol camlar\u0131m\u0131z\u0131 <\/strong>tercih ederek<strong> i\u00e7 mek\u00e2n s\u0131cakl\u0131k dengesini art\u0131rabilir ve so\u011futma giderlerinizi<\/strong> azaltabilirsiniz. <strong>Klima kullan\u0131m\u0131n\u0131n maliyeti genellikle \u0131s\u0131tmadan <\/strong>daha y\u00fcksek oldu\u011fundan, verimli cam \u00e7\u00f6z\u00fcmleri enerji tasarrufu a\u00e7\u0131s\u0131ndan \u00f6nemli bir yat\u0131r\u0131md\u0131r. <\/p>\n\t\t\t\t\t\t\t\t<\/div>\n\t\t\t\t<\/div>\n\t\t\t\t<\/div>\n\t\t\t\t\t<\/div>\n\t\t\t\t<\/div>\n\t\t<div class=\"elementor-element elementor-element-91e626a e-flex e-con-boxed e-con e-parent\" data-id=\"91e626a\" data-element_type=\"container\" data-e-type=\"container\" data-settings=\"{&quot;background_background&quot;:&quot;classic&quot;}\">\n\t\t\t\t\t<div class=\"e-con-inner\">\n\t\t\t\t<div class=\"elementor-element elementor-element-45661c3 elementor-widget elementor-widget-heading\" data-id=\"45661c3\" data-element_type=\"widget\" data-e-type=\"widget\" data-widget_type=\"heading.default\">\n\t\t\t\t<div class=\"elementor-widget-container\">\n\t\t\t\t\t<h2 class=\"elementor-heading-title elementor-size-default\">Sunulan camlar\u0131n teknik parametre aral\u0131\u011f\u0131<\/h2>\t\t\t\t<\/div>\n\t\t\t\t<\/div>\n\t\t\t\t<div class=\"elementor-element elementor-element-c868c7c elementor-widget elementor-widget-text-editor\" data-id=\"c868c7c\" data-element_type=\"widget\" data-e-type=\"widget\" data-widget_type=\"text-editor.default\">\n\t\t\t\t<div class=\"elementor-widget-container\">\n\t\t\t\t\t\t\t\t\t<table border=\"0\" cellspacing=\"0\" cellpadding=\"0\">\n<tbody>\n<tr>\n<td><strong>Ug EN 673 [W\/m<sup>2<\/sup>K]<\/strong><\/td>\n<td><strong>g [%]<\/strong><\/td>\n<td><strong>Lt [%]<\/strong><\/td>\n<\/tr>\n<tr>\n<td>0,4 \u2013 1,3<\/td>\n<td>37-73<\/td>\n<td>55-82<\/td>\n<\/tr>\n<\/tbody>\n<\/table>\n\t\t\t\t\t\t\t\t<\/div>\n\t\t\t\t<\/div>\n\t\t\t\t\t<\/div>\n\t\t\t\t<\/div>\n\t\t<div class=\"elementor-element elementor-element-3e1ec8a e-flex e-con-boxed e-con e-parent\" data-id=\"3e1ec8a\" data-element_type=\"container\" data-e-type=\"container\">\n\t\t\t\t\t<div class=\"e-con-inner\">\n\t\t\t\t<div class=\"elementor-element elementor-element-f747a2c elementor-widget elementor-widget-heading\" data-id=\"f747a2c\" data-element_type=\"widget\" data-e-type=\"widget\" data-widget_type=\"heading.default\">\n\t\t\t\t<div class=\"elementor-widget-container\">\n\t\t\t\t\t<h2 class=\"elementor-heading-title elementor-size-default\">NE SUNUYORUZ<\/h2>\t\t\t\t<\/div>\n\t\t\t\t<\/div>\n\t\t\t\t<div class=\"elementor-element elementor-element-5c1a6a1 elementor-widget elementor-widget-text-editor\" data-id=\"5c1a6a1\" data-element_type=\"widget\" data-e-type=\"widget\" data-widget_type=\"text-editor.default\">\n\t\t\t\t<div class=\"elementor-widget-container\">\n\t\t\t\t\t\t\t\t\t<table class=\"tabela-pion-inner-border\" width=\"523\" cellspacing=\"0\" cellpadding=\"0\">\n<tbody>\n<tr>\n<td><strong>Tasar\u0131m [mm] T-termofloat<\/strong><\/td>\n<td><strong>LT [%]<\/strong><\/td>\n<td><strong>LR [%]<\/strong><\/td>\n<td><strong>g [%]<\/strong><\/td>\n<td><strong>U<sub>g<\/sub> EN 673<\/strong><center><strong>[W\/ m<sup>2<\/sup>K]<\/strong><\/center><\/td>\n<\/tr>\n<tr>\n<td>4T 1,0\/12Kr\/4\/12Kr\/4T 1,0<\/td>\n<td rowspan=\"5\">\n<div>58-73<\/div>\n<\/td>\n<td rowspan=\"5\">\n<div>18-32<\/div>\n<\/td>\n<td rowspan=\"5\">\n<div>37-50<\/div>\n<\/td>\n<td>\n<div>0,4<\/div>\n<\/td>\n<\/tr>\n<tr>\n<td>4T 1,0\/10Kr\/4\/10Kr\/4T 1,0<\/td>\n<td>\n<div>0,5<\/div>\n<\/td>\n<\/tr>\n<tr>\n<td>4T 1,0\/16Ar\/4\/16Ar\/4T 1,0<\/td>\n<td>\n<div>0,5<\/div>\n<\/td>\n<\/tr>\n<tr>\n<td>4T 1,0\/12Ar\/4\/14Ar\/4T 1,0<\/td>\n<td>\n<div>0,6<\/div>\n<\/td>\n<\/tr>\n<tr>\n<td>4T 1,0\/10Ar\/4\/12Ar\/4T 1,0<\/td>\n<td>\n<div>0,7<\/div>\n<\/td>\n<\/tr>\n<tr>\n<td>4T 1,1\/12Kr\/4\/12Kr\/4T 1,1<\/td>\n<td rowspan=\"7\">73-75<\/td>\n<td rowspan=\"7\">14-17<\/td>\n<td rowspan=\"7\">52-55<\/td>\n<td>\n<div>0,5<\/div>\n<\/td>\n<\/tr>\n<tr>\n<td>4T 1,1\/18Ar\/4\/18Ar\/4T 1,1<\/td>\n<td>\n<div>0,5<\/div>\n<\/td>\n<\/tr>\n<tr>\n<td>4T 1,1\/10Kr\/4\/10Kr\/4T 1,1<\/td>\n<td>\n<div>0,6<\/div>\n<\/td>\n<\/tr>\n<tr>\n<td>4T 1,1\/16Ar\/4\/16Ar\/4T 1,1<\/td>\n<td>\n<div>0,6<\/div>\n<\/td>\n<\/tr>\n<tr>\n<td>4T 1,1\/14Ar\/4\/14Ar\/4T 1,1<\/td>\n<td>\n<div>0,6<\/div>\n<\/td>\n<\/tr>\n<tr>\n<td>4T 1,1\/12Ar\/4\/12Ar\/4T 1,1<\/td>\n<td>\n<div>0,7<\/div>\n<\/td>\n<\/tr>\n<tr>\n<td>4T 1,1\/10Ar\/4\/10Ar\/4T 1,1<\/td>\n<td>\n<div>0,8<\/div>\n<\/td>\n<\/tr>\n<tr>\n<td>4\/16Ar\/4T 1,0<\/td>\n<td rowspan=\"2\">\n<div>71-81<\/div>\n<\/td>\n<td rowspan=\"2\">\n<div>14-22<\/div>\n<\/td>\n<td rowspan=\"2\">\n<div>50-61<\/div>\n<\/td>\n<td>\n<div>1,0<\/div>\n<\/td>\n<\/tr>\n<tr>\n<td>4\/10-14Kr\/4T 1,0<\/td>\n<td>\n<div>1,0<\/div>\n<\/td>\n<\/tr>\n<tr>\n<td>4\/10Kr\/4T 1,1<\/td>\n<td rowspan=\"2\">\n<div>81-82<\/div>\n<\/td>\n<td rowspan=\"2\">\n<div>12-13<\/div>\n<\/td>\n<td rowspan=\"2\">\n<div>63-66<\/div>\n<\/td>\n<td>\n<div>1,0<\/div>\n<\/td>\n<\/tr>\n<tr>\n<td>4\/15-20Ar\/4T 1,1<\/td>\n<td>\n<div>1,1<\/div>\n<\/td>\n<\/tr>\n<\/tbody>\n<\/table>\n\t\t\t\t\t\t\t\t<\/div>\n\t\t\t\t<\/div>\n\t\t\t\t\t<\/div>\n\t\t\t\t<\/div>\n\t\t<div class=\"elementor-element elementor-element-4f90ef5 e-flex e-con-boxed e-con e-parent\" data-id=\"4f90ef5\" data-element_type=\"container\" data-e-type=\"container\" data-settings=\"{&quot;background_background&quot;:&quot;classic&quot;,&quot;background_motion_fx_motion_fx_scrolling&quot;:&quot;yes&quot;,&quot;background_motion_fx_translateY_effect&quot;:&quot;yes&quot;,&quot;background_motion_fx_translateY_speed&quot;:{&quot;unit&quot;:&quot;px&quot;,&quot;size&quot;:4,&quot;sizes&quot;:[]},&quot;background_motion_fx_translateY_affectedRange&quot;:{&quot;unit&quot;:&quot;%&quot;,&quot;size&quot;:&quot;&quot;,&quot;sizes&quot;:{&quot;start&quot;:0,&quot;end&quot;:100}},&quot;background_motion_fx_devices&quot;:[&quot;desktop&quot;,&quot;tablet&quot;,&quot;mobile&quot;]}\">\n\t\t\t\t\t<div class=\"e-con-inner\">\n\t\t\t\t<div class=\"elementor-element elementor-element-570499b elementor-widget elementor-widget-heading\" data-id=\"570499b\" data-element_type=\"widget\" data-e-type=\"widget\" data-widget_type=\"heading.default\">\n\t\t\t\t<div class=\"elementor-widget-container\">\n\t\t\t\t\t<h2 class=\"elementor-heading-title elementor-size-default\">\u00dcretim s\u00fcre\u00e7lerimizi s\u00fcrekli geli\u015ftiriyor, al\u0131\u015fkanl\u0131klar\u0131m\u0131z\u0131 de\u011fi\u015ftirerek \u00e7evre \u00fczerindeki olumsuz etkileri en aza indirmeye \u00e7al\u0131\u015f\u0131yoruz.<\/h2>\t\t\t\t<\/div>\n\t\t\t\t<\/div>\n\t\t\t\t<div class=\"elementor-element elementor-element-b826612 elementor-widget elementor-widget-text-editor\" data-id=\"b826612\" data-element_type=\"widget\" data-e-type=\"widget\" data-widget_type=\"text-editor.default\">\n\t\t\t\t<div class=\"elementor-widget-container\">\n\t\t\t\t\t\t\t\t\t<p>Bu de\u011fi\u015fiklikleri kolayla\u015ft\u0131rmak ad\u0131na, \u00e7evre korumas\u0131 i\u00e7in k\u00fcresel bir y\u00f6netim sistemi olan ISO 14001 standard\u0131n\u0131 benimsemi\u015f bulunmaktay\u0131z.<\/p>\n\t\t\t\t\t\t\t\t<\/div>\n\t\t\t\t<\/div>\n\t\t\t\t<div class=\"elementor-element elementor-element-d353f96 elementor-align-center elementor-widget elementor-widget-button\" data-id=\"d353f96\" data-element_type=\"widget\" data-e-type=\"widget\" data-widget_type=\"button.default\">\n\t\t\t\t<div class=\"elementor-widget-container\">\n\t\t\t\t\t\t\t\t\t<div class=\"elementor-button-wrapper\">\n\t\t\t\t\t<a class=\"elementor-button elementor-button-link elementor-size-sm\" href=\"https:\/\/tgrupcam.com\/index.php\/iletisim\/?lang=tr\">\n\t\t\t\t\t\t<span class=\"elementor-button-content-wrapper\">\n\t\t\t\t\t\t\t\t\t<span class=\"elementor-button-text\">Bize Ula\u015f\u0131n<\/span>\n\t\t\t\t\t<\/span>\n\t\t\t\t\t<\/a>\n\t\t\t\t<\/div>\n\t\t\t\t\t\t\t\t<\/div>\n\t\t\t\t<\/div>\n\t\t\t\t\t<\/div>\n\t\t\t\t<\/div>\n\t\t\t\t<\/div>\n\t\t","protected":false},"excerpt":{"rendered":"<p>D\u00dc\u015e\u00dcK EM\u0130SYONLU CAM D\u00dc\u015e\u00dcK EM\u0130SYONLU CAM HAKKINDA T Grup Cam\u2019\u0131n D\u00fc\u015f\u00fck Emisyonlu Cam\u0131 (Low-E Cam), modern yap\u0131larda enerji verimlili\u011fini, \u0131s\u0131 yal\u0131t\u0131m\u0131n\u0131 ve i\u00e7 mek\u00e2n konforunu art\u0131rmak amac\u0131yla tasarlanm\u0131\u015ft\u0131r. Bu y\u00fcksek performansl\u0131 cam, mikroskobik incelikte ve \u015feffaf bir kaplamaya sahiptir; bu sayede \u0131s\u0131 ge\u00e7i\u015fini en aza indirirken do\u011fal \u0131\u015f\u0131\u011f\u0131n i\u00e7eri girmesine olanak tan\u0131r. Faydalar\u0131: \u2705 Enerji [&hellip;]<\/p>\n","protected":false},"author":1,"featured_media":0,"parent":3012,"menu_order":0,"comment_status":"closed","ping_status":"closed","template":"elementor_header_footer","meta":{"footnotes":""},"class_list":["post-2836","page","type-page","status-publish","hentry"],"_links":{"self":[{"href":"https:\/\/tgrupcam.com\/index.php\/wp-json\/wp\/v2\/pages\/2836","targetHints":{"allow":["GET"]}}],"collection":[{"href":"https:\/\/tgrupcam.com\/index.php\/wp-json\/wp\/v2\/pages"}],"about":[{"href":"https:\/\/tgrupcam.com\/index.php\/wp-json\/wp\/v2\/types\/page"}],"author":[{"embeddable":true,"href":"https:\/\/tgrupcam.com\/index.php\/wp-json\/wp\/v2\/users\/1"}],"replies":[{"embeddable":true,"href":"https:\/\/tgrupcam.com\/index.php\/wp-json\/wp\/v2\/comments?post=2836"}],"version-history":[{"count":0,"href":"https:\/\/tgrupcam.com\/index.php\/wp-json\/wp\/v2\/pages\/2836\/revisions"}],"up":[{"embeddable":true,"href":"https:\/\/tgrupcam.com\/index.php\/wp-json\/wp\/v2\/pages\/3012"}],"wp:attachment":[{"href":"https:\/\/tgrupcam.com\/index.php\/wp-json\/wp\/v2\/media?parent=2836"}],"curies":[{"name":"wp","href":"https:\/\/api.w.org\/{rel}","templated":true}]}}