{"id":2838,"date":"2025-02-05T11:55:26","date_gmt":"2025-02-05T08:55:26","guid":{"rendered":"https:\/\/tgrupcam.com\/index.php\/pazar-teklifi\/ozel-cam\/kesim\/"},"modified":"2025-06-03T19:13:11","modified_gmt":"2025-06-03T16:13:11","slug":"kesim","status":"publish","type":"page","link":"https:\/\/tgrupcam.com\/index.php\/pazar-teklifi\/ozel-cam\/kesim\/?lang=tr","title":{"rendered":"Kesim"},"content":{"rendered":"\t\t<div data-elementor-type=\"wp-page\" data-elementor-id=\"2838\" class=\"elementor elementor-2838 elementor-53\" data-elementor-post-type=\"page\">\n\t\t\t\t<div class=\"elementor-element elementor-element-3bde9665 e-con-full e-flex e-con e-parent\" data-id=\"3bde9665\" data-element_type=\"container\" data-e-type=\"container\" data-settings=\"{&quot;background_background&quot;:&quot;classic&quot;,&quot;shape_divider_bottom&quot;:&quot;opacity-fan&quot;}\">\n\t\t\t\t<div class=\"elementor-shape elementor-shape-bottom\" aria-hidden=\"true\" data-negative=\"false\">\n\t\t\t<svg xmlns=\"http:\/\/www.w3.org\/2000\/svg\" viewBox=\"0 0 283.5 19.6\" preserveAspectRatio=\"none\">\n\t<path class=\"elementor-shape-fill\" style=\"opacity:0.33\" d=\"M0 0L0 18.8 141.8 4.1 283.5 18.8 283.5 0z\"\/>\n\t<path class=\"elementor-shape-fill\" style=\"opacity:0.33\" d=\"M0 0L0 12.6 141.8 4 283.5 12.6 283.5 0z\"\/>\n\t<path class=\"elementor-shape-fill\" style=\"opacity:0.33\" d=\"M0 0L0 6.4 141.8 4 283.5 6.4 283.5 0z\"\/>\n\t<path class=\"elementor-shape-fill\" d=\"M0 0L0 1.2 141.8 4 283.5 1.2 283.5 0z\"\/>\n<\/svg>\t\t<\/div>\n\t\t\t\t<div class=\"elementor-element elementor-element-7b4b6aa7 elementor-widget elementor-widget-heading\" data-id=\"7b4b6aa7\" data-element_type=\"widget\" data-e-type=\"widget\" data-widget_type=\"heading.default\">\n\t\t\t\t<div class=\"elementor-widget-container\">\n\t\t\t\t\t<h2 class=\"elementor-heading-title elementor-size-default\">KES\u0130M<\/h2>\t\t\t\t<\/div>\n\t\t\t\t<\/div>\n\t\t\t\t<\/div>\n\t\t<div class=\"elementor-element elementor-element-25968464 e-flex e-con-boxed e-con e-parent\" data-id=\"25968464\" data-element_type=\"container\" data-e-type=\"container\">\n\t\t\t\t\t<div class=\"e-con-inner\">\n\t\t\t\t<div class=\"elementor-element elementor-element-65699c0f elementor-widget elementor-widget-heading\" data-id=\"65699c0f\" data-element_type=\"widget\" data-e-type=\"widget\" data-widget_type=\"heading.default\">\n\t\t\t\t<div class=\"elementor-widget-container\">\n\t\t\t\t\t<h2 class=\"elementor-heading-title elementor-size-default\">KES\u0130M HAKKINDA<\/h2>\t\t\t\t<\/div>\n\t\t\t\t<\/div>\n\t\t\t\t<div class=\"elementor-element elementor-element-79652f71 elementor-widget elementor-widget-text-editor\" data-id=\"79652f71\" data-element_type=\"widget\" data-e-type=\"widget\" data-widget_type=\"text-editor.default\">\n\t\t\t\t<div class=\"elementor-widget-container\">\n\t\t\t\t\t\t\t\t\t<p><strong>T Grup Cam<\/strong>&#8216;da<strong> mimari, end\u00fcstriyel ve dekoratif uygulamalar\u0131<\/strong> kar\u015f\u0131lamak \u00fczere tasarlanm\u0131\u015f <strong>hassas cam kesim hizmetleri<\/strong> sunuyoruz. Son teknolojimiz, <strong>y\u00fcksek do\u011fruluk, temiz kenarlar ve \u00f6zel \u015fekiller <\/strong>sa\u011flayarak \u00e7e\u015fitli projelere <strong>kusursuz entegrasyona<\/strong> olanak tan\u0131r. <\/p>\n<p><strong>\u00d6zellikler ve Avantajlar:<\/strong><\/p>\n<p>\u2705 <strong>Hassas Kesim <\/strong>\u2013 Geli\u015fmi\u015f makineler <strong>p\u00fcr\u00fczs\u00fcz, temiz ve do\u011fru kesimler<\/strong> sa\u011flar.<br \/>\u2705<strong> \u00d6zel \u015eekiller ve Boyutlar <\/strong>\u2013 Cam, <strong>belirli boyutlarda ve benzersiz tasar\u0131mlarda<\/strong> kesilebilir.<br \/>\u2705 <strong>\u00c7ok Y\u00f6nl\u00fc Uygulamalar<\/strong> \u2013 <strong>Pencereler, kap\u0131lar, cepheler, mobilyalar ve end\u00fcstriyel projeler<\/strong> i\u00e7in uygundur.<br \/>\u2705 <strong>Di\u011fer \u0130\u015flemlerle Uyumluluk<\/strong> \u2013<strong> Sertle\u015ftirme, laminasyon ve dijital bask\u0131 <\/strong>ile birle\u015ftirilebilir.<br \/>\u2705 <strong>H\u0131zl\u0131 Teslimat<\/strong> \u2013 H\u0131zl\u0131 ve g\u00fcvenilir <strong>teslimatlar i\u00e7in verimli i\u015fleme.<\/strong><\/p>\n<p>Kesim hizmetlerimiz, <strong>temperli, lamine, dekoratif ve yang\u0131na dayan\u0131kl\u0131 camlar<\/strong> dahil olmak \u00fczere \u00e7ok <strong>\u00e7e\u015fitli cam t\u00fcrlerini<\/strong> destekleyerek <strong>maksimum esneklik ve y\u00fcksek kaliteli sonu\u00e7lar <\/strong>sa\u011flar.<\/p>\n\t\t\t\t\t\t\t\t<\/div>\n\t\t\t\t<\/div>\n\t\t\t\t\t<\/div>\n\t\t\t\t<\/div>\n\t\t<div class=\"elementor-element elementor-element-1030cb63 e-flex e-con-boxed e-con e-parent\" data-id=\"1030cb63\" data-element_type=\"container\" data-e-type=\"container\" data-settings=\"{&quot;background_background&quot;:&quot;classic&quot;,&quot;background_motion_fx_motion_fx_scrolling&quot;:&quot;yes&quot;,&quot;background_motion_fx_translateY_effect&quot;:&quot;yes&quot;,&quot;background_motion_fx_translateY_speed&quot;:{&quot;unit&quot;:&quot;px&quot;,&quot;size&quot;:4,&quot;sizes&quot;:[]},&quot;background_motion_fx_translateY_affectedRange&quot;:{&quot;unit&quot;:&quot;%&quot;,&quot;size&quot;:&quot;&quot;,&quot;sizes&quot;:{&quot;start&quot;:0,&quot;end&quot;:100}},&quot;background_motion_fx_devices&quot;:[&quot;desktop&quot;,&quot;tablet&quot;,&quot;mobile&quot;]}\">\n\t\t\t\t\t<div class=\"e-con-inner\">\n\t\t\t\t\t<\/div>\n\t\t\t\t<\/div>\n\t\t<div class=\"elementor-element elementor-element-1bea35dc e-flex e-con-boxed e-con e-parent\" data-id=\"1bea35dc\" data-element_type=\"container\" data-e-type=\"container\">\n\t\t\t\t\t<div class=\"e-con-inner\">\n\t\t<div class=\"elementor-element elementor-element-3d8dc55 e-con-full e-flex e-con e-child\" data-id=\"3d8dc55\" data-element_type=\"container\" data-e-type=\"container\">\n\t\t\t\t<div class=\"elementor-element elementor-element-27623acb elementor-widget elementor-widget-heading\" data-id=\"27623acb\" data-element_type=\"widget\" data-e-type=\"widget\" data-widget_type=\"heading.default\">\n\t\t\t\t<div class=\"elementor-widget-container\">\n\t\t\t\t\t<h2 class=\"elementor-heading-title elementor-size-default\">Sipari\u015fler i\u00e7in Ek Gereksinimler<\/h2>\t\t\t\t<\/div>\n\t\t\t\t<\/div>\n\t\t\t\t<div class=\"elementor-element elementor-element-5059d841 elementor-widget elementor-widget-text-editor\" data-id=\"5059d841\" data-element_type=\"widget\" data-e-type=\"widget\" data-widget_type=\"text-editor.default\">\n\t\t\t\t<div class=\"elementor-widget-container\">\n\t\t\t\t\t\t\t\t\t<p><strong>T Grup Cam&#8217;<\/strong>da, <strong>t\u00fcm caml\u0131 \u00fcnitelerimizde ve kesimli temperli camlar\u0131m\u0131zda<\/strong> <strong>y\u00fcksek hassasiyet ve kalite<\/strong> sa\u011fl\u0131yoruz. <strong>Optimum performans ve dayan\u0131kl\u0131l\u0131\u011f\u0131<\/strong> garantilemek i\u00e7in, i\u015flemeden \u00f6nce a\u015fa\u011f\u0131daki gereklilikler kar\u015f\u0131lanmal\u0131d\u0131r: <\/p>\n<p>\ud83d\udd39 <strong>Temperleme \u00d6ncesi Frezeleme<\/strong> \u2013 <strong>Kesim veya \u00f6zel i\u015flem gerektiren<\/strong> t\u00fcm camlar, <strong>temperleme <\/strong>i\u015flemine girmeden \u00f6nce <strong>frezeleme i\u015fleminden<\/strong> ge\u00e7melidir.<\/p>\n<p>\ud83d\udd39 <strong>Ayr\u0131nt\u0131l\u0131 Sipari\u015f \u00d6zellikleri<\/strong> \u2013 T\u00fcm <strong>delmeler, kesmeler ve \u00f6zel de\u011fi\u015fiklikler<\/strong> sipari\u015fte<strong> a\u00e7\u0131k\u00e7a belirtilmelidir.<\/strong> M\u00fc\u015fterilerin<strong> t\u00fcm gerekli \u00f6l\u00e7\u00fcmleri ve \u00f6zellikleri <\/strong>i\u00e7eren <strong>ayr\u0131nt\u0131l\u0131 teknik \u00e7izimler ve tablolar <\/strong>sa\u011flamas\u0131 gerekir. <\/p>\n<p>Bu y\u00f6nergeleri izleyerek, projeleriniz i\u00e7in <strong>hassasiyet, dayan\u0131kl\u0131l\u0131k ve g\u00fcvenilirlik<\/strong> sunarken her sipari\u015fin en <strong>y\u00fcksek end\u00fcstri standartlar\u0131n\u0131<\/strong> kar\u015f\u0131lamas\u0131n\u0131 sa\u011fl\u0131yoruz.<\/p>\n\t\t\t\t\t\t\t\t<\/div>\n\t\t\t\t<\/div>\n\t\t\t\t<\/div>\n\t\t\t\t\t<\/div>\n\t\t\t\t<\/div>\n\t\t<div class=\"elementor-element elementor-element-70cc5843 e-flex e-con-boxed e-con e-parent\" data-id=\"70cc5843\" data-element_type=\"container\" data-e-type=\"container\" data-settings=\"{&quot;background_background&quot;:&quot;classic&quot;}\">\n\t\t\t\t\t<div class=\"e-con-inner\">\n\t\t\t\t<div class=\"elementor-element elementor-element-35ba16a5 elementor-widget elementor-widget-heading\" data-id=\"35ba16a5\" data-element_type=\"widget\" data-e-type=\"widget\" data-widget_type=\"heading.default\">\n\t\t\t\t<div class=\"elementor-widget-container\">\n\t\t\t\t\t<h2 class=\"elementor-heading-title elementor-size-default\">NE SUNUYORUZ<\/h2>\t\t\t\t<\/div>\n\t\t\t\t<\/div>\n\t\t\t\t<div class=\"elementor-element elementor-element-494b7153 elementor-widget elementor-widget-text-editor\" data-id=\"494b7153\" data-element_type=\"widget\" data-e-type=\"widget\" data-widget_type=\"text-editor.default\">\n\t\t\t\t<div class=\"elementor-widget-container\">\n\t\t\t\t\t\t\t\t\t<table>\r\n<tbody>\r\n<tr>\r\n<td><strong>\u0130\u015fleme t\u00fcr\u00fc<\/strong><\/td>\r\n<td><strong>Minimum panel boyutlar\u0131 [mm]<\/strong><\/td>\r\n<td><strong>Maksimum panel boyutlar\u0131\r\n[mm]<\/strong><\/td>\r\n<td><strong>Cam kal\u0131nl\u0131\u011f\u0131\r\n[mm]<\/strong><\/td>\r\n<\/tr>\r\n<tr>\r\n<td>T\u00fcm \u015fekiller kesimler<\/td>\r\n<td>150 x 300<\/td>\r\n<td>3210 x 8000<\/td>\r\n<td>3-19<\/td>\r\n\r\n<\/tr>\r\n<\/tbody>\r\n<\/table>\t\t\t\t\t\t\t\t<\/div>\n\t\t\t\t<\/div>\n\t\t\t\t\t<\/div>\n\t\t\t\t<\/div>\n\t\t<div class=\"elementor-element elementor-element-634c3415 e-flex e-con-boxed e-con e-parent\" data-id=\"634c3415\" data-element_type=\"container\" data-e-type=\"container\" data-settings=\"{&quot;background_background&quot;:&quot;classic&quot;,&quot;background_motion_fx_motion_fx_scrolling&quot;:&quot;yes&quot;,&quot;background_motion_fx_translateY_effect&quot;:&quot;yes&quot;,&quot;background_motion_fx_translateY_speed&quot;:{&quot;unit&quot;:&quot;px&quot;,&quot;size&quot;:4,&quot;sizes&quot;:[]},&quot;background_motion_fx_translateY_affectedRange&quot;:{&quot;unit&quot;:&quot;%&quot;,&quot;size&quot;:&quot;&quot;,&quot;sizes&quot;:{&quot;start&quot;:0,&quot;end&quot;:100}},&quot;background_motion_fx_devices&quot;:[&quot;desktop&quot;,&quot;tablet&quot;,&quot;mobile&quot;]}\">\n\t\t\t\t\t<div class=\"e-con-inner\">\n\t\t\t\t<div class=\"elementor-element elementor-element-304022 elementor-widget elementor-widget-heading\" data-id=\"304022\" data-element_type=\"widget\" data-e-type=\"widget\" data-widget_type=\"heading.default\">\n\t\t\t\t<div class=\"elementor-widget-container\">\n\t\t\t\t\t<h2 class=\"elementor-heading-title elementor-size-default\">\u00c7evre \u00fczerindeki olumsuz etkiyi s\u0131n\u0131rlamak i\u00e7in \u00fcretim s\u00fcre\u00e7lerimizi s\u00fcrekli olarak g\u00fcncelliyor ve al\u0131\u015fkanl\u0131klar\u0131m\u0131z\u0131 de\u011fi\u015ftiriyoruz.<\/h2>\t\t\t\t<\/div>\n\t\t\t\t<\/div>\n\t\t\t\t<div class=\"elementor-element elementor-element-20bcb72 elementor-widget elementor-widget-text-editor\" data-id=\"20bcb72\" data-element_type=\"widget\" data-e-type=\"widget\" data-widget_type=\"text-editor.default\">\n\t\t\t\t<div class=\"elementor-widget-container\">\n\t\t\t\t\t\t\t\t\t<p>De\u011fi\u015fimi kolayla\u015ft\u0131rmak amac\u0131yla, \u00e7evrenin korunmas\u0131na y\u00f6nelik d\u00fcnya \u00e7ap\u0131ndaki y\u00f6netim sistemi olan ISO 14001&#8217;i benimsedik.<\/p>\n\t\t\t\t\t\t\t\t<\/div>\n\t\t\t\t<\/div>\n\t\t\t\t<div class=\"elementor-element elementor-element-6bc09d3d elementor-align-center elementor-widget elementor-widget-button\" data-id=\"6bc09d3d\" data-element_type=\"widget\" data-e-type=\"widget\" data-widget_type=\"button.default\">\n\t\t\t\t<div class=\"elementor-widget-container\">\n\t\t\t\t\t\t\t\t\t<div class=\"elementor-button-wrapper\">\n\t\t\t\t\t<a class=\"elementor-button elementor-button-link elementor-size-sm\" href=\"https:\/\/tgrupcam.com\/index.php\/iletisim\/?lang=tr\">\n\t\t\t\t\t\t<span class=\"elementor-button-content-wrapper\">\n\t\t\t\t\t\t\t\t\t<span class=\"elementor-button-text\">\u0130leti\u015fim<\/span>\n\t\t\t\t\t<\/span>\n\t\t\t\t\t<\/a>\n\t\t\t\t<\/div>\n\t\t\t\t\t\t\t\t<\/div>\n\t\t\t\t<\/div>\n\t\t\t\t\t<\/div>\n\t\t\t\t<\/div>\n\t\t\t\t<\/div>\n\t\t","protected":false},"excerpt":{"rendered":"<p>KES\u0130M KES\u0130M HAKKINDA T Grup Cam&#8216;da mimari, end\u00fcstriyel ve dekoratif uygulamalar\u0131 kar\u015f\u0131lamak \u00fczere tasarlanm\u0131\u015f hassas cam kesim hizmetleri sunuyoruz. Son teknolojimiz, y\u00fcksek do\u011fruluk, temiz kenarlar ve \u00f6zel \u015fekiller sa\u011flayarak \u00e7e\u015fitli projelere kusursuz entegrasyona olanak tan\u0131r. \u00d6zellikler ve Avantajlar: \u2705 Hassas Kesim \u2013 Geli\u015fmi\u015f makineler p\u00fcr\u00fczs\u00fcz, temiz ve do\u011fru kesimler sa\u011flar.\u2705 \u00d6zel \u015eekiller ve Boyutlar \u2013 [&hellip;]<\/p>\n","protected":false},"author":1,"featured_media":0,"parent":2831,"menu_order":0,"comment_status":"closed","ping_status":"closed","template":"elementor_header_footer","meta":{"footnotes":""},"class_list":["post-2838","page","type-page","status-publish","hentry"],"_links":{"self":[{"href":"https:\/\/tgrupcam.com\/index.php\/wp-json\/wp\/v2\/pages\/2838","targetHints":{"allow":["GET"]}}],"collection":[{"href":"https:\/\/tgrupcam.com\/index.php\/wp-json\/wp\/v2\/pages"}],"about":[{"href":"https:\/\/tgrupcam.com\/index.php\/wp-json\/wp\/v2\/types\/page"}],"author":[{"embeddable":true,"href":"https:\/\/tgrupcam.com\/index.php\/wp-json\/wp\/v2\/users\/1"}],"replies":[{"embeddable":true,"href":"https:\/\/tgrupcam.com\/index.php\/wp-json\/wp\/v2\/comments?post=2838"}],"version-history":[{"count":0,"href":"https:\/\/tgrupcam.com\/index.php\/wp-json\/wp\/v2\/pages\/2838\/revisions"}],"up":[{"embeddable":true,"href":"https:\/\/tgrupcam.com\/index.php\/wp-json\/wp\/v2\/pages\/2831"}],"wp:attachment":[{"href":"https:\/\/tgrupcam.com\/index.php\/wp-json\/wp\/v2\/media?parent=2838"}],"curies":[{"name":"wp","href":"https:\/\/api.w.org\/{rel}","templated":true}]}}