{"id":2840,"date":"2025-02-05T11:55:59","date_gmt":"2025-02-05T08:55:59","guid":{"rendered":"https:\/\/tgrupcam.com\/index.php\/pazar-teklifi\/ozel-cam\/lamine-cam\/"},"modified":"2025-06-03T19:12:30","modified_gmt":"2025-06-03T16:12:30","slug":"lamine-cam","status":"publish","type":"page","link":"https:\/\/tgrupcam.com\/index.php\/pazar-teklifi\/ozel-cam\/lamine-cam\/?lang=tr","title":{"rendered":"Lamine cam"},"content":{"rendered":"\t\t<div data-elementor-type=\"wp-page\" data-elementor-id=\"2840\" class=\"elementor elementor-2840 elementor-60\" data-elementor-post-type=\"page\">\n\t\t\t\t<div class=\"elementor-element elementor-element-227c0b21 e-con-full e-flex e-con e-parent\" data-id=\"227c0b21\" data-element_type=\"container\" data-e-type=\"container\" data-settings=\"{&quot;background_background&quot;:&quot;classic&quot;,&quot;shape_divider_bottom&quot;:&quot;opacity-fan&quot;}\">\n\t\t\t\t<div class=\"elementor-shape elementor-shape-bottom\" aria-hidden=\"true\" data-negative=\"false\">\n\t\t\t<svg xmlns=\"http:\/\/www.w3.org\/2000\/svg\" viewBox=\"0 0 283.5 19.6\" preserveAspectRatio=\"none\">\n\t<path class=\"elementor-shape-fill\" style=\"opacity:0.33\" d=\"M0 0L0 18.8 141.8 4.1 283.5 18.8 283.5 0z\"\/>\n\t<path class=\"elementor-shape-fill\" style=\"opacity:0.33\" d=\"M0 0L0 12.6 141.8 4 283.5 12.6 283.5 0z\"\/>\n\t<path class=\"elementor-shape-fill\" style=\"opacity:0.33\" d=\"M0 0L0 6.4 141.8 4 283.5 6.4 283.5 0z\"\/>\n\t<path class=\"elementor-shape-fill\" d=\"M0 0L0 1.2 141.8 4 283.5 1.2 283.5 0z\"\/>\n<\/svg>\t\t<\/div>\n\t\t\t\t<div class=\"elementor-element elementor-element-34c3d966 elementor-widget elementor-widget-heading\" data-id=\"34c3d966\" data-element_type=\"widget\" data-e-type=\"widget\" data-widget_type=\"heading.default\">\n\t\t\t\t<div class=\"elementor-widget-container\">\n\t\t\t\t\t<h2 class=\"elementor-heading-title elementor-size-default\">LAM\u0130NE CAM<\/h2>\t\t\t\t<\/div>\n\t\t\t\t<\/div>\n\t\t\t\t<\/div>\n\t\t<div class=\"elementor-element elementor-element-45d0cfb e-flex e-con-boxed e-con e-parent\" data-id=\"45d0cfb\" data-element_type=\"container\" data-e-type=\"container\">\n\t\t\t\t\t<div class=\"e-con-inner\">\n\t\t\t\t<div class=\"elementor-element elementor-element-52e8a1e elementor-widget elementor-widget-heading\" data-id=\"52e8a1e\" data-element_type=\"widget\" data-e-type=\"widget\" data-widget_type=\"heading.default\">\n\t\t\t\t<div class=\"elementor-widget-container\">\n\t\t\t\t\t<h2 class=\"elementor-heading-title elementor-size-default\">LAM\u0130NE CAM HAKKINDA<\/h2>\t\t\t\t<\/div>\n\t\t\t\t<\/div>\n\t\t\t\t<div class=\"elementor-element elementor-element-10956881 elementor-widget elementor-widget-text-editor\" data-id=\"10956881\" data-element_type=\"widget\" data-e-type=\"widget\" data-widget_type=\"text-editor.default\">\n\t\t\t\t<div class=\"elementor-widget-container\">\n\t\t\t\t\t\t\t\t\t<p><strong>T Grup Cam<\/strong>&#8216;da, <strong>geli\u015fmi\u015f g\u00fcvenlik, dayan\u0131kl\u0131l\u0131k ve ses yal\u0131t\u0131m\u0131<\/strong> i\u00e7in tasarlanm\u0131\u015f <strong>y\u00fcksek performansl\u0131 lamine cam<\/strong> sunuyoruz. Lamine cam, <strong>bir ara katmanla (PVB, EVA veya ionoplast)<\/strong> birbirine ba\u011flanm\u0131\u015f <strong>iki veya daha fazla cam katman\u0131ndan<\/strong> olu\u015fur ve <strong>optik berrakl\u0131\u011f\u0131<\/strong> korurken <strong>k\u0131r\u0131lma direnci ve darbe korumas\u0131<\/strong> sa\u011flar.<\/p>\n<p><strong>Avantajlar\u0131:<\/strong><\/p>\n<p>\u2705 <strong>Y\u00fcksek G\u00fcvenlik ve G\u00fcvenlik<\/strong> \u2013 Darbe an\u0131nda bir arada durarak yaralanma riskini azalt\u0131r ve <strong>h\u0131rs\u0131zl\u0131\u011fa kar\u015f\u0131 diren\u00e7<\/strong> sa\u011flar.<br \/>\u2705 <strong>Ses Yal\u0131t\u0131m\u0131<\/strong> \u2013 <strong>D\u0131\u015f g\u00fcr\u00fclt\u00fcy\u00fc<\/strong> etkili bir \u015fekilde azaltarak <strong>daha sessiz bir i\u00e7 ortam<\/strong> sa\u011flar.<br \/>\u2705 <strong>UV Korumas\u0131<\/strong> \u2013 Zararl\u0131 UV \u0131\u015f\u0131nlar\u0131n\u0131n %99&#8217;una kadar\u0131n\u0131<\/strong> engelleyerek i\u00e7 mekanlar\u0131n solmas\u0131n\u0131 \u00f6nler.<br \/>\u2705 <strong>\u00c7ok Y\u00f6nl\u00fc \u00d6zelle\u015ftirme<\/strong> \u2013 <strong>\u00c7e\u015fitli kal\u0131nl\u0131klarda, renklerde ve ara katman t\u00fcrlerinde<\/strong> mevcuttur.<br \/>\u2705 <strong>Geli\u015ftirilmi\u015f Yap\u0131sal B\u00fct\u00fcnl\u00fck<\/strong> \u2013 Ek g\u00fc\u00e7 i\u00e7in <strong>sertle\u015ftirilmi\u015f cam<\/strong> ile birle\u015ftirilebilir.<\/p>\n<p><strong>Uygulamalar:<\/strong><\/p>\n<ul>\n<li><strong>Cepheler ve Perde Duvarlar<\/strong><\/li>\n<li><strong>Pencereler ve Tavan Pencereleri<\/strong><\/li>\n<li><strong>Korkuluklar ve Parmakl\u0131klar<\/strong><\/li>\n<li><strong>G\u00fcvenlik ve Kur\u015fun Ge\u00e7irmez Camlama<\/strong><\/li>\n<li><strong>Cam Zeminler ve Merdivenler<\/strong><\/li>\n<li><strong>Perakende Ma\u011faza Vitrinleri ve Vitrinler<\/strong><\/li>\n<\/ul>\n<p><strong>Lamine cam \u00e7\u00f6z\u00fcmlerimiz<\/strong>, konut, ticari ve end\u00fcstriyel uygulamalar i\u00e7in <strong>uluslararas\u0131 standartlar\u0131<\/strong> kar\u015f\u0131layarak <strong>g\u00fcvenlik, performans ve esteti\u011fin m\u00fckemmel bir dengesini<\/strong> sunar.<\/p>\n\t\t\t\t\t\t\t\t<\/div>\n\t\t\t\t<\/div>\n\t\t\t\t<div class=\"elementor-element elementor-element-5bf7ceea elementor-widget elementor-widget-heading\" data-id=\"5bf7ceea\" data-element_type=\"widget\" data-e-type=\"widget\" data-widget_type=\"heading.default\">\n\t\t\t\t<div class=\"elementor-widget-container\">\n\t\t\t\t\t<h2 class=\"elementor-heading-title elementor-size-default\">SUNULAN \u00dcR\u00dcN T\u0130PLER\u0130<\/h2>\t\t\t\t<\/div>\n\t\t\t\t<\/div>\n\t\t\t\t<div class=\"elementor-element elementor-element-447a658 elementor-widget elementor-widget-text-editor\" data-id=\"447a658\" data-element_type=\"widget\" data-e-type=\"widget\" data-widget_type=\"text-editor.default\">\n\t\t\t\t<div class=\"elementor-widget-container\">\n\t\t\t\t\t\t\t\t\t<div class=\"flex_column av-ss1pqfe-5e03b6b21cca7f21635dfd4e736081da av_two_fifth avia-builder-el-12 el_after_av_hr el_before_av_three_fifth first flex_column_div \">\n<section class=\"av_textblock_section av-rmw8tuy-a48e1a66ce47d5d438d9e8fa82ff77e5 \">\n<div class=\"avia_textblock\">\n<p><strong>\u2013<\/strong>\u00a0laminat camlar<br \/><strong>\u2013<\/strong>\u00a0laminat emniyet camlar\u0131<br \/><strong>\u2013<\/strong>\u00a0laminat koruyucu camlar<\/p>\n<\/div>\n<\/section>\n<\/div>\n<div class=\"flex_column av-rjwyine-458a87aa5bce7d2ece7345fb0aaa3e07 av_three_fifth avia-builder-el-15 el_after_av_two_fifth el_before_av_hr flex_column_div av-zero-column-padding \">\n<section class=\"av_textblock_section av-r2j3nje-c6bd179c23be6110aefa1b4229cd7d67 \">\n<div class=\"avia_textblock\">\n<p>Katmanl\u0131 b\u00f6lmeler, \u00fcretim s\u00fcreci olanaklar\u0131n\u0131n izin verdi\u011fi t\u00fcm kombinasyonlarda y\u00fcr\u00fct\u00fcl\u00fcr. Katmanl\u0131 emniyet camlar\u0131, t\u00fcm olas\u0131 kombinasyonlar aras\u0131nda, EN 12600 Standard\u0131nda verilen s\u0131n\u0131flardan birinin gereksinimlerini kar\u015f\u0131layan camlard\u0131r.<\/p>\n<p>Buna uygun olarak, katmanl\u0131 koruyucu camlar\u0131n yap\u0131s\u0131 EN 356 Standard\u0131n\u0131n gereksinimlerini kar\u015f\u0131lar.<\/p>\n<\/div>\n<\/section>\n<\/div>\n\t\t\t\t\t\t\t\t<\/div>\n\t\t\t\t<\/div>\n\t\t\t\t\t<\/div>\n\t\t\t\t<\/div>\n\t\t<div class=\"elementor-element elementor-element-2040eabc e-flex e-con-boxed e-con e-parent\" data-id=\"2040eabc\" data-element_type=\"container\" data-e-type=\"container\" data-settings=\"{&quot;background_background&quot;:&quot;classic&quot;,&quot;background_motion_fx_motion_fx_scrolling&quot;:&quot;yes&quot;,&quot;background_motion_fx_translateY_effect&quot;:&quot;yes&quot;,&quot;background_motion_fx_translateY_speed&quot;:{&quot;unit&quot;:&quot;px&quot;,&quot;size&quot;:4,&quot;sizes&quot;:[]},&quot;background_motion_fx_translateY_affectedRange&quot;:{&quot;unit&quot;:&quot;%&quot;,&quot;size&quot;:&quot;&quot;,&quot;sizes&quot;:{&quot;start&quot;:0,&quot;end&quot;:100}},&quot;background_motion_fx_devices&quot;:[&quot;desktop&quot;,&quot;tablet&quot;,&quot;mobile&quot;]}\">\n\t\t\t\t\t<div class=\"e-con-inner\">\n\t\t\t\t\t<\/div>\n\t\t\t\t<\/div>\n\t\t<div class=\"elementor-element elementor-element-c2180f9 e-flex e-con-boxed e-con e-parent\" data-id=\"c2180f9\" data-element_type=\"container\" data-e-type=\"container\">\n\t\t\t\t\t<div class=\"e-con-inner\">\n\t\t<div class=\"elementor-element elementor-element-48cff9c9 e-con-full e-flex e-con e-child\" data-id=\"48cff9c9\" data-element_type=\"container\" data-e-type=\"container\">\n\t\t\t\t<div class=\"elementor-element elementor-element-1291df3d elementor-widget elementor-widget-heading\" data-id=\"1291df3d\" data-element_type=\"widget\" data-e-type=\"widget\" data-widget_type=\"heading.default\">\n\t\t\t\t<div class=\"elementor-widget-container\">\n\t\t\t\t\t<h2 class=\"elementor-heading-title elementor-size-default\">G\u00dcVENL\u0130K VE KORUYUCU KATMANLI PANEL YAPILARI SUNULUYOR<\/h2>\t\t\t\t<\/div>\n\t\t\t\t<\/div>\n\t\t\t\t<div class=\"elementor-element elementor-element-23f5e688 elementor-widget elementor-widget-text-editor\" data-id=\"23f5e688\" data-element_type=\"widget\" data-e-type=\"widget\" data-widget_type=\"text-editor.default\">\n\t\t\t\t<div class=\"elementor-widget-container\">\n\t\t\t\t\t\t\t\t\t<table>\n<tbody>\n<tr>\n<td colspan=\"4\">\n<p><strong>\u0130ki katmanl\u0131 lamine cam konstr\u00fcksiyonu<\/strong><\/p>\n<\/td>\n<\/tr>\n<tr>\n<td>Verilen y\u0131k\u0131c\u0131 fakt\u00f6r\u00fcn etki etti\u011fi taraftan itibaren minimum cam kal\u0131nl\u0131\u011f\u0131<\/td>\n<td>0,38 mm kal\u0131nl\u0131\u011f\u0131ndaki folyoda ifade edilen minimum folyo katman miktar\u0131<\/td>\n<td>Verilen y\u0131k\u0131c\u0131 fakt\u00f6r\u00fcn etki etmedi\u011fi taraftan itibaren minimum cam kal\u0131nl\u0131\u011f\u0131<\/td>\n<td>S\u0131n\u0131f EN 12600<\/td>\n<\/tr>\n<tr>\n<td>3<\/td>\n<td>1<\/td>\n<td>3<\/td>\n<td>2B2<\/td>\n<\/tr>\n<tr>\n<td>3<\/td>\n<td>2<\/td>\n<td>3<\/td>\n<td>1B1<\/td>\n<\/tr>\n<\/tbody>\n<\/table>\n\t\t\t\t\t\t\t\t<\/div>\n\t\t\t\t<\/div>\n\t\t\t\t<\/div>\n\t\t\t\t\t<\/div>\n\t\t\t\t<\/div>\n\t\t<div class=\"elementor-element elementor-element-4f5659 e-flex e-con-boxed e-con e-parent\" data-id=\"4f5659\" data-element_type=\"container\" data-e-type=\"container\" data-settings=\"{&quot;background_background&quot;:&quot;classic&quot;}\">\n\t\t\t\t\t<div class=\"e-con-inner\">\n\t\t\t\t<div class=\"elementor-element elementor-element-8578653 elementor-widget elementor-widget-heading\" data-id=\"8578653\" data-element_type=\"widget\" data-e-type=\"widget\" data-widget_type=\"heading.default\">\n\t\t\t\t<div class=\"elementor-widget-container\">\n\t\t\t\t\t<h2 class=\"elementor-heading-title elementor-size-default\">PENCERE TASARIMLARI KORUYUCU TABAKA SA\u011eLAR<\/h2>\t\t\t\t<\/div>\n\t\t\t\t<\/div>\n\t\t\t\t<div class=\"elementor-element elementor-element-19c65727 elementor-widget elementor-widget-text-editor\" data-id=\"19c65727\" data-element_type=\"widget\" data-e-type=\"widget\" data-widget_type=\"text-editor.default\">\n\t\t\t\t<div class=\"elementor-widget-container\">\n\t\t\t\t\t\t\t\t\t<table>\n<tbody>\n<tr>\n<td colspan=\"5\"><strong>\u0130ki katmanl\u0131 lamine cam konstr\u00fcksiyonu<\/strong><\/td>\n<\/tr>\n<tr>\n<td>Nominal kal\u0131nl\u0131k [mm]<\/td>\n<td>Verilen y\u0131k\u0131c\u0131 fakt\u00f6r\u00fcn etki etti\u011fi taraftan itibaren min. cam kal\u0131nl\u0131\u011f\u0131<\/td>\n<td>0,38 mm kal\u0131nl\u0131\u011f\u0131ndaki folyoda ifade edilen minimum folyo katman miktar\u0131<\/td>\n<td>Verilen y\u0131k\u0131c\u0131 fakt\u00f6r\u00fcn etki etmedi\u011fi taraftan itibaren min. cam kal\u0131nl\u0131\u011f\u0131<\/td>\n<td>S\u0131n\u0131f EN 356<\/td>\n<\/tr>\n<tr>\n<td>\u2013<\/td>\n<td>3<\/td>\n<td>2<\/td>\n<td>3<\/td>\n<td>P1A<\/td>\n<\/tr>\n<tr>\n<td>\u2013<\/td>\n<td>4<\/td>\n<td>2<\/td>\n<td>4<\/td>\n<td>P2A<\/td>\n<\/tr>\n<tr>\n<td>\u2013<\/td>\n<td>4<\/td>\n<td >4<\/td>\n<td>4<\/td>\n<td>P3A<\/td>\n<\/tr>\n<tr>\n<td>\u2013<\/td>\n<td>4<\/td>\n<td>4<\/td>\n<td>4<\/td>\n<td>P4A<\/td>\n<\/tr>\n<tr>\n<td>\u2013<\/td>\n<td>4<\/td>\n<td>6<\/td>\n<td>4<\/td>\n<td>P5A<\/td>\n<\/tr>\n<tr>\n<td colspan=\"5\"><strong>\u00c7ok katmanl\u0131 lamine cam konstr\u00fcksiyonu<\/strong><\/td>\n<\/tr>\n<tr>\n<td>15,04<\/td>\n<td>\u2013<\/td>\n<td>\u2013<\/td>\n<td>\u2013<\/td>\n<td>P6B<\/td>\n<\/tr>\n<tr>\n<td>23,04<\/td>\n<td>\u2013<\/td>\n<td>\u2013<\/td>\n<td>\u2013<\/td>\n<td>P7B<\/td>\n<\/tr>\n<tr>\n<td>27,80<\/td>\n<td>\u2013<\/td>\n<td>\u2013<\/td>\n<td>\u2013<\/td>\n<td>P8B<\/td>\n<\/tr>\n<\/tbody>\n<\/table>\n\t\t\t\t\t\t\t\t<\/div>\n\t\t\t\t<\/div>\n\t\t\t\t\t<\/div>\n\t\t\t\t<\/div>\n\t\t<div class=\"elementor-element elementor-element-239b5845 e-flex e-con-boxed e-con e-parent\" data-id=\"239b5845\" data-element_type=\"container\" data-e-type=\"container\">\n\t\t\t\t\t<div class=\"e-con-inner\">\n\t\t\t\t<div class=\"elementor-element elementor-element-3cd82414 elementor-widget elementor-widget-heading\" data-id=\"3cd82414\" data-element_type=\"widget\" data-e-type=\"widget\" data-widget_type=\"heading.default\">\n\t\t\t\t<div class=\"elementor-widget-container\">\n\t\t\t\t\t<h2 class=\"elementor-heading-title elementor-size-default\">PRES CAM \u00dcRET\u0130M HATTI POTANS\u0130YEL\u0130<\/h2>\t\t\t\t<\/div>\n\t\t\t\t<\/div>\n\t\t\t\t<div class=\"elementor-element elementor-element-f9d1067 elementor-widget elementor-widget-text-editor\" data-id=\"f9d1067\" data-element_type=\"widget\" data-e-type=\"widget\" data-widget_type=\"text-editor.default\">\n\t\t\t\t<div class=\"elementor-widget-container\">\n\t\t\t\t\t\t\t\t\t<div class=\"flex_column av-gwkyj9m-cacd860486c1e6cbc571e2dbb01dadb8 av_one_full avia-builder-el-38 el_after_av_one_full el_before_av_one_half first flex_column_div column-top-margin\">\n<section class=\"av_textblock_section av-fqb2aq2-2163ff54cc9fc616140491b3f478989d \">\n<div class=\"avia_textblock\">\n<table>\n<tbody>\n<tr>\n<td>Maksimum paket kal\u0131nl\u0131\u011f\u0131 [mm]<\/td>\n<td colspan=\"6\">100<\/td>\n<\/tr>\n<tr>\n<td>Maksimum. bi\u00e7im \u00f6l\u00e7\u00fcmleri [mm]<\/td>\n<td colspan=\"6\">3210 x 8000<\/td>\n<\/tr>\n<tr>\n<td>Min. bi\u00e7im \u00f6l\u00e7\u00fcmleri [mm]<\/td>\n<td colspan=\"6\">250 x 500<\/td>\n<\/tr>\n<tr>\n<td>\n<p>Maks. a\u011f\u0131rl\u0131k [kg]<\/p>\n<p>\u2013 paket<\/p>\n<p>\u2013 bile\u015fen panelleri<\/p>\n<\/td>\n<td colspan=\"6\">\n<p>\u2013<\/p>\n<p>2000<\/p>\n<p>500<\/p>\n<\/td>\n<\/tr>\n<\/tbody>\n<\/table>\n<\/div>\n<\/section>\n<\/div>\n<div class=\"flex_column av-1k5uqzu-8755b8a9379946ce78b523d240f1bdd4 av_one_half avia-builder-el-41 el_after_av_one_full el_before_av_one_half first flex_column_div column-top-margin\">\n<div class=\"av-special-heading av-1hed7t6-706636e3c2b94156a56113e50f96be6f av-special-heading-h3 blockquote modern-quote avia-builder-el-42 el_before_av_textblock avia-builder-el-first \">\n<p class=\"av-special-heading-tag \">LAM\u0130NASYON \u0130\u00c7\u0130N KULLANILAB\u0130L\u0130R CAM T\u0130PLER\u0130<\/p>\n<\/div>\n<section class=\"av_textblock_section av-ebcu28a-a66046c76fa9d015e1a5f4cd19ccbb4f \">\n<div class=\"avia_textblock\">\n<p><strong>\u2013<\/strong>\u00a0renksiz ve k\u00fctle halinde renkli<br \/><strong>\u2013<\/strong>\u00a0d\u00fc\u015f\u00fck emisyonlu anti-g\u00fcne\u015f ve se\u00e7ici kaplamalarla<br \/><strong>\u2013<\/strong>\u00a0se\u00e7ilmi\u015f s\u00fcslemeler dekorasyon<\/p>\n<\/div>\n<\/section>\n<\/div>\n<div class=\"flex_column av-dyfhnt6-2e4f7a2880df1a9478030d9d41a40971 av_one_half avia-builder-el-44 el_after_av_one_half el_before_av_section avia-builder-el-last flex_column_div av-zero-column-padding column-top-margin\">\n<div class=\"av-special-heading av-dpg9fhm-82a0afa8daad5870b5112a223d4fadaf av-special-heading-h3 blockquote modern-quote avia-builder-el-45 el_before_av_textblock avia-builder-el-first \">\n<p class=\"av-special-heading-tag \">FOIL T\u0130PLER\u0130 \u0130\u00c7\u0130N UYGULANIR<\/p>\n<\/div>\n<section class=\"av_textblock_section av-1bpwyoa-40620bbc9571bb58e38a5ff535850325 \">\n<div class=\"avia_textblock\">\n<p><strong>\u2013<\/strong>\u00a0renksiz<br \/><strong>\u2013<\/strong>\u00a0mat<br \/><strong>\u2013<\/strong>\u00a0akustik<br \/><strong>\u2013<\/strong>\u00a0renkli<\/p>\n<\/div>\n<\/section>\n<\/div>\n\t\t\t\t\t\t\t\t<\/div>\n\t\t\t\t<\/div>\n\t\t\t\t\t<\/div>\n\t\t\t\t<\/div>\n\t\t<div class=\"elementor-element elementor-element-b4491cf e-flex e-con-boxed e-con e-parent\" data-id=\"b4491cf\" data-element_type=\"container\" data-e-type=\"container\" data-settings=\"{&quot;background_background&quot;:&quot;classic&quot;}\">\n\t\t\t\t\t<div class=\"e-con-inner\">\n\t\t\t\t<div class=\"elementor-element elementor-element-22a2d43 elementor-widget elementor-widget-heading\" data-id=\"22a2d43\" data-element_type=\"widget\" data-e-type=\"widget\" data-widget_type=\"heading.default\">\n\t\t\t\t<div class=\"elementor-widget-container\">\n\t\t\t\t\t<h2 class=\"elementor-heading-title elementor-size-default\">EN 12758 ve 12354-3'e Dayal\u0131 Benzer Kal\u0131nl\u0131ktaki Se\u00e7ilmi\u015f Monolitik ve Katmanl\u0131 Camlar\u0131n AKUST\u0130K \u00d6ZELL\u0130KLER\u0130N\u0130N KAR\u015eILA\u015eTIRILMASI<\/h2>\t\t\t\t<\/div>\n\t\t\t\t<\/div>\n\t\t\t\t<div class=\"elementor-element elementor-element-c385fca elementor-widget elementor-widget-text-editor\" data-id=\"c385fca\" data-element_type=\"widget\" data-e-type=\"widget\" data-widget_type=\"text-editor.default\">\n\t\t\t\t<div class=\"elementor-widget-container\">\n\t\t\t\t\t\t\t\t\t<table>\n<tbody>\n<tr>\n<td colspan=\"2\"><strong>Yap\u0131 [mm]<\/strong><\/td>\n<td colspan=\"3\"><strong>Akustik yal\u0131t\u0131m g\u00f6stergesi<br \/>ve adaptif g\u00f6stergeler [dB]<\/strong><\/td>\n<\/tr>\n<tr>\n<td colspan=\"2\">\u00a0<\/td>\n<td>R<sub>w<\/sub><\/td>\n<td>C<sub>tr<\/sub><\/td>\n<td>C<\/td>\n<\/tr>\n<tr>\n<td colspan=\"2\">6<\/td>\n<td>31<\/td>\n<td>-3<\/td>\n<td>-2<\/td>\n<\/tr>\n<tr>\n<td colspan=\"2\">6,4 (VSG 33.1)<\/td>\n<td>32<\/td>\n<td>-3<\/td>\n<td>-1<\/td>\n<\/tr>\n<tr>\n<td colspan=\"2\">8<\/td>\n<td>32<\/td>\n<td>-3<\/td>\n<td>-2<\/td>\n<\/tr>\n<tr>\n<td colspan=\"2\">9,5 (VSG 44,4)<\/td>\n<td>34<\/td>\n<td>-3<\/td>\n<td>-1<\/td>\n<\/tr>\n<\/tbody>\n<\/table>\n\t\t\t\t\t\t\t\t<\/div>\n\t\t\t\t<\/div>\n\t\t\t\t\t<\/div>\n\t\t\t\t<\/div>\n\t\t<div class=\"elementor-element elementor-element-1f9e8efe e-flex e-con-boxed e-con e-parent\" data-id=\"1f9e8efe\" data-element_type=\"container\" data-e-type=\"container\" data-settings=\"{&quot;background_background&quot;:&quot;classic&quot;,&quot;background_motion_fx_motion_fx_scrolling&quot;:&quot;yes&quot;,&quot;background_motion_fx_translateY_effect&quot;:&quot;yes&quot;,&quot;background_motion_fx_translateY_speed&quot;:{&quot;unit&quot;:&quot;px&quot;,&quot;size&quot;:4,&quot;sizes&quot;:[]},&quot;background_motion_fx_translateY_affectedRange&quot;:{&quot;unit&quot;:&quot;%&quot;,&quot;size&quot;:&quot;&quot;,&quot;sizes&quot;:{&quot;start&quot;:0,&quot;end&quot;:100}},&quot;background_motion_fx_devices&quot;:[&quot;desktop&quot;,&quot;tablet&quot;,&quot;mobile&quot;]}\">\n\t\t\t\t\t<div class=\"e-con-inner\">\n\t\t\t\t<div class=\"elementor-element elementor-element-703c37b8 elementor-widget elementor-widget-heading\" data-id=\"703c37b8\" data-element_type=\"widget\" data-e-type=\"widget\" data-widget_type=\"heading.default\">\n\t\t\t\t<div class=\"elementor-widget-container\">\n\t\t\t\t\t<h2 class=\"elementor-heading-title elementor-size-default\">\u00c7evre \u00fczerindeki olumsuz etkiyi s\u0131n\u0131rlamak i\u00e7in \u00fcretim s\u00fcre\u00e7lerimizi s\u00fcrekli olarak g\u00fcncelliyor ve al\u0131\u015fkanl\u0131klar\u0131m\u0131z\u0131 de\u011fi\u015ftiriyoruz.<\/h2>\t\t\t\t<\/div>\n\t\t\t\t<\/div>\n\t\t\t\t<div class=\"elementor-element elementor-element-47cb4f elementor-widget elementor-widget-text-editor\" data-id=\"47cb4f\" data-element_type=\"widget\" data-e-type=\"widget\" data-widget_type=\"text-editor.default\">\n\t\t\t\t<div class=\"elementor-widget-container\">\n\t\t\t\t\t\t\t\t\t<p>De\u011fi\u015fimi kolayla\u015ft\u0131rmak amac\u0131yla, \u00e7evrenin korunmas\u0131na y\u00f6nelik d\u00fcnya \u00e7ap\u0131ndaki y\u00f6netim sistemi olan ISO 14001&#8217;i benimsedik.<\/p>\n\t\t\t\t\t\t\t\t<\/div>\n\t\t\t\t<\/div>\n\t\t\t\t<div class=\"elementor-element elementor-element-17b862ea elementor-align-center elementor-widget elementor-widget-button\" data-id=\"17b862ea\" data-element_type=\"widget\" data-e-type=\"widget\" data-widget_type=\"button.default\">\n\t\t\t\t<div class=\"elementor-widget-container\">\n\t\t\t\t\t\t\t\t\t<div class=\"elementor-button-wrapper\">\n\t\t\t\t\t<a class=\"elementor-button elementor-button-link elementor-size-sm\" href=\"https:\/\/tgrupcam.com\/index.php\/iletisim\/?lang=tr\">\n\t\t\t\t\t\t<span class=\"elementor-button-content-wrapper\">\n\t\t\t\t\t\t\t\t\t<span class=\"elementor-button-text\">\u0130leti\u015fim<\/span>\n\t\t\t\t\t<\/span>\n\t\t\t\t\t<\/a>\n\t\t\t\t<\/div>\n\t\t\t\t\t\t\t\t<\/div>\n\t\t\t\t<\/div>\n\t\t\t\t\t<\/div>\n\t\t\t\t<\/div>\n\t\t\t\t<\/div>\n\t\t","protected":false},"excerpt":{"rendered":"<p>LAM\u0130NE CAM LAM\u0130NE CAM HAKKINDA T Grup Cam&#8216;da, geli\u015fmi\u015f g\u00fcvenlik, dayan\u0131kl\u0131l\u0131k ve ses yal\u0131t\u0131m\u0131 i\u00e7in tasarlanm\u0131\u015f y\u00fcksek performansl\u0131 lamine cam sunuyoruz. Lamine cam, bir ara katmanla (PVB, EVA veya ionoplast) birbirine ba\u011flanm\u0131\u015f iki veya daha fazla cam katman\u0131ndan olu\u015fur ve optik berrakl\u0131\u011f\u0131 korurken k\u0131r\u0131lma direnci ve darbe korumas\u0131 sa\u011flar. Avantajlar\u0131: \u2705 Y\u00fcksek G\u00fcvenlik ve G\u00fcvenlik [&hellip;]<\/p>\n","protected":false},"author":1,"featured_media":0,"parent":2831,"menu_order":0,"comment_status":"closed","ping_status":"closed","template":"elementor_header_footer","meta":{"footnotes":""},"class_list":["post-2840","page","type-page","status-publish","hentry"],"_links":{"self":[{"href":"https:\/\/tgrupcam.com\/index.php\/wp-json\/wp\/v2\/pages\/2840","targetHints":{"allow":["GET"]}}],"collection":[{"href":"https:\/\/tgrupcam.com\/index.php\/wp-json\/wp\/v2\/pages"}],"about":[{"href":"https:\/\/tgrupcam.com\/index.php\/wp-json\/wp\/v2\/types\/page"}],"author":[{"embeddable":true,"href":"https:\/\/tgrupcam.com\/index.php\/wp-json\/wp\/v2\/users\/1"}],"replies":[{"embeddable":true,"href":"https:\/\/tgrupcam.com\/index.php\/wp-json\/wp\/v2\/comments?post=2840"}],"version-history":[{"count":0,"href":"https:\/\/tgrupcam.com\/index.php\/wp-json\/wp\/v2\/pages\/2840\/revisions"}],"up":[{"embeddable":true,"href":"https:\/\/tgrupcam.com\/index.php\/wp-json\/wp\/v2\/pages\/2831"}],"wp:attachment":[{"href":"https:\/\/tgrupcam.com\/index.php\/wp-json\/wp\/v2\/media?parent=2840"}],"curies":[{"name":"wp","href":"https:\/\/api.w.org\/{rel}","templated":true}]}}