{"id":2844,"date":"2025-02-05T11:55:17","date_gmt":"2025-02-05T08:55:17","guid":{"rendered":"https:\/\/tgrupcam.com\/index.php\/pazar-teklifi\/ozel-cam\/sondajlar\/"},"modified":"2025-06-03T19:13:33","modified_gmt":"2025-06-03T16:13:33","slug":"sondajlar","status":"publish","type":"page","link":"https:\/\/tgrupcam.com\/index.php\/pazar-teklifi\/ozel-cam\/sondajlar\/?lang=tr","title":{"rendered":"Sondajlar"},"content":{"rendered":"\t\t<div data-elementor-type=\"wp-page\" data-elementor-id=\"2844\" class=\"elementor elementor-2844 elementor-48\" data-elementor-post-type=\"page\">\n\t\t\t\t<div class=\"elementor-element elementor-element-25ba5bbd e-con-full e-flex e-con e-parent\" data-id=\"25ba5bbd\" data-element_type=\"container\" data-e-type=\"container\" data-settings=\"{&quot;background_background&quot;:&quot;classic&quot;,&quot;shape_divider_bottom&quot;:&quot;opacity-fan&quot;}\">\n\t\t\t\t<div class=\"elementor-shape elementor-shape-bottom\" aria-hidden=\"true\" data-negative=\"false\">\n\t\t\t<svg xmlns=\"http:\/\/www.w3.org\/2000\/svg\" viewBox=\"0 0 283.5 19.6\" preserveAspectRatio=\"none\">\n\t<path class=\"elementor-shape-fill\" style=\"opacity:0.33\" d=\"M0 0L0 18.8 141.8 4.1 283.5 18.8 283.5 0z\"\/>\n\t<path class=\"elementor-shape-fill\" style=\"opacity:0.33\" d=\"M0 0L0 12.6 141.8 4 283.5 12.6 283.5 0z\"\/>\n\t<path class=\"elementor-shape-fill\" style=\"opacity:0.33\" d=\"M0 0L0 6.4 141.8 4 283.5 6.4 283.5 0z\"\/>\n\t<path class=\"elementor-shape-fill\" d=\"M0 0L0 1.2 141.8 4 283.5 1.2 283.5 0z\"\/>\n<\/svg>\t\t<\/div>\n\t\t\t\t<div class=\"elementor-element elementor-element-5138f81a elementor-widget elementor-widget-heading\" data-id=\"5138f81a\" data-element_type=\"widget\" data-e-type=\"widget\" data-widget_type=\"heading.default\">\n\t\t\t\t<div class=\"elementor-widget-container\">\n\t\t\t\t\t<h2 class=\"elementor-heading-title elementor-size-default\">DELMELER<\/h2>\t\t\t\t<\/div>\n\t\t\t\t<\/div>\n\t\t\t\t<\/div>\n\t\t<div class=\"elementor-element elementor-element-7acddfeb e-flex e-con-boxed e-con e-parent\" data-id=\"7acddfeb\" data-element_type=\"container\" data-e-type=\"container\">\n\t\t\t\t\t<div class=\"e-con-inner\">\n\t\t\t\t<div class=\"elementor-element elementor-element-33bc3d42 elementor-widget elementor-widget-heading\" data-id=\"33bc3d42\" data-element_type=\"widget\" data-e-type=\"widget\" data-widget_type=\"heading.default\">\n\t\t\t\t<div class=\"elementor-widget-container\">\n\t\t\t\t\t<h2 class=\"elementor-heading-title elementor-size-default\">DELMELER HAKKINDA<\/h2>\t\t\t\t<\/div>\n\t\t\t\t<\/div>\n\t\t\t\t<div class=\"elementor-element elementor-element-6503b2e6 elementor-widget elementor-widget-text-editor\" data-id=\"6503b2e6\" data-element_type=\"widget\" data-e-type=\"widget\" data-widget_type=\"text-editor.default\">\n\t\t\t\t<div class=\"elementor-widget-container\">\n\t\t\t\t\t\t\t\t\t<p><strong>T Grup Cam<\/strong>&#8216;da, <strong>mimari, end\u00fcstriyel ve dekoratif uygulamalar\u0131n<\/strong> ihtiya\u00e7lar\u0131n\u0131 kar\u015f\u0131lamak \u00fczere tasarlanm\u0131\u015f <strong>hassas cam delme hizmetleri<\/strong> sunuyoruz. <strong>Geli\u015fmi\u015f CNC makinelerini<\/strong> kullanarak, <strong>temiz, do\u011fru ve tala\u015fs\u0131z delikler<\/strong> sa\u011fl\u0131yoruz ve <strong>\u00e7e\u015fitli cam sistemlerine<\/strong> sorunsuz entegrasyon sa\u011fl\u0131yoruz.<\/p>\n<p><strong>Temel Avantajlar:<\/strong><\/p>\n<p>\u2705 <strong>Y\u00fcksek Hassasiyet<\/strong> \u2013 <strong>P\u00fcr\u00fczs\u00fcz kenarlar ve tam delik yerle\u015fimi<\/strong> sa\u011flar.<br \/>\u2705 <strong>\u00d6zelle\u015ftirilebilir Delik Boyutlar\u0131 ve Pozisyonlar<\/strong> \u2013 <strong>Belirli proje gereksinimlerine<\/strong> uyarlanm\u0131\u015ft\u0131r.<br \/>\u2705 <strong>Di\u011fer \u0130\u015flemlerle Uyumluluk<\/strong> \u2013 <strong>Sertle\u015ftirilmi\u015f, lamine edilmi\u015f ve dijital olarak bas\u0131lm\u0131\u015f cam<\/strong> ile birle\u015ftirilebilir.<br \/>\u2705 <strong>Dayan\u0131kl\u0131l\u0131k ve G\u00fcvenlik<\/strong> \u2013 Delinmi\u015f cam <strong>yap\u0131sal b\u00fct\u00fcnl\u00fc\u011f\u00fcn\u00fc ve mukavemetini<\/strong> korur.<br \/>\u2705 <strong>H\u0131zl\u0131 ve G\u00fcvenilir \u0130\u015fleme<\/strong> \u2013 <strong>Y\u00fcksek kalite standartlar\u0131yla<\/strong> h\u0131zl\u0131 teslim s\u00fcreleri.<\/p>\n<p><strong>Sipari\u015fler \u0130\u00e7in \u00d6nemli Gereksinimler:<\/strong><\/p>\n<ul>\n<li><strong>T\u00fcm delme detaylar\u0131 teknik <strong>\u00e7izimler ve \u00f6zellikler<\/strong> ile \u00f6nceden sa\u011flanmal\u0131d\u0131r.<\/li>\n<li><strong>Delme, temperleme i\u015fleminden \u00f6nce tamamlanmal\u0131d\u0131r<\/strong>, \u00e7\u00fcnk\u00fc <strong>sertle\u015ftirilmi\u015f cam daha sonra delinemez<\/strong>.<\/li>\n<\/ul>\n<p><strong>Cam delme hizmetlerimiz<\/strong> en y\u00fcksek end\u00fcstri standartlar\u0131n\u0131 kar\u015f\u0131layarak <strong>hassasiyet, g\u00fcvenlik ve g\u00fcvenilirlik<\/strong> sa\u011flar.<\/p>\n\t\t\t\t\t\t\t\t<\/div>\n\t\t\t\t<\/div>\n\t\t\t\t\t<\/div>\n\t\t\t\t<\/div>\n\t\t<div class=\"elementor-element elementor-element-30ed2f65 e-flex e-con-boxed e-con e-parent\" data-id=\"30ed2f65\" data-element_type=\"container\" data-e-type=\"container\" data-settings=\"{&quot;background_background&quot;:&quot;classic&quot;,&quot;background_motion_fx_motion_fx_scrolling&quot;:&quot;yes&quot;,&quot;background_motion_fx_translateY_effect&quot;:&quot;yes&quot;,&quot;background_motion_fx_translateY_speed&quot;:{&quot;unit&quot;:&quot;px&quot;,&quot;size&quot;:4,&quot;sizes&quot;:[]},&quot;background_motion_fx_translateY_affectedRange&quot;:{&quot;unit&quot;:&quot;%&quot;,&quot;size&quot;:&quot;&quot;,&quot;sizes&quot;:{&quot;start&quot;:0,&quot;end&quot;:100}},&quot;background_motion_fx_devices&quot;:[&quot;desktop&quot;,&quot;tablet&quot;,&quot;mobile&quot;]}\">\n\t\t\t\t\t<div class=\"e-con-inner\">\n\t\t\t\t\t<\/div>\n\t\t\t\t<\/div>\n\t\t<div class=\"elementor-element elementor-element-36e42e4a e-flex e-con-boxed e-con e-parent\" data-id=\"36e42e4a\" data-element_type=\"container\" data-e-type=\"container\">\n\t\t\t\t\t<div class=\"e-con-inner\">\n\t\t<div class=\"elementor-element elementor-element-1700f91b e-con-full e-flex e-con e-child\" data-id=\"1700f91b\" data-element_type=\"container\" data-e-type=\"container\">\n\t\t\t\t<div class=\"elementor-element elementor-element-5b294993 elementor-widget elementor-widget-heading\" data-id=\"5b294993\" data-element_type=\"widget\" data-e-type=\"widget\" data-widget_type=\"heading.default\">\n\t\t\t\t<div class=\"elementor-widget-container\">\n\t\t\t\t\t<h2 class=\"elementor-heading-title elementor-size-default\">NE SUNUYORUZ<\/h2>\t\t\t\t<\/div>\n\t\t\t\t<\/div>\n\t\t\t\t<div class=\"elementor-element elementor-element-7b2c8412 elementor-widget elementor-widget-text-editor\" data-id=\"7b2c8412\" data-element_type=\"widget\" data-e-type=\"widget\" data-widget_type=\"text-editor.default\">\n\t\t\t\t<div class=\"elementor-widget-container\">\n\t\t\t\t\t\t\t\t\t<table>\n<tbody>\n<tr>\n<td><strong>\u0130\u015fleme t\u00fcr\u00fc<\/strong><\/td>\n<td><strong>Cam kal\u0131nl\u0131\u011f\u0131<br \/>[mm]<\/strong><\/td>\n<td><strong>Minimum boyutlar<br \/>[mm]<\/strong><\/td>\n<td><strong>Maksimum boyutlar<br \/>[mm]<\/strong><\/td>\n<\/tr>\n<tr>\n<td>Delme veya frezeleme<\/td>\n<td rowspan=\"6\">3 \u2013 19<\/td>\n<td rowspan=\"6\">150 x 300<\/td>\n<td rowspan=\"6\">3210 x 8000<\/td>\n<\/tr>\n<\/tbody>\n<\/table>\n\t\t\t\t\t\t\t\t<\/div>\n\t\t\t\t<\/div>\n\t\t\t\t<\/div>\n\t\t\t\t\t<\/div>\n\t\t\t\t<\/div>\n\t\t<div class=\"elementor-element elementor-element-15659192 e-flex e-con-boxed e-con e-parent\" data-id=\"15659192\" data-element_type=\"container\" data-e-type=\"container\" data-settings=\"{&quot;background_background&quot;:&quot;classic&quot;}\">\n\t\t\t\t\t<div class=\"e-con-inner\">\n\t\t\t\t<div class=\"elementor-element elementor-element-6f25ed9c elementor-widget elementor-widget-heading\" data-id=\"6f25ed9c\" data-element_type=\"widget\" data-e-type=\"widget\" data-widget_type=\"heading.default\">\n\t\t\t\t<div class=\"elementor-widget-container\">\n\t\t\t\t\t<h2 class=\"elementor-heading-title elementor-size-default\">Sipari\u015fler i\u00e7in Ek Gereksinimler \u2013 Sondajlar<\/h2>\t\t\t\t<\/div>\n\t\t\t\t<\/div>\n\t\t\t\t<div class=\"elementor-element elementor-element-1d028040 elementor-widget elementor-widget-text-editor\" data-id=\"1d028040\" data-element_type=\"widget\" data-e-type=\"widget\" data-widget_type=\"text-editor.default\">\n\t\t\t\t<div class=\"elementor-widget-container\">\n\t\t\t\t\t\t\t\t\t<p><strong>T Grup Cam<\/strong> olarak, t\u00fcm <strong>caml\u0131 \u00fcnitelerimizde ve temperli camlar\u0131m\u0131zda<\/strong> <strong>y\u00fcksek hassasiyetli delme<\/strong> i\u015flemini garanti ediyoruz. <strong>En iyi kalite ve dayan\u0131kl\u0131l\u0131\u011f\u0131<\/strong> garanti etmek i\u00e7in, i\u015flemeden \u00f6nce a\u015fa\u011f\u0131daki gereklilikler kar\u015f\u0131lanmal\u0131d\u0131r:<\/p>\n<p>\ud83d\udd39 <strong>Temperlemeden \u00d6nce Delme<\/strong> \u2013 <strong>Delik delme veya delik modifikasyonu<\/strong> gerektiren t\u00fcm camlar, temperlemeden \u00f6nce <strong>delme i\u015fleminden<\/strong> ge\u00e7melidir, \u00e7\u00fcnk\u00fc <strong>temperli cam daha sonra delinemez<\/strong>.<\/p>\n<p>\ud83d\udd39 <strong>Ayr\u0131nt\u0131l\u0131 Sipari\u015f \u00d6zellikleri<\/strong> \u2013 T\u00fcm <strong>delik boyutlar\u0131, konumlar\u0131 ve teknik gereklilikler<\/strong> sipari\u015fte a\u00e7\u0131k\u00e7a belirtilmelidir. M\u00fc\u015fteriler, <strong>kesin \u00f6l\u00e7\u00fcmleri ve \u00f6zellikleri<\/strong> i\u00e7eren <strong>ayr\u0131nt\u0131l\u0131 teknik \u00e7izimler ve tablolar<\/strong> sa\u011flamal\u0131d\u0131r.<\/p>\n<p>Bu y\u00f6nergeleri izleyerek, her projede <strong>hassasiyet, g\u00fcvenlik ve g\u00fcvenilirlik<\/strong> sa\u011fl\u0131yor ve m\u00fc\u015fteri ihtiya\u00e7lar\u0131na g\u00f6re uyarlanm\u0131\u015f <strong>y\u00fcksek kaliteli cam \u00e7\u00f6z\u00fcmleri<\/strong> sunuyoruz.<\/p>\n<p>\u00a0<\/p>\n\t\t\t\t\t\t\t\t<\/div>\n\t\t\t\t<\/div>\n\t\t\t\t\t<\/div>\n\t\t\t\t<\/div>\n\t\t<div class=\"elementor-element elementor-element-5ca287c8 e-flex e-con-boxed e-con e-parent\" data-id=\"5ca287c8\" data-element_type=\"container\" data-e-type=\"container\" data-settings=\"{&quot;background_background&quot;:&quot;classic&quot;,&quot;background_motion_fx_motion_fx_scrolling&quot;:&quot;yes&quot;,&quot;background_motion_fx_translateY_effect&quot;:&quot;yes&quot;,&quot;background_motion_fx_translateY_speed&quot;:{&quot;unit&quot;:&quot;px&quot;,&quot;size&quot;:4,&quot;sizes&quot;:[]},&quot;background_motion_fx_translateY_affectedRange&quot;:{&quot;unit&quot;:&quot;%&quot;,&quot;size&quot;:&quot;&quot;,&quot;sizes&quot;:{&quot;start&quot;:0,&quot;end&quot;:100}},&quot;background_motion_fx_devices&quot;:[&quot;desktop&quot;,&quot;tablet&quot;,&quot;mobile&quot;]}\">\n\t\t\t\t\t<div class=\"e-con-inner\">\n\t\t\t\t<div class=\"elementor-element elementor-element-16e8b82 elementor-widget elementor-widget-heading\" data-id=\"16e8b82\" data-element_type=\"widget\" data-e-type=\"widget\" data-widget_type=\"heading.default\">\n\t\t\t\t<div class=\"elementor-widget-container\">\n\t\t\t\t\t<h2 class=\"elementor-heading-title elementor-size-default\">\u00c7evre \u00fczerindeki olumsuz etkiyi s\u0131n\u0131rlamak i\u00e7in \u00fcretim s\u00fcre\u00e7lerimizi s\u00fcrekli olarak g\u00fcncelliyor ve al\u0131\u015fkanl\u0131klar\u0131m\u0131z\u0131 de\u011fi\u015ftiriyoruz.<\/h2>\t\t\t\t<\/div>\n\t\t\t\t<\/div>\n\t\t\t\t<div class=\"elementor-element elementor-element-5a7c0b21 elementor-widget elementor-widget-text-editor\" data-id=\"5a7c0b21\" data-element_type=\"widget\" data-e-type=\"widget\" data-widget_type=\"text-editor.default\">\n\t\t\t\t<div class=\"elementor-widget-container\">\n\t\t\t\t\t\t\t\t\t<p>De\u011fi\u015fimi kolayla\u015ft\u0131rmak amac\u0131yla, \u00e7evrenin korunmas\u0131na y\u00f6nelik d\u00fcnya \u00e7ap\u0131ndaki y\u00f6netim sistemi olan ISO 14001&#8217;i benimsedik.<\/p>\n\t\t\t\t\t\t\t\t<\/div>\n\t\t\t\t<\/div>\n\t\t\t\t<div class=\"elementor-element elementor-element-1782e134 elementor-align-center elementor-widget elementor-widget-button\" data-id=\"1782e134\" data-element_type=\"widget\" data-e-type=\"widget\" data-widget_type=\"button.default\">\n\t\t\t\t<div class=\"elementor-widget-container\">\n\t\t\t\t\t\t\t\t\t<div class=\"elementor-button-wrapper\">\n\t\t\t\t\t<a class=\"elementor-button elementor-button-link elementor-size-sm\" href=\"https:\/\/tgrupcam.com\/index.php\/iletisim\/?lang=tr\">\n\t\t\t\t\t\t<span class=\"elementor-button-content-wrapper\">\n\t\t\t\t\t\t\t\t\t<span class=\"elementor-button-text\">\u0130leti\u015fim<\/span>\n\t\t\t\t\t<\/span>\n\t\t\t\t\t<\/a>\n\t\t\t\t<\/div>\n\t\t\t\t\t\t\t\t<\/div>\n\t\t\t\t<\/div>\n\t\t\t\t\t<\/div>\n\t\t\t\t<\/div>\n\t\t\t\t<\/div>\n\t\t","protected":false},"excerpt":{"rendered":"<p>DELMELER DELMELER HAKKINDA T Grup Cam&#8216;da, mimari, end\u00fcstriyel ve dekoratif uygulamalar\u0131n ihtiya\u00e7lar\u0131n\u0131 kar\u015f\u0131lamak \u00fczere tasarlanm\u0131\u015f hassas cam delme hizmetleri sunuyoruz. Geli\u015fmi\u015f CNC makinelerini kullanarak, temiz, do\u011fru ve tala\u015fs\u0131z delikler sa\u011fl\u0131yoruz ve \u00e7e\u015fitli cam sistemlerine sorunsuz entegrasyon sa\u011fl\u0131yoruz. Temel Avantajlar: \u2705 Y\u00fcksek Hassasiyet \u2013 P\u00fcr\u00fczs\u00fcz kenarlar ve tam delik yerle\u015fimi sa\u011flar.\u2705 \u00d6zelle\u015ftirilebilir Delik Boyutlar\u0131 ve Pozisyonlar [&hellip;]<\/p>\n","protected":false},"author":1,"featured_media":0,"parent":2831,"menu_order":0,"comment_status":"closed","ping_status":"closed","template":"elementor_header_footer","meta":{"footnotes":""},"class_list":["post-2844","page","type-page","status-publish","hentry"],"_links":{"self":[{"href":"https:\/\/tgrupcam.com\/index.php\/wp-json\/wp\/v2\/pages\/2844","targetHints":{"allow":["GET"]}}],"collection":[{"href":"https:\/\/tgrupcam.com\/index.php\/wp-json\/wp\/v2\/pages"}],"about":[{"href":"https:\/\/tgrupcam.com\/index.php\/wp-json\/wp\/v2\/types\/page"}],"author":[{"embeddable":true,"href":"https:\/\/tgrupcam.com\/index.php\/wp-json\/wp\/v2\/users\/1"}],"replies":[{"embeddable":true,"href":"https:\/\/tgrupcam.com\/index.php\/wp-json\/wp\/v2\/comments?post=2844"}],"version-history":[{"count":0,"href":"https:\/\/tgrupcam.com\/index.php\/wp-json\/wp\/v2\/pages\/2844\/revisions"}],"up":[{"embeddable":true,"href":"https:\/\/tgrupcam.com\/index.php\/wp-json\/wp\/v2\/pages\/2831"}],"wp:attachment":[{"href":"https:\/\/tgrupcam.com\/index.php\/wp-json\/wp\/v2\/media?parent=2844"}],"curies":[{"name":"wp","href":"https:\/\/api.w.org\/{rel}","templated":true}]}}