{"id":2848,"date":"2025-02-05T11:55:33","date_gmt":"2025-02-05T08:55:33","guid":{"rendered":"https:\/\/tgrupcam.com\/index.php\/pazar-teklifi\/ozel-cam\/dijital-baski\/"},"modified":"2025-06-03T19:13:46","modified_gmt":"2025-06-03T16:13:46","slug":"dijital-baski","status":"publish","type":"page","link":"https:\/\/tgrupcam.com\/index.php\/pazar-teklifi\/ozel-cam\/dijital-baski\/?lang=tr","title":{"rendered":"Dijital bask\u0131"},"content":{"rendered":"\t\t<div data-elementor-type=\"wp-page\" data-elementor-id=\"2848\" class=\"elementor elementor-2848 elementor-52\" data-elementor-post-type=\"page\">\n\t\t\t\t<div class=\"elementor-element elementor-element-7fb1fa25 e-con-full e-flex e-con e-parent\" data-id=\"7fb1fa25\" data-element_type=\"container\" data-e-type=\"container\" data-settings=\"{&quot;background_background&quot;:&quot;classic&quot;,&quot;shape_divider_bottom&quot;:&quot;opacity-fan&quot;}\">\n\t\t\t\t<div class=\"elementor-shape elementor-shape-bottom\" aria-hidden=\"true\" data-negative=\"false\">\n\t\t\t<svg xmlns=\"http:\/\/www.w3.org\/2000\/svg\" viewBox=\"0 0 283.5 19.6\" preserveAspectRatio=\"none\">\n\t<path class=\"elementor-shape-fill\" style=\"opacity:0.33\" d=\"M0 0L0 18.8 141.8 4.1 283.5 18.8 283.5 0z\"\/>\n\t<path class=\"elementor-shape-fill\" style=\"opacity:0.33\" d=\"M0 0L0 12.6 141.8 4 283.5 12.6 283.5 0z\"\/>\n\t<path class=\"elementor-shape-fill\" style=\"opacity:0.33\" d=\"M0 0L0 6.4 141.8 4 283.5 6.4 283.5 0z\"\/>\n\t<path class=\"elementor-shape-fill\" d=\"M0 0L0 1.2 141.8 4 283.5 1.2 283.5 0z\"\/>\n<\/svg>\t\t<\/div>\n\t\t\t\t<div class=\"elementor-element elementor-element-1af6c253 elementor-widget elementor-widget-heading\" data-id=\"1af6c253\" data-element_type=\"widget\" data-e-type=\"widget\" data-widget_type=\"heading.default\">\n\t\t\t\t<div class=\"elementor-widget-container\">\n\t\t\t\t\t<h2 class=\"elementor-heading-title elementor-size-default\">D\u0130J\u0130TAL BASKI<\/h2>\t\t\t\t<\/div>\n\t\t\t\t<\/div>\n\t\t\t\t<\/div>\n\t\t<div class=\"elementor-element elementor-element-443de264 e-flex e-con-boxed e-con e-parent\" data-id=\"443de264\" data-element_type=\"container\" data-e-type=\"container\">\n\t\t\t\t\t<div class=\"e-con-inner\">\n\t\t\t\t<div class=\"elementor-element elementor-element-8c55c8e elementor-widget elementor-widget-heading\" data-id=\"8c55c8e\" data-element_type=\"widget\" data-e-type=\"widget\" data-widget_type=\"heading.default\">\n\t\t\t\t<div class=\"elementor-widget-container\">\n\t\t\t\t\t<h2 class=\"elementor-heading-title elementor-size-default\">D\u0130J\u0130TAL BASKI HAKKINDA<\/h2>\t\t\t\t<\/div>\n\t\t\t\t<\/div>\n\t\t\t\t<div class=\"elementor-element elementor-element-4bad03ce elementor-widget elementor-widget-text-editor\" data-id=\"4bad03ce\" data-element_type=\"widget\" data-e-type=\"widget\" data-widget_type=\"text-editor.default\">\n\t\t\t\t<div class=\"elementor-widget-container\">\n\t\t\t\t\t\t\t\t\t<p><strong>T Grup Cam<\/strong>&#8216;da, hem <strong>mimari hem de dekoratif uygulamalar<\/strong> i\u00e7in <strong>s\u0131n\u0131rs\u0131z tasar\u0131m olanaklar\u0131<\/strong> sunan <strong>y\u00fcksek kaliteli dijital bask\u0131 cam<\/strong> sa\u011fl\u0131yoruz. <strong>Son teknoloji seramik bask\u0131 teknolojisini<\/strong> kullanarak, do\u011frudan cam y\u00fczeylere <strong>canl\u0131, dayan\u0131kl\u0131 ve UV \u0131\u015f\u0131nlar\u0131na dayan\u0131kl\u0131 bask\u0131lar<\/strong> \u00fcretiyoruz ve <strong>uzun \u00f6m\u00fcrl\u00fc ve y\u00fcksek \u00e7\u00f6z\u00fcn\u00fcrl\u00fckl\u00fc tasar\u0131mlar<\/strong> sa\u011fl\u0131yoruz.<\/p>\n<p><strong>Avantajlar:<\/strong><\/p>\n<p>\u2705 <strong>\u00d6zelle\u015ftirilebilir Tasar\u0131mlar<\/strong> \u2013 Bask\u0131lar, benzersiz g\u00f6rsel efektler i\u00e7in <strong>logolar, resimler, desenler veya dokular<\/strong> i\u00e7erebilir.<br \/>\u2705 <strong>Dayan\u0131kl\u0131l\u0131k ve Hava Ko\u015fullar\u0131na Dayan\u0131kl\u0131l\u0131k<\/strong> \u2013 Seramik m\u00fcrekkepler cam y\u00fczeyle b\u00fct\u00fcnle\u015ferek solmaya kar\u015f\u0131 dayan\u0131kl\u0131 ve \u00e7izilmeye kar\u015f\u0131 dayan\u0131kl\u0131 y\u00fczeyler sa\u011flar.<br \/>\u2705 <strong>Enerji Verimlili\u011fi ve I\u015f\u0131k Kontrol\u00fc<\/strong> \u2013 D\u00fc\u015f\u00fck emisyonlu ve g\u00fcne\u015f kontrol kaplamalar\u0131yla birle\u015ftirilebilir.<br \/>\u2705 <strong>\u00c7ok Y\u00f6nl\u00fc Uygulamalar<\/strong> \u2013 Cepheler, i\u00e7 mekanlar ve dekoratif elemanlar i\u00e7in uygundur.<br \/>\u2705 <strong>\u00c7evre Dostu \u00dcretim<\/strong> \u2013 Kur\u015funsuz ve \u00e7evre dostu seramik bazl\u0131 m\u00fcrekkepler kullan\u0131r.<\/p>\n<p><strong>Uygulamalar:<\/strong><\/p>\n<ul>\n<li><strong>Bina Cepheleri ve Cam Kaplamalar<\/strong><\/li>\n<li><strong>\u0130\u00e7 B\u00f6lmeler ve Dekoratif Paneller<\/strong><\/li>\n<li><strong>Perakende Ma\u011faza Vitrinleri ve Tabela<\/strong><\/li>\n<li><strong>Du\u015f Kabinleri ve Korkuluklar<\/strong><\/li>\n<li><strong>Misafirperverlik ve Kurumsal Markala\u015fma<\/strong><\/li>\n<\/ul>\n<p><strong>Dijital Bask\u0131l\u0131 Cam\u0131m\u0131z<\/strong>, <strong>s\u0131radan cam\u0131<\/strong> bir tasar\u0131m ifadesine d\u00f6n\u00fc\u015ft\u00fcrerek<\/strong> <strong>i\u015flevselli\u011fi estetikle<\/strong> birle\u015ftirerek <strong>hem i\u00e7 hem de d\u0131\u015f mekanlar\u0131<\/strong> geli\u015ftirir.<\/p>\n\t\t\t\t\t\t\t\t<\/div>\n\t\t\t\t<\/div>\n\t\t\t\t\t<\/div>\n\t\t\t\t<\/div>\n\t\t<div class=\"elementor-element elementor-element-56ff6661 e-flex e-con-boxed e-con e-parent\" data-id=\"56ff6661\" data-element_type=\"container\" data-e-type=\"container\" data-settings=\"{&quot;background_background&quot;:&quot;classic&quot;,&quot;background_motion_fx_motion_fx_scrolling&quot;:&quot;yes&quot;,&quot;background_motion_fx_translateY_effect&quot;:&quot;yes&quot;,&quot;background_motion_fx_translateY_speed&quot;:{&quot;unit&quot;:&quot;px&quot;,&quot;size&quot;:4,&quot;sizes&quot;:[]},&quot;background_motion_fx_translateY_affectedRange&quot;:{&quot;unit&quot;:&quot;%&quot;,&quot;size&quot;:&quot;&quot;,&quot;sizes&quot;:{&quot;start&quot;:0,&quot;end&quot;:100}},&quot;background_motion_fx_devices&quot;:[&quot;desktop&quot;,&quot;tablet&quot;,&quot;mobile&quot;]}\">\n\t\t\t\t\t<div class=\"e-con-inner\">\n\t\t\t\t\t<\/div>\n\t\t\t\t<\/div>\n\t\t<div class=\"elementor-element elementor-element-7f1d490e e-flex e-con-boxed e-con e-parent\" data-id=\"7f1d490e\" data-element_type=\"container\" data-e-type=\"container\">\n\t\t\t\t\t<div class=\"e-con-inner\">\n\t\t<div class=\"elementor-element elementor-element-6621268f e-con-full e-flex e-con e-child\" data-id=\"6621268f\" data-element_type=\"container\" data-e-type=\"container\">\n\t\t\t\t<div class=\"elementor-element elementor-element-dfc8ec1 elementor-widget elementor-widget-heading\" data-id=\"dfc8ec1\" data-element_type=\"widget\" data-e-type=\"widget\" data-widget_type=\"heading.default\">\n\t\t\t\t<div class=\"elementor-widget-container\">\n\t\t\t\t\t<h2 class=\"elementor-heading-title elementor-size-default\">M\u00fc\u015fteriler \u0130\u00e7in Talimatlar \u2013 Dijital Bask\u0131 Cam<\/h2>\t\t\t\t<\/div>\n\t\t\t\t<\/div>\n\t\t\t\t<div class=\"elementor-element elementor-element-4b5b6bfc elementor-widget elementor-widget-text-editor\" data-id=\"4b5b6bfc\" data-element_type=\"widget\" data-e-type=\"widget\" data-widget_type=\"text-editor.default\">\n\t\t\t\t<div class=\"elementor-widget-container\">\n\t\t\t\t\t\t\t\t\t<p><strong>T Grup Cam<\/strong> olarak, hassas dosya format\u0131 ve \u00e7\u00f6z\u00fcn\u00fcrl\u00fck gereksinimlerini takip ederek <strong>cam \u00fczerine y\u00fcksek kaliteli dijital bask\u0131<\/strong> sa\u011fl\u0131yoruz. <strong>Optimum bask\u0131 netli\u011fi ve dayan\u0131kl\u0131l\u0131\u011f\u0131<\/strong> elde etmek i\u00e7in, g\u00f6nderilen grafik dosyalar\u0131 i\u00e7in a\u015fa\u011f\u0131daki \u00f6zellikleri \u00f6neriyoruz:<\/p>\n<p>\ud83d\udd39 <strong>Kabul Edilen Dosya Bi\u00e7imleri:<\/strong> <strong>PDF, PS, EPS, DXF, DWG, DWF, TIFF, BMP ve JPEG<\/strong>.<br \/>\ud83d\udd39 <strong>\u00c7\u00f6z\u00fcn\u00fcrl\u00fck Gereksinimi:<\/strong> Net, y\u00fcksek kaliteli bask\u0131lar i\u00e7in <strong>minimum 72 dpi<\/strong> \u00e7\u00f6z\u00fcn\u00fcrl\u00fck \u00f6nerilir.<br \/>\ud83d\udd39 <strong>Bask\u0131 Boyutu Hususlar\u0131:<\/strong> <strong>Maksimum \u00fcst bask\u0131 boyutu<\/strong> <strong>grafik materyalin kalitesine ve \u00e7\u00f6z\u00fcn\u00fcrl\u00fc\u011f\u00fcne<\/strong> ba\u011fl\u0131d\u0131r.<\/p>\n<p>\u00d6nerilen bi\u00e7imlerde <strong>y\u00fcksek \u00e7\u00f6z\u00fcn\u00fcrl\u00fckl\u00fc grafik dosyalar\u0131<\/strong> sa\u011flayarak, m\u00fc\u015fteriler cam \u00fczerinde <strong>keskin, canl\u0131 ve uzun \u00f6m\u00fcrl\u00fc dijital bask\u0131lar<\/strong> sa\u011flayabilirler.<\/p>\n\t\t\t\t\t\t\t\t<\/div>\n\t\t\t\t<\/div>\n\t\t\t\t<\/div>\n\t\t\t\t\t<\/div>\n\t\t\t\t<\/div>\n\t\t<div class=\"elementor-element elementor-element-5f1e737a e-flex e-con-boxed e-con e-parent\" data-id=\"5f1e737a\" data-element_type=\"container\" data-e-type=\"container\" data-settings=\"{&quot;background_background&quot;:&quot;classic&quot;}\">\n\t\t\t\t\t<div class=\"e-con-inner\">\n\t\t\t\t<div class=\"elementor-element elementor-element-63aa0f02 elementor-widget elementor-widget-heading\" data-id=\"63aa0f02\" data-element_type=\"widget\" data-e-type=\"widget\" data-widget_type=\"heading.default\">\n\t\t\t\t<div class=\"elementor-widget-container\">\n\t\t\t\t\t<h2 class=\"elementor-heading-title elementor-size-default\">BASKI BOYUTU<\/h2>\t\t\t\t<\/div>\n\t\t\t\t<\/div>\n\t\t\t\t<div class=\"elementor-element elementor-element-4bf1b3ea elementor-widget elementor-widget-text-editor\" data-id=\"4bf1b3ea\" data-element_type=\"widget\" data-e-type=\"widget\" data-widget_type=\"text-editor.default\">\n\t\t\t\t<div class=\"elementor-widget-container\">\n\t\t\t\t\t\t\t\t\t<table>\n<tbody>\n<tr>\n<td><strong>Cam kal\u0131nl\u0131\u011f\u0131<br \/>[mm]<\/strong><\/td>\n<td><strong>Minimum boyutlar<br \/>[mm]<\/strong><\/td>\n<td><strong>Maksimum boyutlar<br \/>[mm]<\/strong><\/td>\n<\/tr>\n<tr>\n<td>4<\/td>\n<td>100 x 250<\/td>\n<td>\u00a03210 x 6000<\/td>\n<\/tr>\n<tr>\n<td>5<\/td>\n<td>100 x 250<\/td>\n<td>3210 x 6000<\/td>\n<\/tr>\n<tr>\n<td>6-19<\/td>\n<td>100 x 250<\/td>\n<td>3210 x 6000<\/td>\n<\/tr>\n<\/tbody>\n<\/table>\n\t\t\t\t\t\t\t\t<\/div>\n\t\t\t\t<\/div>\n\t\t\t\t\t<\/div>\n\t\t\t\t<\/div>\n\t\t<div class=\"elementor-element elementor-element-6251ca34 e-flex e-con-boxed e-con e-parent\" data-id=\"6251ca34\" data-element_type=\"container\" data-e-type=\"container\" data-settings=\"{&quot;background_background&quot;:&quot;classic&quot;,&quot;background_motion_fx_motion_fx_scrolling&quot;:&quot;yes&quot;,&quot;background_motion_fx_translateY_effect&quot;:&quot;yes&quot;,&quot;background_motion_fx_translateY_speed&quot;:{&quot;unit&quot;:&quot;px&quot;,&quot;size&quot;:4,&quot;sizes&quot;:[]},&quot;background_motion_fx_translateY_affectedRange&quot;:{&quot;unit&quot;:&quot;%&quot;,&quot;size&quot;:&quot;&quot;,&quot;sizes&quot;:{&quot;start&quot;:0,&quot;end&quot;:100}},&quot;background_motion_fx_devices&quot;:[&quot;desktop&quot;,&quot;tablet&quot;,&quot;mobile&quot;]}\">\n\t\t\t\t\t<div class=\"e-con-inner\">\n\t\t\t\t<div class=\"elementor-element elementor-element-6fd0ed89 elementor-widget elementor-widget-heading\" data-id=\"6fd0ed89\" data-element_type=\"widget\" data-e-type=\"widget\" data-widget_type=\"heading.default\">\n\t\t\t\t<div class=\"elementor-widget-container\">\n\t\t\t\t\t<h2 class=\"elementor-heading-title elementor-size-default\">\u00c7evre \u00fczerindeki olumsuz etkiyi s\u0131n\u0131rlamak i\u00e7in \u00fcretim s\u00fcre\u00e7lerimizi s\u00fcrekli olarak g\u00fcncelliyor ve al\u0131\u015fkanl\u0131klar\u0131m\u0131z\u0131 de\u011fi\u015ftiriyoruz.<\/h2>\t\t\t\t<\/div>\n\t\t\t\t<\/div>\n\t\t\t\t<div class=\"elementor-element elementor-element-12178153 elementor-widget elementor-widget-text-editor\" data-id=\"12178153\" data-element_type=\"widget\" data-e-type=\"widget\" data-widget_type=\"text-editor.default\">\n\t\t\t\t<div class=\"elementor-widget-container\">\n\t\t\t\t\t\t\t\t\t<p>De\u011fi\u015fimi kolayla\u015ft\u0131rmak amac\u0131yla, \u00e7evrenin korunmas\u0131na y\u00f6nelik d\u00fcnya \u00e7ap\u0131ndaki y\u00f6netim sistemi olan ISO 14001&#8217;i benimsedik.<\/p>\n\t\t\t\t\t\t\t\t<\/div>\n\t\t\t\t<\/div>\n\t\t\t\t<div class=\"elementor-element elementor-element-3cd89381 elementor-align-center elementor-widget elementor-widget-button\" data-id=\"3cd89381\" data-element_type=\"widget\" data-e-type=\"widget\" data-widget_type=\"button.default\">\n\t\t\t\t<div class=\"elementor-widget-container\">\n\t\t\t\t\t\t\t\t\t<div class=\"elementor-button-wrapper\">\n\t\t\t\t\t<a class=\"elementor-button elementor-button-link elementor-size-sm\" href=\"https:\/\/tgrupcam.com\/index.php\/iletisim\/?lang=tr\">\n\t\t\t\t\t\t<span class=\"elementor-button-content-wrapper\">\n\t\t\t\t\t\t\t\t\t<span class=\"elementor-button-text\">\u0130leti\u015fim<\/span>\n\t\t\t\t\t<\/span>\n\t\t\t\t\t<\/a>\n\t\t\t\t<\/div>\n\t\t\t\t\t\t\t\t<\/div>\n\t\t\t\t<\/div>\n\t\t\t\t\t<\/div>\n\t\t\t\t<\/div>\n\t\t\t\t<\/div>\n\t\t","protected":false},"excerpt":{"rendered":"<p>D\u0130J\u0130TAL BASKI D\u0130J\u0130TAL BASKI HAKKINDA T Grup Cam&#8216;da, hem mimari hem de dekoratif uygulamalar i\u00e7in s\u0131n\u0131rs\u0131z tasar\u0131m olanaklar\u0131 sunan y\u00fcksek kaliteli dijital bask\u0131 cam sa\u011fl\u0131yoruz. Son teknoloji seramik bask\u0131 teknolojisini kullanarak, do\u011frudan cam y\u00fczeylere canl\u0131, dayan\u0131kl\u0131 ve UV \u0131\u015f\u0131nlar\u0131na dayan\u0131kl\u0131 bask\u0131lar \u00fcretiyoruz ve uzun \u00f6m\u00fcrl\u00fc ve y\u00fcksek \u00e7\u00f6z\u00fcn\u00fcrl\u00fckl\u00fc tasar\u0131mlar sa\u011fl\u0131yoruz. Avantajlar: \u2705 \u00d6zelle\u015ftirilebilir Tasar\u0131mlar \u2013 [&hellip;]<\/p>\n","protected":false},"author":1,"featured_media":0,"parent":2831,"menu_order":0,"comment_status":"closed","ping_status":"closed","template":"elementor_header_footer","meta":{"footnotes":""},"class_list":["post-2848","page","type-page","status-publish","hentry"],"_links":{"self":[{"href":"https:\/\/tgrupcam.com\/index.php\/wp-json\/wp\/v2\/pages\/2848","targetHints":{"allow":["GET"]}}],"collection":[{"href":"https:\/\/tgrupcam.com\/index.php\/wp-json\/wp\/v2\/pages"}],"about":[{"href":"https:\/\/tgrupcam.com\/index.php\/wp-json\/wp\/v2\/types\/page"}],"author":[{"embeddable":true,"href":"https:\/\/tgrupcam.com\/index.php\/wp-json\/wp\/v2\/users\/1"}],"replies":[{"embeddable":true,"href":"https:\/\/tgrupcam.com\/index.php\/wp-json\/wp\/v2\/comments?post=2848"}],"version-history":[{"count":0,"href":"https:\/\/tgrupcam.com\/index.php\/wp-json\/wp\/v2\/pages\/2848\/revisions"}],"up":[{"embeddable":true,"href":"https:\/\/tgrupcam.com\/index.php\/wp-json\/wp\/v2\/pages\/2831"}],"wp:attachment":[{"href":"https:\/\/tgrupcam.com\/index.php\/wp-json\/wp\/v2\/media?parent=2848"}],"curies":[{"name":"wp","href":"https:\/\/api.w.org\/{rel}","templated":true}]}}