{"id":2852,"date":"2025-02-05T11:55:03","date_gmt":"2025-02-05T08:55:03","guid":{"rendered":"https:\/\/tgrupcam.com\/index.php\/pazar-teklifi\/ozel-cam\/isiya-dayanma-testi-hst\/"},"modified":"2025-06-03T19:12:47","modified_gmt":"2025-06-03T16:12:47","slug":"isiya-dayanma-testi-hst","status":"publish","type":"page","link":"https:\/\/tgrupcam.com\/index.php\/pazar-teklifi\/ozel-cam\/isiya-dayanma-testi-hst\/?lang=tr","title":{"rendered":"Is\u0131ya Dayanma Testi \u2013 HST"},"content":{"rendered":"\t\t<div data-elementor-type=\"wp-page\" data-elementor-id=\"2852\" class=\"elementor elementor-2852 elementor-45\" data-elementor-post-type=\"page\">\n\t\t\t\t<div class=\"elementor-element elementor-element-2bfee545 e-con-full e-flex e-con e-parent\" data-id=\"2bfee545\" data-element_type=\"container\" data-e-type=\"container\" data-settings=\"{&quot;background_background&quot;:&quot;classic&quot;,&quot;shape_divider_bottom&quot;:&quot;opacity-fan&quot;}\">\n\t\t\t\t<div class=\"elementor-shape elementor-shape-bottom\" aria-hidden=\"true\" data-negative=\"false\">\n\t\t\t<svg xmlns=\"http:\/\/www.w3.org\/2000\/svg\" viewBox=\"0 0 283.5 19.6\" preserveAspectRatio=\"none\">\n\t<path class=\"elementor-shape-fill\" style=\"opacity:0.33\" d=\"M0 0L0 18.8 141.8 4.1 283.5 18.8 283.5 0z\"\/>\n\t<path class=\"elementor-shape-fill\" style=\"opacity:0.33\" d=\"M0 0L0 12.6 141.8 4 283.5 12.6 283.5 0z\"\/>\n\t<path class=\"elementor-shape-fill\" style=\"opacity:0.33\" d=\"M0 0L0 6.4 141.8 4 283.5 6.4 283.5 0z\"\/>\n\t<path class=\"elementor-shape-fill\" d=\"M0 0L0 1.2 141.8 4 283.5 1.2 283.5 0z\"\/>\n<\/svg>\t\t<\/div>\n\t\t\t\t<div class=\"elementor-element elementor-element-2ef33b39 elementor-widget elementor-widget-heading\" data-id=\"2ef33b39\" data-element_type=\"widget\" data-e-type=\"widget\" data-widget_type=\"heading.default\">\n\t\t\t\t<div class=\"elementor-widget-container\">\n\t\t\t\t\t<h2 class=\"elementor-heading-title elementor-size-default\">ISITMA TEST\u0130 - HST<\/h2>\t\t\t\t<\/div>\n\t\t\t\t<\/div>\n\t\t\t\t<\/div>\n\t\t<div class=\"elementor-element elementor-element-34dc5698 e-flex e-con-boxed e-con e-parent\" data-id=\"34dc5698\" data-element_type=\"container\" data-e-type=\"container\">\n\t\t\t\t\t<div class=\"e-con-inner\">\n\t\t\t\t<div class=\"elementor-element elementor-element-7af5518b elementor-widget elementor-widget-heading\" data-id=\"7af5518b\" data-element_type=\"widget\" data-e-type=\"widget\" data-widget_type=\"heading.default\">\n\t\t\t\t<div class=\"elementor-widget-container\">\n\t\t\t\t\t<h2 class=\"elementor-heading-title elementor-size-default\">HEAT SOAK TEST HAKKINDA - HST<\/h2>\t\t\t\t<\/div>\n\t\t\t\t<\/div>\n\t\t\t\t<div class=\"elementor-element elementor-element-77c59f0d elementor-widget elementor-widget-text-editor\" data-id=\"77c59f0d\" data-element_type=\"widget\" data-e-type=\"widget\" data-widget_type=\"text-editor.default\">\n\t\t\t\t<div class=\"elementor-widget-container\">\n\t\t\t\t\t\t\t\t\t<p><strong>T Grup Cam<\/strong>&#8216;da, <strong>sertle\u015ftirilmi\u015f cam\u0131m\u0131z\u0131n<\/strong> <strong>g\u00fcvenli\u011fini ve g\u00fcvenilirli\u011fini<\/strong> art\u0131rmak i\u00e7in <strong>Is\u0131ya Dayanma Testi<\/strong> (HST) ger\u00e7ekle\u015ftiriyoruz. Bu i\u015flem, <strong>nikel s\u00fclf\u00fcr (NiS) inkl\u00fczyonlar\u0131n\u0131n<\/strong> neden oldu\u011fu kendili\u011finden k\u0131r\u0131lma riskini <strong>azaltmaya<\/strong> yard\u0131mc\u0131 olarak, zorlu uygulamalarda <strong>daha y\u00fcksek dayan\u0131kl\u0131l\u0131k ve performans<\/strong> sa\u011flar.<\/p>\n<p><strong>Is\u0131ya Dayanma Testi Nedir?<\/strong><\/p>\n<p><strong>HST i\u015flemi<\/strong>, <strong>sertle\u015ftirilmi\u015f cam\u0131n<\/strong> belirli bir s\u00fcre boyunca yakla\u015f\u0131k <strong>290\u00b0C&#8217;ye (554\u00b0F)<\/strong> \u0131s\u0131t\u0131ld\u0131\u011f\u0131 kontroll\u00fc bir <strong>\u0131s\u0131ya dayanma odas\u0131na<\/strong> yerle\u015ftirilmesini i\u00e7erir. Bu kontroll\u00fc \u0131s\u0131tma, <strong>herhangi bir nikel s\u00fclf\u00fcr kapan\u0131m\u0131n\u0131n geni\u015flemesini<\/strong> h\u0131zland\u0131r\u0131r ve ar\u0131zal\u0131 cam\u0131n kullan\u0131ma al\u0131nd\u0131ktan sonra de\u011fil, <strong>kurulumdan \u00f6nce<\/strong> k\u0131r\u0131lmas\u0131na neden olur.<\/p>\n<p><strong>HST&#8217;nin Avantajlar\u0131:<\/strong><\/p>\n<p>\u2705 <strong>Kendili\u011finden K\u0131r\u0131lmay\u0131 \u00d6nler<\/strong> \u2013 Gizli kirlilikler i\u00e7eren cam\u0131 tespit eder ve ortadan kald\u0131r\u0131r.<br \/>\u2705 <strong>Geli\u015fmi\u015f G\u00fcvenlik ve G\u00fcvenilirlik<\/strong> \u2013 Yaln\u0131zca <strong>y\u00fcksek kaliteli, kusursuz<\/strong> camlar\u0131n tak\u0131lmas\u0131n\u0131 sa\u011flar.<br \/>\u2705 <strong>Uluslararas\u0131 Standartlara Uygunluk<\/strong> \u2013 <strong>Bina cepheleri, korkuluklar ve yap\u0131sal camlama<\/strong> i\u00e7in end\u00fcstri g\u00fcvenlik d\u00fczenlemelerine uygundur.<br \/>\u2705 <strong>Kritik Uygulamalar \u0130\u00e7in \u00d6nemli<\/strong> \u2013 <strong>Perde duvarlar, tavan camlar\u0131 ve halka a\u00e7\u0131k alanlar<\/strong> gibi y\u00fcksek riskli alanlar<\/strong> i\u00e7in \u00f6nerilir.<\/p>\n<p><strong>Uygulamalar:<\/strong><\/p>\n<ul>\n<li><strong>Cepheler ve Perde Duvarlar<\/strong><\/li>\n<li><strong>Cam Korkuluklar ve Parmakl\u0131klar<\/strong><\/li>\n<li><strong>Tavan Pencereleri ve \u00c7at\u0131 Camlama<\/strong><\/li>\n<li><strong>Yap\u0131sal Cam Elemanlar\u0131<\/strong><\/li>\n<li><strong>Y\u00fcksek Riskli Kamusal Alanlar<\/strong><\/li>\n<\/ul>\n<p><strong>T Grup Cam<\/strong>, <strong>Is\u0131 Emme Testi<\/strong>&#8216;ni entegre ederek, <strong>sertle\u015ftirilmi\u015f camlar\u0131m\u0131z\u0131n en y\u00fcksek g\u00fcvenlik standartlar\u0131n\u0131 kar\u015f\u0131lamas\u0131n\u0131<\/strong> sa\u011flayarak mimarlar, m\u00fchendisler ve proje geli\u015ftiriciler i\u00e7in <strong>i\u00e7 huzuru ve uzun vadeli g\u00fcvenilirlik<\/strong> sa\u011flar.<\/p>\n\t\t\t\t\t\t\t\t<\/div>\n\t\t\t\t<\/div>\n\t\t\t\t\t<\/div>\n\t\t\t\t<\/div>\n\t\t<div class=\"elementor-element elementor-element-1bd595ba e-flex e-con-boxed e-con e-parent\" data-id=\"1bd595ba\" data-element_type=\"container\" data-e-type=\"container\" data-settings=\"{&quot;background_background&quot;:&quot;classic&quot;,&quot;background_motion_fx_motion_fx_scrolling&quot;:&quot;yes&quot;,&quot;background_motion_fx_translateY_effect&quot;:&quot;yes&quot;,&quot;background_motion_fx_translateY_speed&quot;:{&quot;unit&quot;:&quot;px&quot;,&quot;size&quot;:4,&quot;sizes&quot;:[]},&quot;background_motion_fx_translateY_affectedRange&quot;:{&quot;unit&quot;:&quot;%&quot;,&quot;size&quot;:&quot;&quot;,&quot;sizes&quot;:{&quot;start&quot;:0,&quot;end&quot;:100}},&quot;background_motion_fx_devices&quot;:[&quot;desktop&quot;,&quot;tablet&quot;,&quot;mobile&quot;]}\">\n\t\t\t\t\t<div class=\"e-con-inner\">\n\t\t\t\t\t<\/div>\n\t\t\t\t<\/div>\n\t\t<div class=\"elementor-element elementor-element-6939f4e5 e-flex e-con-boxed e-con e-parent\" data-id=\"6939f4e5\" data-element_type=\"container\" data-e-type=\"container\">\n\t\t\t\t\t<div class=\"e-con-inner\">\n\t\t<div class=\"elementor-element elementor-element-2a2c90ec e-con-full e-flex e-con e-child\" data-id=\"2a2c90ec\" data-element_type=\"container\" data-e-type=\"container\">\n\t\t\t\t<div class=\"elementor-element elementor-element-10d90f6c elementor-widget elementor-widget-heading\" data-id=\"10d90f6c\" data-element_type=\"widget\" data-e-type=\"widget\" data-widget_type=\"heading.default\">\n\t\t\t\t<div class=\"elementor-widget-container\">\n\t\t\t\t\t<h2 class=\"elementor-heading-title elementor-size-default\">Is\u0131ya Dayan\u0131kl\u0131l\u0131k Testi (HST) Sertle\u015ftirilmi\u015f Camlarda Nas\u0131l \u00c7al\u0131\u015f\u0131r?<\/h2>\t\t\t\t<\/div>\n\t\t\t\t<\/div>\n\t\t\t\t<div class=\"elementor-element elementor-element-5df66167 elementor-widget elementor-widget-text-editor\" data-id=\"5df66167\" data-element_type=\"widget\" data-e-type=\"widget\" data-widget_type=\"text-editor.default\">\n\t\t\t\t<div class=\"elementor-widget-container\">\n\t\t\t\t\t\t\t\t\t<p><strong>T Grup Cam<\/strong>&#8216;da, t\u00fcm <strong>sertle\u015ftirilmi\u015f cam \u00fcr\u00fcnlerimizde<\/strong> <strong>g\u00fcvenlik ve dayan\u0131kl\u0131l\u0131\u011fa<\/strong> \u00f6ncelik veriyoruz. <strong>Nikel s\u00fclf\u00fcr (NiS) inkl\u00fczyonlar\u0131ndan kaynaklanan kendili\u011finden k\u0131r\u0131lma<\/strong> riskinin anla\u015f\u0131lmas\u0131, <strong>Is\u0131ya Dayanma Testi<\/strong>&#8216;nin (HST) geli\u015ftirilmesine yol a\u00e7m\u0131\u015ft\u0131r. Bu, kurulumdan \u00f6nce ar\u0131zal\u0131 cam\u0131 tespit eden ve ortadan kald\u0131ran <strong>\u00f6nleyici bir y\u00f6ntemdir<\/strong>.<\/p>\n<p><strong>HST<\/strong> s\u0131ras\u0131nda, <strong>sertle\u015ftirilmi\u015f cam<\/strong>, <strong>uluslararas\u0131 g\u00fcvenlik standartlar\u0131na<\/strong> g\u00f6re belirli bir s\u00fcre boyunca yakla\u015f\u0131k <strong>290\u00b0C<\/strong>&#8216;ye \u0131s\u0131t\u0131l\u0131r. Bu i\u015flem, <strong>gizli nikel s\u00fclf\u00fcr genle\u015fmesini<\/strong> h\u0131zland\u0131r\u0131r ve ar\u0131zal\u0131 camlar\u0131n neredeyse <strong>%99&#8217;unun<\/strong> kurulumdan sonra de\u011fil, kontroll\u00fc test odas\u0131n\u0131n i\u00e7inde k\u0131r\u0131lmas\u0131na neden olur.<\/p>\n\t\t\t\t\t\t\t\t<\/div>\n\t\t\t\t<\/div>\n\t\t\t\t<\/div>\n\t\t\t\t\t<\/div>\n\t\t\t\t<\/div>\n\t\t<div class=\"elementor-element elementor-element-51a0e7d8 e-flex e-con-boxed e-con e-parent\" data-id=\"51a0e7d8\" data-element_type=\"container\" data-e-type=\"container\" data-settings=\"{&quot;background_background&quot;:&quot;classic&quot;}\">\n\t\t\t\t\t<div class=\"e-con-inner\">\n\t\t\t\t<div class=\"elementor-element elementor-element-1711a5df elementor-widget elementor-widget-heading\" data-id=\"1711a5df\" data-element_type=\"widget\" data-e-type=\"widget\" data-widget_type=\"heading.default\">\n\t\t\t\t<div class=\"elementor-widget-container\">\n\t\t\t\t\t<h2 class=\"elementor-heading-title elementor-size-default\">Neden HST Temperli Cam\u0131 Se\u00e7melisiniz?<\/h2>\t\t\t\t<\/div>\n\t\t\t\t<\/div>\n\t\t\t\t<div class=\"elementor-element elementor-element-3f21b470 elementor-widget elementor-widget-text-editor\" data-id=\"3f21b470\" data-element_type=\"widget\" data-e-type=\"widget\" data-widget_type=\"text-editor.default\">\n\t\t\t\t<div class=\"elementor-widget-container\">\n\t\t\t\t\t\t\t\t\t<p>Artan <strong>g\u00fcvenlik d\u00fczenlemeleri<\/strong> ve <strong>mimarlar, m\u00fcteahhitler<\/strong> ve yat\u0131r\u0131mc\u0131lar<\/strong> aras\u0131nda artan fark\u0131ndal\u0131kla birlikte, bir\u00e7ok b\u00fcy\u00fck \u00f6l\u00e7ekli proje art\u0131k HST testli cam <strong>gerektiriyor<\/strong>.<\/p>\n<p>\ud83d\udd39 <strong>Maliyetli De\u011fi\u015fimleri \u00d6nler<\/strong> \u2013 K\u0131r\u0131k camlar <strong>derhal<\/strong> bir \u015fekilde de\u011fi\u015ftirilmelidir<\/strong>, genellikle <strong>kald\u0131rma vin\u00e7leri<\/strong> veya \u00f6zel ekipman<\/strong> gerektirir ve <strong>y\u00fcksek onar\u0131m maliyetlerine<\/strong> yol a\u00e7ar.<\/p>\n<p>\ud83d\udd39 <strong>Bina G\u00fcvenli\u011fini Art\u0131r\u0131r<\/strong> \u2013 <strong>K\u0131r\u0131k bir cephe veya cam \u00fcnitesi<\/strong> binalar\u0131 <strong>savunmas\u0131z<\/strong> hale getirebilir, g\u00fcvenli\u011fi ve eri\u015fim kontrol\u00fcn\u00fc tehlikeye atabilir.<\/p>\n<p>\ud83d\udd39 <strong>Yaralanma Risklerini Azalt\u0131r<\/strong> Yasal Sorunlar<\/strong> \u2013 <strong>Y\u00fcksek y\u00fckseklikteki bir cam panel<\/strong> k\u0131r\u0131l\u0131rsa, <strong>k\u00fc\u00e7\u00fck, k\u00f6relmi\u015f<\/strong> par\u00e7alar bile a\u015fa\u011f\u0131daki <strong>yayalara<\/strong> zarar verebilir ve bina sahipleri ve y\u00f6neticileri i\u00e7in <strong>yasal sorumluluklara<\/strong> yol a\u00e7abilir.<\/p>\n<p><strong>T Grup Cam<\/strong>&#8216;da, <strong>HST temperli cam\u0131m\u0131z\u0131n en y\u00fcksek g\u00fcvenlik standartlar\u0131n\u0131<\/strong> kar\u015f\u0131lad\u0131\u011f\u0131ndan emin oluruz ve modern <strong>mimari ve end\u00fcstriyel uygulamalar<\/strong> i\u00e7in <strong>huzur, dayan\u0131kl\u0131l\u0131k ve g\u00fcvenilirlik<\/strong> sa\u011flar\u0131z.<\/p>\n<p>\u00a0<\/p>\n\t\t\t\t\t\t\t\t<\/div>\n\t\t\t\t<\/div>\n\t\t\t\t\t<\/div>\n\t\t\t\t<\/div>\n\t\t<div class=\"elementor-element elementor-element-499595c3 e-flex e-con-boxed e-con e-parent\" data-id=\"499595c3\" data-element_type=\"container\" data-e-type=\"container\">\n\t\t\t\t\t<div class=\"e-con-inner\">\n\t\t\t\t<div class=\"elementor-element elementor-element-525b3c1d elementor-widget elementor-widget-heading\" data-id=\"525b3c1d\" data-element_type=\"widget\" data-e-type=\"widget\" data-widget_type=\"heading.default\">\n\t\t\t\t<div class=\"elementor-widget-container\">\n\t\t\t\t\t<h2 class=\"elementor-heading-title elementor-size-default\">NE SUNUYORUZ<\/h2>\t\t\t\t<\/div>\n\t\t\t\t<\/div>\n\t\t\t\t<div class=\"elementor-element elementor-element-3058ebd3 elementor-widget elementor-widget-text-editor\" data-id=\"3058ebd3\" data-element_type=\"widget\" data-e-type=\"widget\" data-widget_type=\"text-editor.default\">\n\t\t\t\t<div class=\"elementor-widget-container\">\n\t\t\t\t\t\t\t\t\t<table>\r\n<tbody>\r\n<tr>\r\n<td><strong>Cam\r\nkal\u0131nl\u0131\u011f\u0131\r\n[mm]<\/strong><\/td>\r\n<td><strong>Minimum panel\r\nboyutlar\u0131\r\n[mm]<\/strong><\/td>\r\n<td><strong>Maksimum\r\npanel boyutlar\u0131\r\n[mm]<\/strong><\/td>\r\n<\/tr>\r\n<tr>\r\n<td>4-19<\/td>\r\n<td>Uzun kenar\u0131n\r\n\r\nminimum boyutu 400 mm<\/td>\r\n<td>3210 x 8000<\/td>\r\n\r\n<\/tr>\r\n<\/tbody>\r\n<\/table>\t\t\t\t\t\t\t\t<\/div>\n\t\t\t\t<\/div>\n\t\t\t\t\t<\/div>\n\t\t\t\t<\/div>\n\t\t<div class=\"elementor-element elementor-element-6d10d100 e-flex e-con-boxed e-con e-parent\" data-id=\"6d10d100\" data-element_type=\"container\" data-e-type=\"container\" data-settings=\"{&quot;background_background&quot;:&quot;classic&quot;,&quot;background_motion_fx_motion_fx_scrolling&quot;:&quot;yes&quot;,&quot;background_motion_fx_translateY_effect&quot;:&quot;yes&quot;,&quot;background_motion_fx_translateY_speed&quot;:{&quot;unit&quot;:&quot;px&quot;,&quot;size&quot;:4,&quot;sizes&quot;:[]},&quot;background_motion_fx_translateY_affectedRange&quot;:{&quot;unit&quot;:&quot;%&quot;,&quot;size&quot;:&quot;&quot;,&quot;sizes&quot;:{&quot;start&quot;:0,&quot;end&quot;:100}},&quot;background_motion_fx_devices&quot;:[&quot;desktop&quot;,&quot;tablet&quot;,&quot;mobile&quot;]}\">\n\t\t\t\t\t<div class=\"e-con-inner\">\n\t\t\t\t<div class=\"elementor-element elementor-element-302d0a7c elementor-widget elementor-widget-heading\" data-id=\"302d0a7c\" data-element_type=\"widget\" data-e-type=\"widget\" data-widget_type=\"heading.default\">\n\t\t\t\t<div class=\"elementor-widget-container\">\n\t\t\t\t\t<h2 class=\"elementor-heading-title elementor-size-default\">\u00c7evre \u00fczerindeki olumsuz etkiyi s\u0131n\u0131rlamak i\u00e7in \u00fcretim s\u00fcre\u00e7lerimizi s\u00fcrekli olarak g\u00fcncelliyor ve al\u0131\u015fkanl\u0131klar\u0131m\u0131z\u0131 de\u011fi\u015ftiriyoruz.<\/h2>\t\t\t\t<\/div>\n\t\t\t\t<\/div>\n\t\t\t\t<div class=\"elementor-element elementor-element-4f39d505 elementor-widget elementor-widget-text-editor\" data-id=\"4f39d505\" data-element_type=\"widget\" data-e-type=\"widget\" data-widget_type=\"text-editor.default\">\n\t\t\t\t<div class=\"elementor-widget-container\">\n\t\t\t\t\t\t\t\t\t<p>De\u011fi\u015fimi kolayla\u015ft\u0131rmak amac\u0131yla, \u00e7evrenin korunmas\u0131na y\u00f6nelik d\u00fcnya \u00e7ap\u0131ndaki y\u00f6netim sistemi olan ISO 14001&#8217;i benimsedik.<\/p>\n\t\t\t\t\t\t\t\t<\/div>\n\t\t\t\t<\/div>\n\t\t\t\t<div class=\"elementor-element elementor-element-5813ce90 elementor-align-center elementor-widget elementor-widget-button\" data-id=\"5813ce90\" data-element_type=\"widget\" data-e-type=\"widget\" data-widget_type=\"button.default\">\n\t\t\t\t<div class=\"elementor-widget-container\">\n\t\t\t\t\t\t\t\t\t<div class=\"elementor-button-wrapper\">\n\t\t\t\t\t<a class=\"elementor-button elementor-button-link elementor-size-sm\" href=\"https:\/\/tgrupcam.com\/index.php\/iletisim\/?lang=tr\">\n\t\t\t\t\t\t<span class=\"elementor-button-content-wrapper\">\n\t\t\t\t\t\t\t\t\t<span class=\"elementor-button-text\">\u0130leti\u015fim<\/span>\n\t\t\t\t\t<\/span>\n\t\t\t\t\t<\/a>\n\t\t\t\t<\/div>\n\t\t\t\t\t\t\t\t<\/div>\n\t\t\t\t<\/div>\n\t\t\t\t\t<\/div>\n\t\t\t\t<\/div>\n\t\t\t\t<\/div>\n\t\t","protected":false},"excerpt":{"rendered":"<p>ISITMA TEST\u0130 &#8211; HST HEAT SOAK TEST HAKKINDA &#8211; HST T Grup Cam&#8216;da, sertle\u015ftirilmi\u015f cam\u0131m\u0131z\u0131n g\u00fcvenli\u011fini ve g\u00fcvenilirli\u011fini art\u0131rmak i\u00e7in Is\u0131ya Dayanma Testi (HST) ger\u00e7ekle\u015ftiriyoruz. Bu i\u015flem, nikel s\u00fclf\u00fcr (NiS) inkl\u00fczyonlar\u0131n\u0131n neden oldu\u011fu kendili\u011finden k\u0131r\u0131lma riskini azaltmaya yard\u0131mc\u0131 olarak, zorlu uygulamalarda daha y\u00fcksek dayan\u0131kl\u0131l\u0131k ve performans sa\u011flar. Is\u0131ya Dayanma Testi Nedir? HST i\u015flemi, sertle\u015ftirilmi\u015f cam\u0131n [&hellip;]<\/p>\n","protected":false},"author":1,"featured_media":0,"parent":2831,"menu_order":0,"comment_status":"closed","ping_status":"closed","template":"elementor_header_footer","meta":{"footnotes":""},"class_list":["post-2852","page","type-page","status-publish","hentry"],"_links":{"self":[{"href":"https:\/\/tgrupcam.com\/index.php\/wp-json\/wp\/v2\/pages\/2852","targetHints":{"allow":["GET"]}}],"collection":[{"href":"https:\/\/tgrupcam.com\/index.php\/wp-json\/wp\/v2\/pages"}],"about":[{"href":"https:\/\/tgrupcam.com\/index.php\/wp-json\/wp\/v2\/types\/page"}],"author":[{"embeddable":true,"href":"https:\/\/tgrupcam.com\/index.php\/wp-json\/wp\/v2\/users\/1"}],"replies":[{"embeddable":true,"href":"https:\/\/tgrupcam.com\/index.php\/wp-json\/wp\/v2\/comments?post=2852"}],"version-history":[{"count":0,"href":"https:\/\/tgrupcam.com\/index.php\/wp-json\/wp\/v2\/pages\/2852\/revisions"}],"up":[{"embeddable":true,"href":"https:\/\/tgrupcam.com\/index.php\/wp-json\/wp\/v2\/pages\/2831"}],"wp:attachment":[{"href":"https:\/\/tgrupcam.com\/index.php\/wp-json\/wp\/v2\/media?parent=2852"}],"curies":[{"name":"wp","href":"https:\/\/api.w.org\/{rel}","templated":true}]}}