{"id":2858,"date":"2025-02-05T11:55:51","date_gmt":"2025-02-05T08:55:51","guid":{"rendered":"https:\/\/tgrupcam.com\/index.php\/pazar-teklifi\/ozel-cam\/kosebentler\/"},"modified":"2025-06-03T19:11:44","modified_gmt":"2025-06-03T16:11:44","slug":"kosebentler","status":"publish","type":"page","link":"https:\/\/tgrupcam.com\/index.php\/pazar-teklifi\/ozel-cam\/kosebentler\/?lang=tr","title":{"rendered":"K\u00f6\u015febentler"},"content":{"rendered":"\t\t<div data-elementor-type=\"wp-page\" data-elementor-id=\"2858\" class=\"elementor elementor-2858 elementor-58\" data-elementor-post-type=\"page\">\n\t\t\t\t<div class=\"elementor-element elementor-element-42d8f8df e-con-full e-flex e-con e-parent\" data-id=\"42d8f8df\" data-element_type=\"container\" data-e-type=\"container\" data-settings=\"{&quot;background_background&quot;:&quot;classic&quot;,&quot;shape_divider_bottom&quot;:&quot;opacity-fan&quot;}\">\n\t\t\t\t<div class=\"elementor-shape elementor-shape-bottom\" aria-hidden=\"true\" data-negative=\"false\">\n\t\t\t<svg xmlns=\"http:\/\/www.w3.org\/2000\/svg\" viewBox=\"0 0 283.5 19.6\" preserveAspectRatio=\"none\">\n\t<path class=\"elementor-shape-fill\" style=\"opacity:0.33\" d=\"M0 0L0 18.8 141.8 4.1 283.5 18.8 283.5 0z\"\/>\n\t<path class=\"elementor-shape-fill\" style=\"opacity:0.33\" d=\"M0 0L0 12.6 141.8 4 283.5 12.6 283.5 0z\"\/>\n\t<path class=\"elementor-shape-fill\" style=\"opacity:0.33\" d=\"M0 0L0 6.4 141.8 4 283.5 6.4 283.5 0z\"\/>\n\t<path class=\"elementor-shape-fill\" d=\"M0 0L0 1.2 141.8 4 283.5 1.2 283.5 0z\"\/>\n<\/svg>\t\t<\/div>\n\t\t\t\t<div class=\"elementor-element elementor-element-6f7684bc elementor-widget elementor-widget-heading\" data-id=\"6f7684bc\" data-element_type=\"widget\" data-e-type=\"widget\" data-widget_type=\"heading.default\">\n\t\t\t\t<div class=\"elementor-widget-container\">\n\t\t\t\t\t<h2 class=\"elementor-heading-title elementor-size-default\">K\u00d6\u015eEBENTLER<\/h2>\t\t\t\t<\/div>\n\t\t\t\t<\/div>\n\t\t\t\t<\/div>\n\t\t<div class=\"elementor-element elementor-element-28babc96 e-flex e-con-boxed e-con e-parent\" data-id=\"28babc96\" data-element_type=\"container\" data-e-type=\"container\">\n\t\t\t\t\t<div class=\"e-con-inner\">\n\t\t\t\t<div class=\"elementor-element elementor-element-6244287f elementor-widget elementor-widget-heading\" data-id=\"6244287f\" data-element_type=\"widget\" data-e-type=\"widget\" data-widget_type=\"heading.default\">\n\t\t\t\t<div class=\"elementor-widget-container\">\n\t\t\t\t\t<h2 class=\"elementor-heading-title elementor-size-default\">K\u00d6\u015eEBENTLER HAKKINDA<\/h2>\t\t\t\t<\/div>\n\t\t\t\t<\/div>\n\t\t\t\t<div class=\"elementor-element elementor-element-5b5bbbc elementor-widget elementor-widget-text-editor\" data-id=\"5b5bbbc\" data-element_type=\"widget\" data-e-type=\"widget\" data-widget_type=\"text-editor.default\">\n\t\t\t\t<div class=\"elementor-widget-container\">\n\t\t\t\t\t\t\t\t\t<p><strong>T Grup Cam<\/strong>&#8216;da, modern mimari projelerde <strong>estetik \u00e7ekicili\u011fi ve i\u015flevselli\u011fi<\/strong> art\u0131rmak i\u00e7in tasarlanm\u0131\u015f <strong>y\u00fcksek kaliteli spandrel cam<\/strong> sa\u011fl\u0131yoruz. Spandrel cam, <strong>yap\u0131sal elemanlar\u0131, yal\u0131t\u0131m\u0131 ve mekanik sistemleri gizlemek<\/strong> i\u00e7in kullan\u0131l\u0131r ve <strong>kusursuz ve g\u00f6rsel olarak tekd\u00fcze bir bina cephesi<\/strong> sa\u011flar.<\/p>\n<p><strong>Avantajlar\u0131:<\/strong><\/p>\n<p>\u2705 <strong>Mimari Estetik<\/strong> \u2013 <strong>Modern, kusursuz bir cam cephe<\/strong> olu\u015fturur.<br \/>\u2705 <strong>Is\u0131 ve I\u015f\u0131k Kontrol\u00fc<\/strong> \u2013 <strong>G\u00fcne\u015f \u0131s\u0131s\u0131 kazan\u0131m\u0131n\u0131<\/strong> azalt\u0131r ve <strong>enerji verimlili\u011fini<\/strong> art\u0131r\u0131r.<br \/>\u2705 <strong>Dayan\u0131kl\u0131l\u0131k ve Hava Ko\u015fullar\u0131na Dayan\u0131kl\u0131l\u0131k<\/strong> \u2013 <strong>Zorlu \u00e7evre ko\u015fullar\u0131na<\/strong> dayanacak \u015fekilde tasarlanm\u0131\u015ft\u0131r.<br \/>\u2705 <strong>\u00d6zelle\u015ftirme Se\u00e7enekleri<\/strong> \u2013 <strong>\u00c7e\u015fitli renkler, kaplamalar ve y\u00fczeyler<\/strong>de mevcuttur.<br \/>\u2705 <strong>Gizlilik ve Gizleme<\/strong> \u2013 Yap\u0131sal bile\u015fenleri bir cam cephenin arkas\u0131na etkili bir \u015fekilde <strong>gizler<\/strong>.<\/p>\n<p><strong>Uygulamalar:<\/strong><\/p>\n<ul>\n<li><strong>Ticari ve Ofis Binalar\u0131<\/strong><\/li>\n<li><strong>Y\u00fcksek Bina Cam Cepheleri<\/strong><\/li>\n<li><strong>Oteller ve Al\u0131\u015fveri\u015f Merkezleri<\/strong><\/li>\n<li><strong>Kamu Binalar\u0131 ve Havaalanlar\u0131<\/strong><\/li>\n<\/ul>\n<p><strong>Spandrel cam \u00e7\u00f6z\u00fcmlerimiz<\/strong> <strong>esteti\u011fi i\u015flevsellikle<\/strong> birle\u015ftirerek \u00e7a\u011fda\u015f binalar i\u00e7in <strong>y\u00fcksek dayan\u0131kl\u0131l\u0131k, enerji verimlili\u011fi ve modern tasar\u0131m<\/strong> sa\u011flar.<\/p>\n<p><a href=\"https:\/\/tgrupcam.com\/glass\/spandrel\/\"><strong>SPANDREL KONF\u0130G\u00dcRAT\u00d6R\u00dc<\/strong><\/a><\/p>\n\t\t\t\t\t\t\t\t<\/div>\n\t\t\t\t<\/div>\n\t\t\t\t\t<\/div>\n\t\t\t\t<\/div>\n\t\t<div class=\"elementor-element elementor-element-1a95316b e-flex e-con-boxed e-con e-parent\" data-id=\"1a95316b\" data-element_type=\"container\" data-e-type=\"container\" data-settings=\"{&quot;background_background&quot;:&quot;classic&quot;,&quot;background_motion_fx_motion_fx_scrolling&quot;:&quot;yes&quot;,&quot;background_motion_fx_translateY_effect&quot;:&quot;yes&quot;,&quot;background_motion_fx_translateY_speed&quot;:{&quot;unit&quot;:&quot;px&quot;,&quot;size&quot;:4,&quot;sizes&quot;:[]},&quot;background_motion_fx_translateY_affectedRange&quot;:{&quot;unit&quot;:&quot;%&quot;,&quot;size&quot;:&quot;&quot;,&quot;sizes&quot;:{&quot;start&quot;:0,&quot;end&quot;:100}},&quot;background_motion_fx_devices&quot;:[&quot;desktop&quot;,&quot;tablet&quot;,&quot;mobile&quot;]}\">\n\t\t\t\t\t<div class=\"e-con-inner\">\n\t\t\t\t\t<\/div>\n\t\t\t\t<\/div>\n\t\t<div class=\"elementor-element elementor-element-7da8757 e-flex e-con-boxed e-con e-parent\" data-id=\"7da8757\" data-element_type=\"container\" data-e-type=\"container\">\n\t\t\t\t\t<div class=\"e-con-inner\">\n\t\t<div class=\"elementor-element elementor-element-dc82ae5 e-con-full e-flex e-con e-child\" data-id=\"dc82ae5\" data-element_type=\"container\" data-e-type=\"container\">\n\t\t\t\t<div class=\"elementor-element elementor-element-262a030 elementor-widget elementor-widget-heading\" data-id=\"262a030\" data-element_type=\"widget\" data-e-type=\"widget\" data-widget_type=\"heading.default\">\n\t\t\t\t<div class=\"elementor-widget-container\">\n\t\t\t\t\t<h2 class=\"elementor-heading-title elementor-size-default\">UYGULAMALAR<\/h2>\t\t\t\t<\/div>\n\t\t\t\t<\/div>\n\t\t\t\t<div class=\"elementor-element elementor-element-5c16af2 elementor-widget elementor-widget-image-gallery\" data-id=\"5c16af2\" data-element_type=\"widget\" data-e-type=\"widget\" data-widget_type=\"image-gallery.default\">\n\t\t\t\t<div class=\"elementor-widget-container\">\n\t\t\t\t\t\t\t<div class=\"elementor-image-gallery\">\n\t\t\t<div id='gallery-1' class='gallery galleryid-2858 gallery-columns-5 gallery-size-medium'><figure class='gallery-item'>\n\t\t\t<div class='gallery-icon landscape'>\n\t\t\t\t<a data-elementor-open-lightbox=\"yes\" data-elementor-lightbox-slideshow=\"5c16af2\" data-elementor-lightbox-title=\"curved-toughened-1\" data-e-action-hash=\"#elementor-action%3Aaction%3Dlightbox%26settings%3DeyJpZCI6NTIxLCJ1cmwiOiJodHRwczpcL1wvdGdydXBjYW0uY29tXC93cC1jb250ZW50XC91cGxvYWRzXC8yMDI1XC8wNFwvY3VydmVkLXRvdWdoZW5lZC0xLmpwZyIsInNsaWRlc2hvdyI6IjVjMTZhZjIifQ%3D%3D\" href='https:\/\/tgrupcam.com\/wp-content\/uploads\/2025\/04\/curved-toughened-1.jpg'><img fetchpriority=\"high\" decoding=\"async\" width=\"300\" height=\"300\" src=\"https:\/\/tgrupcam.com\/wp-content\/uploads\/2025\/04\/curved-toughened-1-300x300.jpg\" class=\"attachment-medium size-medium\" alt=\"\" srcset=\"https:\/\/tgrupcam.com\/wp-content\/uploads\/2025\/04\/curved-toughened-1-300x300.jpg 300w, https:\/\/tgrupcam.com\/wp-content\/uploads\/2025\/04\/curved-toughened-1-1024x1024.jpg 1024w, https:\/\/tgrupcam.com\/wp-content\/uploads\/2025\/04\/curved-toughened-1-150x150.jpg 150w, https:\/\/tgrupcam.com\/wp-content\/uploads\/2025\/04\/curved-toughened-1-768x768.jpg 768w, https:\/\/tgrupcam.com\/wp-content\/uploads\/2025\/04\/curved-toughened-1-650x650.jpg 650w, https:\/\/tgrupcam.com\/wp-content\/uploads\/2025\/04\/curved-toughened-1.jpg 1080w\" sizes=\"(max-width: 300px) 100vw, 300px\" \/><\/a>\n\t\t\t<\/div><\/figure><figure class='gallery-item'>\n\t\t\t<div class='gallery-icon landscape'>\n\t\t\t\t<a data-elementor-open-lightbox=\"yes\" data-elementor-lightbox-slideshow=\"5c16af2\" data-elementor-lightbox-title=\"curved-toughened-5\" data-e-action-hash=\"#elementor-action%3Aaction%3Dlightbox%26settings%3DeyJpZCI6NTI1LCJ1cmwiOiJodHRwczpcL1wvdGdydXBjYW0uY29tXC93cC1jb250ZW50XC91cGxvYWRzXC8yMDI1XC8wNFwvY3VydmVkLXRvdWdoZW5lZC01LmpwZyIsInNsaWRlc2hvdyI6IjVjMTZhZjIifQ%3D%3D\" href='https:\/\/tgrupcam.com\/wp-content\/uploads\/2025\/04\/curved-toughened-5.jpg'><img decoding=\"async\" width=\"300\" height=\"300\" src=\"https:\/\/tgrupcam.com\/wp-content\/uploads\/2025\/04\/curved-toughened-5-300x300.jpg\" class=\"attachment-medium size-medium\" alt=\"\" srcset=\"https:\/\/tgrupcam.com\/wp-content\/uploads\/2025\/04\/curved-toughened-5-300x300.jpg 300w, https:\/\/tgrupcam.com\/wp-content\/uploads\/2025\/04\/curved-toughened-5-1024x1024.jpg 1024w, https:\/\/tgrupcam.com\/wp-content\/uploads\/2025\/04\/curved-toughened-5-150x150.jpg 150w, https:\/\/tgrupcam.com\/wp-content\/uploads\/2025\/04\/curved-toughened-5-768x768.jpg 768w, https:\/\/tgrupcam.com\/wp-content\/uploads\/2025\/04\/curved-toughened-5-650x650.jpg 650w, https:\/\/tgrupcam.com\/wp-content\/uploads\/2025\/04\/curved-toughened-5.jpg 1080w\" sizes=\"(max-width: 300px) 100vw, 300px\" \/><\/a>\n\t\t\t<\/div><\/figure><figure class='gallery-item'>\n\t\t\t<div class='gallery-icon landscape'>\n\t\t\t\t<a data-elementor-open-lightbox=\"yes\" data-elementor-lightbox-slideshow=\"5c16af2\" data-elementor-lightbox-title=\"curved-toughened-3\" data-e-action-hash=\"#elementor-action%3Aaction%3Dlightbox%26settings%3DeyJpZCI6NTIzLCJ1cmwiOiJodHRwczpcL1wvdGdydXBjYW0uY29tXC93cC1jb250ZW50XC91cGxvYWRzXC8yMDI1XC8wNFwvY3VydmVkLXRvdWdoZW5lZC0zLmpwZyIsInNsaWRlc2hvdyI6IjVjMTZhZjIifQ%3D%3D\" href='https:\/\/tgrupcam.com\/wp-content\/uploads\/2025\/04\/curved-toughened-3.jpg'><img decoding=\"async\" width=\"300\" height=\"300\" src=\"https:\/\/tgrupcam.com\/wp-content\/uploads\/2025\/04\/curved-toughened-3-300x300.jpg\" class=\"attachment-medium size-medium\" alt=\"\" srcset=\"https:\/\/tgrupcam.com\/wp-content\/uploads\/2025\/04\/curved-toughened-3-300x300.jpg 300w, https:\/\/tgrupcam.com\/wp-content\/uploads\/2025\/04\/curved-toughened-3-1024x1024.jpg 1024w, https:\/\/tgrupcam.com\/wp-content\/uploads\/2025\/04\/curved-toughened-3-150x150.jpg 150w, https:\/\/tgrupcam.com\/wp-content\/uploads\/2025\/04\/curved-toughened-3-768x768.jpg 768w, https:\/\/tgrupcam.com\/wp-content\/uploads\/2025\/04\/curved-toughened-3-650x650.jpg 650w, https:\/\/tgrupcam.com\/wp-content\/uploads\/2025\/04\/curved-toughened-3.jpg 1080w\" sizes=\"(max-width: 300px) 100vw, 300px\" \/><\/a>\n\t\t\t<\/div><\/figure><figure class='gallery-item'>\n\t\t\t<div class='gallery-icon landscape'>\n\t\t\t\t<a data-elementor-open-lightbox=\"yes\" data-elementor-lightbox-slideshow=\"5c16af2\" data-elementor-lightbox-title=\"curved-toughened-4\" data-e-action-hash=\"#elementor-action%3Aaction%3Dlightbox%26settings%3DeyJpZCI6NTI0LCJ1cmwiOiJodHRwczpcL1wvdGdydXBjYW0uY29tXC93cC1jb250ZW50XC91cGxvYWRzXC8yMDI1XC8wNFwvY3VydmVkLXRvdWdoZW5lZC00LmpwZyIsInNsaWRlc2hvdyI6IjVjMTZhZjIifQ%3D%3D\" href='https:\/\/tgrupcam.com\/wp-content\/uploads\/2025\/04\/curved-toughened-4.jpg'><img loading=\"lazy\" decoding=\"async\" width=\"300\" height=\"300\" src=\"https:\/\/tgrupcam.com\/wp-content\/uploads\/2025\/04\/curved-toughened-4-300x300.jpg\" class=\"attachment-medium size-medium\" alt=\"\" srcset=\"https:\/\/tgrupcam.com\/wp-content\/uploads\/2025\/04\/curved-toughened-4-300x300.jpg 300w, https:\/\/tgrupcam.com\/wp-content\/uploads\/2025\/04\/curved-toughened-4-1024x1024.jpg 1024w, https:\/\/tgrupcam.com\/wp-content\/uploads\/2025\/04\/curved-toughened-4-150x150.jpg 150w, https:\/\/tgrupcam.com\/wp-content\/uploads\/2025\/04\/curved-toughened-4-768x768.jpg 768w, https:\/\/tgrupcam.com\/wp-content\/uploads\/2025\/04\/curved-toughened-4-650x650.jpg 650w, https:\/\/tgrupcam.com\/wp-content\/uploads\/2025\/04\/curved-toughened-4.jpg 1080w\" sizes=\"(max-width: 300px) 100vw, 300px\" \/><\/a>\n\t\t\t<\/div><\/figure><figure class='gallery-item'>\n\t\t\t<div class='gallery-icon landscape'>\n\t\t\t\t<a data-elementor-open-lightbox=\"yes\" data-elementor-lightbox-slideshow=\"5c16af2\" data-elementor-lightbox-title=\"curved-toughened-6\" data-e-action-hash=\"#elementor-action%3Aaction%3Dlightbox%26settings%3DeyJpZCI6NTI2LCJ1cmwiOiJodHRwczpcL1wvdGdydXBjYW0uY29tXC93cC1jb250ZW50XC91cGxvYWRzXC8yMDI1XC8wNFwvY3VydmVkLXRvdWdoZW5lZC02LmpwZyIsInNsaWRlc2hvdyI6IjVjMTZhZjIifQ%3D%3D\" href='https:\/\/tgrupcam.com\/wp-content\/uploads\/2025\/04\/curved-toughened-6.jpg'><img loading=\"lazy\" decoding=\"async\" width=\"300\" height=\"300\" src=\"https:\/\/tgrupcam.com\/wp-content\/uploads\/2025\/04\/curved-toughened-6-300x300.jpg\" class=\"attachment-medium size-medium\" alt=\"\" srcset=\"https:\/\/tgrupcam.com\/wp-content\/uploads\/2025\/04\/curved-toughened-6-300x300.jpg 300w, https:\/\/tgrupcam.com\/wp-content\/uploads\/2025\/04\/curved-toughened-6-1024x1024.jpg 1024w, https:\/\/tgrupcam.com\/wp-content\/uploads\/2025\/04\/curved-toughened-6-150x150.jpg 150w, https:\/\/tgrupcam.com\/wp-content\/uploads\/2025\/04\/curved-toughened-6-768x768.jpg 768w, https:\/\/tgrupcam.com\/wp-content\/uploads\/2025\/04\/curved-toughened-6-650x650.jpg 650w, https:\/\/tgrupcam.com\/wp-content\/uploads\/2025\/04\/curved-toughened-6.jpg 1080w\" sizes=\"(max-width: 300px) 100vw, 300px\" \/><\/a>\n\t\t\t<\/div><\/figure>\n\t\t<\/div>\n\t\t<\/div>\n\t\t\t\t\t\t<\/div>\n\t\t\t\t<\/div>\n\t\t\t\t<\/div>\n\t\t\t\t\t<\/div>\n\t\t\t\t<\/div>\n\t\t<div class=\"elementor-element elementor-element-ce72f69 e-flex e-con-boxed e-con e-parent\" data-id=\"ce72f69\" data-element_type=\"container\" data-e-type=\"container\" data-settings=\"{&quot;background_background&quot;:&quot;classic&quot;}\">\n\t\t\t\t\t<div class=\"e-con-inner\">\n\t\t\t\t<div class=\"elementor-element elementor-element-6f4f93f8 elementor-widget elementor-widget-heading\" data-id=\"6f4f93f8\" data-element_type=\"widget\" data-e-type=\"widget\" data-widget_type=\"heading.default\">\n\t\t\t\t<div class=\"elementor-widget-container\">\n\t\t\t\t\t<h2 class=\"elementor-heading-title elementor-size-default\">NE SUNUYORUZ<\/h2>\t\t\t\t<\/div>\n\t\t\t\t<\/div>\n\t\t\t\t<div class=\"elementor-element elementor-element-13302d95 elementor-widget elementor-widget-text-editor\" data-id=\"13302d95\" data-element_type=\"widget\" data-e-type=\"widget\" data-widget_type=\"text-editor.default\">\n\t\t\t\t<div class=\"elementor-widget-container\">\n\t\t\t\t\t\t\t\t\t<table>\n<tbody>\n<tr>\n<td><strong>Cam kal\u0131nl\u0131\u011f\u0131<br \/>[mm]<\/strong><\/td>\n<td><strong>Minimum panel boyutlar\u0131<br \/>[mm]<\/strong><\/td>\n<td><strong>Maksimum panel boyutlar\u0131<br \/>[mm]<\/strong><\/td>\n<\/tr>\n<tr>\n<td>\n<p>\u00a0<\/p>\n<p>4-19<\/p>\n<\/td>\n<td>\n<p>\u00a0<\/p>\n<p>200 x 500<\/p>\n<\/td>\n<td>\n<p>\u00a0<\/p>\n<p>3210 x 8000<\/p>\n<\/td>\n<\/tr>\n<\/tbody>\n<\/table>\n\t\t\t\t\t\t\t\t<\/div>\n\t\t\t\t<\/div>\n\t\t\t\t\t<\/div>\n\t\t\t\t<\/div>\n\t\t<div class=\"elementor-element elementor-element-6db51024 e-flex e-con-boxed e-con e-parent\" data-id=\"6db51024\" data-element_type=\"container\" data-e-type=\"container\" data-settings=\"{&quot;background_background&quot;:&quot;classic&quot;,&quot;background_motion_fx_motion_fx_scrolling&quot;:&quot;yes&quot;,&quot;background_motion_fx_translateY_effect&quot;:&quot;yes&quot;,&quot;background_motion_fx_translateY_speed&quot;:{&quot;unit&quot;:&quot;px&quot;,&quot;size&quot;:4,&quot;sizes&quot;:[]},&quot;background_motion_fx_translateY_affectedRange&quot;:{&quot;unit&quot;:&quot;%&quot;,&quot;size&quot;:&quot;&quot;,&quot;sizes&quot;:{&quot;start&quot;:0,&quot;end&quot;:100}},&quot;background_motion_fx_devices&quot;:[&quot;desktop&quot;,&quot;tablet&quot;,&quot;mobile&quot;]}\">\n\t\t\t\t\t<div class=\"e-con-inner\">\n\t\t\t\t<div class=\"elementor-element elementor-element-6b63a741 elementor-widget elementor-widget-heading\" data-id=\"6b63a741\" data-element_type=\"widget\" data-e-type=\"widget\" data-widget_type=\"heading.default\">\n\t\t\t\t<div class=\"elementor-widget-container\">\n\t\t\t\t\t<h2 class=\"elementor-heading-title elementor-size-default\">\u00c7evre \u00fczerindeki olumsuz etkiyi s\u0131n\u0131rlamak i\u00e7in \u00fcretim s\u00fcre\u00e7lerimizi s\u00fcrekli olarak g\u00fcncelliyor ve al\u0131\u015fkanl\u0131klar\u0131m\u0131z\u0131 de\u011fi\u015ftiriyoruz.<\/h2>\t\t\t\t<\/div>\n\t\t\t\t<\/div>\n\t\t\t\t<div class=\"elementor-element elementor-element-7ef4837c elementor-widget elementor-widget-text-editor\" data-id=\"7ef4837c\" data-element_type=\"widget\" data-e-type=\"widget\" data-widget_type=\"text-editor.default\">\n\t\t\t\t<div class=\"elementor-widget-container\">\n\t\t\t\t\t\t\t\t\t<p>De\u011fi\u015fimi kolayla\u015ft\u0131rmak amac\u0131yla, \u00e7evrenin korunmas\u0131na y\u00f6nelik d\u00fcnya \u00e7ap\u0131ndaki y\u00f6netim sistemi olan ISO 14001&#8217;i benimsedik.<\/p>\n\t\t\t\t\t\t\t\t<\/div>\n\t\t\t\t<\/div>\n\t\t\t\t<div class=\"elementor-element elementor-element-160686b2 elementor-align-center elementor-widget elementor-widget-button\" data-id=\"160686b2\" data-element_type=\"widget\" data-e-type=\"widget\" data-widget_type=\"button.default\">\n\t\t\t\t<div class=\"elementor-widget-container\">\n\t\t\t\t\t\t\t\t\t<div class=\"elementor-button-wrapper\">\n\t\t\t\t\t<a class=\"elementor-button elementor-button-link elementor-size-sm\" href=\"https:\/\/tgrupcam.com\/index.php\/iletisim\/?lang=tr\">\n\t\t\t\t\t\t<span class=\"elementor-button-content-wrapper\">\n\t\t\t\t\t\t\t\t\t<span class=\"elementor-button-text\">\u0130leti\u015fim<\/span>\n\t\t\t\t\t<\/span>\n\t\t\t\t\t<\/a>\n\t\t\t\t<\/div>\n\t\t\t\t\t\t\t\t<\/div>\n\t\t\t\t<\/div>\n\t\t\t\t\t<\/div>\n\t\t\t\t<\/div>\n\t\t\t\t<\/div>\n\t\t","protected":false},"excerpt":{"rendered":"<p>K\u00d6\u015eEBENTLER K\u00d6\u015eEBENTLER HAKKINDA T Grup Cam&#8216;da, modern mimari projelerde estetik \u00e7ekicili\u011fi ve i\u015flevselli\u011fi art\u0131rmak i\u00e7in tasarlanm\u0131\u015f y\u00fcksek kaliteli spandrel cam sa\u011fl\u0131yoruz. Spandrel cam, yap\u0131sal elemanlar\u0131, yal\u0131t\u0131m\u0131 ve mekanik sistemleri gizlemek i\u00e7in kullan\u0131l\u0131r ve kusursuz ve g\u00f6rsel olarak tekd\u00fcze bir bina cephesi sa\u011flar. Avantajlar\u0131: \u2705 Mimari Estetik \u2013 Modern, kusursuz bir cam cephe olu\u015fturur.\u2705 Is\u0131 ve [&hellip;]<\/p>\n","protected":false},"author":1,"featured_media":0,"parent":2831,"menu_order":0,"comment_status":"closed","ping_status":"closed","template":"elementor_header_footer","meta":{"footnotes":""},"class_list":["post-2858","page","type-page","status-publish","hentry"],"_links":{"self":[{"href":"https:\/\/tgrupcam.com\/index.php\/wp-json\/wp\/v2\/pages\/2858","targetHints":{"allow":["GET"]}}],"collection":[{"href":"https:\/\/tgrupcam.com\/index.php\/wp-json\/wp\/v2\/pages"}],"about":[{"href":"https:\/\/tgrupcam.com\/index.php\/wp-json\/wp\/v2\/types\/page"}],"author":[{"embeddable":true,"href":"https:\/\/tgrupcam.com\/index.php\/wp-json\/wp\/v2\/users\/1"}],"replies":[{"embeddable":true,"href":"https:\/\/tgrupcam.com\/index.php\/wp-json\/wp\/v2\/comments?post=2858"}],"version-history":[{"count":0,"href":"https:\/\/tgrupcam.com\/index.php\/wp-json\/wp\/v2\/pages\/2858\/revisions"}],"up":[{"embeddable":true,"href":"https:\/\/tgrupcam.com\/index.php\/wp-json\/wp\/v2\/pages\/2831"}],"wp:attachment":[{"href":"https:\/\/tgrupcam.com\/index.php\/wp-json\/wp\/v2\/media?parent=2858"}],"curies":[{"name":"wp","href":"https:\/\/api.w.org\/{rel}","templated":true}]}}