{"id":2860,"date":"2025-02-05T11:54:35","date_gmt":"2025-02-05T08:54:35","guid":{"rendered":"https:\/\/tgrupcam.com\/index.php\/pazar-teklifi\/ozel-cam\/sertlestirilmis-ve-isil-guclendirilmis-cam\/"},"modified":"2025-06-03T19:11:12","modified_gmt":"2025-06-03T16:11:12","slug":"sertlestirilmis-ve-isil-guclendirilmis-cam","status":"publish","type":"page","link":"https:\/\/tgrupcam.com\/index.php\/pazar-teklifi\/ozel-cam\/sertlestirilmis-ve-isil-guclendirilmis-cam\/?lang=tr","title":{"rendered":"Sertle\u015ftirilmi\u015f ve Is\u0131l G\u00fc\u00e7lendirilmi\u015f cam"},"content":{"rendered":"\t\t<div data-elementor-type=\"wp-page\" data-elementor-id=\"2860\" class=\"elementor elementor-2860 elementor-39\" data-elementor-post-type=\"page\">\n\t\t\t\t<div class=\"elementor-element elementor-element-3db56536 e-con-full e-flex e-con e-parent\" data-id=\"3db56536\" data-element_type=\"container\" data-e-type=\"container\" data-settings=\"{&quot;background_background&quot;:&quot;classic&quot;,&quot;shape_divider_bottom&quot;:&quot;opacity-fan&quot;}\">\n\t\t\t\t<div class=\"elementor-shape elementor-shape-bottom\" aria-hidden=\"true\" data-negative=\"false\">\n\t\t\t<svg xmlns=\"http:\/\/www.w3.org\/2000\/svg\" viewBox=\"0 0 283.5 19.6\" preserveAspectRatio=\"none\">\n\t<path class=\"elementor-shape-fill\" style=\"opacity:0.33\" d=\"M0 0L0 18.8 141.8 4.1 283.5 18.8 283.5 0z\"\/>\n\t<path class=\"elementor-shape-fill\" style=\"opacity:0.33\" d=\"M0 0L0 12.6 141.8 4 283.5 12.6 283.5 0z\"\/>\n\t<path class=\"elementor-shape-fill\" style=\"opacity:0.33\" d=\"M0 0L0 6.4 141.8 4 283.5 6.4 283.5 0z\"\/>\n\t<path class=\"elementor-shape-fill\" d=\"M0 0L0 1.2 141.8 4 283.5 1.2 283.5 0z\"\/>\n<\/svg>\t\t<\/div>\n\t\t\t\t<div class=\"elementor-element elementor-element-104dce8 elementor-widget elementor-widget-heading\" data-id=\"104dce8\" data-element_type=\"widget\" data-e-type=\"widget\" data-widget_type=\"heading.default\">\n\t\t\t\t<div class=\"elementor-widget-container\">\n\t\t\t\t\t<h2 class=\"elementor-heading-title elementor-size-default\">SERTLE\u015eT\u0130R\u0130LM\u0130\u015e VE ISIYLA G\u00dc\u00c7LEND\u0130R\u0130LM\u0130\u015e<\/h2>\t\t\t\t<\/div>\n\t\t\t\t<\/div>\n\t\t\t\t<\/div>\n\t\t<div class=\"elementor-element elementor-element-62a08aa e-flex e-con-boxed e-con e-parent\" data-id=\"62a08aa\" data-element_type=\"container\" data-e-type=\"container\">\n\t\t\t\t\t<div class=\"e-con-inner\">\n\t\t\t\t<div class=\"elementor-element elementor-element-33f3c9e2 elementor-widget elementor-widget-heading\" data-id=\"33f3c9e2\" data-element_type=\"widget\" data-e-type=\"widget\" data-widget_type=\"heading.default\">\n\t\t\t\t<div class=\"elementor-widget-container\">\n\t\t\t\t\t<h2 class=\"elementor-heading-title elementor-size-default\">SERTLE\u015eT\u0130R\u0130LM\u0130\u015e VE ISIYLA G\u00dc\u00c7LEND\u0130R\u0130LM\u0130\u015e CAM HAKKINDA<\/h2>\t\t\t\t<\/div>\n\t\t\t\t<\/div>\n\t\t\t\t<div class=\"elementor-element elementor-element-59846ab1 elementor-widget elementor-widget-text-editor\" data-id=\"59846ab1\" data-element_type=\"widget\" data-e-type=\"widget\" data-widget_type=\"text-editor.default\">\n\t\t\t\t<div class=\"elementor-widget-container\">\n\t\t\t\t\t\t\t\t\t<p>T Grup Cam&#8217;da, Sertle\u015ftirilmi\u015f ve Is\u0131l G\u00fc\u00e7lendirilmi\u015f Cam\u0131m\u0131z y\u00fcksek mukavemet, dayan\u0131kl\u0131l\u0131k ve g\u00fcvenlik i\u00e7in tasarlanm\u0131\u015ft\u0131r ve bu da onu modern mimari ve end\u00fcstriyel uygulamalar i\u00e7in vazge\u00e7ilmez bir se\u00e7im haline getirir. Kontroll\u00fc bir termal veya kimyasal i\u015flem s\u00fcreciyle \u00fcretilen cam\u0131m\u0131z, uzun vadeli g\u00fcvenilirlik ve performans sa\u011flarken darbeye, \u0131s\u0131ya ve mekanik strese kar\u015f\u0131 \u00fcst\u00fcn diren\u00e7 sunar.<\/p>\n<p>Avantajlar:<\/p>\n<p>\u2705 Y\u00fcksek Mukavemet \u2013 Standart camdan 5 kata kadar daha g\u00fc\u00e7l\u00fcd\u00fcr ve \u00fcst\u00fcn darbe direnci sunar.<br \/>\u2705 G\u00fcvenlik ve Emniyet \u2013 K\u0131r\u0131ld\u0131\u011f\u0131nda k\u00fc\u00e7\u00fck, k\u00f6r par\u00e7alara ayr\u0131larak yaralanma riskini en aza indirir.<br \/>\u2705 Is\u0131 ve Termal \u015eok Direnci \u2013 K\u0131r\u0131lmadan a\u015f\u0131r\u0131 s\u0131cakl\u0131klara ve ani de\u011fi\u015fikliklere dayan\u0131r.<br \/>\u2705 \u00c7ok Y\u00f6nl\u00fc Uygulamalar \u2013 Pencereler, kap\u0131lar, cepheler, b\u00f6lmeler ve mobilyalar i\u00e7in idealdir.<br \/>\u2705 \u00d6zelle\u015ftirilebilir Se\u00e7enekler \u2013 Proje gereksinimlerini kar\u015f\u0131lamak i\u00e7in \u00e7e\u015fitli kal\u0131nl\u0131klarda, kaplamalarda ve boyutlarda mevcuttur.<\/p>\n<p>Uygulamalar:<\/p>\n<p>Mimari Cepheler ve Perde Duvarlar<br \/>\u0130\u00e7 B\u00f6lmeler ve Ofis Alanlar\u0131<br \/>Korkuluklar, Parmakl\u0131klar ve Merdivenler<br \/>Du\u015f Kabinleri ve Banyo Camlar\u0131<br \/>Otomotiv ve Ta\u015f\u0131mac\u0131l\u0131k Camlar\u0131<br \/>Perakende ve Ticari Ma\u011faza \u00d6nleri<\/p>\n\t\t\t\t\t\t\t\t<\/div>\n\t\t\t\t<\/div>\n\t\t\t\t<div class=\"elementor-element elementor-element-31ee18fa elementor-widget elementor-widget-heading\" data-id=\"31ee18fa\" data-element_type=\"widget\" data-e-type=\"widget\" data-widget_type=\"heading.default\">\n\t\t\t\t<div class=\"elementor-widget-container\">\n\t\t\t\t\t<h2 class=\"elementor-heading-title elementor-size-default\">AVANTAJLAR<\/h2>\t\t\t\t<\/div>\n\t\t\t\t<\/div>\n\t\t\t\t<div class=\"elementor-element elementor-element-4c273050 elementor-position-left elementor-vertical-align-middle elementor-widget elementor-widget-image-box\" data-id=\"4c273050\" data-element_type=\"widget\" data-e-type=\"widget\" data-widget_type=\"image-box.default\">\n\t\t\t\t<div class=\"elementor-widget-container\">\n\t\t\t\t\t<div class=\"elementor-image-box-wrapper\"><figure class=\"elementor-image-box-img\"><img fetchpriority=\"high\" decoding=\"async\" width=\"1080\" height=\"1080\" src=\"https:\/\/tgrupcam.com\/wp-content\/uploads\/2025\/04\/taughened-glass-1.jpg\" class=\"attachment-full size-full wp-image-2434\" alt=\"\" srcset=\"https:\/\/tgrupcam.com\/wp-content\/uploads\/2025\/04\/taughened-glass-1.jpg 1080w, https:\/\/tgrupcam.com\/wp-content\/uploads\/2025\/04\/taughened-glass-1-300x300.jpg 300w, https:\/\/tgrupcam.com\/wp-content\/uploads\/2025\/04\/taughened-glass-1-1024x1024.jpg 1024w, https:\/\/tgrupcam.com\/wp-content\/uploads\/2025\/04\/taughened-glass-1-150x150.jpg 150w, https:\/\/tgrupcam.com\/wp-content\/uploads\/2025\/04\/taughened-glass-1-768x768.jpg 768w, https:\/\/tgrupcam.com\/wp-content\/uploads\/2025\/04\/taughened-glass-1-650x650.jpg 650w\" sizes=\"(max-width: 1080px) 100vw, 1080px\" \/><\/figure><div class=\"elementor-image-box-content\"><h3 class=\"elementor-image-box-title\">K\u0131r\u0131lan Camlardan Kaynaklanan Yaralanmalara Kar\u015f\u0131 Koruma<\/h3><p class=\"elementor-image-box-description\">\u00c7arpma an\u0131nda k\u00fc\u00e7\u00fck ve k\u00f6r par\u00e7alara ayr\u0131larak yaralanma riskini en aza indirir.<\/p><\/div><\/div>\t\t\t\t<\/div>\n\t\t\t\t<\/div>\n\t\t\t\t<div class=\"elementor-element elementor-element-2b3f137c elementor-position-left elementor-vertical-align-middle elementor-widget elementor-widget-image-box\" data-id=\"2b3f137c\" data-element_type=\"widget\" data-e-type=\"widget\" data-widget_type=\"image-box.default\">\n\t\t\t\t<div class=\"elementor-widget-container\">\n\t\t\t\t\t<div class=\"elementor-image-box-wrapper\"><figure class=\"elementor-image-box-img\"><img decoding=\"async\" width=\"1080\" height=\"1080\" src=\"https:\/\/tgrupcam.com\/wp-content\/uploads\/2025\/04\/taughened-glass-2.jpg\" class=\"attachment-full size-full wp-image-2445\" alt=\"\" srcset=\"https:\/\/tgrupcam.com\/wp-content\/uploads\/2025\/04\/taughened-glass-2.jpg 1080w, https:\/\/tgrupcam.com\/wp-content\/uploads\/2025\/04\/taughened-glass-2-300x300.jpg 300w, https:\/\/tgrupcam.com\/wp-content\/uploads\/2025\/04\/taughened-glass-2-1024x1024.jpg 1024w, https:\/\/tgrupcam.com\/wp-content\/uploads\/2025\/04\/taughened-glass-2-150x150.jpg 150w, https:\/\/tgrupcam.com\/wp-content\/uploads\/2025\/04\/taughened-glass-2-768x768.jpg 768w, https:\/\/tgrupcam.com\/wp-content\/uploads\/2025\/04\/taughened-glass-2-650x650.jpg 650w\" sizes=\"(max-width: 1080px) 100vw, 1080px\" \/><\/figure><div class=\"elementor-image-box-content\"><h3 class=\"elementor-image-box-title\">B\u00fck\u00fclmeye kar\u015f\u0131 y\u00fcksek diren\u00e7 seviyesi<\/h3><p class=\"elementor-image-box-description\">B\u00fck\u00fclmeye ve mekanik strese kar\u015f\u0131 ola\u011fan\u00fcst\u00fc diren\u00e7 g\u00f6sterir.<\/p><\/div><\/div>\t\t\t\t<\/div>\n\t\t\t\t<\/div>\n\t\t\t\t<div class=\"elementor-element elementor-element-40ed957c elementor-position-left elementor-vertical-align-middle elementor-widget elementor-widget-image-box\" data-id=\"40ed957c\" data-element_type=\"widget\" data-e-type=\"widget\" data-widget_type=\"image-box.default\">\n\t\t\t\t<div class=\"elementor-widget-container\">\n\t\t\t\t\t<div class=\"elementor-image-box-wrapper\"><figure class=\"elementor-image-box-img\"><img decoding=\"async\" width=\"1080\" height=\"1080\" src=\"https:\/\/tgrupcam.com\/wp-content\/uploads\/2025\/04\/taughened-glass-3.jpg\" class=\"attachment-full size-full wp-image-2456\" alt=\"\" srcset=\"https:\/\/tgrupcam.com\/wp-content\/uploads\/2025\/04\/taughened-glass-3.jpg 1080w, https:\/\/tgrupcam.com\/wp-content\/uploads\/2025\/04\/taughened-glass-3-300x300.jpg 300w, https:\/\/tgrupcam.com\/wp-content\/uploads\/2025\/04\/taughened-glass-3-1024x1024.jpg 1024w, https:\/\/tgrupcam.com\/wp-content\/uploads\/2025\/04\/taughened-glass-3-150x150.jpg 150w, https:\/\/tgrupcam.com\/wp-content\/uploads\/2025\/04\/taughened-glass-3-768x768.jpg 768w, https:\/\/tgrupcam.com\/wp-content\/uploads\/2025\/04\/taughened-glass-3-650x650.jpg 650w\" sizes=\"(max-width: 1080px) 100vw, 1080px\" \/><\/figure><div class=\"elementor-image-box-content\"><h3 class=\"elementor-image-box-title\">Is\u0131l \u015foka dayan\u0131kl\u0131<\/h3><p class=\"elementor-image-box-description\">Is\u0131 kayb\u0131n\u0131 azaltarak enerji t\u00fcketimini ve \u0131s\u0131tma giderlerini d\u00fc\u015f\u00fcr\u00fcr.<\/p><\/div><\/div>\t\t\t\t<\/div>\n\t\t\t\t<\/div>\n\t\t\t\t\t<\/div>\n\t\t\t\t<\/div>\n\t\t<div class=\"elementor-element elementor-element-79f5ec1d e-flex e-con-boxed e-con e-parent\" data-id=\"79f5ec1d\" data-element_type=\"container\" data-e-type=\"container\" data-settings=\"{&quot;background_background&quot;:&quot;classic&quot;,&quot;background_motion_fx_motion_fx_scrolling&quot;:&quot;yes&quot;,&quot;background_motion_fx_translateY_effect&quot;:&quot;yes&quot;,&quot;background_motion_fx_translateY_speed&quot;:{&quot;unit&quot;:&quot;px&quot;,&quot;size&quot;:4,&quot;sizes&quot;:[]},&quot;background_motion_fx_translateY_affectedRange&quot;:{&quot;unit&quot;:&quot;%&quot;,&quot;size&quot;:&quot;&quot;,&quot;sizes&quot;:{&quot;start&quot;:0,&quot;end&quot;:100}},&quot;background_motion_fx_devices&quot;:[&quot;desktop&quot;,&quot;tablet&quot;,&quot;mobile&quot;]}\">\n\t\t\t\t\t<div class=\"e-con-inner\">\n\t\t\t\t\t<\/div>\n\t\t\t\t<\/div>\n\t\t<div class=\"elementor-element elementor-element-352cdb09 e-flex e-con-boxed e-con e-parent\" data-id=\"352cdb09\" data-element_type=\"container\" data-e-type=\"container\" data-settings=\"{&quot;background_background&quot;:&quot;classic&quot;}\">\n\t\t\t\t\t<div class=\"e-con-inner\">\n\t\t\t\t<div class=\"elementor-element elementor-element-53b51dec elementor-widget elementor-widget-heading\" data-id=\"53b51dec\" data-element_type=\"widget\" data-e-type=\"widget\" data-widget_type=\"heading.default\">\n\t\t\t\t<div class=\"elementor-widget-container\">\n\t\t\t\t\t<h2 class=\"elementor-heading-title elementor-size-default\">Y\u00f6nlendirilmi\u015f Sertle\u015ftirme ve Is\u0131l G\u00fc\u00e7lendirilmi\u015f Cam<\/h2>\t\t\t\t<\/div>\n\t\t\t\t<\/div>\n\t\t\t\t<div class=\"elementor-element elementor-element-4140c99d elementor-widget elementor-widget-text-editor\" data-id=\"4140c99d\" data-element_type=\"widget\" data-e-type=\"widget\" data-widget_type=\"text-editor.default\">\n\t\t\t\t<div class=\"elementor-widget-container\">\n\t\t\t\t\t\t\t\t\t<p>T Grup Cam&#8217;da \u00fcretim s\u00fcre\u00e7lerimizde kalite, hassasiyet ve \u015feffafl\u0131\u011fa \u00f6ncelik veriyoruz. Sertle\u015ftirme s\u00fcrecinin do\u011fal etkilerinden biri, cepheler ve b\u00fcy\u00fck caml\u0131 y\u00fczeyler tasarlan\u0131rken dikkate al\u0131nmas\u0131 gereken do\u011fal bir \u00f6zellik olan cam dalgalanmas\u0131n\u0131n olu\u015fmas\u0131d\u0131r.<\/p>\n<p>Y\u00f6nl\u00fc Sertle\u015ftirme<\/p>\n<p>Cephelerde yans\u0131yan g\u00f6r\u00fcnt\u00fclerin g\u00f6rsel bozulmas\u0131n\u0131 en aza indirmek i\u00e7in y\u00f6nl\u00fc sertle\u015ftirmeyi \u00f6neriyoruz. Bu, cam y\u00fcksekli\u011fi boyunca sertle\u015ftirilirse, dalgalanma etkisinin bu boyuta dik olaca\u011f\u0131 anlam\u0131na gelir. Do\u011fru sertle\u015ftirme y\u00f6nelimini anlamak ve uygulamak, mimari tasar\u0131mlarda daha iyi g\u00f6rsel tutarl\u0131l\u0131k sa\u011flar.<\/p>\n<p>Is\u0131l G\u00fc\u00e7lendirilmi\u015f Cam<\/p>\n<p>Is\u0131l G\u00fc\u00e7lendirilmi\u015f Cam (TVG), k\u0131r\u0131lma deseni a\u00e7\u0131s\u0131ndan tamamen sertle\u015ftirilmi\u015f camdan farkl\u0131d\u0131r. Hasar durumunda, TVG \u00e7er\u00e7evede kal\u0131r, yaralanma riskini azalt\u0131r ve yap\u0131sal b\u00fct\u00fcnl\u00fc\u011f\u00fc korur.<\/p>\n<p>\ud83d\udd39 Is\u0131l G\u00fc\u00e7lendirilmi\u015f Cam\u0131n Temel \u00d6zellikleri:<br \/>\u2705 Tavlanm\u0131\u015f camdan daha g\u00fc\u00e7l\u00fc ancak temperli camdan daha az k\u0131r\u0131lgan<br \/>\u2705 K\u0131r\u0131lma durumunda par\u00e7alar\u0131 \u00e7er\u00e7eve i\u00e7inde tutar<br \/>\u2705 Kontroll\u00fc k\u0131r\u0131lman\u0131n gerekli oldu\u011fu uygulamalar i\u00e7in idealdir<br \/>\u2705 G\u00fcvenlik cam\u0131 olarak s\u0131n\u0131fland\u0131r\u0131lmaz ancak art\u0131r\u0131lm\u0131\u015f dayan\u0131kl\u0131l\u0131k sunar<\/p>\n<p>Benzersiz \u00f6zellikleri nedeniyle, \u0131s\u0131l g\u00fc\u00e7lendirilmi\u015f cam belirli mimari ve camlama uygulamalar\u0131nda tamamen temperli cama tercih edilen bir alternatif haline geliyor. T Grup Cam olarak, projeleriniz i\u00e7in en iyi cam se\u00e7imini sa\u011flamak i\u00e7in uzman rehberlik ve \u00f6zelle\u015ftirilmi\u015f \u00e7\u00f6z\u00fcmler sunuyoruz.<\/p>\n\t\t\t\t\t\t\t\t<\/div>\n\t\t\t\t<\/div>\n\t\t\t\t\t<\/div>\n\t\t\t\t<\/div>\n\t\t<div class=\"elementor-element elementor-element-5dcc442f e-flex e-con-boxed e-con e-parent\" data-id=\"5dcc442f\" data-element_type=\"container\" data-e-type=\"container\">\n\t\t\t\t\t<div class=\"e-con-inner\">\n\t\t\t\t<div class=\"elementor-element elementor-element-4f4bee51 elementor-widget elementor-widget-heading\" data-id=\"4f4bee51\" data-element_type=\"widget\" data-e-type=\"widget\" data-widget_type=\"heading.default\">\n\t\t\t\t<div class=\"elementor-widget-container\">\n\t\t\t\t\t<h2 class=\"elementor-heading-title elementor-size-default\">NE SUNUYORUZ<\/h2>\t\t\t\t<\/div>\n\t\t\t\t<\/div>\n\t\t\t\t<div class=\"elementor-element elementor-element-7c2243d4 elementor-widget elementor-widget-text-editor\" data-id=\"7c2243d4\" data-element_type=\"widget\" data-e-type=\"widget\" data-widget_type=\"text-editor.default\">\n\t\t\t\t<div class=\"elementor-widget-container\">\n\t\t\t\t\t\t\t\t\t<table>\n<tbody>\n<tr>\n<td><strong>Sertle\u015ftirme<br \/>tipi<\/strong><\/td>\n<td><strong>Cam kal\u0131nl\u0131\u011f\u0131<br \/>[mm]<\/strong><\/td>\n<td><strong>Minimum boyutlar<br \/>[mm]<\/strong><\/td>\n<td><strong>Maksimum boyutlar<br \/>[mm] T-termofloat<\/strong><\/td>\n<\/tr>\n<tr>\n<td rowspan=\"3\">Standart<\/td>\n<td>4<\/td>\n<td>100\u00d7250<\/td>\n<td>3210&#215;4500<\/td>\n<\/tr>\n<tr>\n<td>\u00a0<\/td>\n<td>\u00a0<\/td>\n<td>\u00a0<\/td>\n<\/tr>\n<tr>\n<td>5-19<\/td>\n<td>100\u00d7250<\/td>\n<td>3210\u00d79000<\/td>\n<\/tr>\n<\/tbody>\n<\/table>\n\t\t\t\t\t\t\t\t<\/div>\n\t\t\t\t<\/div>\n\t\t\t\t\t<\/div>\n\t\t\t\t<\/div>\n\t\t<div class=\"elementor-element elementor-element-457d22c3 e-flex e-con-boxed e-con e-parent\" data-id=\"457d22c3\" data-element_type=\"container\" data-e-type=\"container\" data-settings=\"{&quot;background_background&quot;:&quot;classic&quot;,&quot;background_motion_fx_motion_fx_scrolling&quot;:&quot;yes&quot;,&quot;background_motion_fx_translateY_effect&quot;:&quot;yes&quot;,&quot;background_motion_fx_translateY_speed&quot;:{&quot;unit&quot;:&quot;px&quot;,&quot;size&quot;:4,&quot;sizes&quot;:[]},&quot;background_motion_fx_translateY_affectedRange&quot;:{&quot;unit&quot;:&quot;%&quot;,&quot;size&quot;:&quot;&quot;,&quot;sizes&quot;:{&quot;start&quot;:0,&quot;end&quot;:100}},&quot;background_motion_fx_devices&quot;:[&quot;desktop&quot;,&quot;tablet&quot;,&quot;mobile&quot;]}\">\n\t\t\t\t\t<div class=\"e-con-inner\">\n\t\t\t\t<div class=\"elementor-element elementor-element-3aae8e53 elementor-widget elementor-widget-heading\" data-id=\"3aae8e53\" data-element_type=\"widget\" data-e-type=\"widget\" data-widget_type=\"heading.default\">\n\t\t\t\t<div class=\"elementor-widget-container\">\n\t\t\t\t\t<h2 class=\"elementor-heading-title elementor-size-default\">\u00c7evre \u00fczerindeki olumsuz etkiyi s\u0131n\u0131rlamak i\u00e7in \u00fcretim s\u00fcre\u00e7lerimizi s\u00fcrekli olarak g\u00fcncelliyor ve al\u0131\u015fkanl\u0131klar\u0131m\u0131z\u0131 de\u011fi\u015ftiriyoruz.<\/h2>\t\t\t\t<\/div>\n\t\t\t\t<\/div>\n\t\t\t\t<div class=\"elementor-element elementor-element-32817cd5 elementor-widget elementor-widget-text-editor\" data-id=\"32817cd5\" data-element_type=\"widget\" data-e-type=\"widget\" data-widget_type=\"text-editor.default\">\n\t\t\t\t<div class=\"elementor-widget-container\">\n\t\t\t\t\t\t\t\t\t<p>De\u011fi\u015fimi kolayla\u015ft\u0131rmak amac\u0131yla, \u00e7evrenin korunmas\u0131na y\u00f6nelik d\u00fcnya \u00e7ap\u0131ndaki y\u00f6netim sistemi olan ISO 14001&#8217;i benimsedik.<\/p>\n\t\t\t\t\t\t\t\t<\/div>\n\t\t\t\t<\/div>\n\t\t\t\t<div class=\"elementor-element elementor-element-6aa02534 elementor-align-center elementor-widget elementor-widget-button\" data-id=\"6aa02534\" data-element_type=\"widget\" data-e-type=\"widget\" data-widget_type=\"button.default\">\n\t\t\t\t<div class=\"elementor-widget-container\">\n\t\t\t\t\t\t\t\t\t<div class=\"elementor-button-wrapper\">\n\t\t\t\t\t<a class=\"elementor-button elementor-button-link elementor-size-sm\" href=\"https:\/\/tgrupcam.com\/index.php\/iletisim\/?lang=tr\">\n\t\t\t\t\t\t<span class=\"elementor-button-content-wrapper\">\n\t\t\t\t\t\t\t\t\t<span class=\"elementor-button-text\">\u0130leti\u015fim<\/span>\n\t\t\t\t\t<\/span>\n\t\t\t\t\t<\/a>\n\t\t\t\t<\/div>\n\t\t\t\t\t\t\t\t<\/div>\n\t\t\t\t<\/div>\n\t\t\t\t\t<\/div>\n\t\t\t\t<\/div>\n\t\t\t\t<\/div>\n\t\t","protected":false},"excerpt":{"rendered":"<p>SERTLE\u015eT\u0130R\u0130LM\u0130\u015e VE ISIYLA G\u00dc\u00c7LEND\u0130R\u0130LM\u0130\u015e SERTLE\u015eT\u0130R\u0130LM\u0130\u015e VE ISIYLA G\u00dc\u00c7LEND\u0130R\u0130LM\u0130\u015e CAM HAKKINDA T Grup Cam&#8217;da, Sertle\u015ftirilmi\u015f ve Is\u0131l G\u00fc\u00e7lendirilmi\u015f Cam\u0131m\u0131z y\u00fcksek mukavemet, dayan\u0131kl\u0131l\u0131k ve g\u00fcvenlik i\u00e7in tasarlanm\u0131\u015ft\u0131r ve bu da onu modern mimari ve end\u00fcstriyel uygulamalar i\u00e7in vazge\u00e7ilmez bir se\u00e7im haline getirir. Kontroll\u00fc bir termal veya kimyasal i\u015flem s\u00fcreciyle \u00fcretilen cam\u0131m\u0131z, uzun vadeli g\u00fcvenilirlik ve performans sa\u011flarken [&hellip;]<\/p>\n","protected":false},"author":1,"featured_media":0,"parent":2831,"menu_order":0,"comment_status":"closed","ping_status":"closed","template":"elementor_header_footer","meta":{"footnotes":""},"class_list":["post-2860","page","type-page","status-publish","hentry"],"_links":{"self":[{"href":"https:\/\/tgrupcam.com\/index.php\/wp-json\/wp\/v2\/pages\/2860","targetHints":{"allow":["GET"]}}],"collection":[{"href":"https:\/\/tgrupcam.com\/index.php\/wp-json\/wp\/v2\/pages"}],"about":[{"href":"https:\/\/tgrupcam.com\/index.php\/wp-json\/wp\/v2\/types\/page"}],"author":[{"embeddable":true,"href":"https:\/\/tgrupcam.com\/index.php\/wp-json\/wp\/v2\/users\/1"}],"replies":[{"embeddable":true,"href":"https:\/\/tgrupcam.com\/index.php\/wp-json\/wp\/v2\/comments?post=2860"}],"version-history":[{"count":0,"href":"https:\/\/tgrupcam.com\/index.php\/wp-json\/wp\/v2\/pages\/2860\/revisions"}],"up":[{"embeddable":true,"href":"https:\/\/tgrupcam.com\/index.php\/wp-json\/wp\/v2\/pages\/2831"}],"wp:attachment":[{"href":"https:\/\/tgrupcam.com\/index.php\/wp-json\/wp\/v2\/media?parent=2860"}],"curies":[{"name":"wp","href":"https:\/\/api.w.org\/{rel}","templated":true}]}}