{"id":2867,"date":"2025-02-05T11:56:06","date_gmt":"2025-02-05T08:56:06","guid":{"rendered":"https:\/\/tgrupcam.com\/index.php\/pazar-teklifi\/ozel-cam\/kus-dostu-cam\/"},"modified":"2025-06-03T18:28:01","modified_gmt":"2025-06-03T15:28:01","slug":"kus-dostu-cam","status":"publish","type":"page","link":"https:\/\/tgrupcam.com\/index.php\/pazar-teklifi\/ozel-cam\/kus-dostu-cam\/?lang=tr","title":{"rendered":"Ku\u015f Dostu Cam"},"content":{"rendered":"\t\t<div data-elementor-type=\"wp-page\" data-elementor-id=\"2867\" class=\"elementor elementor-2867 elementor-62\" data-elementor-post-type=\"page\">\n\t\t\t\t<div class=\"elementor-element elementor-element-3aa35b0a e-con-full e-flex e-con e-parent\" data-id=\"3aa35b0a\" data-element_type=\"container\" data-e-type=\"container\" data-settings=\"{&quot;background_background&quot;:&quot;classic&quot;,&quot;shape_divider_bottom&quot;:&quot;opacity-fan&quot;}\">\n\t\t\t\t<div class=\"elementor-shape elementor-shape-bottom\" aria-hidden=\"true\" data-negative=\"false\">\n\t\t\t<svg xmlns=\"http:\/\/www.w3.org\/2000\/svg\" viewBox=\"0 0 283.5 19.6\" preserveAspectRatio=\"none\">\n\t<path class=\"elementor-shape-fill\" style=\"opacity:0.33\" d=\"M0 0L0 18.8 141.8 4.1 283.5 18.8 283.5 0z\"\/>\n\t<path class=\"elementor-shape-fill\" style=\"opacity:0.33\" d=\"M0 0L0 12.6 141.8 4 283.5 12.6 283.5 0z\"\/>\n\t<path class=\"elementor-shape-fill\" style=\"opacity:0.33\" d=\"M0 0L0 6.4 141.8 4 283.5 6.4 283.5 0z\"\/>\n\t<path class=\"elementor-shape-fill\" d=\"M0 0L0 1.2 141.8 4 283.5 1.2 283.5 0z\"\/>\n<\/svg>\t\t<\/div>\n\t\t\t\t<div class=\"elementor-element elementor-element-20cc2774 elementor-widget elementor-widget-heading\" data-id=\"20cc2774\" data-element_type=\"widget\" data-e-type=\"widget\" data-widget_type=\"heading.default\">\n\t\t\t\t<div class=\"elementor-widget-container\">\n\t\t\t\t\t<h2 class=\"elementor-heading-title elementor-size-default\">KU\u015e DOSTU CAM<\/h2>\t\t\t\t<\/div>\n\t\t\t\t<\/div>\n\t\t\t\t<\/div>\n\t\t<div class=\"elementor-element elementor-element-2d423620 e-flex e-con-boxed e-con e-parent\" data-id=\"2d423620\" data-element_type=\"container\" data-e-type=\"container\">\n\t\t\t\t\t<div class=\"e-con-inner\">\n\t\t\t\t<div class=\"elementor-element elementor-element-79c2d13a elementor-widget elementor-widget-heading\" data-id=\"79c2d13a\" data-element_type=\"widget\" data-e-type=\"widget\" data-widget_type=\"heading.default\">\n\t\t\t\t<div class=\"elementor-widget-container\">\n\t\t\t\t\t<h2 class=\"elementor-heading-title elementor-size-default\">KU\u015e DOSTU CAM HAKKINDA<\/h2>\t\t\t\t<\/div>\n\t\t\t\t<\/div>\n\t\t\t\t<div class=\"elementor-element elementor-element-e92c8e5 elementor-widget elementor-widget-text-editor\" data-id=\"e92c8e5\" data-element_type=\"widget\" data-e-type=\"widget\" data-widget_type=\"text-editor.default\">\n\t\t\t\t<div class=\"elementor-widget-container\">\n\t\t\t\t\t\t\t\t\t<p><strong>T Grup Cam<\/strong>&#8216;da, <strong>ku\u015f \u00e7arp\u0131\u015fmalar\u0131n\u0131 azaltmak<\/strong> ve ayn\u0131 zamanda <strong>berrakl\u0131k, estetik ve enerji verimlili\u011fini<\/strong> korumak i\u00e7in \u00f6zel olarak tasarlanm\u0131\u015f <strong>Ku\u015f Dostu Cam<\/strong> sunuyoruz. Milyonlarca ku\u015f her y\u0131l cam cepheler ve pencerelerle \u00e7arp\u0131\u015fmalar nedeniyle yaralan\u0131yor veya kayboluyor. <strong>Geli\u015fmi\u015f cam \u00e7\u00f6z\u00fcmlerimiz<\/strong>, ku\u015flar i\u00e7in g\u00f6r\u00fcn\u00fcrl\u00fc\u011f\u00fc art\u0131r\u0131rken insan sakinleri i\u00e7in gizli kalmak i\u00e7in <strong>\u00f6zel desenler, kaplamalar ve UV yans\u0131t\u0131c\u0131 tasar\u0131mlar<\/strong> i\u00e7erir.<\/p>\n<p><strong>Avantajlar\u0131:<\/strong><\/p>\n<p>\u2705 <strong>Ku\u015f \u00c7arp\u0131\u015fmalar\u0131n\u0131 \u00d6nler<\/strong> \u2013 \u00d6zel olarak tasarlanm\u0131\u015f desenler ve kaplamalar cam\u0131 ku\u015flar i\u00e7in g\u00f6r\u00fcn\u00fcr hale getirir.<br \/>\u2705 <strong>Estetik G\u00f6r\u00fcn\u00fcm\u00fc Korur<\/strong> \u2013 G\u00f6r\u00fc\u015f\u00fc engellemeden \u015feffaf ve \u015f\u0131k tasar\u0131m.<br \/>\u2705 <strong>Enerji Verimlili\u011fi<\/strong> \u2013 Geli\u015fmi\u015f performans i\u00e7in <strong>d\u00fc\u015f\u00fck emisyonlu ve g\u00fcne\u015f kontrol kaplamalar\u0131yla<\/strong> mevcuttur.<br \/>\u2705 <strong>\u00d6zelle\u015ftirilebilir Desenler<\/strong> \u2013 \u00c7e\u015fitli mimari stillere uymas\u0131 i\u00e7in farkl\u0131 <strong>nokta, \u015ferit veya kaz\u0131nm\u0131\u015f tasar\u0131mlar<\/strong>.<br \/>\u2705 <strong>\u00c7evresel Dost Canl\u0131s\u0131<\/strong> \u2013 S\u00fcrd\u00fcr\u00fclebilir yap\u0131 uygulamalar\u0131na katk\u0131da bulunurken ku\u015f pop\u00fclasyonlar\u0131n\u0131n korunmas\u0131na yard\u0131mc\u0131 olur.<\/p>\n<p><strong>Uygulamalar:<\/strong><\/p>\n<ul>\n<li><strong>Ticari ve Konut Pencereleri<\/strong><\/li>\n<li><strong>Cam Cepheler ve Perde Duvarlar<\/strong><\/li>\n<li><strong>Balkonlar ve Korkuluklar<\/strong><\/li>\n<li><strong>Kamu Binalar\u0131 ve G\u00f6kdelenler<\/strong><\/li>\n<li><strong>Havaalanlar\u0131 ve Ula\u015f\u0131m Merkezleri<\/strong><\/li>\n<\/ul>\n<p><strong>Ku\u015f Dostu Cam\u0131m\u0131z<\/strong>, <strong>estetik, g\u00fcvenlik ve \u00e7evresel sorumluluk aras\u0131nda denge<\/strong> arayan mimarlar, tasar\u0131mc\u0131lar ve geli\u015ftiriciler i\u00e7in <strong>ak\u0131ll\u0131 ve s\u00fcrd\u00fcr\u00fclebilir bir se\u00e7imdir<\/strong>.<\/p>\n\t\t\t\t\t\t\t\t<\/div>\n\t\t\t\t<\/div>\n\t\t\t\t<div class=\"elementor-element elementor-element-444a06be elementor-widget elementor-widget-heading\" data-id=\"444a06be\" data-element_type=\"widget\" data-e-type=\"widget\" data-widget_type=\"heading.default\">\n\t\t\t\t<div class=\"elementor-widget-container\">\n\t\t\t\t\t<h2 class=\"elementor-heading-title elementor-size-default\">KU\u015e DOSTU \u00dcR\u00dcNLER\u0130N GEN\u0130\u015e YELPAZES\u0130 SAYES\u0130NDE, KU\u015e KORUMA KONUSUNDA \u00d6NEML\u0130 B\u0130R SONU\u00c7 ELDE EDEB\u0130L\u0130R\u0130Z<\/h2>\t\t\t\t<\/div>\n\t\t\t\t<\/div>\n\t\t\t\t\t<\/div>\n\t\t\t\t<\/div>\n\t\t<div class=\"elementor-element elementor-element-2dd3b4fc e-flex e-con-boxed e-con e-parent\" data-id=\"2dd3b4fc\" data-element_type=\"container\" data-e-type=\"container\" data-settings=\"{&quot;background_background&quot;:&quot;classic&quot;,&quot;background_motion_fx_motion_fx_scrolling&quot;:&quot;yes&quot;,&quot;background_motion_fx_translateY_effect&quot;:&quot;yes&quot;,&quot;background_motion_fx_translateY_speed&quot;:{&quot;unit&quot;:&quot;px&quot;,&quot;size&quot;:4,&quot;sizes&quot;:[]},&quot;background_motion_fx_translateY_affectedRange&quot;:{&quot;unit&quot;:&quot;%&quot;,&quot;size&quot;:&quot;&quot;,&quot;sizes&quot;:{&quot;start&quot;:0,&quot;end&quot;:100}},&quot;background_motion_fx_devices&quot;:[&quot;desktop&quot;,&quot;tablet&quot;,&quot;mobile&quot;]}\">\n\t\t\t\t\t<div class=\"e-con-inner\">\n\t\t\t\t\t<\/div>\n\t\t\t\t<\/div>\n\t\t<div class=\"elementor-element elementor-element-72648d03 e-flex e-con-boxed e-con e-parent\" data-id=\"72648d03\" data-element_type=\"container\" data-e-type=\"container\" data-settings=\"{&quot;background_background&quot;:&quot;classic&quot;}\">\n\t\t\t\t\t<div class=\"e-con-inner\">\n\t\t\t\t<div class=\"elementor-element elementor-element-84b04b4 elementor-widget elementor-widget-heading\" data-id=\"84b04b4\" data-element_type=\"widget\" data-e-type=\"widget\" data-widget_type=\"heading.default\">\n\t\t\t\t<div class=\"elementor-widget-container\">\n\t\t\t\t\t<h2 class=\"elementor-heading-title elementor-size-default\">NE SUNUYORUZ<\/h2>\t\t\t\t<\/div>\n\t\t\t\t<\/div>\n\t\t\t\t<div class=\"elementor-element elementor-element-56d01616 elementor-widget elementor-widget-text-editor\" data-id=\"56d01616\" data-element_type=\"widget\" data-e-type=\"widget\" data-widget_type=\"text-editor.default\">\n\t\t\t\t<div class=\"elementor-widget-container\">\n\t\t\t\t\t\t\t\t\t<div class=\"flex_column av-4uxy79x-7268dfc118482086aedf440d2deaabac av_three_fifth avia-builder-el-40 el_after_av_one_fifth el_before_av_one_fifth flex_column_div av-zero-column-padding \">\n<div id=\"submenu\" class=\"av-special-heading av-lptovpwv-7413c2b34668db7024a73fcd83fd5bdb av-special-heading-h2 custom-color-heading blockquote modern-quote modern-centered avia-builder-el-44 el_after_av_hr avia-builder-el-last heading-semi-cons av-inherit-size\">\u00a0<\/div>\n<\/div>\n<div class=\"flex_column av-53xw5it-92ab71d08640d3148cc755906337ed69 av_one_fifth avia-builder-el-45 el_after_av_three_fifth el_before_av_one_full flex_column_div \">\u00a0<\/div>\n<div class=\"flex_column av-l16cx6sv-824537a4f03b21aac7a6f2a34b34c4cf av_one_full avia-builder-el-46 el_after_av_one_fifth el_before_av_section avia-builder-el-last ilk flex_column_div av-zero-column-padding s\u00fctun-\u00fcst-kenar-marj\u0131\">\n<section id=\"table-responsvie\" class=\"av_textblock_section av-l168nw7v-5dd7e9564d4585f2c8f9184a52d82018 \">\n<div class=\"avia_textblock text-30years-gray\">\n<table border=\"1\" width=\"390\" cellspacing=\"0\" cellpadding=\"0\">\n<tbody>\n<tr>\n<td><strong>Ad<\/strong><\/td>\n<td><strong>Ku\u015f friti<\/strong><\/td>\n<td><strong>Saflex<sup>TM<\/sup>\u00a0FlySafe<sup>TM<\/sup>\u00a03D<\/strong><\/td>\n<td>\n<p class=\"page-title\"><strong>ORNILUX\u00ae<\/strong><\/p>\n<\/td>\n<\/tr>\n<tr>\n<td>\n<p>Teknoloji<\/p>\n<\/td>\n<td>\n<ul>\n<li>dijital bask\u0131*<\/li>\n<li>serigrafi bask\u0131*<\/li>\n<\/ul>\n<\/td>\n<td>PVB folyo<\/td>\n<td>UV kaplamal\u0131 cam<\/td>\n<\/tr>\n<tr>\n<td>IGU&#8217;daki pozisyon<\/td>\n<td>1. cam (d\u0131\u015f)<\/td>\n<td>Harici lamine cam olarak<\/td>\n<td>1. &#8211; 2. &#8211; 3. Pozisyon<\/td>\n<\/tr>\n<tr>\n<td>\u00dcretim yetenekleri<\/td>\n<td>\n<ul>\n<li>tek cam<\/li>\n<li>montaj<\/li>\n<li>laminasyon<\/li>\n<li>temperleme<\/li>\n<\/ul>\n<\/td>\n<td>\n<ul>\n<li>tek cam \u2013 VSG<\/li>\n<li>montaj<\/li>\n<li>laminasyon<\/li>\n<li>temperleme<\/li>\n<\/ul>\n<\/td>\n<td>\n<ul>\n<li>tek camlara uygulanamaz cam<\/li>\n<li>montaj<\/li>\n<li>laminasyon<\/li>\n<li>temperleme<\/li>\n<\/ul>\n<\/td>\n<\/tr>\n<\/tbody>\n<\/table>\n<p>Ku\u015f Dostu cam serisi sipari\u015fe a\u00e7\u0131kt\u0131r. \u00dcr\u00fcn bulunabilirli\u011fi ve \u00fcretim kapasiteleri sipari\u015ften \u00f6nce Sat\u0131\u015f Departman\u0131 ile teyit edilmelidir.<\/p>\n<p>* Desen tasar\u0131m\u0131 M\u00fc\u015fteri taraf\u0131ndan sa\u011flanmal\u0131d\u0131r.<\/p>\n<\/div>\n<\/section>\n<\/div>\n\t\t\t\t\t\t\t\t<\/div>\n\t\t\t\t<\/div>\n\t\t\t\t\t<\/div>\n\t\t\t\t<\/div>\n\t\t<div class=\"elementor-element elementor-element-14e5e673 e-flex e-con-boxed e-con e-parent\" data-id=\"14e5e673\" data-element_type=\"container\" data-e-type=\"container\" data-settings=\"{&quot;background_background&quot;:&quot;classic&quot;,&quot;background_motion_fx_motion_fx_scrolling&quot;:&quot;yes&quot;,&quot;background_motion_fx_translateY_effect&quot;:&quot;yes&quot;,&quot;background_motion_fx_translateY_speed&quot;:{&quot;unit&quot;:&quot;px&quot;,&quot;size&quot;:4,&quot;sizes&quot;:[]},&quot;background_motion_fx_translateY_affectedRange&quot;:{&quot;unit&quot;:&quot;%&quot;,&quot;size&quot;:&quot;&quot;,&quot;sizes&quot;:{&quot;start&quot;:0,&quot;end&quot;:100}},&quot;background_motion_fx_devices&quot;:[&quot;desktop&quot;,&quot;tablet&quot;,&quot;mobile&quot;]}\">\n\t\t\t\t\t<div class=\"e-con-inner\">\n\t\t\t\t<div class=\"elementor-element elementor-element-3fa20928 elementor-widget elementor-widget-heading\" data-id=\"3fa20928\" data-element_type=\"widget\" data-e-type=\"widget\" data-widget_type=\"heading.default\">\n\t\t\t\t<div class=\"elementor-widget-container\">\n\t\t\t\t\t<h2 class=\"elementor-heading-title elementor-size-default\">\u00c7evre \u00fczerindeki olumsuz etkiyi s\u0131n\u0131rlamak i\u00e7in \u00fcretim s\u00fcre\u00e7lerimizi s\u00fcrekli olarak g\u00fcncelliyor ve al\u0131\u015fkanl\u0131klar\u0131m\u0131z\u0131 de\u011fi\u015ftiriyoruz.<\/h2>\t\t\t\t<\/div>\n\t\t\t\t<\/div>\n\t\t\t\t<div class=\"elementor-element elementor-element-1e30ddc2 elementor-widget elementor-widget-text-editor\" data-id=\"1e30ddc2\" data-element_type=\"widget\" data-e-type=\"widget\" data-widget_type=\"text-editor.default\">\n\t\t\t\t<div class=\"elementor-widget-container\">\n\t\t\t\t\t\t\t\t\t<p>De\u011fi\u015fimi kolayla\u015ft\u0131rmak amac\u0131yla, \u00e7evrenin korunmas\u0131na y\u00f6nelik d\u00fcnya \u00e7ap\u0131ndaki y\u00f6netim sistemi olan ISO 14001&#8217;i benimsedik.<\/p>\n\t\t\t\t\t\t\t\t<\/div>\n\t\t\t\t<\/div>\n\t\t\t\t<div class=\"elementor-element elementor-element-db4c820 elementor-align-center elementor-widget elementor-widget-button\" data-id=\"db4c820\" data-element_type=\"widget\" data-e-type=\"widget\" data-widget_type=\"button.default\">\n\t\t\t\t<div class=\"elementor-widget-container\">\n\t\t\t\t\t\t\t\t\t<div class=\"elementor-button-wrapper\">\n\t\t\t\t\t<a class=\"elementor-button elementor-button-link elementor-size-sm\" href=\"https:\/\/tgrupcam.com\/index.php\/iletisim\/?lang=tr\">\n\t\t\t\t\t\t<span class=\"elementor-button-content-wrapper\">\n\t\t\t\t\t\t\t\t\t<span class=\"elementor-button-text\">\u0130leti\u015fim<\/span>\n\t\t\t\t\t<\/span>\n\t\t\t\t\t<\/a>\n\t\t\t\t<\/div>\n\t\t\t\t\t\t\t\t<\/div>\n\t\t\t\t<\/div>\n\t\t\t\t\t<\/div>\n\t\t\t\t<\/div>\n\t\t\t\t<\/div>\n\t\t","protected":false},"excerpt":{"rendered":"<p>KU\u015e DOSTU CAM KU\u015e DOSTU CAM HAKKINDA T Grup Cam&#8216;da, ku\u015f \u00e7arp\u0131\u015fmalar\u0131n\u0131 azaltmak ve ayn\u0131 zamanda berrakl\u0131k, estetik ve enerji verimlili\u011fini korumak i\u00e7in \u00f6zel olarak tasarlanm\u0131\u015f Ku\u015f Dostu Cam sunuyoruz. Milyonlarca ku\u015f her y\u0131l cam cepheler ve pencerelerle \u00e7arp\u0131\u015fmalar nedeniyle yaralan\u0131yor veya kayboluyor. Geli\u015fmi\u015f cam \u00e7\u00f6z\u00fcmlerimiz, ku\u015flar i\u00e7in g\u00f6r\u00fcn\u00fcrl\u00fc\u011f\u00fc art\u0131r\u0131rken insan sakinleri i\u00e7in gizli kalmak [&hellip;]<\/p>\n","protected":false},"author":1,"featured_media":0,"parent":2831,"menu_order":0,"comment_status":"closed","ping_status":"closed","template":"elementor_header_footer","meta":{"footnotes":""},"class_list":["post-2867","page","type-page","status-publish","hentry"],"_links":{"self":[{"href":"https:\/\/tgrupcam.com\/index.php\/wp-json\/wp\/v2\/pages\/2867","targetHints":{"allow":["GET"]}}],"collection":[{"href":"https:\/\/tgrupcam.com\/index.php\/wp-json\/wp\/v2\/pages"}],"about":[{"href":"https:\/\/tgrupcam.com\/index.php\/wp-json\/wp\/v2\/types\/page"}],"author":[{"embeddable":true,"href":"https:\/\/tgrupcam.com\/index.php\/wp-json\/wp\/v2\/users\/1"}],"replies":[{"embeddable":true,"href":"https:\/\/tgrupcam.com\/index.php\/wp-json\/wp\/v2\/comments?post=2867"}],"version-history":[{"count":0,"href":"https:\/\/tgrupcam.com\/index.php\/wp-json\/wp\/v2\/pages\/2867\/revisions"}],"up":[{"embeddable":true,"href":"https:\/\/tgrupcam.com\/index.php\/wp-json\/wp\/v2\/pages\/2831"}],"wp:attachment":[{"href":"https:\/\/tgrupcam.com\/index.php\/wp-json\/wp\/v2\/media?parent=2867"}],"curies":[{"name":"wp","href":"https:\/\/api.w.org\/{rel}","templated":true}]}}