{"id":2886,"date":"2025-02-05T10:47:46","date_gmt":"2025-02-05T07:47:46","guid":{"rendered":"https:\/\/tgrupcam.com\/index.php\/oferta-de-piata\/jekh-staklo\/"},"modified":"2025-05-20T16:39:54","modified_gmt":"2025-05-20T13:39:54","slug":"jekh-staklo","status":"publish","type":"page","link":"https:\/\/tgrupcam.com\/index.php\/oferta-de-piata\/jekh-staklo\/?lang=ro","title":{"rendered":"Jekh staklo"},"content":{"rendered":"\t\t<div data-elementor-type=\"wp-page\" data-elementor-id=\"2886\" class=\"elementor elementor-2886 elementor-21\" data-elementor-post-type=\"page\">\n\t\t\t\t<div class=\"elementor-element elementor-element-2917278c e-con-full e-flex e-con e-parent\" data-id=\"2917278c\" data-element_type=\"container\" data-e-type=\"container\" data-settings=\"{&quot;background_background&quot;:&quot;classic&quot;,&quot;shape_divider_bottom&quot;:&quot;opacity-fan&quot;}\">\n\t\t\t\t<div class=\"elementor-shape elementor-shape-bottom\" aria-hidden=\"true\" data-negative=\"false\">\n\t\t\t<svg xmlns=\"http:\/\/www.w3.org\/2000\/svg\" viewBox=\"0 0 283.5 19.6\" preserveAspectRatio=\"none\">\n\t<path class=\"elementor-shape-fill\" style=\"opacity:0.33\" d=\"M0 0L0 18.8 141.8 4.1 283.5 18.8 283.5 0z\"\/>\n\t<path class=\"elementor-shape-fill\" style=\"opacity:0.33\" d=\"M0 0L0 12.6 141.8 4 283.5 12.6 283.5 0z\"\/>\n\t<path class=\"elementor-shape-fill\" style=\"opacity:0.33\" d=\"M0 0L0 6.4 141.8 4 283.5 6.4 283.5 0z\"\/>\n\t<path class=\"elementor-shape-fill\" d=\"M0 0L0 1.2 141.8 4 283.5 1.2 283.5 0z\"\/>\n<\/svg>\t\t<\/div>\n\t\t\t\t<div class=\"elementor-element elementor-element-2103e8e1 elementor-widget elementor-widget-heading\" data-id=\"2103e8e1\" data-element_type=\"widget\" data-e-type=\"widget\" data-widget_type=\"heading.default\">\n\t\t\t\t<div class=\"elementor-widget-container\">\n\t\t\t\t\t<h2 class=\"elementor-heading-title elementor-size-default\">JEKH GLASO<\/h2>\t\t\t\t<\/div>\n\t\t\t\t<\/div>\n\t\t\t\t<\/div>\n\t\t<div class=\"elementor-element elementor-element-36332671 e-flex e-con-boxed e-con e-parent\" data-id=\"36332671\" data-element_type=\"container\" data-e-type=\"container\">\n\t\t\t\t\t<div class=\"e-con-inner\">\n\t\t\t\t<div class=\"elementor-element elementor-element-52e82087 elementor-widget elementor-widget-heading\" data-id=\"52e82087\" data-element_type=\"widget\" data-e-type=\"widget\" data-widget_type=\"heading.default\">\n\t\t\t\t<div class=\"elementor-widget-container\">\n\t\t\t\t\t<h2 class=\"elementor-heading-title elementor-size-default\">PA JEKH GLASO<\/h2>\t\t\t\t<\/div>\n\t\t\t\t<\/div>\n\t\t\t\t<div class=\"elementor-element elementor-element-45aab914 elementor-widget elementor-widget-text-editor\" data-id=\"45aab914\" data-element_type=\"widget\" data-e-type=\"widget\" data-widget_type=\"text-editor.default\">\n\t\t\t\t<div class=\"elementor-widget-container\">\n\t\t\t\t\t\t\t\t\t<p>Ko <strong>T Grup Cam<\/strong>, amen das <strong>baro kvaliteto e jekhe staklosko solucie<\/strong> vash but <strong>arxitekturake, industrijake thaj dekorativne aplikacie<\/strong>. Amaro <strong>jekh-panelno staklo<\/strong> si disponibilo ano diferentno <strong>thulipe, agor, thaj kovlipe<\/strong>, so del fleksibilno dizajno thaj funkcionaliteto.<\/p>\n<p><strong>La\u0107hipenata:<\/strong><\/p>\n<p>\u2705 <strong>Versatilno Aplik\u00e0cie<\/strong> \u2013 La\u0107he va\u015b <strong>fen\u00e8stre, vudara, particie thaj meble<\/strong>.<br \/>\u2705 <strong>Opcie save \u015baj te keren pes personaliz\u00e0cie<\/strong> \u2013 Si la\u0107he an\u03b8-e <strong>klare, \u015bukar, \u015bukar thaj \u015bukar vari\u00e0cie<\/strong>.<br \/>\u2705 <strong>Bari Optikani Klariteta<\/strong> \u2013 Siguril <strong>maximalno transparenca thaj transmisia e lumiaki<\/strong>.<br \/>\u2705 <strong>Kompatibilo e aver procesurenca<\/strong> \u2013 \u0160aj te avel <strong>zuralo, laminirime, vaj digitalno printisardo<\/strong> va\u015b maj la\u0107hi perform\u00e0nca.<br \/>\u2705 <strong>Kosto-Efektivno Solucia<\/strong> \u2013 Idealno va\u015b projektur\u0103 save trubun <strong>funkcionalo thaj ekonomikane solucie va\u015b \u015bukar<\/strong>.<\/p>\n<p><strong>Aplik\u00e0cie:<\/strong><\/p>\n<ul>\n<li><strong>Rezidencialno &amp; Komercialno Windows<\/strong><\/li>\n<li><strong>Particie andrune &amp; Ofisoske thana<\/strong><\/li>\n<li><strong>Shopfronts &amp; Display Cases<\/strong><\/li>\n<li><strong>Mirrors &amp; Dekorativne panelura<\/strong><\/li>\n<li><strong>Meble &amp; Regalo<\/strong><\/li>\n<\/ul>\n<p>Amaro <strong>jekh staklo<\/strong> \u015baj te avel maj dur procesuime te \u015baj te aresel e <strong>specifikane proj\u00e8ktosqe trubujimata<\/strong>, te sigurisarel <strong>dur\u01ceripen, sekuritato thaj efikasno energia<\/strong>.<\/p>\n\t\t\t\t\t\t\t\t<\/div>\n\t\t\t\t<\/div>\n\t\t\t\t\t<\/div>\n\t\t\t\t<\/div>\n\t\t<div class=\"elementor-element elementor-element-7fb56903 e-flex e-con-boxed e-con e-parent\" data-id=\"7fb56903\" data-element_type=\"container\" data-e-type=\"container\" data-settings=\"{&quot;background_background&quot;:&quot;classic&quot;,&quot;background_motion_fx_motion_fx_scrolling&quot;:&quot;yes&quot;,&quot;background_motion_fx_translateY_effect&quot;:&quot;yes&quot;,&quot;background_motion_fx_translateY_speed&quot;:{&quot;unit&quot;:&quot;px&quot;,&quot;size&quot;:4,&quot;sizes&quot;:[]},&quot;background_motion_fx_translateY_affectedRange&quot;:{&quot;unit&quot;:&quot;%&quot;,&quot;size&quot;:&quot;&quot;,&quot;sizes&quot;:{&quot;start&quot;:0,&quot;end&quot;:100}},&quot;background_motion_fx_devices&quot;:[&quot;desktop&quot;,&quot;tablet&quot;,&quot;mobile&quot;]}\">\n\t\t\t\t\t<div class=\"e-con-inner\">\n\t\t\t\t<div class=\"elementor-element elementor-element-231758f2 elementor-widget elementor-widget-heading\" data-id=\"231758f2\" data-element_type=\"widget\" data-e-type=\"widget\" data-widget_type=\"heading.default\">\n\t\t\t\t<div class=\"elementor-widget-container\">\n\t\t\t\t\t<h2 class=\"elementor-heading-title elementor-size-default\">Ne modific\u0103m constant procesele de produc\u021bie \u0219i ne schimb\u0103m obiceiurile pentru a limita efectul negativ asupra mediului.<\/h2>\t\t\t\t<\/div>\n\t\t\t\t<\/div>\n\t\t\t\t<div class=\"elementor-element elementor-element-2669d356 elementor-widget elementor-widget-text-editor\" data-id=\"2669d356\" data-element_type=\"widget\" data-e-type=\"widget\" data-widget_type=\"text-editor.default\">\n\t\t\t\t<div class=\"elementor-widget-container\">\n\t\t\t\t\t\t\t\t\t<p>Te \u015baj te keras maj lokhes e paruvimata, amen adoptisaras o ISO 14001, o lumjako sistemo va\u015b o mana\u017amento va\u015b e protekcia e enviromentosqi.<\/p>\n\t\t\t\t\t\t\t\t<\/div>\n\t\t\t\t<\/div>\n\t\t\t\t<div class=\"elementor-element elementor-element-3df90953 elementor-align-center elementor-widget elementor-widget-button\" data-id=\"3df90953\" data-element_type=\"widget\" data-e-type=\"widget\" data-widget_type=\"button.default\">\n\t\t\t\t<div class=\"elementor-widget-container\">\n\t\t\t\t\t\t\t\t\t<div class=\"elementor-button-wrapper\">\n\t\t\t\t\t<a class=\"elementor-button elementor-button-link elementor-size-sm\" href=\"https:\/\/tgrupcam.com\/index.php\/contact\/\">\n\t\t\t\t\t\t<span class=\"elementor-button-content-wrapper\">\n\t\t\t\t\t\t\t\t\t<span class=\"elementor-button-text\">Contacta\u021bi-ne<\/span>\n\t\t\t\t\t<\/span>\n\t\t\t\t\t<\/a>\n\t\t\t\t<\/div>\n\t\t\t\t\t\t\t\t<\/div>\n\t\t\t\t<\/div>\n\t\t\t\t\t<\/div>\n\t\t\t\t<\/div>\n\t\t\t\t<\/div>\n\t\t","protected":false},"excerpt":{"rendered":"<p>JEKH GLASO PA JEKH GLASO Ko T Grup Cam, amen das baro kvaliteto e jekhe staklosko solucie vash but arxitekturake, industrijake thaj dekorativne aplikacie. Amaro jekh-panelno staklo si disponibilo ano diferentno thulipe, agor, thaj kovlipe, so del fleksibilno dizajno thaj funkcionaliteto. La\u0107hipenata: \u2705 Versatilno Aplik\u00e0cie \u2013 La\u0107he va\u015b fen\u00e8stre, vudara, particie thaj meble.\u2705 Opcie save [&hellip;]<\/p>\n","protected":false},"author":1,"featured_media":0,"parent":2486,"menu_order":0,"comment_status":"closed","ping_status":"closed","template":"elementor_header_footer","meta":{"footnotes":""},"class_list":["post-2886","page","type-page","status-publish","hentry"],"_links":{"self":[{"href":"https:\/\/tgrupcam.com\/index.php\/wp-json\/wp\/v2\/pages\/2886","targetHints":{"allow":["GET"]}}],"collection":[{"href":"https:\/\/tgrupcam.com\/index.php\/wp-json\/wp\/v2\/pages"}],"about":[{"href":"https:\/\/tgrupcam.com\/index.php\/wp-json\/wp\/v2\/types\/page"}],"author":[{"embeddable":true,"href":"https:\/\/tgrupcam.com\/index.php\/wp-json\/wp\/v2\/users\/1"}],"replies":[{"embeddable":true,"href":"https:\/\/tgrupcam.com\/index.php\/wp-json\/wp\/v2\/comments?post=2886"}],"version-history":[{"count":0,"href":"https:\/\/tgrupcam.com\/index.php\/wp-json\/wp\/v2\/pages\/2886\/revisions"}],"up":[{"embeddable":true,"href":"https:\/\/tgrupcam.com\/index.php\/wp-json\/wp\/v2\/pages\/2486"}],"wp:attachment":[{"href":"https:\/\/tgrupcam.com\/index.php\/wp-json\/wp\/v2\/media?parent=2886"}],"curies":[{"name":"wp","href":"https:\/\/api.w.org\/{rel}","templated":true}]}}