{"id":2888,"date":"2025-02-05T10:47:46","date_gmt":"2025-02-05T07:47:46","guid":{"rendered":"https:\/\/tgrupcam.com\/index.php\/offerta-di-mercato\/vetro-singolo\/"},"modified":"2025-05-20T16:41:17","modified_gmt":"2025-05-20T13:41:17","slug":"vetro-singolo","status":"publish","type":"page","link":"https:\/\/tgrupcam.com\/index.php\/offerta-di-mercato\/vetro-singolo\/?lang=it","title":{"rendered":"Vetro singolo"},"content":{"rendered":"\t\t<div data-elementor-type=\"wp-page\" data-elementor-id=\"2888\" class=\"elementor elementor-2888 elementor-21\" data-elementor-post-type=\"page\">\n\t\t\t\t<div class=\"elementor-element elementor-element-2917278c e-con-full e-flex e-con e-parent\" data-id=\"2917278c\" data-element_type=\"container\" data-e-type=\"container\" data-settings=\"{&quot;background_background&quot;:&quot;classic&quot;,&quot;shape_divider_bottom&quot;:&quot;opacity-fan&quot;}\">\n\t\t\t\t<div class=\"elementor-shape elementor-shape-bottom\" aria-hidden=\"true\" data-negative=\"false\">\n\t\t\t<svg xmlns=\"http:\/\/www.w3.org\/2000\/svg\" viewBox=\"0 0 283.5 19.6\" preserveAspectRatio=\"none\">\n\t<path class=\"elementor-shape-fill\" style=\"opacity:0.33\" d=\"M0 0L0 18.8 141.8 4.1 283.5 18.8 283.5 0z\"\/>\n\t<path class=\"elementor-shape-fill\" style=\"opacity:0.33\" d=\"M0 0L0 12.6 141.8 4 283.5 12.6 283.5 0z\"\/>\n\t<path class=\"elementor-shape-fill\" style=\"opacity:0.33\" d=\"M0 0L0 6.4 141.8 4 283.5 6.4 283.5 0z\"\/>\n\t<path class=\"elementor-shape-fill\" d=\"M0 0L0 1.2 141.8 4 283.5 1.2 283.5 0z\"\/>\n<\/svg>\t\t<\/div>\n\t\t\t\t<div class=\"elementor-element elementor-element-2103e8e1 elementor-widget elementor-widget-heading\" data-id=\"2103e8e1\" data-element_type=\"widget\" data-e-type=\"widget\" data-widget_type=\"heading.default\">\n\t\t\t\t<div class=\"elementor-widget-container\">\n\t\t\t\t\t<h2 class=\"elementor-heading-title elementor-size-default\">VETRO SINGOLO<\/h2>\t\t\t\t<\/div>\n\t\t\t\t<\/div>\n\t\t\t\t<\/div>\n\t\t<div class=\"elementor-element elementor-element-36332671 e-flex e-con-boxed e-con e-parent\" data-id=\"36332671\" data-element_type=\"container\" data-e-type=\"container\">\n\t\t\t\t\t<div class=\"e-con-inner\">\n\t\t\t\t<div class=\"elementor-element elementor-element-52e82087 elementor-widget elementor-widget-heading\" data-id=\"52e82087\" data-element_type=\"widget\" data-e-type=\"widget\" data-widget_type=\"heading.default\">\n\t\t\t\t<div class=\"elementor-widget-container\">\n\t\t\t\t\t<h2 class=\"elementor-heading-title elementor-size-default\">INFORMAZIONI SUL VETRO SINGOLO<\/h2>\t\t\t\t<\/div>\n\t\t\t\t<\/div>\n\t\t\t\t<div class=\"elementor-element elementor-element-45aab914 elementor-widget elementor-widget-text-editor\" data-id=\"45aab914\" data-element_type=\"widget\" data-e-type=\"widget\" data-widget_type=\"text-editor.default\">\n\t\t\t\t<div class=\"elementor-widget-container\">\n\t\t\t\t\t\t\t\t\t<p>Presso <strong>T Grup Cam<\/strong> offriamo <strong>soluzioni in vetro singolo di alta qualit\u00e0<\/strong> per un&#8217;ampia gamma di <strong>applicazioni architettoniche, industriali e decorative<\/strong>. Il nostro vetro monolastra \u00e8 disponibile in vari spessori, finiture e rivestimenti, offrendo flessibilit\u00e0 nel design e nella funzionalit\u00e0.<\/p>\n<p><strong>Vantaggi:<\/strong><\/p>\n<p>\u2705 Applicazioni versatili: adatto per finestre, porte, pareti divisorie e mobili.<br \/>\u2705 Opzioni personalizzabili: disponibile nelle varianti trasparente, colorata, satinata e rivestita.<br \/>\u2705 Elevata chiarezza ottica: garantisce la massima trasparenza e trasmissione della luce.<br \/>\u2705 Compatibile con processi aggiuntivi: pu\u00f2 essere temperato, laminato o stampato digitalmente per prestazioni migliori.<br \/>\u2705 Soluzione conveniente: ideale per progetti che richiedono soluzioni funzionali ma economiche. soluzioni in vetro.<\/p>\n<p><strong>Applicazioni:<\/strong><\/p>\n<ul>\n<li><strong>Finestre residenziali e commerciali<\/strong><\/li>\n<li><strong>Pareti divisorie interne e spazi per uffici<\/strong><\/li>\n<li><strong>Vetrine e vetrine<\/strong><\/li>\n<li><strong>Specchi e pannelli decorativi<\/strong><\/li>\n<li><strong>Mobili e scaffalature<\/strong><\/li>\n<\/ul>\n<p>I nostri <strong>vetri singoli<\/strong> possono essere ulteriormente lavorati per soddisfare <strong>requisiti specifici del progetto<\/strong>, garantendo <strong>durata, sicurezza ed efficienza energetica<\/strong>.<\/p>\n\t\t\t\t\t\t\t\t<\/div>\n\t\t\t\t<\/div>\n\t\t\t\t\t<\/div>\n\t\t\t\t<\/div>\n\t\t<div class=\"elementor-element elementor-element-7fb56903 e-flex e-con-boxed e-con e-parent\" data-id=\"7fb56903\" data-element_type=\"container\" data-e-type=\"container\" data-settings=\"{&quot;background_background&quot;:&quot;classic&quot;,&quot;background_motion_fx_motion_fx_scrolling&quot;:&quot;yes&quot;,&quot;background_motion_fx_translateY_effect&quot;:&quot;yes&quot;,&quot;background_motion_fx_translateY_speed&quot;:{&quot;unit&quot;:&quot;px&quot;,&quot;size&quot;:4,&quot;sizes&quot;:[]},&quot;background_motion_fx_translateY_affectedRange&quot;:{&quot;unit&quot;:&quot;%&quot;,&quot;size&quot;:&quot;&quot;,&quot;sizes&quot;:{&quot;start&quot;:0,&quot;end&quot;:100}},&quot;background_motion_fx_devices&quot;:[&quot;desktop&quot;,&quot;tablet&quot;,&quot;mobile&quot;]}\">\n\t\t\t\t\t<div class=\"e-con-inner\">\n\t\t\t\t<div class=\"elementor-element elementor-element-231758f2 elementor-widget elementor-widget-heading\" data-id=\"231758f2\" data-element_type=\"widget\" data-e-type=\"widget\" data-widget_type=\"heading.default\">\n\t\t\t\t<div class=\"elementor-widget-container\">\n\t\t\t\t\t<h2 class=\"elementor-heading-title elementor-size-default\">Modifichiamo costantemente i nostri processi produttivi e cambiamo le nostre abitudini per limitare gli effetti negativi sull'ambiente.<\/h2>\t\t\t\t<\/div>\n\t\t\t\t<\/div>\n\t\t\t\t<div class=\"elementor-element elementor-element-2669d356 elementor-widget elementor-widget-text-editor\" data-id=\"2669d356\" data-element_type=\"widget\" data-e-type=\"widget\" data-widget_type=\"text-editor.default\">\n\t\t\t\t<div class=\"elementor-widget-container\">\n\t\t\t\t\t\t\t\t\t<p>Per agevolare i cambiamenti, abbiamo adottato ISO 14001, il sistema di gestione mondiale per la protezione ambientale.<\/p>\n\t\t\t\t\t\t\t\t<\/div>\n\t\t\t\t<\/div>\n\t\t\t\t<div class=\"elementor-element elementor-element-3df90953 elementor-align-center elementor-widget elementor-widget-button\" data-id=\"3df90953\" data-element_type=\"widget\" data-e-type=\"widget\" data-widget_type=\"button.default\">\n\t\t\t\t<div class=\"elementor-widget-container\">\n\t\t\t\t\t\t\t\t\t<div class=\"elementor-button-wrapper\">\n\t\t\t\t\t<a class=\"elementor-button elementor-button-link elementor-size-sm\" href=\"https:\/\/tgrupcam.com\/index.php\/contact\/\">\n\t\t\t\t\t\t<span class=\"elementor-button-content-wrapper\">\n\t\t\t\t\t\t\t\t\t<span class=\"elementor-button-text\">Contattaci<\/span>\n\t\t\t\t\t<\/span>\n\t\t\t\t\t<\/a>\n\t\t\t\t<\/div>\n\t\t\t\t\t\t\t\t<\/div>\n\t\t\t\t<\/div>\n\t\t\t\t\t<\/div>\n\t\t\t\t<\/div>\n\t\t\t\t<\/div>\n\t\t","protected":false},"excerpt":{"rendered":"<p>VETRO SINGOLO INFORMAZIONI SUL VETRO SINGOLO Presso T Grup Cam offriamo soluzioni in vetro singolo di alta qualit\u00e0 per un&#8217;ampia gamma di applicazioni architettoniche, industriali e decorative. Il nostro vetro monolastra \u00e8 disponibile in vari spessori, finiture e rivestimenti, offrendo flessibilit\u00e0 nel design e nella funzionalit\u00e0. Vantaggi: \u2705 Applicazioni versatili: adatto per finestre, porte, pareti [&hellip;]<\/p>\n","protected":false},"author":1,"featured_media":0,"parent":2496,"menu_order":0,"comment_status":"closed","ping_status":"closed","template":"elementor_header_footer","meta":{"footnotes":""},"class_list":["post-2888","page","type-page","status-publish","hentry"],"_links":{"self":[{"href":"https:\/\/tgrupcam.com\/index.php\/wp-json\/wp\/v2\/pages\/2888","targetHints":{"allow":["GET"]}}],"collection":[{"href":"https:\/\/tgrupcam.com\/index.php\/wp-json\/wp\/v2\/pages"}],"about":[{"href":"https:\/\/tgrupcam.com\/index.php\/wp-json\/wp\/v2\/types\/page"}],"author":[{"embeddable":true,"href":"https:\/\/tgrupcam.com\/index.php\/wp-json\/wp\/v2\/users\/1"}],"replies":[{"embeddable":true,"href":"https:\/\/tgrupcam.com\/index.php\/wp-json\/wp\/v2\/comments?post=2888"}],"version-history":[{"count":0,"href":"https:\/\/tgrupcam.com\/index.php\/wp-json\/wp\/v2\/pages\/2888\/revisions"}],"up":[{"embeddable":true,"href":"https:\/\/tgrupcam.com\/index.php\/wp-json\/wp\/v2\/pages\/2496"}],"wp:attachment":[{"href":"https:\/\/tgrupcam.com\/index.php\/wp-json\/wp\/v2\/media?parent=2888"}],"curies":[{"name":"wp","href":"https:\/\/api.w.org\/{rel}","templated":true}]}}